{"id":9699,"date":"2022-03-26T20:20:15","date_gmt":"2022-03-26T18:20:15","guid":{"rendered":"https:\/\/cottonedshop.com\/?post_type=product&#038;p=9699"},"modified":"2024-06-27T18:58:31","modified_gmt":"2024-06-27T15:58:31","slug":"tuftad-sanggavel-stora-flikar","status":"publish","type":"product","link":"https:\/\/cottonedshop.com\/sv\/shop\/tufted-headboard-large-tabs\/","title":{"rendered":"Dynor f\u00f6r s\u00e4nggavel i ekologisk bomull"},"content":{"rendered":"<div class=\"wpb-content-wrapper\"><div  class=\"sec_row container\"><div class=\"vc_row wpb_row vc_row-fluid\"><div class=\"wpb_column vc_column_container vc_col-sm-12 et-dark-column\"><div class=\"vc_column-inner\"><div class=\"wpb_wrapper\">\t\t<div id=\"et-button-69d960437d2b8\" class=\"et_btn_align_center\">\n\t\t\t<a href=\"https:\/\/cottonedshop.com\/shop\/custom-tufted-headboard-cushion\/\" class=\"et_btn button et_btn_md solid rounded color-custom\"  role=\"button\" title=\"\" ><span>Anpassa den<\/span><\/a>\n\t\t<\/div>\n\t\t\n\t<div class=\"vc_empty_space\"   style=\"height: 20px\"><span class=\"vc_empty_space_inner\"><\/span><\/div>\n\t<div class=\"wpb_text_column wpb_content_element\" >\n\t\t<div class=\"wpb_wrapper\">\n\t\t\t<p style=\"text-align: left;\"><strong>FUNKTIONER:<\/strong><\/p>\n<ul>\n<li style=\"text-align: left;\">Dragkedja p\u00e5 undersidan s\u00e5 att du enkelt kan justera bomullen, l\u00e4gga till eller ta bort bomull vid behov.<\/li>\n<li style=\"text-align: left;\">Gratis lagningskit ing\u00e5r f\u00f6r varje bomullsfylld artikel.<\/li>\n<\/ul>\n<p>&nbsp;<\/p>\n<p><strong>FYLLNING:<\/strong> <a href=\"https:\/\/cottonedshop.com\/product\/cotton-filling\/\">100% GOTS-certifierad bomull<\/a><\/p>\n<p>&nbsp;<\/p>\n<p style=\"text-align: left;\"><strong>ALTERNATIV F\u00d6R TV\u00c4TTBART \u00d6VERDRAG MED DRAGKEDJA:<\/strong><\/p>\n<ul style=\"text-align: left;\">\n<li>100% Ekologisk bomull, kraftig, oblekt (GOTS-certifierad)<\/li>\n<li>Max bomull (100% bomull), Oeko-Tex-certifierad<\/li>\n<li>Canal (60% bomull\/40% polyester), Oeko-Tex-certifierad<\/li>\n<li>Mimos (50 % bomull\/50% polyester), Oeko-Tex-certifierad<\/li>\n<li>Bella (67% bomull\/33% linne), Oeko-Tex-certifierad<\/li>\n<li>Sammet (65% bomull\/35% polyester), Oeko-Tex-certifierad<\/li>\n<li>Vatten-\/fl\u00e4ckavvisande tyg (60% bomull\/40% polyester)<\/li>\n<li>F\u00e4rgat linne (100% Linne), Oeko-Tex-certifierat<\/li>\n<\/ul>\n<p>&nbsp;<\/p>\n<p style=\"text-align: left;\"><strong>ALTERNATIV F\u00d6R FASTS\u00c4TTNING:<\/strong><\/p>\n<ul style=\"text-align: left;\">\n<li>Med en bakficka - glider \u00f6ver s\u00e4nggaveln p\u00e5 din s\u00e4ng<\/li>\n<li>Med band - l\u00e4ngs kuddens ovansida (var 6:e-8:e tum)<\/li>\n<li>Med st\u00e5ng - dold i den \u00f6vre bakkanten (vi tillhandah\u00e5ller st\u00e5ngen)<\/li>\n<\/ul>\n<p>&nbsp;<\/p>\n<p style=\"text-align: left;\"><strong>ALTERNATIV F\u00d6R KANT<\/strong>:<\/p>\n<ul style=\"text-align: left;\">\n<li>minipipade kanter<\/li>\n<li>icke pipformade kanter<\/li>\n<\/ul>\n<p>&nbsp;<\/p>\n<p style=\"text-align: left;\"><strong>SK\u00d6TSELANVISNINGAR<\/strong><\/p>\n<p style=\"text-align: left;\">Endast fl\u00e4ckreng\u00f6ring.<\/p>\n<p>&nbsp;<\/p>\n<p style=\"text-align: left;\"><strong>VIKTIGT<\/strong><\/p>\n<p style=\"text-align: left;\">* Denna annons g\u00e4ller endast en kudde.<br \/>\n* Bomullsfyllda artiklar \u00e4r f\u00f6rem\u00e5l f\u00f6r en viss grad av komprimering.<br \/>\n* Handgjort f\u00f6rem\u00e5l, sm\u00e5 avvikelser i m\u00e5tt \u00e4r m\u00f6jliga.<\/p>\n<p>&nbsp;<\/p>\n<p style=\"text-align: left;\">Tack f\u00f6r att du tog dig tid!<\/p>\n\n\t\t<\/div>\n\t<\/div>\n\n\t<div class=\"wpb_raw_code wpb_raw_html wpb_content_element\" >\n\t\t<div class=\"wpb_wrapper\">\n\t\t\t<div class=\"klaviyo-form-SVRq2G\"><\/div>\n\t\t<\/div>\n\t<\/div>\n<\/div><\/div><\/div><\/div><\/div>\n<\/div>","protected":false},"excerpt":{"rendered":"<p style=\"text-align: left;\">Oavsett om du l\u00e4ser en bok, tittar p\u00e5 din favoritserie, g\u00e5r igenom din dagliga kalender eller bara kopplar av efter en l\u00e5ng dag, s\u00e5 har v\u00e5ra\u00a0<strong>bomullsfylld kudde f\u00f6r s\u00e4nggavel<\/strong>\u00a0ger \u00f6verl\u00e4gsen komfort och o\u00f6vertr\u00e4ffad mysighet.<\/p>\n<p style=\"text-align: left;\">Tillverkad av\u00a0<strong>h\u00e5llbara material av h\u00f6g kvalitet<\/strong>\u00a0och\u00a0<strong>fyllning av renaste bomull<\/strong>kuddarna till s\u00e4nggaveln \u00e4r\u00a0<strong>allergiv\u00e4nlig, extremt god andningsf\u00f6rm\u00e5ga, milj\u00f6v\u00e4nlig<\/strong>, och\u00a0<strong>giftfri<\/strong>.<\/p>\n<p style=\"text-align: left;\">V\u00e4lj fr\u00e5n en\u00a0<strong>brett utbud av tyger, f\u00e4rger<\/strong>V\u00e4lj bland storlekar, former och ytbehandlingar f\u00f6r att skapa en s\u00e4nggavel som kompletterar din heminredning och \u00e5terspeglar din unika smak.<\/p>\n<ul>\n<li style=\"text-align: left;\">100%\u00a0<strong>ekologisk bomull<\/strong>\u00a0fyllning inuti.<\/li>\n<li style=\"text-align: left;\"><strong>Tillverkad p\u00e5 best\u00e4llning<\/strong>\u00a0f\u00f6r att passa dina preferenser.<\/li>\n<li style=\"text-align: left;\"><strong>Naturligt alternativ<\/strong>\u00a0till skumkuddar.<\/li>\n<li style=\"text-align: left;\"><strong>Begr\u00e4nsa<\/strong>\u00a0exponering f\u00f6r\u00a0<strong>farliga VOC<\/strong>\u00a0i ditt hem.<\/li>\n<li style=\"text-align: left;\">Gratis\u00a0<strong>lagningssats<\/strong>\u00a0ing\u00e5r.<\/li>\n<li style=\"text-align: left;\">Alla\u00a0<strong>skatter<\/strong>\u00a0och\u00a0<strong>Arbetsuppgifter<\/strong>\u00a0\u00e4r\u00a0<strong>ing\u00e5r<\/strong>.<\/li>\n<li><strong>Fri leverans<\/strong>\u00a0till din d\u00f6rr.<\/li>\n<\/ul>","protected":false},"featured_media":9989,"comment_status":"open","ping_status":"closed","template":"","meta":[],"product_brand":[],"product_cat":[402],"product_tag":[165,413,166,167,168,169,170,171],"class_list":{"0":"post-9699","1":"product","2":"type-product","3":"status-publish","4":"has-post-thumbnail","6":"product_cat-headboards","7":"product_tag-bed-headrest-pillow","8":"product_tag-buttoned-headboard","9":"product_tag-cushions-for-headboards","10":"product_tag-headboard-cover","11":"product_tag-headboard-cushion-design","12":"product_tag-headboard-cushion-wall-pillow","13":"product_tag-headboard-cushion-with-ties","14":"product_tag-tufted-headboard-cushion","16":"first","17":"instock","18":"shipping-taxable","19":"product-type-external"},"yoast_head":"<!-- This site is optimized with the Yoast SEO plugin v27.3 - https:\/\/yoast.com\/product\/yoast-seo-wordpress\/ -->\n<title>Custom Organic Cotton Tufted Headboard Cushion | Cottoned<\/title>\n<meta name=\"description\" content=\"Our s tufted headboard cushion is handmade, hand-tufted and filled with organic cotton stuffing. Custom sizes available on request.\" \/>\n<meta name=\"robots\" content=\"index, follow, max-snippet:-1, max-image-preview:large, max-video-preview:-1\" \/>\n<link rel=\"canonical\" href=\"https:\/\/cottonedshop.com\/sv\/butik\/tuftad-sanggavel-stora-flikar\/\" \/>\n<meta property=\"og:locale\" content=\"sv_SE\" \/>\n<meta property=\"og:type\" content=\"article\" \/>\n<meta property=\"og:title\" content=\"Custom Organic Cotton Tufted Headboard Cushion | Cottoned\" \/>\n<meta property=\"og:description\" content=\"Our s tufted headboard cushion is handmade, hand-tufted and filled with organic cotton stuffing. Custom sizes available on request.\" \/>\n<meta property=\"og:url\" content=\"https:\/\/cottonedshop.com\/sv\/butik\/tuftad-sanggavel-stora-flikar\/\" \/>\n<meta property=\"og:site_name\" content=\"Cottoned Shop\" \/>\n<meta property=\"article:modified_time\" content=\"2024-06-27T15:58:31+00:00\" \/>\n<meta property=\"og:image\" content=\"https:\/\/cottonedshop.com\/wp-content\/uploads\/2022\/03\/Cottoned-Tufted-Headboard-Cushion-with-large-tabs.jpg\" \/>\n\t<meta property=\"og:image:width\" content=\"1300\" \/>\n\t<meta property=\"og:image:height\" content=\"1040\" \/>\n\t<meta property=\"og:image:type\" content=\"image\/jpeg\" \/>\n<meta name=\"twitter:card\" content=\"summary_large_image\" \/>\n<meta name=\"twitter:label1\" content=\"Ber\u00e4knad l\u00e4stid\" \/>\n\t<meta name=\"twitter:data1\" content=\"1 minut\" \/>\n<script type=\"application\/ld+json\" class=\"yoast-schema-graph\">{\"@context\":\"https:\\\/\\\/schema.org\",\"@graph\":[{\"@type\":\"WebPage\",\"@id\":\"https:\\\/\\\/cottonedshop.com\\\/shop\\\/tufted-headboard-large-tabs\\\/\",\"url\":\"https:\\\/\\\/cottonedshop.com\\\/shop\\\/tufted-headboard-large-tabs\\\/\",\"name\":\"Custom Organic Cotton Tufted Headboard Cushion | Cottoned\",\"isPartOf\":{\"@id\":\"https:\\\/\\\/cottonedshop.com\\\/#website\"},\"primaryImageOfPage\":{\"@id\":\"https:\\\/\\\/cottonedshop.com\\\/shop\\\/tufted-headboard-large-tabs\\\/#primaryimage\"},\"image\":{\"@id\":\"https:\\\/\\\/cottonedshop.com\\\/shop\\\/tufted-headboard-large-tabs\\\/#primaryimage\"},\"thumbnailUrl\":\"https:\\\/\\\/cottonedshop.com\\\/wp-content\\\/uploads\\\/2022\\\/03\\\/Cottoned-Tufted-Headboard-Cushion-with-large-tabs.jpg\",\"datePublished\":\"2022-03-26T18:20:15+00:00\",\"dateModified\":\"2024-06-27T15:58:31+00:00\",\"description\":\"Our s tufted headboard cushion is handmade, hand-tufted and filled with organic cotton stuffing. Custom sizes available on request.\",\"breadcrumb\":{\"@id\":\"https:\\\/\\\/cottonedshop.com\\\/shop\\\/tufted-headboard-large-tabs\\\/#breadcrumb\"},\"inLanguage\":\"sv-SE\",\"potentialAction\":[{\"@type\":\"ReadAction\",\"target\":[\"https:\\\/\\\/cottonedshop.com\\\/shop\\\/tufted-headboard-large-tabs\\\/\"]}]},{\"@type\":\"ImageObject\",\"inLanguage\":\"sv-SE\",\"@id\":\"https:\\\/\\\/cottonedshop.com\\\/shop\\\/tufted-headboard-large-tabs\\\/#primaryimage\",\"url\":\"https:\\\/\\\/cottonedshop.com\\\/wp-content\\\/uploads\\\/2022\\\/03\\\/Cottoned-Tufted-Headboard-Cushion-with-large-tabs.jpg\",\"contentUrl\":\"https:\\\/\\\/cottonedshop.com\\\/wp-content\\\/uploads\\\/2022\\\/03\\\/Cottoned-Tufted-Headboard-Cushion-with-large-tabs.jpg\",\"width\":1300,\"height\":1040},{\"@type\":\"BreadcrumbList\",\"@id\":\"https:\\\/\\\/cottonedshop.com\\\/shop\\\/tufted-headboard-large-tabs\\\/#breadcrumb\",\"itemListElement\":[{\"@type\":\"ListItem\",\"position\":1,\"name\":\"Home\",\"item\":\"https:\\\/\\\/cottonedshop.com\\\/\"},{\"@type\":\"ListItem\",\"position\":2,\"name\":\"Shop\",\"item\":\"https:\\\/\\\/cottonedshop.com\\\/shop\\\/\"},{\"@type\":\"ListItem\",\"position\":3,\"name\":\"Custom Organic Cotton Tufted Headboard Cushion\"}]},{\"@type\":\"WebSite\",\"@id\":\"https:\\\/\\\/cottonedshop.com\\\/#website\",\"url\":\"https:\\\/\\\/cottonedshop.com\\\/\",\"name\":\"Cottoned Shop\",\"description\":\"\",\"publisher\":{\"@id\":\"https:\\\/\\\/cottonedshop.com\\\/#organization\"},\"potentialAction\":[{\"@type\":\"SearchAction\",\"target\":{\"@type\":\"EntryPoint\",\"urlTemplate\":\"https:\\\/\\\/cottonedshop.com\\\/?s={search_term_string}\"},\"query-input\":{\"@type\":\"PropertyValueSpecification\",\"valueRequired\":true,\"valueName\":\"search_term_string\"}}],\"inLanguage\":\"sv-SE\"},{\"@type\":\"Organization\",\"@id\":\"https:\\\/\\\/cottonedshop.com\\\/#organization\",\"name\":\"Cottoned\",\"url\":\"https:\\\/\\\/cottonedshop.com\\\/\",\"logo\":{\"@type\":\"ImageObject\",\"inLanguage\":\"sv-SE\",\"@id\":\"https:\\\/\\\/cottonedshop.com\\\/#\\\/schema\\\/logo\\\/image\\\/\",\"url\":\"https:\\\/\\\/cottonedshop.com\\\/wp-content\\\/uploads\\\/2021\\\/02\\\/cottoned-logo-large.png\",\"contentUrl\":\"https:\\\/\\\/cottonedshop.com\\\/wp-content\\\/uploads\\\/2021\\\/02\\\/cottoned-logo-large.png\",\"width\":1548,\"height\":1548,\"caption\":\"Cottoned\"},\"image\":{\"@id\":\"https:\\\/\\\/cottonedshop.com\\\/#\\\/schema\\\/logo\\\/image\\\/\"}}]}<\/script>\n<!-- \/ Yoast SEO plugin. -->","yoast_head_json":{"title":"Kudde f\u00f6r s\u00e4nggavel i tuftad ekologisk bomull, anpassad","description":"Our s tufted headboard cushion is handmade, hand-tufted and filled with organic cotton stuffing. Custom sizes available on request.","robots":{"index":"index","follow":"follow","max-snippet":"max-snippet:-1","max-image-preview":"max-image-preview:large","max-video-preview":"max-video-preview:-1"},"canonical":"https:\/\/cottonedshop.com\/sv\/butik\/tuftad-sanggavel-stora-flikar\/","og_locale":"sv_SE","og_type":"article","og_title":"Custom Organic Cotton Tufted Headboard Cushion | Cottoned","og_description":"Our s tufted headboard cushion is handmade, hand-tufted and filled with organic cotton stuffing. Custom sizes available on request.","og_url":"https:\/\/cottonedshop.com\/sv\/butik\/tuftad-sanggavel-stora-flikar\/","og_site_name":"Cottoned Shop","article_modified_time":"2024-06-27T15:58:31+00:00","og_image":[{"width":1300,"height":1040,"url":"https:\/\/cottonedshop.com\/wp-content\/uploads\/2022\/03\/Cottoned-Tufted-Headboard-Cushion-with-large-tabs.jpg","type":"image\/jpeg"}],"twitter_card":"summary_large_image","twitter_misc":{"Ber\u00e4knad l\u00e4stid":"1 minut"},"schema":{"@context":"https:\/\/schema.org","@graph":[{"@type":"WebPage","@id":"https:\/\/cottonedshop.com\/shop\/tufted-headboard-large-tabs\/","url":"https:\/\/cottonedshop.com\/shop\/tufted-headboard-large-tabs\/","name":"Kudde f\u00f6r s\u00e4nggavel i tuftad ekologisk bomull, anpassad","isPartOf":{"@id":"https:\/\/cottonedshop.com\/#website"},"primaryImageOfPage":{"@id":"https:\/\/cottonedshop.com\/shop\/tufted-headboard-large-tabs\/#primaryimage"},"image":{"@id":"https:\/\/cottonedshop.com\/shop\/tufted-headboard-large-tabs\/#primaryimage"},"thumbnailUrl":"https:\/\/cottonedshop.com\/wp-content\/uploads\/2022\/03\/Cottoned-Tufted-Headboard-Cushion-with-large-tabs.jpg","datePublished":"2022-03-26T18:20:15+00:00","dateModified":"2024-06-27T15:58:31+00:00","description":"Our s tufted headboard cushion is handmade, hand-tufted and filled with organic cotton stuffing. Custom sizes available on request.","breadcrumb":{"@id":"https:\/\/cottonedshop.com\/shop\/tufted-headboard-large-tabs\/#breadcrumb"},"inLanguage":"sv-SE","potentialAction":[{"@type":"ReadAction","target":["https:\/\/cottonedshop.com\/shop\/tufted-headboard-large-tabs\/"]}]},{"@type":"ImageObject","inLanguage":"sv-SE","@id":"https:\/\/cottonedshop.com\/shop\/tufted-headboard-large-tabs\/#primaryimage","url":"https:\/\/cottonedshop.com\/wp-content\/uploads\/2022\/03\/Cottoned-Tufted-Headboard-Cushion-with-large-tabs.jpg","contentUrl":"https:\/\/cottonedshop.com\/wp-content\/uploads\/2022\/03\/Cottoned-Tufted-Headboard-Cushion-with-large-tabs.jpg","width":1300,"height":1040},{"@type":"BreadcrumbList","@id":"https:\/\/cottonedshop.com\/shop\/tufted-headboard-large-tabs\/#breadcrumb","itemListElement":[{"@type":"ListItem","position":1,"name":"Home","item":"https:\/\/cottonedshop.com\/"},{"@type":"ListItem","position":2,"name":"Shop","item":"https:\/\/cottonedshop.com\/shop\/"},{"@type":"ListItem","position":3,"name":"Custom Organic Cotton Tufted Headboard Cushion"}]},{"@type":"WebSite","@id":"https:\/\/cottonedshop.com\/#website","url":"https:\/\/cottonedshop.com\/","name":"Bomullsbutik","description":"","publisher":{"@id":"https:\/\/cottonedshop.com\/#organization"},"potentialAction":[{"@type":"SearchAction","target":{"@type":"EntryPoint","urlTemplate":"https:\/\/cottonedshop.com\/?s={search_term_string}"},"query-input":{"@type":"PropertyValueSpecification","valueRequired":true,"valueName":"search_term_string"}}],"inLanguage":"sv-SE"},{"@type":"Organization","@id":"https:\/\/cottonedshop.com\/#organization","name":"Bomull","url":"https:\/\/cottonedshop.com\/","logo":{"@type":"ImageObject","inLanguage":"sv-SE","@id":"https:\/\/cottonedshop.com\/#\/schema\/logo\/image\/","url":"https:\/\/cottonedshop.com\/wp-content\/uploads\/2021\/02\/cottoned-logo-large.png","contentUrl":"https:\/\/cottonedshop.com\/wp-content\/uploads\/2021\/02\/cottoned-logo-large.png","width":1548,"height":1548,"caption":"Cottoned"},"image":{"@id":"https:\/\/cottonedshop.com\/#\/schema\/logo\/image\/"}}]}},"_links":{"self":[{"href":"https:\/\/cottonedshop.com\/sv\/wp-json\/wp\/v2\/product\/9699","targetHints":{"allow":["GET"]}}],"collection":[{"href":"https:\/\/cottonedshop.com\/sv\/wp-json\/wp\/v2\/product"}],"about":[{"href":"https:\/\/cottonedshop.com\/sv\/wp-json\/wp\/v2\/types\/product"}],"replies":[{"embeddable":true,"href":"https:\/\/cottonedshop.com\/sv\/wp-json\/wp\/v2\/comments?post=9699"}],"wp:featuredmedia":[{"embeddable":true,"href":"https:\/\/cottonedshop.com\/sv\/wp-json\/wp\/v2\/media\/9989"}],"wp:attachment":[{"href":"https:\/\/cottonedshop.com\/sv\/wp-json\/wp\/v2\/media?parent=9699"}],"wp:term":[{"taxonomy":"product_brand","embeddable":true,"href":"https:\/\/cottonedshop.com\/sv\/wp-json\/wp\/v2\/product_brand?post=9699"},{"taxonomy":"product_cat","embeddable":true,"href":"https:\/\/cottonedshop.com\/sv\/wp-json\/wp\/v2\/product_cat?post=9699"},{"taxonomy":"product_tag","embeddable":true,"href":"https:\/\/cottonedshop.com\/sv\/wp-json\/wp\/v2\/product_tag?post=9699"}],"curies":[{"name":"wp","href":"https:\/\/api.w.org\/{rel}","templated":true}]}}