{"id":9132,"date":"2022-02-23T22:05:42","date_gmt":"2022-02-23T20:05:42","guid":{"rendered":"https:\/\/cottonedshop.com\/?post_type=product&#038;p=9132"},"modified":"2025-03-05T16:00:36","modified_gmt":"2025-03-05T14:00:36","slug":"kudde-for-husdjur","status":"publish","type":"product","link":"https:\/\/cottonedshop.com\/sv\/shop\/pet-cushion\/","title":{"rendered":"Kudde f\u00f6r husdjur i ekologisk bomull med tryck"},"content":{"rendered":"<div class=\"wpb-content-wrapper\"><div  class=\"sec_row container\"><div class=\"vc_row wpb_row vc_row-fluid\"><div class=\"wpb_column vc_column_container vc_col-sm-12 et-dark-column\"><div class=\"vc_column-inner\"><div class=\"wpb_wrapper\">\n\t<div class=\"wpb_text_column wpb_content_element\" >\n\t\t<div class=\"wpb_wrapper\">\n\t\t\t<p style=\"text-align: left;\"><strong>SK\u00d6TSELANVISNINGAR<\/strong><\/p>\n<p style=\"text-align: left;\">Ytterh\u00f6ljet kan maskintv\u00e4ttas p\u00e5 skonsamt s\u00e4tt med milt tv\u00e4ttmedel. St\u00e4ng blixtl\u00e5set f\u00f6r tv\u00e4tt.<\/p>\n<p style=\"text-align: left;\"><strong>VIKTIGT<\/strong><\/p>\n<p style=\"text-align: left;\">* Denna annons g\u00e4ller endast en kudde.<br \/>\n* Bomullsfyllda artiklar \u00e4r f\u00f6rem\u00e5l f\u00f6r en viss grad av komprimering.<br \/>\n* Handgjort f\u00f6rem\u00e5l, en liten avvikelse i m\u00e5tten \u00e4r m\u00f6jlig.<\/p>\n<h3 style=\"text-align: center;\">Relaterade produkter<\/h3>\n<p style=\"text-align: left;\">\n\n\t\t<\/div>\n\t<\/div>\n<div class=\"vc_row wpb_row vc_inner vc_row-fluid max_width\"><div class=\"wpb_column vc_column_container vc_col-sm-4 et-dark-column\"><div class=\"vc_column-inner\"><div class=\"wpb_wrapper\">\n\t<div  class=\"wpb_single_image wpb_content_element vc_align_left wpb_content_element\">\n\t\t\n\t\t<figure class=\"wpb_wrapper vc_figure\">\n\t\t\t<a href=\"https:\/\/cottonedshop.com\/shop\/throw-pillow\/\" target=\"_self\" class=\"vc_single_image-wrapper   vc_box_border_grey\"><img decoding=\"async\" width=\"1024\" height=\"819\" data-src=\"https:\/\/cottonedshop.com\/wp-content\/uploads\/2018\/04\/Cottoned-throw-pillow-with-velvet-cover-and-organic-cotton-filling-1024x819.jpg\" class=\"vc_single_image-img attachment-large lazyload\" alt=\"Kudde i bomull med sammets\u00f6verdrag och fyllning i ekologisk bomull\" title=\"Kudde i bomull med sammets\u00f6verdrag och fyllning i ekologisk bomull\" data-srcset=\"https:\/\/cottonedshop.com\/wp-content\/uploads\/2018\/04\/Cottoned-throw-pillow-with-velvet-cover-and-organic-cotton-filling-1024x819.jpg 1024w, https:\/\/cottonedshop.com\/wp-content\/uploads\/2018\/04\/Cottoned-throw-pillow-with-velvet-cover-and-organic-cotton-filling-600x480.jpg 600w, https:\/\/cottonedshop.com\/wp-content\/uploads\/2018\/04\/Cottoned-throw-pillow-with-velvet-cover-and-organic-cotton-filling-900x720.jpg 900w, https:\/\/cottonedshop.com\/wp-content\/uploads\/2018\/04\/Cottoned-throw-pillow-with-velvet-cover-and-organic-cotton-filling-300x240.jpg 300w, https:\/\/cottonedshop.com\/wp-content\/uploads\/2018\/04\/Cottoned-throw-pillow-with-velvet-cover-and-organic-cotton-filling-768x614.jpg 768w, https:\/\/cottonedshop.com\/wp-content\/uploads\/2018\/04\/Cottoned-throw-pillow-with-velvet-cover-and-organic-cotton-filling-150x120.jpg 150w, https:\/\/cottonedshop.com\/wp-content\/uploads\/2018\/04\/Cottoned-throw-pillow-with-velvet-cover-and-organic-cotton-filling.jpg 1300w\" data-sizes=\"(max-width: 1024px) 100vw, 1024px\" src=\"data:image\/svg+xml;base64,PHN2ZyB3aWR0aD0iMSIgaGVpZ2h0PSIxIiB4bWxucz0iaHR0cDovL3d3dy53My5vcmcvMjAwMC9zdmciPjwvc3ZnPg==\" style=\"--smush-placeholder-width: 1024px; --smush-placeholder-aspect-ratio: 1024\/819;\" \/><\/a>\n\t\t<\/figure>\n\t<\/div>\n\n\t<div class=\"wpb_text_column wpb_content_element\" >\n\t\t<div class=\"wpb_wrapper\">\n\t\t\t<p style=\"text-align: center;\"><a href=\"https:\/\/cottonedshop.com\/shop\/throw-pillow\/\">Kudde i ekologisk bomull med tryck<\/a><\/p>\n\n\t\t<\/div>\n\t<\/div>\n<\/div><\/div><\/div><div class=\"wpb_column vc_column_container vc_col-sm-4 et-dark-column\"><div class=\"vc_column-inner\"><div class=\"wpb_wrapper\">\n\t<div  class=\"wpb_single_image wpb_content_element vc_align_left wpb_content_element\">\n\t\t\n\t\t<figure class=\"wpb_wrapper vc_figure\">\n\t\t\t<a href=\"https:\/\/cottonedshop.com\/shop\/custom-zip-off-cover\/\" target=\"_self\" class=\"vc_single_image-wrapper   vc_box_border_grey\"><img decoding=\"async\" width=\"500\" height=\"400\" data-src=\"https:\/\/cottonedshop.com\/wp-content\/uploads\/2022\/02\/Cottoned-Custom-zip-off-cover.jpg\" class=\"vc_single_image-img attachment-large lazyload\" alt=\"Bomulls\u00f6verdrag med anpassad dragkedja\" title=\"Bomulls\u00f6verdrag med anpassad dragkedja\" data-srcset=\"https:\/\/cottonedshop.com\/wp-content\/uploads\/2022\/02\/Cottoned-Custom-zip-off-cover.jpg 500w, https:\/\/cottonedshop.com\/wp-content\/uploads\/2022\/02\/Cottoned-Custom-zip-off-cover-300x240.jpg 300w, https:\/\/cottonedshop.com\/wp-content\/uploads\/2022\/02\/Cottoned-Custom-zip-off-cover-150x120.jpg 150w\" data-sizes=\"(max-width: 500px) 100vw, 500px\" src=\"data:image\/svg+xml;base64,PHN2ZyB3aWR0aD0iMSIgaGVpZ2h0PSIxIiB4bWxucz0iaHR0cDovL3d3dy53My5vcmcvMjAwMC9zdmciPjwvc3ZnPg==\" style=\"--smush-placeholder-width: 500px; --smush-placeholder-aspect-ratio: 500\/400;\" \/><\/a>\n\t\t<\/figure>\n\t<\/div>\n\n\t<div class=\"wpb_text_column wpb_content_element\" >\n\t\t<div class=\"wpb_wrapper\">\n\t\t\t<p style=\"text-align: center;\"><a href=\"https:\/\/cottonedshop.com\/shop\/custom-zip-off-cover\/\">Anpassat skydd med dragkedja<\/a><\/p>\n<p style=\"text-align: left;\">\n\n\t\t<\/div>\n\t<\/div>\n<\/div><\/div><\/div><div class=\"wpb_column vc_column_container vc_col-sm-4 et-dark-column\"><div class=\"vc_column-inner\"><div class=\"wpb_wrapper\">\n\t<div  class=\"wpb_single_image wpb_content_element vc_align_center wpb_content_element\">\n\t\t\n\t\t<figure class=\"wpb_wrapper vc_figure\">\n\t\t\t<a href=\"https:\/\/cottonedshop.com\/shop\/tufted-round-pouf\/\" target=\"_self\" class=\"vc_single_image-wrapper   vc_box_border_grey\"><img decoding=\"async\" width=\"1024\" height=\"819\" data-src=\"https:\/\/cottonedshop.com\/wp-content\/uploads\/2021\/10\/Cottoned-Tufted-Round-Pouf-Table-1024x819.jpg\" class=\"vc_single_image-img attachment-large lazyload\" alt=\"Bomullstuftad rund puff bord\" title=\"Bomullstuftad rund puff bord\" data-srcset=\"https:\/\/cottonedshop.com\/wp-content\/uploads\/2021\/10\/Cottoned-Tufted-Round-Pouf-Table-1024x819.jpg 1024w, https:\/\/cottonedshop.com\/wp-content\/uploads\/2021\/10\/Cottoned-Tufted-Round-Pouf-Table-600x480.jpg 600w, https:\/\/cottonedshop.com\/wp-content\/uploads\/2021\/10\/Cottoned-Tufted-Round-Pouf-Table-900x720.jpg 900w, https:\/\/cottonedshop.com\/wp-content\/uploads\/2021\/10\/Cottoned-Tufted-Round-Pouf-Table-300x240.jpg 300w, https:\/\/cottonedshop.com\/wp-content\/uploads\/2021\/10\/Cottoned-Tufted-Round-Pouf-Table-768x614.jpg 768w, https:\/\/cottonedshop.com\/wp-content\/uploads\/2021\/10\/Cottoned-Tufted-Round-Pouf-Table-150x120.jpg 150w, https:\/\/cottonedshop.com\/wp-content\/uploads\/2021\/10\/Cottoned-Tufted-Round-Pouf-Table.jpg 1300w\" data-sizes=\"(max-width: 1024px) 100vw, 1024px\" src=\"data:image\/svg+xml;base64,PHN2ZyB3aWR0aD0iMSIgaGVpZ2h0PSIxIiB4bWxucz0iaHR0cDovL3d3dy53My5vcmcvMjAwMC9zdmciPjwvc3ZnPg==\" style=\"--smush-placeholder-width: 1024px; --smush-placeholder-aspect-ratio: 1024\/819;\" \/><\/a>\n\t\t<\/figure>\n\t<\/div>\n\n\t<div class=\"wpb_text_column wpb_content_element\" >\n\t\t<div class=\"wpb_wrapper\">\n\t\t\t<p style=\"text-align: center;\"><a href=\"https:\/\/cottonedshop.com\/shop\/tufted-round-pouf\/\">Anpassad ekologisk bomull tuftad rund puff bord<\/a><\/p>\n\n\t\t<\/div>\n\t<\/div>\n<\/div><\/div><\/div><\/div><\/div><\/div><\/div><\/div><\/div>\n<\/div>","protected":false},"excerpt":{"rendered":"<p style=\"text-align: left;\">[et_button title=\"Configure &amp; Buy\" style=\"solid rounded\" color=\"custom\" align=\"center\" color_custom=\"#F07D7D\" text_color_custom=\"#ffffff\" link=\"url:%23configurator\"]<\/p>\n<p style=\"text-align: left;\">Create a comfy and healthy environment for your furry friend to flourish in with this cotton-filled pet cushion.\u00a0Crafted from <strong>high-quality, durable materials,<\/strong> and <strong>the purest cotton filling<\/strong>, our <strong>pet beds<\/strong> are<strong> hypoallergenic, extremely breathable, eco-friendly<\/strong>, and <strong>toxic-free<\/strong>.<\/p>\n<ul>\n<li style=\"text-align: left;\">100% <strong>organic cotton<\/strong> filling inside.<\/li>\n<li style=\"text-align: left;\"><strong>Made-to-order<\/strong> to fit your preferences.<\/li>\n<li style=\"text-align: left;\"><strong>Natural alternative<\/strong> to foam pet beds.<\/li>\n<li style=\"text-align: left;\">Washable removable covers.<\/li>\n<li style=\"text-align: left;\"><strong>Limit<\/strong> exposure to <strong>dangerous VOCs<\/strong> in your home.<\/li>\n<li style=\"text-align: left;\">Complimentary <strong>m<\/strong><strong>ending kit<\/strong> included.<\/li>\n<li id=\"configurator\" style=\"text-align: left;\">All <strong>taxes<\/strong> and <strong>duties<\/strong> are <strong>included<\/strong>.<\/li>\n<\/ul>\n<p style=\"text-align: left;\">[vc_tta_accordion c_icon=\"chevron\" active_section=\"0\" collapsible_all=\"true\"][vc_tta_section title=\"FEATURES\" tab_id=\"1687358360875-d101a30a-375a\"][vc_column_text]<\/p>\n<ul style=\"text-align: left;\">\n<li style=\"text-align: left;\">Insert made of 100% Organic cotton (lightweight).<\/li>\n<li style=\"text-align: left;\">Removable washable outer cover.<\/li>\n<li style=\"text-align: left;\">Zipper to easily adjust, add or remove filling if needed.<\/li>\n<\/ul>\n<p style=\"text-align: left;\">[\/vc_column_text][\/vc_tta_section][\/vc_tta_accordion]<\/p>\n","protected":false},"featured_media":1370,"comment_status":"open","ping_status":"closed","template":"","meta":[],"product_brand":[],"product_cat":[88],"product_tag":[175,184,176,185,177,178,186,180,187,181,182],"class_list":{"0":"post-9132","1":"product","2":"type-product","3":"status-publish","4":"has-post-thumbnail","6":"product_cat-pet-beds","7":"product_tag-cat-beds","8":"product_tag-cooling-puppy-bed","9":"product_tag-custom-pet-bed","10":"product_tag-dog-mat","11":"product_tag-kitten-bed","12":"product_tag-large-dog-beds","13":"product_tag-organic-pet-bed","14":"product_tag-organic-pet-bedding","15":"product_tag-pet-mat","16":"product_tag-puppy-mattress","17":"product_tag-small-dog-beds","19":"first","20":"instock","21":"shipping-taxable","22":"purchasable","23":"product-type-simple"},"yoast_head":"<!-- This site is optimized with the Yoast SEO plugin v27.3 - https:\/\/yoast.com\/product\/yoast-seo-wordpress\/ -->\n<title>Custom Organic Cotton Pet Cushion | Safe &amp; Comfortable<\/title>\n<meta name=\"description\" content=\"Treat your pet to unmatched comfort with our custom pet cushion. GOTS-certified organic cotton filling. Tailored to your pet\u2019s needs for optimal comfort.\" \/>\n<meta name=\"robots\" content=\"index, follow, max-snippet:-1, max-image-preview:large, max-video-preview:-1\" \/>\n<link rel=\"canonical\" href=\"https:\/\/cottonedshop.com\/sv\/butik\/kudde-for-husdjur\/\" \/>\n<meta property=\"og:locale\" content=\"sv_SE\" \/>\n<meta property=\"og:type\" content=\"article\" \/>\n<meta property=\"og:title\" content=\"Custom Organic Cotton Pet Cushion | Safe &amp; Comfortable\" \/>\n<meta property=\"og:description\" content=\"Treat your pet to unmatched comfort with our custom pet cushion. GOTS-certified organic cotton filling. Tailored to your pet\u2019s needs for optimal comfort.\" \/>\n<meta property=\"og:url\" content=\"https:\/\/cottonedshop.com\/sv\/butik\/kudde-for-husdjur\/\" \/>\n<meta property=\"og:site_name\" content=\"Cottoned Shop\" \/>\n<meta property=\"article:modified_time\" content=\"2025-03-05T14:00:36+00:00\" \/>\n<meta property=\"og:image\" content=\"https:\/\/cottonedshop.com\/wp-content\/uploads\/2019\/11\/Cottoned-pillow-like-pet-bed-filled-with-organic-cotton.jpg\" \/>\n\t<meta property=\"og:image:width\" content=\"1300\" \/>\n\t<meta property=\"og:image:height\" content=\"1040\" \/>\n\t<meta property=\"og:image:type\" content=\"image\/jpeg\" \/>\n<meta name=\"twitter:card\" content=\"summary_large_image\" \/>\n<meta name=\"twitter:label1\" content=\"Ber\u00e4knad l\u00e4stid\" \/>\n\t<meta name=\"twitter:data1\" content=\"1 minut\" \/>\n<script type=\"application\/ld+json\" class=\"yoast-schema-graph\">{\"@context\":\"https:\\\/\\\/schema.org\",\"@graph\":[{\"@type\":\"WebPage\",\"@id\":\"https:\\\/\\\/cottonedshop.com\\\/shop\\\/pet-cushion\\\/\",\"url\":\"https:\\\/\\\/cottonedshop.com\\\/shop\\\/pet-cushion\\\/\",\"name\":\"Custom Organic Cotton Pet Cushion | Safe & Comfortable\",\"isPartOf\":{\"@id\":\"https:\\\/\\\/cottonedshop.com\\\/#website\"},\"primaryImageOfPage\":{\"@id\":\"https:\\\/\\\/cottonedshop.com\\\/shop\\\/pet-cushion\\\/#primaryimage\"},\"image\":{\"@id\":\"https:\\\/\\\/cottonedshop.com\\\/shop\\\/pet-cushion\\\/#primaryimage\"},\"thumbnailUrl\":\"https:\\\/\\\/cottonedshop.com\\\/wp-content\\\/uploads\\\/2019\\\/11\\\/Cottoned-pillow-like-pet-bed-filled-with-organic-cotton.jpg\",\"datePublished\":\"2022-02-23T20:05:42+00:00\",\"dateModified\":\"2025-03-05T14:00:36+00:00\",\"description\":\"Treat your pet to unmatched comfort with our custom pet cushion. GOTS-certified organic cotton filling. Tailored to your pet\u2019s needs for optimal comfort.\",\"breadcrumb\":{\"@id\":\"https:\\\/\\\/cottonedshop.com\\\/shop\\\/pet-cushion\\\/#breadcrumb\"},\"inLanguage\":\"sv-SE\",\"potentialAction\":[{\"@type\":\"ReadAction\",\"target\":[\"https:\\\/\\\/cottonedshop.com\\\/shop\\\/pet-cushion\\\/\"]}]},{\"@type\":\"ImageObject\",\"inLanguage\":\"sv-SE\",\"@id\":\"https:\\\/\\\/cottonedshop.com\\\/shop\\\/pet-cushion\\\/#primaryimage\",\"url\":\"https:\\\/\\\/cottonedshop.com\\\/wp-content\\\/uploads\\\/2019\\\/11\\\/Cottoned-pillow-like-pet-bed-filled-with-organic-cotton.jpg\",\"contentUrl\":\"https:\\\/\\\/cottonedshop.com\\\/wp-content\\\/uploads\\\/2019\\\/11\\\/Cottoned-pillow-like-pet-bed-filled-with-organic-cotton.jpg\",\"width\":1300,\"height\":1040,\"caption\":\"Cottoned-pillow-like-pet-bed-filled-with-organic-cotton\"},{\"@type\":\"BreadcrumbList\",\"@id\":\"https:\\\/\\\/cottonedshop.com\\\/shop\\\/pet-cushion\\\/#breadcrumb\",\"itemListElement\":[{\"@type\":\"ListItem\",\"position\":1,\"name\":\"Home\",\"item\":\"https:\\\/\\\/cottonedshop.com\\\/\"},{\"@type\":\"ListItem\",\"position\":2,\"name\":\"Shop\",\"item\":\"https:\\\/\\\/cottonedshop.com\\\/shop\\\/\"},{\"@type\":\"ListItem\",\"position\":3,\"name\":\"Custom Organic Cotton Pet Cushion\"}]},{\"@type\":\"WebSite\",\"@id\":\"https:\\\/\\\/cottonedshop.com\\\/#website\",\"url\":\"https:\\\/\\\/cottonedshop.com\\\/\",\"name\":\"Cottoned Shop\",\"description\":\"\",\"publisher\":{\"@id\":\"https:\\\/\\\/cottonedshop.com\\\/#organization\"},\"potentialAction\":[{\"@type\":\"SearchAction\",\"target\":{\"@type\":\"EntryPoint\",\"urlTemplate\":\"https:\\\/\\\/cottonedshop.com\\\/?s={search_term_string}\"},\"query-input\":{\"@type\":\"PropertyValueSpecification\",\"valueRequired\":true,\"valueName\":\"search_term_string\"}}],\"inLanguage\":\"sv-SE\"},{\"@type\":\"Organization\",\"@id\":\"https:\\\/\\\/cottonedshop.com\\\/#organization\",\"name\":\"Cottoned\",\"url\":\"https:\\\/\\\/cottonedshop.com\\\/\",\"logo\":{\"@type\":\"ImageObject\",\"inLanguage\":\"sv-SE\",\"@id\":\"https:\\\/\\\/cottonedshop.com\\\/#\\\/schema\\\/logo\\\/image\\\/\",\"url\":\"https:\\\/\\\/cottonedshop.com\\\/wp-content\\\/uploads\\\/2021\\\/02\\\/cottoned-logo-large.png\",\"contentUrl\":\"https:\\\/\\\/cottonedshop.com\\\/wp-content\\\/uploads\\\/2021\\\/02\\\/cottoned-logo-large.png\",\"width\":1548,\"height\":1548,\"caption\":\"Cottoned\"},\"image\":{\"@id\":\"https:\\\/\\\/cottonedshop.com\\\/#\\\/schema\\\/logo\\\/image\\\/\"}}]}<\/script>\n<!-- \/ Yoast SEO plugin. -->","yoast_head_json":{"title":"Custom Organic Cotton Pet Cushion | Safe & Comfortable","description":"Treat your pet to unmatched comfort with our custom pet cushion. GOTS-certified organic cotton filling. Tailored to your pet\u2019s needs for optimal comfort.","robots":{"index":"index","follow":"follow","max-snippet":"max-snippet:-1","max-image-preview":"max-image-preview:large","max-video-preview":"max-video-preview:-1"},"canonical":"https:\/\/cottonedshop.com\/sv\/butik\/kudde-for-husdjur\/","og_locale":"sv_SE","og_type":"article","og_title":"Custom Organic Cotton Pet Cushion | Safe & Comfortable","og_description":"Treat your pet to unmatched comfort with our custom pet cushion. GOTS-certified organic cotton filling. Tailored to your pet\u2019s needs for optimal comfort.","og_url":"https:\/\/cottonedshop.com\/sv\/butik\/kudde-for-husdjur\/","og_site_name":"Cottoned Shop","article_modified_time":"2025-03-05T14:00:36+00:00","og_image":[{"width":1300,"height":1040,"url":"https:\/\/cottonedshop.com\/wp-content\/uploads\/2019\/11\/Cottoned-pillow-like-pet-bed-filled-with-organic-cotton.jpg","type":"image\/jpeg"}],"twitter_card":"summary_large_image","twitter_misc":{"Ber\u00e4knad l\u00e4stid":"1 minut"},"schema":{"@context":"https:\/\/schema.org","@graph":[{"@type":"WebPage","@id":"https:\/\/cottonedshop.com\/shop\/pet-cushion\/","url":"https:\/\/cottonedshop.com\/shop\/pet-cushion\/","name":"Custom Organic Cotton Pet Cushion | Safe & Comfortable","isPartOf":{"@id":"https:\/\/cottonedshop.com\/#website"},"primaryImageOfPage":{"@id":"https:\/\/cottonedshop.com\/shop\/pet-cushion\/#primaryimage"},"image":{"@id":"https:\/\/cottonedshop.com\/shop\/pet-cushion\/#primaryimage"},"thumbnailUrl":"https:\/\/cottonedshop.com\/wp-content\/uploads\/2019\/11\/Cottoned-pillow-like-pet-bed-filled-with-organic-cotton.jpg","datePublished":"2022-02-23T20:05:42+00:00","dateModified":"2025-03-05T14:00:36+00:00","description":"Treat your pet to unmatched comfort with our custom pet cushion. GOTS-certified organic cotton filling. Tailored to your pet\u2019s needs for optimal comfort.","breadcrumb":{"@id":"https:\/\/cottonedshop.com\/shop\/pet-cushion\/#breadcrumb"},"inLanguage":"sv-SE","potentialAction":[{"@type":"ReadAction","target":["https:\/\/cottonedshop.com\/shop\/pet-cushion\/"]}]},{"@type":"ImageObject","inLanguage":"sv-SE","@id":"https:\/\/cottonedshop.com\/shop\/pet-cushion\/#primaryimage","url":"https:\/\/cottonedshop.com\/wp-content\/uploads\/2019\/11\/Cottoned-pillow-like-pet-bed-filled-with-organic-cotton.jpg","contentUrl":"https:\/\/cottonedshop.com\/wp-content\/uploads\/2019\/11\/Cottoned-pillow-like-pet-bed-filled-with-organic-cotton.jpg","width":1300,"height":1040,"caption":"Cottoned-pillow-like-pet-bed-filled-with-organic-cotton"},{"@type":"BreadcrumbList","@id":"https:\/\/cottonedshop.com\/shop\/pet-cushion\/#breadcrumb","itemListElement":[{"@type":"ListItem","position":1,"name":"Home","item":"https:\/\/cottonedshop.com\/"},{"@type":"ListItem","position":2,"name":"Shop","item":"https:\/\/cottonedshop.com\/shop\/"},{"@type":"ListItem","position":3,"name":"Custom Organic Cotton Pet Cushion"}]},{"@type":"WebSite","@id":"https:\/\/cottonedshop.com\/#website","url":"https:\/\/cottonedshop.com\/","name":"Bomullsbutik","description":"","publisher":{"@id":"https:\/\/cottonedshop.com\/#organization"},"potentialAction":[{"@type":"SearchAction","target":{"@type":"EntryPoint","urlTemplate":"https:\/\/cottonedshop.com\/?s={search_term_string}"},"query-input":{"@type":"PropertyValueSpecification","valueRequired":true,"valueName":"search_term_string"}}],"inLanguage":"sv-SE"},{"@type":"Organization","@id":"https:\/\/cottonedshop.com\/#organization","name":"Bomull","url":"https:\/\/cottonedshop.com\/","logo":{"@type":"ImageObject","inLanguage":"sv-SE","@id":"https:\/\/cottonedshop.com\/#\/schema\/logo\/image\/","url":"https:\/\/cottonedshop.com\/wp-content\/uploads\/2021\/02\/cottoned-logo-large.png","contentUrl":"https:\/\/cottonedshop.com\/wp-content\/uploads\/2021\/02\/cottoned-logo-large.png","width":1548,"height":1548,"caption":"Cottoned"},"image":{"@id":"https:\/\/cottonedshop.com\/#\/schema\/logo\/image\/"}}]}},"_links":{"self":[{"href":"https:\/\/cottonedshop.com\/sv\/wp-json\/wp\/v2\/product\/9132","targetHints":{"allow":["GET"]}}],"collection":[{"href":"https:\/\/cottonedshop.com\/sv\/wp-json\/wp\/v2\/product"}],"about":[{"href":"https:\/\/cottonedshop.com\/sv\/wp-json\/wp\/v2\/types\/product"}],"replies":[{"embeddable":true,"href":"https:\/\/cottonedshop.com\/sv\/wp-json\/wp\/v2\/comments?post=9132"}],"wp:featuredmedia":[{"embeddable":true,"href":"https:\/\/cottonedshop.com\/sv\/wp-json\/wp\/v2\/media\/1370"}],"wp:attachment":[{"href":"https:\/\/cottonedshop.com\/sv\/wp-json\/wp\/v2\/media?parent=9132"}],"wp:term":[{"taxonomy":"product_brand","embeddable":true,"href":"https:\/\/cottonedshop.com\/sv\/wp-json\/wp\/v2\/product_brand?post=9132"},{"taxonomy":"product_cat","embeddable":true,"href":"https:\/\/cottonedshop.com\/sv\/wp-json\/wp\/v2\/product_cat?post=9132"},{"taxonomy":"product_tag","embeddable":true,"href":"https:\/\/cottonedshop.com\/sv\/wp-json\/wp\/v2\/product_tag?post=9132"}],"curies":[{"name":"wp","href":"https:\/\/api.w.org\/{rel}","templated":true}]}}