{"id":5581,"date":"2021-05-15T10:50:00","date_gmt":"2021-05-15T08:50:00","guid":{"rendered":"https:\/\/cottonedshop.com\/?post_type=product&#038;p=5581"},"modified":"2026-04-16T01:50:34","modified_gmt":"2026-04-15T22:50:34","slug":"presentkort","status":"publish","type":"product","link":"https:\/\/cottonedshop.com\/sv\/shop\/gift-card\/","title":{"rendered":"Presentkort \/ Presentcheck f\u00f6r Cottoned Shop"},"content":{"rendered":"<div class=\"wpb-content-wrapper\"><div  class=\"sec_row container\"><div class=\"vc_row wpb_row vc_row-fluid\"><div class=\"wpb_column vc_column_container vc_col-sm-12 et-dark-column\"><div class=\"vc_column-inner\"><div class=\"wpb_wrapper\">\n\t<div class=\"wpb_text_column wpb_content_element\" >\n\t\t<div class=\"wpb_wrapper\">\n\t\t\t<p style=\"text-align: left;\">Du kan k\u00f6pa presentkortet som vilken annan produkt som helst fr\u00e5n v\u00e5r butik, v\u00e4lj bara det belopp du vill ha och det f\u00f6redragna s\u00e4ttet att skicka kupongen till din \u00e4lskade. Vi skickar presentkortet till den angivna leveransadressen (levereras inom 8-12 dagar) eller om du v\u00e4ljer att skicka det via e-post - ange bara e-postadressen och det datum du vill att vi ska skicka det i ytterligare anteckningar i din best\u00e4llning.<\/p>\n<p style=\"text-align: left;\">Om du vill kan vi l\u00e4gga till ett speciellt presentmeddelande, skicka det bara till oss i ytterligare anteckningar tillsammans med din best\u00e4llning.<\/p>\n<p style=\"text-align: left;\">Det \u00e4r s\u00e5 enkelt som det \u00e4r!<\/p>\n<p>&nbsp;<\/p>\n<p style=\"text-align: left;\">*Varje presentkort \u00e4r giltigt i 1 \u00e5r efter ink\u00f6psdatumet.<\/p>\n\n\t\t<\/div>\n\t<\/div>\n\n\t<div class=\"wpb_raw_code wpb_raw_html wpb_content_element\" >\n\t\t<div class=\"wpb_wrapper\">\n\t\t\t<div class=\"klaviyo-form-SVRq2G\"><\/div>\n\t\t<\/div>\n\t<\/div>\n<\/div><\/div><\/div><\/div><\/div>\n<\/div>","protected":false},"excerpt":{"rendered":"<p>Ge dem du \u00e4lskar det de verkligen vill ha och l\u00e5t dem v\u00e4lja sj\u00e4lva med ett presentkort fr\u00e5n Cottoned Shop! Det h\u00e4r \u00e4r den ultimata presenten du kan ge f\u00f6r alla tillf\u00e4llen - f\u00f6delsedagar, \u00e5rsdagar, nyf\u00f6dda, speciella evenemang eller helgdagar!<\/p>","protected":false},"featured_media":5590,"comment_status":"open","ping_status":"closed","template":"","meta":[],"product_brand":[],"product_cat":[383],"product_tag":[199,384,385,386,387,388,389,390,391,392],"class_list":{"0":"post-5581","1":"product","2":"type-product","3":"status-publish","4":"has-post-thumbnail","6":"product_cat-gift-card","7":"product_tag-baby-shower-gift","8":"product_tag-birthday-gift-idea","9":"product_tag-engagement-gift-idea","10":"product_tag-gift-card","11":"product_tag-gift-voucher","12":"product_tag-mothers-day-gift-idea","13":"product_tag-unique-gift-ideas","14":"product_tag-valentines-day-gift-idea","15":"product_tag-wedding-anniversary-gift-idea","16":"product_tag-wedding-gift-idea","18":"first","19":"instock","20":"shipping-taxable","21":"purchasable","22":"product-type-variable"},"yoast_head":"<!-- This site is optimized with the Yoast SEO plugin v27.4 - https:\/\/yoast.com\/product\/yoast-seo-wordpress\/ -->\n<title>Gift Card | Perfect for Any Occasion<\/title>\n<meta name=\"description\" content=\"Treat loved ones to the perfect gift with our gift card. Ideal for birthdays, anniversaries, and more. Let them choose their favorite home d\u00e9cor!\" \/>\n<meta name=\"robots\" content=\"index, follow, max-snippet:-1, max-image-preview:large, max-video-preview:-1\" \/>\n<link rel=\"canonical\" href=\"https:\/\/cottonedshop.com\/sv\/butik\/presentkort\/\" \/>\n<meta property=\"og:locale\" content=\"sv_SE\" \/>\n<meta property=\"og:type\" content=\"article\" \/>\n<meta property=\"og:title\" content=\"Gift Card | Perfect for Any Occasion\" \/>\n<meta property=\"og:description\" content=\"Treat loved ones to the perfect gift with our gift card. Ideal for birthdays, anniversaries, and more. Let them choose their favorite home d\u00e9cor!\" \/>\n<meta property=\"og:url\" content=\"https:\/\/cottonedshop.com\/sv\/butik\/presentkort\/\" \/>\n<meta property=\"og:site_name\" content=\"Cottoned Shop\" \/>\n<meta property=\"article:modified_time\" content=\"2026-04-15T22:50:34+00:00\" \/>\n<meta property=\"og:image\" content=\"https:\/\/cottonedshop.com\/wp-content\/uploads\/2021\/05\/Cottoned-gift-card-gift-voucher.jpg\" \/>\n\t<meta property=\"og:image:width\" content=\"1300\" \/>\n\t<meta property=\"og:image:height\" content=\"1037\" \/>\n\t<meta property=\"og:image:type\" content=\"image\/jpeg\" \/>\n<meta name=\"twitter:card\" content=\"summary_large_image\" \/>\n<meta name=\"twitter:label1\" content=\"Ber\u00e4knad l\u00e4stid\" \/>\n\t<meta name=\"twitter:data1\" content=\"1 minut\" \/>\n<script type=\"application\/ld+json\" class=\"yoast-schema-graph\">{\"@context\":\"https:\\\/\\\/schema.org\",\"@graph\":[{\"@type\":\"WebPage\",\"@id\":\"https:\\\/\\\/cottonedshop.com\\\/shop\\\/gift-card\\\/\",\"url\":\"https:\\\/\\\/cottonedshop.com\\\/shop\\\/gift-card\\\/\",\"name\":\"Gift Card | Perfect for Any Occasion\",\"isPartOf\":{\"@id\":\"https:\\\/\\\/cottonedshop.com\\\/#website\"},\"primaryImageOfPage\":{\"@id\":\"https:\\\/\\\/cottonedshop.com\\\/shop\\\/gift-card\\\/#primaryimage\"},\"image\":{\"@id\":\"https:\\\/\\\/cottonedshop.com\\\/shop\\\/gift-card\\\/#primaryimage\"},\"thumbnailUrl\":\"https:\\\/\\\/cottonedshop.com\\\/wp-content\\\/uploads\\\/2021\\\/05\\\/Cottoned-gift-card-gift-voucher.jpg\",\"datePublished\":\"2021-05-15T08:50:00+00:00\",\"dateModified\":\"2026-04-15T22:50:34+00:00\",\"description\":\"Treat loved ones to the perfect gift with our gift card. Ideal for birthdays, anniversaries, and more. Let them choose their favorite home d\u00e9cor!\",\"breadcrumb\":{\"@id\":\"https:\\\/\\\/cottonedshop.com\\\/shop\\\/gift-card\\\/#breadcrumb\"},\"inLanguage\":\"sv-SE\",\"potentialAction\":[{\"@type\":\"ReadAction\",\"target\":[\"https:\\\/\\\/cottonedshop.com\\\/shop\\\/gift-card\\\/\"]}]},{\"@type\":\"ImageObject\",\"inLanguage\":\"sv-SE\",\"@id\":\"https:\\\/\\\/cottonedshop.com\\\/shop\\\/gift-card\\\/#primaryimage\",\"url\":\"https:\\\/\\\/cottonedshop.com\\\/wp-content\\\/uploads\\\/2021\\\/05\\\/Cottoned-gift-card-gift-voucher.jpg\",\"contentUrl\":\"https:\\\/\\\/cottonedshop.com\\\/wp-content\\\/uploads\\\/2021\\\/05\\\/Cottoned-gift-card-gift-voucher.jpg\",\"width\":1300,\"height\":1037,\"caption\":\"Cottoned gift card, gift voucher\"},{\"@type\":\"BreadcrumbList\",\"@id\":\"https:\\\/\\\/cottonedshop.com\\\/shop\\\/gift-card\\\/#breadcrumb\",\"itemListElement\":[{\"@type\":\"ListItem\",\"position\":1,\"name\":\"Home\",\"item\":\"https:\\\/\\\/cottonedshop.com\\\/\"},{\"@type\":\"ListItem\",\"position\":2,\"name\":\"Shop\",\"item\":\"https:\\\/\\\/cottonedshop.com\\\/shop\\\/\"},{\"@type\":\"ListItem\",\"position\":3,\"name\":\"Gift Card \\\/ Gift Voucher for Cottoned Shop\"}]},{\"@type\":\"WebSite\",\"@id\":\"https:\\\/\\\/cottonedshop.com\\\/#website\",\"url\":\"https:\\\/\\\/cottonedshop.com\\\/\",\"name\":\"Cottoned Shop\",\"description\":\"\",\"publisher\":{\"@id\":\"https:\\\/\\\/cottonedshop.com\\\/#organization\"},\"potentialAction\":[{\"@type\":\"SearchAction\",\"target\":{\"@type\":\"EntryPoint\",\"urlTemplate\":\"https:\\\/\\\/cottonedshop.com\\\/?s={search_term_string}\"},\"query-input\":{\"@type\":\"PropertyValueSpecification\",\"valueRequired\":true,\"valueName\":\"search_term_string\"}}],\"inLanguage\":\"sv-SE\"},{\"@type\":\"Organization\",\"@id\":\"https:\\\/\\\/cottonedshop.com\\\/#organization\",\"name\":\"Cottoned\",\"url\":\"https:\\\/\\\/cottonedshop.com\\\/\",\"logo\":{\"@type\":\"ImageObject\",\"inLanguage\":\"sv-SE\",\"@id\":\"https:\\\/\\\/cottonedshop.com\\\/#\\\/schema\\\/logo\\\/image\\\/\",\"url\":\"https:\\\/\\\/cottonedshop.com\\\/wp-content\\\/uploads\\\/2021\\\/02\\\/cottoned-logo-large.png\",\"contentUrl\":\"https:\\\/\\\/cottonedshop.com\\\/wp-content\\\/uploads\\\/2021\\\/02\\\/cottoned-logo-large.png\",\"width\":1548,\"height\":1548,\"caption\":\"Cottoned\"},\"image\":{\"@id\":\"https:\\\/\\\/cottonedshop.com\\\/#\\\/schema\\\/logo\\\/image\\\/\"}}]}<\/script>\n<!-- \/ Yoast SEO plugin. -->","yoast_head_json":{"title":"Gift Card | Perfect for Any Occasion","description":"Treat loved ones to the perfect gift with our gift card. Ideal for birthdays, anniversaries, and more. Let them choose their favorite home d\u00e9cor!","robots":{"index":"index","follow":"follow","max-snippet":"max-snippet:-1","max-image-preview":"max-image-preview:large","max-video-preview":"max-video-preview:-1"},"canonical":"https:\/\/cottonedshop.com\/sv\/butik\/presentkort\/","og_locale":"sv_SE","og_type":"article","og_title":"Gift Card | Perfect for Any Occasion","og_description":"Treat loved ones to the perfect gift with our gift card. Ideal for birthdays, anniversaries, and more. Let them choose their favorite home d\u00e9cor!","og_url":"https:\/\/cottonedshop.com\/sv\/butik\/presentkort\/","og_site_name":"Cottoned Shop","article_modified_time":"2026-04-15T22:50:34+00:00","og_image":[{"width":1300,"height":1037,"url":"https:\/\/cottonedshop.com\/wp-content\/uploads\/2021\/05\/Cottoned-gift-card-gift-voucher.jpg","type":"image\/jpeg"}],"twitter_card":"summary_large_image","twitter_misc":{"Ber\u00e4knad l\u00e4stid":"1 minut"},"schema":{"@context":"https:\/\/schema.org","@graph":[{"@type":"WebPage","@id":"https:\/\/cottonedshop.com\/shop\/gift-card\/","url":"https:\/\/cottonedshop.com\/shop\/gift-card\/","name":"Gift Card | Perfect for Any Occasion","isPartOf":{"@id":"https:\/\/cottonedshop.com\/#website"},"primaryImageOfPage":{"@id":"https:\/\/cottonedshop.com\/shop\/gift-card\/#primaryimage"},"image":{"@id":"https:\/\/cottonedshop.com\/shop\/gift-card\/#primaryimage"},"thumbnailUrl":"https:\/\/cottonedshop.com\/wp-content\/uploads\/2021\/05\/Cottoned-gift-card-gift-voucher.jpg","datePublished":"2021-05-15T08:50:00+00:00","dateModified":"2026-04-15T22:50:34+00:00","description":"Treat loved ones to the perfect gift with our gift card. Ideal for birthdays, anniversaries, and more. Let them choose their favorite home d\u00e9cor!","breadcrumb":{"@id":"https:\/\/cottonedshop.com\/shop\/gift-card\/#breadcrumb"},"inLanguage":"sv-SE","potentialAction":[{"@type":"ReadAction","target":["https:\/\/cottonedshop.com\/shop\/gift-card\/"]}]},{"@type":"ImageObject","inLanguage":"sv-SE","@id":"https:\/\/cottonedshop.com\/shop\/gift-card\/#primaryimage","url":"https:\/\/cottonedshop.com\/wp-content\/uploads\/2021\/05\/Cottoned-gift-card-gift-voucher.jpg","contentUrl":"https:\/\/cottonedshop.com\/wp-content\/uploads\/2021\/05\/Cottoned-gift-card-gift-voucher.jpg","width":1300,"height":1037,"caption":"Cottoned gift card, gift voucher"},{"@type":"BreadcrumbList","@id":"https:\/\/cottonedshop.com\/shop\/gift-card\/#breadcrumb","itemListElement":[{"@type":"ListItem","position":1,"name":"Home","item":"https:\/\/cottonedshop.com\/"},{"@type":"ListItem","position":2,"name":"Shop","item":"https:\/\/cottonedshop.com\/shop\/"},{"@type":"ListItem","position":3,"name":"Gift Card \/ Gift Voucher for Cottoned Shop"}]},{"@type":"WebSite","@id":"https:\/\/cottonedshop.com\/#website","url":"https:\/\/cottonedshop.com\/","name":"Bomullsbutik","description":"","publisher":{"@id":"https:\/\/cottonedshop.com\/#organization"},"potentialAction":[{"@type":"SearchAction","target":{"@type":"EntryPoint","urlTemplate":"https:\/\/cottonedshop.com\/?s={search_term_string}"},"query-input":{"@type":"PropertyValueSpecification","valueRequired":true,"valueName":"search_term_string"}}],"inLanguage":"sv-SE"},{"@type":"Organization","@id":"https:\/\/cottonedshop.com\/#organization","name":"Bomull","url":"https:\/\/cottonedshop.com\/","logo":{"@type":"ImageObject","inLanguage":"sv-SE","@id":"https:\/\/cottonedshop.com\/#\/schema\/logo\/image\/","url":"https:\/\/cottonedshop.com\/wp-content\/uploads\/2021\/02\/cottoned-logo-large.png","contentUrl":"https:\/\/cottonedshop.com\/wp-content\/uploads\/2021\/02\/cottoned-logo-large.png","width":1548,"height":1548,"caption":"Cottoned"},"image":{"@id":"https:\/\/cottonedshop.com\/#\/schema\/logo\/image\/"}}]}},"_links":{"self":[{"href":"https:\/\/cottonedshop.com\/sv\/wp-json\/wp\/v2\/product\/5581","targetHints":{"allow":["GET"]}}],"collection":[{"href":"https:\/\/cottonedshop.com\/sv\/wp-json\/wp\/v2\/product"}],"about":[{"href":"https:\/\/cottonedshop.com\/sv\/wp-json\/wp\/v2\/types\/product"}],"replies":[{"embeddable":true,"href":"https:\/\/cottonedshop.com\/sv\/wp-json\/wp\/v2\/comments?post=5581"}],"wp:featuredmedia":[{"embeddable":true,"href":"https:\/\/cottonedshop.com\/sv\/wp-json\/wp\/v2\/media\/5590"}],"wp:attachment":[{"href":"https:\/\/cottonedshop.com\/sv\/wp-json\/wp\/v2\/media?parent=5581"}],"wp:term":[{"taxonomy":"product_brand","embeddable":true,"href":"https:\/\/cottonedshop.com\/sv\/wp-json\/wp\/v2\/product_brand?post=5581"},{"taxonomy":"product_cat","embeddable":true,"href":"https:\/\/cottonedshop.com\/sv\/wp-json\/wp\/v2\/product_cat?post=5581"},{"taxonomy":"product_tag","embeddable":true,"href":"https:\/\/cottonedshop.com\/sv\/wp-json\/wp\/v2\/product_tag?post=5581"}],"curies":[{"name":"wp","href":"https:\/\/api.w.org\/{rel}","templated":true}]}}