{"id":5575,"date":"2021-05-13T16:13:10","date_gmt":"2021-05-13T14:13:10","guid":{"rendered":"https:\/\/cottonedshop.com\/?post_type=product&#038;p=5575"},"modified":"2025-02-24T16:01:45","modified_gmt":"2025-02-24T14:01:45","slug":"2-5-gra-tuftad-kudde-fylld-med-ekologisk-bomull-62-x-26-x-4-rea","status":"publish","type":"product","link":"https:\/\/cottonedshop.com\/sv\/shop\/2-5-grey-tufted-cushion-filled-with-organic-gots-cotton-62-x-26-x-4-sale\/","title":{"rendered":"2,5\" gr\u00e5 tuftad kudde fylld med ekologisk GOTS-bomull | 62\" x 26\" x 4\" | REA"},"content":{"rendered":"<div class=\"wpb-content-wrapper\"><div  class=\"sec_row container\"><div class=\"vc_row wpb_row vc_row-fluid\"><div class=\"wpb_column vc_column_container vc_col-sm-12 et-dark-column\"><div class=\"vc_column-inner\"><div class=\"wpb_wrapper\">\n\t<div class=\"wpb_text_column wpb_content_element\" >\n\t\t<div class=\"wpb_wrapper\">\n\t\t\t<p>PRODUKTINFORMATION<\/p>\n<p>157 x 67 x 6 cm (62\" x 26\" x 2,5\")<\/p>\n<p>FUNKTIONER:<br \/>\nDragkedja p\u00e5 ena l\u00e5ngsidan.<br \/>\nTuftning genom hela kudden f\u00f6r att f\u00f6rhindra att bomullsfyllningen flyttar sig.<\/p>\n<p>KANT: Hel piping<\/p>\n<p>AVSLUTNING AV TUVORNA: Med garnb\u00e5gar (f\u00e4rgen kan skilja sig n\u00e5got fr\u00e5n tygets f\u00e4rg)<\/p>\n<p>TYG: Max Cotton - 100% Cotton (f\u00e4rgad, Oeko-Tex-certifierad) 005, m\u00f6rkgr\u00e5<\/p>\n<p>TOTAL VIKT: 8,5 kg (18,7 lbs)<\/p>\n<p>&#8212;&#8212;&#8212;&#8212;&#8212;&#8212;&#8212;&#8212;&#8212;<\/p>\n<p>SK\u00d6TSELANVISNINGAR<br \/>\n- V\u00e4nd och rotera varje vecka under de f\u00f6rsta tv\u00e5 m\u00e5naderna f\u00f6r att komprimera j\u00e4mnt.<br \/>\n- Endast fl\u00e4ckreng\u00f6ring.<\/p>\n<p>VIKTIGT<br \/>\n- Bomullsfyllda artiklar uts\u00e4tts f\u00f6r en viss grad av komprimering.<br \/>\n- Handgjort f\u00f6rem\u00e5l, sm\u00e5 avvikelser i m\u00e5tt \u00e4r m\u00f6jliga.<br \/>\n- Tuftningen g\u00e5r genom hela f\u00f6rem\u00e5let.<\/p>\n\n\t\t<\/div>\n\t<\/div>\n<\/div><\/div><\/div><\/div><\/div>\n<\/div>","protected":false},"excerpt":{"rendered":"<p><strong>Naturligt alternativ<\/strong> till skumkuddar.<br \/>\n<strong>Begr\u00e4nsa<\/strong> exponering f\u00f6r <strong>farliga VOC<\/strong> i ditt hem.<br \/>\n100% <strong>ekologisk bomull<\/strong> fyllning inuti.<br \/>\nGratis <strong>m<\/strong><strong>slutsats kit<\/strong> ing\u00e5r.<br \/>\nAlla <strong>skatter<\/strong> och <strong>Arbetsuppgifter<\/strong> \u00e4r <strong>ing\u00e5r<\/strong>.<br \/>\n<strong>Fri leverans<\/strong> till din d\u00f6rr.<\/p>","protected":false},"featured_media":5577,"comment_status":"open","ping_status":"closed","template":"","meta":[],"product_brand":[],"product_cat":[344],"product_tag":[],"class_list":{"0":"post-5575","1":"product","2":"type-product","3":"status-publish","4":"has-post-thumbnail","6":"product_cat-sale","8":"first","9":"instock","10":"sale","11":"shipping-taxable","12":"purchasable","13":"product-type-simple"},"yoast_head":"<!-- This site is optimized with the Yoast SEO plugin v27.3 - https:\/\/yoast.com\/product\/yoast-seo-wordpress\/ -->\n<title>Grey Seat Cushion | GOTS Cotton Filling | 20% Off<\/title>\n<meta name=\"description\" content=\"62 x 26\u201d tufted cushion filled with organic cotton. A natural, eco-friendly alternative to foam cushions, reducing exposure to harmful VOCs.\" \/>\n<meta name=\"robots\" content=\"index, follow, max-snippet:-1, max-image-preview:large, max-video-preview:-1\" \/>\n<link rel=\"canonical\" href=\"https:\/\/cottonedshop.com\/sv\/butik\/2-5-gra-tuftad-kudde-fylld-med-ekologisk-bomull-62-x-26-x-4-rea\/\" \/>\n<meta property=\"og:locale\" content=\"sv_SE\" \/>\n<meta property=\"og:type\" content=\"article\" \/>\n<meta property=\"og:title\" content=\"Grey Seat Cushion | GOTS Cotton Filling | 20% Off\" \/>\n<meta property=\"og:description\" content=\"62 x 26\u201d tufted cushion filled with organic cotton. A natural, eco-friendly alternative to foam cushions, reducing exposure to harmful VOCs.\" \/>\n<meta property=\"og:url\" content=\"https:\/\/cottonedshop.com\/sv\/butik\/2-5-gra-tuftad-kudde-fylld-med-ekologisk-bomull-62-x-26-x-4-rea\/\" \/>\n<meta property=\"og:site_name\" content=\"Cottoned Shop\" \/>\n<meta property=\"article:modified_time\" content=\"2025-02-24T14:01:45+00:00\" \/>\n<meta property=\"og:image\" content=\"https:\/\/cottonedshop.com\/wp-content\/uploads\/2021\/05\/Cottoned-Grey-Tufted-Cushion-filled-with-Organic-GOTS-Cotton-SALE-4.jpg\" \/>\n\t<meta property=\"og:image:width\" content=\"1200\" \/>\n\t<meta property=\"og:image:height\" content=\"960\" \/>\n\t<meta property=\"og:image:type\" content=\"image\/jpeg\" \/>\n<meta name=\"twitter:card\" content=\"summary_large_image\" \/>\n<meta name=\"twitter:label1\" content=\"Ber\u00e4knad l\u00e4stid\" \/>\n\t<meta name=\"twitter:data1\" content=\"1 minut\" \/>\n<script type=\"application\/ld+json\" class=\"yoast-schema-graph\">{\"@context\":\"https:\\\/\\\/schema.org\",\"@graph\":[{\"@type\":\"WebPage\",\"@id\":\"https:\\\/\\\/cottonedshop.com\\\/shop\\\/2-5-grey-tufted-cushion-filled-with-organic-gots-cotton-62-x-26-x-4-sale\\\/\",\"url\":\"https:\\\/\\\/cottonedshop.com\\\/shop\\\/2-5-grey-tufted-cushion-filled-with-organic-gots-cotton-62-x-26-x-4-sale\\\/\",\"name\":\"Grey Seat Cushion | GOTS Cotton Filling | 20% Off\",\"isPartOf\":{\"@id\":\"https:\\\/\\\/cottonedshop.com\\\/#website\"},\"primaryImageOfPage\":{\"@id\":\"https:\\\/\\\/cottonedshop.com\\\/shop\\\/2-5-grey-tufted-cushion-filled-with-organic-gots-cotton-62-x-26-x-4-sale\\\/#primaryimage\"},\"image\":{\"@id\":\"https:\\\/\\\/cottonedshop.com\\\/shop\\\/2-5-grey-tufted-cushion-filled-with-organic-gots-cotton-62-x-26-x-4-sale\\\/#primaryimage\"},\"thumbnailUrl\":\"https:\\\/\\\/cottonedshop.com\\\/wp-content\\\/uploads\\\/2021\\\/05\\\/Cottoned-Grey-Tufted-Cushion-filled-with-Organic-GOTS-Cotton-SALE-4.jpg\",\"datePublished\":\"2021-05-13T14:13:10+00:00\",\"dateModified\":\"2025-02-24T14:01:45+00:00\",\"description\":\"62 x 26\u201d tufted cushion filled with organic cotton. A natural, eco-friendly alternative to foam cushions, reducing exposure to harmful VOCs.\",\"breadcrumb\":{\"@id\":\"https:\\\/\\\/cottonedshop.com\\\/shop\\\/2-5-grey-tufted-cushion-filled-with-organic-gots-cotton-62-x-26-x-4-sale\\\/#breadcrumb\"},\"inLanguage\":\"sv-SE\",\"potentialAction\":[{\"@type\":\"ReadAction\",\"target\":[\"https:\\\/\\\/cottonedshop.com\\\/shop\\\/2-5-grey-tufted-cushion-filled-with-organic-gots-cotton-62-x-26-x-4-sale\\\/\"]}]},{\"@type\":\"ImageObject\",\"inLanguage\":\"sv-SE\",\"@id\":\"https:\\\/\\\/cottonedshop.com\\\/shop\\\/2-5-grey-tufted-cushion-filled-with-organic-gots-cotton-62-x-26-x-4-sale\\\/#primaryimage\",\"url\":\"https:\\\/\\\/cottonedshop.com\\\/wp-content\\\/uploads\\\/2021\\\/05\\\/Cottoned-Grey-Tufted-Cushion-filled-with-Organic-GOTS-Cotton-SALE-4.jpg\",\"contentUrl\":\"https:\\\/\\\/cottonedshop.com\\\/wp-content\\\/uploads\\\/2021\\\/05\\\/Cottoned-Grey-Tufted-Cushion-filled-with-Organic-GOTS-Cotton-SALE-4.jpg\",\"width\":1200,\"height\":960,\"caption\":\"Cottoned-Grey-Tufted-Cushion-filled-with-Organic-GOTS-Cotton-SALE-4\"},{\"@type\":\"BreadcrumbList\",\"@id\":\"https:\\\/\\\/cottonedshop.com\\\/shop\\\/2-5-grey-tufted-cushion-filled-with-organic-gots-cotton-62-x-26-x-4-sale\\\/#breadcrumb\",\"itemListElement\":[{\"@type\":\"ListItem\",\"position\":1,\"name\":\"Home\",\"item\":\"https:\\\/\\\/cottonedshop.com\\\/\"},{\"@type\":\"ListItem\",\"position\":2,\"name\":\"Shop\",\"item\":\"https:\\\/\\\/cottonedshop.com\\\/shop\\\/\"},{\"@type\":\"ListItem\",\"position\":3,\"name\":\"2.5&#8221; Grey Tufted Cushion filled with Organic GOTS Cotton | 62&#8221; x 26&#8221; x 4&#8221; | SALE\"}]},{\"@type\":\"WebSite\",\"@id\":\"https:\\\/\\\/cottonedshop.com\\\/#website\",\"url\":\"https:\\\/\\\/cottonedshop.com\\\/\",\"name\":\"Cottoned Shop\",\"description\":\"\",\"publisher\":{\"@id\":\"https:\\\/\\\/cottonedshop.com\\\/#organization\"},\"potentialAction\":[{\"@type\":\"SearchAction\",\"target\":{\"@type\":\"EntryPoint\",\"urlTemplate\":\"https:\\\/\\\/cottonedshop.com\\\/?s={search_term_string}\"},\"query-input\":{\"@type\":\"PropertyValueSpecification\",\"valueRequired\":true,\"valueName\":\"search_term_string\"}}],\"inLanguage\":\"sv-SE\"},{\"@type\":\"Organization\",\"@id\":\"https:\\\/\\\/cottonedshop.com\\\/#organization\",\"name\":\"Cottoned\",\"url\":\"https:\\\/\\\/cottonedshop.com\\\/\",\"logo\":{\"@type\":\"ImageObject\",\"inLanguage\":\"sv-SE\",\"@id\":\"https:\\\/\\\/cottonedshop.com\\\/#\\\/schema\\\/logo\\\/image\\\/\",\"url\":\"https:\\\/\\\/cottonedshop.com\\\/wp-content\\\/uploads\\\/2021\\\/02\\\/cottoned-logo-large.png\",\"contentUrl\":\"https:\\\/\\\/cottonedshop.com\\\/wp-content\\\/uploads\\\/2021\\\/02\\\/cottoned-logo-large.png\",\"width\":1548,\"height\":1548,\"caption\":\"Cottoned\"},\"image\":{\"@id\":\"https:\\\/\\\/cottonedshop.com\\\/#\\\/schema\\\/logo\\\/image\\\/\"}}]}<\/script>\n<!-- \/ Yoast SEO plugin. -->","yoast_head_json":{"title":"Grey Seat Cushion | GOTS Cotton Filling | 20% Off","description":"62 x 26\u201d tufted cushion filled with organic cotton. A natural, eco-friendly alternative to foam cushions, reducing exposure to harmful VOCs.","robots":{"index":"index","follow":"follow","max-snippet":"max-snippet:-1","max-image-preview":"max-image-preview:large","max-video-preview":"max-video-preview:-1"},"canonical":"https:\/\/cottonedshop.com\/sv\/butik\/2-5-gra-tuftad-kudde-fylld-med-ekologisk-bomull-62-x-26-x-4-rea\/","og_locale":"sv_SE","og_type":"article","og_title":"Grey Seat Cushion | GOTS Cotton Filling | 20% Off","og_description":"62 x 26\u201d tufted cushion filled with organic cotton. A natural, eco-friendly alternative to foam cushions, reducing exposure to harmful VOCs.","og_url":"https:\/\/cottonedshop.com\/sv\/butik\/2-5-gra-tuftad-kudde-fylld-med-ekologisk-bomull-62-x-26-x-4-rea\/","og_site_name":"Cottoned Shop","article_modified_time":"2025-02-24T14:01:45+00:00","og_image":[{"width":1200,"height":960,"url":"https:\/\/cottonedshop.com\/wp-content\/uploads\/2021\/05\/Cottoned-Grey-Tufted-Cushion-filled-with-Organic-GOTS-Cotton-SALE-4.jpg","type":"image\/jpeg"}],"twitter_card":"summary_large_image","twitter_misc":{"Ber\u00e4knad l\u00e4stid":"1 minut"},"schema":{"@context":"https:\/\/schema.org","@graph":[{"@type":"WebPage","@id":"https:\/\/cottonedshop.com\/shop\/2-5-grey-tufted-cushion-filled-with-organic-gots-cotton-62-x-26-x-4-sale\/","url":"https:\/\/cottonedshop.com\/shop\/2-5-grey-tufted-cushion-filled-with-organic-gots-cotton-62-x-26-x-4-sale\/","name":"Grey Seat Cushion | GOTS Cotton Filling | 20% Off","isPartOf":{"@id":"https:\/\/cottonedshop.com\/#website"},"primaryImageOfPage":{"@id":"https:\/\/cottonedshop.com\/shop\/2-5-grey-tufted-cushion-filled-with-organic-gots-cotton-62-x-26-x-4-sale\/#primaryimage"},"image":{"@id":"https:\/\/cottonedshop.com\/shop\/2-5-grey-tufted-cushion-filled-with-organic-gots-cotton-62-x-26-x-4-sale\/#primaryimage"},"thumbnailUrl":"https:\/\/cottonedshop.com\/wp-content\/uploads\/2021\/05\/Cottoned-Grey-Tufted-Cushion-filled-with-Organic-GOTS-Cotton-SALE-4.jpg","datePublished":"2021-05-13T14:13:10+00:00","dateModified":"2025-02-24T14:01:45+00:00","description":"62 x 26\u201d tufted cushion filled with organic cotton. A natural, eco-friendly alternative to foam cushions, reducing exposure to harmful VOCs.","breadcrumb":{"@id":"https:\/\/cottonedshop.com\/shop\/2-5-grey-tufted-cushion-filled-with-organic-gots-cotton-62-x-26-x-4-sale\/#breadcrumb"},"inLanguage":"sv-SE","potentialAction":[{"@type":"ReadAction","target":["https:\/\/cottonedshop.com\/shop\/2-5-grey-tufted-cushion-filled-with-organic-gots-cotton-62-x-26-x-4-sale\/"]}]},{"@type":"ImageObject","inLanguage":"sv-SE","@id":"https:\/\/cottonedshop.com\/shop\/2-5-grey-tufted-cushion-filled-with-organic-gots-cotton-62-x-26-x-4-sale\/#primaryimage","url":"https:\/\/cottonedshop.com\/wp-content\/uploads\/2021\/05\/Cottoned-Grey-Tufted-Cushion-filled-with-Organic-GOTS-Cotton-SALE-4.jpg","contentUrl":"https:\/\/cottonedshop.com\/wp-content\/uploads\/2021\/05\/Cottoned-Grey-Tufted-Cushion-filled-with-Organic-GOTS-Cotton-SALE-4.jpg","width":1200,"height":960,"caption":"Cottoned-Grey-Tufted-Cushion-filled-with-Organic-GOTS-Cotton-SALE-4"},{"@type":"BreadcrumbList","@id":"https:\/\/cottonedshop.com\/shop\/2-5-grey-tufted-cushion-filled-with-organic-gots-cotton-62-x-26-x-4-sale\/#breadcrumb","itemListElement":[{"@type":"ListItem","position":1,"name":"Home","item":"https:\/\/cottonedshop.com\/"},{"@type":"ListItem","position":2,"name":"Shop","item":"https:\/\/cottonedshop.com\/shop\/"},{"@type":"ListItem","position":3,"name":"2.5&#8221; Grey Tufted Cushion filled with Organic GOTS Cotton | 62&#8221; x 26&#8221; x 4&#8221; | SALE"}]},{"@type":"WebSite","@id":"https:\/\/cottonedshop.com\/#website","url":"https:\/\/cottonedshop.com\/","name":"Bomullsbutik","description":"","publisher":{"@id":"https:\/\/cottonedshop.com\/#organization"},"potentialAction":[{"@type":"SearchAction","target":{"@type":"EntryPoint","urlTemplate":"https:\/\/cottonedshop.com\/?s={search_term_string}"},"query-input":{"@type":"PropertyValueSpecification","valueRequired":true,"valueName":"search_term_string"}}],"inLanguage":"sv-SE"},{"@type":"Organization","@id":"https:\/\/cottonedshop.com\/#organization","name":"Bomull","url":"https:\/\/cottonedshop.com\/","logo":{"@type":"ImageObject","inLanguage":"sv-SE","@id":"https:\/\/cottonedshop.com\/#\/schema\/logo\/image\/","url":"https:\/\/cottonedshop.com\/wp-content\/uploads\/2021\/02\/cottoned-logo-large.png","contentUrl":"https:\/\/cottonedshop.com\/wp-content\/uploads\/2021\/02\/cottoned-logo-large.png","width":1548,"height":1548,"caption":"Cottoned"},"image":{"@id":"https:\/\/cottonedshop.com\/#\/schema\/logo\/image\/"}}]}},"_links":{"self":[{"href":"https:\/\/cottonedshop.com\/sv\/wp-json\/wp\/v2\/product\/5575","targetHints":{"allow":["GET"]}}],"collection":[{"href":"https:\/\/cottonedshop.com\/sv\/wp-json\/wp\/v2\/product"}],"about":[{"href":"https:\/\/cottonedshop.com\/sv\/wp-json\/wp\/v2\/types\/product"}],"replies":[{"embeddable":true,"href":"https:\/\/cottonedshop.com\/sv\/wp-json\/wp\/v2\/comments?post=5575"}],"wp:featuredmedia":[{"embeddable":true,"href":"https:\/\/cottonedshop.com\/sv\/wp-json\/wp\/v2\/media\/5577"}],"wp:attachment":[{"href":"https:\/\/cottonedshop.com\/sv\/wp-json\/wp\/v2\/media?parent=5575"}],"wp:term":[{"taxonomy":"product_brand","embeddable":true,"href":"https:\/\/cottonedshop.com\/sv\/wp-json\/wp\/v2\/product_brand?post=5575"},{"taxonomy":"product_cat","embeddable":true,"href":"https:\/\/cottonedshop.com\/sv\/wp-json\/wp\/v2\/product_cat?post=5575"},{"taxonomy":"product_tag","embeddable":true,"href":"https:\/\/cottonedshop.com\/sv\/wp-json\/wp\/v2\/product_tag?post=5575"}],"curies":[{"name":"wp","href":"https:\/\/api.w.org\/{rel}","templated":true}]}}