{"id":485,"date":"2018-04-11T13:42:45","date_gmt":"2018-04-11T13:42:45","guid":{"rendered":"https:\/\/cottonedshop.com\/?post_type=product&#038;p=485"},"modified":"2026-04-16T12:07:06","modified_gmt":"2026-04-16T09:07:06","slug":"fyllning-av-bomull-2","status":"publish","type":"product","link":"https:\/\/cottonedshop.com\/sv\/shop\/cotton-filling\/","title":{"rendered":"100% Fyllning av ekologisk bomull | GOTS-certifierad"},"content":{"rendered":"<div class=\"wpb-content-wrapper\"><div  class=\"sec_row container\"><div class=\"vc_row wpb_row vc_row-fluid\"><div class=\"wpb_column vc_column_container vc_col-sm-12 et-dark-column\"><div class=\"vc_column-inner\"><div class=\"wpb_wrapper\">\n\t<div class=\"wpb_text_column wpb_content_element\" >\n\t\t<div class=\"wpb_wrapper\">\n\t\t\t<p style=\"text-align: left;\">Odlad i Turkiet.<\/p>\n<p style=\"text-align: left;\">Bomull \u00e4r en naturlig fiber och det \u00e4r den:<\/p>\n<ul style=\"text-align: left;\">\n<li>Milj\u00f6m\u00e4ssigt h\u00e5llbar<\/li>\n<li>Naturligt allergiv\u00e4nlig<\/li>\n<li>Biologiskt nedbrytbar<\/li>\n<li>Andningsbar<\/li>\n<\/ul>\n<p style=\"text-align: left;\"><strong>CARE<\/strong><br \/>\nUndvik att tv\u00e4tta. Tv\u00e4tt av bomull g\u00f6r att fibrerna klibbar ihop, bildar klumpar och m\u00e5ste kardas. Om du beh\u00f6ver tv\u00e4tta den, anv\u00e4nd ljummet vatten och ett milt reng\u00f6ringsmedel.<\/p>\n<p style=\"text-align: left;\"><strong>VIKTIGT<\/strong><br \/>\nInneh\u00e5ller en del vegetabiliska partiklar eftersom fibrerna inte har blekts.<\/p>\n\n\t\t<\/div>\n\t<\/div>\n\n\t<div class=\"wpb_raw_code wpb_raw_html wpb_content_element\" >\n\t\t<div class=\"wpb_wrapper\">\n\t\t\t<div class=\"klaviyo-form-SVRq2G\"><\/div>\n\t\t<\/div>\n\t<\/div>\n<\/div><\/div><\/div><\/div><\/div>\n<\/div>","protected":false},"excerpt":{"rendered":"<p>100% Ekologisk bomull, oblekt, klorfri \/ GOTS-certifierad<\/p>\n<p>Vi v\u00e4ljer v\u00e5r bomull med omsorg och den \u00e4r s\u00e5 ren som m\u00f6jligt utan kemikalier, f\u00e4rg\u00e4mnen, polymerer eller gifter och b\u00f6r vara l\u00e4mplig f\u00f6r personer som lider av MCS (Multiple Chemical Sensitivity) eller f\u00f6r allergiker.<\/p>\n<p>Perfekt f\u00f6r stoppning av kuddar, madrasser, dockor etc.<\/p>\n<p>Tillverkningstid: 1-3 dagar<br \/>\nLeveranstid: 1-4 veckor<br \/>\nSkicka ett meddelande till oss f\u00f6r att beg\u00e4ra expressfrakt.<\/p>","protected":false},"featured_media":808,"comment_status":"open","ping_status":"closed","template":"","meta":[],"product_brand":[],"product_cat":[33],"product_tag":[237,233,234,236,235],"class_list":{"0":"post-485","1":"product","2":"type-product","3":"status-publish","4":"has-post-thumbnail","6":"product_cat-craft-supplies","7":"product_tag-all-natural-cotton","8":"product_tag-cotton-filling","9":"product_tag-cotton-stuffing","10":"product_tag-natural-cotton","11":"product_tag-organic-cotton","13":"first","14":"instock","15":"shipping-taxable","16":"purchasable","17":"product-type-variable"},"yoast_head":"<!-- This site is optimized with the Yoast SEO plugin v27.4 - https:\/\/yoast.com\/product\/yoast-seo-wordpress\/ -->\n<title>100% Organic Cotton Filling | GOTS Certified | Non-Toxic<\/title>\n<meta name=\"description\" content=\"Discover 100% organic cotton filling, GOTS certified for a non-toxic, sustainable home. Perfect for decor items, bedding, or toys.&quot;\" \/>\n<meta name=\"robots\" content=\"index, follow, max-snippet:-1, max-image-preview:large, max-video-preview:-1\" \/>\n<link rel=\"canonical\" href=\"https:\/\/cottonedshop.com\/sv\/butik\/fyllning-av-bomull-2\/\" \/>\n<meta property=\"og:locale\" content=\"sv_SE\" \/>\n<meta property=\"og:type\" content=\"article\" \/>\n<meta property=\"og:title\" content=\"100% Organic Cotton Filling | GOTS Certified | Non-Toxic\" \/>\n<meta property=\"og:description\" content=\"Discover 100% organic cotton filling, GOTS certified for a non-toxic, sustainable home. Perfect for decor items, bedding, or toys.&quot;\" \/>\n<meta property=\"og:url\" content=\"https:\/\/cottonedshop.com\/sv\/butik\/fyllning-av-bomull-2\/\" \/>\n<meta property=\"og:site_name\" content=\"Cottoned Shop\" \/>\n<meta property=\"article:modified_time\" content=\"2026-04-16T09:07:06+00:00\" \/>\n<meta property=\"og:image\" content=\"https:\/\/cottonedshop.com\/wp-content\/uploads\/2018\/04\/Cottoned-GOTS-certified-cotton-filling.jpg\" \/>\n\t<meta property=\"og:image:width\" content=\"1300\" \/>\n\t<meta property=\"og:image:height\" content=\"1040\" \/>\n\t<meta property=\"og:image:type\" content=\"image\/jpeg\" \/>\n<meta name=\"twitter:card\" content=\"summary_large_image\" \/>\n<meta name=\"twitter:label1\" content=\"Ber\u00e4knad l\u00e4stid\" \/>\n\t<meta name=\"twitter:data1\" content=\"1 minut\" \/>\n<script type=\"application\/ld+json\" class=\"yoast-schema-graph\">{\"@context\":\"https:\\\/\\\/schema.org\",\"@graph\":[{\"@type\":\"WebPage\",\"@id\":\"https:\\\/\\\/cottonedshop.com\\\/shop\\\/cotton-filling\\\/\",\"url\":\"https:\\\/\\\/cottonedshop.com\\\/shop\\\/cotton-filling\\\/\",\"name\":\"100% Organic Cotton Filling | GOTS Certified | Non-Toxic\",\"isPartOf\":{\"@id\":\"https:\\\/\\\/cottonedshop.com\\\/#website\"},\"primaryImageOfPage\":{\"@id\":\"https:\\\/\\\/cottonedshop.com\\\/shop\\\/cotton-filling\\\/#primaryimage\"},\"image\":{\"@id\":\"https:\\\/\\\/cottonedshop.com\\\/shop\\\/cotton-filling\\\/#primaryimage\"},\"thumbnailUrl\":\"https:\\\/\\\/cottonedshop.com\\\/wp-content\\\/uploads\\\/2018\\\/04\\\/Cottoned-GOTS-certified-cotton-filling.jpg\",\"datePublished\":\"2018-04-11T13:42:45+00:00\",\"dateModified\":\"2026-04-16T09:07:06+00:00\",\"description\":\"Discover 100% organic cotton filling, GOTS certified for a non-toxic, sustainable home. Perfect for decor items, bedding, or toys.\\\"\",\"breadcrumb\":{\"@id\":\"https:\\\/\\\/cottonedshop.com\\\/shop\\\/cotton-filling\\\/#breadcrumb\"},\"inLanguage\":\"sv-SE\",\"potentialAction\":[{\"@type\":\"ReadAction\",\"target\":[\"https:\\\/\\\/cottonedshop.com\\\/shop\\\/cotton-filling\\\/\"]}]},{\"@type\":\"ImageObject\",\"inLanguage\":\"sv-SE\",\"@id\":\"https:\\\/\\\/cottonedshop.com\\\/shop\\\/cotton-filling\\\/#primaryimage\",\"url\":\"https:\\\/\\\/cottonedshop.com\\\/wp-content\\\/uploads\\\/2018\\\/04\\\/Cottoned-GOTS-certified-cotton-filling.jpg\",\"contentUrl\":\"https:\\\/\\\/cottonedshop.com\\\/wp-content\\\/uploads\\\/2018\\\/04\\\/Cottoned-GOTS-certified-cotton-filling.jpg\",\"width\":1300,\"height\":1040,\"caption\":\"Cottoned GOTS certified cotton filling\"},{\"@type\":\"BreadcrumbList\",\"@id\":\"https:\\\/\\\/cottonedshop.com\\\/shop\\\/cotton-filling\\\/#breadcrumb\",\"itemListElement\":[{\"@type\":\"ListItem\",\"position\":1,\"name\":\"Home\",\"item\":\"https:\\\/\\\/cottonedshop.com\\\/\"},{\"@type\":\"ListItem\",\"position\":2,\"name\":\"Shop\",\"item\":\"https:\\\/\\\/cottonedshop.com\\\/shop\\\/\"},{\"@type\":\"ListItem\",\"position\":3,\"name\":\"100% Organic Cotton Filling | GOTS Certified\"}]},{\"@type\":\"WebSite\",\"@id\":\"https:\\\/\\\/cottonedshop.com\\\/#website\",\"url\":\"https:\\\/\\\/cottonedshop.com\\\/\",\"name\":\"Cottoned Shop\",\"description\":\"\",\"publisher\":{\"@id\":\"https:\\\/\\\/cottonedshop.com\\\/#organization\"},\"potentialAction\":[{\"@type\":\"SearchAction\",\"target\":{\"@type\":\"EntryPoint\",\"urlTemplate\":\"https:\\\/\\\/cottonedshop.com\\\/?s={search_term_string}\"},\"query-input\":{\"@type\":\"PropertyValueSpecification\",\"valueRequired\":true,\"valueName\":\"search_term_string\"}}],\"inLanguage\":\"sv-SE\"},{\"@type\":\"Organization\",\"@id\":\"https:\\\/\\\/cottonedshop.com\\\/#organization\",\"name\":\"Cottoned\",\"url\":\"https:\\\/\\\/cottonedshop.com\\\/\",\"logo\":{\"@type\":\"ImageObject\",\"inLanguage\":\"sv-SE\",\"@id\":\"https:\\\/\\\/cottonedshop.com\\\/#\\\/schema\\\/logo\\\/image\\\/\",\"url\":\"https:\\\/\\\/cottonedshop.com\\\/wp-content\\\/uploads\\\/2021\\\/02\\\/cottoned-logo-large.png\",\"contentUrl\":\"https:\\\/\\\/cottonedshop.com\\\/wp-content\\\/uploads\\\/2021\\\/02\\\/cottoned-logo-large.png\",\"width\":1548,\"height\":1548,\"caption\":\"Cottoned\"},\"image\":{\"@id\":\"https:\\\/\\\/cottonedshop.com\\\/#\\\/schema\\\/logo\\\/image\\\/\"}}]}<\/script>\n<!-- \/ Yoast SEO plugin. -->","yoast_head_json":{"title":"100% Organic Cotton Filling | GOTS Certified | Non-Toxic","description":"Discover 100% organic cotton filling, GOTS certified for a non-toxic, sustainable home. Perfect for decor items, bedding, or toys.\"","robots":{"index":"index","follow":"follow","max-snippet":"max-snippet:-1","max-image-preview":"max-image-preview:large","max-video-preview":"max-video-preview:-1"},"canonical":"https:\/\/cottonedshop.com\/sv\/butik\/fyllning-av-bomull-2\/","og_locale":"sv_SE","og_type":"article","og_title":"100% Organic Cotton Filling | GOTS Certified | Non-Toxic","og_description":"Discover 100% organic cotton filling, GOTS certified for a non-toxic, sustainable home. Perfect for decor items, bedding, or toys.\"","og_url":"https:\/\/cottonedshop.com\/sv\/butik\/fyllning-av-bomull-2\/","og_site_name":"Cottoned Shop","article_modified_time":"2026-04-16T09:07:06+00:00","og_image":[{"width":1300,"height":1040,"url":"https:\/\/cottonedshop.com\/wp-content\/uploads\/2018\/04\/Cottoned-GOTS-certified-cotton-filling.jpg","type":"image\/jpeg"}],"twitter_card":"summary_large_image","twitter_misc":{"Ber\u00e4knad l\u00e4stid":"1 minut"},"schema":{"@context":"https:\/\/schema.org","@graph":[{"@type":"WebPage","@id":"https:\/\/cottonedshop.com\/shop\/cotton-filling\/","url":"https:\/\/cottonedshop.com\/shop\/cotton-filling\/","name":"100% Organic Cotton Filling | GOTS Certified | Non-Toxic","isPartOf":{"@id":"https:\/\/cottonedshop.com\/#website"},"primaryImageOfPage":{"@id":"https:\/\/cottonedshop.com\/shop\/cotton-filling\/#primaryimage"},"image":{"@id":"https:\/\/cottonedshop.com\/shop\/cotton-filling\/#primaryimage"},"thumbnailUrl":"https:\/\/cottonedshop.com\/wp-content\/uploads\/2018\/04\/Cottoned-GOTS-certified-cotton-filling.jpg","datePublished":"2018-04-11T13:42:45+00:00","dateModified":"2026-04-16T09:07:06+00:00","description":"Discover 100% organic cotton filling, GOTS certified for a non-toxic, sustainable home. Perfect for decor items, bedding, or toys.\"","breadcrumb":{"@id":"https:\/\/cottonedshop.com\/shop\/cotton-filling\/#breadcrumb"},"inLanguage":"sv-SE","potentialAction":[{"@type":"ReadAction","target":["https:\/\/cottonedshop.com\/shop\/cotton-filling\/"]}]},{"@type":"ImageObject","inLanguage":"sv-SE","@id":"https:\/\/cottonedshop.com\/shop\/cotton-filling\/#primaryimage","url":"https:\/\/cottonedshop.com\/wp-content\/uploads\/2018\/04\/Cottoned-GOTS-certified-cotton-filling.jpg","contentUrl":"https:\/\/cottonedshop.com\/wp-content\/uploads\/2018\/04\/Cottoned-GOTS-certified-cotton-filling.jpg","width":1300,"height":1040,"caption":"Cottoned GOTS certified cotton filling"},{"@type":"BreadcrumbList","@id":"https:\/\/cottonedshop.com\/shop\/cotton-filling\/#breadcrumb","itemListElement":[{"@type":"ListItem","position":1,"name":"Home","item":"https:\/\/cottonedshop.com\/"},{"@type":"ListItem","position":2,"name":"Shop","item":"https:\/\/cottonedshop.com\/shop\/"},{"@type":"ListItem","position":3,"name":"100% Organic Cotton Filling | GOTS Certified"}]},{"@type":"WebSite","@id":"https:\/\/cottonedshop.com\/#website","url":"https:\/\/cottonedshop.com\/","name":"Bomullsbutik","description":"","publisher":{"@id":"https:\/\/cottonedshop.com\/#organization"},"potentialAction":[{"@type":"SearchAction","target":{"@type":"EntryPoint","urlTemplate":"https:\/\/cottonedshop.com\/?s={search_term_string}"},"query-input":{"@type":"PropertyValueSpecification","valueRequired":true,"valueName":"search_term_string"}}],"inLanguage":"sv-SE"},{"@type":"Organization","@id":"https:\/\/cottonedshop.com\/#organization","name":"Bomull","url":"https:\/\/cottonedshop.com\/","logo":{"@type":"ImageObject","inLanguage":"sv-SE","@id":"https:\/\/cottonedshop.com\/#\/schema\/logo\/image\/","url":"https:\/\/cottonedshop.com\/wp-content\/uploads\/2021\/02\/cottoned-logo-large.png","contentUrl":"https:\/\/cottonedshop.com\/wp-content\/uploads\/2021\/02\/cottoned-logo-large.png","width":1548,"height":1548,"caption":"Cottoned"},"image":{"@id":"https:\/\/cottonedshop.com\/#\/schema\/logo\/image\/"}}]}},"_links":{"self":[{"href":"https:\/\/cottonedshop.com\/sv\/wp-json\/wp\/v2\/product\/485","targetHints":{"allow":["GET"]}}],"collection":[{"href":"https:\/\/cottonedshop.com\/sv\/wp-json\/wp\/v2\/product"}],"about":[{"href":"https:\/\/cottonedshop.com\/sv\/wp-json\/wp\/v2\/types\/product"}],"replies":[{"embeddable":true,"href":"https:\/\/cottonedshop.com\/sv\/wp-json\/wp\/v2\/comments?post=485"}],"wp:featuredmedia":[{"embeddable":true,"href":"https:\/\/cottonedshop.com\/sv\/wp-json\/wp\/v2\/media\/808"}],"wp:attachment":[{"href":"https:\/\/cottonedshop.com\/sv\/wp-json\/wp\/v2\/media?parent=485"}],"wp:term":[{"taxonomy":"product_brand","embeddable":true,"href":"https:\/\/cottonedshop.com\/sv\/wp-json\/wp\/v2\/product_brand?post=485"},{"taxonomy":"product_cat","embeddable":true,"href":"https:\/\/cottonedshop.com\/sv\/wp-json\/wp\/v2\/product_cat?post=485"},{"taxonomy":"product_tag","embeddable":true,"href":"https:\/\/cottonedshop.com\/sv\/wp-json\/wp\/v2\/product_tag?post=485"}],"curies":[{"name":"wp","href":"https:\/\/api.w.org\/{rel}","templated":true}]}}