{"id":471,"date":"2018-04-11T13:27:13","date_gmt":"2018-04-11T11:27:13","guid":{"rendered":"https:\/\/cottonedshop.com\/?post_type=product&#038;p=471"},"modified":"2026-03-30T05:17:56","modified_gmt":"2026-03-30T02:17:56","slug":"stotfangare-for-spjalsang","status":"publish","type":"product","link":"https:\/\/cottonedshop.com\/sv\/shop\/crib-bumper\/","title":{"rendered":"Spj\u00e4ls\u00e4ngsst\u00f6tf\u00e5ngare i ekologisk bomull med tryck"},"content":{"rendered":"<div class=\"wpb-content-wrapper\"><div  class=\"sec_row container\"><div class=\"vc_row wpb_row vc_row-fluid\"><div class=\"wpb_column vc_column_container vc_col-sm-12 et-dark-column\"><div class=\"vc_column-inner\"><div class=\"wpb_wrapper\">\n\t<div class=\"wpb_text_column wpb_content_element\" >\n\t\t<div class=\"wpb_wrapper\">\n\t\t\t<p style=\"text-align: left;\"><strong>FUNKTIONER:<br \/>\n<\/strong><\/p>\n<p>Inl\u00e4gg i oblekt 100% l\u00e4ttviktsmaterial av ekologisk bomull.<br \/>\nDragkedja p\u00e5 undersidan.<br \/>\nBuntband f\u00f6r att enkelt f\u00e4sta st\u00f6tf\u00e5ngaren i spj\u00e4ls\u00e4ngen. Vi kan anpassa positionerna f\u00f6r banden s\u00e5 att de passar dina behov b\u00e4st.<\/p>\n<p style=\"text-align: left;\"><strong>SK\u00d6TSELANVISNINGAR<\/strong><\/p>\n<p style=\"text-align: left;\">Ytterh\u00f6ljet \u00e4r avtagbart och kan maskintv\u00e4ttas i skonsamt program med milt tv\u00e4ttmedel. St\u00e4ng blixtl\u00e5set f\u00f6r tv\u00e4tt.<\/p>\n<p style=\"text-align: left;\"><strong>VIKTIGT<\/strong><\/p>\n<p style=\"text-align: left;\">* Denna lista \u00e4r endast f\u00f6r en spj\u00e4ls\u00e4ngsst\u00f6tf\u00e5ngare.<br \/>\n* Handgjort f\u00f6rem\u00e5l, en liten avvikelse i m\u00e5tten \u00e4r m\u00f6jlig.<\/p>\n<div aria-hidden=\"false\"><\/div>\n\n\t\t<\/div>\n\t<\/div>\n\n\t<div class=\"wpb_raw_code wpb_raw_html wpb_content_element\" >\n\t\t<div class=\"wpb_wrapper\">\n\t\t\t<div class=\"klaviyo-form-SVRq2G\"><\/div>\n\t\t<\/div>\n\t<\/div>\n<\/div><\/div><\/div><\/div><\/div>\n<\/div>","protected":false},"excerpt":{"rendered":"<p style=\"text-align: left;\">Create a healthy environment for your baby to sleep in with our all-natural and highly breathable crib bumper. Crafted from <strong>high-quality, durable materials<\/strong> and <strong>the purest cotton filling<\/strong>, our <strong>bespoke organic cotton crib bumpers<\/strong> are\u00a0<strong>hypoallergenic, extremely breathable, eco-friendly<\/strong>, and <strong>toxic-free<\/strong>.<\/p>\n<ul>\n<li style=\"text-align: left;\">100% <strong>organic cotton<\/strong> filling inside.<\/li>\n<li style=\"text-align: left;\"><strong>Made-to-order<\/strong> to fit your preferences.<\/li>\n<li style=\"text-align: left;\"><strong>Natural alternative<\/strong> to foam and synthetic cushions.<\/li>\n<li style=\"text-align: left;\"><strong>Limit<\/strong> exposure to <strong>dangerous VOCs<\/strong> in your home.<\/li>\n<li style=\"text-align: left;\">All <strong>taxes<\/strong> and <strong>duties<\/strong> are <strong>included<\/strong>.<\/li>\n<\/ul>\n<p style=\"text-align: left;\">[et_button title=\"REQUEST CUSTOMIZATION\" style=\"solid rounded\" color=\"custom\" align=\"center\" color_custom=\"#3bd4ae\" text_color_custom=\"#ffffff\" link=\"url:https%3A%2F%2Fcottonedshop.com%2Fcontact%2F\"]<\/p>\n","protected":false},"featured_media":474,"comment_status":"open","ping_status":"closed","template":"","meta":[],"product_brand":[],"product_cat":[50],"product_tag":[238,239,240,241,242,243,244],"class_list":{"0":"post-471","1":"product","2":"type-product","3":"status-publish","4":"has-post-thumbnail","6":"product_cat-cottoned-kids","7":"product_tag-baby-bumper","8":"product_tag-baby-crib-bedding","9":"product_tag-cot-bumpers","10":"product_tag-crib-bumper-pads","11":"product_tag-natural-crib-bumper","12":"product_tag-nursery-bedding","13":"product_tag-organic-crib-bumper","15":"first","16":"instock","17":"shipping-taxable","18":"purchasable","19":"product-type-variable"},"yoast_head":"<!-- This site is optimized with the Yoast SEO plugin v27.3 - https:\/\/yoast.com\/product\/yoast-seo-wordpress\/ -->\n<title>Organic Crib Bumper | GOTS Certified | All-natural &amp; Safe<\/title>\n<meta name=\"description\" content=\"All-natural crib bumper filled with 100% organic cotton. Features a machine-washable cover. Provides a safe sleep environment.\" \/>\n<meta name=\"robots\" content=\"index, follow, max-snippet:-1, max-image-preview:large, max-video-preview:-1\" \/>\n<link rel=\"canonical\" href=\"https:\/\/cottonedshop.com\/sv\/butik\/stotfangare-for-spjalsang\/\" \/>\n<meta property=\"og:locale\" content=\"sv_SE\" \/>\n<meta property=\"og:type\" content=\"article\" \/>\n<meta property=\"og:title\" content=\"Organic Crib Bumper | GOTS Certified | All-natural &amp; Safe\" \/>\n<meta property=\"og:description\" content=\"All-natural crib bumper filled with 100% organic cotton. Features a machine-washable cover. Provides a safe sleep environment.\" \/>\n<meta property=\"og:url\" content=\"https:\/\/cottonedshop.com\/sv\/butik\/stotfangare-for-spjalsang\/\" \/>\n<meta property=\"og:site_name\" content=\"Cottoned Shop\" \/>\n<meta property=\"article:modified_time\" content=\"2026-03-30T02:17:56+00:00\" \/>\n<meta property=\"og:image\" content=\"https:\/\/cottonedshop.com\/wp-content\/uploads\/2018\/04\/Cottoned-crib-bumpers-with-organic-cotton-filling-and-ties.jpg\" \/>\n\t<meta property=\"og:image:width\" content=\"1300\" \/>\n\t<meta property=\"og:image:height\" content=\"1040\" \/>\n\t<meta property=\"og:image:type\" content=\"image\/jpeg\" \/>\n<meta name=\"twitter:card\" content=\"summary_large_image\" \/>\n<meta name=\"twitter:label1\" content=\"Ber\u00e4knad l\u00e4stid\" \/>\n\t<meta name=\"twitter:data1\" content=\"1 minut\" \/>\n<script type=\"application\/ld+json\" class=\"yoast-schema-graph\">{\"@context\":\"https:\\\/\\\/schema.org\",\"@graph\":[{\"@type\":\"WebPage\",\"@id\":\"https:\\\/\\\/cottonedshop.com\\\/shop\\\/crib-bumper\\\/\",\"url\":\"https:\\\/\\\/cottonedshop.com\\\/shop\\\/crib-bumper\\\/\",\"name\":\"Organic Crib Bumper | GOTS Certified | All-natural & Safe\",\"isPartOf\":{\"@id\":\"https:\\\/\\\/cottonedshop.com\\\/#website\"},\"primaryImageOfPage\":{\"@id\":\"https:\\\/\\\/cottonedshop.com\\\/shop\\\/crib-bumper\\\/#primaryimage\"},\"image\":{\"@id\":\"https:\\\/\\\/cottonedshop.com\\\/shop\\\/crib-bumper\\\/#primaryimage\"},\"thumbnailUrl\":\"https:\\\/\\\/cottonedshop.com\\\/wp-content\\\/uploads\\\/2018\\\/04\\\/Cottoned-crib-bumpers-with-organic-cotton-filling-and-ties.jpg\",\"datePublished\":\"2018-04-11T11:27:13+00:00\",\"dateModified\":\"2026-03-30T02:17:56+00:00\",\"description\":\"All-natural crib bumper filled with 100% organic cotton. Features a machine-washable cover. Provides a safe sleep environment.\",\"breadcrumb\":{\"@id\":\"https:\\\/\\\/cottonedshop.com\\\/shop\\\/crib-bumper\\\/#breadcrumb\"},\"inLanguage\":\"sv-SE\",\"potentialAction\":[{\"@type\":\"ReadAction\",\"target\":[\"https:\\\/\\\/cottonedshop.com\\\/shop\\\/crib-bumper\\\/\"]}]},{\"@type\":\"ImageObject\",\"inLanguage\":\"sv-SE\",\"@id\":\"https:\\\/\\\/cottonedshop.com\\\/shop\\\/crib-bumper\\\/#primaryimage\",\"url\":\"https:\\\/\\\/cottonedshop.com\\\/wp-content\\\/uploads\\\/2018\\\/04\\\/Cottoned-crib-bumpers-with-organic-cotton-filling-and-ties.jpg\",\"contentUrl\":\"https:\\\/\\\/cottonedshop.com\\\/wp-content\\\/uploads\\\/2018\\\/04\\\/Cottoned-crib-bumpers-with-organic-cotton-filling-and-ties.jpg\",\"width\":1300,\"height\":1040,\"caption\":\"Cottoned-crib-bumpers-with-organic-cotton-filling-and-ties\"},{\"@type\":\"BreadcrumbList\",\"@id\":\"https:\\\/\\\/cottonedshop.com\\\/shop\\\/crib-bumper\\\/#breadcrumb\",\"itemListElement\":[{\"@type\":\"ListItem\",\"position\":1,\"name\":\"Home\",\"item\":\"https:\\\/\\\/cottonedshop.com\\\/\"},{\"@type\":\"ListItem\",\"position\":2,\"name\":\"Shop\",\"item\":\"https:\\\/\\\/cottonedshop.com\\\/shop\\\/\"},{\"@type\":\"ListItem\",\"position\":3,\"name\":\"Custom Organic Cotton Crib Bumper\"}]},{\"@type\":\"WebSite\",\"@id\":\"https:\\\/\\\/cottonedshop.com\\\/#website\",\"url\":\"https:\\\/\\\/cottonedshop.com\\\/\",\"name\":\"Cottoned Shop\",\"description\":\"\",\"publisher\":{\"@id\":\"https:\\\/\\\/cottonedshop.com\\\/#organization\"},\"potentialAction\":[{\"@type\":\"SearchAction\",\"target\":{\"@type\":\"EntryPoint\",\"urlTemplate\":\"https:\\\/\\\/cottonedshop.com\\\/?s={search_term_string}\"},\"query-input\":{\"@type\":\"PropertyValueSpecification\",\"valueRequired\":true,\"valueName\":\"search_term_string\"}}],\"inLanguage\":\"sv-SE\"},{\"@type\":\"Organization\",\"@id\":\"https:\\\/\\\/cottonedshop.com\\\/#organization\",\"name\":\"Cottoned\",\"url\":\"https:\\\/\\\/cottonedshop.com\\\/\",\"logo\":{\"@type\":\"ImageObject\",\"inLanguage\":\"sv-SE\",\"@id\":\"https:\\\/\\\/cottonedshop.com\\\/#\\\/schema\\\/logo\\\/image\\\/\",\"url\":\"https:\\\/\\\/cottonedshop.com\\\/wp-content\\\/uploads\\\/2021\\\/02\\\/cottoned-logo-large.png\",\"contentUrl\":\"https:\\\/\\\/cottonedshop.com\\\/wp-content\\\/uploads\\\/2021\\\/02\\\/cottoned-logo-large.png\",\"width\":1548,\"height\":1548,\"caption\":\"Cottoned\"},\"image\":{\"@id\":\"https:\\\/\\\/cottonedshop.com\\\/#\\\/schema\\\/logo\\\/image\\\/\"}}]}<\/script>\n<!-- \/ Yoast SEO plugin. -->","yoast_head_json":{"title":"Organic Crib Bumper | GOTS Certified | All-natural & Safe","description":"All-natural crib bumper filled with 100% organic cotton. Features a machine-washable cover. Provides a safe sleep environment.","robots":{"index":"index","follow":"follow","max-snippet":"max-snippet:-1","max-image-preview":"max-image-preview:large","max-video-preview":"max-video-preview:-1"},"canonical":"https:\/\/cottonedshop.com\/sv\/butik\/stotfangare-for-spjalsang\/","og_locale":"sv_SE","og_type":"article","og_title":"Organic Crib Bumper | GOTS Certified | All-natural & Safe","og_description":"All-natural crib bumper filled with 100% organic cotton. Features a machine-washable cover. Provides a safe sleep environment.","og_url":"https:\/\/cottonedshop.com\/sv\/butik\/stotfangare-for-spjalsang\/","og_site_name":"Cottoned Shop","article_modified_time":"2026-03-30T02:17:56+00:00","og_image":[{"width":1300,"height":1040,"url":"https:\/\/cottonedshop.com\/wp-content\/uploads\/2018\/04\/Cottoned-crib-bumpers-with-organic-cotton-filling-and-ties.jpg","type":"image\/jpeg"}],"twitter_card":"summary_large_image","twitter_misc":{"Ber\u00e4knad l\u00e4stid":"1 minut"},"schema":{"@context":"https:\/\/schema.org","@graph":[{"@type":"WebPage","@id":"https:\/\/cottonedshop.com\/shop\/crib-bumper\/","url":"https:\/\/cottonedshop.com\/shop\/crib-bumper\/","name":"Organic Crib Bumper | GOTS Certified | All-natural & Safe","isPartOf":{"@id":"https:\/\/cottonedshop.com\/#website"},"primaryImageOfPage":{"@id":"https:\/\/cottonedshop.com\/shop\/crib-bumper\/#primaryimage"},"image":{"@id":"https:\/\/cottonedshop.com\/shop\/crib-bumper\/#primaryimage"},"thumbnailUrl":"https:\/\/cottonedshop.com\/wp-content\/uploads\/2018\/04\/Cottoned-crib-bumpers-with-organic-cotton-filling-and-ties.jpg","datePublished":"2018-04-11T11:27:13+00:00","dateModified":"2026-03-30T02:17:56+00:00","description":"All-natural crib bumper filled with 100% organic cotton. Features a machine-washable cover. Provides a safe sleep environment.","breadcrumb":{"@id":"https:\/\/cottonedshop.com\/shop\/crib-bumper\/#breadcrumb"},"inLanguage":"sv-SE","potentialAction":[{"@type":"ReadAction","target":["https:\/\/cottonedshop.com\/shop\/crib-bumper\/"]}]},{"@type":"ImageObject","inLanguage":"sv-SE","@id":"https:\/\/cottonedshop.com\/shop\/crib-bumper\/#primaryimage","url":"https:\/\/cottonedshop.com\/wp-content\/uploads\/2018\/04\/Cottoned-crib-bumpers-with-organic-cotton-filling-and-ties.jpg","contentUrl":"https:\/\/cottonedshop.com\/wp-content\/uploads\/2018\/04\/Cottoned-crib-bumpers-with-organic-cotton-filling-and-ties.jpg","width":1300,"height":1040,"caption":"Cottoned-crib-bumpers-with-organic-cotton-filling-and-ties"},{"@type":"BreadcrumbList","@id":"https:\/\/cottonedshop.com\/shop\/crib-bumper\/#breadcrumb","itemListElement":[{"@type":"ListItem","position":1,"name":"Home","item":"https:\/\/cottonedshop.com\/"},{"@type":"ListItem","position":2,"name":"Shop","item":"https:\/\/cottonedshop.com\/shop\/"},{"@type":"ListItem","position":3,"name":"Custom Organic Cotton Crib Bumper"}]},{"@type":"WebSite","@id":"https:\/\/cottonedshop.com\/#website","url":"https:\/\/cottonedshop.com\/","name":"Bomullsbutik","description":"","publisher":{"@id":"https:\/\/cottonedshop.com\/#organization"},"potentialAction":[{"@type":"SearchAction","target":{"@type":"EntryPoint","urlTemplate":"https:\/\/cottonedshop.com\/?s={search_term_string}"},"query-input":{"@type":"PropertyValueSpecification","valueRequired":true,"valueName":"search_term_string"}}],"inLanguage":"sv-SE"},{"@type":"Organization","@id":"https:\/\/cottonedshop.com\/#organization","name":"Bomull","url":"https:\/\/cottonedshop.com\/","logo":{"@type":"ImageObject","inLanguage":"sv-SE","@id":"https:\/\/cottonedshop.com\/#\/schema\/logo\/image\/","url":"https:\/\/cottonedshop.com\/wp-content\/uploads\/2021\/02\/cottoned-logo-large.png","contentUrl":"https:\/\/cottonedshop.com\/wp-content\/uploads\/2021\/02\/cottoned-logo-large.png","width":1548,"height":1548,"caption":"Cottoned"},"image":{"@id":"https:\/\/cottonedshop.com\/#\/schema\/logo\/image\/"}}]}},"_links":{"self":[{"href":"https:\/\/cottonedshop.com\/sv\/wp-json\/wp\/v2\/product\/471","targetHints":{"allow":["GET"]}}],"collection":[{"href":"https:\/\/cottonedshop.com\/sv\/wp-json\/wp\/v2\/product"}],"about":[{"href":"https:\/\/cottonedshop.com\/sv\/wp-json\/wp\/v2\/types\/product"}],"replies":[{"embeddable":true,"href":"https:\/\/cottonedshop.com\/sv\/wp-json\/wp\/v2\/comments?post=471"}],"wp:featuredmedia":[{"embeddable":true,"href":"https:\/\/cottonedshop.com\/sv\/wp-json\/wp\/v2\/media\/474"}],"wp:attachment":[{"href":"https:\/\/cottonedshop.com\/sv\/wp-json\/wp\/v2\/media?parent=471"}],"wp:term":[{"taxonomy":"product_brand","embeddable":true,"href":"https:\/\/cottonedshop.com\/sv\/wp-json\/wp\/v2\/product_brand?post=471"},{"taxonomy":"product_cat","embeddable":true,"href":"https:\/\/cottonedshop.com\/sv\/wp-json\/wp\/v2\/product_cat?post=471"},{"taxonomy":"product_tag","embeddable":true,"href":"https:\/\/cottonedshop.com\/sv\/wp-json\/wp\/v2\/product_tag?post=471"}],"curies":[{"name":"wp","href":"https:\/\/api.w.org\/{rel}","templated":true}]}}