{"id":2698,"date":"2020-04-30T16:38:32","date_gmt":"2020-04-30T14:38:32","guid":{"rendered":"https:\/\/cottonedshop.com\/?post_type=product&#038;p=2698"},"modified":"2025-04-18T11:19:38","modified_gmt":"2025-04-18T08:19:38","slug":"ej-tuftad-stolsdyna","status":"publish","type":"product","link":"https:\/\/cottonedshop.com\/sv\/shop\/non-tufted-chair-cushion\/","title":{"rendered":"Stolsdyna i ekologisk bomull 3\u2033 med tv\u00e4ttbart \u00f6verdrag"},"content":{"rendered":"<div class=\"wpb-content-wrapper\"><div  class=\"sec_row container\"><div class=\"vc_row wpb_row vc_row-fluid\"><div class=\"wpb_column vc_column_container vc_col-sm-12 et-dark-column\"><div class=\"vc_column-inner\"><div class=\"wpb_wrapper\">\n\t<div class=\"wpb_text_column wpb_content_element\" >\n\t\t<div class=\"wpb_wrapper\">\n\t\t\t<p style=\"text-align: left;\"><strong>FILLING<\/strong>:<a href=\"https:\/\/cottonedshop.com\/shop\/cotton-filling\/\">100% GOTS-certifierad bomull<\/a><\/p>\n<p style=\"text-align: left;\"><strong>FUNKTIONER:<\/strong><\/p>\n<ul style=\"text-align: left;\">\n<li style=\"text-align: left;\">Dragkedja p\u00e5 baksidan.<\/li>\n<li style=\"text-align: left;\">Gratis lagningskit ing\u00e5r f\u00f6r varje bomullsfylld artikel.<\/li>\n<\/ul>\n<p style=\"text-align: left;\"><strong>DESIGN<\/strong>: Non-tufted with a tufted insert.<\/p>\n<p style=\"text-align: left;\"><strong>EDGES OPTIONS:<\/strong><\/p>\n<ul style=\"text-align: left;\">\n<li>icke pipformade kanter<\/li>\n<li>mini-piped edges<\/li>\n<\/ul>\n<p style=\"text-align: left;\"><strong>ZIP-OFF COVER FABRIC OPTIONS:<\/strong><\/p>\n<ul style=\"text-align: left;\">\n<li>Max bomull (100% bomull), Oeko-Tex-certifierad<\/li>\n<li>Canal (60% bomull\/40% polyester), Oeko-Tex-certifierad<\/li>\n<li>Mimos (50 % bomull\/50% polyester), Oeko-Tex-certifierad<\/li>\n<li>Bella (67% bomull\/33% linne), Oeko-Tex-certifierad<\/li>\n<li>Sammet (65% bomull\/35% polyester), Oeko-Tex-certifierad<\/li>\n<li>Vatten- och smutsavvisande tyg (60% bomull\/40% polyester)<\/li>\n<\/ul>\n<p style=\"text-align: left;\"><strong>INSERT COVER FABRIC:<\/strong><\/p>\n<p style=\"text-align: left;\">100% Organic Cotton, lightweight, unbleached (GOTS certified)<\/p>\n<p style=\"text-align: left;\"><strong>SK\u00d6TSELANVISNINGAR<\/strong><\/p>\n<p style=\"text-align: left;\">1. V\u00e4nd och rotera varje vecka under de f\u00f6rsta tv\u00e5 m\u00e5naderna f\u00f6r att komprimera j\u00e4mnt.<br \/>\n2. Spot clean the insert only.<br \/>\n3. Removable cover is machine washable at gentle cycle with a mild detergent. Close zipper for washing.<\/p>\n<p style=\"text-align: left;\"><strong>VIKTIGT<\/strong><\/p>\n<p style=\"text-align: left;\">* Denna annons g\u00e4ller endast en kudde.<br \/>\n* Bomullsfyllda artiklar \u00e4r f\u00f6rem\u00e5l f\u00f6r en viss grad av komprimering.<br \/>\n* Handgjort f\u00f6rem\u00e5l, en liten avvikelse i m\u00e5tten \u00e4r m\u00f6jlig.<br \/>\n* Tuftning g\u00e5r igenom hela objektet.<\/p>\n<p style=\"text-align: left;\">Tack f\u00f6r att du tog dig tid!<\/p>\n\n\t\t<\/div>\n\t<\/div>\n\n\t<div class=\"wpb_raw_code wpb_raw_html wpb_content_element\" >\n\t\t<div class=\"wpb_wrapper\">\n\t\t\t<div class=\"klaviyo-form-SVRq2G\"><\/div>\n\t\t<\/div>\n\t<\/div>\n<\/div><\/div><\/div><\/div><\/div>\n<\/div>","protected":false},"excerpt":{"rendered":"<p style=\"text-align: left;\">G\u00f6r ett statement med en sittdyna som speglar din individualitet.\u00a0<strong>Specialtillverkad<\/strong>\u00a0med\u00a0<strong>h\u00e5llbara material av h\u00f6g kvalitet<\/strong>\u00a0och\u00a0<strong>fyllning av renaste ekologiska bomull<\/strong> p\u00e5 insidan \u00e4r v\u00e5ra stolsdynor <strong>allergiv\u00e4nlig<\/strong>,\u00a0<strong>extremt god andningsf\u00f6rm\u00e5ga<\/strong>,\u00a0<strong>milj\u00f6v\u00e4nlig<\/strong>, och\u00a0<strong>giftfri<\/strong>.<\/p>\n<p style=\"text-align: left;\">V\u00e4lj fr\u00e5n en\u00a0<strong>brett utbud av tyger<\/strong>,\u00a0<strong>f\u00e4rger<\/strong>,\u00a0<strong>storlekar<\/strong>, och <strong>former <\/strong>f\u00f6r att skapa den stolsdyna du beh\u00f6ver.<\/p>\n<ul>\n<li style=\"text-align: left;\">100%\u00a0<strong>ekologisk bomull<\/strong>\u00a0fyllning inuti.<\/li>\n<li style=\"text-align: left;\"><strong>Tillverkad p\u00e5 best\u00e4llning<\/strong>\u00a0f\u00f6r att passa dina preferenser.<\/li>\n<li style=\"text-align: left;\"><strong>Avtagbart skydd<\/strong>\u00a0f\u00f6r enkelt underh\u00e5ll.<\/li>\n<li style=\"text-align: left;\"><strong>Naturligt alternativ<\/strong>\u00a0till skumkuddar.<\/li>\n<li style=\"text-align: left;\"><strong>Begr\u00e4nsa<\/strong>\u00a0exponering f\u00f6r\u00a0<strong>farliga VOC<\/strong>\u00a0i ditt hem.<\/li>\n<li style=\"text-align: left;\">Gratis<strong>\u00a0lagningssats<\/strong>\u00a0ing\u00e5r.<\/li>\n<li style=\"text-align: left;\">Alla\u00a0<strong>skatter<\/strong>\u00a0och\u00a0<strong>Arbetsuppgifter<\/strong>\u00a0\u00e4r\u00a0<strong>ing\u00e5r<\/strong>.<\/li>\n<\/ul>","protected":false},"featured_media":2714,"comment_status":"open","ping_status":"closed","template":"","meta":[],"product_brand":[],"product_cat":[29],"product_tag":[270,148,271,272,120,273,274,140,141,275,152,276,153,304],"class_list":{"0":"post-2698","1":"product","2":"type-product","3":"status-publish","4":"has-post-thumbnail","6":"product_cat-cushions","7":"product_tag-banquette-cushion","8":"product_tag-bay-window-seat","9":"product_tag-bench-cushion","10":"product_tag-bohemian-couch","11":"product_tag-breakfast-nook","12":"product_tag-custom-bench-cushion","13":"product_tag-entryway-bench","14":"product_tag-french-mattress","15":"product_tag-hand-tufted-cushion","16":"product_tag-indoor-cushion","17":"product_tag-mudroom-seating-pad","18":"product_tag-nook-cushion","19":"product_tag-trapezoid-bay-window","20":"product_tag-velvet-cushion","22":"first","23":"instock","24":"shipping-taxable","25":"product-type-external"},"yoast_head":"<!-- This site is optimized with the Yoast SEO plugin v27.4 - https:\/\/yoast.com\/product\/yoast-seo-wordpress\/ -->\n<title>Custom Organic Cotton 3&quot; Chair Cushion with Washable Cover | Cottoned Shop<\/title>\n<meta name=\"description\" content=\"Handmade chair cushion with washable cover, filled with certified organic cotton. We can make any size or shape on request.\" \/>\n<meta name=\"robots\" content=\"index, follow, max-snippet:-1, max-image-preview:large, max-video-preview:-1\" \/>\n<link rel=\"canonical\" href=\"https:\/\/cottonedshop.com\/sv\/butik\/ej-tuftad-stolsdyna\/\" \/>\n<meta property=\"og:locale\" content=\"sv_SE\" \/>\n<meta property=\"og:type\" content=\"article\" \/>\n<meta property=\"og:title\" content=\"Custom Organic Cotton 3&quot; Chair Cushion with Washable Cover | Cottoned Shop\" \/>\n<meta property=\"og:description\" content=\"Handmade chair cushion with washable cover, filled with certified organic cotton. We can make any size or shape on request.\" \/>\n<meta property=\"og:url\" content=\"https:\/\/cottonedshop.com\/sv\/butik\/ej-tuftad-stolsdyna\/\" \/>\n<meta property=\"og:site_name\" content=\"Cottoned Shop\" \/>\n<meta property=\"article:modified_time\" content=\"2025-04-18T08:19:38+00:00\" \/>\n<meta property=\"og:image\" content=\"https:\/\/cottonedshop.com\/wp-content\/uploads\/2020\/04\/Cotton-non-tufted-chair-cushion.jpg\" \/>\n\t<meta property=\"og:image:width\" content=\"1300\" \/>\n\t<meta property=\"og:image:height\" content=\"1040\" \/>\n\t<meta property=\"og:image:type\" content=\"image\/jpeg\" \/>\n<meta name=\"twitter:card\" content=\"summary_large_image\" \/>\n<meta name=\"twitter:label1\" content=\"Ber\u00e4knad l\u00e4stid\" \/>\n\t<meta name=\"twitter:data1\" content=\"1 minut\" \/>\n<script type=\"application\/ld+json\" class=\"yoast-schema-graph\">{\"@context\":\"https:\\\/\\\/schema.org\",\"@graph\":[{\"@type\":\"WebPage\",\"@id\":\"https:\\\/\\\/cottonedshop.com\\\/shop\\\/non-tufted-chair-cushion\\\/\",\"url\":\"https:\\\/\\\/cottonedshop.com\\\/shop\\\/non-tufted-chair-cushion\\\/\",\"name\":\"Custom Organic Cotton 3\\\" Chair Cushion with Washable Cover | Cottoned Shop\",\"isPartOf\":{\"@id\":\"https:\\\/\\\/cottonedshop.com\\\/#website\"},\"primaryImageOfPage\":{\"@id\":\"https:\\\/\\\/cottonedshop.com\\\/shop\\\/non-tufted-chair-cushion\\\/#primaryimage\"},\"image\":{\"@id\":\"https:\\\/\\\/cottonedshop.com\\\/shop\\\/non-tufted-chair-cushion\\\/#primaryimage\"},\"thumbnailUrl\":\"https:\\\/\\\/cottonedshop.com\\\/wp-content\\\/uploads\\\/2020\\\/04\\\/Cotton-non-tufted-chair-cushion.jpg\",\"datePublished\":\"2020-04-30T14:38:32+00:00\",\"dateModified\":\"2025-04-18T08:19:38+00:00\",\"description\":\"Handmade chair cushion with washable cover, filled with certified organic cotton. We can make any size or shape on request.\",\"breadcrumb\":{\"@id\":\"https:\\\/\\\/cottonedshop.com\\\/shop\\\/non-tufted-chair-cushion\\\/#breadcrumb\"},\"inLanguage\":\"sv-SE\",\"potentialAction\":[{\"@type\":\"ReadAction\",\"target\":[\"https:\\\/\\\/cottonedshop.com\\\/shop\\\/non-tufted-chair-cushion\\\/\"]}]},{\"@type\":\"ImageObject\",\"inLanguage\":\"sv-SE\",\"@id\":\"https:\\\/\\\/cottonedshop.com\\\/shop\\\/non-tufted-chair-cushion\\\/#primaryimage\",\"url\":\"https:\\\/\\\/cottonedshop.com\\\/wp-content\\\/uploads\\\/2020\\\/04\\\/Cotton-non-tufted-chair-cushion.jpg\",\"contentUrl\":\"https:\\\/\\\/cottonedshop.com\\\/wp-content\\\/uploads\\\/2020\\\/04\\\/Cotton-non-tufted-chair-cushion.jpg\",\"width\":1300,\"height\":1040,\"caption\":\"Cotton non-tufted chair cushion\"},{\"@type\":\"BreadcrumbList\",\"@id\":\"https:\\\/\\\/cottonedshop.com\\\/shop\\\/non-tufted-chair-cushion\\\/#breadcrumb\",\"itemListElement\":[{\"@type\":\"ListItem\",\"position\":1,\"name\":\"Home\",\"item\":\"https:\\\/\\\/cottonedshop.com\\\/\"},{\"@type\":\"ListItem\",\"position\":2,\"name\":\"Shop\",\"item\":\"https:\\\/\\\/cottonedshop.com\\\/shop\\\/\"},{\"@type\":\"ListItem\",\"position\":3,\"name\":\"Custom Organic Cotton 3&#8243; Chair Cushion with Washable Cover\"}]},{\"@type\":\"WebSite\",\"@id\":\"https:\\\/\\\/cottonedshop.com\\\/#website\",\"url\":\"https:\\\/\\\/cottonedshop.com\\\/\",\"name\":\"Cottoned Shop\",\"description\":\"\",\"publisher\":{\"@id\":\"https:\\\/\\\/cottonedshop.com\\\/#organization\"},\"potentialAction\":[{\"@type\":\"SearchAction\",\"target\":{\"@type\":\"EntryPoint\",\"urlTemplate\":\"https:\\\/\\\/cottonedshop.com\\\/?s={search_term_string}\"},\"query-input\":{\"@type\":\"PropertyValueSpecification\",\"valueRequired\":true,\"valueName\":\"search_term_string\"}}],\"inLanguage\":\"sv-SE\"},{\"@type\":\"Organization\",\"@id\":\"https:\\\/\\\/cottonedshop.com\\\/#organization\",\"name\":\"Cottoned\",\"url\":\"https:\\\/\\\/cottonedshop.com\\\/\",\"logo\":{\"@type\":\"ImageObject\",\"inLanguage\":\"sv-SE\",\"@id\":\"https:\\\/\\\/cottonedshop.com\\\/#\\\/schema\\\/logo\\\/image\\\/\",\"url\":\"https:\\\/\\\/cottonedshop.com\\\/wp-content\\\/uploads\\\/2021\\\/02\\\/cottoned-logo-large.png\",\"contentUrl\":\"https:\\\/\\\/cottonedshop.com\\\/wp-content\\\/uploads\\\/2021\\\/02\\\/cottoned-logo-large.png\",\"width\":1548,\"height\":1548,\"caption\":\"Cottoned\"},\"image\":{\"@id\":\"https:\\\/\\\/cottonedshop.com\\\/#\\\/schema\\\/logo\\\/image\\\/\"}}]}<\/script>\n<!-- \/ Yoast SEO plugin. -->","yoast_head_json":{"title":"Custom Organic Cotton 3\" Chair Cushion with Washable Cover | Cottoned Shop","description":"Handmade chair cushion with washable cover, filled with certified organic cotton. We can make any size or shape on request.","robots":{"index":"index","follow":"follow","max-snippet":"max-snippet:-1","max-image-preview":"max-image-preview:large","max-video-preview":"max-video-preview:-1"},"canonical":"https:\/\/cottonedshop.com\/sv\/butik\/ej-tuftad-stolsdyna\/","og_locale":"sv_SE","og_type":"article","og_title":"Custom Organic Cotton 3\" Chair Cushion with Washable Cover | Cottoned Shop","og_description":"Handmade chair cushion with washable cover, filled with certified organic cotton. We can make any size or shape on request.","og_url":"https:\/\/cottonedshop.com\/sv\/butik\/ej-tuftad-stolsdyna\/","og_site_name":"Cottoned Shop","article_modified_time":"2025-04-18T08:19:38+00:00","og_image":[{"width":1300,"height":1040,"url":"https:\/\/cottonedshop.com\/wp-content\/uploads\/2020\/04\/Cotton-non-tufted-chair-cushion.jpg","type":"image\/jpeg"}],"twitter_card":"summary_large_image","twitter_misc":{"Ber\u00e4knad l\u00e4stid":"1 minut"},"schema":{"@context":"https:\/\/schema.org","@graph":[{"@type":"WebPage","@id":"https:\/\/cottonedshop.com\/shop\/non-tufted-chair-cushion\/","url":"https:\/\/cottonedshop.com\/shop\/non-tufted-chair-cushion\/","name":"Custom Organic Cotton 3\" Chair Cushion with Washable Cover | Cottoned Shop","isPartOf":{"@id":"https:\/\/cottonedshop.com\/#website"},"primaryImageOfPage":{"@id":"https:\/\/cottonedshop.com\/shop\/non-tufted-chair-cushion\/#primaryimage"},"image":{"@id":"https:\/\/cottonedshop.com\/shop\/non-tufted-chair-cushion\/#primaryimage"},"thumbnailUrl":"https:\/\/cottonedshop.com\/wp-content\/uploads\/2020\/04\/Cotton-non-tufted-chair-cushion.jpg","datePublished":"2020-04-30T14:38:32+00:00","dateModified":"2025-04-18T08:19:38+00:00","description":"Handmade chair cushion with washable cover, filled with certified organic cotton. We can make any size or shape on request.","breadcrumb":{"@id":"https:\/\/cottonedshop.com\/shop\/non-tufted-chair-cushion\/#breadcrumb"},"inLanguage":"sv-SE","potentialAction":[{"@type":"ReadAction","target":["https:\/\/cottonedshop.com\/shop\/non-tufted-chair-cushion\/"]}]},{"@type":"ImageObject","inLanguage":"sv-SE","@id":"https:\/\/cottonedshop.com\/shop\/non-tufted-chair-cushion\/#primaryimage","url":"https:\/\/cottonedshop.com\/wp-content\/uploads\/2020\/04\/Cotton-non-tufted-chair-cushion.jpg","contentUrl":"https:\/\/cottonedshop.com\/wp-content\/uploads\/2020\/04\/Cotton-non-tufted-chair-cushion.jpg","width":1300,"height":1040,"caption":"Cotton non-tufted chair cushion"},{"@type":"BreadcrumbList","@id":"https:\/\/cottonedshop.com\/shop\/non-tufted-chair-cushion\/#breadcrumb","itemListElement":[{"@type":"ListItem","position":1,"name":"Home","item":"https:\/\/cottonedshop.com\/"},{"@type":"ListItem","position":2,"name":"Shop","item":"https:\/\/cottonedshop.com\/shop\/"},{"@type":"ListItem","position":3,"name":"Custom Organic Cotton 3&#8243; Chair Cushion with Washable Cover"}]},{"@type":"WebSite","@id":"https:\/\/cottonedshop.com\/#website","url":"https:\/\/cottonedshop.com\/","name":"Bomullsbutik","description":"","publisher":{"@id":"https:\/\/cottonedshop.com\/#organization"},"potentialAction":[{"@type":"SearchAction","target":{"@type":"EntryPoint","urlTemplate":"https:\/\/cottonedshop.com\/?s={search_term_string}"},"query-input":{"@type":"PropertyValueSpecification","valueRequired":true,"valueName":"search_term_string"}}],"inLanguage":"sv-SE"},{"@type":"Organization","@id":"https:\/\/cottonedshop.com\/#organization","name":"Bomull","url":"https:\/\/cottonedshop.com\/","logo":{"@type":"ImageObject","inLanguage":"sv-SE","@id":"https:\/\/cottonedshop.com\/#\/schema\/logo\/image\/","url":"https:\/\/cottonedshop.com\/wp-content\/uploads\/2021\/02\/cottoned-logo-large.png","contentUrl":"https:\/\/cottonedshop.com\/wp-content\/uploads\/2021\/02\/cottoned-logo-large.png","width":1548,"height":1548,"caption":"Cottoned"},"image":{"@id":"https:\/\/cottonedshop.com\/#\/schema\/logo\/image\/"}}]}},"_links":{"self":[{"href":"https:\/\/cottonedshop.com\/sv\/wp-json\/wp\/v2\/product\/2698","targetHints":{"allow":["GET"]}}],"collection":[{"href":"https:\/\/cottonedshop.com\/sv\/wp-json\/wp\/v2\/product"}],"about":[{"href":"https:\/\/cottonedshop.com\/sv\/wp-json\/wp\/v2\/types\/product"}],"replies":[{"embeddable":true,"href":"https:\/\/cottonedshop.com\/sv\/wp-json\/wp\/v2\/comments?post=2698"}],"wp:featuredmedia":[{"embeddable":true,"href":"https:\/\/cottonedshop.com\/sv\/wp-json\/wp\/v2\/media\/2714"}],"wp:attachment":[{"href":"https:\/\/cottonedshop.com\/sv\/wp-json\/wp\/v2\/media?parent=2698"}],"wp:term":[{"taxonomy":"product_brand","embeddable":true,"href":"https:\/\/cottonedshop.com\/sv\/wp-json\/wp\/v2\/product_brand?post=2698"},{"taxonomy":"product_cat","embeddable":true,"href":"https:\/\/cottonedshop.com\/sv\/wp-json\/wp\/v2\/product_cat?post=2698"},{"taxonomy":"product_tag","embeddable":true,"href":"https:\/\/cottonedshop.com\/sv\/wp-json\/wp\/v2\/product_tag?post=2698"}],"curies":[{"name":"wp","href":"https:\/\/api.w.org\/{rel}","templated":true}]}}