{"id":2180,"date":"2020-03-04T17:44:47","date_gmt":"2020-03-04T15:44:47","guid":{"rendered":"https:\/\/cottonedshop.com\/?post_type=product&#038;p=2180"},"modified":"2025-02-06T15:21:58","modified_gmt":"2025-02-06T13:21:58","slug":"kudde-for-bursprak","status":"publish","type":"product","link":"https:\/\/cottonedshop.com\/sv\/shop\/bay-window-cushion\/","title":{"rendered":"Kudde f\u00f6r f\u00f6nster i ekologisk bomull med tryck"},"content":{"rendered":"<div class=\"wpb-content-wrapper\"><div  class=\"sec_row container\"><div class=\"vc_row wpb_row vc_row-fluid\"><div class=\"wpb_column vc_column_container vc_col-sm-12 et-dark-column\"><div class=\"vc_column-inner\"><div class=\"wpb_wrapper\">\n\t<div class=\"wpb_video_widget wpb_content_element vc_clearfix   vc_video-aspect-ratio-169 vc_video-el-width-100 vc_video-align-center\" >\n\t\t<div class=\"wpb_wrapper\">\n\t\t\t\n\t\t\t<div class=\"wpb_video_wrapper\"><iframe title=\"Handmade Tufted Cushion with Organic Cotton Filling | Cottoned\" width=\"500\" height=\"281\" data-src=\"https:\/\/www.youtube.com\/embed\/NYF9yme6H44?feature=oembed\" frameborder=\"0\" allow=\"accelerometer; autoplay; clipboard-write; encrypted-media; gyroscope; picture-in-picture; web-share\" allowfullscreen src=\"data:image\/svg+xml;base64,PHN2ZyB3aWR0aD0iMSIgaGVpZ2h0PSIxIiB4bWxucz0iaHR0cDovL3d3dy53My5vcmcvMjAwMC9zdmciPjwvc3ZnPg==\" class=\"lazyload\" data-load-mode=\"1\"><\/iframe><\/div>\n\t\t<\/div>\n\t<\/div>\n<div class=\"vc_empty_space\"   style=\"height: 20px\"><span class=\"vc_empty_space_inner\"><\/span><\/div>\n\t<div class=\"wpb_text_column wpb_content_element\" >\n\t\t<div class=\"wpb_wrapper\">\n\t\t\t<p style=\"text-align: left;\"><strong>FYLLNING:<\/strong><\/p>\n<p style=\"text-align: left;\"><a href=\"https:\/\/cottonedshop.com\/product\/cotton-filling\/\">100% Ekologisk GOTS-certifierad bomull<\/a><\/p>\n<p style=\"text-align: left;\"><strong>FUNKTIONER:<\/strong><\/p>\n<ul style=\"text-align: left;\">\n<li>Zipper on one of the long sides.<\/li>\n<li>Inner lining cover: lightweight 100% cotton fabric<\/li>\n<li>Gratis lagningskit ing\u00e5r f\u00f6r varje bomullsfylld artikel.<\/li>\n<\/ul>\n<p style=\"text-align: left;\"><strong>EDGES OPTIONS:<\/strong><\/p>\n<ul style=\"text-align: left;\">\n<li>piped edges<\/li>\n<li>icke pipformade kanter<\/li>\n<li>mini-piped edges<\/li>\n<\/ul>\n<p style=\"text-align: left;\"><strong>TUFTS FINISHING:<\/strong><\/p>\n<ul style=\"text-align: left;\">\n<li>\u00a0Wool Yarn Bows<\/li>\n<\/ul>\n<p style=\"text-align: left;\"><strong>ZIP-OFF COVER FABRIC OPTIONS:<\/strong><\/p>\n<ul style=\"text-align: left;\">\n<li>Max bomull (100% bomull), Oeko-Tex-certifierad<\/li>\n<li>Canal (60% bomull\/40% polyester), Oeko-Tex-certifierad<\/li>\n<li>Mimos (50 % bomull\/50% polyester), Oeko-Tex-certifierad<\/li>\n<li>Bella (67% bomull\/33% linne), Oeko-Tex-certifierad<\/li>\n<li>Sammet (65% bomull\/35% polyester), Oeko-Tex-certifierad<\/li>\n<li>Vatten-\/fl\u00e4ckavvisande tyg (60% bomull\/40% polyester)<\/li>\n<li>F\u00e4rgat linne (100% Linne), Oeko-Tex-certifierat<\/li>\n<li>100% Ekologisk bomull, kraftig, oblekt (GOTS-certifierad)<\/li>\n<\/ul>\n<p style=\"text-align: left;\"><strong>SK\u00d6TSELANVISNINGAR<\/strong><\/p>\n<p style=\"text-align: left;\">1. V\u00e4nd och rotera varje vecka under de f\u00f6rsta tv\u00e5 m\u00e5naderna f\u00f6r att komprimera j\u00e4mnt.<br \/>\n2. Endast fl\u00e4ckreng\u00f6ring.<\/p>\n<p style=\"text-align: left;\">* Note that tufting is what keeps the cotton filling in place and thus goes through the entire item so to take off the cover for washing you need to snip the tufts. Most times you will only need to spot clean the cover. For the rare occasions where you need to machine wash it, we have added inner lining (of a lightweight 100% cotton fabric) to more easily take out and re-stuff the cotton all at once.<\/p>\n<p style=\"text-align: left;\"><strong>VIKTIGT<\/strong><\/p>\n<p style=\"text-align: left;\">* Denna annons g\u00e4ller endast en kudde.<br \/>\n* Bomullsfyllda artiklar \u00e4r f\u00f6rem\u00e5l f\u00f6r en viss grad av komprimering.<br \/>\n* Handgjort f\u00f6rem\u00e5l, en liten avvikelse i m\u00e5tten \u00e4r m\u00f6jlig.<br \/>\n* Tuftning g\u00e5r igenom hela objektet.<\/p>\n<p style=\"text-align: left;\">Tack f\u00f6r att du tog dig tid!<\/p>\n\n\t\t<\/div>\n\t<\/div>\n\n\t<div class=\"wpb_raw_code wpb_raw_html wpb_content_element\" >\n\t\t<div class=\"wpb_wrapper\">\n\t\t\t<div class=\"klaviyo-form-SVRq2G\"><\/div>\n\t\t<\/div>\n\t<\/div>\n<\/div><\/div><\/div><\/div><\/div>\n<\/div>","protected":false},"excerpt":{"rendered":"<p style=\"text-align: left;\">G\u00f6r ett statement med en<strong> sittdyna f\u00f6r burspr\u00e5k <\/strong>som speglar din individualitet. V\u00e5r bomullsfyllda sittdyna \u00e4r handgjord med omsorg och uppm\u00e4rksamhet p\u00e5 detaljer och f\u00f6rh\u00f6jer begreppet avkoppling med sin <strong>konstruktion i ren ekologisk bomull,<\/strong> <strong>h\u00f6g kvalitet <\/strong>och<strong> h\u00e5llbara material,<\/strong> och <strong>anpassningsbar design<\/strong><strong>.<\/strong><\/p>\n<p style=\"text-align: left;\"><strong>Allergiv\u00e4nligt, extremt andningsbart, milj\u00f6v\u00e4nligt,<\/strong> och <strong>giftfri<\/strong><strong>!<\/strong><\/p>\n<p style=\"text-align: left;\">V\u00e4lj fr\u00e5n en <strong>brett utbud av tyger, f\u00e4rger<\/strong><strong>, <\/strong><strong>storlekar, former, r\u00f6r- och tuftningsalternativ<\/strong> f\u00f6r att skapa en sittdyna som kompletterar ditt burspr\u00e5k och speglar din unika smak.<\/p>\n<ul>\n<li style=\"text-align: left;\">100%\u00a0<strong>ekologisk bomull<\/strong>\u00a0fyllning inuti.<\/li>\n<li style=\"text-align: left;\"><strong>Tillverkad p\u00e5 best\u00e4llning <\/strong><strong>f\u00f6r att passa dina preferenser.<\/strong><\/li>\n<li style=\"text-align: left;\"><strong>Naturligt alternativ<\/strong>\u00a0till skumkuddar.<\/li>\n<li style=\"text-align: left;\"><strong>Begr\u00e4nsa<\/strong>\u00a0exponering f\u00f6r\u00a0<strong>farliga VOC<\/strong>\u00a0i ditt hem.<\/li>\n<li style=\"text-align: left;\">Gratis\u00a0<strong>lagningssats<\/strong>\u00a0ing\u00e5r.<\/li>\n<li style=\"text-align: left;\">Alla\u00a0<strong>skatter<\/strong>\u00a0och\u00a0<strong>Arbetsuppgifter<\/strong>\u00a0\u00e4r\u00a0<strong>ing\u00e5r<\/strong>.<\/li>\n<\/ul>","protected":false},"featured_media":10059,"comment_status":"open","ping_status":"closed","template":"","meta":[],"product_brand":[],"product_cat":[29],"product_tag":[270,148,271,272,120,414,273,274,140,141,275,152,276,153,304],"class_list":{"0":"post-2180","1":"product","2":"type-product","3":"status-publish","4":"has-post-thumbnail","6":"product_cat-cushions","7":"product_tag-banquette-cushion","8":"product_tag-bay-window-seat","9":"product_tag-bench-cushion","10":"product_tag-bohemian-couch","11":"product_tag-breakfast-nook","12":"product_tag-buttoned-cushion","13":"product_tag-custom-bench-cushion","14":"product_tag-entryway-bench","15":"product_tag-french-mattress","16":"product_tag-hand-tufted-cushion","17":"product_tag-indoor-cushion","18":"product_tag-mudroom-seating-pad","19":"product_tag-nook-cushion","20":"product_tag-trapezoid-bay-window","21":"product_tag-velvet-cushion","23":"first","24":"instock","25":"shipping-taxable","26":"product-type-external"},"yoast_head":"<!-- This site is optimized with the Yoast SEO plugin v27.4 - https:\/\/yoast.com\/product\/yoast-seo-wordpress\/ -->\n<title>Custom Organic Cotton Bay Window Cushion | Cottoned Shop | Handmade Bedding &amp; Decor<\/title>\n<meta name=\"description\" content=\"Handmade and hand-tufted bay window seat cushion filled with organic cotton stuffing. We can make any size or shape on request.\" \/>\n<meta name=\"robots\" content=\"index, follow, max-snippet:-1, max-image-preview:large, max-video-preview:-1\" \/>\n<link rel=\"canonical\" href=\"https:\/\/cottonedshop.com\/sv\/butik\/kudde-for-bursprak\/\" \/>\n<meta property=\"og:locale\" content=\"sv_SE\" \/>\n<meta property=\"og:type\" content=\"article\" \/>\n<meta property=\"og:title\" content=\"Custom Organic Cotton Bay Window Cushion | Cottoned Shop | Handmade Bedding &amp; Decor\" \/>\n<meta property=\"og:description\" content=\"Handmade and hand-tufted bay window seat cushion filled with organic cotton stuffing. We can make any size or shape on request.\" \/>\n<meta property=\"og:url\" content=\"https:\/\/cottonedshop.com\/sv\/butik\/kudde-for-bursprak\/\" \/>\n<meta property=\"og:site_name\" content=\"Cottoned Shop\" \/>\n<meta property=\"article:modified_time\" content=\"2025-02-06T13:21:58+00:00\" \/>\n<meta property=\"og:image\" content=\"https:\/\/cottonedshop.com\/wp-content\/uploads\/2020\/03\/Cottoned-tufted-trapezoid-cushion.jpg\" \/>\n\t<meta property=\"og:image:width\" content=\"1300\" \/>\n\t<meta property=\"og:image:height\" content=\"1040\" \/>\n\t<meta property=\"og:image:type\" content=\"image\/jpeg\" \/>\n<meta name=\"twitter:card\" content=\"summary_large_image\" \/>\n<meta name=\"twitter:label1\" content=\"Ber\u00e4knad l\u00e4stid\" \/>\n\t<meta name=\"twitter:data1\" content=\"2 minuter\" \/>\n<script type=\"application\/ld+json\" class=\"yoast-schema-graph\">{\"@context\":\"https:\\\/\\\/schema.org\",\"@graph\":[{\"@type\":\"WebPage\",\"@id\":\"https:\\\/\\\/cottonedshop.com\\\/shop\\\/bay-window-cushion\\\/\",\"url\":\"https:\\\/\\\/cottonedshop.com\\\/shop\\\/bay-window-cushion\\\/\",\"name\":\"Custom Organic Cotton Bay Window Cushion | Cottoned Shop | Handmade Bedding & Decor\",\"isPartOf\":{\"@id\":\"https:\\\/\\\/cottonedshop.com\\\/#website\"},\"primaryImageOfPage\":{\"@id\":\"https:\\\/\\\/cottonedshop.com\\\/shop\\\/bay-window-cushion\\\/#primaryimage\"},\"image\":{\"@id\":\"https:\\\/\\\/cottonedshop.com\\\/shop\\\/bay-window-cushion\\\/#primaryimage\"},\"thumbnailUrl\":\"https:\\\/\\\/cottonedshop.com\\\/wp-content\\\/uploads\\\/2020\\\/03\\\/Cottoned-tufted-trapezoid-cushion.jpg\",\"datePublished\":\"2020-03-04T15:44:47+00:00\",\"dateModified\":\"2025-02-06T13:21:58+00:00\",\"description\":\"Handmade and hand-tufted bay window seat cushion filled with organic cotton stuffing. We can make any size or shape on request.\",\"breadcrumb\":{\"@id\":\"https:\\\/\\\/cottonedshop.com\\\/shop\\\/bay-window-cushion\\\/#breadcrumb\"},\"inLanguage\":\"sv-SE\",\"potentialAction\":[{\"@type\":\"ReadAction\",\"target\":[\"https:\\\/\\\/cottonedshop.com\\\/shop\\\/bay-window-cushion\\\/\"]}]},{\"@type\":\"ImageObject\",\"inLanguage\":\"sv-SE\",\"@id\":\"https:\\\/\\\/cottonedshop.com\\\/shop\\\/bay-window-cushion\\\/#primaryimage\",\"url\":\"https:\\\/\\\/cottonedshop.com\\\/wp-content\\\/uploads\\\/2020\\\/03\\\/Cottoned-tufted-trapezoid-cushion.jpg\",\"contentUrl\":\"https:\\\/\\\/cottonedshop.com\\\/wp-content\\\/uploads\\\/2020\\\/03\\\/Cottoned-tufted-trapezoid-cushion.jpg\",\"width\":1300,\"height\":1040,\"caption\":\"Cottoned tufted trapezoid cushion\"},{\"@type\":\"BreadcrumbList\",\"@id\":\"https:\\\/\\\/cottonedshop.com\\\/shop\\\/bay-window-cushion\\\/#breadcrumb\",\"itemListElement\":[{\"@type\":\"ListItem\",\"position\":1,\"name\":\"Home\",\"item\":\"https:\\\/\\\/cottonedshop.com\\\/\"},{\"@type\":\"ListItem\",\"position\":2,\"name\":\"Shop\",\"item\":\"https:\\\/\\\/cottonedshop.com\\\/shop\\\/\"},{\"@type\":\"ListItem\",\"position\":3,\"name\":\"Custom Organic Cotton Bay Window Cushion\"}]},{\"@type\":\"WebSite\",\"@id\":\"https:\\\/\\\/cottonedshop.com\\\/#website\",\"url\":\"https:\\\/\\\/cottonedshop.com\\\/\",\"name\":\"Cottoned Shop\",\"description\":\"\",\"publisher\":{\"@id\":\"https:\\\/\\\/cottonedshop.com\\\/#organization\"},\"potentialAction\":[{\"@type\":\"SearchAction\",\"target\":{\"@type\":\"EntryPoint\",\"urlTemplate\":\"https:\\\/\\\/cottonedshop.com\\\/?s={search_term_string}\"},\"query-input\":{\"@type\":\"PropertyValueSpecification\",\"valueRequired\":true,\"valueName\":\"search_term_string\"}}],\"inLanguage\":\"sv-SE\"},{\"@type\":\"Organization\",\"@id\":\"https:\\\/\\\/cottonedshop.com\\\/#organization\",\"name\":\"Cottoned\",\"url\":\"https:\\\/\\\/cottonedshop.com\\\/\",\"logo\":{\"@type\":\"ImageObject\",\"inLanguage\":\"sv-SE\",\"@id\":\"https:\\\/\\\/cottonedshop.com\\\/#\\\/schema\\\/logo\\\/image\\\/\",\"url\":\"https:\\\/\\\/cottonedshop.com\\\/wp-content\\\/uploads\\\/2021\\\/02\\\/cottoned-logo-large.png\",\"contentUrl\":\"https:\\\/\\\/cottonedshop.com\\\/wp-content\\\/uploads\\\/2021\\\/02\\\/cottoned-logo-large.png\",\"width\":1548,\"height\":1548,\"caption\":\"Cottoned\"},\"image\":{\"@id\":\"https:\\\/\\\/cottonedshop.com\\\/#\\\/schema\\\/logo\\\/image\\\/\"}}]}<\/script>\n<!-- \/ Yoast SEO plugin. -->","yoast_head_json":{"title":"Custom Organic Cotton Bay Window Cushion | Cottoned Shop | Handmade Bedding & Decor","description":"Handmade and hand-tufted bay window seat cushion filled with organic cotton stuffing. We can make any size or shape on request.","robots":{"index":"index","follow":"follow","max-snippet":"max-snippet:-1","max-image-preview":"max-image-preview:large","max-video-preview":"max-video-preview:-1"},"canonical":"https:\/\/cottonedshop.com\/sv\/butik\/kudde-for-bursprak\/","og_locale":"sv_SE","og_type":"article","og_title":"Custom Organic Cotton Bay Window Cushion | Cottoned Shop | Handmade Bedding & Decor","og_description":"Handmade and hand-tufted bay window seat cushion filled with organic cotton stuffing. We can make any size or shape on request.","og_url":"https:\/\/cottonedshop.com\/sv\/butik\/kudde-for-bursprak\/","og_site_name":"Cottoned Shop","article_modified_time":"2025-02-06T13:21:58+00:00","og_image":[{"width":1300,"height":1040,"url":"https:\/\/cottonedshop.com\/wp-content\/uploads\/2020\/03\/Cottoned-tufted-trapezoid-cushion.jpg","type":"image\/jpeg"}],"twitter_card":"summary_large_image","twitter_misc":{"Ber\u00e4knad l\u00e4stid":"2 minuter"},"schema":{"@context":"https:\/\/schema.org","@graph":[{"@type":"WebPage","@id":"https:\/\/cottonedshop.com\/shop\/bay-window-cushion\/","url":"https:\/\/cottonedshop.com\/shop\/bay-window-cushion\/","name":"Custom Organic Cotton Bay Window Cushion | Cottoned Shop | Handmade Bedding & Decor","isPartOf":{"@id":"https:\/\/cottonedshop.com\/#website"},"primaryImageOfPage":{"@id":"https:\/\/cottonedshop.com\/shop\/bay-window-cushion\/#primaryimage"},"image":{"@id":"https:\/\/cottonedshop.com\/shop\/bay-window-cushion\/#primaryimage"},"thumbnailUrl":"https:\/\/cottonedshop.com\/wp-content\/uploads\/2020\/03\/Cottoned-tufted-trapezoid-cushion.jpg","datePublished":"2020-03-04T15:44:47+00:00","dateModified":"2025-02-06T13:21:58+00:00","description":"Handmade and hand-tufted bay window seat cushion filled with organic cotton stuffing. We can make any size or shape on request.","breadcrumb":{"@id":"https:\/\/cottonedshop.com\/shop\/bay-window-cushion\/#breadcrumb"},"inLanguage":"sv-SE","potentialAction":[{"@type":"ReadAction","target":["https:\/\/cottonedshop.com\/shop\/bay-window-cushion\/"]}]},{"@type":"ImageObject","inLanguage":"sv-SE","@id":"https:\/\/cottonedshop.com\/shop\/bay-window-cushion\/#primaryimage","url":"https:\/\/cottonedshop.com\/wp-content\/uploads\/2020\/03\/Cottoned-tufted-trapezoid-cushion.jpg","contentUrl":"https:\/\/cottonedshop.com\/wp-content\/uploads\/2020\/03\/Cottoned-tufted-trapezoid-cushion.jpg","width":1300,"height":1040,"caption":"Cottoned tufted trapezoid cushion"},{"@type":"BreadcrumbList","@id":"https:\/\/cottonedshop.com\/shop\/bay-window-cushion\/#breadcrumb","itemListElement":[{"@type":"ListItem","position":1,"name":"Home","item":"https:\/\/cottonedshop.com\/"},{"@type":"ListItem","position":2,"name":"Shop","item":"https:\/\/cottonedshop.com\/shop\/"},{"@type":"ListItem","position":3,"name":"Custom Organic Cotton Bay Window Cushion"}]},{"@type":"WebSite","@id":"https:\/\/cottonedshop.com\/#website","url":"https:\/\/cottonedshop.com\/","name":"Bomullsbutik","description":"","publisher":{"@id":"https:\/\/cottonedshop.com\/#organization"},"potentialAction":[{"@type":"SearchAction","target":{"@type":"EntryPoint","urlTemplate":"https:\/\/cottonedshop.com\/?s={search_term_string}"},"query-input":{"@type":"PropertyValueSpecification","valueRequired":true,"valueName":"search_term_string"}}],"inLanguage":"sv-SE"},{"@type":"Organization","@id":"https:\/\/cottonedshop.com\/#organization","name":"Bomull","url":"https:\/\/cottonedshop.com\/","logo":{"@type":"ImageObject","inLanguage":"sv-SE","@id":"https:\/\/cottonedshop.com\/#\/schema\/logo\/image\/","url":"https:\/\/cottonedshop.com\/wp-content\/uploads\/2021\/02\/cottoned-logo-large.png","contentUrl":"https:\/\/cottonedshop.com\/wp-content\/uploads\/2021\/02\/cottoned-logo-large.png","width":1548,"height":1548,"caption":"Cottoned"},"image":{"@id":"https:\/\/cottonedshop.com\/#\/schema\/logo\/image\/"}}]}},"_links":{"self":[{"href":"https:\/\/cottonedshop.com\/sv\/wp-json\/wp\/v2\/product\/2180","targetHints":{"allow":["GET"]}}],"collection":[{"href":"https:\/\/cottonedshop.com\/sv\/wp-json\/wp\/v2\/product"}],"about":[{"href":"https:\/\/cottonedshop.com\/sv\/wp-json\/wp\/v2\/types\/product"}],"replies":[{"embeddable":true,"href":"https:\/\/cottonedshop.com\/sv\/wp-json\/wp\/v2\/comments?post=2180"}],"wp:featuredmedia":[{"embeddable":true,"href":"https:\/\/cottonedshop.com\/sv\/wp-json\/wp\/v2\/media\/10059"}],"wp:attachment":[{"href":"https:\/\/cottonedshop.com\/sv\/wp-json\/wp\/v2\/media?parent=2180"}],"wp:term":[{"taxonomy":"product_brand","embeddable":true,"href":"https:\/\/cottonedshop.com\/sv\/wp-json\/wp\/v2\/product_brand?post=2180"},{"taxonomy":"product_cat","embeddable":true,"href":"https:\/\/cottonedshop.com\/sv\/wp-json\/wp\/v2\/product_cat?post=2180"},{"taxonomy":"product_tag","embeddable":true,"href":"https:\/\/cottonedshop.com\/sv\/wp-json\/wp\/v2\/product_tag?post=2180"}],"curies":[{"name":"wp","href":"https:\/\/api.w.org\/{rel}","templated":true}]}}