{"id":14366,"date":"2025-05-14T15:12:47","date_gmt":"2025-05-14T12:12:47","guid":{"rendered":"https:\/\/cottonedshop.com\/?post_type=product&#038;p=14366"},"modified":"2025-05-20T13:10:39","modified_gmt":"2025-05-20T10:10:39","slug":"organic-pillow","status":"publish","type":"product","link":"https:\/\/cottonedshop.com\/sv\/shop\/organic-pillow\/","title":{"rendered":"Cotton Pillow"},"content":{"rendered":"<div class=\"wpb-content-wrapper\"><div  class=\"sec_row container\"><div class=\"vc_row wpb_row vc_row-fluid\"><div class=\"wpb_column vc_column_container vc_col-sm-12 et-dark-column\"><div class=\"vc_column-inner\"><div class=\"wpb_wrapper\">\n\t<div class=\"wpb_text_column wpb_content_element\" >\n\t\t<div class=\"wpb_wrapper\">\n\t\t\t<p><strong>STORLEK:<\/strong><\/p>\n<p>\u25cf Standard\u00a0 &#8211; 20 x 26&#8243; (51 x 66 cm)<br \/>\n\u25cf Queen &#8211; 20 x 30&#8243; (51 x 76 cm)<br \/>\n\u25cf King\u00a0 &#8211; 20 x 36&#8243; (51 x 91 cm)<br \/>\n\u25cf Custom &#8211; please contact us<\/p>\n<p style=\"text-align: left;\"><strong>TYG<\/strong>: 100% Ekologisk bomull, l\u00e4ttvikt, oblekt (GOTS-certifierad)<\/p>\n<p><strong>FILLING<\/strong>: Organic GOTS Certified Cotton Fibers<\/p>\n<p style=\"text-align: left;\"><strong>FUNKTIONER:<\/strong><\/p>\n<p style=\"text-align: left;\">Dragkedja, som g\u00f6r att du kan justera fyllnadsvolymen till den h\u00f6jd och fasthet du tycker \u00e4r mest bekv\u00e4m.<\/p>\n<p style=\"text-align: left;\"><strong>SK\u00d6TSELANVISNINGAR<\/strong><br \/>\nReng\u00f6rs i fl\u00e4ck. Tv\u00e4tta inte med fyllning.<\/p>\n<p style=\"text-align: left;\"><strong>VIKTIGT<\/strong><br \/>\n* This listing is for one pillow only.<br \/>\n* Handgjort f\u00f6rem\u00e5l, sm\u00e5 avvikelser i m\u00e5tt \u00e4r m\u00f6jliga.<\/p>\n\n\t\t<\/div>\n\t<\/div>\n\n\t<div class=\"wpb_raw_code wpb_raw_html wpb_content_element\" >\n\t\t<div class=\"wpb_wrapper\">\n\t\t\t<div class=\"klaviyo-form-SVRq2G\"><\/div>\n\t\t<\/div>\n\t<\/div>\n<\/div><\/div><\/div><\/div><\/div>\n<\/div>","protected":false},"excerpt":{"rendered":"<p style=\"text-align: left;\">Cotton pillow made for every night and almost any sleeping position. Filled with premium organic cotton and made from organic cotton fabric, this organic pillow offers optimal comfort. Free from any chemicals, our non-toxic pillows are perfect for people with chemical sensitivities. Safe for people with allergies.<\/p>\n<ul>\n<li>100%\u00a0<strong>organic cotton<\/strong>\u00a0fabric.<\/li>\n<li>100%\u00a0<strong>organic cotton<\/strong>\u00a0filling inside.<\/li>\n<li><strong>Made-to-order<\/strong>\u00a0to fit your preferences.<\/li>\n<li><strong>Adjustable loft.<\/strong><\/li>\n<li><strong>Natural alternative<\/strong>\u00a0to foam and synthetics.<\/li>\n<li><strong>Limit<\/strong>\u00a0exposure to\u00a0<strong>dangerous VOCs<\/strong>\u00a0in your home.<\/li>\n<li>All <strong>taxes<\/strong> and <strong>duties<\/strong> are <strong>included<\/strong>.<\/li>\n<\/ul>\n[et_button title=\"REQUEST CUSTOMIZATION\" style=\"solid rounded\" color=\"custom\" align=\"center\" color_custom=\"#3bd4ae\" text_color_custom=\"#ffffff\" link=\"url:https%3A%2F%2Fcottonedshop.com%2Fcontact%2F\"]\n","protected":false},"featured_media":14403,"comment_status":"open","ping_status":"closed","template":"","meta":[],"product_brand":[],"product_cat":[86],"product_tag":[215,560,559,219,220,558],"class_list":{"0":"post-14366","1":"product","2":"type-product","3":"status-publish","4":"has-post-thumbnail","6":"product_cat-pillows","7":"product_tag-contour-pillow-case-covers","8":"product_tag-non-toxic-pillow","9":"product_tag-organic-pillow","10":"product_tag-pillowcase-for-orthopedic-pillows","11":"product_tag-pillowcase-for-side-sleeper-pillow","12":"product_tag-sleeping-pillow","14":"first","15":"instock","16":"featured","17":"shipping-taxable","18":"purchasable","19":"product-type-variable"},"yoast_head":"<!-- This site is optimized with the Yoast SEO plugin v27.4 - https:\/\/yoast.com\/product\/yoast-seo-wordpress\/ -->\n<title>Cotton Pillow \u2013 Organic &amp; Non-toxic<\/title>\n<meta name=\"description\" content=\"Shop our organic cotton pillow for ultimate comfort in any position. 100% organic, non-toxic, and allergy-safe with adjustable loft. Eco-friendly!\" \/>\n<meta name=\"robots\" content=\"index, follow, max-snippet:-1, max-image-preview:large, max-video-preview:-1\" \/>\n<link rel=\"canonical\" href=\"https:\/\/cottonedshop.com\/sv\/butik\/organic-pillow\/\" \/>\n<meta property=\"og:locale\" content=\"sv_SE\" \/>\n<meta property=\"og:type\" content=\"article\" \/>\n<meta property=\"og:title\" content=\"Cotton Pillow \u2013 Organic &amp; Non-toxic\" \/>\n<meta property=\"og:description\" content=\"Shop our organic cotton pillow for ultimate comfort in any position. 100% organic, non-toxic, and allergy-safe with adjustable loft. Eco-friendly!\" \/>\n<meta property=\"og:url\" content=\"https:\/\/cottonedshop.com\/sv\/butik\/organic-pillow\/\" \/>\n<meta property=\"og:site_name\" content=\"Cottoned Shop\" \/>\n<meta property=\"article:modified_time\" content=\"2025-05-20T10:10:39+00:00\" \/>\n<meta property=\"og:image\" content=\"https:\/\/cottonedshop.com\/wp-content\/uploads\/2025\/05\/Cottoned-sleeping-pillow-main.jpg\" \/>\n\t<meta property=\"og:image:width\" content=\"2000\" \/>\n\t<meta property=\"og:image:height\" content=\"1600\" \/>\n\t<meta property=\"og:image:type\" content=\"image\/jpeg\" \/>\n<meta name=\"twitter:card\" content=\"summary_large_image\" \/>\n<meta name=\"twitter:label1\" content=\"Ber\u00e4knad l\u00e4stid\" \/>\n\t<meta name=\"twitter:data1\" content=\"1 minut\" \/>\n<script type=\"application\/ld+json\" class=\"yoast-schema-graph\">{\"@context\":\"https:\\\/\\\/schema.org\",\"@graph\":[{\"@type\":\"WebPage\",\"@id\":\"https:\\\/\\\/cottonedshop.com\\\/shop\\\/organic-pillow\\\/\",\"url\":\"https:\\\/\\\/cottonedshop.com\\\/shop\\\/organic-pillow\\\/\",\"name\":\"Cotton Pillow \u2013 Organic & Non-toxic\",\"isPartOf\":{\"@id\":\"https:\\\/\\\/cottonedshop.com\\\/#website\"},\"primaryImageOfPage\":{\"@id\":\"https:\\\/\\\/cottonedshop.com\\\/shop\\\/organic-pillow\\\/#primaryimage\"},\"image\":{\"@id\":\"https:\\\/\\\/cottonedshop.com\\\/shop\\\/organic-pillow\\\/#primaryimage\"},\"thumbnailUrl\":\"https:\\\/\\\/cottonedshop.com\\\/wp-content\\\/uploads\\\/2025\\\/05\\\/Cottoned-sleeping-pillow-main.jpg\",\"datePublished\":\"2025-05-14T12:12:47+00:00\",\"dateModified\":\"2025-05-20T10:10:39+00:00\",\"description\":\"Shop our organic cotton pillow for ultimate comfort in any position. 100% organic, non-toxic, and allergy-safe with adjustable loft. Eco-friendly!\",\"breadcrumb\":{\"@id\":\"https:\\\/\\\/cottonedshop.com\\\/shop\\\/organic-pillow\\\/#breadcrumb\"},\"inLanguage\":\"sv-SE\",\"potentialAction\":[{\"@type\":\"ReadAction\",\"target\":[\"https:\\\/\\\/cottonedshop.com\\\/shop\\\/organic-pillow\\\/\"]}]},{\"@type\":\"ImageObject\",\"inLanguage\":\"sv-SE\",\"@id\":\"https:\\\/\\\/cottonedshop.com\\\/shop\\\/organic-pillow\\\/#primaryimage\",\"url\":\"https:\\\/\\\/cottonedshop.com\\\/wp-content\\\/uploads\\\/2025\\\/05\\\/Cottoned-sleeping-pillow-main.jpg\",\"contentUrl\":\"https:\\\/\\\/cottonedshop.com\\\/wp-content\\\/uploads\\\/2025\\\/05\\\/Cottoned-sleeping-pillow-main.jpg\",\"width\":2000,\"height\":1600},{\"@type\":\"BreadcrumbList\",\"@id\":\"https:\\\/\\\/cottonedshop.com\\\/shop\\\/organic-pillow\\\/#breadcrumb\",\"itemListElement\":[{\"@type\":\"ListItem\",\"position\":1,\"name\":\"Home\",\"item\":\"https:\\\/\\\/cottonedshop.com\\\/\"},{\"@type\":\"ListItem\",\"position\":2,\"name\":\"Shop\",\"item\":\"https:\\\/\\\/cottonedshop.com\\\/shop\\\/\"},{\"@type\":\"ListItem\",\"position\":3,\"name\":\"Cotton Pillow\"}]},{\"@type\":\"WebSite\",\"@id\":\"https:\\\/\\\/cottonedshop.com\\\/#website\",\"url\":\"https:\\\/\\\/cottonedshop.com\\\/\",\"name\":\"Cottoned Shop\",\"description\":\"\",\"publisher\":{\"@id\":\"https:\\\/\\\/cottonedshop.com\\\/#organization\"},\"potentialAction\":[{\"@type\":\"SearchAction\",\"target\":{\"@type\":\"EntryPoint\",\"urlTemplate\":\"https:\\\/\\\/cottonedshop.com\\\/?s={search_term_string}\"},\"query-input\":{\"@type\":\"PropertyValueSpecification\",\"valueRequired\":true,\"valueName\":\"search_term_string\"}}],\"inLanguage\":\"sv-SE\"},{\"@type\":\"Organization\",\"@id\":\"https:\\\/\\\/cottonedshop.com\\\/#organization\",\"name\":\"Cottoned\",\"url\":\"https:\\\/\\\/cottonedshop.com\\\/\",\"logo\":{\"@type\":\"ImageObject\",\"inLanguage\":\"sv-SE\",\"@id\":\"https:\\\/\\\/cottonedshop.com\\\/#\\\/schema\\\/logo\\\/image\\\/\",\"url\":\"https:\\\/\\\/cottonedshop.com\\\/wp-content\\\/uploads\\\/2021\\\/02\\\/cottoned-logo-large.png\",\"contentUrl\":\"https:\\\/\\\/cottonedshop.com\\\/wp-content\\\/uploads\\\/2021\\\/02\\\/cottoned-logo-large.png\",\"width\":1548,\"height\":1548,\"caption\":\"Cottoned\"},\"image\":{\"@id\":\"https:\\\/\\\/cottonedshop.com\\\/#\\\/schema\\\/logo\\\/image\\\/\"}}]}<\/script>\n<!-- \/ Yoast SEO plugin. -->","yoast_head_json":{"title":"Cotton Pillow \u2013 Organic & Non-toxic","description":"Shop our organic cotton pillow for ultimate comfort in any position. 100% organic, non-toxic, and allergy-safe with adjustable loft. Eco-friendly!","robots":{"index":"index","follow":"follow","max-snippet":"max-snippet:-1","max-image-preview":"max-image-preview:large","max-video-preview":"max-video-preview:-1"},"canonical":"https:\/\/cottonedshop.com\/sv\/butik\/organic-pillow\/","og_locale":"sv_SE","og_type":"article","og_title":"Cotton Pillow \u2013 Organic & Non-toxic","og_description":"Shop our organic cotton pillow for ultimate comfort in any position. 100% organic, non-toxic, and allergy-safe with adjustable loft. Eco-friendly!","og_url":"https:\/\/cottonedshop.com\/sv\/butik\/organic-pillow\/","og_site_name":"Cottoned Shop","article_modified_time":"2025-05-20T10:10:39+00:00","og_image":[{"width":2000,"height":1600,"url":"https:\/\/cottonedshop.com\/wp-content\/uploads\/2025\/05\/Cottoned-sleeping-pillow-main.jpg","type":"image\/jpeg"}],"twitter_card":"summary_large_image","twitter_misc":{"Ber\u00e4knad l\u00e4stid":"1 minut"},"schema":{"@context":"https:\/\/schema.org","@graph":[{"@type":"WebPage","@id":"https:\/\/cottonedshop.com\/shop\/organic-pillow\/","url":"https:\/\/cottonedshop.com\/shop\/organic-pillow\/","name":"Cotton Pillow \u2013 Organic & Non-toxic","isPartOf":{"@id":"https:\/\/cottonedshop.com\/#website"},"primaryImageOfPage":{"@id":"https:\/\/cottonedshop.com\/shop\/organic-pillow\/#primaryimage"},"image":{"@id":"https:\/\/cottonedshop.com\/shop\/organic-pillow\/#primaryimage"},"thumbnailUrl":"https:\/\/cottonedshop.com\/wp-content\/uploads\/2025\/05\/Cottoned-sleeping-pillow-main.jpg","datePublished":"2025-05-14T12:12:47+00:00","dateModified":"2025-05-20T10:10:39+00:00","description":"Shop our organic cotton pillow for ultimate comfort in any position. 100% organic, non-toxic, and allergy-safe with adjustable loft. Eco-friendly!","breadcrumb":{"@id":"https:\/\/cottonedshop.com\/shop\/organic-pillow\/#breadcrumb"},"inLanguage":"sv-SE","potentialAction":[{"@type":"ReadAction","target":["https:\/\/cottonedshop.com\/shop\/organic-pillow\/"]}]},{"@type":"ImageObject","inLanguage":"sv-SE","@id":"https:\/\/cottonedshop.com\/shop\/organic-pillow\/#primaryimage","url":"https:\/\/cottonedshop.com\/wp-content\/uploads\/2025\/05\/Cottoned-sleeping-pillow-main.jpg","contentUrl":"https:\/\/cottonedshop.com\/wp-content\/uploads\/2025\/05\/Cottoned-sleeping-pillow-main.jpg","width":2000,"height":1600},{"@type":"BreadcrumbList","@id":"https:\/\/cottonedshop.com\/shop\/organic-pillow\/#breadcrumb","itemListElement":[{"@type":"ListItem","position":1,"name":"Home","item":"https:\/\/cottonedshop.com\/"},{"@type":"ListItem","position":2,"name":"Shop","item":"https:\/\/cottonedshop.com\/shop\/"},{"@type":"ListItem","position":3,"name":"Cotton Pillow"}]},{"@type":"WebSite","@id":"https:\/\/cottonedshop.com\/#website","url":"https:\/\/cottonedshop.com\/","name":"Bomullsbutik","description":"","publisher":{"@id":"https:\/\/cottonedshop.com\/#organization"},"potentialAction":[{"@type":"SearchAction","target":{"@type":"EntryPoint","urlTemplate":"https:\/\/cottonedshop.com\/?s={search_term_string}"},"query-input":{"@type":"PropertyValueSpecification","valueRequired":true,"valueName":"search_term_string"}}],"inLanguage":"sv-SE"},{"@type":"Organization","@id":"https:\/\/cottonedshop.com\/#organization","name":"Bomull","url":"https:\/\/cottonedshop.com\/","logo":{"@type":"ImageObject","inLanguage":"sv-SE","@id":"https:\/\/cottonedshop.com\/#\/schema\/logo\/image\/","url":"https:\/\/cottonedshop.com\/wp-content\/uploads\/2021\/02\/cottoned-logo-large.png","contentUrl":"https:\/\/cottonedshop.com\/wp-content\/uploads\/2021\/02\/cottoned-logo-large.png","width":1548,"height":1548,"caption":"Cottoned"},"image":{"@id":"https:\/\/cottonedshop.com\/#\/schema\/logo\/image\/"}}]}},"_links":{"self":[{"href":"https:\/\/cottonedshop.com\/sv\/wp-json\/wp\/v2\/product\/14366","targetHints":{"allow":["GET"]}}],"collection":[{"href":"https:\/\/cottonedshop.com\/sv\/wp-json\/wp\/v2\/product"}],"about":[{"href":"https:\/\/cottonedshop.com\/sv\/wp-json\/wp\/v2\/types\/product"}],"replies":[{"embeddable":true,"href":"https:\/\/cottonedshop.com\/sv\/wp-json\/wp\/v2\/comments?post=14366"}],"wp:featuredmedia":[{"embeddable":true,"href":"https:\/\/cottonedshop.com\/sv\/wp-json\/wp\/v2\/media\/14403"}],"wp:attachment":[{"href":"https:\/\/cottonedshop.com\/sv\/wp-json\/wp\/v2\/media?parent=14366"}],"wp:term":[{"taxonomy":"product_brand","embeddable":true,"href":"https:\/\/cottonedshop.com\/sv\/wp-json\/wp\/v2\/product_brand?post=14366"},{"taxonomy":"product_cat","embeddable":true,"href":"https:\/\/cottonedshop.com\/sv\/wp-json\/wp\/v2\/product_cat?post=14366"},{"taxonomy":"product_tag","embeddable":true,"href":"https:\/\/cottonedshop.com\/sv\/wp-json\/wp\/v2\/product_tag?post=14366"}],"curies":[{"name":"wp","href":"https:\/\/api.w.org\/{rel}","templated":true}]}}