{"id":13850,"date":"2025-01-27T15:08:53","date_gmt":"2025-01-27T13:08:53","guid":{"rendered":"https:\/\/cottonedshop.com\/?post_type=product&#038;p=13850"},"modified":"2025-01-29T21:25:46","modified_gmt":"2025-01-29T19:25:46","slug":"2pcs-cushions-with-removable-covers-custom-for-christina","status":"publish","type":"product","link":"https:\/\/cottonedshop.com\/sv\/shop\/2pcs-cushions-with-removable-covers-custom-for-christina\/","title":{"rendered":"2pcs Cushions with Removable Covers \/ Custom for Christina"},"content":{"rendered":"<p>(A) CUSHION WITH REMOVABLE COVER &#8211; right side<\/p>\n<p>SIZE: According to customer measurements. 3&#8243; thick.<\/p>\n<p>FILLING: 7.3 kg (16 lbs) of Organic GOTS Certified Cotton Fibers<\/p>\n<p>FUNKTIONER<br \/>\nDragkedja p\u00e5 baksidan av omslaget.<br \/>\nPlatt design, inga synliga tofsar.<br \/>\nTv\u00e4ttbart ytterh\u00f6lje med tuftad insats i tyg av ekologisk bomull 100%.<br \/>\nInsats med blixtl\u00e5s p\u00e5 de tv\u00e5 l\u00e5ngsidorna f\u00f6r att enkelt kunna justera fyllningen vid behov.<\/p>\n<p>Kanter:- Ingen r\u00f6rdragning<\/p>\n<p>FABRIC of the outer cover (removable, washable): \u2022 Water\/Stain repellent fabric (60% Cotton\/40% Polyester), Bionic finish, (Oeko-tex certified) &#8211; #7154<\/p>\n<p>B) CUSHION WITH REMOVABLE COVER &#8211; left side<\/p>\n<p>SIZE: According to customer measurements. 3&#8243; thick.<\/p>\n<p>FILLING: 5.9 kg (13 lbs) of Organic GOTS Certified Cotton Fibers<\/p>\n<p>FUNKTIONER<br \/>\nDragkedja p\u00e5 baksidan av omslaget.<br \/>\nPlatt design, inga synliga tofsar.<br \/>\nTv\u00e4ttbart ytterh\u00f6lje med tuftad insats i tyg av ekologisk bomull 100%.<br \/>\nInsats med blixtl\u00e5s p\u00e5 de tv\u00e5 l\u00e5ngsidorna f\u00f6r att enkelt kunna justera fyllningen vid behov.<\/p>\n<p>Kanter:- Ingen r\u00f6rdragning<br \/>\nFABRIC of the outer cover (removable, washable): \u2022 Water\/Stain repellent fabric (60% Cotton\/40% Polyester), Bionic finish, (Oeko-tex certified) &#8211; #7154<\/p>\n<p>DIN LEVERANSMETOD:- FREE ECONOMY, 1-4 veckors leveranstid<\/p>\n<p>&#8212;&#8212;&#8212;&#8212;&#8212;&#8212;&#8212;&#8212;-<\/p>\n<p>SK\u00d6TSELANVISNINGAR<br \/>\n- V\u00e4nd och rotera varje vecka under de f\u00f6rsta tv\u00e5 m\u00e5naderna f\u00f6r att komprimera j\u00e4mnt.<br \/>\n\u2022 Outer cover is machine washable at gentle cycle with a mild detergent. Close zipper for washing.<\/p>\n<p>VIKTIGT<br \/>\n\u2022 Custom items are non-returnable.<br \/>\n- Bomullsfyllda artiklar uts\u00e4tts f\u00f6r en viss grad av komprimering.<br \/>\n- Handgjort f\u00f6rem\u00e5l, sm\u00e5 avvikelser i m\u00e5tt \u00e4r m\u00f6jliga.<\/p>","protected":false},"excerpt":{"rendered":"<p>(A) CUSHION WITH REMOVABLE COVER &#8211; right side SIZE: According to customer measurements. 3&#8243; thick. FILLING: 7.3 kg (16 lbs) of Organic GOTS Certified Cotton Fibers FEATURES Zipper on back side of the cover. Flat design, no visible tufts. Washable outer cover with tufted insert in 100% Organic Cotton fabric. [&hellip;]<\/p>\n","protected":false},"featured_media":4150,"comment_status":"open","ping_status":"closed","template":"","meta":[],"product_brand":[],"product_cat":[29],"product_tag":[],"class_list":{"0":"post-13850","1":"product","2":"type-product","3":"status-publish","4":"has-post-thumbnail","6":"product_cat-cushions","8":"first","9":"outofstock","10":"shipping-taxable","11":"purchasable","12":"product-type-simple"},"yoast_head":"<!-- This site is optimized with the Yoast SEO plugin v27.3 - https:\/\/yoast.com\/product\/yoast-seo-wordpress\/ -->\n<title>2pcs Cushions with Removable Covers \/ Custom for Christina | Cottoned Shop<\/title>\n<meta name=\"robots\" content=\"index, follow, max-snippet:-1, max-image-preview:large, max-video-preview:-1\" \/>\n<link rel=\"canonical\" href=\"https:\/\/cottonedshop.com\/sv\/butik\/2pcs-cushions-with-removable-covers-custom-for-christina\/\" \/>\n<meta property=\"og:locale\" content=\"sv_SE\" \/>\n<meta property=\"og:type\" content=\"article\" \/>\n<meta property=\"og:title\" content=\"2pcs Cushions with Removable Covers \/ Custom for Christina | Cottoned Shop\" \/>\n<meta property=\"og:description\" content=\"(A) CUSHION WITH REMOVABLE COVER &#8211; right side SIZE: According to customer measurements. 3&#8243; thick. FILLING: 7.3 kg (16 lbs) of Organic GOTS Certified Cotton Fibers FEATURES Zipper on back side of the cover. Flat design, no visible tufts. Washable outer cover with tufted insert in 100% Organic Cotton fabric. [&hellip;]\" \/>\n<meta property=\"og:url\" content=\"https:\/\/cottonedshop.com\/sv\/butik\/2pcs-cushions-with-removable-covers-custom-for-christina\/\" \/>\n<meta property=\"og:site_name\" content=\"Cottoned Shop\" \/>\n<meta property=\"article:modified_time\" content=\"2025-01-29T19:25:46+00:00\" \/>\n<meta property=\"og:image\" content=\"https:\/\/cottonedshop.com\/wp-content\/uploads\/2021\/02\/cottoned-logo-large.png\" \/>\n\t<meta property=\"og:image:width\" content=\"1548\" \/>\n\t<meta property=\"og:image:height\" content=\"1548\" \/>\n\t<meta property=\"og:image:type\" content=\"image\/png\" \/>\n<meta name=\"twitter:card\" content=\"summary_large_image\" \/>\n<meta name=\"twitter:label1\" content=\"Ber\u00e4knad l\u00e4stid\" \/>\n\t<meta name=\"twitter:data1\" content=\"2 minuter\" \/>\n<script type=\"application\/ld+json\" class=\"yoast-schema-graph\">{\"@context\":\"https:\\\/\\\/schema.org\",\"@graph\":[{\"@type\":\"WebPage\",\"@id\":\"https:\\\/\\\/cottonedshop.com\\\/shop\\\/2pcs-cushions-with-removable-covers-custom-for-christina\\\/\",\"url\":\"https:\\\/\\\/cottonedshop.com\\\/shop\\\/2pcs-cushions-with-removable-covers-custom-for-christina\\\/\",\"name\":\"2pcs Cushions with Removable Covers \\\/ Custom for Christina | Cottoned Shop\",\"isPartOf\":{\"@id\":\"https:\\\/\\\/cottonedshop.com\\\/#website\"},\"primaryImageOfPage\":{\"@id\":\"https:\\\/\\\/cottonedshop.com\\\/shop\\\/2pcs-cushions-with-removable-covers-custom-for-christina\\\/#primaryimage\"},\"image\":{\"@id\":\"https:\\\/\\\/cottonedshop.com\\\/shop\\\/2pcs-cushions-with-removable-covers-custom-for-christina\\\/#primaryimage\"},\"thumbnailUrl\":\"https:\\\/\\\/cottonedshop.com\\\/wp-content\\\/uploads\\\/2021\\\/02\\\/cottoned-logo-large.png\",\"datePublished\":\"2025-01-27T13:08:53+00:00\",\"dateModified\":\"2025-01-29T19:25:46+00:00\",\"breadcrumb\":{\"@id\":\"https:\\\/\\\/cottonedshop.com\\\/shop\\\/2pcs-cushions-with-removable-covers-custom-for-christina\\\/#breadcrumb\"},\"inLanguage\":\"sv-SE\",\"potentialAction\":[{\"@type\":\"ReadAction\",\"target\":[\"https:\\\/\\\/cottonedshop.com\\\/shop\\\/2pcs-cushions-with-removable-covers-custom-for-christina\\\/\"]}]},{\"@type\":\"ImageObject\",\"inLanguage\":\"sv-SE\",\"@id\":\"https:\\\/\\\/cottonedshop.com\\\/shop\\\/2pcs-cushions-with-removable-covers-custom-for-christina\\\/#primaryimage\",\"url\":\"https:\\\/\\\/cottonedshop.com\\\/wp-content\\\/uploads\\\/2021\\\/02\\\/cottoned-logo-large.png\",\"contentUrl\":\"https:\\\/\\\/cottonedshop.com\\\/wp-content\\\/uploads\\\/2021\\\/02\\\/cottoned-logo-large.png\",\"width\":1548,\"height\":1548,\"caption\":\"cottoned logo\"},{\"@type\":\"BreadcrumbList\",\"@id\":\"https:\\\/\\\/cottonedshop.com\\\/shop\\\/2pcs-cushions-with-removable-covers-custom-for-christina\\\/#breadcrumb\",\"itemListElement\":[{\"@type\":\"ListItem\",\"position\":1,\"name\":\"Home\",\"item\":\"https:\\\/\\\/cottonedshop.com\\\/\"},{\"@type\":\"ListItem\",\"position\":2,\"name\":\"Shop\",\"item\":\"https:\\\/\\\/cottonedshop.com\\\/shop\\\/\"},{\"@type\":\"ListItem\",\"position\":3,\"name\":\"2pcs Cushions with Removable Covers \\\/ Custom for Christina\"}]},{\"@type\":\"WebSite\",\"@id\":\"https:\\\/\\\/cottonedshop.com\\\/#website\",\"url\":\"https:\\\/\\\/cottonedshop.com\\\/\",\"name\":\"Cottoned Shop\",\"description\":\"\",\"publisher\":{\"@id\":\"https:\\\/\\\/cottonedshop.com\\\/#organization\"},\"potentialAction\":[{\"@type\":\"SearchAction\",\"target\":{\"@type\":\"EntryPoint\",\"urlTemplate\":\"https:\\\/\\\/cottonedshop.com\\\/?s={search_term_string}\"},\"query-input\":{\"@type\":\"PropertyValueSpecification\",\"valueRequired\":true,\"valueName\":\"search_term_string\"}}],\"inLanguage\":\"sv-SE\"},{\"@type\":\"Organization\",\"@id\":\"https:\\\/\\\/cottonedshop.com\\\/#organization\",\"name\":\"Cottoned\",\"url\":\"https:\\\/\\\/cottonedshop.com\\\/\",\"logo\":{\"@type\":\"ImageObject\",\"inLanguage\":\"sv-SE\",\"@id\":\"https:\\\/\\\/cottonedshop.com\\\/#\\\/schema\\\/logo\\\/image\\\/\",\"url\":\"https:\\\/\\\/cottonedshop.com\\\/wp-content\\\/uploads\\\/2021\\\/02\\\/cottoned-logo-large.png\",\"contentUrl\":\"https:\\\/\\\/cottonedshop.com\\\/wp-content\\\/uploads\\\/2021\\\/02\\\/cottoned-logo-large.png\",\"width\":1548,\"height\":1548,\"caption\":\"Cottoned\"},\"image\":{\"@id\":\"https:\\\/\\\/cottonedshop.com\\\/#\\\/schema\\\/logo\\\/image\\\/\"}}]}<\/script>\n<!-- \/ Yoast SEO plugin. -->","yoast_head_json":{"title":"2pcs Cushions with Removable Covers \/ Custom for Christina | Cottoned Shop","robots":{"index":"index","follow":"follow","max-snippet":"max-snippet:-1","max-image-preview":"max-image-preview:large","max-video-preview":"max-video-preview:-1"},"canonical":"https:\/\/cottonedshop.com\/sv\/butik\/2pcs-cushions-with-removable-covers-custom-for-christina\/","og_locale":"sv_SE","og_type":"article","og_title":"2pcs Cushions with Removable Covers \/ Custom for Christina | Cottoned Shop","og_description":"(A) CUSHION WITH REMOVABLE COVER &#8211; right side SIZE: According to customer measurements. 3&#8243; thick. FILLING: 7.3 kg (16 lbs) of Organic GOTS Certified Cotton Fibers FEATURES Zipper on back side of the cover. Flat design, no visible tufts. Washable outer cover with tufted insert in 100% Organic Cotton fabric. [&hellip;]","og_url":"https:\/\/cottonedshop.com\/sv\/butik\/2pcs-cushions-with-removable-covers-custom-for-christina\/","og_site_name":"Cottoned Shop","article_modified_time":"2025-01-29T19:25:46+00:00","og_image":[{"width":1548,"height":1548,"url":"https:\/\/cottonedshop.com\/wp-content\/uploads\/2021\/02\/cottoned-logo-large.png","type":"image\/png"}],"twitter_card":"summary_large_image","twitter_misc":{"Ber\u00e4knad l\u00e4stid":"2 minuter"},"schema":{"@context":"https:\/\/schema.org","@graph":[{"@type":"WebPage","@id":"https:\/\/cottonedshop.com\/shop\/2pcs-cushions-with-removable-covers-custom-for-christina\/","url":"https:\/\/cottonedshop.com\/shop\/2pcs-cushions-with-removable-covers-custom-for-christina\/","name":"2pcs Cushions with Removable Covers \/ Custom for Christina | Cottoned Shop","isPartOf":{"@id":"https:\/\/cottonedshop.com\/#website"},"primaryImageOfPage":{"@id":"https:\/\/cottonedshop.com\/shop\/2pcs-cushions-with-removable-covers-custom-for-christina\/#primaryimage"},"image":{"@id":"https:\/\/cottonedshop.com\/shop\/2pcs-cushions-with-removable-covers-custom-for-christina\/#primaryimage"},"thumbnailUrl":"https:\/\/cottonedshop.com\/wp-content\/uploads\/2021\/02\/cottoned-logo-large.png","datePublished":"2025-01-27T13:08:53+00:00","dateModified":"2025-01-29T19:25:46+00:00","breadcrumb":{"@id":"https:\/\/cottonedshop.com\/shop\/2pcs-cushions-with-removable-covers-custom-for-christina\/#breadcrumb"},"inLanguage":"sv-SE","potentialAction":[{"@type":"ReadAction","target":["https:\/\/cottonedshop.com\/shop\/2pcs-cushions-with-removable-covers-custom-for-christina\/"]}]},{"@type":"ImageObject","inLanguage":"sv-SE","@id":"https:\/\/cottonedshop.com\/shop\/2pcs-cushions-with-removable-covers-custom-for-christina\/#primaryimage","url":"https:\/\/cottonedshop.com\/wp-content\/uploads\/2021\/02\/cottoned-logo-large.png","contentUrl":"https:\/\/cottonedshop.com\/wp-content\/uploads\/2021\/02\/cottoned-logo-large.png","width":1548,"height":1548,"caption":"cottoned logo"},{"@type":"BreadcrumbList","@id":"https:\/\/cottonedshop.com\/shop\/2pcs-cushions-with-removable-covers-custom-for-christina\/#breadcrumb","itemListElement":[{"@type":"ListItem","position":1,"name":"Home","item":"https:\/\/cottonedshop.com\/"},{"@type":"ListItem","position":2,"name":"Shop","item":"https:\/\/cottonedshop.com\/shop\/"},{"@type":"ListItem","position":3,"name":"2pcs Cushions with Removable Covers \/ Custom for Christina"}]},{"@type":"WebSite","@id":"https:\/\/cottonedshop.com\/#website","url":"https:\/\/cottonedshop.com\/","name":"Bomullsbutik","description":"","publisher":{"@id":"https:\/\/cottonedshop.com\/#organization"},"potentialAction":[{"@type":"SearchAction","target":{"@type":"EntryPoint","urlTemplate":"https:\/\/cottonedshop.com\/?s={search_term_string}"},"query-input":{"@type":"PropertyValueSpecification","valueRequired":true,"valueName":"search_term_string"}}],"inLanguage":"sv-SE"},{"@type":"Organization","@id":"https:\/\/cottonedshop.com\/#organization","name":"Bomull","url":"https:\/\/cottonedshop.com\/","logo":{"@type":"ImageObject","inLanguage":"sv-SE","@id":"https:\/\/cottonedshop.com\/#\/schema\/logo\/image\/","url":"https:\/\/cottonedshop.com\/wp-content\/uploads\/2021\/02\/cottoned-logo-large.png","contentUrl":"https:\/\/cottonedshop.com\/wp-content\/uploads\/2021\/02\/cottoned-logo-large.png","width":1548,"height":1548,"caption":"Cottoned"},"image":{"@id":"https:\/\/cottonedshop.com\/#\/schema\/logo\/image\/"}}]}},"_links":{"self":[{"href":"https:\/\/cottonedshop.com\/sv\/wp-json\/wp\/v2\/product\/13850","targetHints":{"allow":["GET"]}}],"collection":[{"href":"https:\/\/cottonedshop.com\/sv\/wp-json\/wp\/v2\/product"}],"about":[{"href":"https:\/\/cottonedshop.com\/sv\/wp-json\/wp\/v2\/types\/product"}],"replies":[{"embeddable":true,"href":"https:\/\/cottonedshop.com\/sv\/wp-json\/wp\/v2\/comments?post=13850"}],"wp:featuredmedia":[{"embeddable":true,"href":"https:\/\/cottonedshop.com\/sv\/wp-json\/wp\/v2\/media\/4150"}],"wp:attachment":[{"href":"https:\/\/cottonedshop.com\/sv\/wp-json\/wp\/v2\/media?parent=13850"}],"wp:term":[{"taxonomy":"product_brand","embeddable":true,"href":"https:\/\/cottonedshop.com\/sv\/wp-json\/wp\/v2\/product_brand?post=13850"},{"taxonomy":"product_cat","embeddable":true,"href":"https:\/\/cottonedshop.com\/sv\/wp-json\/wp\/v2\/product_cat?post=13850"},{"taxonomy":"product_tag","embeddable":true,"href":"https:\/\/cottonedshop.com\/sv\/wp-json\/wp\/v2\/product_tag?post=13850"}],"curies":[{"name":"wp","href":"https:\/\/api.w.org\/{rel}","templated":true}]}}