{"id":13348,"date":"2024-06-11T16:11:51","date_gmt":"2024-06-11T13:11:51","guid":{"rendered":"https:\/\/cottonedshop.com\/?post_type=product&#038;p=13348"},"modified":"2024-06-12T00:35:41","modified_gmt":"2024-06-11T21:35:41","slug":"begarda-andringar-av-order-13344-anpassad-for-colyn","status":"publish","type":"product","link":"https:\/\/cottonedshop.com\/sv\/shop\/requested-changes-to-order-13344-custom-for-colyn\/","title":{"rendered":"Beg\u00e4rda \u00e4ndringar av ordern #13344 \/ Custom f\u00f6r Colyn"},"content":{"rendered":"<p>This listing is to change the items in order #13344 to become:<\/p>\n<div>(A) TRAPEZOID TUFTED CUSHION<\/div>\n<div><\/div>\n<div>16 x 50 x 2&#8221; (40.6 x 127 x 5 cm)<\/div>\n<div>FILLING: 1.7 kg (3.6 lbs) of Organic GOTS Certified Cotton Fibers<\/div>\n<div><\/div>\n<div>SIZE: trapezoid trapezoid<\/div>\n<div>Front: 24\u201d<\/div>\n<div>Back: 50\u201d<\/div>\n<div>Depth: 16\u201d<\/div>\n<div>Thickness: 2\u201d<\/div>\n<div><\/div>\n<div>(B) TRAPEZOID TUFTED CUSHION<\/div>\n<div><\/div>\n<div>16 x 84 x 2&#8221; (40.6 x 213.4 x 5 cm)<\/div>\n<div>FILLING: 2.8 kg (6.1 lbs) of Organic GOTS Certified Cotton Fibers<\/div>\n<div><\/div>\n<div>SIZE: trapezoid trapezoid<\/div>\n<div>Front: 59\u201d<\/div>\n<div>Back: 84\u201d<\/div>\n<div>Depth: 16\u201d<\/div>\n<div>Thickness: 2\u201d<\/div>\n<div><\/div>\n<div>FUNKTIONER:<\/div>\n<div>Dragkedja p\u00e5 baksidan.<\/div>\n<div>Tuftning genom hela kudden f\u00f6r att f\u00f6rhindra att bomullsfyllningen flyttar sig.<\/div>\n<div><\/div>\n<div>Kanter:- Ingen r\u00f6rdragning<\/div>\n<div><\/div>\n<div>FINISH OF THE TUFTS:- Tofsar med garnb\u00e5gar (f\u00e4rgen kan skilja sig n\u00e5got fr\u00e5n tygf\u00e4rgen)<\/div>\n<div><\/div>\n<div>TUFTNINGSM\u00d6NSTER: - Diamant<\/div>\n<div><\/div>\n<div>FABRIC:\u2022 Water\/Stain repellent fabric (60% Cotton\/40% Polyester), Bionic finish, (Oeko-tex certified) \u2013 color 3979<\/div>\n<div><\/div>\n<div>DIN LEVERANSMETOD:- FREE ECONOMY, 1-4 veckors leveranstid<\/div>\n<div>&#8212;&#8212;&#8212;&#8212;&#8212;&#8212;&#8212;-<\/div>","protected":false},"excerpt":{"rendered":"<p>This listing is to change the items in order #13344 to become: (A) TRAPEZOID TUFTED CUSHION 16 x 50 x 2&#8221; (40.6 x 127 x 5 cm) FILLING: 1.7 kg (3.6 lbs) of Organic GOTS Certified Cotton Fibers SIZE: trapezoid trapezoid Front: 24\u201d Back: 50\u201d Depth: 16\u201d Thickness: 2\u201d (B) [&hellip;]<\/p>\n","protected":false},"featured_media":4150,"comment_status":"open","ping_status":"closed","template":"","meta":[],"product_brand":[],"product_cat":[29],"product_tag":[],"class_list":{"0":"post-13348","1":"product","2":"type-product","3":"status-publish","4":"has-post-thumbnail","6":"product_cat-cushions","8":"first","9":"outofstock","10":"shipping-taxable","11":"purchasable","12":"product-type-simple"},"yoast_head":"<!-- This site is optimized with the Yoast SEO plugin v27.3 - https:\/\/yoast.com\/product\/yoast-seo-wordpress\/ -->\n<title>Requested Changes to order #13344 \/ Custom for Colyn | Cottoned Shop<\/title>\n<meta name=\"robots\" content=\"index, follow, max-snippet:-1, max-image-preview:large, max-video-preview:-1\" \/>\n<link rel=\"canonical\" href=\"https:\/\/cottonedshop.com\/sv\/butik\/begarda-andringar-av-order-13344-anpassad-for-colyn\/\" \/>\n<meta property=\"og:locale\" content=\"sv_SE\" \/>\n<meta property=\"og:type\" content=\"article\" \/>\n<meta property=\"og:title\" content=\"Requested Changes to order #13344 \/ Custom for Colyn | Cottoned Shop\" \/>\n<meta property=\"og:description\" content=\"This listing is to change the items in order #13344 to become: (A) TRAPEZOID TUFTED CUSHION 16 x 50 x 2&#8221; (40.6 x 127 x 5 cm) FILLING: 1.7 kg (3.6 lbs) of Organic GOTS Certified Cotton Fibers SIZE: trapezoid trapezoid Front: 24\u201d Back: 50\u201d Depth: 16\u201d Thickness: 2\u201d (B) [&hellip;]\" \/>\n<meta property=\"og:url\" content=\"https:\/\/cottonedshop.com\/sv\/butik\/begarda-andringar-av-order-13344-anpassad-for-colyn\/\" \/>\n<meta property=\"og:site_name\" content=\"Cottoned Shop\" \/>\n<meta property=\"article:modified_time\" content=\"2024-06-11T21:35:41+00:00\" \/>\n<meta property=\"og:image\" content=\"https:\/\/cottonedshop.com\/wp-content\/uploads\/2021\/02\/cottoned-logo-large.png\" \/>\n\t<meta property=\"og:image:width\" content=\"1548\" \/>\n\t<meta property=\"og:image:height\" content=\"1548\" \/>\n\t<meta property=\"og:image:type\" content=\"image\/png\" \/>\n<meta name=\"twitter:card\" content=\"summary_large_image\" \/>\n<meta name=\"twitter:label1\" content=\"Ber\u00e4knad l\u00e4stid\" \/>\n\t<meta name=\"twitter:data1\" content=\"1 minut\" \/>\n<script type=\"application\/ld+json\" class=\"yoast-schema-graph\">{\"@context\":\"https:\\\/\\\/schema.org\",\"@graph\":[{\"@type\":\"WebPage\",\"@id\":\"https:\\\/\\\/cottonedshop.com\\\/shop\\\/requested-changes-to-order-13344-custom-for-colyn\\\/\",\"url\":\"https:\\\/\\\/cottonedshop.com\\\/shop\\\/requested-changes-to-order-13344-custom-for-colyn\\\/\",\"name\":\"Requested Changes to order #13344 \\\/ Custom for Colyn | Cottoned Shop\",\"isPartOf\":{\"@id\":\"https:\\\/\\\/cottonedshop.com\\\/#website\"},\"primaryImageOfPage\":{\"@id\":\"https:\\\/\\\/cottonedshop.com\\\/shop\\\/requested-changes-to-order-13344-custom-for-colyn\\\/#primaryimage\"},\"image\":{\"@id\":\"https:\\\/\\\/cottonedshop.com\\\/shop\\\/requested-changes-to-order-13344-custom-for-colyn\\\/#primaryimage\"},\"thumbnailUrl\":\"https:\\\/\\\/cottonedshop.com\\\/wp-content\\\/uploads\\\/2021\\\/02\\\/cottoned-logo-large.png\",\"datePublished\":\"2024-06-11T13:11:51+00:00\",\"dateModified\":\"2024-06-11T21:35:41+00:00\",\"breadcrumb\":{\"@id\":\"https:\\\/\\\/cottonedshop.com\\\/shop\\\/requested-changes-to-order-13344-custom-for-colyn\\\/#breadcrumb\"},\"inLanguage\":\"sv-SE\",\"potentialAction\":[{\"@type\":\"ReadAction\",\"target\":[\"https:\\\/\\\/cottonedshop.com\\\/shop\\\/requested-changes-to-order-13344-custom-for-colyn\\\/\"]}]},{\"@type\":\"ImageObject\",\"inLanguage\":\"sv-SE\",\"@id\":\"https:\\\/\\\/cottonedshop.com\\\/shop\\\/requested-changes-to-order-13344-custom-for-colyn\\\/#primaryimage\",\"url\":\"https:\\\/\\\/cottonedshop.com\\\/wp-content\\\/uploads\\\/2021\\\/02\\\/cottoned-logo-large.png\",\"contentUrl\":\"https:\\\/\\\/cottonedshop.com\\\/wp-content\\\/uploads\\\/2021\\\/02\\\/cottoned-logo-large.png\",\"width\":1548,\"height\":1548,\"caption\":\"cottoned logo\"},{\"@type\":\"BreadcrumbList\",\"@id\":\"https:\\\/\\\/cottonedshop.com\\\/shop\\\/requested-changes-to-order-13344-custom-for-colyn\\\/#breadcrumb\",\"itemListElement\":[{\"@type\":\"ListItem\",\"position\":1,\"name\":\"Home\",\"item\":\"https:\\\/\\\/cottonedshop.com\\\/\"},{\"@type\":\"ListItem\",\"position\":2,\"name\":\"Shop\",\"item\":\"https:\\\/\\\/cottonedshop.com\\\/shop\\\/\"},{\"@type\":\"ListItem\",\"position\":3,\"name\":\"Requested Changes to order #13344 \\\/ Custom for Colyn\"}]},{\"@type\":\"WebSite\",\"@id\":\"https:\\\/\\\/cottonedshop.com\\\/#website\",\"url\":\"https:\\\/\\\/cottonedshop.com\\\/\",\"name\":\"Cottoned Shop\",\"description\":\"\",\"publisher\":{\"@id\":\"https:\\\/\\\/cottonedshop.com\\\/#organization\"},\"potentialAction\":[{\"@type\":\"SearchAction\",\"target\":{\"@type\":\"EntryPoint\",\"urlTemplate\":\"https:\\\/\\\/cottonedshop.com\\\/?s={search_term_string}\"},\"query-input\":{\"@type\":\"PropertyValueSpecification\",\"valueRequired\":true,\"valueName\":\"search_term_string\"}}],\"inLanguage\":\"sv-SE\"},{\"@type\":\"Organization\",\"@id\":\"https:\\\/\\\/cottonedshop.com\\\/#organization\",\"name\":\"Cottoned\",\"url\":\"https:\\\/\\\/cottonedshop.com\\\/\",\"logo\":{\"@type\":\"ImageObject\",\"inLanguage\":\"sv-SE\",\"@id\":\"https:\\\/\\\/cottonedshop.com\\\/#\\\/schema\\\/logo\\\/image\\\/\",\"url\":\"https:\\\/\\\/cottonedshop.com\\\/wp-content\\\/uploads\\\/2021\\\/02\\\/cottoned-logo-large.png\",\"contentUrl\":\"https:\\\/\\\/cottonedshop.com\\\/wp-content\\\/uploads\\\/2021\\\/02\\\/cottoned-logo-large.png\",\"width\":1548,\"height\":1548,\"caption\":\"Cottoned\"},\"image\":{\"@id\":\"https:\\\/\\\/cottonedshop.com\\\/#\\\/schema\\\/logo\\\/image\\\/\"}}]}<\/script>\n<!-- \/ Yoast SEO plugin. -->","yoast_head_json":{"title":"Requested Changes to order #13344 \/ Custom for Colyn | Cottoned Shop","robots":{"index":"index","follow":"follow","max-snippet":"max-snippet:-1","max-image-preview":"max-image-preview:large","max-video-preview":"max-video-preview:-1"},"canonical":"https:\/\/cottonedshop.com\/sv\/butik\/begarda-andringar-av-order-13344-anpassad-for-colyn\/","og_locale":"sv_SE","og_type":"article","og_title":"Requested Changes to order #13344 \/ Custom for Colyn | Cottoned Shop","og_description":"This listing is to change the items in order #13344 to become: (A) TRAPEZOID TUFTED CUSHION 16 x 50 x 2&#8221; (40.6 x 127 x 5 cm) FILLING: 1.7 kg (3.6 lbs) of Organic GOTS Certified Cotton Fibers SIZE: trapezoid trapezoid Front: 24\u201d Back: 50\u201d Depth: 16\u201d Thickness: 2\u201d (B) [&hellip;]","og_url":"https:\/\/cottonedshop.com\/sv\/butik\/begarda-andringar-av-order-13344-anpassad-for-colyn\/","og_site_name":"Cottoned Shop","article_modified_time":"2024-06-11T21:35:41+00:00","og_image":[{"width":1548,"height":1548,"url":"https:\/\/cottonedshop.com\/wp-content\/uploads\/2021\/02\/cottoned-logo-large.png","type":"image\/png"}],"twitter_card":"summary_large_image","twitter_misc":{"Ber\u00e4knad l\u00e4stid":"1 minut"},"schema":{"@context":"https:\/\/schema.org","@graph":[{"@type":"WebPage","@id":"https:\/\/cottonedshop.com\/shop\/requested-changes-to-order-13344-custom-for-colyn\/","url":"https:\/\/cottonedshop.com\/shop\/requested-changes-to-order-13344-custom-for-colyn\/","name":"Requested Changes to order #13344 \/ Custom for Colyn | Cottoned Shop","isPartOf":{"@id":"https:\/\/cottonedshop.com\/#website"},"primaryImageOfPage":{"@id":"https:\/\/cottonedshop.com\/shop\/requested-changes-to-order-13344-custom-for-colyn\/#primaryimage"},"image":{"@id":"https:\/\/cottonedshop.com\/shop\/requested-changes-to-order-13344-custom-for-colyn\/#primaryimage"},"thumbnailUrl":"https:\/\/cottonedshop.com\/wp-content\/uploads\/2021\/02\/cottoned-logo-large.png","datePublished":"2024-06-11T13:11:51+00:00","dateModified":"2024-06-11T21:35:41+00:00","breadcrumb":{"@id":"https:\/\/cottonedshop.com\/shop\/requested-changes-to-order-13344-custom-for-colyn\/#breadcrumb"},"inLanguage":"sv-SE","potentialAction":[{"@type":"ReadAction","target":["https:\/\/cottonedshop.com\/shop\/requested-changes-to-order-13344-custom-for-colyn\/"]}]},{"@type":"ImageObject","inLanguage":"sv-SE","@id":"https:\/\/cottonedshop.com\/shop\/requested-changes-to-order-13344-custom-for-colyn\/#primaryimage","url":"https:\/\/cottonedshop.com\/wp-content\/uploads\/2021\/02\/cottoned-logo-large.png","contentUrl":"https:\/\/cottonedshop.com\/wp-content\/uploads\/2021\/02\/cottoned-logo-large.png","width":1548,"height":1548,"caption":"cottoned logo"},{"@type":"BreadcrumbList","@id":"https:\/\/cottonedshop.com\/shop\/requested-changes-to-order-13344-custom-for-colyn\/#breadcrumb","itemListElement":[{"@type":"ListItem","position":1,"name":"Home","item":"https:\/\/cottonedshop.com\/"},{"@type":"ListItem","position":2,"name":"Shop","item":"https:\/\/cottonedshop.com\/shop\/"},{"@type":"ListItem","position":3,"name":"Requested Changes to order #13344 \/ Custom for Colyn"}]},{"@type":"WebSite","@id":"https:\/\/cottonedshop.com\/#website","url":"https:\/\/cottonedshop.com\/","name":"Bomullsbutik","description":"","publisher":{"@id":"https:\/\/cottonedshop.com\/#organization"},"potentialAction":[{"@type":"SearchAction","target":{"@type":"EntryPoint","urlTemplate":"https:\/\/cottonedshop.com\/?s={search_term_string}"},"query-input":{"@type":"PropertyValueSpecification","valueRequired":true,"valueName":"search_term_string"}}],"inLanguage":"sv-SE"},{"@type":"Organization","@id":"https:\/\/cottonedshop.com\/#organization","name":"Bomull","url":"https:\/\/cottonedshop.com\/","logo":{"@type":"ImageObject","inLanguage":"sv-SE","@id":"https:\/\/cottonedshop.com\/#\/schema\/logo\/image\/","url":"https:\/\/cottonedshop.com\/wp-content\/uploads\/2021\/02\/cottoned-logo-large.png","contentUrl":"https:\/\/cottonedshop.com\/wp-content\/uploads\/2021\/02\/cottoned-logo-large.png","width":1548,"height":1548,"caption":"Cottoned"},"image":{"@id":"https:\/\/cottonedshop.com\/#\/schema\/logo\/image\/"}}]}},"_links":{"self":[{"href":"https:\/\/cottonedshop.com\/sv\/wp-json\/wp\/v2\/product\/13348","targetHints":{"allow":["GET"]}}],"collection":[{"href":"https:\/\/cottonedshop.com\/sv\/wp-json\/wp\/v2\/product"}],"about":[{"href":"https:\/\/cottonedshop.com\/sv\/wp-json\/wp\/v2\/types\/product"}],"replies":[{"embeddable":true,"href":"https:\/\/cottonedshop.com\/sv\/wp-json\/wp\/v2\/comments?post=13348"}],"wp:featuredmedia":[{"embeddable":true,"href":"https:\/\/cottonedshop.com\/sv\/wp-json\/wp\/v2\/media\/4150"}],"wp:attachment":[{"href":"https:\/\/cottonedshop.com\/sv\/wp-json\/wp\/v2\/media?parent=13348"}],"wp:term":[{"taxonomy":"product_brand","embeddable":true,"href":"https:\/\/cottonedshop.com\/sv\/wp-json\/wp\/v2\/product_brand?post=13348"},{"taxonomy":"product_cat","embeddable":true,"href":"https:\/\/cottonedshop.com\/sv\/wp-json\/wp\/v2\/product_cat?post=13348"},{"taxonomy":"product_tag","embeddable":true,"href":"https:\/\/cottonedshop.com\/sv\/wp-json\/wp\/v2\/product_tag?post=13348"}],"curies":[{"name":"wp","href":"https:\/\/api.w.org\/{rel}","templated":true}]}}