{"id":342,"date":"2016-11-03T12:40:05","date_gmt":"2016-11-03T12:40:05","guid":{"rendered":"http:\/\/import.getbowtied.com\/merchandiser-v1.1\/?page_id=342"},"modified":"2025-01-24T12:55:41","modified_gmt":"2025-01-24T10:55:41","slug":"om","status":"publish","type":"page","link":"https:\/\/cottonedshop.com\/sv\/about\/","title":{"rendered":"Om"},"content":{"rendered":"<div class=\"wpb-content-wrapper\"><div  class=\"sec_row container\"><div class=\"vc_row wpb_row vc_row-fluid\"><div class=\"wpb_column vc_column_container vc_col-sm-6 et-dark-column\"><div class=\"vc_column-inner\"><div class=\"wpb_wrapper\">\n\t<div class=\"wpb_text_column wpb_content_element\" >\n\t\t<div class=\"wpb_wrapper\">\n\t\t\t<p>Vi \u00e4r h\u00e4r f\u00f6r att sprida lyckan i ett medvetet, h\u00e4lsosamt och vackert hem genom att skapa ett brett utbud av inredningsartiklar, kuddar, puffar, babymadrasser, saccos\u00e4ckar, skr\u00e4ddarsydda ekologiska s\u00e4ngkl\u00e4der och till och med s\u00e4ngar f\u00f6r husdjur med den renaste ekologiska bomull och tyger som finns tillg\u00e4ngliga.<\/p>\n<p>Cottoned v\u00e4nder sig till dig som har en l\u00e4ngtan efter naturliga fibrer och f\u00e4rgglad design i ditt hem, liksom till dig som lever ett h\u00e4lsosamt och medvetet liv. Alla v\u00e5ra m\u00f6nster kan anpassas f\u00f6r att passa ditt utrymme och v\u00e5rt team \u00e4lskar att utforska nya alternativ s\u00e5 att vi kan skapa n\u00e5got unikt f\u00f6r dig.<\/p>\n<p>Vi samlar in de renaste naturliga\u00a0<a href=\"https:\/\/www.global-standard.org\/\">GOTS-certifierad ekologisk<\/a> bomull och ett brett utbud av tyger och f\u00e4rger f\u00f6r att handarbeta dem i Bulgarien till inredningsartiklar och s\u00e4ngkl\u00e4der f\u00f6r dina mysiga dagar och dr\u00f6mmande n\u00e4tter. Vi v\u00e4ljer noggrant ut v\u00e5r bomullsfyllning som ska vara oblekt, fri fr\u00e5n kemikalier, f\u00e4rg\u00e4mnen, ytbehandlingar, polymerer och toxiner, vilket g\u00f6r att vi kan f\u00f6r\u00e4dla varje enskild produkt till en perfekt hemtrevlig produkt f\u00f6r personer med allergier och h\u00f6g k\u00e4nslighet f\u00f6r kemikalier.<\/p>\n<p>Bomull \u00e4r en naturfiber och som s\u00e5dan \u00e4r den milj\u00f6m\u00e4ssigt h\u00e5llbar, naturligt allergiv\u00e4nlig, biologiskt nedbrytbar och andningsbar: alla dessa f\u00f6rdelar samverkar f\u00f6r att s\u00e4kerst\u00e4lla att du f\u00e5r den vila hemma som du f\u00f6rtj\u00e4nar och \u00f6nskar. V\u00e5rt tygutbud best\u00e5r av b\u00e5de ekologisk oblekt och of\u00e4rgad bomull samt ett stort utbud av f\u00e4rgstarka tyger som bomull, linne, bomull-linneblandningar och sammet. Och om du \u00e4lskar ett tyg kan du skicka \u00f6ver det till oss s\u00e5 f\u00f6rvandlar vi det till precis det du dr\u00f6mmer om!<\/p>\n<p>Vi anser att processen med att skapa dina artiklar \u00e4r lika viktig som slutresultatet. V\u00e5r st\u00f6rsta tillg\u00e5ng \u00e4r det team som st\u00e5r bakom varje levererat paket och ett glatt team leder till enast\u00e5ende resultat. Vi vet att n\u00e4r du best\u00e4ller dina Cottoned-artiklar bryr du dig inte bara om din h\u00e4lsa, komfort och mysighet hemma utan du bryr dig ocks\u00e5 om nutiden och framtiden f\u00f6r v\u00e5r planet jorden. Det g\u00f6r vi ocks\u00e5! I v\u00e5ra dagliga rutiner i studion f\u00f6ljer vi v\u00e5r policy om noll avfall och f\u00f6rs\u00f6ker g\u00f6ra hela processen med att tillverka ditt Cottoned-plagg s\u00e5 naturv\u00e4nlig som m\u00f6jligt.<\/p>\n<p>Din,<br \/>\nThe Cottoned Shop Team<\/p>\n<h4 style=\"text-align: center;\"><\/h4>\n\n\t\t<\/div>\n\t<\/div>\n<\/div><\/div><\/div><div class=\"wpb_column vc_column_container vc_col-sm-6 et-dark-column\"><div class=\"vc_column-inner\"><div class=\"wpb_wrapper\">\n\t<div class=\"wpb_text_column wpb_content_element\" >\n\t\t<div class=\"wpb_wrapper\">\n\t\t\t<h3 style=\"text-align: center;\">JARIN<\/h3>\n<h4 style=\"text-align: center;\">SKAPARE &amp; DESIGNER<\/h4>\n\n\t\t<\/div>\n\t<\/div>\n<\/div><\/div><\/div><\/div><\/div><div  class=\"sec_row container\"><div class=\"vc_row wpb_row vc_row-fluid\"><div class=\"wpb_column vc_column_container vc_col-sm-12 et-dark-column\"><div class=\"vc_column-inner\"><div class=\"wpb_wrapper\"><div class=\"vc_empty_space\"   style=\"height: 32px\"><span class=\"vc_empty_space_inner\"><\/span><\/div>\n\t<div class=\"wpb_raw_code wpb_raw_html wpb_content_element\" >\n\t\t<div class=\"wpb_wrapper\">\n\t\t\t<div class=\"klaviyo-form-TCbWMS\"><\/div>\n\t\t<\/div>\n\t<\/div>\n<\/div><\/div><\/div><\/div><\/div>\n<\/div>","protected":false},"excerpt":{"rendered":"We are here to spread the blissfulness of a mindful, healthy, and beautiful home by creating a wide range of d\u00e9cor items, cushions, pillows, puffs, baby mattresses, bean bag chairs, customized organic bedding, and even pet beds using the purest organic cotton and fabrics available. Cottoned reaches out to those [...]","protected":false},"author":1,"featured_media":0,"parent":0,"menu_order":0,"comment_status":"closed","ping_status":"closed","template":"","meta":{"footnotes":""},"class_list":["post-342","page","type-page","status-publish","hentry"],"yoast_head":"<!-- This site is optimized with the Yoast SEO plugin v27.4 - https:\/\/yoast.com\/product\/yoast-seo-wordpress\/ -->\n<title>About | Cottoned Shop<\/title>\n<meta name=\"description\" content=\"If you&#039;re wondering about who Cottoned are, just follow the link.\" \/>\n<meta name=\"robots\" content=\"index, follow, max-snippet:-1, max-image-preview:large, max-video-preview:-1\" \/>\n<link rel=\"canonical\" href=\"https:\/\/cottonedshop.com\/sv\/om\/\" \/>\n<meta property=\"og:locale\" content=\"sv_SE\" \/>\n<meta property=\"og:type\" content=\"article\" \/>\n<meta property=\"og:title\" content=\"About | Cottoned Shop\" \/>\n<meta property=\"og:description\" content=\"If you&#039;re wondering about who Cottoned are, just follow the link.\" \/>\n<meta property=\"og:url\" content=\"https:\/\/cottonedshop.com\/sv\/om\/\" \/>\n<meta property=\"og:site_name\" content=\"Cottoned Shop\" \/>\n<meta property=\"article:modified_time\" content=\"2025-01-24T10:55:41+00:00\" \/>\n<meta name=\"twitter:card\" content=\"summary_large_image\" \/>\n<meta name=\"twitter:label1\" content=\"Ber\u00e4knad l\u00e4stid\" \/>\n\t<meta name=\"twitter:data1\" content=\"2 minuter\" \/>\n<script type=\"application\/ld+json\" class=\"yoast-schema-graph\">{\"@context\":\"https:\\\/\\\/schema.org\",\"@graph\":[{\"@type\":\"WebPage\",\"@id\":\"https:\\\/\\\/cottonedshop.com\\\/about\\\/\",\"url\":\"https:\\\/\\\/cottonedshop.com\\\/about\\\/\",\"name\":\"About | Cottoned Shop\",\"isPartOf\":{\"@id\":\"https:\\\/\\\/cottonedshop.com\\\/#website\"},\"datePublished\":\"2016-11-03T12:40:05+00:00\",\"dateModified\":\"2025-01-24T10:55:41+00:00\",\"description\":\"If you're wondering about who Cottoned are, just follow the link.\",\"breadcrumb\":{\"@id\":\"https:\\\/\\\/cottonedshop.com\\\/about\\\/#breadcrumb\"},\"inLanguage\":\"sv-SE\",\"potentialAction\":[{\"@type\":\"ReadAction\",\"target\":[\"https:\\\/\\\/cottonedshop.com\\\/about\\\/\"]}]},{\"@type\":\"BreadcrumbList\",\"@id\":\"https:\\\/\\\/cottonedshop.com\\\/about\\\/#breadcrumb\",\"itemListElement\":[{\"@type\":\"ListItem\",\"position\":1,\"name\":\"Home\",\"item\":\"https:\\\/\\\/cottonedshop.com\\\/\"},{\"@type\":\"ListItem\",\"position\":2,\"name\":\"About\"}]},{\"@type\":\"WebSite\",\"@id\":\"https:\\\/\\\/cottonedshop.com\\\/#website\",\"url\":\"https:\\\/\\\/cottonedshop.com\\\/\",\"name\":\"Cottoned Shop\",\"description\":\"\",\"publisher\":{\"@id\":\"https:\\\/\\\/cottonedshop.com\\\/#organization\"},\"potentialAction\":[{\"@type\":\"SearchAction\",\"target\":{\"@type\":\"EntryPoint\",\"urlTemplate\":\"https:\\\/\\\/cottonedshop.com\\\/?s={search_term_string}\"},\"query-input\":{\"@type\":\"PropertyValueSpecification\",\"valueRequired\":true,\"valueName\":\"search_term_string\"}}],\"inLanguage\":\"sv-SE\"},{\"@type\":\"Organization\",\"@id\":\"https:\\\/\\\/cottonedshop.com\\\/#organization\",\"name\":\"Cottoned\",\"url\":\"https:\\\/\\\/cottonedshop.com\\\/\",\"logo\":{\"@type\":\"ImageObject\",\"inLanguage\":\"sv-SE\",\"@id\":\"https:\\\/\\\/cottonedshop.com\\\/#\\\/schema\\\/logo\\\/image\\\/\",\"url\":\"https:\\\/\\\/cottonedshop.com\\\/wp-content\\\/uploads\\\/2021\\\/02\\\/cottoned-logo-large.png\",\"contentUrl\":\"https:\\\/\\\/cottonedshop.com\\\/wp-content\\\/uploads\\\/2021\\\/02\\\/cottoned-logo-large.png\",\"width\":1548,\"height\":1548,\"caption\":\"Cottoned\"},\"image\":{\"@id\":\"https:\\\/\\\/cottonedshop.com\\\/#\\\/schema\\\/logo\\\/image\\\/\"}}]}<\/script>\n<!-- \/ Yoast SEO plugin. -->","yoast_head_json":{"title":"Om Cottoned Shop","description":"Om du undrar \u00f6ver vilka Cottoned \u00e4r, f\u00f6lj bara l\u00e4nken.","robots":{"index":"index","follow":"follow","max-snippet":"max-snippet:-1","max-image-preview":"max-image-preview:large","max-video-preview":"max-video-preview:-1"},"canonical":"https:\/\/cottonedshop.com\/sv\/om\/","og_locale":"sv_SE","og_type":"article","og_title":"About | Cottoned Shop","og_description":"If you're wondering about who Cottoned are, just follow the link.","og_url":"https:\/\/cottonedshop.com\/sv\/om\/","og_site_name":"Cottoned Shop","article_modified_time":"2025-01-24T10:55:41+00:00","twitter_card":"summary_large_image","twitter_misc":{"Ber\u00e4knad l\u00e4stid":"2 minuter"},"schema":{"@context":"https:\/\/schema.org","@graph":[{"@type":"WebPage","@id":"https:\/\/cottonedshop.com\/about\/","url":"https:\/\/cottonedshop.com\/about\/","name":"Om Cottoned Shop","isPartOf":{"@id":"https:\/\/cottonedshop.com\/#website"},"datePublished":"2016-11-03T12:40:05+00:00","dateModified":"2025-01-24T10:55:41+00:00","description":"Om du undrar \u00f6ver vilka Cottoned \u00e4r, f\u00f6lj bara l\u00e4nken.","breadcrumb":{"@id":"https:\/\/cottonedshop.com\/about\/#breadcrumb"},"inLanguage":"sv-SE","potentialAction":[{"@type":"ReadAction","target":["https:\/\/cottonedshop.com\/about\/"]}]},{"@type":"BreadcrumbList","@id":"https:\/\/cottonedshop.com\/about\/#breadcrumb","itemListElement":[{"@type":"ListItem","position":1,"name":"Home","item":"https:\/\/cottonedshop.com\/"},{"@type":"ListItem","position":2,"name":"About"}]},{"@type":"WebSite","@id":"https:\/\/cottonedshop.com\/#website","url":"https:\/\/cottonedshop.com\/","name":"Bomullsbutik","description":"","publisher":{"@id":"https:\/\/cottonedshop.com\/#organization"},"potentialAction":[{"@type":"SearchAction","target":{"@type":"EntryPoint","urlTemplate":"https:\/\/cottonedshop.com\/?s={search_term_string}"},"query-input":{"@type":"PropertyValueSpecification","valueRequired":true,"valueName":"search_term_string"}}],"inLanguage":"sv-SE"},{"@type":"Organization","@id":"https:\/\/cottonedshop.com\/#organization","name":"Bomull","url":"https:\/\/cottonedshop.com\/","logo":{"@type":"ImageObject","inLanguage":"sv-SE","@id":"https:\/\/cottonedshop.com\/#\/schema\/logo\/image\/","url":"https:\/\/cottonedshop.com\/wp-content\/uploads\/2021\/02\/cottoned-logo-large.png","contentUrl":"https:\/\/cottonedshop.com\/wp-content\/uploads\/2021\/02\/cottoned-logo-large.png","width":1548,"height":1548,"caption":"Cottoned"},"image":{"@id":"https:\/\/cottonedshop.com\/#\/schema\/logo\/image\/"}}]}},"_links":{"self":[{"href":"https:\/\/cottonedshop.com\/sv\/wp-json\/wp\/v2\/pages\/342","targetHints":{"allow":["GET"]}}],"collection":[{"href":"https:\/\/cottonedshop.com\/sv\/wp-json\/wp\/v2\/pages"}],"about":[{"href":"https:\/\/cottonedshop.com\/sv\/wp-json\/wp\/v2\/types\/page"}],"author":[{"embeddable":true,"href":"https:\/\/cottonedshop.com\/sv\/wp-json\/wp\/v2\/users\/1"}],"replies":[{"embeddable":true,"href":"https:\/\/cottonedshop.com\/sv\/wp-json\/wp\/v2\/comments?post=342"}],"version-history":[{"count":0,"href":"https:\/\/cottonedshop.com\/sv\/wp-json\/wp\/v2\/pages\/342\/revisions"}],"wp:attachment":[{"href":"https:\/\/cottonedshop.com\/sv\/wp-json\/wp\/v2\/media?parent=342"}],"curies":[{"name":"wp","href":"https:\/\/api.w.org\/{rel}","templated":true}]}}