{"id":12448,"date":"2023-04-11T09:42:37","date_gmt":"2023-04-11T06:42:37","guid":{"rendered":"https:\/\/cottonedshop.com\/?page_id=12448"},"modified":"2023-12-12T12:47:09","modified_gmt":"2023-12-12T10:47:09","slug":"var-ekologiska-bomull","status":"publish","type":"page","link":"https:\/\/cottonedshop.com\/sv\/our-organic-cotton\/","title":{"rendered":"V\u00e5r ekologiska bomull"},"content":{"rendered":"<div class=\"wpb-content-wrapper\"><div  class=\"sec_row container\"><div class=\"vc_row wpb_row vc_row-fluid\"><div class=\"wpb_column vc_column_container vc_col-sm-12 et-dark-column\"><div class=\"vc_column-inner\"><div class=\"wpb_wrapper\">\n\t<div  class=\"wpb_single_image wpb_content_element vc_align_center wpb_content_element\">\n\t\t\n\t\t<figure class=\"wpb_wrapper vc_figure\">\n\t\t\t<a href=\"https:\/\/cottonedshop.com\/shop\/cotton-filling\/\" target=\"_self\" class=\"vc_single_image-wrapper   vc_box_border_grey\"><img decoding=\"async\" width=\"1024\" height=\"819\" data-src=\"https:\/\/cottonedshop.com\/wp-content\/uploads\/2018\/04\/Cottoned-GOTS-certified-organic-cotton-filling-2-1024x819.jpg\" class=\"vc_single_image-img attachment-large lazyload\" alt=\"Fyllning i bomull av GOTS-certifierad ekologisk bomull\" title=\"Fyllning i bomull av GOTS-certifierad ekologisk bomull\" data-srcset=\"https:\/\/cottonedshop.com\/wp-content\/uploads\/2018\/04\/Cottoned-GOTS-certified-organic-cotton-filling-2-1024x819.jpg 1024w, https:\/\/cottonedshop.com\/wp-content\/uploads\/2018\/04\/Cottoned-GOTS-certified-organic-cotton-filling-2-600x480.jpg 600w, https:\/\/cottonedshop.com\/wp-content\/uploads\/2018\/04\/Cottoned-GOTS-certified-organic-cotton-filling-2-900x720.jpg 900w, https:\/\/cottonedshop.com\/wp-content\/uploads\/2018\/04\/Cottoned-GOTS-certified-organic-cotton-filling-2-300x240.jpg 300w, https:\/\/cottonedshop.com\/wp-content\/uploads\/2018\/04\/Cottoned-GOTS-certified-organic-cotton-filling-2-768x614.jpg 768w, https:\/\/cottonedshop.com\/wp-content\/uploads\/2018\/04\/Cottoned-GOTS-certified-organic-cotton-filling-2.jpg 1300w\" data-sizes=\"(max-width: 1024px) 100vw, 1024px\" src=\"data:image\/svg+xml;base64,PHN2ZyB3aWR0aD0iMSIgaGVpZ2h0PSIxIiB4bWxucz0iaHR0cDovL3d3dy53My5vcmcvMjAwMC9zdmciPjwvc3ZnPg==\" style=\"--smush-placeholder-width: 1024px; --smush-placeholder-aspect-ratio: 1024\/819;\" \/><\/a>\n\t\t<\/figure>\n\t<\/div>\n\n\t<div class=\"wpb_text_column wpb_content_element\" >\n\t\t<div class=\"wpb_wrapper\">\n\t\t\t<p><a href=\"https:\/\/cottonedshop.com\/wp-content\/uploads\/2020\/06\/gots_certificate_logo.png\"><img decoding=\"async\" class=\"size-full wp-image-2969 alignleft lazyload\" data-src=\"https:\/\/cottonedshop.com\/wp-content\/uploads\/2020\/06\/gots_certificate_logo.png\" alt=\"Logotyp f\u00f6r GOTS-certifikat\" width=\"75\" height=\"75\" src=\"data:image\/svg+xml;base64,PHN2ZyB3aWR0aD0iMSIgaGVpZ2h0PSIxIiB4bWxucz0iaHR0cDovL3d3dy53My5vcmcvMjAwMC9zdmciPjwvc3ZnPg==\" style=\"--smush-placeholder-width: 75px; --smush-placeholder-aspect-ratio: 75\/75;\" \/><\/a>Vi v\u00e4ljer v\u00e5r bomull med omsorg och den \u00e4r s\u00e5 ren som m\u00f6jligt utan kemikalier, f\u00e4rg\u00e4mnen, polymerer eller gifter och b\u00f6r vara l\u00e4mplig f\u00f6r personer som lider av MCS (Multiple Chemical Sensitivity) eller f\u00f6r allergiker.<br \/>\nPerfekt f\u00f6r stoppning av kuddar, madrasser, dockor etc.<\/p>\n\n\t\t<\/div>\n\t<\/div>\n<div class=\"vc_btn3-container vc_btn3-center vc_do_btn\" ><a style=\"background-color:#a0acdc; color:#ffffff;\" class=\"vc_general vc_btn3 vc_btn3-size-md vc_btn3-shape-rounded vc_btn3-style-custom\" href=\"https:\/\/cottonedshop.com\/shop\/cotton-filling\/\" title=\"\">Handla nu<\/a><\/div><\/div><\/div><\/div><\/div><\/div>\n<\/div>","protected":false},"excerpt":{"rendered":"We carefully choose our cotton and it is as pure as possible without chemicals, dyes, polymers, or toxins and should be suitable for Multiple Chemical Sensitivity (MCS) sufferers or for people with allergies. Perfect for stuffing pillows, cushions, mattresses, dolls, etc. Shop Now","protected":false},"author":1,"featured_media":0,"parent":0,"menu_order":0,"comment_status":"closed","ping_status":"closed","template":"","meta":{"footnotes":""},"class_list":["post-12448","page","type-page","status-publish","hentry"],"yoast_head":"<!-- This site is optimized with the Yoast SEO plugin v27.4 - https:\/\/yoast.com\/product\/yoast-seo-wordpress\/ -->\n<title>Our organic cotton | Cottoned Shop<\/title>\n<meta name=\"description\" content=\"All our creations are filled with 100% certified organic cotton filling - find more information about it here.\" \/>\n<meta name=\"robots\" content=\"index, follow, max-snippet:-1, max-image-preview:large, max-video-preview:-1\" \/>\n<link rel=\"canonical\" href=\"https:\/\/cottonedshop.com\/sv\/var-ekologiska-bomull\/\" \/>\n<meta property=\"og:locale\" content=\"sv_SE\" \/>\n<meta property=\"og:type\" content=\"article\" \/>\n<meta property=\"og:title\" content=\"Our organic cotton | Cottoned Shop\" \/>\n<meta property=\"og:description\" content=\"All our creations are filled with 100% certified organic cotton filling - find more information about it here.\" \/>\n<meta property=\"og:url\" content=\"https:\/\/cottonedshop.com\/sv\/var-ekologiska-bomull\/\" \/>\n<meta property=\"og:site_name\" content=\"Cottoned Shop\" \/>\n<meta property=\"article:modified_time\" content=\"2023-12-12T10:47:09+00:00\" \/>\n<meta property=\"og:image\" content=\"https:\/\/cottonedshop.com\/wp-content\/uploads\/2020\/06\/gots_certificate_logo.png\" \/>\n<meta name=\"twitter:card\" content=\"summary_large_image\" \/>\n<meta name=\"twitter:label1\" content=\"Ber\u00e4knad l\u00e4stid\" \/>\n\t<meta name=\"twitter:data1\" content=\"1 minut\" \/>\n<script type=\"application\/ld+json\" class=\"yoast-schema-graph\">{\"@context\":\"https:\\\/\\\/schema.org\",\"@graph\":[{\"@type\":\"WebPage\",\"@id\":\"https:\\\/\\\/cottonedshop.com\\\/our-organic-cotton\\\/\",\"url\":\"https:\\\/\\\/cottonedshop.com\\\/our-organic-cotton\\\/\",\"name\":\"Our organic cotton | Cottoned Shop\",\"isPartOf\":{\"@id\":\"https:\\\/\\\/cottonedshop.com\\\/#website\"},\"primaryImageOfPage\":{\"@id\":\"https:\\\/\\\/cottonedshop.com\\\/our-organic-cotton\\\/#primaryimage\"},\"image\":{\"@id\":\"https:\\\/\\\/cottonedshop.com\\\/our-organic-cotton\\\/#primaryimage\"},\"thumbnailUrl\":\"https:\\\/\\\/cottonedshop.com\\\/wp-content\\\/uploads\\\/2020\\\/06\\\/gots_certificate_logo.png\",\"datePublished\":\"2023-04-11T06:42:37+00:00\",\"dateModified\":\"2023-12-12T10:47:09+00:00\",\"description\":\"All our creations are filled with 100% certified organic cotton filling - find more information about it here.\",\"breadcrumb\":{\"@id\":\"https:\\\/\\\/cottonedshop.com\\\/our-organic-cotton\\\/#breadcrumb\"},\"inLanguage\":\"sv-SE\",\"potentialAction\":[{\"@type\":\"ReadAction\",\"target\":[\"https:\\\/\\\/cottonedshop.com\\\/our-organic-cotton\\\/\"]}]},{\"@type\":\"ImageObject\",\"inLanguage\":\"sv-SE\",\"@id\":\"https:\\\/\\\/cottonedshop.com\\\/our-organic-cotton\\\/#primaryimage\",\"url\":\"https:\\\/\\\/cottonedshop.com\\\/wp-content\\\/uploads\\\/2020\\\/06\\\/gots_certificate_logo.png\",\"contentUrl\":\"https:\\\/\\\/cottonedshop.com\\\/wp-content\\\/uploads\\\/2020\\\/06\\\/gots_certificate_logo.png\"},{\"@type\":\"BreadcrumbList\",\"@id\":\"https:\\\/\\\/cottonedshop.com\\\/our-organic-cotton\\\/#breadcrumb\",\"itemListElement\":[{\"@type\":\"ListItem\",\"position\":1,\"name\":\"Home\",\"item\":\"https:\\\/\\\/cottonedshop.com\\\/\"},{\"@type\":\"ListItem\",\"position\":2,\"name\":\"Our organic cotton\"}]},{\"@type\":\"WebSite\",\"@id\":\"https:\\\/\\\/cottonedshop.com\\\/#website\",\"url\":\"https:\\\/\\\/cottonedshop.com\\\/\",\"name\":\"Cottoned Shop\",\"description\":\"\",\"publisher\":{\"@id\":\"https:\\\/\\\/cottonedshop.com\\\/#organization\"},\"potentialAction\":[{\"@type\":\"SearchAction\",\"target\":{\"@type\":\"EntryPoint\",\"urlTemplate\":\"https:\\\/\\\/cottonedshop.com\\\/?s={search_term_string}\"},\"query-input\":{\"@type\":\"PropertyValueSpecification\",\"valueRequired\":true,\"valueName\":\"search_term_string\"}}],\"inLanguage\":\"sv-SE\"},{\"@type\":\"Organization\",\"@id\":\"https:\\\/\\\/cottonedshop.com\\\/#organization\",\"name\":\"Cottoned\",\"url\":\"https:\\\/\\\/cottonedshop.com\\\/\",\"logo\":{\"@type\":\"ImageObject\",\"inLanguage\":\"sv-SE\",\"@id\":\"https:\\\/\\\/cottonedshop.com\\\/#\\\/schema\\\/logo\\\/image\\\/\",\"url\":\"https:\\\/\\\/cottonedshop.com\\\/wp-content\\\/uploads\\\/2021\\\/02\\\/cottoned-logo-large.png\",\"contentUrl\":\"https:\\\/\\\/cottonedshop.com\\\/wp-content\\\/uploads\\\/2021\\\/02\\\/cottoned-logo-large.png\",\"width\":1548,\"height\":1548,\"caption\":\"Cottoned\"},\"image\":{\"@id\":\"https:\\\/\\\/cottonedshop.com\\\/#\\\/schema\\\/logo\\\/image\\\/\"}}]}<\/script>\n<!-- \/ Yoast SEO plugin. -->","yoast_head_json":{"title":"V\u00e5r ekologiska bomull | Cottoned Shop","description":"Alla v\u00e5ra kreationer \u00e4r fyllda med 100%-certifierad ekologisk bomullsfyllning - mer information om detta finns h\u00e4r.","robots":{"index":"index","follow":"follow","max-snippet":"max-snippet:-1","max-image-preview":"max-image-preview:large","max-video-preview":"max-video-preview:-1"},"canonical":"https:\/\/cottonedshop.com\/sv\/var-ekologiska-bomull\/","og_locale":"sv_SE","og_type":"article","og_title":"Our organic cotton | Cottoned Shop","og_description":"All our creations are filled with 100% certified organic cotton filling - find more information about it here.","og_url":"https:\/\/cottonedshop.com\/sv\/var-ekologiska-bomull\/","og_site_name":"Cottoned Shop","article_modified_time":"2023-12-12T10:47:09+00:00","og_image":[{"url":"https:\/\/cottonedshop.com\/wp-content\/uploads\/2020\/06\/gots_certificate_logo.png","type":"","width":"","height":""}],"twitter_card":"summary_large_image","twitter_misc":{"Ber\u00e4knad l\u00e4stid":"1 minut"},"schema":{"@context":"https:\/\/schema.org","@graph":[{"@type":"WebPage","@id":"https:\/\/cottonedshop.com\/our-organic-cotton\/","url":"https:\/\/cottonedshop.com\/our-organic-cotton\/","name":"V\u00e5r ekologiska bomull | Cottoned Shop","isPartOf":{"@id":"https:\/\/cottonedshop.com\/#website"},"primaryImageOfPage":{"@id":"https:\/\/cottonedshop.com\/our-organic-cotton\/#primaryimage"},"image":{"@id":"https:\/\/cottonedshop.com\/our-organic-cotton\/#primaryimage"},"thumbnailUrl":"https:\/\/cottonedshop.com\/wp-content\/uploads\/2020\/06\/gots_certificate_logo.png","datePublished":"2023-04-11T06:42:37+00:00","dateModified":"2023-12-12T10:47:09+00:00","description":"Alla v\u00e5ra kreationer \u00e4r fyllda med 100%-certifierad ekologisk bomullsfyllning - mer information om detta finns h\u00e4r.","breadcrumb":{"@id":"https:\/\/cottonedshop.com\/our-organic-cotton\/#breadcrumb"},"inLanguage":"sv-SE","potentialAction":[{"@type":"ReadAction","target":["https:\/\/cottonedshop.com\/our-organic-cotton\/"]}]},{"@type":"ImageObject","inLanguage":"sv-SE","@id":"https:\/\/cottonedshop.com\/our-organic-cotton\/#primaryimage","url":"https:\/\/cottonedshop.com\/wp-content\/uploads\/2020\/06\/gots_certificate_logo.png","contentUrl":"https:\/\/cottonedshop.com\/wp-content\/uploads\/2020\/06\/gots_certificate_logo.png"},{"@type":"BreadcrumbList","@id":"https:\/\/cottonedshop.com\/our-organic-cotton\/#breadcrumb","itemListElement":[{"@type":"ListItem","position":1,"name":"Home","item":"https:\/\/cottonedshop.com\/"},{"@type":"ListItem","position":2,"name":"Our organic cotton"}]},{"@type":"WebSite","@id":"https:\/\/cottonedshop.com\/#website","url":"https:\/\/cottonedshop.com\/","name":"Bomullsbutik","description":"","publisher":{"@id":"https:\/\/cottonedshop.com\/#organization"},"potentialAction":[{"@type":"SearchAction","target":{"@type":"EntryPoint","urlTemplate":"https:\/\/cottonedshop.com\/?s={search_term_string}"},"query-input":{"@type":"PropertyValueSpecification","valueRequired":true,"valueName":"search_term_string"}}],"inLanguage":"sv-SE"},{"@type":"Organization","@id":"https:\/\/cottonedshop.com\/#organization","name":"Bomull","url":"https:\/\/cottonedshop.com\/","logo":{"@type":"ImageObject","inLanguage":"sv-SE","@id":"https:\/\/cottonedshop.com\/#\/schema\/logo\/image\/","url":"https:\/\/cottonedshop.com\/wp-content\/uploads\/2021\/02\/cottoned-logo-large.png","contentUrl":"https:\/\/cottonedshop.com\/wp-content\/uploads\/2021\/02\/cottoned-logo-large.png","width":1548,"height":1548,"caption":"Cottoned"},"image":{"@id":"https:\/\/cottonedshop.com\/#\/schema\/logo\/image\/"}}]}},"_links":{"self":[{"href":"https:\/\/cottonedshop.com\/sv\/wp-json\/wp\/v2\/pages\/12448","targetHints":{"allow":["GET"]}}],"collection":[{"href":"https:\/\/cottonedshop.com\/sv\/wp-json\/wp\/v2\/pages"}],"about":[{"href":"https:\/\/cottonedshop.com\/sv\/wp-json\/wp\/v2\/types\/page"}],"author":[{"embeddable":true,"href":"https:\/\/cottonedshop.com\/sv\/wp-json\/wp\/v2\/users\/1"}],"replies":[{"embeddable":true,"href":"https:\/\/cottonedshop.com\/sv\/wp-json\/wp\/v2\/comments?post=12448"}],"version-history":[{"count":0,"href":"https:\/\/cottonedshop.com\/sv\/wp-json\/wp\/v2\/pages\/12448\/revisions"}],"wp:attachment":[{"href":"https:\/\/cottonedshop.com\/sv\/wp-json\/wp\/v2\/media?parent=12448"}],"curies":[{"name":"wp","href":"https:\/\/api.w.org\/{rel}","templated":true}]}}