{"id":9092,"date":"2022-02-23T21:51:20","date_gmt":"2022-02-23T19:51:20","guid":{"rendered":"https:\/\/cottonedshop.com\/?post_type=product&#038;p=9092"},"modified":"2025-03-12T17:34:53","modified_gmt":"2025-03-12T15:34:53","slug":"spesialtilpasset-setepute-2","status":"publish","type":"product","link":"https:\/\/cottonedshop.com\/nb\/shop\/custom-seat-cushion\/","title":{"rendered":"Sittepute i \u00f8kologisk bomull med avtakbart trekk"},"content":{"rendered":"<div class=\"wpb-content-wrapper\"><div  class=\"sec_row container\"><div class=\"vc_row wpb_row vc_row-fluid\"><div class=\"wpb_column vc_column_container vc_col-sm-12 et-dark-column\"><div class=\"vc_column-inner\"><div class=\"wpb_wrapper\"><div class=\"vc_tta-container\" data-vc-action=\"collapseAll\"><div class=\"vc_general vc_tta vc_tta-accordion vc_tta-o-shape-group vc_tta-controls-align-default vc_tta-o-all-clickable\"><div class=\"vc_tta-panels-container\"><div class=\"vc_tta-panels\"><div class=\"vc_tta-panel\" id=\"1686643955024-17e69748-00de\" data-vc-content=\".vc_tta-panel-body\"><div class=\"vc_tta-panel-heading\"><h4 class=\"vc_tta-panel-title vc_tta-controls-icon-position-left\"><a href=\"#1686643955024-17e69748-00de\" data-vc-accordion data-vc-container=\".vc_tta-container\"><span class=\"vc_tta-title-text\">PLEIEINSTRUKSJONER<\/span><i class=\"vc_tta-controls-icon vc_tta-controls-icon-chevron\"><\/i><\/a><\/h4><\/div><div class=\"vc_tta-panel-body\">\n\t<div class=\"wpb_text_column wpb_content_element\" >\n\t\t<div class=\"wpb_wrapper\">\n\t\t\t<p>1. Vend og roter ukentlig de f\u00f8rste to m\u00e5nedene for \u00e5 komprimere jevnt.<br \/>\n2. Yttertrekket kan vaskes i maskin p\u00e5 sk\u00e5nsomt program med et mildt vaskemiddel. Lukk glidel\u00e5sen f\u00f8r vask.<\/p>\n\n\t\t<\/div>\n\t<\/div>\n<\/div><\/div><\/div><\/div><\/div><\/div>\n\t<div class=\"wpb_text_column wpb_content_element\" >\n\t\t<div class=\"wpb_wrapper\">\n\t\t\t<p style=\"text-align: left;\"><strong>VIKTIG<\/strong><\/p>\n<p style=\"text-align: left;\">* Dette tilbudet gjelder kun \u00e9n pute.<br \/>\n* Bomullsfylte varer er utsatt for en viss grad av kompresjon.<br \/>\n* H\u00e5ndlaget vare, et lite avvik i dimensjonene er mulig.<\/p>\n<p>&nbsp;<\/p>\n<h3 style=\"text-align: center;\">Relaterte produkter<\/h3>\n<p style=\"text-align: left;\">\n\n\t\t<\/div>\n\t<\/div>\n<div class=\"vc_row wpb_row vc_inner vc_row-fluid max_width\"><div class=\"wpb_column vc_column_container vc_col-sm-4 et-dark-column\"><div class=\"vc_column-inner\"><div class=\"wpb_wrapper\">\n\t<div  class=\"wpb_single_image wpb_content_element vc_align_left wpb_content_element\">\n\t\t\n\t\t<figure class=\"wpb_wrapper vc_figure\">\n\t\t\t<a href=\"https:\/\/cottonedshop.com\/shop\/throw-pillow\/\" target=\"_self\" class=\"vc_single_image-wrapper   vc_box_border_grey\"><img decoding=\"async\" width=\"1024\" height=\"819\" data-src=\"https:\/\/cottonedshop.com\/wp-content\/uploads\/2018\/04\/Cottoned-throw-pillow-with-velvet-cover-and-organic-cotton-filling-1024x819.jpg\" class=\"vc_single_image-img attachment-large lazyload\" alt=\"Bomullspute med fl\u00f8yelstrekk og \u00f8kologisk bomullsfyll\" title=\"Bomullspute med fl\u00f8yelstrekk og \u00f8kologisk bomullsfyll\" data-srcset=\"https:\/\/cottonedshop.com\/wp-content\/uploads\/2018\/04\/Cottoned-throw-pillow-with-velvet-cover-and-organic-cotton-filling-1024x819.jpg 1024w, https:\/\/cottonedshop.com\/wp-content\/uploads\/2018\/04\/Cottoned-throw-pillow-with-velvet-cover-and-organic-cotton-filling-600x480.jpg 600w, https:\/\/cottonedshop.com\/wp-content\/uploads\/2018\/04\/Cottoned-throw-pillow-with-velvet-cover-and-organic-cotton-filling-900x720.jpg 900w, https:\/\/cottonedshop.com\/wp-content\/uploads\/2018\/04\/Cottoned-throw-pillow-with-velvet-cover-and-organic-cotton-filling-300x240.jpg 300w, https:\/\/cottonedshop.com\/wp-content\/uploads\/2018\/04\/Cottoned-throw-pillow-with-velvet-cover-and-organic-cotton-filling-768x614.jpg 768w, https:\/\/cottonedshop.com\/wp-content\/uploads\/2018\/04\/Cottoned-throw-pillow-with-velvet-cover-and-organic-cotton-filling-150x120.jpg 150w, https:\/\/cottonedshop.com\/wp-content\/uploads\/2018\/04\/Cottoned-throw-pillow-with-velvet-cover-and-organic-cotton-filling.jpg 1300w\" data-sizes=\"(max-width: 1024px) 100vw, 1024px\" src=\"data:image\/svg+xml;base64,PHN2ZyB3aWR0aD0iMSIgaGVpZ2h0PSIxIiB4bWxucz0iaHR0cDovL3d3dy53My5vcmcvMjAwMC9zdmciPjwvc3ZnPg==\" style=\"--smush-placeholder-width: 1024px; --smush-placeholder-aspect-ratio: 1024\/819;\" \/><\/a>\n\t\t<\/figure>\n\t<\/div>\n\n\t<div class=\"wpb_text_column wpb_content_element\" >\n\t\t<div class=\"wpb_wrapper\">\n\t\t\t<p style=\"text-align: center;\"><a href=\"https:\/\/cottonedshop.com\/shop\/throw-pillow\/\">Kastepute i \u00f8kologisk bomull<\/a><\/p>\n\n\t\t<\/div>\n\t<\/div>\n<\/div><\/div><\/div><div class=\"wpb_column vc_column_container vc_col-sm-4 et-dark-column\"><div class=\"vc_column-inner\"><div class=\"wpb_wrapper\">\n\t<div  class=\"wpb_single_image wpb_content_element vc_align_left wpb_content_element\">\n\t\t\n\t\t<figure class=\"wpb_wrapper vc_figure\">\n\t\t\t<a href=\"https:\/\/cottonedshop.com\/shop\/bolster-pillow\/\" target=\"_self\" class=\"vc_single_image-wrapper   vc_box_border_grey\"><img decoding=\"async\" width=\"1200\" height=\"960\" data-src=\"https:\/\/cottonedshop.com\/wp-content\/uploads\/2022\/02\/Cottoned-Bolster-Pillow-max-cotton-050.jpg\" class=\"vc_single_image-img attachment-large lazyload\" alt=\"Bolsterpute (maks. bomull 050)\" title=\"Bolsterpute i bomull (maks. bomull 050)\" data-srcset=\"https:\/\/cottonedshop.com\/wp-content\/uploads\/2022\/02\/Cottoned-Bolster-Pillow-max-cotton-050.jpg 1200w, https:\/\/cottonedshop.com\/wp-content\/uploads\/2022\/02\/Cottoned-Bolster-Pillow-max-cotton-050-600x480.jpg 600w, https:\/\/cottonedshop.com\/wp-content\/uploads\/2022\/02\/Cottoned-Bolster-Pillow-max-cotton-050-900x720.jpg 900w, https:\/\/cottonedshop.com\/wp-content\/uploads\/2022\/02\/Cottoned-Bolster-Pillow-max-cotton-050-768x614.jpg 768w, https:\/\/cottonedshop.com\/wp-content\/uploads\/2022\/02\/Cottoned-Bolster-Pillow-max-cotton-050-150x120.jpg 150w\" data-sizes=\"(max-width: 1200px) 100vw, 1200px\" src=\"data:image\/svg+xml;base64,PHN2ZyB3aWR0aD0iMSIgaGVpZ2h0PSIxIiB4bWxucz0iaHR0cDovL3d3dy53My5vcmcvMjAwMC9zdmciPjwvc3ZnPg==\" style=\"--smush-placeholder-width: 1200px; --smush-placeholder-aspect-ratio: 1200\/960;\" \/><\/a>\n\t\t<\/figure>\n\t<\/div>\n\n\t<div class=\"wpb_text_column wpb_content_element\" >\n\t\t<div class=\"wpb_wrapper\">\n\t\t\t<p style=\"text-align: center;\"><a href=\"https:\/\/cottonedshop.com\/shop\/bolster-pillow\/\">Skreddersydd bolsterpute i \u00f8kologisk bomull<\/a><\/p>\n<p style=\"text-align: left;\">\n\n\t\t<\/div>\n\t<\/div>\n<\/div><\/div><\/div><div class=\"wpb_column vc_column_container vc_col-sm-4 et-dark-column\"><div class=\"vc_column-inner\"><div class=\"wpb_wrapper\">\n\t<div  class=\"wpb_single_image wpb_content_element vc_align_center wpb_content_element\">\n\t\t\n\t\t<figure class=\"wpb_wrapper vc_figure\">\n\t\t\t<a href=\"https:\/\/cottonedshop.com\/shop\/tufted-round-pouf\/\" target=\"_self\" class=\"vc_single_image-wrapper   vc_box_border_grey\"><img decoding=\"async\" width=\"1024\" height=\"819\" data-src=\"https:\/\/cottonedshop.com\/wp-content\/uploads\/2021\/10\/Cottoned-Tufted-Round-Pouf-Table-1024x819.jpg\" class=\"vc_single_image-img attachment-large lazyload\" alt=\"Bomullstuftede runde puffbord\" title=\"Bomullstuftede runde puffbord\" data-srcset=\"https:\/\/cottonedshop.com\/wp-content\/uploads\/2021\/10\/Cottoned-Tufted-Round-Pouf-Table-1024x819.jpg 1024w, https:\/\/cottonedshop.com\/wp-content\/uploads\/2021\/10\/Cottoned-Tufted-Round-Pouf-Table-600x480.jpg 600w, https:\/\/cottonedshop.com\/wp-content\/uploads\/2021\/10\/Cottoned-Tufted-Round-Pouf-Table-900x720.jpg 900w, https:\/\/cottonedshop.com\/wp-content\/uploads\/2021\/10\/Cottoned-Tufted-Round-Pouf-Table-300x240.jpg 300w, https:\/\/cottonedshop.com\/wp-content\/uploads\/2021\/10\/Cottoned-Tufted-Round-Pouf-Table-768x614.jpg 768w, https:\/\/cottonedshop.com\/wp-content\/uploads\/2021\/10\/Cottoned-Tufted-Round-Pouf-Table-150x120.jpg 150w, https:\/\/cottonedshop.com\/wp-content\/uploads\/2021\/10\/Cottoned-Tufted-Round-Pouf-Table.jpg 1300w\" data-sizes=\"(max-width: 1024px) 100vw, 1024px\" src=\"data:image\/svg+xml;base64,PHN2ZyB3aWR0aD0iMSIgaGVpZ2h0PSIxIiB4bWxucz0iaHR0cDovL3d3dy53My5vcmcvMjAwMC9zdmciPjwvc3ZnPg==\" style=\"--smush-placeholder-width: 1024px; --smush-placeholder-aspect-ratio: 1024\/819;\" \/><\/a>\n\t\t<\/figure>\n\t<\/div>\n\n\t<div class=\"wpb_text_column wpb_content_element\" >\n\t\t<div class=\"wpb_wrapper\">\n\t\t\t<p style=\"text-align: center;\"><a href=\"https:\/\/cottonedshop.com\/shop\/tufted-round-pouf\/\">Rund puffbord i tuftet \u00f8kologisk bomull<\/a><\/p>\n\n\t\t<\/div>\n\t<\/div>\n<\/div><\/div><\/div><\/div><\/div><\/div><\/div><\/div><\/div>\n<\/div>","protected":false},"excerpt":{"rendered":"<p style=\"text-align: left;\">[et_button title=\"Configure &amp; Buy\" style=\"solid rounded\" color=\"custom\" align=\"center\" color_custom=\"#F07D7D\" text_color_custom=\"#ffffff\" link=\"url:%23configurator\"]<\/p>\n<p style=\"text-align: left;\">Make a statement with a seat cushion that reflects your individuality. <strong>Custom-crafted<\/strong> with <strong>high-quality, durable materials<\/strong> and <strong>the purest organic cotton filling<\/strong> inside, our cushions are <strong>hypoallergenic<\/strong>, <strong>extremely breathable<\/strong>, <strong>eco-friendly<\/strong>, and <strong>toxic-free<\/strong>.<\/p>\n<p style=\"text-align: left;\"><strong>Window seat cushion<\/strong>, <strong>breakfast<\/strong> or <strong>dining nook cushion<\/strong>, <strong>bench cushion<\/strong>, or <strong>floor cushion<\/strong> \u2013 you can now create the comfiest spot in your living space.<\/p>\n<p style=\"text-align: left;\">Choose from a <strong>wide variety of fabrics<\/strong>, <strong>colors<\/strong>, <strong>sizes<\/strong>, <strong>shapes<\/strong>, <strong>piping,<\/strong> and <strong>tufting options<\/strong> to create a seat cushion that compliments your lounge area and is ready to fit your space, your way.<\/p>\n<ul>\n<li style=\"text-align: left;\">100% <strong>organic cotton<\/strong> filling inside.<\/li>\n<li style=\"text-align: left;\"><strong>Made-to-order<\/strong> to fit your preferences.<\/li>\n<li style=\"text-align: left;\"><strong>Removable cover<\/strong> for easy maintenance.<\/li>\n<li style=\"text-align: left;\"><strong>Natural alternative<\/strong> to foam cushions.<\/li>\n<li style=\"text-align: left;\"><strong>Limit<\/strong> exposure to <strong>dangerous VOCs<\/strong> in your home.<\/li>\n<li style=\"text-align: left;\">Complimentary<strong> mending kit<\/strong> included.<\/li>\n<li id=\"configurator\" style=\"text-align: left;\">All <strong>taxes<\/strong> and <strong>duties<\/strong> are <strong>included<\/strong>.<\/li>\n<\/ul>\n<p style=\"text-align: left;\">[vc_tta_accordion c_icon=\"chevron\" active_section=\"0\" collapsible_all=\"true\"][vc_tta_section title=\"FEATURES\" tab_id=\"1686643893364-2bea4a71-813f\"][vc_column_text]<\/p>\n<ul style=\"text-align: left;\">\n<li style=\"text-align: left;\">Zipper on back side of the cover.<\/li>\n<li style=\"text-align: left;\">Flat design, no visible tufts.<\/li>\n<li style=\"text-align: left;\">Washable outer cover with tufted insert in 100% Organic Cotton fabric.<\/li>\n<li style=\"text-align: left;\">Insert with zippers on the two long sides to easily adjust the filling if needed.<\/li>\n<\/ul>\n<p style=\"text-align: left;\">[\/vc_column_text][\/vc_tta_section][\/vc_tta_accordion]<\/p>\n","protected":false},"featured_media":12346,"comment_status":"open","ping_status":"closed","template":"","meta":[],"product_brand":[],"product_cat":[29],"product_tag":[270,148,271,272,120,273,274,523,140,141,151,275,152,276,153],"class_list":{"0":"post-9092","1":"product","2":"type-product","3":"status-publish","4":"has-post-thumbnail","6":"product_cat-cushions","7":"product_tag-banquette-cushion","8":"product_tag-bay-window-seat","9":"product_tag-bench-cushion","10":"product_tag-bohemian-couch","11":"product_tag-breakfast-nook","12":"product_tag-custom-bench-cushion","13":"product_tag-entryway-bench","14":"product_tag-extra-sofa-cushions","15":"product_tag-french-mattress","16":"product_tag-hand-tufted-cushion","17":"product_tag-ikea-kallax-cushion","18":"product_tag-indoor-cushion","19":"product_tag-mudroom-seating-pad","20":"product_tag-nook-cushion","21":"product_tag-trapezoid-bay-window","23":"first","24":"instock","25":"shipping-taxable","26":"purchasable","27":"product-type-simple"},"yoast_head":"<!-- This site is optimized with the Yoast SEO plugin v27.3 - https:\/\/yoast.com\/product\/yoast-seo-wordpress\/ -->\n<title>Custom Seat Cushion | Removable Cover | 50+ Colors<\/title>\n<meta name=\"description\" content=\"Bench seat cushion with removable cover for easy maintenance. Customize the shape, size, texture, and color. Filled with pure organic cotton.\" \/>\n<meta name=\"robots\" content=\"index, follow, max-snippet:-1, max-image-preview:large, max-video-preview:-1\" \/>\n<link rel=\"canonical\" href=\"https:\/\/cottonedshop.com\/nb\/butikk\/spesialtilpasset-setepute-2\/\" \/>\n<meta property=\"og:locale\" content=\"nb_NO\" \/>\n<meta property=\"og:type\" content=\"article\" \/>\n<meta property=\"og:title\" content=\"Custom Seat Cushion | Removable Cover | 50+ Colors\" \/>\n<meta property=\"og:description\" content=\"Bench seat cushion with removable cover for easy maintenance. Customize the shape, size, texture, and color. Filled with pure organic cotton.\" \/>\n<meta property=\"og:url\" content=\"https:\/\/cottonedshop.com\/nb\/butikk\/spesialtilpasset-setepute-2\/\" \/>\n<meta property=\"og:site_name\" content=\"Cottoned Shop\" \/>\n<meta property=\"article:modified_time\" content=\"2025-03-12T15:34:53+00:00\" \/>\n<meta property=\"og:image\" content=\"https:\/\/cottonedshop.com\/wp-content\/uploads\/2020\/04\/Cottoned-seat-cushion-with-removable-cover.jpg\" \/>\n\t<meta property=\"og:image:width\" content=\"1200\" \/>\n\t<meta property=\"og:image:height\" content=\"960\" \/>\n\t<meta property=\"og:image:type\" content=\"image\/jpeg\" \/>\n<meta name=\"twitter:card\" content=\"summary_large_image\" \/>\n<meta name=\"twitter:label1\" content=\"Ansl. lesetid\" \/>\n\t<meta name=\"twitter:data1\" content=\"1 minutt\" \/>\n<script type=\"application\/ld+json\" class=\"yoast-schema-graph\">{\"@context\":\"https:\\\/\\\/schema.org\",\"@graph\":[{\"@type\":\"WebPage\",\"@id\":\"https:\\\/\\\/cottonedshop.com\\\/shop\\\/custom-seat-cushion\\\/\",\"url\":\"https:\\\/\\\/cottonedshop.com\\\/shop\\\/custom-seat-cushion\\\/\",\"name\":\"Custom Seat Cushion | Removable Cover | 50+ Colors\",\"isPartOf\":{\"@id\":\"https:\\\/\\\/cottonedshop.com\\\/#website\"},\"primaryImageOfPage\":{\"@id\":\"https:\\\/\\\/cottonedshop.com\\\/shop\\\/custom-seat-cushion\\\/#primaryimage\"},\"image\":{\"@id\":\"https:\\\/\\\/cottonedshop.com\\\/shop\\\/custom-seat-cushion\\\/#primaryimage\"},\"thumbnailUrl\":\"https:\\\/\\\/cottonedshop.com\\\/wp-content\\\/uploads\\\/2020\\\/04\\\/Cottoned-seat-cushion-with-removable-cover.jpg\",\"datePublished\":\"2022-02-23T19:51:20+00:00\",\"dateModified\":\"2025-03-12T15:34:53+00:00\",\"description\":\"Bench seat cushion with removable cover for easy maintenance. Customize the shape, size, texture, and color. Filled with pure organic cotton.\",\"breadcrumb\":{\"@id\":\"https:\\\/\\\/cottonedshop.com\\\/shop\\\/custom-seat-cushion\\\/#breadcrumb\"},\"inLanguage\":\"nb-NO\",\"potentialAction\":[{\"@type\":\"ReadAction\",\"target\":[\"https:\\\/\\\/cottonedshop.com\\\/shop\\\/custom-seat-cushion\\\/\"]}]},{\"@type\":\"ImageObject\",\"inLanguage\":\"nb-NO\",\"@id\":\"https:\\\/\\\/cottonedshop.com\\\/shop\\\/custom-seat-cushion\\\/#primaryimage\",\"url\":\"https:\\\/\\\/cottonedshop.com\\\/wp-content\\\/uploads\\\/2020\\\/04\\\/Cottoned-seat-cushion-with-removable-cover.jpg\",\"contentUrl\":\"https:\\\/\\\/cottonedshop.com\\\/wp-content\\\/uploads\\\/2020\\\/04\\\/Cottoned-seat-cushion-with-removable-cover.jpg\",\"width\":1200,\"height\":960,\"caption\":\"Cottoned seat cushion with removable cover\"},{\"@type\":\"BreadcrumbList\",\"@id\":\"https:\\\/\\\/cottonedshop.com\\\/shop\\\/custom-seat-cushion\\\/#breadcrumb\",\"itemListElement\":[{\"@type\":\"ListItem\",\"position\":1,\"name\":\"Home\",\"item\":\"https:\\\/\\\/cottonedshop.com\\\/\"},{\"@type\":\"ListItem\",\"position\":2,\"name\":\"Shop\",\"item\":\"https:\\\/\\\/cottonedshop.com\\\/shop\\\/\"},{\"@type\":\"ListItem\",\"position\":3,\"name\":\"Custom Organic Cotton Seat Cushion with Removable Cover\"}]},{\"@type\":\"WebSite\",\"@id\":\"https:\\\/\\\/cottonedshop.com\\\/#website\",\"url\":\"https:\\\/\\\/cottonedshop.com\\\/\",\"name\":\"Cottoned Shop\",\"description\":\"\",\"publisher\":{\"@id\":\"https:\\\/\\\/cottonedshop.com\\\/#organization\"},\"potentialAction\":[{\"@type\":\"SearchAction\",\"target\":{\"@type\":\"EntryPoint\",\"urlTemplate\":\"https:\\\/\\\/cottonedshop.com\\\/?s={search_term_string}\"},\"query-input\":{\"@type\":\"PropertyValueSpecification\",\"valueRequired\":true,\"valueName\":\"search_term_string\"}}],\"inLanguage\":\"nb-NO\"},{\"@type\":\"Organization\",\"@id\":\"https:\\\/\\\/cottonedshop.com\\\/#organization\",\"name\":\"Cottoned\",\"url\":\"https:\\\/\\\/cottonedshop.com\\\/\",\"logo\":{\"@type\":\"ImageObject\",\"inLanguage\":\"nb-NO\",\"@id\":\"https:\\\/\\\/cottonedshop.com\\\/#\\\/schema\\\/logo\\\/image\\\/\",\"url\":\"https:\\\/\\\/cottonedshop.com\\\/wp-content\\\/uploads\\\/2021\\\/02\\\/cottoned-logo-large.png\",\"contentUrl\":\"https:\\\/\\\/cottonedshop.com\\\/wp-content\\\/uploads\\\/2021\\\/02\\\/cottoned-logo-large.png\",\"width\":1548,\"height\":1548,\"caption\":\"Cottoned\"},\"image\":{\"@id\":\"https:\\\/\\\/cottonedshop.com\\\/#\\\/schema\\\/logo\\\/image\\\/\"}}]}<\/script>\n<!-- \/ Yoast SEO plugin. -->","yoast_head_json":{"title":"Custom Seat Cushion | Removable Cover | 50+ Colors","description":"Bench seat cushion with removable cover for easy maintenance. Customize the shape, size, texture, and color. Filled with pure organic cotton.","robots":{"index":"index","follow":"follow","max-snippet":"max-snippet:-1","max-image-preview":"max-image-preview:large","max-video-preview":"max-video-preview:-1"},"canonical":"https:\/\/cottonedshop.com\/nb\/butikk\/spesialtilpasset-setepute-2\/","og_locale":"nb_NO","og_type":"article","og_title":"Custom Seat Cushion | Removable Cover | 50+ Colors","og_description":"Bench seat cushion with removable cover for easy maintenance. Customize the shape, size, texture, and color. Filled with pure organic cotton.","og_url":"https:\/\/cottonedshop.com\/nb\/butikk\/spesialtilpasset-setepute-2\/","og_site_name":"Cottoned Shop","article_modified_time":"2025-03-12T15:34:53+00:00","og_image":[{"width":1200,"height":960,"url":"https:\/\/cottonedshop.com\/wp-content\/uploads\/2020\/04\/Cottoned-seat-cushion-with-removable-cover.jpg","type":"image\/jpeg"}],"twitter_card":"summary_large_image","twitter_misc":{"Ansl. lesetid":"1 minutt"},"schema":{"@context":"https:\/\/schema.org","@graph":[{"@type":"WebPage","@id":"https:\/\/cottonedshop.com\/shop\/custom-seat-cushion\/","url":"https:\/\/cottonedshop.com\/shop\/custom-seat-cushion\/","name":"Custom Seat Cushion | Removable Cover | 50+ Colors","isPartOf":{"@id":"https:\/\/cottonedshop.com\/#website"},"primaryImageOfPage":{"@id":"https:\/\/cottonedshop.com\/shop\/custom-seat-cushion\/#primaryimage"},"image":{"@id":"https:\/\/cottonedshop.com\/shop\/custom-seat-cushion\/#primaryimage"},"thumbnailUrl":"https:\/\/cottonedshop.com\/wp-content\/uploads\/2020\/04\/Cottoned-seat-cushion-with-removable-cover.jpg","datePublished":"2022-02-23T19:51:20+00:00","dateModified":"2025-03-12T15:34:53+00:00","description":"Bench seat cushion with removable cover for easy maintenance. Customize the shape, size, texture, and color. Filled with pure organic cotton.","breadcrumb":{"@id":"https:\/\/cottonedshop.com\/shop\/custom-seat-cushion\/#breadcrumb"},"inLanguage":"nb-NO","potentialAction":[{"@type":"ReadAction","target":["https:\/\/cottonedshop.com\/shop\/custom-seat-cushion\/"]}]},{"@type":"ImageObject","inLanguage":"nb-NO","@id":"https:\/\/cottonedshop.com\/shop\/custom-seat-cushion\/#primaryimage","url":"https:\/\/cottonedshop.com\/wp-content\/uploads\/2020\/04\/Cottoned-seat-cushion-with-removable-cover.jpg","contentUrl":"https:\/\/cottonedshop.com\/wp-content\/uploads\/2020\/04\/Cottoned-seat-cushion-with-removable-cover.jpg","width":1200,"height":960,"caption":"Cottoned seat cushion with removable cover"},{"@type":"BreadcrumbList","@id":"https:\/\/cottonedshop.com\/shop\/custom-seat-cushion\/#breadcrumb","itemListElement":[{"@type":"ListItem","position":1,"name":"Home","item":"https:\/\/cottonedshop.com\/"},{"@type":"ListItem","position":2,"name":"Shop","item":"https:\/\/cottonedshop.com\/shop\/"},{"@type":"ListItem","position":3,"name":"Custom Organic Cotton Seat Cushion with Removable Cover"}]},{"@type":"WebSite","@id":"https:\/\/cottonedshop.com\/#website","url":"https:\/\/cottonedshop.com\/","name":"Cottoned Shop","description":"","publisher":{"@id":"https:\/\/cottonedshop.com\/#organization"},"potentialAction":[{"@type":"SearchAction","target":{"@type":"EntryPoint","urlTemplate":"https:\/\/cottonedshop.com\/?s={search_term_string}"},"query-input":{"@type":"PropertyValueSpecification","valueRequired":true,"valueName":"search_term_string"}}],"inLanguage":"nb-NO"},{"@type":"Organization","@id":"https:\/\/cottonedshop.com\/#organization","name":"Bomull","url":"https:\/\/cottonedshop.com\/","logo":{"@type":"ImageObject","inLanguage":"nb-NO","@id":"https:\/\/cottonedshop.com\/#\/schema\/logo\/image\/","url":"https:\/\/cottonedshop.com\/wp-content\/uploads\/2021\/02\/cottoned-logo-large.png","contentUrl":"https:\/\/cottonedshop.com\/wp-content\/uploads\/2021\/02\/cottoned-logo-large.png","width":1548,"height":1548,"caption":"Cottoned"},"image":{"@id":"https:\/\/cottonedshop.com\/#\/schema\/logo\/image\/"}}]}},"_links":{"self":[{"href":"https:\/\/cottonedshop.com\/nb\/wp-json\/wp\/v2\/product\/9092","targetHints":{"allow":["GET"]}}],"collection":[{"href":"https:\/\/cottonedshop.com\/nb\/wp-json\/wp\/v2\/product"}],"about":[{"href":"https:\/\/cottonedshop.com\/nb\/wp-json\/wp\/v2\/types\/product"}],"replies":[{"embeddable":true,"href":"https:\/\/cottonedshop.com\/nb\/wp-json\/wp\/v2\/comments?post=9092"}],"wp:featuredmedia":[{"embeddable":true,"href":"https:\/\/cottonedshop.com\/nb\/wp-json\/wp\/v2\/media\/12346"}],"wp:attachment":[{"href":"https:\/\/cottonedshop.com\/nb\/wp-json\/wp\/v2\/media?parent=9092"}],"wp:term":[{"taxonomy":"product_brand","embeddable":true,"href":"https:\/\/cottonedshop.com\/nb\/wp-json\/wp\/v2\/product_brand?post=9092"},{"taxonomy":"product_cat","embeddable":true,"href":"https:\/\/cottonedshop.com\/nb\/wp-json\/wp\/v2\/product_cat?post=9092"},{"taxonomy":"product_tag","embeddable":true,"href":"https:\/\/cottonedshop.com\/nb\/wp-json\/wp\/v2\/product_tag?post=9092"}],"curies":[{"name":"wp","href":"https:\/\/api.w.org\/{rel}","templated":true}]}}