{"id":5575,"date":"2021-05-13T16:13:10","date_gmt":"2021-05-13T14:13:10","guid":{"rendered":"https:\/\/cottonedshop.com\/?post_type=product&#038;p=5575"},"modified":"2025-02-24T16:01:45","modified_gmt":"2025-02-24T14:01:45","slug":"2-5-gra-tuftet-pute-fylt-med-okologisk-gots-bomull-62-x-26-x-4-salg","status":"publish","type":"product","link":"https:\/\/cottonedshop.com\/nb\/shop\/2-5-grey-tufted-cushion-filled-with-organic-gots-cotton-62-x-26-x-4-sale\/","title":{"rendered":"2,5\" gr\u00e5 tuftet pute fylt med \u00f8kologisk GOTS-bomull | 62\" x 26\" x 4\" | SALG"},"content":{"rendered":"<div class=\"wpb-content-wrapper\"><div  class=\"sec_row container\"><div class=\"vc_row wpb_row vc_row-fluid\"><div class=\"wpb_column vc_column_container vc_col-sm-12 et-dark-column\"><div class=\"vc_column-inner\"><div class=\"wpb_wrapper\">\n\t<div class=\"wpb_text_column wpb_content_element\" >\n\t\t<div class=\"wpb_wrapper\">\n\t\t\t<p>PRODUKTDETALJER<\/p>\n<p>157 x 67 x 6 cm (62\" x 26\" x 2,5\")<\/p>\n<p>FUNKSJONER:<br \/>\nGlidel\u00e5s p\u00e5 den ene langsiden.<br \/>\nTufting gjennom hele puten for \u00e5 hindre at bomullsfyllet forskyver seg.<\/p>\n<p>KANTER: Full r\u00f8rf\u00f8ring<\/p>\n<p>FINISH P\u00c5 TUFTENE: Med garnbuer (fargen kan avvike noe fra stofffargen)<\/p>\n<p>STOFF: Max Cotton - 100% Cotton (farget, \u00d8ko-Tex-sertifisert) 005, m\u00f8rkegr\u00e5<\/p>\n<p>TOTAL VEKT: 8,5 kg (18,7 lbs)<\/p>\n<p>&#8212;&#8212;&#8212;&#8212;&#8212;&#8212;&#8212;&#8212;&#8212;<\/p>\n<p>PLEIEINSTRUKSJONER<br \/>\n- Vend og roter ukentlig de f\u00f8rste to m\u00e5nedene for \u00e5 komprimere jevnt.<br \/>\n- Kun flekkrengj\u00f8ring.<\/p>\n<p>VIKTIG<br \/>\n- Bomullsfylte varer er utsatt for en viss grad av kompresjon.<br \/>\n- H\u00e5ndlaget vare, sm\u00e5 avvik i dimensjoner er mulig.<br \/>\n- Tufting g\u00e5r gjennom hele gjenstanden.<\/p>\n\n\t\t<\/div>\n\t<\/div>\n<\/div><\/div><\/div><\/div><\/div>\n<\/div>","protected":false},"excerpt":{"rendered":"<p><strong>Naturlig alternativ<\/strong> til skumputer.<br \/>\n<strong>Begrensning<\/strong> eksponering for <strong>farlige VOC-er<\/strong> i hjemmet ditt.<br \/>\n100% <strong>\u00f8kologisk bomull<\/strong> fylling p\u00e5 innsiden.<br \/>\nGratis <strong>m<\/strong><strong>avslutningssett<\/strong> inkludert.<br \/>\nAlle <strong>skatter og avgifter<\/strong> og <strong>plikter<\/strong> er <strong>inkludert<\/strong>.<br \/>\n<strong>Gratis levering<\/strong> til d\u00f8ren din.<\/p>","protected":false},"featured_media":5577,"comment_status":"open","ping_status":"closed","template":"","meta":[],"product_brand":[],"product_cat":[344],"product_tag":[],"class_list":{"0":"post-5575","1":"product","2":"type-product","3":"status-publish","4":"has-post-thumbnail","6":"product_cat-sale","8":"first","9":"instock","10":"sale","11":"shipping-taxable","12":"purchasable","13":"product-type-simple"},"yoast_head":"<!-- This site is optimized with the Yoast SEO plugin v27.4 - https:\/\/yoast.com\/product\/yoast-seo-wordpress\/ -->\n<title>Grey Seat Cushion | GOTS Cotton Filling | 20% Off<\/title>\n<meta name=\"description\" content=\"62 x 26\u201d tufted cushion filled with organic cotton. A natural, eco-friendly alternative to foam cushions, reducing exposure to harmful VOCs.\" \/>\n<meta name=\"robots\" content=\"index, follow, max-snippet:-1, max-image-preview:large, max-video-preview:-1\" \/>\n<link rel=\"canonical\" href=\"https:\/\/cottonedshop.com\/nb\/butikk\/2-5-gra-tuftet-pute-fylt-med-okologisk-gots-bomull-62-x-26-x-4-salg\/\" \/>\n<meta property=\"og:locale\" content=\"nb_NO\" \/>\n<meta property=\"og:type\" content=\"article\" \/>\n<meta property=\"og:title\" content=\"Grey Seat Cushion | GOTS Cotton Filling | 20% Off\" \/>\n<meta property=\"og:description\" content=\"62 x 26\u201d tufted cushion filled with organic cotton. A natural, eco-friendly alternative to foam cushions, reducing exposure to harmful VOCs.\" \/>\n<meta property=\"og:url\" content=\"https:\/\/cottonedshop.com\/nb\/butikk\/2-5-gra-tuftet-pute-fylt-med-okologisk-gots-bomull-62-x-26-x-4-salg\/\" \/>\n<meta property=\"og:site_name\" content=\"Cottoned Shop\" \/>\n<meta property=\"article:modified_time\" content=\"2025-02-24T14:01:45+00:00\" \/>\n<meta property=\"og:image\" content=\"https:\/\/cottonedshop.com\/wp-content\/uploads\/2021\/05\/Cottoned-Grey-Tufted-Cushion-filled-with-Organic-GOTS-Cotton-SALE-4.jpg\" \/>\n\t<meta property=\"og:image:width\" content=\"1200\" \/>\n\t<meta property=\"og:image:height\" content=\"960\" \/>\n\t<meta property=\"og:image:type\" content=\"image\/jpeg\" \/>\n<meta name=\"twitter:card\" content=\"summary_large_image\" \/>\n<meta name=\"twitter:label1\" content=\"Ansl. lesetid\" \/>\n\t<meta name=\"twitter:data1\" content=\"1 minutt\" \/>\n<script type=\"application\/ld+json\" class=\"yoast-schema-graph\">{\"@context\":\"https:\\\/\\\/schema.org\",\"@graph\":[{\"@type\":\"WebPage\",\"@id\":\"https:\\\/\\\/cottonedshop.com\\\/shop\\\/2-5-grey-tufted-cushion-filled-with-organic-gots-cotton-62-x-26-x-4-sale\\\/\",\"url\":\"https:\\\/\\\/cottonedshop.com\\\/shop\\\/2-5-grey-tufted-cushion-filled-with-organic-gots-cotton-62-x-26-x-4-sale\\\/\",\"name\":\"Grey Seat Cushion | GOTS Cotton Filling | 20% Off\",\"isPartOf\":{\"@id\":\"https:\\\/\\\/cottonedshop.com\\\/#website\"},\"primaryImageOfPage\":{\"@id\":\"https:\\\/\\\/cottonedshop.com\\\/shop\\\/2-5-grey-tufted-cushion-filled-with-organic-gots-cotton-62-x-26-x-4-sale\\\/#primaryimage\"},\"image\":{\"@id\":\"https:\\\/\\\/cottonedshop.com\\\/shop\\\/2-5-grey-tufted-cushion-filled-with-organic-gots-cotton-62-x-26-x-4-sale\\\/#primaryimage\"},\"thumbnailUrl\":\"https:\\\/\\\/cottonedshop.com\\\/wp-content\\\/uploads\\\/2021\\\/05\\\/Cottoned-Grey-Tufted-Cushion-filled-with-Organic-GOTS-Cotton-SALE-4.jpg\",\"datePublished\":\"2021-05-13T14:13:10+00:00\",\"dateModified\":\"2025-02-24T14:01:45+00:00\",\"description\":\"62 x 26\u201d tufted cushion filled with organic cotton. A natural, eco-friendly alternative to foam cushions, reducing exposure to harmful VOCs.\",\"breadcrumb\":{\"@id\":\"https:\\\/\\\/cottonedshop.com\\\/shop\\\/2-5-grey-tufted-cushion-filled-with-organic-gots-cotton-62-x-26-x-4-sale\\\/#breadcrumb\"},\"inLanguage\":\"nb-NO\",\"potentialAction\":[{\"@type\":\"ReadAction\",\"target\":[\"https:\\\/\\\/cottonedshop.com\\\/shop\\\/2-5-grey-tufted-cushion-filled-with-organic-gots-cotton-62-x-26-x-4-sale\\\/\"]}]},{\"@type\":\"ImageObject\",\"inLanguage\":\"nb-NO\",\"@id\":\"https:\\\/\\\/cottonedshop.com\\\/shop\\\/2-5-grey-tufted-cushion-filled-with-organic-gots-cotton-62-x-26-x-4-sale\\\/#primaryimage\",\"url\":\"https:\\\/\\\/cottonedshop.com\\\/wp-content\\\/uploads\\\/2021\\\/05\\\/Cottoned-Grey-Tufted-Cushion-filled-with-Organic-GOTS-Cotton-SALE-4.jpg\",\"contentUrl\":\"https:\\\/\\\/cottonedshop.com\\\/wp-content\\\/uploads\\\/2021\\\/05\\\/Cottoned-Grey-Tufted-Cushion-filled-with-Organic-GOTS-Cotton-SALE-4.jpg\",\"width\":1200,\"height\":960,\"caption\":\"Cottoned-Grey-Tufted-Cushion-filled-with-Organic-GOTS-Cotton-SALE-4\"},{\"@type\":\"BreadcrumbList\",\"@id\":\"https:\\\/\\\/cottonedshop.com\\\/shop\\\/2-5-grey-tufted-cushion-filled-with-organic-gots-cotton-62-x-26-x-4-sale\\\/#breadcrumb\",\"itemListElement\":[{\"@type\":\"ListItem\",\"position\":1,\"name\":\"Home\",\"item\":\"https:\\\/\\\/cottonedshop.com\\\/\"},{\"@type\":\"ListItem\",\"position\":2,\"name\":\"Shop\",\"item\":\"https:\\\/\\\/cottonedshop.com\\\/shop\\\/\"},{\"@type\":\"ListItem\",\"position\":3,\"name\":\"2.5&#8221; Grey Tufted Cushion filled with Organic GOTS Cotton | 62&#8221; x 26&#8221; x 4&#8221; | SALE\"}]},{\"@type\":\"WebSite\",\"@id\":\"https:\\\/\\\/cottonedshop.com\\\/#website\",\"url\":\"https:\\\/\\\/cottonedshop.com\\\/\",\"name\":\"Cottoned Shop\",\"description\":\"\",\"publisher\":{\"@id\":\"https:\\\/\\\/cottonedshop.com\\\/#organization\"},\"potentialAction\":[{\"@type\":\"SearchAction\",\"target\":{\"@type\":\"EntryPoint\",\"urlTemplate\":\"https:\\\/\\\/cottonedshop.com\\\/?s={search_term_string}\"},\"query-input\":{\"@type\":\"PropertyValueSpecification\",\"valueRequired\":true,\"valueName\":\"search_term_string\"}}],\"inLanguage\":\"nb-NO\"},{\"@type\":\"Organization\",\"@id\":\"https:\\\/\\\/cottonedshop.com\\\/#organization\",\"name\":\"Cottoned\",\"url\":\"https:\\\/\\\/cottonedshop.com\\\/\",\"logo\":{\"@type\":\"ImageObject\",\"inLanguage\":\"nb-NO\",\"@id\":\"https:\\\/\\\/cottonedshop.com\\\/#\\\/schema\\\/logo\\\/image\\\/\",\"url\":\"https:\\\/\\\/cottonedshop.com\\\/wp-content\\\/uploads\\\/2021\\\/02\\\/cottoned-logo-large.png\",\"contentUrl\":\"https:\\\/\\\/cottonedshop.com\\\/wp-content\\\/uploads\\\/2021\\\/02\\\/cottoned-logo-large.png\",\"width\":1548,\"height\":1548,\"caption\":\"Cottoned\"},\"image\":{\"@id\":\"https:\\\/\\\/cottonedshop.com\\\/#\\\/schema\\\/logo\\\/image\\\/\"}}]}<\/script>\n<!-- \/ Yoast SEO plugin. -->","yoast_head_json":{"title":"Grey Seat Cushion | GOTS Cotton Filling | 20% Off","description":"62 x 26\u201d tufted cushion filled with organic cotton. A natural, eco-friendly alternative to foam cushions, reducing exposure to harmful VOCs.","robots":{"index":"index","follow":"follow","max-snippet":"max-snippet:-1","max-image-preview":"max-image-preview:large","max-video-preview":"max-video-preview:-1"},"canonical":"https:\/\/cottonedshop.com\/nb\/butikk\/2-5-gra-tuftet-pute-fylt-med-okologisk-gots-bomull-62-x-26-x-4-salg\/","og_locale":"nb_NO","og_type":"article","og_title":"Grey Seat Cushion | GOTS Cotton Filling | 20% Off","og_description":"62 x 26\u201d tufted cushion filled with organic cotton. A natural, eco-friendly alternative to foam cushions, reducing exposure to harmful VOCs.","og_url":"https:\/\/cottonedshop.com\/nb\/butikk\/2-5-gra-tuftet-pute-fylt-med-okologisk-gots-bomull-62-x-26-x-4-salg\/","og_site_name":"Cottoned Shop","article_modified_time":"2025-02-24T14:01:45+00:00","og_image":[{"width":1200,"height":960,"url":"https:\/\/cottonedshop.com\/wp-content\/uploads\/2021\/05\/Cottoned-Grey-Tufted-Cushion-filled-with-Organic-GOTS-Cotton-SALE-4.jpg","type":"image\/jpeg"}],"twitter_card":"summary_large_image","twitter_misc":{"Ansl. lesetid":"1 minutt"},"schema":{"@context":"https:\/\/schema.org","@graph":[{"@type":"WebPage","@id":"https:\/\/cottonedshop.com\/shop\/2-5-grey-tufted-cushion-filled-with-organic-gots-cotton-62-x-26-x-4-sale\/","url":"https:\/\/cottonedshop.com\/shop\/2-5-grey-tufted-cushion-filled-with-organic-gots-cotton-62-x-26-x-4-sale\/","name":"Grey Seat Cushion | GOTS Cotton Filling | 20% Off","isPartOf":{"@id":"https:\/\/cottonedshop.com\/#website"},"primaryImageOfPage":{"@id":"https:\/\/cottonedshop.com\/shop\/2-5-grey-tufted-cushion-filled-with-organic-gots-cotton-62-x-26-x-4-sale\/#primaryimage"},"image":{"@id":"https:\/\/cottonedshop.com\/shop\/2-5-grey-tufted-cushion-filled-with-organic-gots-cotton-62-x-26-x-4-sale\/#primaryimage"},"thumbnailUrl":"https:\/\/cottonedshop.com\/wp-content\/uploads\/2021\/05\/Cottoned-Grey-Tufted-Cushion-filled-with-Organic-GOTS-Cotton-SALE-4.jpg","datePublished":"2021-05-13T14:13:10+00:00","dateModified":"2025-02-24T14:01:45+00:00","description":"62 x 26\u201d tufted cushion filled with organic cotton. A natural, eco-friendly alternative to foam cushions, reducing exposure to harmful VOCs.","breadcrumb":{"@id":"https:\/\/cottonedshop.com\/shop\/2-5-grey-tufted-cushion-filled-with-organic-gots-cotton-62-x-26-x-4-sale\/#breadcrumb"},"inLanguage":"nb-NO","potentialAction":[{"@type":"ReadAction","target":["https:\/\/cottonedshop.com\/shop\/2-5-grey-tufted-cushion-filled-with-organic-gots-cotton-62-x-26-x-4-sale\/"]}]},{"@type":"ImageObject","inLanguage":"nb-NO","@id":"https:\/\/cottonedshop.com\/shop\/2-5-grey-tufted-cushion-filled-with-organic-gots-cotton-62-x-26-x-4-sale\/#primaryimage","url":"https:\/\/cottonedshop.com\/wp-content\/uploads\/2021\/05\/Cottoned-Grey-Tufted-Cushion-filled-with-Organic-GOTS-Cotton-SALE-4.jpg","contentUrl":"https:\/\/cottonedshop.com\/wp-content\/uploads\/2021\/05\/Cottoned-Grey-Tufted-Cushion-filled-with-Organic-GOTS-Cotton-SALE-4.jpg","width":1200,"height":960,"caption":"Cottoned-Grey-Tufted-Cushion-filled-with-Organic-GOTS-Cotton-SALE-4"},{"@type":"BreadcrumbList","@id":"https:\/\/cottonedshop.com\/shop\/2-5-grey-tufted-cushion-filled-with-organic-gots-cotton-62-x-26-x-4-sale\/#breadcrumb","itemListElement":[{"@type":"ListItem","position":1,"name":"Home","item":"https:\/\/cottonedshop.com\/"},{"@type":"ListItem","position":2,"name":"Shop","item":"https:\/\/cottonedshop.com\/shop\/"},{"@type":"ListItem","position":3,"name":"2.5&#8221; Grey Tufted Cushion filled with Organic GOTS Cotton | 62&#8221; x 26&#8221; x 4&#8221; | SALE"}]},{"@type":"WebSite","@id":"https:\/\/cottonedshop.com\/#website","url":"https:\/\/cottonedshop.com\/","name":"Cottoned Shop","description":"","publisher":{"@id":"https:\/\/cottonedshop.com\/#organization"},"potentialAction":[{"@type":"SearchAction","target":{"@type":"EntryPoint","urlTemplate":"https:\/\/cottonedshop.com\/?s={search_term_string}"},"query-input":{"@type":"PropertyValueSpecification","valueRequired":true,"valueName":"search_term_string"}}],"inLanguage":"nb-NO"},{"@type":"Organization","@id":"https:\/\/cottonedshop.com\/#organization","name":"Bomull","url":"https:\/\/cottonedshop.com\/","logo":{"@type":"ImageObject","inLanguage":"nb-NO","@id":"https:\/\/cottonedshop.com\/#\/schema\/logo\/image\/","url":"https:\/\/cottonedshop.com\/wp-content\/uploads\/2021\/02\/cottoned-logo-large.png","contentUrl":"https:\/\/cottonedshop.com\/wp-content\/uploads\/2021\/02\/cottoned-logo-large.png","width":1548,"height":1548,"caption":"Cottoned"},"image":{"@id":"https:\/\/cottonedshop.com\/#\/schema\/logo\/image\/"}}]}},"_links":{"self":[{"href":"https:\/\/cottonedshop.com\/nb\/wp-json\/wp\/v2\/product\/5575","targetHints":{"allow":["GET"]}}],"collection":[{"href":"https:\/\/cottonedshop.com\/nb\/wp-json\/wp\/v2\/product"}],"about":[{"href":"https:\/\/cottonedshop.com\/nb\/wp-json\/wp\/v2\/types\/product"}],"replies":[{"embeddable":true,"href":"https:\/\/cottonedshop.com\/nb\/wp-json\/wp\/v2\/comments?post=5575"}],"wp:featuredmedia":[{"embeddable":true,"href":"https:\/\/cottonedshop.com\/nb\/wp-json\/wp\/v2\/media\/5577"}],"wp:attachment":[{"href":"https:\/\/cottonedshop.com\/nb\/wp-json\/wp\/v2\/media?parent=5575"}],"wp:term":[{"taxonomy":"product_brand","embeddable":true,"href":"https:\/\/cottonedshop.com\/nb\/wp-json\/wp\/v2\/product_brand?post=5575"},{"taxonomy":"product_cat","embeddable":true,"href":"https:\/\/cottonedshop.com\/nb\/wp-json\/wp\/v2\/product_cat?post=5575"},{"taxonomy":"product_tag","embeddable":true,"href":"https:\/\/cottonedshop.com\/nb\/wp-json\/wp\/v2\/product_tag?post=5575"}],"curies":[{"name":"wp","href":"https:\/\/api.w.org\/{rel}","templated":true}]}}