{"id":2698,"date":"2020-04-30T16:38:32","date_gmt":"2020-04-30T14:38:32","guid":{"rendered":"https:\/\/cottonedshop.com\/?post_type=product&#038;p=2698"},"modified":"2025-04-18T11:19:38","modified_gmt":"2025-04-18T08:19:38","slug":"ikke-tuftet-stolpute","status":"publish","type":"product","link":"https:\/\/cottonedshop.com\/nb\/shop\/non-tufted-chair-cushion\/","title":{"rendered":"Stolpute i \u00f8kologisk bomull p\u00e5 3\u2033 med vaskbart trekk med spesialtilpassing"},"content":{"rendered":"<div class=\"wpb-content-wrapper\"><div  class=\"sec_row container\"><div class=\"vc_row wpb_row vc_row-fluid\"><div class=\"wpb_column vc_column_container vc_col-sm-12 et-dark-column\"><div class=\"vc_column-inner\"><div class=\"wpb_wrapper\">\n\t<div class=\"wpb_text_column wpb_content_element\" >\n\t\t<div class=\"wpb_wrapper\">\n\t\t\t<p style=\"text-align: left;\"><strong>FYLLING<\/strong>:<a href=\"https:\/\/cottonedshop.com\/shop\/cotton-filling\/\">100% GOTS-sertifisert bomull<\/a><\/p>\n<p style=\"text-align: left;\"><strong>FUNKSJONER:<\/strong><\/p>\n<ul style=\"text-align: left;\">\n<li style=\"text-align: left;\">Glidel\u00e5s p\u00e5 baksiden.<\/li>\n<li style=\"text-align: left;\">Gratis reparasjonssett inkludert for hver bomullsfylte gjenstand.<\/li>\n<\/ul>\n<p style=\"text-align: left;\"><strong>DESIGN<\/strong>: Ikke-tuftet med tuftet innsats.<\/p>\n<p style=\"text-align: left;\"><strong>ALTERNATIVER FOR KANTER:<\/strong><\/p>\n<ul style=\"text-align: left;\">\n<li>ikke-pipede kanter<\/li>\n<li>minipipipede kanter<\/li>\n<\/ul>\n<p style=\"text-align: left;\"><strong>STOFFALTERNATIVER FOR AVTREKK MED GLIDEL\u00c5S:<\/strong><\/p>\n<ul style=\"text-align: left;\">\n<li>Max Cotton (100% Cotton), \u00d8ko-Tex-sertifisert<\/li>\n<li>Canal (60% bomull\/40% polyester), \u00d8ko-Tex-sertifisert<\/li>\n<li>Mimos (50 % bomull\/50% polyester), \u00d8ko-Tex-sertifisert<\/li>\n<li>Bella (67% bomull\/33% lin), \u00d8ko-Tex-sertifisert<\/li>\n<li>Fl\u00f8yel (65% bomull\/35% polyester), \u00d8ko-Tex-sertifisert<\/li>\n<li>Vann- og smussavvisende stoff (60% bomull\/40% polyester)<\/li>\n<\/ul>\n<p style=\"text-align: left;\"><strong>STOFF TIL INNSATSDEKSELET:<\/strong><\/p>\n<p style=\"text-align: left;\">100% \u00d8kologisk bomull, lett, ubleket (GOTS-sertifisert)<\/p>\n<p style=\"text-align: left;\"><strong>PLEIEINSTRUKSJONER<\/strong><\/p>\n<p style=\"text-align: left;\">1. Vend og roter ukentlig de f\u00f8rste to m\u00e5nedene for \u00e5 komprimere jevnt.<br \/>\n2. Rengj\u00f8r kun innsatsen punktvis.<br \/>\n3. Det avtakbare trekket kan vaskes i maskin p\u00e5 sk\u00e5nsomt program med et mildt vaskemiddel. Lukk glidel\u00e5sen for vask.<\/p>\n<p style=\"text-align: left;\"><strong>VIKTIG<\/strong><\/p>\n<p style=\"text-align: left;\">* Dette tilbudet gjelder kun \u00e9n pute.<br \/>\n* Bomullsfylte varer er utsatt for en viss grad av kompresjon.<br \/>\n* H\u00e5ndlaget vare, et lite avvik i dimensjonene er mulig.<br \/>\n* Tufting g\u00e5r gjennom hele varen.<\/p>\n<p style=\"text-align: left;\">Takk for at du tok deg tid!<\/p>\n\n\t\t<\/div>\n\t<\/div>\n\n\t<div class=\"wpb_raw_code wpb_raw_html wpb_content_element\" >\n\t\t<div class=\"wpb_wrapper\">\n\t\t\t<div class=\"klaviyo-form-SVRq2G\"><\/div>\n\t\t<\/div>\n\t<\/div>\n<\/div><\/div><\/div><\/div><\/div>\n<\/div>","protected":false},"excerpt":{"rendered":"<p style=\"text-align: left;\">Sett et statement med en sittepute som gjenspeiler din individualitet.\u00a0<strong>Skreddersydd<\/strong>\u00a0med\u00a0<strong>holdbare materialer av h\u00f8y kvalitet<\/strong>\u00a0og\u00a0<strong>det reneste \u00f8kologiske bomullsfyllet<\/strong> innvendig er stolputene v\u00e5re <strong>allergivennlig<\/strong>,\u00a0<strong>ekstremt pustende<\/strong>,\u00a0<strong>milj\u00f8vennlig<\/strong>, og\u00a0<strong>giftfri<\/strong>.<\/p>\n<p style=\"text-align: left;\">Velg mellom en\u00a0<strong>bredt utvalg av stoffer<\/strong>,\u00a0<strong>farger<\/strong>,\u00a0<strong>st\u00f8rrelser<\/strong>, og <strong>former <\/strong>for \u00e5 lage den stolputen du trenger.<\/p>\n<ul>\n<li style=\"text-align: left;\">100%\u00a0<strong>\u00f8kologisk bomull<\/strong>\u00a0fylling p\u00e5 innsiden.<\/li>\n<li style=\"text-align: left;\"><strong>Laget p\u00e5 bestilling<\/strong>\u00a0for \u00e5 passe dine preferanser.<\/li>\n<li style=\"text-align: left;\"><strong>Avtakbart deksel<\/strong>\u00a0for enkelt vedlikehold.<\/li>\n<li style=\"text-align: left;\"><strong>Naturlig alternativ<\/strong>\u00a0til skumputer.<\/li>\n<li style=\"text-align: left;\"><strong>Begrensning<\/strong>\u00a0eksponering for\u00a0<strong>farlige VOC-er<\/strong>\u00a0i hjemmet ditt.<\/li>\n<li style=\"text-align: left;\">Gratis<strong>\u00a0Reparasjonssett<\/strong>\u00a0inkludert.<\/li>\n<li style=\"text-align: left;\">Alle\u00a0<strong>skatter og avgifter<\/strong>\u00a0og\u00a0<strong>plikter<\/strong>\u00a0er\u00a0<strong>inkludert<\/strong>.<\/li>\n<\/ul>","protected":false},"featured_media":2714,"comment_status":"open","ping_status":"closed","template":"","meta":[],"product_brand":[],"product_cat":[29],"product_tag":[270,148,271,272,120,273,274,140,141,275,152,276,153,304],"class_list":{"0":"post-2698","1":"product","2":"type-product","3":"status-publish","4":"has-post-thumbnail","6":"product_cat-cushions","7":"product_tag-banquette-cushion","8":"product_tag-bay-window-seat","9":"product_tag-bench-cushion","10":"product_tag-bohemian-couch","11":"product_tag-breakfast-nook","12":"product_tag-custom-bench-cushion","13":"product_tag-entryway-bench","14":"product_tag-french-mattress","15":"product_tag-hand-tufted-cushion","16":"product_tag-indoor-cushion","17":"product_tag-mudroom-seating-pad","18":"product_tag-nook-cushion","19":"product_tag-trapezoid-bay-window","20":"product_tag-velvet-cushion","22":"first","23":"instock","24":"shipping-taxable","25":"product-type-external"},"yoast_head":"<!-- This site is optimized with the Yoast SEO plugin v27.4 - https:\/\/yoast.com\/product\/yoast-seo-wordpress\/ -->\n<title>Custom Organic Cotton 3&quot; Chair Cushion with Washable Cover | Cottoned Shop<\/title>\n<meta name=\"description\" content=\"Handmade chair cushion with washable cover, filled with certified organic cotton. We can make any size or shape on request.\" \/>\n<meta name=\"robots\" content=\"index, follow, max-snippet:-1, max-image-preview:large, max-video-preview:-1\" \/>\n<link rel=\"canonical\" href=\"https:\/\/cottonedshop.com\/nb\/butikk\/ikke-tuftet-stolpute\/\" \/>\n<meta property=\"og:locale\" content=\"nb_NO\" \/>\n<meta property=\"og:type\" content=\"article\" \/>\n<meta property=\"og:title\" content=\"Custom Organic Cotton 3&quot; Chair Cushion with Washable Cover | Cottoned Shop\" \/>\n<meta property=\"og:description\" content=\"Handmade chair cushion with washable cover, filled with certified organic cotton. We can make any size or shape on request.\" \/>\n<meta property=\"og:url\" content=\"https:\/\/cottonedshop.com\/nb\/butikk\/ikke-tuftet-stolpute\/\" \/>\n<meta property=\"og:site_name\" content=\"Cottoned Shop\" \/>\n<meta property=\"article:modified_time\" content=\"2025-04-18T08:19:38+00:00\" \/>\n<meta property=\"og:image\" content=\"https:\/\/cottonedshop.com\/wp-content\/uploads\/2020\/04\/Cotton-non-tufted-chair-cushion.jpg\" \/>\n\t<meta property=\"og:image:width\" content=\"1300\" \/>\n\t<meta property=\"og:image:height\" content=\"1040\" \/>\n\t<meta property=\"og:image:type\" content=\"image\/jpeg\" \/>\n<meta name=\"twitter:card\" content=\"summary_large_image\" \/>\n<meta name=\"twitter:label1\" content=\"Ansl. lesetid\" \/>\n\t<meta name=\"twitter:data1\" content=\"1 minutt\" \/>\n<script type=\"application\/ld+json\" class=\"yoast-schema-graph\">{\"@context\":\"https:\\\/\\\/schema.org\",\"@graph\":[{\"@type\":\"WebPage\",\"@id\":\"https:\\\/\\\/cottonedshop.com\\\/shop\\\/non-tufted-chair-cushion\\\/\",\"url\":\"https:\\\/\\\/cottonedshop.com\\\/shop\\\/non-tufted-chair-cushion\\\/\",\"name\":\"Custom Organic Cotton 3\\\" Chair Cushion with Washable Cover | Cottoned Shop\",\"isPartOf\":{\"@id\":\"https:\\\/\\\/cottonedshop.com\\\/#website\"},\"primaryImageOfPage\":{\"@id\":\"https:\\\/\\\/cottonedshop.com\\\/shop\\\/non-tufted-chair-cushion\\\/#primaryimage\"},\"image\":{\"@id\":\"https:\\\/\\\/cottonedshop.com\\\/shop\\\/non-tufted-chair-cushion\\\/#primaryimage\"},\"thumbnailUrl\":\"https:\\\/\\\/cottonedshop.com\\\/wp-content\\\/uploads\\\/2020\\\/04\\\/Cotton-non-tufted-chair-cushion.jpg\",\"datePublished\":\"2020-04-30T14:38:32+00:00\",\"dateModified\":\"2025-04-18T08:19:38+00:00\",\"description\":\"Handmade chair cushion with washable cover, filled with certified organic cotton. We can make any size or shape on request.\",\"breadcrumb\":{\"@id\":\"https:\\\/\\\/cottonedshop.com\\\/shop\\\/non-tufted-chair-cushion\\\/#breadcrumb\"},\"inLanguage\":\"nb-NO\",\"potentialAction\":[{\"@type\":\"ReadAction\",\"target\":[\"https:\\\/\\\/cottonedshop.com\\\/shop\\\/non-tufted-chair-cushion\\\/\"]}]},{\"@type\":\"ImageObject\",\"inLanguage\":\"nb-NO\",\"@id\":\"https:\\\/\\\/cottonedshop.com\\\/shop\\\/non-tufted-chair-cushion\\\/#primaryimage\",\"url\":\"https:\\\/\\\/cottonedshop.com\\\/wp-content\\\/uploads\\\/2020\\\/04\\\/Cotton-non-tufted-chair-cushion.jpg\",\"contentUrl\":\"https:\\\/\\\/cottonedshop.com\\\/wp-content\\\/uploads\\\/2020\\\/04\\\/Cotton-non-tufted-chair-cushion.jpg\",\"width\":1300,\"height\":1040,\"caption\":\"Cotton non-tufted chair cushion\"},{\"@type\":\"BreadcrumbList\",\"@id\":\"https:\\\/\\\/cottonedshop.com\\\/shop\\\/non-tufted-chair-cushion\\\/#breadcrumb\",\"itemListElement\":[{\"@type\":\"ListItem\",\"position\":1,\"name\":\"Home\",\"item\":\"https:\\\/\\\/cottonedshop.com\\\/\"},{\"@type\":\"ListItem\",\"position\":2,\"name\":\"Shop\",\"item\":\"https:\\\/\\\/cottonedshop.com\\\/shop\\\/\"},{\"@type\":\"ListItem\",\"position\":3,\"name\":\"Custom Organic Cotton 3&#8243; Chair Cushion with Washable Cover\"}]},{\"@type\":\"WebSite\",\"@id\":\"https:\\\/\\\/cottonedshop.com\\\/#website\",\"url\":\"https:\\\/\\\/cottonedshop.com\\\/\",\"name\":\"Cottoned Shop\",\"description\":\"\",\"publisher\":{\"@id\":\"https:\\\/\\\/cottonedshop.com\\\/#organization\"},\"potentialAction\":[{\"@type\":\"SearchAction\",\"target\":{\"@type\":\"EntryPoint\",\"urlTemplate\":\"https:\\\/\\\/cottonedshop.com\\\/?s={search_term_string}\"},\"query-input\":{\"@type\":\"PropertyValueSpecification\",\"valueRequired\":true,\"valueName\":\"search_term_string\"}}],\"inLanguage\":\"nb-NO\"},{\"@type\":\"Organization\",\"@id\":\"https:\\\/\\\/cottonedshop.com\\\/#organization\",\"name\":\"Cottoned\",\"url\":\"https:\\\/\\\/cottonedshop.com\\\/\",\"logo\":{\"@type\":\"ImageObject\",\"inLanguage\":\"nb-NO\",\"@id\":\"https:\\\/\\\/cottonedshop.com\\\/#\\\/schema\\\/logo\\\/image\\\/\",\"url\":\"https:\\\/\\\/cottonedshop.com\\\/wp-content\\\/uploads\\\/2021\\\/02\\\/cottoned-logo-large.png\",\"contentUrl\":\"https:\\\/\\\/cottonedshop.com\\\/wp-content\\\/uploads\\\/2021\\\/02\\\/cottoned-logo-large.png\",\"width\":1548,\"height\":1548,\"caption\":\"Cottoned\"},\"image\":{\"@id\":\"https:\\\/\\\/cottonedshop.com\\\/#\\\/schema\\\/logo\\\/image\\\/\"}}]}<\/script>\n<!-- \/ Yoast SEO plugin. -->","yoast_head_json":{"title":"Stolpute i \u00f8kologisk bomull 3\" med vaskbart trekk | Cottoned Shop","description":"H\u00e5ndlaget stolpute med vaskbart trekk, fylt med sertifisert \u00f8kologisk bomull. Vi kan lage enhver st\u00f8rrelse eller form p\u00e5 foresp\u00f8rsel.","robots":{"index":"index","follow":"follow","max-snippet":"max-snippet:-1","max-image-preview":"max-image-preview:large","max-video-preview":"max-video-preview:-1"},"canonical":"https:\/\/cottonedshop.com\/nb\/butikk\/ikke-tuftet-stolpute\/","og_locale":"nb_NO","og_type":"article","og_title":"Custom Organic Cotton 3\" Chair Cushion with Washable Cover | Cottoned Shop","og_description":"Handmade chair cushion with washable cover, filled with certified organic cotton. We can make any size or shape on request.","og_url":"https:\/\/cottonedshop.com\/nb\/butikk\/ikke-tuftet-stolpute\/","og_site_name":"Cottoned Shop","article_modified_time":"2025-04-18T08:19:38+00:00","og_image":[{"width":1300,"height":1040,"url":"https:\/\/cottonedshop.com\/wp-content\/uploads\/2020\/04\/Cotton-non-tufted-chair-cushion.jpg","type":"image\/jpeg"}],"twitter_card":"summary_large_image","twitter_misc":{"Ansl. lesetid":"1 minutt"},"schema":{"@context":"https:\/\/schema.org","@graph":[{"@type":"WebPage","@id":"https:\/\/cottonedshop.com\/shop\/non-tufted-chair-cushion\/","url":"https:\/\/cottonedshop.com\/shop\/non-tufted-chair-cushion\/","name":"Stolpute i \u00f8kologisk bomull 3\" med vaskbart trekk | Cottoned Shop","isPartOf":{"@id":"https:\/\/cottonedshop.com\/#website"},"primaryImageOfPage":{"@id":"https:\/\/cottonedshop.com\/shop\/non-tufted-chair-cushion\/#primaryimage"},"image":{"@id":"https:\/\/cottonedshop.com\/shop\/non-tufted-chair-cushion\/#primaryimage"},"thumbnailUrl":"https:\/\/cottonedshop.com\/wp-content\/uploads\/2020\/04\/Cotton-non-tufted-chair-cushion.jpg","datePublished":"2020-04-30T14:38:32+00:00","dateModified":"2025-04-18T08:19:38+00:00","description":"H\u00e5ndlaget stolpute med vaskbart trekk, fylt med sertifisert \u00f8kologisk bomull. Vi kan lage enhver st\u00f8rrelse eller form p\u00e5 foresp\u00f8rsel.","breadcrumb":{"@id":"https:\/\/cottonedshop.com\/shop\/non-tufted-chair-cushion\/#breadcrumb"},"inLanguage":"nb-NO","potentialAction":[{"@type":"ReadAction","target":["https:\/\/cottonedshop.com\/shop\/non-tufted-chair-cushion\/"]}]},{"@type":"ImageObject","inLanguage":"nb-NO","@id":"https:\/\/cottonedshop.com\/shop\/non-tufted-chair-cushion\/#primaryimage","url":"https:\/\/cottonedshop.com\/wp-content\/uploads\/2020\/04\/Cotton-non-tufted-chair-cushion.jpg","contentUrl":"https:\/\/cottonedshop.com\/wp-content\/uploads\/2020\/04\/Cotton-non-tufted-chair-cushion.jpg","width":1300,"height":1040,"caption":"Cotton non-tufted chair cushion"},{"@type":"BreadcrumbList","@id":"https:\/\/cottonedshop.com\/shop\/non-tufted-chair-cushion\/#breadcrumb","itemListElement":[{"@type":"ListItem","position":1,"name":"Home","item":"https:\/\/cottonedshop.com\/"},{"@type":"ListItem","position":2,"name":"Shop","item":"https:\/\/cottonedshop.com\/shop\/"},{"@type":"ListItem","position":3,"name":"Custom Organic Cotton 3&#8243; Chair Cushion with Washable Cover"}]},{"@type":"WebSite","@id":"https:\/\/cottonedshop.com\/#website","url":"https:\/\/cottonedshop.com\/","name":"Cottoned Shop","description":"","publisher":{"@id":"https:\/\/cottonedshop.com\/#organization"},"potentialAction":[{"@type":"SearchAction","target":{"@type":"EntryPoint","urlTemplate":"https:\/\/cottonedshop.com\/?s={search_term_string}"},"query-input":{"@type":"PropertyValueSpecification","valueRequired":true,"valueName":"search_term_string"}}],"inLanguage":"nb-NO"},{"@type":"Organization","@id":"https:\/\/cottonedshop.com\/#organization","name":"Bomull","url":"https:\/\/cottonedshop.com\/","logo":{"@type":"ImageObject","inLanguage":"nb-NO","@id":"https:\/\/cottonedshop.com\/#\/schema\/logo\/image\/","url":"https:\/\/cottonedshop.com\/wp-content\/uploads\/2021\/02\/cottoned-logo-large.png","contentUrl":"https:\/\/cottonedshop.com\/wp-content\/uploads\/2021\/02\/cottoned-logo-large.png","width":1548,"height":1548,"caption":"Cottoned"},"image":{"@id":"https:\/\/cottonedshop.com\/#\/schema\/logo\/image\/"}}]}},"_links":{"self":[{"href":"https:\/\/cottonedshop.com\/nb\/wp-json\/wp\/v2\/product\/2698","targetHints":{"allow":["GET"]}}],"collection":[{"href":"https:\/\/cottonedshop.com\/nb\/wp-json\/wp\/v2\/product"}],"about":[{"href":"https:\/\/cottonedshop.com\/nb\/wp-json\/wp\/v2\/types\/product"}],"replies":[{"embeddable":true,"href":"https:\/\/cottonedshop.com\/nb\/wp-json\/wp\/v2\/comments?post=2698"}],"wp:featuredmedia":[{"embeddable":true,"href":"https:\/\/cottonedshop.com\/nb\/wp-json\/wp\/v2\/media\/2714"}],"wp:attachment":[{"href":"https:\/\/cottonedshop.com\/nb\/wp-json\/wp\/v2\/media?parent=2698"}],"wp:term":[{"taxonomy":"product_brand","embeddable":true,"href":"https:\/\/cottonedshop.com\/nb\/wp-json\/wp\/v2\/product_brand?post=2698"},{"taxonomy":"product_cat","embeddable":true,"href":"https:\/\/cottonedshop.com\/nb\/wp-json\/wp\/v2\/product_cat?post=2698"},{"taxonomy":"product_tag","embeddable":true,"href":"https:\/\/cottonedshop.com\/nb\/wp-json\/wp\/v2\/product_tag?post=2698"}],"curies":[{"name":"wp","href":"https:\/\/api.w.org\/{rel}","templated":true}]}}