{"id":2260,"date":"2020-03-12T12:41:39","date_gmt":"2020-03-12T10:41:39","guid":{"rendered":"https:\/\/cottonedshop.com\/?post_type=product&#038;p=2260"},"modified":"2026-03-26T19:37:04","modified_gmt":"2026-03-26T17:37:04","slug":"lett-bomull-gots-sertifisert","status":"publish","type":"product","link":"https:\/\/cottonedshop.com\/nb\/shop\/lightweight-cotton-gots-certified\/","title":{"rendered":"\u00d8kologisk, ubleket, lett bomullsstoff 100% \/ GOTS-sertifisert"},"content":{"rendered":"<div class=\"wpb-content-wrapper\"><div  class=\"sec_row container\"><div class=\"vc_row wpb_row vc_row-fluid\"><div class=\"wpb_column vc_column_container vc_col-sm-12 et-dark-column\"><div class=\"vc_column-inner\"><div class=\"wpb_wrapper\">\n\t<div class=\"wpb_text_column wpb_content_element\" >\n\t\t<div class=\"wpb_wrapper\">\n\t\t\t<p style=\"text-align: left;\"><strong>LENGDEALTERNATIVER:<\/strong><\/p>\n<ul style=\"text-align: left;\">\n<li>40\u2033 (1 meter)<\/li>\n<li>80\u2033 (2 meter)<\/li>\n<li>Vi kutter alle mengder du bestiller i ett langt stykke<\/li>\n<\/ul>\n<p style=\"text-align: left;\"><strong>SKRINKAGE (etter vask):<\/strong><\/p>\n<ul style=\"text-align: left;\">\n<li>I lengderetningen: 9%<\/li>\n<li>I bredden: 5%<\/li>\n<\/ul>\n<p style=\"text-align: left;\">Vask p\u00e5 sk\u00e5nsomt program med et mildt vaskemiddel, uten blekemidler. Dette er et naturstoff, s\u00e5 det vil rynke seg n\u00e5r det vaskes.<\/p>\n\n\t\t<\/div>\n\t<\/div>\n\n\t<div class=\"wpb_raw_code wpb_raw_html wpb_content_element\" >\n\t\t<div class=\"wpb_wrapper\">\n\t\t\t<div class=\"klaviyo-form-SVRq2G\"><\/div>\n\t\t<\/div>\n\t<\/div>\n<\/div><\/div><\/div><\/div><\/div>\n<\/div>","protected":false},"excerpt":{"rendered":"<p>Stoffet er GOTS-sertifisert. Det er 100% \u00f8kologisk, uten belegg, uten fargestoffer, uten kjemisk overflatebehandling og etterbehandling.<\/p>\n<p><strong>VEKT:<\/strong> 100 g\/m\u00b2<br \/>\n<strong>BREDDE:<\/strong> 254 cm (100\u2033)<\/p>\n<p>Vi kutter alle mengder du bestiller i ett langt stykke.<\/p>\n<p>Tilvirkningstid: 1-3 dager<br \/>\nLeveringstid: 1-4 uker<br \/>\nSend oss en melding for \u00e5 be om ekspressfrakt.<\/p>","protected":false},"featured_media":8481,"comment_status":"open","ping_status":"closed","template":"","meta":[],"product_brand":[],"product_cat":[33],"product_tag":[277,278,279,280,281,282,283],"class_list":{"0":"post-2260","1":"product","2":"type-product","3":"status-publish","4":"has-post-thumbnail","6":"product_cat-craft-supplies","7":"product_tag-cotton-fabric-by-the-yard","8":"product_tag-cotton-fabric-for-applique","9":"product_tag-craft-supplies","10":"product_tag-eco-friendly-textile","11":"product_tag-pure-cotton-fabric","12":"product_tag-sewing-supply","13":"product_tag-undyed-fibers","15":"first","16":"instock","17":"shipping-taxable","18":"purchasable","19":"product-type-variable"},"yoast_head":"<!-- This site is optimized with the Yoast SEO plugin v27.3 - https:\/\/yoast.com\/product\/yoast-seo-wordpress\/ -->\n<title>&quot;Organic Cotton Fabric | Lightweight &amp; GOTS Certified&quot;<\/title>\n<meta name=\"description\" content=\"100% organic, unbleached cotton fabric. GOTS certified with no coatings, dyes, or chemical finishes. Eco-friendly, and perfect for sustainable projects!\" \/>\n<meta name=\"robots\" content=\"index, follow, max-snippet:-1, max-image-preview:large, max-video-preview:-1\" \/>\n<link rel=\"canonical\" href=\"https:\/\/cottonedshop.com\/nb\/butikk\/lett-bomull-gots-sertifisert\/\" \/>\n<meta property=\"og:locale\" content=\"nb_NO\" \/>\n<meta property=\"og:type\" content=\"article\" \/>\n<meta property=\"og:title\" content=\"&quot;Organic Cotton Fabric | Lightweight &amp; GOTS Certified&quot;\" \/>\n<meta property=\"og:description\" content=\"100% organic, unbleached cotton fabric. GOTS certified with no coatings, dyes, or chemical finishes. Eco-friendly, and perfect for sustainable projects!\" \/>\n<meta property=\"og:url\" content=\"https:\/\/cottonedshop.com\/nb\/butikk\/lett-bomull-gots-sertifisert\/\" \/>\n<meta property=\"og:site_name\" content=\"Cottoned Shop\" \/>\n<meta property=\"article:modified_time\" content=\"2026-03-26T17:37:04+00:00\" \/>\n<meta property=\"og:image\" content=\"https:\/\/cottonedshop.com\/wp-content\/uploads\/2020\/03\/Cottoned-GOTS-certified-organic-cotton-fabric-lightweight-1.jpg\" \/>\n\t<meta property=\"og:image:width\" content=\"2000\" \/>\n\t<meta property=\"og:image:height\" content=\"1600\" \/>\n\t<meta property=\"og:image:type\" content=\"image\/jpeg\" \/>\n<meta name=\"twitter:card\" content=\"summary_large_image\" \/>\n<meta name=\"twitter:label1\" content=\"Ansl. lesetid\" \/>\n\t<meta name=\"twitter:data1\" content=\"1 minutt\" \/>\n<script type=\"application\/ld+json\" class=\"yoast-schema-graph\">{\"@context\":\"https:\\\/\\\/schema.org\",\"@graph\":[{\"@type\":\"WebPage\",\"@id\":\"https:\\\/\\\/cottonedshop.com\\\/shop\\\/lightweight-cotton-gots-certified\\\/\",\"url\":\"https:\\\/\\\/cottonedshop.com\\\/shop\\\/lightweight-cotton-gots-certified\\\/\",\"name\":\"\\\"Organic Cotton Fabric | Lightweight & GOTS Certified\\\"\",\"isPartOf\":{\"@id\":\"https:\\\/\\\/cottonedshop.com\\\/#website\"},\"primaryImageOfPage\":{\"@id\":\"https:\\\/\\\/cottonedshop.com\\\/shop\\\/lightweight-cotton-gots-certified\\\/#primaryimage\"},\"image\":{\"@id\":\"https:\\\/\\\/cottonedshop.com\\\/shop\\\/lightweight-cotton-gots-certified\\\/#primaryimage\"},\"thumbnailUrl\":\"https:\\\/\\\/cottonedshop.com\\\/wp-content\\\/uploads\\\/2020\\\/03\\\/Cottoned-GOTS-certified-organic-cotton-fabric-lightweight-1.jpg\",\"datePublished\":\"2020-03-12T10:41:39+00:00\",\"dateModified\":\"2026-03-26T17:37:04+00:00\",\"description\":\"100% organic, unbleached cotton fabric. GOTS certified with no coatings, dyes, or chemical finishes. Eco-friendly, and perfect for sustainable projects!\",\"breadcrumb\":{\"@id\":\"https:\\\/\\\/cottonedshop.com\\\/shop\\\/lightweight-cotton-gots-certified\\\/#breadcrumb\"},\"inLanguage\":\"nb-NO\",\"potentialAction\":[{\"@type\":\"ReadAction\",\"target\":[\"https:\\\/\\\/cottonedshop.com\\\/shop\\\/lightweight-cotton-gots-certified\\\/\"]}]},{\"@type\":\"ImageObject\",\"inLanguage\":\"nb-NO\",\"@id\":\"https:\\\/\\\/cottonedshop.com\\\/shop\\\/lightweight-cotton-gots-certified\\\/#primaryimage\",\"url\":\"https:\\\/\\\/cottonedshop.com\\\/wp-content\\\/uploads\\\/2020\\\/03\\\/Cottoned-GOTS-certified-organic-cotton-fabric-lightweight-1.jpg\",\"contentUrl\":\"https:\\\/\\\/cottonedshop.com\\\/wp-content\\\/uploads\\\/2020\\\/03\\\/Cottoned-GOTS-certified-organic-cotton-fabric-lightweight-1.jpg\",\"width\":2000,\"height\":1600},{\"@type\":\"BreadcrumbList\",\"@id\":\"https:\\\/\\\/cottonedshop.com\\\/shop\\\/lightweight-cotton-gots-certified\\\/#breadcrumb\",\"itemListElement\":[{\"@type\":\"ListItem\",\"position\":1,\"name\":\"Home\",\"item\":\"https:\\\/\\\/cottonedshop.com\\\/\"},{\"@type\":\"ListItem\",\"position\":2,\"name\":\"Shop\",\"item\":\"https:\\\/\\\/cottonedshop.com\\\/shop\\\/\"},{\"@type\":\"ListItem\",\"position\":3,\"name\":\"Organic Unbleached Lightweight 100% Cotton Fabric \\\/ GOTS certified\"}]},{\"@type\":\"WebSite\",\"@id\":\"https:\\\/\\\/cottonedshop.com\\\/#website\",\"url\":\"https:\\\/\\\/cottonedshop.com\\\/\",\"name\":\"Cottoned Shop\",\"description\":\"\",\"publisher\":{\"@id\":\"https:\\\/\\\/cottonedshop.com\\\/#organization\"},\"potentialAction\":[{\"@type\":\"SearchAction\",\"target\":{\"@type\":\"EntryPoint\",\"urlTemplate\":\"https:\\\/\\\/cottonedshop.com\\\/?s={search_term_string}\"},\"query-input\":{\"@type\":\"PropertyValueSpecification\",\"valueRequired\":true,\"valueName\":\"search_term_string\"}}],\"inLanguage\":\"nb-NO\"},{\"@type\":\"Organization\",\"@id\":\"https:\\\/\\\/cottonedshop.com\\\/#organization\",\"name\":\"Cottoned\",\"url\":\"https:\\\/\\\/cottonedshop.com\\\/\",\"logo\":{\"@type\":\"ImageObject\",\"inLanguage\":\"nb-NO\",\"@id\":\"https:\\\/\\\/cottonedshop.com\\\/#\\\/schema\\\/logo\\\/image\\\/\",\"url\":\"https:\\\/\\\/cottonedshop.com\\\/wp-content\\\/uploads\\\/2021\\\/02\\\/cottoned-logo-large.png\",\"contentUrl\":\"https:\\\/\\\/cottonedshop.com\\\/wp-content\\\/uploads\\\/2021\\\/02\\\/cottoned-logo-large.png\",\"width\":1548,\"height\":1548,\"caption\":\"Cottoned\"},\"image\":{\"@id\":\"https:\\\/\\\/cottonedshop.com\\\/#\\\/schema\\\/logo\\\/image\\\/\"}}]}<\/script>\n<!-- \/ Yoast SEO plugin. -->","yoast_head_json":{"title":"\"Organic Cotton Fabric | Lightweight & GOTS Certified\"","description":"100% organic, unbleached cotton fabric. GOTS certified with no coatings, dyes, or chemical finishes. Eco-friendly, and perfect for sustainable projects!","robots":{"index":"index","follow":"follow","max-snippet":"max-snippet:-1","max-image-preview":"max-image-preview:large","max-video-preview":"max-video-preview:-1"},"canonical":"https:\/\/cottonedshop.com\/nb\/butikk\/lett-bomull-gots-sertifisert\/","og_locale":"nb_NO","og_type":"article","og_title":"\"Organic Cotton Fabric | Lightweight & GOTS Certified\"","og_description":"100% organic, unbleached cotton fabric. GOTS certified with no coatings, dyes, or chemical finishes. Eco-friendly, and perfect for sustainable projects!","og_url":"https:\/\/cottonedshop.com\/nb\/butikk\/lett-bomull-gots-sertifisert\/","og_site_name":"Cottoned Shop","article_modified_time":"2026-03-26T17:37:04+00:00","og_image":[{"width":2000,"height":1600,"url":"https:\/\/cottonedshop.com\/wp-content\/uploads\/2020\/03\/Cottoned-GOTS-certified-organic-cotton-fabric-lightweight-1.jpg","type":"image\/jpeg"}],"twitter_card":"summary_large_image","twitter_misc":{"Ansl. lesetid":"1 minutt"},"schema":{"@context":"https:\/\/schema.org","@graph":[{"@type":"WebPage","@id":"https:\/\/cottonedshop.com\/shop\/lightweight-cotton-gots-certified\/","url":"https:\/\/cottonedshop.com\/shop\/lightweight-cotton-gots-certified\/","name":"\"Organic Cotton Fabric | Lightweight & GOTS Certified\"","isPartOf":{"@id":"https:\/\/cottonedshop.com\/#website"},"primaryImageOfPage":{"@id":"https:\/\/cottonedshop.com\/shop\/lightweight-cotton-gots-certified\/#primaryimage"},"image":{"@id":"https:\/\/cottonedshop.com\/shop\/lightweight-cotton-gots-certified\/#primaryimage"},"thumbnailUrl":"https:\/\/cottonedshop.com\/wp-content\/uploads\/2020\/03\/Cottoned-GOTS-certified-organic-cotton-fabric-lightweight-1.jpg","datePublished":"2020-03-12T10:41:39+00:00","dateModified":"2026-03-26T17:37:04+00:00","description":"100% organic, unbleached cotton fabric. GOTS certified with no coatings, dyes, or chemical finishes. Eco-friendly, and perfect for sustainable projects!","breadcrumb":{"@id":"https:\/\/cottonedshop.com\/shop\/lightweight-cotton-gots-certified\/#breadcrumb"},"inLanguage":"nb-NO","potentialAction":[{"@type":"ReadAction","target":["https:\/\/cottonedshop.com\/shop\/lightweight-cotton-gots-certified\/"]}]},{"@type":"ImageObject","inLanguage":"nb-NO","@id":"https:\/\/cottonedshop.com\/shop\/lightweight-cotton-gots-certified\/#primaryimage","url":"https:\/\/cottonedshop.com\/wp-content\/uploads\/2020\/03\/Cottoned-GOTS-certified-organic-cotton-fabric-lightweight-1.jpg","contentUrl":"https:\/\/cottonedshop.com\/wp-content\/uploads\/2020\/03\/Cottoned-GOTS-certified-organic-cotton-fabric-lightweight-1.jpg","width":2000,"height":1600},{"@type":"BreadcrumbList","@id":"https:\/\/cottonedshop.com\/shop\/lightweight-cotton-gots-certified\/#breadcrumb","itemListElement":[{"@type":"ListItem","position":1,"name":"Home","item":"https:\/\/cottonedshop.com\/"},{"@type":"ListItem","position":2,"name":"Shop","item":"https:\/\/cottonedshop.com\/shop\/"},{"@type":"ListItem","position":3,"name":"Organic Unbleached Lightweight 100% Cotton Fabric \/ GOTS certified"}]},{"@type":"WebSite","@id":"https:\/\/cottonedshop.com\/#website","url":"https:\/\/cottonedshop.com\/","name":"Cottoned Shop","description":"","publisher":{"@id":"https:\/\/cottonedshop.com\/#organization"},"potentialAction":[{"@type":"SearchAction","target":{"@type":"EntryPoint","urlTemplate":"https:\/\/cottonedshop.com\/?s={search_term_string}"},"query-input":{"@type":"PropertyValueSpecification","valueRequired":true,"valueName":"search_term_string"}}],"inLanguage":"nb-NO"},{"@type":"Organization","@id":"https:\/\/cottonedshop.com\/#organization","name":"Bomull","url":"https:\/\/cottonedshop.com\/","logo":{"@type":"ImageObject","inLanguage":"nb-NO","@id":"https:\/\/cottonedshop.com\/#\/schema\/logo\/image\/","url":"https:\/\/cottonedshop.com\/wp-content\/uploads\/2021\/02\/cottoned-logo-large.png","contentUrl":"https:\/\/cottonedshop.com\/wp-content\/uploads\/2021\/02\/cottoned-logo-large.png","width":1548,"height":1548,"caption":"Cottoned"},"image":{"@id":"https:\/\/cottonedshop.com\/#\/schema\/logo\/image\/"}}]}},"_links":{"self":[{"href":"https:\/\/cottonedshop.com\/nb\/wp-json\/wp\/v2\/product\/2260","targetHints":{"allow":["GET"]}}],"collection":[{"href":"https:\/\/cottonedshop.com\/nb\/wp-json\/wp\/v2\/product"}],"about":[{"href":"https:\/\/cottonedshop.com\/nb\/wp-json\/wp\/v2\/types\/product"}],"replies":[{"embeddable":true,"href":"https:\/\/cottonedshop.com\/nb\/wp-json\/wp\/v2\/comments?post=2260"}],"wp:featuredmedia":[{"embeddable":true,"href":"https:\/\/cottonedshop.com\/nb\/wp-json\/wp\/v2\/media\/8481"}],"wp:attachment":[{"href":"https:\/\/cottonedshop.com\/nb\/wp-json\/wp\/v2\/media?parent=2260"}],"wp:term":[{"taxonomy":"product_brand","embeddable":true,"href":"https:\/\/cottonedshop.com\/nb\/wp-json\/wp\/v2\/product_brand?post=2260"},{"taxonomy":"product_cat","embeddable":true,"href":"https:\/\/cottonedshop.com\/nb\/wp-json\/wp\/v2\/product_cat?post=2260"},{"taxonomy":"product_tag","embeddable":true,"href":"https:\/\/cottonedshop.com\/nb\/wp-json\/wp\/v2\/product_tag?post=2260"}],"curies":[{"name":"wp","href":"https:\/\/api.w.org\/{rel}","templated":true}]}}