{"id":14237,"date":"2025-04-30T16:20:02","date_gmt":"2025-04-30T13:20:02","guid":{"rendered":"https:\/\/cottonedshop.com\/?post_type=product&#038;p=14237"},"modified":"2025-11-26T15:46:54","modified_gmt":"2025-11-26T13:46:54","slug":"setepute","status":"publish","type":"product","link":"https:\/\/cottonedshop.com\/nb\/shop\/seat-cushion\/","title":{"rendered":"Sittepute"},"content":{"rendered":"<div class=\"wpb-content-wrapper\"><div  class=\"sec_row container\"><div class=\"vc_row wpb_row vc_row-fluid\"><div class=\"wpb_column vc_column_container vc_col-sm-12 et-dark-column\"><div class=\"vc_column-inner\"><div class=\"wpb_wrapper\">\n\t<div class=\"wpb_text_column wpb_content_element\" >\n\t\t<div class=\"wpb_wrapper\">\n\t\t\t<p><strong>FABRIC OF THE COVER:<\/strong> Water\/Stain repellent fabric<\/p>\n<p><strong>FYLLING<\/strong>: Organic GOTS Certified Cotton Fibers<\/p>\n<p style=\"text-align: left;\"><strong>FUNKSJONER:<\/strong><\/p>\n<ul>\n<li style=\"text-align: left;\">100% <strong>\u00f8kologisk bomull<\/strong> fylling p\u00e5 innsiden.<\/li>\n<li>Insert in <strong>Water\/Stain repellent fabric<\/strong>.<\/li>\n<li><strong>Laget p\u00e5 bestilling<\/strong> for \u00e5 passe dine preferanser.<\/li>\n<li style=\"text-align: left;\"><strong>Naturlig alternativ<\/strong> til skumputer.<\/li>\n<li style=\"text-align: left;\"><strong>Begrensning<\/strong> eksponering for <strong>farlige VOC-er<\/strong> i hjemmet ditt.<\/li>\n<li style=\"text-align: left;\"><strong>Avtakbart deksel<\/strong> for enkelt vedlikehold.<\/li>\n<li style=\"text-align: left;\">Alle <strong>skatter og avgifter<\/strong> og <strong>plikter<\/strong> er <strong>inkludert<\/strong>.<\/li>\n<\/ul>\n<p style=\"text-align: left;\"><strong>PLEIEINSTRUKSJONER<\/strong><\/p>\n<p style=\"text-align: left;\">Det avtakbare trekket kan vaskes i maskin p\u00e5 sk\u00e5nsomt program med et mildt vaskemiddel. Lukk glidel\u00e5sen f\u00f8r vask.<\/p>\n<p style=\"text-align: left;\"><strong>VIKTIG<\/strong><\/p>\n<p style=\"text-align: left;\">* Dette tilbudet gjelder kun \u00e9n pute.<br \/>\n* Bomullsfylte varer er utsatt for en viss grad av kompresjon.<br \/>\n* H\u00e5ndlaget vare, et lite avvik i dimensjonene er mulig.<\/p>\n\n\t\t<\/div>\n\t<\/div>\n\n\t<div class=\"wpb_raw_code wpb_raw_html wpb_content_element\" >\n\t\t<div class=\"wpb_wrapper\">\n\t\t\t<div class=\"klaviyo-form-SVRq2G\"><\/div>\n\t\t<\/div>\n\t<\/div>\n<\/div><\/div><\/div><\/div><\/div>\n<\/div>","protected":false},"excerpt":{"rendered":"<div class=\"ql-block\" data-block-id=\"block-002a7009-cc9c-470a-8da9-539b730e5cc1\">\n<p>Bring comfort to your patio with these\u00a0square outdoor seat cushions. Each\u00a0one\u00a0is fully customizable. You can choose the size, fabric, and details to match the needs of your space and your vision. These\u00a0outdoor patio seat cushions\u00a0are filled with 100%\u00a0organic cotton. The organic filling offers a breathable and non-toxic alternative to synthetic materials.<\/p>\n<div>\n<p>Ideal for any balcony or garden, these\u00a0seat cushions\u00a0are designed to provide optimal support and comfort. Versatile and stylish, these\u00a0cushions\u00a0are all you need for your summer comfort.<\/p>\n<div>\n<p>Please leave a note at checkout with your preferred fabric color for the cover.<b>\u00a0<\/b><\/p>\n<p>SIZE: <strong>20 x 20 x 9&#8221; (50.8 x 50.8 x 23 cm)<\/strong><\/p>\n<\/div>\n<p style=\"text-align: left;\">[et_button title=\"REQUEST CUSTOMIZATION\" style=\"solid rounded\" color=\"custom\" align=\"center\" color_custom=\"#3bd4ae\" text_color_custom=\"#ffffff\" link=\"url:https%3A%2F%2Fcottonedshop.com%2Fcontact%2F\"]<\/p>\n<\/div>\n<\/div>\n","protected":false},"featured_media":14256,"comment_status":"open","ping_status":"closed","template":"","meta":[],"product_brand":[],"product_cat":[557],"product_tag":[119,120,121,122,123,124,125,126,127,128,129,130,131,132,133,134,135],"class_list":{"0":"post-14237","1":"product","2":"type-product","3":"status-publish","4":"has-post-thumbnail","6":"product_cat-garden","7":"product_tag-box-cushion","8":"product_tag-breakfast-nook","9":"product_tag-custom-pouf","10":"product_tag-floor-pillow","11":"product_tag-foot-stool","12":"product_tag-handmade-cushion","13":"product_tag-living-room-stool","14":"product_tag-morrocan-pouf","15":"product_tag-ottoman","16":"product_tag-ottoman-chair","17":"product_tag-ottoman-pouf","18":"product_tag-ottoman-seat","19":"product_tag-patio-chair-cushions","20":"product_tag-pouf-ottoman","21":"product_tag-rectangular-seat-cushion","22":"product_tag-square-cushion-ottoman","23":"product_tag-square-pouf","25":"first","26":"instock","27":"shipping-taxable","28":"purchasable","29":"product-type-variable"},"yoast_head":"<!-- This site is optimized with the Yoast SEO plugin v27.4 - https:\/\/yoast.com\/product\/yoast-seo-wordpress\/ -->\n<title>Seat Cushion \u2013 Organic &amp; Non-toxic | Cottoned Shop<\/title>\n<meta name=\"description\" content=\"Customize your patio with outdoor throw pillows and seat cushions. 100% organic cotton-filled outdoor patio seat cushions for comfort. Made-to-order, non-toxic.\" \/>\n<meta name=\"robots\" content=\"index, follow, max-snippet:-1, max-image-preview:large, max-video-preview:-1\" \/>\n<link rel=\"canonical\" href=\"https:\/\/cottonedshop.com\/nb\/butikk\/setepute\/\" \/>\n<meta property=\"og:locale\" content=\"nb_NO\" \/>\n<meta property=\"og:type\" content=\"article\" \/>\n<meta property=\"og:title\" content=\"Seat Cushion \u2013 Organic &amp; Non-toxic | Cottoned Shop\" \/>\n<meta property=\"og:description\" content=\"Customize your patio with outdoor throw pillows and seat cushions. 100% organic cotton-filled outdoor patio seat cushions for comfort. Made-to-order, non-toxic.\" \/>\n<meta property=\"og:url\" content=\"https:\/\/cottonedshop.com\/nb\/butikk\/setepute\/\" \/>\n<meta property=\"og:site_name\" content=\"Cottoned Shop\" \/>\n<meta property=\"article:modified_time\" content=\"2025-11-26T13:46:54+00:00\" \/>\n<meta property=\"og:image\" content=\"https:\/\/cottonedshop.com\/wp-content\/uploads\/2025\/04\/Cottoned-Shop-Square-Outdoor-Cushions-Main.jpg\" \/>\n\t<meta property=\"og:image:width\" content=\"1476\" \/>\n\t<meta property=\"og:image:height\" content=\"1181\" \/>\n\t<meta property=\"og:image:type\" content=\"image\/jpeg\" \/>\n<meta name=\"twitter:card\" content=\"summary_large_image\" \/>\n<meta name=\"twitter:label1\" content=\"Ansl. lesetid\" \/>\n\t<meta name=\"twitter:data1\" content=\"1 minutt\" \/>\n<script type=\"application\/ld+json\" class=\"yoast-schema-graph\">{\"@context\":\"https:\\\/\\\/schema.org\",\"@graph\":[{\"@type\":\"WebPage\",\"@id\":\"https:\\\/\\\/cottonedshop.com\\\/shop\\\/seat-cushion\\\/\",\"url\":\"https:\\\/\\\/cottonedshop.com\\\/shop\\\/seat-cushion\\\/\",\"name\":\"Seat Cushion \u2013 Organic & Non-toxic | Cottoned Shop\",\"isPartOf\":{\"@id\":\"https:\\\/\\\/cottonedshop.com\\\/#website\"},\"primaryImageOfPage\":{\"@id\":\"https:\\\/\\\/cottonedshop.com\\\/shop\\\/seat-cushion\\\/#primaryimage\"},\"image\":{\"@id\":\"https:\\\/\\\/cottonedshop.com\\\/shop\\\/seat-cushion\\\/#primaryimage\"},\"thumbnailUrl\":\"https:\\\/\\\/cottonedshop.com\\\/wp-content\\\/uploads\\\/2025\\\/04\\\/Cottoned-Shop-Square-Outdoor-Cushions-Main.jpg\",\"datePublished\":\"2025-04-30T13:20:02+00:00\",\"dateModified\":\"2025-11-26T13:46:54+00:00\",\"description\":\"Customize your patio with outdoor throw pillows and seat cushions. 100% organic cotton-filled outdoor patio seat cushions for comfort. Made-to-order, non-toxic.\",\"breadcrumb\":{\"@id\":\"https:\\\/\\\/cottonedshop.com\\\/shop\\\/seat-cushion\\\/#breadcrumb\"},\"inLanguage\":\"nb-NO\",\"potentialAction\":[{\"@type\":\"ReadAction\",\"target\":[\"https:\\\/\\\/cottonedshop.com\\\/shop\\\/seat-cushion\\\/\"]}]},{\"@type\":\"ImageObject\",\"inLanguage\":\"nb-NO\",\"@id\":\"https:\\\/\\\/cottonedshop.com\\\/shop\\\/seat-cushion\\\/#primaryimage\",\"url\":\"https:\\\/\\\/cottonedshop.com\\\/wp-content\\\/uploads\\\/2025\\\/04\\\/Cottoned-Shop-Square-Outdoor-Cushions-Main.jpg\",\"contentUrl\":\"https:\\\/\\\/cottonedshop.com\\\/wp-content\\\/uploads\\\/2025\\\/04\\\/Cottoned-Shop-Square-Outdoor-Cushions-Main.jpg\",\"width\":1476,\"height\":1181},{\"@type\":\"BreadcrumbList\",\"@id\":\"https:\\\/\\\/cottonedshop.com\\\/shop\\\/seat-cushion\\\/#breadcrumb\",\"itemListElement\":[{\"@type\":\"ListItem\",\"position\":1,\"name\":\"Home\",\"item\":\"https:\\\/\\\/cottonedshop.com\\\/\"},{\"@type\":\"ListItem\",\"position\":2,\"name\":\"Shop\",\"item\":\"https:\\\/\\\/cottonedshop.com\\\/shop\\\/\"},{\"@type\":\"ListItem\",\"position\":3,\"name\":\"Seat Cushion\"}]},{\"@type\":\"WebSite\",\"@id\":\"https:\\\/\\\/cottonedshop.com\\\/#website\",\"url\":\"https:\\\/\\\/cottonedshop.com\\\/\",\"name\":\"Cottoned Shop\",\"description\":\"\",\"publisher\":{\"@id\":\"https:\\\/\\\/cottonedshop.com\\\/#organization\"},\"potentialAction\":[{\"@type\":\"SearchAction\",\"target\":{\"@type\":\"EntryPoint\",\"urlTemplate\":\"https:\\\/\\\/cottonedshop.com\\\/?s={search_term_string}\"},\"query-input\":{\"@type\":\"PropertyValueSpecification\",\"valueRequired\":true,\"valueName\":\"search_term_string\"}}],\"inLanguage\":\"nb-NO\"},{\"@type\":\"Organization\",\"@id\":\"https:\\\/\\\/cottonedshop.com\\\/#organization\",\"name\":\"Cottoned\",\"url\":\"https:\\\/\\\/cottonedshop.com\\\/\",\"logo\":{\"@type\":\"ImageObject\",\"inLanguage\":\"nb-NO\",\"@id\":\"https:\\\/\\\/cottonedshop.com\\\/#\\\/schema\\\/logo\\\/image\\\/\",\"url\":\"https:\\\/\\\/cottonedshop.com\\\/wp-content\\\/uploads\\\/2021\\\/02\\\/cottoned-logo-large.png\",\"contentUrl\":\"https:\\\/\\\/cottonedshop.com\\\/wp-content\\\/uploads\\\/2021\\\/02\\\/cottoned-logo-large.png\",\"width\":1548,\"height\":1548,\"caption\":\"Cottoned\"},\"image\":{\"@id\":\"https:\\\/\\\/cottonedshop.com\\\/#\\\/schema\\\/logo\\\/image\\\/\"}}]}<\/script>\n<!-- \/ Yoast SEO plugin. -->","yoast_head_json":{"title":"Seat Cushion \u2013 Organic & Non-toxic | Cottoned Shop","description":"Customize your patio with outdoor throw pillows and seat cushions. 100% organic cotton-filled outdoor patio seat cushions for comfort. Made-to-order, non-toxic.","robots":{"index":"index","follow":"follow","max-snippet":"max-snippet:-1","max-image-preview":"max-image-preview:large","max-video-preview":"max-video-preview:-1"},"canonical":"https:\/\/cottonedshop.com\/nb\/butikk\/setepute\/","og_locale":"nb_NO","og_type":"article","og_title":"Seat Cushion \u2013 Organic & Non-toxic | Cottoned Shop","og_description":"Customize your patio with outdoor throw pillows and seat cushions. 100% organic cotton-filled outdoor patio seat cushions for comfort. Made-to-order, non-toxic.","og_url":"https:\/\/cottonedshop.com\/nb\/butikk\/setepute\/","og_site_name":"Cottoned Shop","article_modified_time":"2025-11-26T13:46:54+00:00","og_image":[{"width":1476,"height":1181,"url":"https:\/\/cottonedshop.com\/wp-content\/uploads\/2025\/04\/Cottoned-Shop-Square-Outdoor-Cushions-Main.jpg","type":"image\/jpeg"}],"twitter_card":"summary_large_image","twitter_misc":{"Ansl. lesetid":"1 minutt"},"schema":{"@context":"https:\/\/schema.org","@graph":[{"@type":"WebPage","@id":"https:\/\/cottonedshop.com\/shop\/seat-cushion\/","url":"https:\/\/cottonedshop.com\/shop\/seat-cushion\/","name":"Seat Cushion \u2013 Organic & Non-toxic | Cottoned Shop","isPartOf":{"@id":"https:\/\/cottonedshop.com\/#website"},"primaryImageOfPage":{"@id":"https:\/\/cottonedshop.com\/shop\/seat-cushion\/#primaryimage"},"image":{"@id":"https:\/\/cottonedshop.com\/shop\/seat-cushion\/#primaryimage"},"thumbnailUrl":"https:\/\/cottonedshop.com\/wp-content\/uploads\/2025\/04\/Cottoned-Shop-Square-Outdoor-Cushions-Main.jpg","datePublished":"2025-04-30T13:20:02+00:00","dateModified":"2025-11-26T13:46:54+00:00","description":"Customize your patio with outdoor throw pillows and seat cushions. 100% organic cotton-filled outdoor patio seat cushions for comfort. Made-to-order, non-toxic.","breadcrumb":{"@id":"https:\/\/cottonedshop.com\/shop\/seat-cushion\/#breadcrumb"},"inLanguage":"nb-NO","potentialAction":[{"@type":"ReadAction","target":["https:\/\/cottonedshop.com\/shop\/seat-cushion\/"]}]},{"@type":"ImageObject","inLanguage":"nb-NO","@id":"https:\/\/cottonedshop.com\/shop\/seat-cushion\/#primaryimage","url":"https:\/\/cottonedshop.com\/wp-content\/uploads\/2025\/04\/Cottoned-Shop-Square-Outdoor-Cushions-Main.jpg","contentUrl":"https:\/\/cottonedshop.com\/wp-content\/uploads\/2025\/04\/Cottoned-Shop-Square-Outdoor-Cushions-Main.jpg","width":1476,"height":1181},{"@type":"BreadcrumbList","@id":"https:\/\/cottonedshop.com\/shop\/seat-cushion\/#breadcrumb","itemListElement":[{"@type":"ListItem","position":1,"name":"Home","item":"https:\/\/cottonedshop.com\/"},{"@type":"ListItem","position":2,"name":"Shop","item":"https:\/\/cottonedshop.com\/shop\/"},{"@type":"ListItem","position":3,"name":"Seat Cushion"}]},{"@type":"WebSite","@id":"https:\/\/cottonedshop.com\/#website","url":"https:\/\/cottonedshop.com\/","name":"Cottoned Shop","description":"","publisher":{"@id":"https:\/\/cottonedshop.com\/#organization"},"potentialAction":[{"@type":"SearchAction","target":{"@type":"EntryPoint","urlTemplate":"https:\/\/cottonedshop.com\/?s={search_term_string}"},"query-input":{"@type":"PropertyValueSpecification","valueRequired":true,"valueName":"search_term_string"}}],"inLanguage":"nb-NO"},{"@type":"Organization","@id":"https:\/\/cottonedshop.com\/#organization","name":"Bomull","url":"https:\/\/cottonedshop.com\/","logo":{"@type":"ImageObject","inLanguage":"nb-NO","@id":"https:\/\/cottonedshop.com\/#\/schema\/logo\/image\/","url":"https:\/\/cottonedshop.com\/wp-content\/uploads\/2021\/02\/cottoned-logo-large.png","contentUrl":"https:\/\/cottonedshop.com\/wp-content\/uploads\/2021\/02\/cottoned-logo-large.png","width":1548,"height":1548,"caption":"Cottoned"},"image":{"@id":"https:\/\/cottonedshop.com\/#\/schema\/logo\/image\/"}}]}},"_links":{"self":[{"href":"https:\/\/cottonedshop.com\/nb\/wp-json\/wp\/v2\/product\/14237","targetHints":{"allow":["GET"]}}],"collection":[{"href":"https:\/\/cottonedshop.com\/nb\/wp-json\/wp\/v2\/product"}],"about":[{"href":"https:\/\/cottonedshop.com\/nb\/wp-json\/wp\/v2\/types\/product"}],"replies":[{"embeddable":true,"href":"https:\/\/cottonedshop.com\/nb\/wp-json\/wp\/v2\/comments?post=14237"}],"wp:featuredmedia":[{"embeddable":true,"href":"https:\/\/cottonedshop.com\/nb\/wp-json\/wp\/v2\/media\/14256"}],"wp:attachment":[{"href":"https:\/\/cottonedshop.com\/nb\/wp-json\/wp\/v2\/media?parent=14237"}],"wp:term":[{"taxonomy":"product_brand","embeddable":true,"href":"https:\/\/cottonedshop.com\/nb\/wp-json\/wp\/v2\/product_brand?post=14237"},{"taxonomy":"product_cat","embeddable":true,"href":"https:\/\/cottonedshop.com\/nb\/wp-json\/wp\/v2\/product_cat?post=14237"},{"taxonomy":"product_tag","embeddable":true,"href":"https:\/\/cottonedshop.com\/nb\/wp-json\/wp\/v2\/product_tag?post=14237"}],"curies":[{"name":"wp","href":"https:\/\/api.w.org\/{rel}","templated":true}]}}