{"id":13107,"date":"2023-12-12T11:32:31","date_gmt":"2023-12-12T09:32:31","guid":{"rendered":"https:\/\/cottonedshop.com\/?post_type=product&#038;p=13107"},"modified":"2025-02-24T16:17:42","modified_gmt":"2025-02-24T14:17:42","slug":"salg-av-floyelsputer-2","status":"publish","type":"product","link":"https:\/\/cottonedshop.com\/nb\/shop\/tufted-headboard-sale\/","title":{"rendered":"Tufted sengegavl | SALG"},"content":{"rendered":"<p><strong>ATTACHMENT THE CUSHION TO THE BED: <\/strong><br \/>\n\u2022 With a Back pocket &#8211; slips over the headboard of your bed<\/p>\n<p><strong>FINISH OF THE TUFTS <\/strong><br \/>\n\u2022 thread only<\/p>\n<p><strong>EDGES<\/strong><br \/>\n\u2022 Non-piped edges<\/p>\n<p><strong>TUFTING PATTERN <\/strong><br \/>\n\u2022 Parallel<\/p>\n<p><strong>STOFF<\/strong><br \/>\n\u2022 Dyed Linen (100% Linen), (Oeko-tex certified) &#8211; 14<\/p>\n<p>FUNKSJONER<br \/>\nZipper on the bottom so you can easily adjust the cotton, add or remove cotton if necessary.<br \/>\nGratis reparasjonssett inkludert for hver bomullsfylte gjenstand.<\/p>\n<p>&nbsp;<\/p>\n<p style=\"text-align: left;\"><strong>PLEIEINSTRUKSJONER<\/strong><br \/>\nDet avtakbare trekket kan vaskes i maskin p\u00e5 sk\u00e5nsomt program med et mildt vaskemiddel. Lukk glidel\u00e5sen for vask.<\/p>\n<p>&nbsp;<\/p>\n<p style=\"text-align: left;\"><strong>VIKTIG<\/strong><br \/>\n* Denne annonsen gjelder kun for \u00e9n pute.<br \/>\n* Bomullsfylte varer er utsatt for en viss grad av kompresjon.<br \/>\n* H\u00e5ndlaget vare, et lite avvik i dimensjonene er mulig.<\/p>","protected":false},"excerpt":{"rendered":"<ul>\n<li style=\"text-align: left;\"><strong>Naturlig alternativ<\/strong> til skumputer.<\/li>\n<li style=\"text-align: left;\"><strong>Begrensning<\/strong> eksponering for <strong>farlige VOC-er<\/strong> i hjemmet ditt.<\/li>\n<li style=\"text-align: left;\">100% <strong>\u00f8kologisk bomull<\/strong> fylling p\u00e5 innsiden.<\/li>\n<li style=\"text-align: left;\">Gratis <strong>m<\/strong><strong>avslutningssett<\/strong> inkludert.<\/li>\n<li style=\"text-align: left;\">Alle <strong>skatter og avgifter<\/strong> og <strong>plikter<\/strong> er <strong>inkludert<\/strong>.<\/li>\n<li style=\"text-align: left;\"><strong>Gratis levering<\/strong> til d\u00f8ren din.<\/li>\n<\/ul>\n<p style=\"text-align: left;\"><strong>ST\u00d8RRELSE: <\/strong>67 x 27 x 1,5\u2033 (170 x 68 x 4 cm), FYLLING: 5,3 kg (11,6 lbs)<\/p>\n<p style=\"text-align: left;\"><strong>STOFF:<\/strong> Farget lin (100% Linen), (Oeko-tex-sertifisert) - 14<\/p>","protected":false},"featured_media":13109,"comment_status":"open","ping_status":"closed","template":"","meta":[],"product_brand":[],"product_cat":[402,344],"product_tag":[256,257,258,111,259,260,261,262],"class_list":{"0":"post-13107","1":"product","2":"type-product","3":"status-publish","4":"has-post-thumbnail","6":"product_cat-headboards","7":"product_cat-sale","8":"product_tag-20x20-pillow-insert","9":"product_tag-couch-pillows","10":"product_tag-cushion-inserts","11":"product_tag-decorative-pillows","12":"product_tag-euro-pillow-insert","13":"product_tag-pillow-filling","14":"product_tag-square-pillow-form","15":"product_tag-throw-pillow-inserts","17":"first","18":"instock","19":"sale","20":"shipping-taxable","21":"purchasable","22":"product-type-simple"},"yoast_head":"<!-- This site is optimized with the Yoast SEO plugin v27.3 - https:\/\/yoast.com\/product\/yoast-seo-wordpress\/ -->\n<title>Tufted Headboard | Organic Cotton Filling | SALE<\/title>\n<meta name=\"description\" content=\"Handmade tufted headboard with organic cotton filling and 100% linen fabric. Size: 67 x 27 x 1.5&quot;. Eco-friendly and stylish design, now at 20% off.\" \/>\n<meta name=\"robots\" content=\"index, follow, max-snippet:-1, max-image-preview:large, max-video-preview:-1\" \/>\n<link rel=\"canonical\" href=\"https:\/\/cottonedshop.com\/nb\/butikk\/salg-av-floyelsputer-2\/\" \/>\n<meta property=\"og:locale\" content=\"nb_NO\" \/>\n<meta property=\"og:type\" content=\"article\" \/>\n<meta property=\"og:title\" content=\"Tufted Headboard | Organic Cotton Filling | SALE\" \/>\n<meta property=\"og:description\" content=\"Handmade tufted headboard with organic cotton filling and 100% linen fabric. Size: 67 x 27 x 1.5&quot;. Eco-friendly and stylish design, now at 20% off.\" \/>\n<meta property=\"og:url\" content=\"https:\/\/cottonedshop.com\/nb\/butikk\/salg-av-floyelsputer-2\/\" \/>\n<meta property=\"og:site_name\" content=\"Cottoned Shop\" \/>\n<meta property=\"article:modified_time\" content=\"2025-02-24T14:17:42+00:00\" \/>\n<meta property=\"og:image\" content=\"https:\/\/cottonedshop.com\/wp-content\/uploads\/2023\/12\/cottoned-tufted-headboard-in-black-dyed-linen-sale.jpg\" \/>\n\t<meta property=\"og:image:width\" content=\"1200\" \/>\n\t<meta property=\"og:image:height\" content=\"960\" \/>\n\t<meta property=\"og:image:type\" content=\"image\/jpeg\" \/>\n<meta name=\"twitter:card\" content=\"summary_large_image\" \/>\n<meta name=\"twitter:label1\" content=\"Ansl. lesetid\" \/>\n\t<meta name=\"twitter:data1\" content=\"1 minutt\" \/>\n<script type=\"application\/ld+json\" class=\"yoast-schema-graph\">{\"@context\":\"https:\\\/\\\/schema.org\",\"@graph\":[{\"@type\":\"WebPage\",\"@id\":\"https:\\\/\\\/cottonedshop.com\\\/shop\\\/tufted-headboard-sale\\\/\",\"url\":\"https:\\\/\\\/cottonedshop.com\\\/shop\\\/tufted-headboard-sale\\\/\",\"name\":\"Tufted Headboard | Organic Cotton Filling | SALE\",\"isPartOf\":{\"@id\":\"https:\\\/\\\/cottonedshop.com\\\/#website\"},\"primaryImageOfPage\":{\"@id\":\"https:\\\/\\\/cottonedshop.com\\\/shop\\\/tufted-headboard-sale\\\/#primaryimage\"},\"image\":{\"@id\":\"https:\\\/\\\/cottonedshop.com\\\/shop\\\/tufted-headboard-sale\\\/#primaryimage\"},\"thumbnailUrl\":\"https:\\\/\\\/cottonedshop.com\\\/wp-content\\\/uploads\\\/2023\\\/12\\\/cottoned-tufted-headboard-in-black-dyed-linen-sale.jpg\",\"datePublished\":\"2023-12-12T09:32:31+00:00\",\"dateModified\":\"2025-02-24T14:17:42+00:00\",\"description\":\"Handmade tufted headboard with organic cotton filling and 100% linen fabric. Size: 67 x 27 x 1.5\\\". Eco-friendly and stylish design, now at 20% off.\",\"breadcrumb\":{\"@id\":\"https:\\\/\\\/cottonedshop.com\\\/shop\\\/tufted-headboard-sale\\\/#breadcrumb\"},\"inLanguage\":\"nb-NO\",\"potentialAction\":[{\"@type\":\"ReadAction\",\"target\":[\"https:\\\/\\\/cottonedshop.com\\\/shop\\\/tufted-headboard-sale\\\/\"]}]},{\"@type\":\"ImageObject\",\"inLanguage\":\"nb-NO\",\"@id\":\"https:\\\/\\\/cottonedshop.com\\\/shop\\\/tufted-headboard-sale\\\/#primaryimage\",\"url\":\"https:\\\/\\\/cottonedshop.com\\\/wp-content\\\/uploads\\\/2023\\\/12\\\/cottoned-tufted-headboard-in-black-dyed-linen-sale.jpg\",\"contentUrl\":\"https:\\\/\\\/cottonedshop.com\\\/wp-content\\\/uploads\\\/2023\\\/12\\\/cottoned-tufted-headboard-in-black-dyed-linen-sale.jpg\",\"width\":1200,\"height\":960,\"caption\":\"cottoned tufted headboard in black dyed linen - sale\"},{\"@type\":\"BreadcrumbList\",\"@id\":\"https:\\\/\\\/cottonedshop.com\\\/shop\\\/tufted-headboard-sale\\\/#breadcrumb\",\"itemListElement\":[{\"@type\":\"ListItem\",\"position\":1,\"name\":\"Home\",\"item\":\"https:\\\/\\\/cottonedshop.com\\\/\"},{\"@type\":\"ListItem\",\"position\":2,\"name\":\"Shop\",\"item\":\"https:\\\/\\\/cottonedshop.com\\\/shop\\\/\"},{\"@type\":\"ListItem\",\"position\":3,\"name\":\"Tufted Headboard | SALE\"}]},{\"@type\":\"WebSite\",\"@id\":\"https:\\\/\\\/cottonedshop.com\\\/#website\",\"url\":\"https:\\\/\\\/cottonedshop.com\\\/\",\"name\":\"Cottoned Shop\",\"description\":\"\",\"publisher\":{\"@id\":\"https:\\\/\\\/cottonedshop.com\\\/#organization\"},\"potentialAction\":[{\"@type\":\"SearchAction\",\"target\":{\"@type\":\"EntryPoint\",\"urlTemplate\":\"https:\\\/\\\/cottonedshop.com\\\/?s={search_term_string}\"},\"query-input\":{\"@type\":\"PropertyValueSpecification\",\"valueRequired\":true,\"valueName\":\"search_term_string\"}}],\"inLanguage\":\"nb-NO\"},{\"@type\":\"Organization\",\"@id\":\"https:\\\/\\\/cottonedshop.com\\\/#organization\",\"name\":\"Cottoned\",\"url\":\"https:\\\/\\\/cottonedshop.com\\\/\",\"logo\":{\"@type\":\"ImageObject\",\"inLanguage\":\"nb-NO\",\"@id\":\"https:\\\/\\\/cottonedshop.com\\\/#\\\/schema\\\/logo\\\/image\\\/\",\"url\":\"https:\\\/\\\/cottonedshop.com\\\/wp-content\\\/uploads\\\/2021\\\/02\\\/cottoned-logo-large.png\",\"contentUrl\":\"https:\\\/\\\/cottonedshop.com\\\/wp-content\\\/uploads\\\/2021\\\/02\\\/cottoned-logo-large.png\",\"width\":1548,\"height\":1548,\"caption\":\"Cottoned\"},\"image\":{\"@id\":\"https:\\\/\\\/cottonedshop.com\\\/#\\\/schema\\\/logo\\\/image\\\/\"}}]}<\/script>\n<!-- \/ Yoast SEO plugin. -->","yoast_head_json":{"title":"Tufted Headboard | Organic Cotton Filling | SALE","description":"Handmade tufted headboard with organic cotton filling and 100% linen fabric. Size: 67 x 27 x 1.5\". Eco-friendly and stylish design, now at 20% off.","robots":{"index":"index","follow":"follow","max-snippet":"max-snippet:-1","max-image-preview":"max-image-preview:large","max-video-preview":"max-video-preview:-1"},"canonical":"https:\/\/cottonedshop.com\/nb\/butikk\/salg-av-floyelsputer-2\/","og_locale":"nb_NO","og_type":"article","og_title":"Tufted Headboard | Organic Cotton Filling | SALE","og_description":"Handmade tufted headboard with organic cotton filling and 100% linen fabric. Size: 67 x 27 x 1.5\". Eco-friendly and stylish design, now at 20% off.","og_url":"https:\/\/cottonedshop.com\/nb\/butikk\/salg-av-floyelsputer-2\/","og_site_name":"Cottoned Shop","article_modified_time":"2025-02-24T14:17:42+00:00","og_image":[{"width":1200,"height":960,"url":"https:\/\/cottonedshop.com\/wp-content\/uploads\/2023\/12\/cottoned-tufted-headboard-in-black-dyed-linen-sale.jpg","type":"image\/jpeg"}],"twitter_card":"summary_large_image","twitter_misc":{"Ansl. lesetid":"1 minutt"},"schema":{"@context":"https:\/\/schema.org","@graph":[{"@type":"WebPage","@id":"https:\/\/cottonedshop.com\/shop\/tufted-headboard-sale\/","url":"https:\/\/cottonedshop.com\/shop\/tufted-headboard-sale\/","name":"Tufted Headboard | Organic Cotton Filling | SALE","isPartOf":{"@id":"https:\/\/cottonedshop.com\/#website"},"primaryImageOfPage":{"@id":"https:\/\/cottonedshop.com\/shop\/tufted-headboard-sale\/#primaryimage"},"image":{"@id":"https:\/\/cottonedshop.com\/shop\/tufted-headboard-sale\/#primaryimage"},"thumbnailUrl":"https:\/\/cottonedshop.com\/wp-content\/uploads\/2023\/12\/cottoned-tufted-headboard-in-black-dyed-linen-sale.jpg","datePublished":"2023-12-12T09:32:31+00:00","dateModified":"2025-02-24T14:17:42+00:00","description":"Handmade tufted headboard with organic cotton filling and 100% linen fabric. Size: 67 x 27 x 1.5\". Eco-friendly and stylish design, now at 20% off.","breadcrumb":{"@id":"https:\/\/cottonedshop.com\/shop\/tufted-headboard-sale\/#breadcrumb"},"inLanguage":"nb-NO","potentialAction":[{"@type":"ReadAction","target":["https:\/\/cottonedshop.com\/shop\/tufted-headboard-sale\/"]}]},{"@type":"ImageObject","inLanguage":"nb-NO","@id":"https:\/\/cottonedshop.com\/shop\/tufted-headboard-sale\/#primaryimage","url":"https:\/\/cottonedshop.com\/wp-content\/uploads\/2023\/12\/cottoned-tufted-headboard-in-black-dyed-linen-sale.jpg","contentUrl":"https:\/\/cottonedshop.com\/wp-content\/uploads\/2023\/12\/cottoned-tufted-headboard-in-black-dyed-linen-sale.jpg","width":1200,"height":960,"caption":"cottoned tufted headboard in black dyed linen - sale"},{"@type":"BreadcrumbList","@id":"https:\/\/cottonedshop.com\/shop\/tufted-headboard-sale\/#breadcrumb","itemListElement":[{"@type":"ListItem","position":1,"name":"Home","item":"https:\/\/cottonedshop.com\/"},{"@type":"ListItem","position":2,"name":"Shop","item":"https:\/\/cottonedshop.com\/shop\/"},{"@type":"ListItem","position":3,"name":"Tufted Headboard | SALE"}]},{"@type":"WebSite","@id":"https:\/\/cottonedshop.com\/#website","url":"https:\/\/cottonedshop.com\/","name":"Cottoned Shop","description":"","publisher":{"@id":"https:\/\/cottonedshop.com\/#organization"},"potentialAction":[{"@type":"SearchAction","target":{"@type":"EntryPoint","urlTemplate":"https:\/\/cottonedshop.com\/?s={search_term_string}"},"query-input":{"@type":"PropertyValueSpecification","valueRequired":true,"valueName":"search_term_string"}}],"inLanguage":"nb-NO"},{"@type":"Organization","@id":"https:\/\/cottonedshop.com\/#organization","name":"Bomull","url":"https:\/\/cottonedshop.com\/","logo":{"@type":"ImageObject","inLanguage":"nb-NO","@id":"https:\/\/cottonedshop.com\/#\/schema\/logo\/image\/","url":"https:\/\/cottonedshop.com\/wp-content\/uploads\/2021\/02\/cottoned-logo-large.png","contentUrl":"https:\/\/cottonedshop.com\/wp-content\/uploads\/2021\/02\/cottoned-logo-large.png","width":1548,"height":1548,"caption":"Cottoned"},"image":{"@id":"https:\/\/cottonedshop.com\/#\/schema\/logo\/image\/"}}]}},"_links":{"self":[{"href":"https:\/\/cottonedshop.com\/nb\/wp-json\/wp\/v2\/product\/13107","targetHints":{"allow":["GET"]}}],"collection":[{"href":"https:\/\/cottonedshop.com\/nb\/wp-json\/wp\/v2\/product"}],"about":[{"href":"https:\/\/cottonedshop.com\/nb\/wp-json\/wp\/v2\/types\/product"}],"replies":[{"embeddable":true,"href":"https:\/\/cottonedshop.com\/nb\/wp-json\/wp\/v2\/comments?post=13107"}],"wp:featuredmedia":[{"embeddable":true,"href":"https:\/\/cottonedshop.com\/nb\/wp-json\/wp\/v2\/media\/13109"}],"wp:attachment":[{"href":"https:\/\/cottonedshop.com\/nb\/wp-json\/wp\/v2\/media?parent=13107"}],"wp:term":[{"taxonomy":"product_brand","embeddable":true,"href":"https:\/\/cottonedshop.com\/nb\/wp-json\/wp\/v2\/product_brand?post=13107"},{"taxonomy":"product_cat","embeddable":true,"href":"https:\/\/cottonedshop.com\/nb\/wp-json\/wp\/v2\/product_cat?post=13107"},{"taxonomy":"product_tag","embeddable":true,"href":"https:\/\/cottonedshop.com\/nb\/wp-json\/wp\/v2\/product_tag?post=13107"}],"curies":[{"name":"wp","href":"https:\/\/api.w.org\/{rel}","templated":true}]}}