{"id":12794,"date":"2023-07-14T10:03:23","date_gmt":"2023-07-14T07:03:23","guid":{"rendered":"https:\/\/cottonedshop.com\/?post_type=product&#038;p=12794"},"modified":"2024-06-27T21:26:20","modified_gmt":"2024-06-27T18:26:20","slug":"lesepute","status":"publish","type":"product","link":"https:\/\/cottonedshop.com\/nb\/shop\/reading-pillow\/","title":{"rendered":"Tilpasset lesepute i \u00f8kologisk bomull"},"content":{"rendered":"<div class=\"wpb-content-wrapper\"><div  class=\"sec_row container\"><div class=\"vc_row wpb_row vc_row-fluid\"><div class=\"wpb_column vc_column_container vc_col-sm-12 et-dark-column\"><div class=\"vc_column-inner\"><div class=\"wpb_wrapper\">\n\t<div class=\"wpb_text_column wpb_content_element\" >\n\t\t<div class=\"wpb_wrapper\">\n\t\t\t<p style=\"text-align: left;\"><strong>FUNKSJONER:<\/strong><\/p>\n<ul>\n<li>Avtakbart, vaskbart trekk.<\/li>\n<li>Innlegg i 100% \u00d8kologisk bomullsstoff.<\/li>\n<li>Glidel\u00e5s for \u00e5 enkelt justere, legge til eller fjerne fyll ved behov.<\/li>\n<\/ul>\n<p style=\"text-align: left;\"><strong>FYLLING<\/strong><\/p>\n<p>6.3 lbs (2.9 kg) of Organic GOTS Certified Cotton<\/p>\n<p style=\"text-align: left;\"><strong>PLEIEINSTRUKSJONER<\/strong><\/p>\n<p style=\"text-align: left;\">Det avtakbare trekket kan vaskes i maskin p\u00e5 sk\u00e5nsomt program med et mildt vaskemiddel. Lukk glidel\u00e5sen f\u00f8r vask.<\/p>\n<p style=\"text-align: left;\"><strong>VIKTIG<\/strong><\/p>\n<p style=\"text-align: left;\">* Dette tilbudet gjelder kun \u00e9n bolsterpute.<br \/>\n* Bomullsfylte varer er utsatt for en viss grad av kompresjon.<br \/>\n* H\u00e5ndlaget vare, et lite avvik i dimensjonene er mulig.<\/p>\n\n\t\t<\/div>\n\t<\/div>\n\n\t<div class=\"wpb_raw_code wpb_raw_html wpb_content_element\" >\n\t\t<div class=\"wpb_wrapper\">\n\t\t\t<div class=\"klaviyo-form-SVRq2G\"><\/div>\n\t\t<\/div>\n\t<\/div>\n<\/div><\/div><\/div><\/div><\/div>\n<\/div>","protected":false},"excerpt":{"rendered":"<p style=\"text-align: left;\">Don&#8217;t let body stiffness keep you from enjoying the next chapter of your favorite book. Get to the last one experiencing the ultimate comfort of our cotton-filled reading pillow.\u00a0 Crafted from <strong>high-quality, durable materials<\/strong>\u00a0and\u00a0<strong>the purest cotton filling<\/strong>, our\u00a0<strong>reading pillow<\/strong> is <strong>hypoallergenic, extremely breathable, eco-friendly<\/strong>, and\u00a0<strong>toxic-free<\/strong>.<\/p>\n<ul>\n<li style=\"text-align: left;\">100%\u00a0<strong>organic cotton<\/strong>\u00a0filling inside.<\/li>\n<li style=\"text-align: left;\"><strong>Made-to-order<\/strong>\u00a0to fit your preferences.<\/li>\n<li style=\"text-align: left;\"><strong>Natural alternative<\/strong>\u00a0to foam and synthetics.<\/li>\n<li style=\"text-align: left;\"><strong>Limit<\/strong>\u00a0exposure to\u00a0<strong>dangerous VOCs<\/strong>\u00a0in your home.<\/li>\n<li style=\"text-align: left;\">Complimentary <strong>m<\/strong><strong>ending kit<\/strong> included.<\/li>\n<li style=\"text-align: left;\">All\u00a0<strong>taxes<\/strong>\u00a0and\u00a0<strong>duties<\/strong>\u00a0are\u00a0<strong>included<\/strong>.<\/li>\n<\/ul>\n<p style=\"text-align: left;\"><strong>SIZE:<\/strong> 10 x\u00a0 26 x 15.3&#8243; (25 x 65 x 39 cm)<\/p>\n<p style=\"text-align: left;\">[et_button title=\"REQUEST CUSTOMIZATION\" style=\"solid rounded\" color=\"custom\" align=\"center\" color_custom=\"#3bd4ae\" text_color_custom=\"#ffffff\" link=\"url:https%3A%2F%2Fcottonedshop.com%2Fcontact%2F\"]<\/p>\n","protected":false},"featured_media":12809,"comment_status":"open","ping_status":"closed","template":"","meta":[],"product_brand":[],"product_cat":[86],"product_tag":[121,122,123,124,125,126,127,128,129,130,131,132,133,134,135],"class_list":{"0":"post-12794","1":"product","2":"type-product","3":"status-publish","4":"has-post-thumbnail","6":"product_cat-pillows","7":"product_tag-custom-pouf","8":"product_tag-floor-pillow","9":"product_tag-foot-stool","10":"product_tag-handmade-cushion","11":"product_tag-living-room-stool","12":"product_tag-morrocan-pouf","13":"product_tag-ottoman","14":"product_tag-ottoman-chair","15":"product_tag-ottoman-pouf","16":"product_tag-ottoman-seat","17":"product_tag-patio-chair-cushions","18":"product_tag-pouf-ottoman","19":"product_tag-rectangular-seat-cushion","20":"product_tag-square-cushion-ottoman","21":"product_tag-square-pouf","23":"first","24":"instock","25":"shipping-taxable","26":"purchasable","27":"product-type-variable"},"yoast_head":"<!-- This site is optimized with the Yoast SEO plugin v27.3 - https:\/\/yoast.com\/product\/yoast-seo-wordpress\/ -->\n<title>Reading Pillow with Organic Cotton Filling<\/title>\n<meta name=\"description\" content=\"Beautiful handmade reading pillow filled with organic cotton stuffing. We can create any custom size or shape on request.\" \/>\n<meta name=\"robots\" content=\"index, follow, max-snippet:-1, max-image-preview:large, max-video-preview:-1\" \/>\n<link rel=\"canonical\" href=\"https:\/\/cottonedshop.com\/nb\/butikk\/lesepute\/\" \/>\n<meta property=\"og:locale\" content=\"nb_NO\" \/>\n<meta property=\"og:type\" content=\"article\" \/>\n<meta property=\"og:title\" content=\"Reading Pillow with Organic Cotton Filling\" \/>\n<meta property=\"og:description\" content=\"Beautiful handmade reading pillow filled with organic cotton stuffing. We can create any custom size or shape on request.\" \/>\n<meta property=\"og:url\" content=\"https:\/\/cottonedshop.com\/nb\/butikk\/lesepute\/\" \/>\n<meta property=\"og:site_name\" content=\"Cottoned Shop\" \/>\n<meta property=\"article:modified_time\" content=\"2024-06-27T18:26:20+00:00\" \/>\n<meta property=\"og:image\" content=\"https:\/\/cottonedshop.com\/wp-content\/uploads\/2023\/07\/Cottoned-Reading-Pillow.jpg\" \/>\n\t<meta property=\"og:image:width\" content=\"1200\" \/>\n\t<meta property=\"og:image:height\" content=\"960\" \/>\n\t<meta property=\"og:image:type\" content=\"image\/jpeg\" \/>\n<meta name=\"twitter:card\" content=\"summary_large_image\" \/>\n<meta name=\"twitter:label1\" content=\"Ansl. lesetid\" \/>\n\t<meta name=\"twitter:data1\" content=\"1 minutt\" \/>\n<script type=\"application\/ld+json\" class=\"yoast-schema-graph\">{\"@context\":\"https:\\\/\\\/schema.org\",\"@graph\":[{\"@type\":\"WebPage\",\"@id\":\"https:\\\/\\\/cottonedshop.com\\\/shop\\\/reading-pillow\\\/\",\"url\":\"https:\\\/\\\/cottonedshop.com\\\/shop\\\/reading-pillow\\\/\",\"name\":\"Reading Pillow with Organic Cotton Filling\",\"isPartOf\":{\"@id\":\"https:\\\/\\\/cottonedshop.com\\\/#website\"},\"primaryImageOfPage\":{\"@id\":\"https:\\\/\\\/cottonedshop.com\\\/shop\\\/reading-pillow\\\/#primaryimage\"},\"image\":{\"@id\":\"https:\\\/\\\/cottonedshop.com\\\/shop\\\/reading-pillow\\\/#primaryimage\"},\"thumbnailUrl\":\"https:\\\/\\\/cottonedshop.com\\\/wp-content\\\/uploads\\\/2023\\\/07\\\/Cottoned-Reading-Pillow.jpg\",\"datePublished\":\"2023-07-14T07:03:23+00:00\",\"dateModified\":\"2024-06-27T18:26:20+00:00\",\"description\":\"Beautiful handmade reading pillow filled with organic cotton stuffing. We can create any custom size or shape on request.\",\"breadcrumb\":{\"@id\":\"https:\\\/\\\/cottonedshop.com\\\/shop\\\/reading-pillow\\\/#breadcrumb\"},\"inLanguage\":\"nb-NO\",\"potentialAction\":[{\"@type\":\"ReadAction\",\"target\":[\"https:\\\/\\\/cottonedshop.com\\\/shop\\\/reading-pillow\\\/\"]}]},{\"@type\":\"ImageObject\",\"inLanguage\":\"nb-NO\",\"@id\":\"https:\\\/\\\/cottonedshop.com\\\/shop\\\/reading-pillow\\\/#primaryimage\",\"url\":\"https:\\\/\\\/cottonedshop.com\\\/wp-content\\\/uploads\\\/2023\\\/07\\\/Cottoned-Reading-Pillow.jpg\",\"contentUrl\":\"https:\\\/\\\/cottonedshop.com\\\/wp-content\\\/uploads\\\/2023\\\/07\\\/Cottoned-Reading-Pillow.jpg\",\"width\":1200,\"height\":960,\"caption\":\"Reading Pillow\"},{\"@type\":\"BreadcrumbList\",\"@id\":\"https:\\\/\\\/cottonedshop.com\\\/shop\\\/reading-pillow\\\/#breadcrumb\",\"itemListElement\":[{\"@type\":\"ListItem\",\"position\":1,\"name\":\"Home\",\"item\":\"https:\\\/\\\/cottonedshop.com\\\/\"},{\"@type\":\"ListItem\",\"position\":2,\"name\":\"Shop\",\"item\":\"https:\\\/\\\/cottonedshop.com\\\/shop\\\/\"},{\"@type\":\"ListItem\",\"position\":3,\"name\":\"Custom Organic Cotton Reading Pillow\"}]},{\"@type\":\"WebSite\",\"@id\":\"https:\\\/\\\/cottonedshop.com\\\/#website\",\"url\":\"https:\\\/\\\/cottonedshop.com\\\/\",\"name\":\"Cottoned Shop\",\"description\":\"\",\"publisher\":{\"@id\":\"https:\\\/\\\/cottonedshop.com\\\/#organization\"},\"potentialAction\":[{\"@type\":\"SearchAction\",\"target\":{\"@type\":\"EntryPoint\",\"urlTemplate\":\"https:\\\/\\\/cottonedshop.com\\\/?s={search_term_string}\"},\"query-input\":{\"@type\":\"PropertyValueSpecification\",\"valueRequired\":true,\"valueName\":\"search_term_string\"}}],\"inLanguage\":\"nb-NO\"},{\"@type\":\"Organization\",\"@id\":\"https:\\\/\\\/cottonedshop.com\\\/#organization\",\"name\":\"Cottoned\",\"url\":\"https:\\\/\\\/cottonedshop.com\\\/\",\"logo\":{\"@type\":\"ImageObject\",\"inLanguage\":\"nb-NO\",\"@id\":\"https:\\\/\\\/cottonedshop.com\\\/#\\\/schema\\\/logo\\\/image\\\/\",\"url\":\"https:\\\/\\\/cottonedshop.com\\\/wp-content\\\/uploads\\\/2021\\\/02\\\/cottoned-logo-large.png\",\"contentUrl\":\"https:\\\/\\\/cottonedshop.com\\\/wp-content\\\/uploads\\\/2021\\\/02\\\/cottoned-logo-large.png\",\"width\":1548,\"height\":1548,\"caption\":\"Cottoned\"},\"image\":{\"@id\":\"https:\\\/\\\/cottonedshop.com\\\/#\\\/schema\\\/logo\\\/image\\\/\"}}]}<\/script>\n<!-- \/ Yoast SEO plugin. -->","yoast_head_json":{"title":"Reading Pillow with Organic Cotton Filling","description":"Beautiful handmade reading pillow filled with organic cotton stuffing. We can create any custom size or shape on request.","robots":{"index":"index","follow":"follow","max-snippet":"max-snippet:-1","max-image-preview":"max-image-preview:large","max-video-preview":"max-video-preview:-1"},"canonical":"https:\/\/cottonedshop.com\/nb\/butikk\/lesepute\/","og_locale":"nb_NO","og_type":"article","og_title":"Reading Pillow with Organic Cotton Filling","og_description":"Beautiful handmade reading pillow filled with organic cotton stuffing. We can create any custom size or shape on request.","og_url":"https:\/\/cottonedshop.com\/nb\/butikk\/lesepute\/","og_site_name":"Cottoned Shop","article_modified_time":"2024-06-27T18:26:20+00:00","og_image":[{"width":1200,"height":960,"url":"https:\/\/cottonedshop.com\/wp-content\/uploads\/2023\/07\/Cottoned-Reading-Pillow.jpg","type":"image\/jpeg"}],"twitter_card":"summary_large_image","twitter_misc":{"Ansl. lesetid":"1 minutt"},"schema":{"@context":"https:\/\/schema.org","@graph":[{"@type":"WebPage","@id":"https:\/\/cottonedshop.com\/shop\/reading-pillow\/","url":"https:\/\/cottonedshop.com\/shop\/reading-pillow\/","name":"Reading Pillow with Organic Cotton Filling","isPartOf":{"@id":"https:\/\/cottonedshop.com\/#website"},"primaryImageOfPage":{"@id":"https:\/\/cottonedshop.com\/shop\/reading-pillow\/#primaryimage"},"image":{"@id":"https:\/\/cottonedshop.com\/shop\/reading-pillow\/#primaryimage"},"thumbnailUrl":"https:\/\/cottonedshop.com\/wp-content\/uploads\/2023\/07\/Cottoned-Reading-Pillow.jpg","datePublished":"2023-07-14T07:03:23+00:00","dateModified":"2024-06-27T18:26:20+00:00","description":"Beautiful handmade reading pillow filled with organic cotton stuffing. We can create any custom size or shape on request.","breadcrumb":{"@id":"https:\/\/cottonedshop.com\/shop\/reading-pillow\/#breadcrumb"},"inLanguage":"nb-NO","potentialAction":[{"@type":"ReadAction","target":["https:\/\/cottonedshop.com\/shop\/reading-pillow\/"]}]},{"@type":"ImageObject","inLanguage":"nb-NO","@id":"https:\/\/cottonedshop.com\/shop\/reading-pillow\/#primaryimage","url":"https:\/\/cottonedshop.com\/wp-content\/uploads\/2023\/07\/Cottoned-Reading-Pillow.jpg","contentUrl":"https:\/\/cottonedshop.com\/wp-content\/uploads\/2023\/07\/Cottoned-Reading-Pillow.jpg","width":1200,"height":960,"caption":"Reading Pillow"},{"@type":"BreadcrumbList","@id":"https:\/\/cottonedshop.com\/shop\/reading-pillow\/#breadcrumb","itemListElement":[{"@type":"ListItem","position":1,"name":"Home","item":"https:\/\/cottonedshop.com\/"},{"@type":"ListItem","position":2,"name":"Shop","item":"https:\/\/cottonedshop.com\/shop\/"},{"@type":"ListItem","position":3,"name":"Custom Organic Cotton Reading Pillow"}]},{"@type":"WebSite","@id":"https:\/\/cottonedshop.com\/#website","url":"https:\/\/cottonedshop.com\/","name":"Cottoned Shop","description":"","publisher":{"@id":"https:\/\/cottonedshop.com\/#organization"},"potentialAction":[{"@type":"SearchAction","target":{"@type":"EntryPoint","urlTemplate":"https:\/\/cottonedshop.com\/?s={search_term_string}"},"query-input":{"@type":"PropertyValueSpecification","valueRequired":true,"valueName":"search_term_string"}}],"inLanguage":"nb-NO"},{"@type":"Organization","@id":"https:\/\/cottonedshop.com\/#organization","name":"Bomull","url":"https:\/\/cottonedshop.com\/","logo":{"@type":"ImageObject","inLanguage":"nb-NO","@id":"https:\/\/cottonedshop.com\/#\/schema\/logo\/image\/","url":"https:\/\/cottonedshop.com\/wp-content\/uploads\/2021\/02\/cottoned-logo-large.png","contentUrl":"https:\/\/cottonedshop.com\/wp-content\/uploads\/2021\/02\/cottoned-logo-large.png","width":1548,"height":1548,"caption":"Cottoned"},"image":{"@id":"https:\/\/cottonedshop.com\/#\/schema\/logo\/image\/"}}]}},"_links":{"self":[{"href":"https:\/\/cottonedshop.com\/nb\/wp-json\/wp\/v2\/product\/12794","targetHints":{"allow":["GET"]}}],"collection":[{"href":"https:\/\/cottonedshop.com\/nb\/wp-json\/wp\/v2\/product"}],"about":[{"href":"https:\/\/cottonedshop.com\/nb\/wp-json\/wp\/v2\/types\/product"}],"replies":[{"embeddable":true,"href":"https:\/\/cottonedshop.com\/nb\/wp-json\/wp\/v2\/comments?post=12794"}],"wp:featuredmedia":[{"embeddable":true,"href":"https:\/\/cottonedshop.com\/nb\/wp-json\/wp\/v2\/media\/12809"}],"wp:attachment":[{"href":"https:\/\/cottonedshop.com\/nb\/wp-json\/wp\/v2\/media?parent=12794"}],"wp:term":[{"taxonomy":"product_brand","embeddable":true,"href":"https:\/\/cottonedshop.com\/nb\/wp-json\/wp\/v2\/product_brand?post=12794"},{"taxonomy":"product_cat","embeddable":true,"href":"https:\/\/cottonedshop.com\/nb\/wp-json\/wp\/v2\/product_cat?post=12794"},{"taxonomy":"product_tag","embeddable":true,"href":"https:\/\/cottonedshop.com\/nb\/wp-json\/wp\/v2\/product_tag?post=12794"}],"curies":[{"name":"wp","href":"https:\/\/api.w.org\/{rel}","templated":true}]}}