{"id":10095,"date":"2022-04-27T12:04:50","date_gmt":"2022-04-27T09:04:50","guid":{"rendered":"https:\/\/cottonedshop.com\/?post_type=product&#038;p=10095"},"modified":"2025-02-24T15:59:10","modified_gmt":"2025-02-24T13:59:10","slug":"brun-tuftet-pute","status":"publish","type":"product","link":"https:\/\/cottonedshop.com\/nb\/shop\/brown-tufted-cushion\/","title":{"rendered":"3\u2033 brun tuftet pute fylt med \u00f8kologisk GOTS-bomull | 49 x 20 x 3\u2033."},"content":{"rendered":"<p>PRODUKTDETALJER<\/p>\n<p>124 x 50 x 7 cm (49 x 20 x 3\u2033)<\/p>\n<p>FUNKSJONER:<br \/>\nGlidel\u00e5s p\u00e5 den ene langsiden.<br \/>\nTufting gjennom hele puten for \u00e5 hindre at bomullsfyllet forskyver seg.<\/p>\n<p>KANTER: Minipiping<\/p>\n<p>FINISH P\u00c5 TUFTINGENE: Puter med stoffkledde knapper (samme stoff som puten)<\/p>\n<p>STOFF: Max Cotton - 100% Cotton (farget, \u00d8ko-Tex-sertifisert) 066, m\u00f8rkebrun<\/p>\n<p>TOTAL VEKT: 5,2 kg (11,5 lbs)<\/p>\n<p>&#8212;&#8212;&#8212;&#8212;&#8212;&#8212;&#8212;&#8212;&#8212;<\/p>\n<p>PLEIEINSTRUKSJONER<br \/>\n- Vend og roter ukentlig de f\u00f8rste to m\u00e5nedene for \u00e5 komprimere jevnt.<br \/>\n- Kun flekkrengj\u00f8ring.<\/p>\n<p>VIKTIG<br \/>\n- Bomullsfylte varer er utsatt for en viss grad av kompresjon.<br \/>\n- H\u00e5ndlaget vare, sm\u00e5 avvik i dimensjoner er mulig.<br \/>\n- Tufting g\u00e5r gjennom hele gjenstanden.<\/p>","protected":false},"excerpt":{"rendered":"<p><strong>Naturlig alternativ<\/strong> til skumputer.<br \/>\n<strong>Begrensning<\/strong> eksponering for <strong>farlige VOC-er<\/strong> i hjemmet ditt.<br \/>\n100% <strong>\u00f8kologisk bomull<\/strong> fylling p\u00e5 innsiden.<br \/>\nGratis <strong>m<\/strong><strong>avslutningssett<\/strong> inkludert.<br \/>\nAlle <strong>skatter og avgifter<\/strong> og <strong>plikter<\/strong> er <strong>inkludert<\/strong>.<br \/>\n<strong>Gratis levering<\/strong> til d\u00f8ren din.<\/p>","protected":false},"featured_media":10097,"comment_status":"open","ping_status":"closed","template":"","meta":[],"product_brand":[],"product_cat":[344],"product_tag":[],"class_list":{"0":"post-10095","1":"product","2":"type-product","3":"status-publish","4":"has-post-thumbnail","6":"product_cat-sale","8":"first","9":"instock","10":"sale","11":"shipping-taxable","12":"purchasable","13":"product-type-simple"},"yoast_head":"<!-- This site is optimized with the Yoast SEO plugin v27.3 - https:\/\/yoast.com\/product\/yoast-seo-wordpress\/ -->\n<title>Brown Seat Cushion | GOTS Cotton | 20% Off | 49x20&quot;<\/title>\n<meta name=\"description\" content=\"Get 20% off this seating cushion filled with 100% organic cotton! A natural, VOC-free alternative to foam. Free shipping &amp; mending kit included. Shop now!\" \/>\n<meta name=\"robots\" content=\"index, follow, max-snippet:-1, max-image-preview:large, max-video-preview:-1\" \/>\n<link rel=\"canonical\" href=\"https:\/\/cottonedshop.com\/nb\/butikk\/brun-tuftet-pute\/\" \/>\n<meta property=\"og:locale\" content=\"nb_NO\" \/>\n<meta property=\"og:type\" content=\"article\" \/>\n<meta property=\"og:title\" content=\"Brown Seat Cushion | GOTS Cotton | 20% Off | 49x20&quot;\" \/>\n<meta property=\"og:description\" content=\"Get 20% off this seating cushion filled with 100% organic cotton! A natural, VOC-free alternative to foam. Free shipping &amp; mending kit included. Shop now!\" \/>\n<meta property=\"og:url\" content=\"https:\/\/cottonedshop.com\/nb\/butikk\/brun-tuftet-pute\/\" \/>\n<meta property=\"og:site_name\" content=\"Cottoned Shop\" \/>\n<meta property=\"article:modified_time\" content=\"2025-02-24T13:59:10+00:00\" \/>\n<meta property=\"og:image\" content=\"https:\/\/cottonedshop.com\/wp-content\/uploads\/2022\/04\/Cottoned-Brown-Tufted-Cushion-sale.jpg\" \/>\n\t<meta property=\"og:image:width\" content=\"1200\" \/>\n\t<meta property=\"og:image:height\" content=\"960\" \/>\n\t<meta property=\"og:image:type\" content=\"image\/jpeg\" \/>\n<meta name=\"twitter:card\" content=\"summary_large_image\" \/>\n<meta name=\"twitter:label1\" content=\"Ansl. lesetid\" \/>\n\t<meta name=\"twitter:data1\" content=\"1 minutt\" \/>\n<script type=\"application\/ld+json\" class=\"yoast-schema-graph\">{\"@context\":\"https:\\\/\\\/schema.org\",\"@graph\":[{\"@type\":\"WebPage\",\"@id\":\"https:\\\/\\\/cottonedshop.com\\\/shop\\\/brown-tufted-cushion\\\/\",\"url\":\"https:\\\/\\\/cottonedshop.com\\\/shop\\\/brown-tufted-cushion\\\/\",\"name\":\"Brown Seat Cushion | GOTS Cotton | 20% Off | 49x20\\\"\",\"isPartOf\":{\"@id\":\"https:\\\/\\\/cottonedshop.com\\\/#website\"},\"primaryImageOfPage\":{\"@id\":\"https:\\\/\\\/cottonedshop.com\\\/shop\\\/brown-tufted-cushion\\\/#primaryimage\"},\"image\":{\"@id\":\"https:\\\/\\\/cottonedshop.com\\\/shop\\\/brown-tufted-cushion\\\/#primaryimage\"},\"thumbnailUrl\":\"https:\\\/\\\/cottonedshop.com\\\/wp-content\\\/uploads\\\/2022\\\/04\\\/Cottoned-Brown-Tufted-Cushion-sale.jpg\",\"datePublished\":\"2022-04-27T09:04:50+00:00\",\"dateModified\":\"2025-02-24T13:59:10+00:00\",\"description\":\"Get 20% off this seating cushion filled with 100% organic cotton! A natural, VOC-free alternative to foam. Free shipping & mending kit included. Shop now!\",\"breadcrumb\":{\"@id\":\"https:\\\/\\\/cottonedshop.com\\\/shop\\\/brown-tufted-cushion\\\/#breadcrumb\"},\"inLanguage\":\"nb-NO\",\"potentialAction\":[{\"@type\":\"ReadAction\",\"target\":[\"https:\\\/\\\/cottonedshop.com\\\/shop\\\/brown-tufted-cushion\\\/\"]}]},{\"@type\":\"ImageObject\",\"inLanguage\":\"nb-NO\",\"@id\":\"https:\\\/\\\/cottonedshop.com\\\/shop\\\/brown-tufted-cushion\\\/#primaryimage\",\"url\":\"https:\\\/\\\/cottonedshop.com\\\/wp-content\\\/uploads\\\/2022\\\/04\\\/Cottoned-Brown-Tufted-Cushion-sale.jpg\",\"contentUrl\":\"https:\\\/\\\/cottonedshop.com\\\/wp-content\\\/uploads\\\/2022\\\/04\\\/Cottoned-Brown-Tufted-Cushion-sale.jpg\",\"width\":1200,\"height\":960,\"caption\":\"Cottoned Brown Tufted Cushion (sale)\"},{\"@type\":\"BreadcrumbList\",\"@id\":\"https:\\\/\\\/cottonedshop.com\\\/shop\\\/brown-tufted-cushion\\\/#breadcrumb\",\"itemListElement\":[{\"@type\":\"ListItem\",\"position\":1,\"name\":\"Home\",\"item\":\"https:\\\/\\\/cottonedshop.com\\\/\"},{\"@type\":\"ListItem\",\"position\":2,\"name\":\"Shop\",\"item\":\"https:\\\/\\\/cottonedshop.com\\\/shop\\\/\"},{\"@type\":\"ListItem\",\"position\":3,\"name\":\"3&#8243; Brown Tufted Cushion filled with Organic GOTS Cotton | 49 x 20 x 3&#8243;\"}]},{\"@type\":\"WebSite\",\"@id\":\"https:\\\/\\\/cottonedshop.com\\\/#website\",\"url\":\"https:\\\/\\\/cottonedshop.com\\\/\",\"name\":\"Cottoned Shop\",\"description\":\"\",\"publisher\":{\"@id\":\"https:\\\/\\\/cottonedshop.com\\\/#organization\"},\"potentialAction\":[{\"@type\":\"SearchAction\",\"target\":{\"@type\":\"EntryPoint\",\"urlTemplate\":\"https:\\\/\\\/cottonedshop.com\\\/?s={search_term_string}\"},\"query-input\":{\"@type\":\"PropertyValueSpecification\",\"valueRequired\":true,\"valueName\":\"search_term_string\"}}],\"inLanguage\":\"nb-NO\"},{\"@type\":\"Organization\",\"@id\":\"https:\\\/\\\/cottonedshop.com\\\/#organization\",\"name\":\"Cottoned\",\"url\":\"https:\\\/\\\/cottonedshop.com\\\/\",\"logo\":{\"@type\":\"ImageObject\",\"inLanguage\":\"nb-NO\",\"@id\":\"https:\\\/\\\/cottonedshop.com\\\/#\\\/schema\\\/logo\\\/image\\\/\",\"url\":\"https:\\\/\\\/cottonedshop.com\\\/wp-content\\\/uploads\\\/2021\\\/02\\\/cottoned-logo-large.png\",\"contentUrl\":\"https:\\\/\\\/cottonedshop.com\\\/wp-content\\\/uploads\\\/2021\\\/02\\\/cottoned-logo-large.png\",\"width\":1548,\"height\":1548,\"caption\":\"Cottoned\"},\"image\":{\"@id\":\"https:\\\/\\\/cottonedshop.com\\\/#\\\/schema\\\/logo\\\/image\\\/\"}}]}<\/script>\n<!-- \/ Yoast SEO plugin. -->","yoast_head_json":{"title":"Brown Seat Cushion | GOTS Cotton | 20% Off | 49x20\"","description":"Get 20% off this seating cushion filled with 100% organic cotton! A natural, VOC-free alternative to foam. Free shipping & mending kit included. Shop now!","robots":{"index":"index","follow":"follow","max-snippet":"max-snippet:-1","max-image-preview":"max-image-preview:large","max-video-preview":"max-video-preview:-1"},"canonical":"https:\/\/cottonedshop.com\/nb\/butikk\/brun-tuftet-pute\/","og_locale":"nb_NO","og_type":"article","og_title":"Brown Seat Cushion | GOTS Cotton | 20% Off | 49x20\"","og_description":"Get 20% off this seating cushion filled with 100% organic cotton! A natural, VOC-free alternative to foam. Free shipping & mending kit included. Shop now!","og_url":"https:\/\/cottonedshop.com\/nb\/butikk\/brun-tuftet-pute\/","og_site_name":"Cottoned Shop","article_modified_time":"2025-02-24T13:59:10+00:00","og_image":[{"width":1200,"height":960,"url":"https:\/\/cottonedshop.com\/wp-content\/uploads\/2022\/04\/Cottoned-Brown-Tufted-Cushion-sale.jpg","type":"image\/jpeg"}],"twitter_card":"summary_large_image","twitter_misc":{"Ansl. lesetid":"1 minutt"},"schema":{"@context":"https:\/\/schema.org","@graph":[{"@type":"WebPage","@id":"https:\/\/cottonedshop.com\/shop\/brown-tufted-cushion\/","url":"https:\/\/cottonedshop.com\/shop\/brown-tufted-cushion\/","name":"Brown Seat Cushion | GOTS Cotton | 20% Off | 49x20\"","isPartOf":{"@id":"https:\/\/cottonedshop.com\/#website"},"primaryImageOfPage":{"@id":"https:\/\/cottonedshop.com\/shop\/brown-tufted-cushion\/#primaryimage"},"image":{"@id":"https:\/\/cottonedshop.com\/shop\/brown-tufted-cushion\/#primaryimage"},"thumbnailUrl":"https:\/\/cottonedshop.com\/wp-content\/uploads\/2022\/04\/Cottoned-Brown-Tufted-Cushion-sale.jpg","datePublished":"2022-04-27T09:04:50+00:00","dateModified":"2025-02-24T13:59:10+00:00","description":"Get 20% off this seating cushion filled with 100% organic cotton! A natural, VOC-free alternative to foam. Free shipping & mending kit included. Shop now!","breadcrumb":{"@id":"https:\/\/cottonedshop.com\/shop\/brown-tufted-cushion\/#breadcrumb"},"inLanguage":"nb-NO","potentialAction":[{"@type":"ReadAction","target":["https:\/\/cottonedshop.com\/shop\/brown-tufted-cushion\/"]}]},{"@type":"ImageObject","inLanguage":"nb-NO","@id":"https:\/\/cottonedshop.com\/shop\/brown-tufted-cushion\/#primaryimage","url":"https:\/\/cottonedshop.com\/wp-content\/uploads\/2022\/04\/Cottoned-Brown-Tufted-Cushion-sale.jpg","contentUrl":"https:\/\/cottonedshop.com\/wp-content\/uploads\/2022\/04\/Cottoned-Brown-Tufted-Cushion-sale.jpg","width":1200,"height":960,"caption":"Cottoned Brown Tufted Cushion (sale)"},{"@type":"BreadcrumbList","@id":"https:\/\/cottonedshop.com\/shop\/brown-tufted-cushion\/#breadcrumb","itemListElement":[{"@type":"ListItem","position":1,"name":"Home","item":"https:\/\/cottonedshop.com\/"},{"@type":"ListItem","position":2,"name":"Shop","item":"https:\/\/cottonedshop.com\/shop\/"},{"@type":"ListItem","position":3,"name":"3&#8243; Brown Tufted Cushion filled with Organic GOTS Cotton | 49 x 20 x 3&#8243;"}]},{"@type":"WebSite","@id":"https:\/\/cottonedshop.com\/#website","url":"https:\/\/cottonedshop.com\/","name":"Cottoned Shop","description":"","publisher":{"@id":"https:\/\/cottonedshop.com\/#organization"},"potentialAction":[{"@type":"SearchAction","target":{"@type":"EntryPoint","urlTemplate":"https:\/\/cottonedshop.com\/?s={search_term_string}"},"query-input":{"@type":"PropertyValueSpecification","valueRequired":true,"valueName":"search_term_string"}}],"inLanguage":"nb-NO"},{"@type":"Organization","@id":"https:\/\/cottonedshop.com\/#organization","name":"Bomull","url":"https:\/\/cottonedshop.com\/","logo":{"@type":"ImageObject","inLanguage":"nb-NO","@id":"https:\/\/cottonedshop.com\/#\/schema\/logo\/image\/","url":"https:\/\/cottonedshop.com\/wp-content\/uploads\/2021\/02\/cottoned-logo-large.png","contentUrl":"https:\/\/cottonedshop.com\/wp-content\/uploads\/2021\/02\/cottoned-logo-large.png","width":1548,"height":1548,"caption":"Cottoned"},"image":{"@id":"https:\/\/cottonedshop.com\/#\/schema\/logo\/image\/"}}]}},"_links":{"self":[{"href":"https:\/\/cottonedshop.com\/nb\/wp-json\/wp\/v2\/product\/10095","targetHints":{"allow":["GET"]}}],"collection":[{"href":"https:\/\/cottonedshop.com\/nb\/wp-json\/wp\/v2\/product"}],"about":[{"href":"https:\/\/cottonedshop.com\/nb\/wp-json\/wp\/v2\/types\/product"}],"replies":[{"embeddable":true,"href":"https:\/\/cottonedshop.com\/nb\/wp-json\/wp\/v2\/comments?post=10095"}],"wp:featuredmedia":[{"embeddable":true,"href":"https:\/\/cottonedshop.com\/nb\/wp-json\/wp\/v2\/media\/10097"}],"wp:attachment":[{"href":"https:\/\/cottonedshop.com\/nb\/wp-json\/wp\/v2\/media?parent=10095"}],"wp:term":[{"taxonomy":"product_brand","embeddable":true,"href":"https:\/\/cottonedshop.com\/nb\/wp-json\/wp\/v2\/product_brand?post=10095"},{"taxonomy":"product_cat","embeddable":true,"href":"https:\/\/cottonedshop.com\/nb\/wp-json\/wp\/v2\/product_cat?post=10095"},{"taxonomy":"product_tag","embeddable":true,"href":"https:\/\/cottonedshop.com\/nb\/wp-json\/wp\/v2\/product_tag?post=10095"}],"curies":[{"name":"wp","href":"https:\/\/api.w.org\/{rel}","templated":true}]}}