{"id":533,"date":"2018-04-16T09:57:14","date_gmt":"2018-04-16T09:57:14","guid":{"rendered":"https:\/\/cottonedshop.com\/?page_id=533"},"modified":"2023-12-12T13:05:20","modified_gmt":"2023-12-12T11:05:20","slug":"returer-refusjoner","status":"publish","type":"page","link":"https:\/\/cottonedshop.com\/nb\/returns-refunds\/","title":{"rendered":"Returer og refusjoner"},"content":{"rendered":"<h4>Returer og bytter<\/h4>\n<p data-region=\"faq-answer-text\">- Hvis du ikke er helt forn\u00f8yd med kj\u00f8pet ditt eller \u00f8nsker \u00e5 returnere en vare, vennligst kontakt oss. Alle returer m\u00e5 forh\u00e5ndsgodkjennes av Cottoned. Tilpassede og brukte varer kan ikke returneres.<\/p>\n<p>- Hvis varen din ankom som beskrevet og uten produksjonsfeil eller feil (annet stoff ble brukt, feil design ble implementert, mer enn 5% avvik i lengde eller bredde), kan du be om retur for en ikke-kundetilpasset vare innen de f\u00f8rste 2 ukene etter levering. Varer m\u00e5 sendes tilbake innen 30 dager etter levering. Refusjoner ekskluderer plattform- og betalingsgebyrer, og kan dermed v\u00e6re opptil 82% av bestillingsverdien.<\/p>\n<p>- Hvis varen din ankommer med en produksjonsfeil eller feil (oppf\u00f8rt ovenfor), vil vi lage og sende en ny vare eller utstede full refusjon for den varen.<\/p>\n<h4 data-region=\"faq-question-text\">Manglende levering<\/h4>\n<p data-region=\"faq-answer-text\">Hvis varen ikke blir levert p\u00e5 grunn av ufullstendig, uleselig eller feil adresse, adressaten ikke er p\u00e5 adressen (ukjent, flyttet eller avd\u00f8d); Post ikke hentet eller nektet - varen kan sendes p\u00e5 nytt p\u00e5 din bekostning, og utstede en faktura for returfraktkostnaden. Hvis du ikke \u00f8nsker \u00e5 f\u00e5 en ikke-tilpasset vare sendt p\u00e5 nytt, kan vi utstede en delvis refusjon, unntatt plattform- og betalingsgebyr og returfrakt, og dermed kan refusjonen v\u00e6re opptil 82% av varens verdi. Egendefinerte varer kan ikke refunderes og kan bare sendes p\u00e5 nytt.<\/p>","protected":false},"excerpt":{"rendered":"<p>Returns and Exchanges &#8211; If you are not completely satisfied with your purchase or wish to return an item, please, contact us. All returns must be pre-approved by Cottoned. Custom and used items are not returnable. &#8211; If your item arrived as described and without manufacturing defects or mistakes (Different [&hellip;]<\/p>\n","protected":false},"author":1,"featured_media":0,"parent":0,"menu_order":0,"comment_status":"closed","ping_status":"closed","template":"","meta":{"footnotes":""},"class_list":["post-533","page","type-page","status-publish","hentry"],"yoast_head":"<!-- This site is optimized with the Yoast SEO plugin v27.3 - https:\/\/yoast.com\/product\/yoast-seo-wordpress\/ -->\n<title>Returns &amp; Refunds | Cottoned Shop<\/title>\n<meta name=\"description\" content=\"Wondering what is our return policy? If you are not completely satisfied with your purchase or wish to return an item, please, contact us.\" \/>\n<meta name=\"robots\" content=\"index, follow, max-snippet:-1, max-image-preview:large, max-video-preview:-1\" \/>\n<link rel=\"canonical\" href=\"https:\/\/cottonedshop.com\/nb\/returer-refusjoner\/\" \/>\n<meta property=\"og:locale\" content=\"nb_NO\" \/>\n<meta property=\"og:type\" content=\"article\" \/>\n<meta property=\"og:title\" content=\"Returns &amp; Refunds | Cottoned Shop\" \/>\n<meta property=\"og:description\" content=\"Wondering what is our return policy? If you are not completely satisfied with your purchase or wish to return an item, please, contact us.\" \/>\n<meta property=\"og:url\" content=\"https:\/\/cottonedshop.com\/nb\/returer-refusjoner\/\" \/>\n<meta property=\"og:site_name\" content=\"Cottoned Shop\" \/>\n<meta property=\"article:modified_time\" content=\"2023-12-12T11:05:20+00:00\" \/>\n<meta name=\"twitter:card\" content=\"summary_large_image\" \/>\n<meta name=\"twitter:label1\" content=\"Ansl. lesetid\" \/>\n\t<meta name=\"twitter:data1\" content=\"1 minutt\" \/>\n<script type=\"application\/ld+json\" class=\"yoast-schema-graph\">{\"@context\":\"https:\\\/\\\/schema.org\",\"@graph\":[{\"@type\":\"WebPage\",\"@id\":\"https:\\\/\\\/cottonedshop.com\\\/returns-refunds\\\/\",\"url\":\"https:\\\/\\\/cottonedshop.com\\\/returns-refunds\\\/\",\"name\":\"Returns & Refunds | Cottoned Shop\",\"isPartOf\":{\"@id\":\"https:\\\/\\\/cottonedshop.com\\\/#website\"},\"datePublished\":\"2018-04-16T09:57:14+00:00\",\"dateModified\":\"2023-12-12T11:05:20+00:00\",\"description\":\"Wondering what is our return policy? If you are not completely satisfied with your purchase or wish to return an item, please, contact us.\",\"breadcrumb\":{\"@id\":\"https:\\\/\\\/cottonedshop.com\\\/returns-refunds\\\/#breadcrumb\"},\"inLanguage\":\"nb-NO\",\"potentialAction\":[{\"@type\":\"ReadAction\",\"target\":[\"https:\\\/\\\/cottonedshop.com\\\/returns-refunds\\\/\"]}]},{\"@type\":\"BreadcrumbList\",\"@id\":\"https:\\\/\\\/cottonedshop.com\\\/returns-refunds\\\/#breadcrumb\",\"itemListElement\":[{\"@type\":\"ListItem\",\"position\":1,\"name\":\"Home\",\"item\":\"https:\\\/\\\/cottonedshop.com\\\/\"},{\"@type\":\"ListItem\",\"position\":2,\"name\":\"Returns &#038; Refunds\"}]},{\"@type\":\"WebSite\",\"@id\":\"https:\\\/\\\/cottonedshop.com\\\/#website\",\"url\":\"https:\\\/\\\/cottonedshop.com\\\/\",\"name\":\"Cottoned Shop\",\"description\":\"\",\"publisher\":{\"@id\":\"https:\\\/\\\/cottonedshop.com\\\/#organization\"},\"potentialAction\":[{\"@type\":\"SearchAction\",\"target\":{\"@type\":\"EntryPoint\",\"urlTemplate\":\"https:\\\/\\\/cottonedshop.com\\\/?s={search_term_string}\"},\"query-input\":{\"@type\":\"PropertyValueSpecification\",\"valueRequired\":true,\"valueName\":\"search_term_string\"}}],\"inLanguage\":\"nb-NO\"},{\"@type\":\"Organization\",\"@id\":\"https:\\\/\\\/cottonedshop.com\\\/#organization\",\"name\":\"Cottoned\",\"url\":\"https:\\\/\\\/cottonedshop.com\\\/\",\"logo\":{\"@type\":\"ImageObject\",\"inLanguage\":\"nb-NO\",\"@id\":\"https:\\\/\\\/cottonedshop.com\\\/#\\\/schema\\\/logo\\\/image\\\/\",\"url\":\"https:\\\/\\\/cottonedshop.com\\\/wp-content\\\/uploads\\\/2021\\\/02\\\/cottoned-logo-large.png\",\"contentUrl\":\"https:\\\/\\\/cottonedshop.com\\\/wp-content\\\/uploads\\\/2021\\\/02\\\/cottoned-logo-large.png\",\"width\":1548,\"height\":1548,\"caption\":\"Cottoned\"},\"image\":{\"@id\":\"https:\\\/\\\/cottonedshop.com\\\/#\\\/schema\\\/logo\\\/image\\\/\"}}]}<\/script>\n<!-- \/ Yoast SEO plugin. -->","yoast_head_json":{"title":"Returer og refusjoner | Cottoned Shop","description":"Lurer du p\u00e5 hva som er v\u00e5r returpolicy? Hvis du ikke er helt forn\u00f8yd med kj\u00f8pet ditt eller \u00f8nsker \u00e5 returnere en vare, vennligst kontakt oss.","robots":{"index":"index","follow":"follow","max-snippet":"max-snippet:-1","max-image-preview":"max-image-preview:large","max-video-preview":"max-video-preview:-1"},"canonical":"https:\/\/cottonedshop.com\/nb\/returer-refusjoner\/","og_locale":"nb_NO","og_type":"article","og_title":"Returns & Refunds | Cottoned Shop","og_description":"Wondering what is our return policy? If you are not completely satisfied with your purchase or wish to return an item, please, contact us.","og_url":"https:\/\/cottonedshop.com\/nb\/returer-refusjoner\/","og_site_name":"Cottoned Shop","article_modified_time":"2023-12-12T11:05:20+00:00","twitter_card":"summary_large_image","twitter_misc":{"Ansl. lesetid":"1 minutt"},"schema":{"@context":"https:\/\/schema.org","@graph":[{"@type":"WebPage","@id":"https:\/\/cottonedshop.com\/returns-refunds\/","url":"https:\/\/cottonedshop.com\/returns-refunds\/","name":"Returer og refusjoner | Cottoned Shop","isPartOf":{"@id":"https:\/\/cottonedshop.com\/#website"},"datePublished":"2018-04-16T09:57:14+00:00","dateModified":"2023-12-12T11:05:20+00:00","description":"Lurer du p\u00e5 hva som er v\u00e5r returpolicy? Hvis du ikke er helt forn\u00f8yd med kj\u00f8pet ditt eller \u00f8nsker \u00e5 returnere en vare, vennligst kontakt oss.","breadcrumb":{"@id":"https:\/\/cottonedshop.com\/returns-refunds\/#breadcrumb"},"inLanguage":"nb-NO","potentialAction":[{"@type":"ReadAction","target":["https:\/\/cottonedshop.com\/returns-refunds\/"]}]},{"@type":"BreadcrumbList","@id":"https:\/\/cottonedshop.com\/returns-refunds\/#breadcrumb","itemListElement":[{"@type":"ListItem","position":1,"name":"Home","item":"https:\/\/cottonedshop.com\/"},{"@type":"ListItem","position":2,"name":"Returns &#038; Refunds"}]},{"@type":"WebSite","@id":"https:\/\/cottonedshop.com\/#website","url":"https:\/\/cottonedshop.com\/","name":"Cottoned Shop","description":"","publisher":{"@id":"https:\/\/cottonedshop.com\/#organization"},"potentialAction":[{"@type":"SearchAction","target":{"@type":"EntryPoint","urlTemplate":"https:\/\/cottonedshop.com\/?s={search_term_string}"},"query-input":{"@type":"PropertyValueSpecification","valueRequired":true,"valueName":"search_term_string"}}],"inLanguage":"nb-NO"},{"@type":"Organization","@id":"https:\/\/cottonedshop.com\/#organization","name":"Bomull","url":"https:\/\/cottonedshop.com\/","logo":{"@type":"ImageObject","inLanguage":"nb-NO","@id":"https:\/\/cottonedshop.com\/#\/schema\/logo\/image\/","url":"https:\/\/cottonedshop.com\/wp-content\/uploads\/2021\/02\/cottoned-logo-large.png","contentUrl":"https:\/\/cottonedshop.com\/wp-content\/uploads\/2021\/02\/cottoned-logo-large.png","width":1548,"height":1548,"caption":"Cottoned"},"image":{"@id":"https:\/\/cottonedshop.com\/#\/schema\/logo\/image\/"}}]}},"_links":{"self":[{"href":"https:\/\/cottonedshop.com\/nb\/wp-json\/wp\/v2\/pages\/533","targetHints":{"allow":["GET"]}}],"collection":[{"href":"https:\/\/cottonedshop.com\/nb\/wp-json\/wp\/v2\/pages"}],"about":[{"href":"https:\/\/cottonedshop.com\/nb\/wp-json\/wp\/v2\/types\/page"}],"author":[{"embeddable":true,"href":"https:\/\/cottonedshop.com\/nb\/wp-json\/wp\/v2\/users\/1"}],"replies":[{"embeddable":true,"href":"https:\/\/cottonedshop.com\/nb\/wp-json\/wp\/v2\/comments?post=533"}],"version-history":[{"count":0,"href":"https:\/\/cottonedshop.com\/nb\/wp-json\/wp\/v2\/pages\/533\/revisions"}],"wp:attachment":[{"href":"https:\/\/cottonedshop.com\/nb\/wp-json\/wp\/v2\/media?parent=533"}],"curies":[{"name":"wp","href":"https:\/\/api.w.org\/{rel}","templated":true}]}}