{"id":1262,"date":"2018-06-12T06:50:08","date_gmt":"2018-06-12T04:50:08","guid":{"rendered":"http:\/\/demo3.drfuri.com\/supro\/?page_id=726"},"modified":"2023-04-11T10:30:09","modified_gmt":"2023-04-11T07:30:09","slug":"politikk","status":"publish","type":"page","link":"https:\/\/cottonedshop.com\/nb\/policies\/","title":{"rendered":"Retningslinjer"},"content":{"rendered":"<div class=\"wpb-content-wrapper\"><div  class=\"sec_row container\"><div class=\"vc_row wpb_row vc_row-fluid\"><div class=\"wpb_column vc_column_container vc_col-sm-2 et-dark-column\"><div class=\"vc_column-inner\"><div class=\"wpb_wrapper\"><\/div><\/div><\/div><div class=\"wpb_column vc_column_container vc_col-sm-8 et-dark-column\"><div class=\"vc_column-inner\"><div class=\"wpb_wrapper\"><div class=\"vc_tta-container\" data-vc-action=\"collapseAll\"><div class=\"vc_general vc_tta vc_tta-accordion vc_tta-o-shape-group vc_tta-controls-align-default vc_tta-o-all-clickable\"><div class=\"vc_tta-panels-container\"><div class=\"vc_tta-panels\"><div class=\"vc_tta-panel\" id=\"1581670454165-4e5a4abe-0233\" data-vc-content=\".vc_tta-panel-body\"><div class=\"vc_tta-panel-heading\"><h4 class=\"vc_tta-panel-title vc_tta-controls-icon-position-left\"><a href=\"#1581670454165-4e5a4abe-0233\" data-vc-accordion data-vc-container=\".vc_tta-container\"><span class=\"vc_tta-title-text\">Standard produksjonstid<\/span><i class=\"vc_tta-controls-icon vc_tta-controls-icon-chevron\"><\/i><\/a><\/h4><\/div><div class=\"vc_tta-panel-body\">\n\t<div class=\"wpb_text_column wpb_content_element\" >\n\t\t<div class=\"wpb_wrapper\">\n\t\t\t<p>Mindre varer tar 4-6 virkedager \u00e5 lage og st\u00f8rre varer 7-10 virkedager.<\/p>\n<p>Avhengig av arbeidsmengden kan produksjonstiden variere med noen dager.<\/p>\n\n\t\t<\/div>\n\t<\/div>\n<\/div><\/div><div class=\"vc_tta-panel\" id=\"1581670454230-1bf35751-245d\" data-vc-content=\".vc_tta-panel-body\"><div class=\"vc_tta-panel-heading\"><h4 class=\"vc_tta-panel-title vc_tta-controls-icon-position-left\"><a href=\"#1581670454230-1bf35751-245d\" data-vc-accordion data-vc-container=\".vc_tta-container\"><span class=\"vc_tta-title-text\">Innleveringstid for hastebestillinger<\/span><i class=\"vc_tta-controls-icon vc_tta-controls-icon-chevron\"><\/i><\/a><\/h4><\/div><div class=\"vc_tta-panel-body\">\n\t<div class=\"wpb_text_column wpb_content_element\" >\n\t\t<div class=\"wpb_wrapper\">\n\t\t\t<p>Vi kan prioritere bestillingen din slik at den blir ferdig innen tre virkedager.<\/p>\n<p>Ta kontakt med oss, s\u00e5 sender vi deg en lenke for \u00e5 legge inn en hastebestilling.<\/p>\n<p>Rush-gebyr: 25% av produktprisen.<\/p>\n\n\t\t<\/div>\n\t<\/div>\n<\/div><\/div><div class=\"vc_tta-panel\" id=\"1581670513639-a7e48cfc-52f4\" data-vc-content=\".vc_tta-panel-body\"><div class=\"vc_tta-panel-heading\"><h4 class=\"vc_tta-panel-title vc_tta-controls-icon-position-left\"><a href=\"#1581670513639-a7e48cfc-52f4\" data-vc-accordion data-vc-container=\".vc_tta-container\"><span class=\"vc_tta-title-text\">Betalinger<\/span><i class=\"vc_tta-controls-icon vc_tta-controls-icon-chevron\"><\/i><\/a><\/h4><\/div><div class=\"vc_tta-panel-body\">\n\t<div class=\"wpb_text_column wpb_content_element\" >\n\t\t<div class=\"wpb_wrapper\">\n\t\t\t<p>Vi godtar betaling via bankkort.<\/p>\n\n\t\t<\/div>\n\t<\/div>\n<\/div><\/div><div class=\"vc_tta-panel\" id=\"1581670514893-1bc352ad-3c9e\" data-vc-content=\".vc_tta-panel-body\"><div class=\"vc_tta-panel-heading\"><h4 class=\"vc_tta-panel-title vc_tta-controls-icon-position-left\"><a href=\"#1581670514893-1bc352ad-3c9e\" data-vc-accordion data-vc-container=\".vc_tta-container\"><span class=\"vc_tta-title-text\">Frakt<\/span><i class=\"vc_tta-controls-icon vc_tta-controls-icon-chevron\"><\/i><\/a><\/h4><\/div><div class=\"vc_tta-panel-body\">\n\t<div class=\"wpb_text_column wpb_content_element\" >\n\t\t<div class=\"wpb_wrapper\">\n\t\t\t<p>Vi sender globalt og tilbyr gratis frakt over hele verden p\u00e5 alle bestillinger, til d\u00f8ren din. Betalte fraktalternativer er ogs\u00e5 tilgjengelige, se nedenfor.<\/p>\n<p>Alle land sendes p\u00e5 DDP-basis (delivery duty paid), s\u00e5 skatter og avgifter er inkludert i den endelige prisen, og du vil motta pakken p\u00e5 d\u00f8ren din, du trenger ikke \u00e5 klarere den fra tollen.<\/p>\n<p>For De forente arabiske emirater: Pakker fra utlandet m\u00e5 hentes personlig p\u00e5 det sentrale postkontoret.<\/p>\n<p>Vi kan ogs\u00e5 levere til postbokser, men s\u00f8rg for at postboksen din kan ta imot pakker av denne st\u00f8rrelsen, ellers kan pakken bli returnert.<\/p>\n<p>Vi anbefaler p\u00e5 det sterkeste at du f\u00f8lger med p\u00e5 sporingsinformasjonen din p\u00e5 nettet for \u00e5 f\u00e5 detaljerte oppdateringer, slik at du vet n\u00e5r pakken ankommer postkontoret ditt.<\/p>\n<p>Alle varene er pakket i resirkulerbar plast som beskytter mot smuss, vann og punktering.<\/p>\n<p>Vennligst inspiser pakken ved ankomst og ikke ta imot den hvis den er skadet. P\u00e5 denne m\u00e5ten vil pakken bli returnert til oss, og vi vil lage og sende deg en ny. Hvis du aksepterer en pakke som er skadet, vil vi ikke kunne kompensere deg.<\/p>\n\n\t\t<\/div>\n\t<\/div>\n<\/div><\/div><div class=\"vc_tta-panel\" id=\"1581670515603-ccb6a2a5-538b\" data-vc-content=\".vc_tta-panel-body\"><div class=\"vc_tta-panel-heading\"><h4 class=\"vc_tta-panel-title vc_tta-controls-icon-position-left\"><a href=\"#1581670515603-ccb6a2a5-538b\" data-vc-accordion data-vc-container=\".vc_tta-container\"><span class=\"vc_tta-title-text\">Gratis frakt<\/span><i class=\"vc_tta-controls-icon vc_tta-controls-icon-chevron\"><\/i><\/a><\/h4><\/div><div class=\"vc_tta-panel-body\">\n\t<div class=\"wpb_text_column wpb_content_element\" >\n\t\t<div class=\"wpb_wrapper\">\n\t\t\t<p><strong>Pris<\/strong>: Gratis til alle deler av verden<\/p>\n<p><strong>Transport\u00f8r<\/strong>:<br \/>\nBulgarian Post i samarbeid med de nasjonale postmyndighetene i ditt land, dvs. USPS i USA, Canada Post, Parcel Force i Storbritannia, Australia Post osv. - alle er 100% p\u00e5litelige uten tapte pakker av de tusenvis vi har sendt s\u00e5 langt ved hjelp av dem.<\/p>\n<p><strong>Leveringsbetingelser:<\/strong><br \/>\nRekommandert post krever signatur ved levering. Hvis du ikke er hjemme p\u00e5 leveringstidspunktet, vil pakken bli behandlet i henhold til det nasjonale postvesenets retningslinjer. I de fleste tilfeller, for eksempel i USA, Canada, Australia og Storbritannia, vil du f\u00e5 en beskjed om \u00e5 hente pakken p\u00e5 ditt lokale postkontor eller ringe dem for \u00e5 avtale et nytt leveringstidspunkt.<\/p>\n<p><strong>Transittider<\/strong>\u00a0(omtrentlig, ikke garantert):<\/p>\n<ul>\n<li>USA fastland - 3 uker<\/li>\n<li>USA (Hawaii, AK) - 4 uker<\/li>\n<li>Canada - 3 uker<\/li>\n<li>Australia - 3 uker<\/li>\n<li>Asia - 3 uker<\/li>\n<li>S\u00f8r-Amerika - 3-4 uker<\/li>\n<li>Den europeiske union - 2 uker<\/li>\n<\/ul>\n\n\t\t<\/div>\n\t<\/div>\n<\/div><\/div><div class=\"vc_tta-panel\" id=\"1581670517060-012be81b-b7ff\" data-vc-content=\".vc_tta-panel-body\"><div class=\"vc_tta-panel-heading\"><h4 class=\"vc_tta-panel-title vc_tta-controls-icon-position-left\"><a href=\"#1581670517060-012be81b-b7ff\" data-vc-accordion data-vc-container=\".vc_tta-container\"><span class=\"vc_tta-title-text\">Ekspress 3-dagers frakt<\/span><i class=\"vc_tta-controls-icon vc_tta-controls-icon-chevron\"><\/i><\/a><\/h4><\/div><div class=\"vc_tta-panel-body\">\n\t<div class=\"wpb_text_column wpb_content_element\" >\n\t\t<div class=\"wpb_wrapper\">\n\t\t\t<p><strong>Pris<\/strong>: Vennligst bruk den angitte\u00a0<a href=\"https:\/\/homeofwool.com\/shop\/express-delivery-upgrade\/\">Oppgradering av ekspresslevering<\/a>\u00a0oppf\u00f8ring i butikken v\u00e5r eller Send oss en melding for en estimering av fraktkostnaden.<\/p>\n<p><strong>Transport\u00f8r<\/strong>: DHL<\/p>\n<p><strong>Leveringsbetingelser:<\/strong><br \/>\nTelefonnummer kreves for \u00e5 sende. Pakker leveres p\u00e5 d\u00f8ren, og det kreves signatur for \u00e5 ta imot dem.<\/p>\n<p><strong>Transittider<\/strong>\u00a0(garantert):<\/p>\n<ul>\n<li>Over hele verden - 3 virkedager<\/li>\n<\/ul>\n\n\t\t<\/div>\n\t<\/div>\n<\/div><\/div><div class=\"vc_tta-panel\" id=\"1581670797733-81b25390-6810\" data-vc-content=\".vc_tta-panel-body\"><div class=\"vc_tta-panel-heading\"><h4 class=\"vc_tta-panel-title vc_tta-controls-icon-position-left\"><a href=\"#1581670797733-81b25390-6810\" data-vc-accordion data-vc-container=\".vc_tta-container\"><span class=\"vc_tta-title-text\">Sporing<\/span><i class=\"vc_tta-controls-icon vc_tta-controls-icon-chevron\"><\/i><\/a><\/h4><\/div><div class=\"vc_tta-panel-body\">\n\t<div class=\"wpb_text_column wpb_content_element\" >\n\t\t<div class=\"wpb_wrapper\">\n\t\t\t<p>Vi sender deg et sporingsnummer s\u00e5 snart vi har sendt bestillingen din. Vennligst f\u00f8lg med p\u00e5 sporingslenken ved \u00e5 bruke\u00a0<a href=\"https:\/\/www.track-trace.com\/\">www.track-trace.com<\/a>\u00a0eller p\u00e5 den nasjonale postens nettsted:<\/p>\n<p>USA:\u00a0<a href=\"https:\/\/www.usps.com\/\">www.usps.com<\/a><br \/>\nCanada:\u00a0<a href=\"https:\/\/www.canadapost.ca\/cpc\/en\/home.page\">www.canadapost.ca<\/a><br \/>\nAustralia:\u00a0<a href=\"https:\/\/auspost.com.au\/\">https:\/\/auspost.com.au\/<\/a><br \/>\nSTORBRITANNIA:\u00a0<a href=\"https:\/\/www.parcelforce.com\/\">www.parcelforce.com<\/a><\/p>\n<p>Statusoppdateringer for Gratis og Prioritert frakt er bare tilgjengelig n\u00e5r pakken kommer inn i tollen i landet ditt.<\/p>\n<p>Alle bestillinger kan spores\u00a0<strong><a href=\"https:\/\/cottonedshop.aftership.com\/\">her<\/a>.<\/strong><\/p>\n\n\t\t<\/div>\n\t<\/div>\n<\/div><\/div><div class=\"vc_tta-panel\" id=\"1581670799010-066a0518-4005\" data-vc-content=\".vc_tta-panel-body\"><div class=\"vc_tta-panel-heading\"><h4 class=\"vc_tta-panel-title vc_tta-controls-icon-position-left\"><a href=\"#1581670799010-066a0518-4005\" data-vc-accordion data-vc-container=\".vc_tta-container\"><span class=\"vc_tta-title-text\">Bortkomne eller forsinkede pakker<\/span><i class=\"vc_tta-controls-icon vc_tta-controls-icon-chevron\"><\/i><\/a><\/h4><\/div><div class=\"vc_tta-panel-body\">\n\t<div class=\"wpb_text_column wpb_content_element\" >\n\t\t<div class=\"wpb_wrapper\">\n\t\t\t<p>Den nasjonale posttjenesten er sv\u00e6rt p\u00e5litelig i alle deler av verden, og tapte pakker er ekstremt sjeldne, if\u00f8lge v\u00e5r erfaring med \u00e5 sende tusenvis av pakker til over 40 land, inkludert USA, Canada, Australia, Storbritannia og EU.<br \/>\nHvis en pakke g\u00e5r tapt, sender vi en erstatning gratis.<br \/>\nDu kan kontakte oss hvis pakken din ikke har kommet til landet ditt p\u00e5 mer enn 1 m\u00e5ned. Vi kan ikke fremskynde leveringen, men vi kan sende en offisiell foresp\u00f8rsel til posten for \u00e5 pr\u00f8ve \u00e5 finne pakken.<\/p>\n\n\t\t<\/div>\n\t<\/div>\n<\/div><\/div><div class=\"vc_tta-panel\" id=\"1581670857687-790eeb08-d6b6\" data-vc-content=\".vc_tta-panel-body\"><div class=\"vc_tta-panel-heading\"><h4 class=\"vc_tta-panel-title vc_tta-controls-icon-position-left\"><a href=\"#1581670857687-790eeb08-d6b6\" data-vc-accordion data-vc-container=\".vc_tta-container\"><span class=\"vc_tta-title-text\">Avbestillinger<\/span><i class=\"vc_tta-controls-icon vc_tta-controls-icon-chevron\"><\/i><\/a><\/h4><\/div><div class=\"vc_tta-panel-body\">\n\t<div class=\"wpb_text_column wpb_content_element\" >\n\t\t<div class=\"wpb_wrapper\">\n\t\t\t<p>Hvis du \u00f8nsker \u00e5 kansellere hele eller deler av bestillingen din, kan du kontakte oss. Vi vil kunne kansellere de varene vi ikke allerede har begynt \u00e5 lage.<\/p>\n\n\t\t<\/div>\n\t<\/div>\n<\/div><\/div><div class=\"vc_tta-panel\" id=\"1581670874602-80d6a8a8-8ca2\" data-vc-content=\".vc_tta-panel-body\"><div class=\"vc_tta-panel-heading\"><h4 class=\"vc_tta-panel-title vc_tta-controls-icon-position-left\"><a href=\"#1581670874602-80d6a8a8-8ca2\" data-vc-accordion data-vc-container=\".vc_tta-container\"><span class=\"vc_tta-title-text\">Returer og refusjoner<\/span><i class=\"vc_tta-controls-icon vc_tta-controls-icon-chevron\"><\/i><\/a><\/h4><\/div><div class=\"vc_tta-panel-body\">\n\t<div class=\"wpb_text_column wpb_content_element\" >\n\t\t<div class=\"wpb_wrapper\">\n\t\t\t<ul>\n<li>Hvis du ikke er helt forn\u00f8yd med kj\u00f8pet ditt eller \u00f8nsker \u00e5 returnere en vare, vennligst kontakt oss. Alle returer m\u00e5 forh\u00e5ndsgodkjennes av Cottoned. <strong>Tilpassede og brukte varer kan ikke returneres.<\/strong><\/li>\n<li>Hvis varen din ankom som beskrevet og uten produksjonsfeil eller feil (annet stoff ble brukt, feil design ble implementert, mer enn 5% avvik i lengde eller bredde), kan du be om retur for en ikke-kundetilpasset vare innen de f\u00f8rste 2 ukene etter levering. Varer m\u00e5 sendes tilbake innen 30 dager etter levering. Refusjoner ekskluderer plattform- og betalingsgebyrer, og kan dermed v\u00e6re opptil 82% av bestillingsverdien.<\/li>\n<li>Hvis varen din ankommer med en produksjonsfeil eller feil (annet stoff ble brukt, feil design ble implementert, mer enn 5% avvik i lengde eller bredde), vil vi lage og sende en ny vare eller utstede full refusjon for den ber\u00f8rte varen.<\/li>\n<li>Hvis varen ikke blir levert p\u00e5 grunn av en ufullstendig, uleselig eller feil adresse, adressaten ikke er p\u00e5 adressen (ukjent, flyttet eller avd\u00f8d); Post ikke hentet eller nektet - varen kan sendes p\u00e5 nytt p\u00e5 din bekostning, og utstede en faktura for returfraktkostnaden. Hvis du ikke \u00f8nsker \u00e5 f\u00e5 en ikke-tilpasset vare sendt p\u00e5 nytt, kan vi utstede en delvis refusjon, unntatt plattform- og betalingsgebyr og returfrakt, og dermed kan refusjonen v\u00e6re opptil 82% av varens verdi. Egendefinerte varer kan ikke refunderes og kan bare sendes p\u00e5 nytt.<\/li>\n<li>Hvis varen din er godkjent for retur, m\u00e5 du oppgi verdien til under $15, ellers p\u00e5l\u00f8per det tollavgifter selv om dette ikke er et kj\u00f8p, men en retur. Hvis det p\u00e5l\u00f8per importavgifter, vil disse bli trukket fra refusjonsbel\u00f8pet. Returnerte varer m\u00e5 v\u00e6re i opprinnelig stand. Refusjon utstedes etter at vi har mottatt varene tilbake og inspisert dem.<\/li>\n<li>Europeisk avkastning<br \/>\nEuropeiske kunder kan bruke budfirmaet DPD til \u00e5 returnere pakker, inkludert madrasser, til en sv\u00e6rt lav pris, vanligvis rundt 30-40 euro. Be om \u00e5 bli hentet p\u00e5 d\u00f8ren, mer informasjon p\u00e5 www.dpd.com<\/li>\n<li>Alle refusjoner vil bli utstedt til det samme kortet som ble brukt til \u00e5 foreta betalingen. Overf\u00f8ring kan ta opptil 3 virkedager etter utstedelse av refusjon.<\/li>\n<\/ul>\n\n\t\t<\/div>\n\t<\/div>\n<\/div><\/div><\/div><\/div><\/div><\/div><\/div><\/div><\/div><div class=\"wpb_column vc_column_container vc_col-sm-2 et-dark-column\"><div class=\"vc_column-inner\"><div class=\"wpb_wrapper\"><\/div><\/div><\/div><\/div><\/div>\n<\/div>","protected":false},"excerpt":{"rendered":"Standard Make Time Smaller items take us 4-6 business days to create and larger items 7-10 business days. Depending on the current workload, make time could vary by a few days. Rush Order Make Time We can prioritize your order for completion within 3 business days. Please contact us and [...]","protected":false},"author":1,"featured_media":0,"parent":0,"menu_order":0,"comment_status":"closed","ping_status":"closed","template":"","meta":{"footnotes":""},"class_list":["post-1262","page","type-page","status-publish","hentry"],"yoast_head":"<!-- This site is optimized with the Yoast SEO plugin v27.4 - https:\/\/yoast.com\/product\/yoast-seo-wordpress\/ -->\n<title>Policies | Cottoned Shop<\/title>\n<meta name=\"description\" content=\"Lean more about our policies - standard and express make time, delivery and returns, shipping, tracking and cancellations.\" \/>\n<meta name=\"robots\" content=\"index, follow, max-snippet:-1, max-image-preview:large, max-video-preview:-1\" \/>\n<link rel=\"canonical\" href=\"https:\/\/cottonedshop.com\/nb\/politikk\/\" \/>\n<meta property=\"og:locale\" content=\"nb_NO\" \/>\n<meta property=\"og:type\" content=\"article\" \/>\n<meta property=\"og:title\" content=\"Policies | Cottoned Shop\" \/>\n<meta property=\"og:description\" content=\"Lean more about our policies - standard and express make time, delivery and returns, shipping, tracking and cancellations.\" \/>\n<meta property=\"og:url\" content=\"https:\/\/cottonedshop.com\/nb\/politikk\/\" \/>\n<meta property=\"og:site_name\" content=\"Cottoned Shop\" \/>\n<meta property=\"article:modified_time\" content=\"2023-04-11T07:30:09+00:00\" \/>\n<meta name=\"twitter:card\" content=\"summary_large_image\" \/>\n<meta name=\"twitter:label1\" content=\"Ansl. lesetid\" \/>\n\t<meta name=\"twitter:data1\" content=\"5 minutter\" \/>\n<script type=\"application\/ld+json\" class=\"yoast-schema-graph\">{\"@context\":\"https:\\\/\\\/schema.org\",\"@graph\":[{\"@type\":\"WebPage\",\"@id\":\"https:\\\/\\\/cottonedshop.com\\\/policies\\\/\",\"url\":\"https:\\\/\\\/cottonedshop.com\\\/policies\\\/\",\"name\":\"Policies | Cottoned Shop\",\"isPartOf\":{\"@id\":\"https:\\\/\\\/cottonedshop.com\\\/#website\"},\"datePublished\":\"2018-06-12T04:50:08+00:00\",\"dateModified\":\"2023-04-11T07:30:09+00:00\",\"description\":\"Lean more about our policies - standard and express make time, delivery and returns, shipping, tracking and cancellations.\",\"breadcrumb\":{\"@id\":\"https:\\\/\\\/cottonedshop.com\\\/policies\\\/#breadcrumb\"},\"inLanguage\":\"nb-NO\",\"potentialAction\":[{\"@type\":\"ReadAction\",\"target\":[\"https:\\\/\\\/cottonedshop.com\\\/policies\\\/\"]}]},{\"@type\":\"BreadcrumbList\",\"@id\":\"https:\\\/\\\/cottonedshop.com\\\/policies\\\/#breadcrumb\",\"itemListElement\":[{\"@type\":\"ListItem\",\"position\":1,\"name\":\"Home\",\"item\":\"https:\\\/\\\/cottonedshop.com\\\/\"},{\"@type\":\"ListItem\",\"position\":2,\"name\":\"Policies\"}]},{\"@type\":\"WebSite\",\"@id\":\"https:\\\/\\\/cottonedshop.com\\\/#website\",\"url\":\"https:\\\/\\\/cottonedshop.com\\\/\",\"name\":\"Cottoned Shop\",\"description\":\"\",\"publisher\":{\"@id\":\"https:\\\/\\\/cottonedshop.com\\\/#organization\"},\"potentialAction\":[{\"@type\":\"SearchAction\",\"target\":{\"@type\":\"EntryPoint\",\"urlTemplate\":\"https:\\\/\\\/cottonedshop.com\\\/?s={search_term_string}\"},\"query-input\":{\"@type\":\"PropertyValueSpecification\",\"valueRequired\":true,\"valueName\":\"search_term_string\"}}],\"inLanguage\":\"nb-NO\"},{\"@type\":\"Organization\",\"@id\":\"https:\\\/\\\/cottonedshop.com\\\/#organization\",\"name\":\"Cottoned\",\"url\":\"https:\\\/\\\/cottonedshop.com\\\/\",\"logo\":{\"@type\":\"ImageObject\",\"inLanguage\":\"nb-NO\",\"@id\":\"https:\\\/\\\/cottonedshop.com\\\/#\\\/schema\\\/logo\\\/image\\\/\",\"url\":\"https:\\\/\\\/cottonedshop.com\\\/wp-content\\\/uploads\\\/2021\\\/02\\\/cottoned-logo-large.png\",\"contentUrl\":\"https:\\\/\\\/cottonedshop.com\\\/wp-content\\\/uploads\\\/2021\\\/02\\\/cottoned-logo-large.png\",\"width\":1548,\"height\":1548,\"caption\":\"Cottoned\"},\"image\":{\"@id\":\"https:\\\/\\\/cottonedshop.com\\\/#\\\/schema\\\/logo\\\/image\\\/\"}}]}<\/script>\n<!-- \/ Yoast SEO plugin. -->","yoast_head_json":{"title":"Retningslinjer | Cottoned Shop","description":"Les mer om retningslinjene v\u00e5re - standard og ekspress leveringstid, levering og retur, frakt, sporing og avbestilling.","robots":{"index":"index","follow":"follow","max-snippet":"max-snippet:-1","max-image-preview":"max-image-preview:large","max-video-preview":"max-video-preview:-1"},"canonical":"https:\/\/cottonedshop.com\/nb\/politikk\/","og_locale":"nb_NO","og_type":"article","og_title":"Policies | Cottoned Shop","og_description":"Lean more about our policies - standard and express make time, delivery and returns, shipping, tracking and cancellations.","og_url":"https:\/\/cottonedshop.com\/nb\/politikk\/","og_site_name":"Cottoned Shop","article_modified_time":"2023-04-11T07:30:09+00:00","twitter_card":"summary_large_image","twitter_misc":{"Ansl. lesetid":"5 minutter"},"schema":{"@context":"https:\/\/schema.org","@graph":[{"@type":"WebPage","@id":"https:\/\/cottonedshop.com\/policies\/","url":"https:\/\/cottonedshop.com\/policies\/","name":"Retningslinjer | Cottoned Shop","isPartOf":{"@id":"https:\/\/cottonedshop.com\/#website"},"datePublished":"2018-06-12T04:50:08+00:00","dateModified":"2023-04-11T07:30:09+00:00","description":"Les mer om retningslinjene v\u00e5re - standard og ekspress leveringstid, levering og retur, frakt, sporing og avbestilling.","breadcrumb":{"@id":"https:\/\/cottonedshop.com\/policies\/#breadcrumb"},"inLanguage":"nb-NO","potentialAction":[{"@type":"ReadAction","target":["https:\/\/cottonedshop.com\/policies\/"]}]},{"@type":"BreadcrumbList","@id":"https:\/\/cottonedshop.com\/policies\/#breadcrumb","itemListElement":[{"@type":"ListItem","position":1,"name":"Home","item":"https:\/\/cottonedshop.com\/"},{"@type":"ListItem","position":2,"name":"Policies"}]},{"@type":"WebSite","@id":"https:\/\/cottonedshop.com\/#website","url":"https:\/\/cottonedshop.com\/","name":"Cottoned Shop","description":"","publisher":{"@id":"https:\/\/cottonedshop.com\/#organization"},"potentialAction":[{"@type":"SearchAction","target":{"@type":"EntryPoint","urlTemplate":"https:\/\/cottonedshop.com\/?s={search_term_string}"},"query-input":{"@type":"PropertyValueSpecification","valueRequired":true,"valueName":"search_term_string"}}],"inLanguage":"nb-NO"},{"@type":"Organization","@id":"https:\/\/cottonedshop.com\/#organization","name":"Bomull","url":"https:\/\/cottonedshop.com\/","logo":{"@type":"ImageObject","inLanguage":"nb-NO","@id":"https:\/\/cottonedshop.com\/#\/schema\/logo\/image\/","url":"https:\/\/cottonedshop.com\/wp-content\/uploads\/2021\/02\/cottoned-logo-large.png","contentUrl":"https:\/\/cottonedshop.com\/wp-content\/uploads\/2021\/02\/cottoned-logo-large.png","width":1548,"height":1548,"caption":"Cottoned"},"image":{"@id":"https:\/\/cottonedshop.com\/#\/schema\/logo\/image\/"}}]}},"_links":{"self":[{"href":"https:\/\/cottonedshop.com\/nb\/wp-json\/wp\/v2\/pages\/1262","targetHints":{"allow":["GET"]}}],"collection":[{"href":"https:\/\/cottonedshop.com\/nb\/wp-json\/wp\/v2\/pages"}],"about":[{"href":"https:\/\/cottonedshop.com\/nb\/wp-json\/wp\/v2\/types\/page"}],"author":[{"embeddable":true,"href":"https:\/\/cottonedshop.com\/nb\/wp-json\/wp\/v2\/users\/1"}],"replies":[{"embeddable":true,"href":"https:\/\/cottonedshop.com\/nb\/wp-json\/wp\/v2\/comments?post=1262"}],"version-history":[{"count":0,"href":"https:\/\/cottonedshop.com\/nb\/wp-json\/wp\/v2\/pages\/1262\/revisions"}],"wp:attachment":[{"href":"https:\/\/cottonedshop.com\/nb\/wp-json\/wp\/v2\/media?parent=1262"}],"curies":[{"name":"wp","href":"https:\/\/api.w.org\/{rel}","templated":true}]}}