{"id":2427,"date":"2020-04-22T14:32:29","date_gmt":"2020-04-22T12:32:29","guid":{"rendered":"https:\/\/cottonedshop.com\/?post_type=product&#038;p=2427"},"modified":"2025-02-24T16:19:10","modified_gmt":"2025-02-24T14:19:10","slug":"scampoli-di-tessuto","status":"publish","type":"product","link":"https:\/\/cottonedshop.com\/it\/shop\/fabric-scraps\/","title":{"rendered":"Scampoli di tessuto"},"content":{"rendered":"<div class=\"wpb-content-wrapper\"><div  class=\"sec_row container\"><div class=\"vc_row wpb_row vc_row-fluid\"><div class=\"wpb_column vc_column_container vc_col-sm-12 et-dark-column\"><div class=\"vc_column-inner\"><div class=\"wpb_wrapper\">\n\t<div class=\"wpb_text_column wpb_content_element\" >\n\t\t<div class=\"wpb_wrapper\">\n\t\t\t<p style=\"text-align: left;\">Durante il processo di lavorazione ci rimangono molti ritagli di varie dimensioni. Non ci piace sprecare, quindi vogliamo offrirli ad altri artigiani che potrebbero trovare utili questi piccoli pezzi di tessuto. Si tratta di un'offerta favolosa, perfetta per tutti gli amanti dell'artigianato!<\/p>\n<p style=\"text-align: left;\">La borsa degli scampoli non assortiti varia per dimensione e forma. Il sacchetto Unsorted sar\u00e0 riempito con un mix non uniforme di tessuti solidi.<\/p>\n<p style=\"text-align: left;\">Non possiamo garantire i colori, ma possiamo promettere che conterr\u00e0 una buona variet\u00e0 di tessuti. Per favore, inviateci un messaggio se desiderate acquistare quantit\u00e0 diverse o sacchetti di tessuti ordinati.<\/p>\n<p style=\"text-align: left;\">Gli scarti possono includere pezzi di:<\/p>\n<ul style=\"text-align: left;\">\n<li>Cotone Max (cotone 100%), certificato Oeko-Tex<\/li>\n<li>Canal (60% cotone \/ 40% poliestere), certificato Oeko-Tex<\/li>\n<li>Mimos (50% Cotone \/ 50% Poliestere), certificato Oeko-Tex<\/li>\n<li>Bella (67% Cotone \/ 33% Lino), certificato Oeko-Tex<\/li>\n<li>Velluto (65% cotone \/ 35% poliestere), certificato Oeko-Tex<\/li>\n<li>Tessuto idrorepellente\/ antimacchia (cotone 60% \/ poliestere 40%)<\/li>\n<\/ul>\n<p style=\"text-align: left;\">Tessuti adatti a un'ampia variet\u00e0 di progetti:<\/p>\n<ul style=\"text-align: left;\">\n<li>Quilt di scarto o di corda<\/li>\n<li>Mini trapunte<\/li>\n<li>Tappeti mug<\/li>\n<li>Patchwork<\/li>\n<li>Yo-Yo<\/li>\n<li>Esagoni<\/li>\n<li>Scrapbooking<\/li>\n<li>Bottoni rivestiti in tessuto<\/li>\n<li>Fermagli per capelli in tessuto<\/li>\n<li>Fiori di stoffa<\/li>\n<li>Vestiti per bambole<\/li>\n<li>Applique e molto altro!<\/li>\n<\/ul>\n\n\t\t<\/div>\n\t<\/div>\n\n\t<div class=\"wpb_raw_code wpb_raw_html wpb_content_element\" >\n\t\t<div class=\"wpb_wrapper\">\n\t\t\t<div class=\"klaviyo-form-SVRq2G\"><\/div>\n\t\t<\/div>\n\t<\/div>\n<\/div><\/div><\/div><\/div><\/div>\n<\/div>","protected":false},"excerpt":{"rendered":"<p>Peso per sacco*:<br \/>\n2 libbre (0,9 kg)<\/p>\n<p>* Per ordini personalizzati, contattateci!<\/p>\n<p>Tempo di preparazione: 1-3 giorni<br \/>\nTempi di spedizione: 1-4 settimane<br \/>\nInviateci un messaggio per richiedere la spedizione espressa.<\/p>","protected":false},"featured_media":2428,"comment_status":"open","ping_status":"closed","template":"","meta":[],"product_brand":[],"product_cat":[33],"product_tag":[325,279,322,328,323,326,321,324,327],"class_list":{"0":"post-2427","1":"product","2":"type-product","3":"status-publish","4":"has-post-thumbnail","6":"product_cat-craft-supplies","7":"product_tag-bilk-fabric","8":"product_tag-craft-supplies","9":"product_tag-diy","10":"product_tag-fabric-remnants","11":"product_tag-fabric-scraps","12":"product_tag-patchwork","13":"product_tag-quilting","14":"product_tag-scrap-bundle","15":"product_tag-scrap-pack","17":"first","18":"instock","19":"shipping-taxable","20":"purchasable","21":"product-type-simple"},"yoast_head":"<!-- This site is optimized with the Yoast SEO plugin v27.3 - https:\/\/yoast.com\/product\/yoast-seo-wordpress\/ -->\n<title>Fabric Scraps | Perfect for DIY Projects<\/title>\n<meta name=\"description\" content=\"Discover eco-friendly fabric scraps, ideal for a variety of DIY projects. Each bag contains 2 lbs (0.9 kg) of high-quality material.\" \/>\n<meta name=\"robots\" content=\"index, follow, max-snippet:-1, max-image-preview:large, max-video-preview:-1\" \/>\n<link rel=\"canonical\" href=\"https:\/\/cottonedshop.com\/it\/negozio\/scampoli-di-tessuto\/\" \/>\n<meta property=\"og:locale\" content=\"it_IT\" \/>\n<meta property=\"og:type\" content=\"article\" \/>\n<meta property=\"og:title\" content=\"Fabric Scraps | Perfect for DIY Projects\" \/>\n<meta property=\"og:description\" content=\"Discover eco-friendly fabric scraps, ideal for a variety of DIY projects. Each bag contains 2 lbs (0.9 kg) of high-quality material.\" \/>\n<meta property=\"og:url\" content=\"https:\/\/cottonedshop.com\/it\/negozio\/scampoli-di-tessuto\/\" \/>\n<meta property=\"og:site_name\" content=\"Cottoned Shop\" \/>\n<meta property=\"article:modified_time\" content=\"2025-02-24T14:19:10+00:00\" \/>\n<meta property=\"og:image\" content=\"https:\/\/cottonedshop.com\/wp-content\/uploads\/2020\/04\/Cottoned-fabric-scraps-bag.jpg\" \/>\n\t<meta property=\"og:image:width\" content=\"1300\" \/>\n\t<meta property=\"og:image:height\" content=\"1040\" \/>\n\t<meta property=\"og:image:type\" content=\"image\/jpeg\" \/>\n<meta name=\"twitter:card\" content=\"summary_large_image\" \/>\n<meta name=\"twitter:label1\" content=\"Tempo di lettura stimato\" \/>\n\t<meta name=\"twitter:data1\" content=\"2 minuti\" \/>\n<script type=\"application\/ld+json\" class=\"yoast-schema-graph\">{\"@context\":\"https:\\\/\\\/schema.org\",\"@graph\":[{\"@type\":\"WebPage\",\"@id\":\"https:\\\/\\\/cottonedshop.com\\\/shop\\\/fabric-scraps\\\/\",\"url\":\"https:\\\/\\\/cottonedshop.com\\\/shop\\\/fabric-scraps\\\/\",\"name\":\"Fabric Scraps | Perfect for DIY Projects\",\"isPartOf\":{\"@id\":\"https:\\\/\\\/cottonedshop.com\\\/#website\"},\"primaryImageOfPage\":{\"@id\":\"https:\\\/\\\/cottonedshop.com\\\/shop\\\/fabric-scraps\\\/#primaryimage\"},\"image\":{\"@id\":\"https:\\\/\\\/cottonedshop.com\\\/shop\\\/fabric-scraps\\\/#primaryimage\"},\"thumbnailUrl\":\"https:\\\/\\\/cottonedshop.com\\\/wp-content\\\/uploads\\\/2020\\\/04\\\/Cottoned-fabric-scraps-bag.jpg\",\"datePublished\":\"2020-04-22T12:32:29+00:00\",\"dateModified\":\"2025-02-24T14:19:10+00:00\",\"description\":\"Discover eco-friendly fabric scraps, ideal for a variety of DIY projects. Each bag contains 2 lbs (0.9 kg) of high-quality material.\",\"breadcrumb\":{\"@id\":\"https:\\\/\\\/cottonedshop.com\\\/shop\\\/fabric-scraps\\\/#breadcrumb\"},\"inLanguage\":\"it-IT\",\"potentialAction\":[{\"@type\":\"ReadAction\",\"target\":[\"https:\\\/\\\/cottonedshop.com\\\/shop\\\/fabric-scraps\\\/\"]}]},{\"@type\":\"ImageObject\",\"inLanguage\":\"it-IT\",\"@id\":\"https:\\\/\\\/cottonedshop.com\\\/shop\\\/fabric-scraps\\\/#primaryimage\",\"url\":\"https:\\\/\\\/cottonedshop.com\\\/wp-content\\\/uploads\\\/2020\\\/04\\\/Cottoned-fabric-scraps-bag.jpg\",\"contentUrl\":\"https:\\\/\\\/cottonedshop.com\\\/wp-content\\\/uploads\\\/2020\\\/04\\\/Cottoned-fabric-scraps-bag.jpg\",\"width\":1300,\"height\":1040,\"caption\":\"Cottoned fabric scraps bag\"},{\"@type\":\"BreadcrumbList\",\"@id\":\"https:\\\/\\\/cottonedshop.com\\\/shop\\\/fabric-scraps\\\/#breadcrumb\",\"itemListElement\":[{\"@type\":\"ListItem\",\"position\":1,\"name\":\"Home\",\"item\":\"https:\\\/\\\/cottonedshop.com\\\/\"},{\"@type\":\"ListItem\",\"position\":2,\"name\":\"Shop\",\"item\":\"https:\\\/\\\/cottonedshop.com\\\/shop\\\/\"},{\"@type\":\"ListItem\",\"position\":3,\"name\":\"Fabric Scraps\"}]},{\"@type\":\"WebSite\",\"@id\":\"https:\\\/\\\/cottonedshop.com\\\/#website\",\"url\":\"https:\\\/\\\/cottonedshop.com\\\/\",\"name\":\"Cottoned Shop\",\"description\":\"\",\"publisher\":{\"@id\":\"https:\\\/\\\/cottonedshop.com\\\/#organization\"},\"potentialAction\":[{\"@type\":\"SearchAction\",\"target\":{\"@type\":\"EntryPoint\",\"urlTemplate\":\"https:\\\/\\\/cottonedshop.com\\\/?s={search_term_string}\"},\"query-input\":{\"@type\":\"PropertyValueSpecification\",\"valueRequired\":true,\"valueName\":\"search_term_string\"}}],\"inLanguage\":\"it-IT\"},{\"@type\":\"Organization\",\"@id\":\"https:\\\/\\\/cottonedshop.com\\\/#organization\",\"name\":\"Cottoned\",\"url\":\"https:\\\/\\\/cottonedshop.com\\\/\",\"logo\":{\"@type\":\"ImageObject\",\"inLanguage\":\"it-IT\",\"@id\":\"https:\\\/\\\/cottonedshop.com\\\/#\\\/schema\\\/logo\\\/image\\\/\",\"url\":\"https:\\\/\\\/cottonedshop.com\\\/wp-content\\\/uploads\\\/2021\\\/02\\\/cottoned-logo-large.png\",\"contentUrl\":\"https:\\\/\\\/cottonedshop.com\\\/wp-content\\\/uploads\\\/2021\\\/02\\\/cottoned-logo-large.png\",\"width\":1548,\"height\":1548,\"caption\":\"Cottoned\"},\"image\":{\"@id\":\"https:\\\/\\\/cottonedshop.com\\\/#\\\/schema\\\/logo\\\/image\\\/\"}}]}<\/script>\n<!-- \/ Yoast SEO plugin. -->","yoast_head_json":{"title":"Fabric Scraps | Perfect for DIY Projects","description":"Discover eco-friendly fabric scraps, ideal for a variety of DIY projects. Each bag contains 2 lbs (0.9 kg) of high-quality material.","robots":{"index":"index","follow":"follow","max-snippet":"max-snippet:-1","max-image-preview":"max-image-preview:large","max-video-preview":"max-video-preview:-1"},"canonical":"https:\/\/cottonedshop.com\/it\/negozio\/scampoli-di-tessuto\/","og_locale":"it_IT","og_type":"article","og_title":"Fabric Scraps | Perfect for DIY Projects","og_description":"Discover eco-friendly fabric scraps, ideal for a variety of DIY projects. Each bag contains 2 lbs (0.9 kg) of high-quality material.","og_url":"https:\/\/cottonedshop.com\/it\/negozio\/scampoli-di-tessuto\/","og_site_name":"Cottoned Shop","article_modified_time":"2025-02-24T14:19:10+00:00","og_image":[{"width":1300,"height":1040,"url":"https:\/\/cottonedshop.com\/wp-content\/uploads\/2020\/04\/Cottoned-fabric-scraps-bag.jpg","type":"image\/jpeg"}],"twitter_card":"summary_large_image","twitter_misc":{"Tempo di lettura stimato":"2 minuti"},"schema":{"@context":"https:\/\/schema.org","@graph":[{"@type":"WebPage","@id":"https:\/\/cottonedshop.com\/shop\/fabric-scraps\/","url":"https:\/\/cottonedshop.com\/shop\/fabric-scraps\/","name":"Fabric Scraps | Perfect for DIY Projects","isPartOf":{"@id":"https:\/\/cottonedshop.com\/#website"},"primaryImageOfPage":{"@id":"https:\/\/cottonedshop.com\/shop\/fabric-scraps\/#primaryimage"},"image":{"@id":"https:\/\/cottonedshop.com\/shop\/fabric-scraps\/#primaryimage"},"thumbnailUrl":"https:\/\/cottonedshop.com\/wp-content\/uploads\/2020\/04\/Cottoned-fabric-scraps-bag.jpg","datePublished":"2020-04-22T12:32:29+00:00","dateModified":"2025-02-24T14:19:10+00:00","description":"Discover eco-friendly fabric scraps, ideal for a variety of DIY projects. Each bag contains 2 lbs (0.9 kg) of high-quality material.","breadcrumb":{"@id":"https:\/\/cottonedshop.com\/shop\/fabric-scraps\/#breadcrumb"},"inLanguage":"it-IT","potentialAction":[{"@type":"ReadAction","target":["https:\/\/cottonedshop.com\/shop\/fabric-scraps\/"]}]},{"@type":"ImageObject","inLanguage":"it-IT","@id":"https:\/\/cottonedshop.com\/shop\/fabric-scraps\/#primaryimage","url":"https:\/\/cottonedshop.com\/wp-content\/uploads\/2020\/04\/Cottoned-fabric-scraps-bag.jpg","contentUrl":"https:\/\/cottonedshop.com\/wp-content\/uploads\/2020\/04\/Cottoned-fabric-scraps-bag.jpg","width":1300,"height":1040,"caption":"Cottoned fabric scraps bag"},{"@type":"BreadcrumbList","@id":"https:\/\/cottonedshop.com\/shop\/fabric-scraps\/#breadcrumb","itemListElement":[{"@type":"ListItem","position":1,"name":"Home","item":"https:\/\/cottonedshop.com\/"},{"@type":"ListItem","position":2,"name":"Shop","item":"https:\/\/cottonedshop.com\/shop\/"},{"@type":"ListItem","position":3,"name":"Fabric Scraps"}]},{"@type":"WebSite","@id":"https:\/\/cottonedshop.com\/#website","url":"https:\/\/cottonedshop.com\/","name":"Negozio Cottoned","description":"","publisher":{"@id":"https:\/\/cottonedshop.com\/#organization"},"potentialAction":[{"@type":"SearchAction","target":{"@type":"EntryPoint","urlTemplate":"https:\/\/cottonedshop.com\/?s={search_term_string}"},"query-input":{"@type":"PropertyValueSpecification","valueRequired":true,"valueName":"search_term_string"}}],"inLanguage":"it-IT"},{"@type":"Organization","@id":"https:\/\/cottonedshop.com\/#organization","name":"Cotonato","url":"https:\/\/cottonedshop.com\/","logo":{"@type":"ImageObject","inLanguage":"it-IT","@id":"https:\/\/cottonedshop.com\/#\/schema\/logo\/image\/","url":"https:\/\/cottonedshop.com\/wp-content\/uploads\/2021\/02\/cottoned-logo-large.png","contentUrl":"https:\/\/cottonedshop.com\/wp-content\/uploads\/2021\/02\/cottoned-logo-large.png","width":1548,"height":1548,"caption":"Cottoned"},"image":{"@id":"https:\/\/cottonedshop.com\/#\/schema\/logo\/image\/"}}]}},"_links":{"self":[{"href":"https:\/\/cottonedshop.com\/it\/wp-json\/wp\/v2\/product\/2427","targetHints":{"allow":["GET"]}}],"collection":[{"href":"https:\/\/cottonedshop.com\/it\/wp-json\/wp\/v2\/product"}],"about":[{"href":"https:\/\/cottonedshop.com\/it\/wp-json\/wp\/v2\/types\/product"}],"replies":[{"embeddable":true,"href":"https:\/\/cottonedshop.com\/it\/wp-json\/wp\/v2\/comments?post=2427"}],"wp:featuredmedia":[{"embeddable":true,"href":"https:\/\/cottonedshop.com\/it\/wp-json\/wp\/v2\/media\/2428"}],"wp:attachment":[{"href":"https:\/\/cottonedshop.com\/it\/wp-json\/wp\/v2\/media?parent=2427"}],"wp:term":[{"taxonomy":"product_brand","embeddable":true,"href":"https:\/\/cottonedshop.com\/it\/wp-json\/wp\/v2\/product_brand?post=2427"},{"taxonomy":"product_cat","embeddable":true,"href":"https:\/\/cottonedshop.com\/it\/wp-json\/wp\/v2\/product_cat?post=2427"},{"taxonomy":"product_tag","embeddable":true,"href":"https:\/\/cottonedshop.com\/it\/wp-json\/wp\/v2\/product_tag?post=2427"}],"curies":[{"name":"wp","href":"https:\/\/api.w.org\/{rel}","templated":true}]}}