{"id":535,"date":"2018-04-16T09:57:36","date_gmt":"2018-04-16T09:57:36","guid":{"rendered":"https:\/\/cottonedshop.com\/?page_id=535"},"modified":"2021-03-12T14:28:14","modified_gmt":"2021-03-12T12:28:14","slug":"termini-e-condizioni","status":"publish","type":"page","link":"https:\/\/cottonedshop.com\/it\/terms-conditions\/","title":{"rendered":"Termini e condizioni"},"content":{"rendered":"<div class=\"wpb-content-wrapper\"><div  class=\"sec_row container\"><div class=\"vc_row wpb_row vc_row-fluid\"><div class=\"wpb_column vc_column_container vc_col-sm-12 et-dark-column\"><div class=\"vc_column-inner\"><div class=\"wpb_wrapper\">\n\t<div class=\"wpb_text_column wpb_content_element\" >\n\t\t<div class=\"wpb_wrapper\">\n\t\t\t<header class=\"entry-header\">\n<p class=\"entry-title\">Nel testo che segue, utilizziamo i riferimenti come segue:<\/p>\n<\/header>\n<div class=\"entry-content\">\n<p><strong>UTENTE<\/strong> - ogni persona che naviga su www.cottonedshop.com<\/p>\n<p><strong>CLIENTE<\/strong> - ogni persona che ha effettuato un acquisto su www.cottonedshop.com<\/p>\n<p><strong>SITO<\/strong> - www.cottonedshop.com<\/p>\n<div>\n<div><strong>ORDINE<\/strong> - l'atto di acquistare e pagare un bene attraverso www.cottonedshop.com<\/div>\n<div><\/div>\n<\/div>\n<p>Registrandosi sul SITO \/ effettuando un ordine e compilando i moduli per i dati personali, i CLIENTI dichiarano di essere d'accordo che tutti i loro dati personali siano inseriti nel database di Cottoned LTD e danno il loro consenso esplicito e inequivocabile, che i loro dati personali possono essere memorizzati e utilizzati da Cottoned LTD per:<\/p>\n<ul>\n<li>Riferimenti futuri in caso di reclami, resi e rimborsi;<\/li>\n<li>Motivi contabili;<\/li>\n<li>Statistiche interne necessarie per migliorare le prestazioni del servizio e l'immagine del SITO e per creare nuove funzionalit\u00e0, caratteristiche, promozioni, operazioni e nuovi servizi.<\/li>\n<\/ul>\n<h2><strong>CHI SIAMO<\/strong><\/h2>\n<p>Le pagine di questo sito web (il SITO) sono pubblicate da Cottoned LTD, una societ\u00e0 registrata in Bulgaria con numero di partita IVA: BG BG204843110, la cui sede legale \u00e8 a Sliven, Bulgaria, Kv. Industrialen Bulgaria.<\/p>\n<h2><strong>RISERVATEZZA DEI DATI<\/strong><\/h2>\n<p>Cottoned LTD non raccoglie informazioni personali dagli UTENTI\/CLIENTI su\u00a0<a href=\"https:\/\/cottonedshop.com\/\">www.cottonedshop.com<\/a>\u00a0a meno che non lo forniscano volontariamente.<\/p>\n<p>Le informazioni personali dell'UTENTE\/CLIENTE saranno utilizzate esclusivamente da Cottoned LTD proprio per lo scopo per cui ce le ha fornite. Qualsiasi informazione che un UTENTE\/CLIENTE condivida attraverso i moduli di contatto sul SITO, via e-mail o per telefono, non sar\u00e0 distribuita a terzi.<sup>rd<\/sup>\u00a0parti, oltre al fornitore di logistica della consegna. Per impostazione predefinita, utilizziamo National Posts come partner per la consegna, a meno che il CLIENTE non richieda diversamente.<\/p>\n<p>Cottoned LTD pu\u00f2 divulgare le informazioni personali del CLIENTE se richiesto dalla legge, da un ente governativo o da un'agenzia di applicazione della legge.<\/p>\n<div>\n<div>Se un UTENTE\/CLIENTE sceglie di iscriversi alla nostra newsletter, acconsente al nostro utilizzo delle informazioni fornite in un'applicazione di terze parti (MailChimp).<\/div>\n<div><\/div>\n<div>Conserviamo i dati del CLIENTE e dell'ORDINE per 1 anno per motivi contabili e per eventuali reclami.<\/div>\n<div><\/div>\n<\/div>\n<div>\n<div>Se un CLIENTE desidera che le informazioni che abbiamo memorizzato su di lui\/lei nel nostro database vengano cancellate in qualsiasi momento, ce lo faccia sapere semplicemente inviandoci un messaggio a\u00a0<a href=\"mailto:hello@cottonedshop.com\">hello@cottonedshop.com<\/a>. Diamo seguito a tali richieste non appena possibile.<\/div>\n<div><\/div>\n<\/div>\n<div>\n<div>Il CLIENTE pu\u00f2 inoltrare una richiesta scritta di accesso ai dati (per vedere una copia delle informazioni in nostro possesso) a\u00a0<a href=\"mailto:hello@cottonedshop.com\">hello@cottonedshop.com<\/a>. La tariffa per queste richieste \u00e8 $10.<\/div>\n<div><\/div>\n<\/div>\n<div>Poich\u00e9 la maggior parte delle informazioni personali \u00e8 fornita dal CLIENTE, quest'ultimo \u00e8 responsabile dell'accuratezza delle informazioni. Cottoned LTD registra accuratamente le informazioni fornite dall'UTENTE\/CLIENTE.<\/div>\n<\/div>\n<div><\/div>\n<div><\/div>\n<h2><strong>SITI DI TERZI<\/strong><\/h2>\n<div class=\"entry-content\">\n<div>\n<p>Il SITO contiene link ad altri siti web gestiti da terze parti. Si prega di notare che questa politica sulla privacy si applica solo alle informazioni personali che Cottoned LTD raccoglie attraverso il SITO e non pu\u00f2 essere responsabile per le informazioni personali che le terze parti possono raccogliere, memorizzare e utilizzare attraverso il loro sito web. Vi consigliamo di leggere sempre attentamente la politica sulla privacy di ogni sito web che visitate.<\/p>\n<p>Accettiamo pagamenti tramite PayPal, pertanto i dati del CLIENTE saranno trasmessi a terzi, comprese le informazioni necessarie per elaborare o supportare il pagamento, come il totale dell'acquisto e i dati di fatturazione del cliente. Non siamo responsabili dei dati personali che PayPal memorizza e utilizza attraverso il proprio sito web.<\/p>\n<h2><strong>COME PROTEGGIAMO I VOSTRI DATI PERSONALI?<\/strong><\/h2>\n<p>Manteniamo misure di sicurezza tecniche, fisiche e amministrative volte a fornire una ragionevole protezione dei Dati personali dei CLIENTI contro la perdita, l'uso improprio, l'accesso non autorizzato, la divulgazione e l'alterazione.  Le misure di sicurezza includono firewall, crittografia dei dati. Non siamo responsabili della protezione dei Dati personali che condividiamo con terzi sulla base di una connessione all'account autorizzata dal CLIENTE.<\/p>\n<h2><strong>COCCOLE<\/strong><\/h2>\n<p>Utilizziamo i cookie per offrire agli UTENTI\/CLIENTI una migliore esperienza di navigazione, per analizzare il traffico del sito, per personalizzare i contenuti e per pubblicare pubblicit\u00e0 mirata. (Per questo servizio utilizziamo Google Analytics). Tuttavia, le informazioni non sono identificabili personalmente. Se gli UTENTI\/CLIENTI continuano a utilizzare questo sito, gli UTENTI\/CLIENTI acconsentono al nostro utilizzo dei cookie.<\/p>\n<h2><strong>DIRITTI D'AUTORE<\/strong><\/h2>\n<p>L'accesso\/uso di questo SITO non d\u00e0 all'UTENTE\/CLIENTE il diritto di riprodurre, duplicare, copiare, vendere, rivendere, visitare o altrimenti utilizzare per qualsiasi scopo commerciale questo SITO e qualsiasi sua parte senza l'espresso consenso scritto di Cottoned LTD.<\/p>\n<p>Gli UTENTI\/CLIENTI non possono utilizzare il logo, il marchio o altri elementi grafici\/disegni del SITO senza l'espresso consenso scritto di Cottoned LTD.<\/p>\n<h2><strong>TERMINI E INFORMAZIONI AI SENSI DELLA LEGGE SUL COMMERCIO ELETTRONICO<\/strong><\/h2>\n<p>Il contratto di vendita concluso via Internet \u00e8 un contratto di vendita a distanza. Il contratto di vendita a distanza si conclude sulla base di una proposta formulata dalla Cottoned LTD a ciascun CLIENTE del SITO nell'ambito del sistema di vendita dei beni. Il contratto a distanza tra Cottoned LTD e il CLIENTE si considera concluso dal momento della conferma dell'ordine specifico da parte di Cottoned LTD.<\/p>\n<h2><strong>ORDINE<\/strong><\/h2>\n<p>Gli ordini sono accettati sul sito 24 ore su 24, compresi i fine settimana e i giorni festivi. Al momento di concludere un ordine, l'UTENTE\/CLIENTE ha la possibilit\u00e0 di visualizzare le informazioni sui prodotti acquistati e i relativi prezzi, i vostri nomi, l'e-mail, il telefono, l'indirizzo, le modalit\u00e0 di consegna e il metodo di pagamento.<\/p>\n<p>-<\/p>\n<p>Cottoned LTD si riserva il diritto di modificare i Termini e le Condizioni in qualsiasi momento.<\/p>\n<div>\n<div>Invitiamo gli UTENTI a visitare periodicamente la pagina dei Termini di servizio per familiarizzare con le condizioni attuali, in quanto vincolanti per gli UTENTI.<\/div>\n<\/div>\n<\/div>\n<\/div>\n\n\t\t<\/div>\n\t<\/div>\n<\/div><\/div><\/div><\/div><\/div>\n<\/div>","protected":false},"excerpt":{"rendered":"In the text below, we use referrals\u00a0as follows: USER \u2013 every person browsing www.cottonedshop.com CUSTOMER \u2013 every person who has made a purchase from www.cottonedshop.com SITE \u2013 www.cottonedshop.com ORDER \u2013 the act of purchasing and paying for a good through www.cottonedshop.com By registering on the SITE \/ making an order [...]","protected":false},"author":1,"featured_media":0,"parent":0,"menu_order":0,"comment_status":"closed","ping_status":"closed","template":"","meta":{"footnotes":""},"class_list":["post-535","page","type-page","status-publish","hentry"],"yoast_head":"<!-- This site is optimized with the Yoast SEO plugin v27.3 - https:\/\/yoast.com\/product\/yoast-seo-wordpress\/ -->\n<title>Terms &amp; Conditions | Cottoned Shop<\/title>\n<meta name=\"robots\" content=\"index, follow, max-snippet:-1, max-image-preview:large, max-video-preview:-1\" \/>\n<link rel=\"canonical\" href=\"https:\/\/cottonedshop.com\/it\/termini-e-condizioni\/\" \/>\n<meta property=\"og:locale\" content=\"it_IT\" \/>\n<meta property=\"og:type\" content=\"article\" \/>\n<meta property=\"og:title\" content=\"Terms &amp; Conditions | Cottoned Shop\" \/>\n<meta property=\"og:url\" content=\"https:\/\/cottonedshop.com\/it\/termini-e-condizioni\/\" \/>\n<meta property=\"og:site_name\" content=\"Cottoned Shop\" \/>\n<meta property=\"article:modified_time\" content=\"2021-03-12T12:28:14+00:00\" \/>\n<meta name=\"twitter:card\" content=\"summary_large_image\" \/>\n<meta name=\"twitter:label1\" content=\"Tempo di lettura stimato\" \/>\n\t<meta name=\"twitter:data1\" content=\"4 minuti\" \/>\n<script type=\"application\/ld+json\" class=\"yoast-schema-graph\">{\"@context\":\"https:\\\/\\\/schema.org\",\"@graph\":[{\"@type\":\"WebPage\",\"@id\":\"https:\\\/\\\/cottonedshop.com\\\/terms-conditions\\\/\",\"url\":\"https:\\\/\\\/cottonedshop.com\\\/terms-conditions\\\/\",\"name\":\"Terms & Conditions | Cottoned Shop\",\"isPartOf\":{\"@id\":\"https:\\\/\\\/cottonedshop.com\\\/#website\"},\"datePublished\":\"2018-04-16T09:57:36+00:00\",\"dateModified\":\"2021-03-12T12:28:14+00:00\",\"breadcrumb\":{\"@id\":\"https:\\\/\\\/cottonedshop.com\\\/terms-conditions\\\/#breadcrumb\"},\"inLanguage\":\"it-IT\",\"potentialAction\":[{\"@type\":\"ReadAction\",\"target\":[\"https:\\\/\\\/cottonedshop.com\\\/terms-conditions\\\/\"]}]},{\"@type\":\"BreadcrumbList\",\"@id\":\"https:\\\/\\\/cottonedshop.com\\\/terms-conditions\\\/#breadcrumb\",\"itemListElement\":[{\"@type\":\"ListItem\",\"position\":1,\"name\":\"Home\",\"item\":\"https:\\\/\\\/cottonedshop.com\\\/\"},{\"@type\":\"ListItem\",\"position\":2,\"name\":\"Terms &#038; Conditions\"}]},{\"@type\":\"WebSite\",\"@id\":\"https:\\\/\\\/cottonedshop.com\\\/#website\",\"url\":\"https:\\\/\\\/cottonedshop.com\\\/\",\"name\":\"Cottoned Shop\",\"description\":\"\",\"publisher\":{\"@id\":\"https:\\\/\\\/cottonedshop.com\\\/#organization\"},\"potentialAction\":[{\"@type\":\"SearchAction\",\"target\":{\"@type\":\"EntryPoint\",\"urlTemplate\":\"https:\\\/\\\/cottonedshop.com\\\/?s={search_term_string}\"},\"query-input\":{\"@type\":\"PropertyValueSpecification\",\"valueRequired\":true,\"valueName\":\"search_term_string\"}}],\"inLanguage\":\"it-IT\"},{\"@type\":\"Organization\",\"@id\":\"https:\\\/\\\/cottonedshop.com\\\/#organization\",\"name\":\"Cottoned\",\"url\":\"https:\\\/\\\/cottonedshop.com\\\/\",\"logo\":{\"@type\":\"ImageObject\",\"inLanguage\":\"it-IT\",\"@id\":\"https:\\\/\\\/cottonedshop.com\\\/#\\\/schema\\\/logo\\\/image\\\/\",\"url\":\"https:\\\/\\\/cottonedshop.com\\\/wp-content\\\/uploads\\\/2021\\\/02\\\/cottoned-logo-large.png\",\"contentUrl\":\"https:\\\/\\\/cottonedshop.com\\\/wp-content\\\/uploads\\\/2021\\\/02\\\/cottoned-logo-large.png\",\"width\":1548,\"height\":1548,\"caption\":\"Cottoned\"},\"image\":{\"@id\":\"https:\\\/\\\/cottonedshop.com\\\/#\\\/schema\\\/logo\\\/image\\\/\"}}]}<\/script>\n<!-- \/ Yoast SEO plugin. -->","yoast_head_json":{"title":"Termini e condizioni | Cottoned Shop","robots":{"index":"index","follow":"follow","max-snippet":"max-snippet:-1","max-image-preview":"max-image-preview:large","max-video-preview":"max-video-preview:-1"},"canonical":"https:\/\/cottonedshop.com\/it\/termini-e-condizioni\/","og_locale":"it_IT","og_type":"article","og_title":"Terms & Conditions | Cottoned Shop","og_url":"https:\/\/cottonedshop.com\/it\/termini-e-condizioni\/","og_site_name":"Cottoned Shop","article_modified_time":"2021-03-12T12:28:14+00:00","twitter_card":"summary_large_image","twitter_misc":{"Tempo di lettura stimato":"4 minuti"},"schema":{"@context":"https:\/\/schema.org","@graph":[{"@type":"WebPage","@id":"https:\/\/cottonedshop.com\/terms-conditions\/","url":"https:\/\/cottonedshop.com\/terms-conditions\/","name":"Termini e condizioni | Cottoned Shop","isPartOf":{"@id":"https:\/\/cottonedshop.com\/#website"},"datePublished":"2018-04-16T09:57:36+00:00","dateModified":"2021-03-12T12:28:14+00:00","breadcrumb":{"@id":"https:\/\/cottonedshop.com\/terms-conditions\/#breadcrumb"},"inLanguage":"it-IT","potentialAction":[{"@type":"ReadAction","target":["https:\/\/cottonedshop.com\/terms-conditions\/"]}]},{"@type":"BreadcrumbList","@id":"https:\/\/cottonedshop.com\/terms-conditions\/#breadcrumb","itemListElement":[{"@type":"ListItem","position":1,"name":"Home","item":"https:\/\/cottonedshop.com\/"},{"@type":"ListItem","position":2,"name":"Terms &#038; Conditions"}]},{"@type":"WebSite","@id":"https:\/\/cottonedshop.com\/#website","url":"https:\/\/cottonedshop.com\/","name":"Negozio Cottoned","description":"","publisher":{"@id":"https:\/\/cottonedshop.com\/#organization"},"potentialAction":[{"@type":"SearchAction","target":{"@type":"EntryPoint","urlTemplate":"https:\/\/cottonedshop.com\/?s={search_term_string}"},"query-input":{"@type":"PropertyValueSpecification","valueRequired":true,"valueName":"search_term_string"}}],"inLanguage":"it-IT"},{"@type":"Organization","@id":"https:\/\/cottonedshop.com\/#organization","name":"Cotonato","url":"https:\/\/cottonedshop.com\/","logo":{"@type":"ImageObject","inLanguage":"it-IT","@id":"https:\/\/cottonedshop.com\/#\/schema\/logo\/image\/","url":"https:\/\/cottonedshop.com\/wp-content\/uploads\/2021\/02\/cottoned-logo-large.png","contentUrl":"https:\/\/cottonedshop.com\/wp-content\/uploads\/2021\/02\/cottoned-logo-large.png","width":1548,"height":1548,"caption":"Cottoned"},"image":{"@id":"https:\/\/cottonedshop.com\/#\/schema\/logo\/image\/"}}]}},"_links":{"self":[{"href":"https:\/\/cottonedshop.com\/it\/wp-json\/wp\/v2\/pages\/535","targetHints":{"allow":["GET"]}}],"collection":[{"href":"https:\/\/cottonedshop.com\/it\/wp-json\/wp\/v2\/pages"}],"about":[{"href":"https:\/\/cottonedshop.com\/it\/wp-json\/wp\/v2\/types\/page"}],"author":[{"embeddable":true,"href":"https:\/\/cottonedshop.com\/it\/wp-json\/wp\/v2\/users\/1"}],"replies":[{"embeddable":true,"href":"https:\/\/cottonedshop.com\/it\/wp-json\/wp\/v2\/comments?post=535"}],"version-history":[{"count":0,"href":"https:\/\/cottonedshop.com\/it\/wp-json\/wp\/v2\/pages\/535\/revisions"}],"wp:attachment":[{"href":"https:\/\/cottonedshop.com\/it\/wp-json\/wp\/v2\/media?parent=535"}],"curies":[{"name":"wp","href":"https:\/\/api.w.org\/{rel}","templated":true}]}}