{"id":9991,"date":"2022-03-26T20:40:55","date_gmt":"2022-03-26T18:40:55","guid":{"rendered":"https:\/\/cottonedshop.com\/?post_type=product&#038;p=9991"},"modified":"2024-06-27T19:00:16","modified_gmt":"2024-06-27T16:00:16","slug":"coussin-tete-de-lit-tufte-petites-pattes","status":"publish","type":"product","link":"https:\/\/cottonedshop.com\/fr\/shop\/tufted-headboard-cushion-small-tabs\/","title":{"rendered":"Coussin de t\u00eate de lit en coton bio sur mesure"},"content":{"rendered":"<div class=\"wpb-content-wrapper\"><p>Que vous lisiez un livre, regardiez votre \u00e9mission pr\u00e9f\u00e9r\u00e9e, consultiez votre agenda ou vous d\u00e9tendiez simplement apr\u00e8s une longue journ\u00e9e, nos\u00a0<strong>coussin de t\u00eate de lit en coton<\/strong>\u00a0offre un confort supr\u00eame et une douceur in\u00e9gal\u00e9e.<\/p>\n<p>Fabriqu\u00e9 en\u00a0<strong>des mat\u00e9riaux durables et de haute qualit\u00e9<\/strong>\u00a0et\u00a0<strong>le plus pur des rembourrages en coton<\/strong>Les coussins de la t\u00eate de lit sont\u00a0<strong>hypoallerg\u00e9nique, extr\u00eamement respirant, \u00e9cologique<\/strong>et\u00a0<strong>sans toxicit\u00e9<\/strong>.<\/p>\n<p>Choisissez parmi une\u00a0<strong>grande vari\u00e9t\u00e9 de tissus et de couleurs<\/strong>Les t\u00eates de lit peuvent \u00eatre de diff\u00e9rentes tailles, formes et finitions pour s'harmoniser avec la d\u00e9coration de votre maison et refl\u00e9ter votre go\u00fbt unique.<\/p>\n<p>100%\u00a0<strong>coton biologique<\/strong>\u00a0remplissage \u00e0 l'int\u00e9rieur.<br \/>\n<strong>Sur commande<\/strong>\u00a0pour s'adapter \u00e0 vos pr\u00e9f\u00e9rences.<br \/>\n<strong>Alternative naturelle<\/strong>\u00a0aux coussins en mousse.<br \/>\n<strong>Limite<\/strong>\u00a0l'exposition \u00e0\u00a0<strong>les COV dangereux<\/strong>\u00a0dans votre maison.<br \/>\nGratuit\u00a0<strong>kit de r\u00e9paration<\/strong>\u00a0inclus.<br \/>\nTous\u00a0<strong>imp\u00f4ts<\/strong>\u00a0et\u00a0<strong>devoirs<\/strong>\u00a0sont\u00a0<strong>inclus<\/strong>.<\/p>\n<div  class=\"sec_row container\"><div class=\"vc_row wpb_row vc_row-fluid\"><div class=\"wpb_column vc_column_container vc_col-sm-12 et-dark-column\"><div class=\"vc_column-inner\"><div class=\"wpb_wrapper\">\t\t<div id=\"et-button-69e55d4738667\" class=\"et_btn_align_center\">\n\t\t\t<a href=\"https:\/\/cottonedshop.com\/shop\/custom-tufted-headboard-cushion\/\" class=\"et_btn button et_btn_md solid rounded color-custom\"  role=\"button\" title=\"\" ><span>Customize It<\/span><\/a>\n\t\t<\/div>\n\t\t\n\t<div class=\"vc_empty_space\"   style=\"height: 20px\"><span class=\"vc_empty_space_inner\"><\/span><\/div>\n\t<div class=\"wpb_text_column wpb_content_element\" >\n\t\t<div class=\"wpb_wrapper\">\n\t\t\t<p style=\"text-align: left;\"><strong>CARACT\u00c9RISTIQUES :<\/strong><\/p>\n<ul>\n<li style=\"text-align: left;\">Zipper on the bottom so you can easily adjust the cotton, add or remove cotton if necessary.<\/li>\n<li style=\"text-align: left;\">Un kit de r\u00e9paration gratuit est inclus pour chaque article en coton.<\/li>\n<\/ul>\n<p>&nbsp;<\/p>\n<p><strong>FILLING:<\/strong> <a href=\"https:\/\/cottonedshop.com\/product\/cotton-filling\/\">100% GOTS Certified Cotton<\/a><\/p>\n<p>&nbsp;<\/p>\n<p style=\"text-align: left;\"><strong>ZIP-OFF WASHABLE COVER OPTIONS:<\/strong><\/p>\n<ul style=\"text-align: left;\">\n<li>100% Organic Cotton, heavyweight, unbleached (GOTS certified)<\/li>\n<li>Max Cotton (100% Cotton), Oeko-Tex Certified<\/li>\n<li>Canal (60% cotton\/40% Polyester), Oeko-Tex Certified<\/li>\n<li>Mimos (50 % Cotton\/50% Polyester), Oeko-Tex Certified<\/li>\n<li>Bella (67% Cotton\/33% Linen), Oeko-Tex Certified<\/li>\n<li>Velvet (65% cotton\/35% Polyester), Oeko-Tex Certified<\/li>\n<li>Water\/ Stain repellent fabric (60% Cotton\/40% Polyester)<\/li>\n<li>Lin teint (100% Linen), certifi\u00e9 Oeko-Tex<\/li>\n<\/ul>\n<p>&nbsp;<\/p>\n<p style=\"text-align: left;\"><strong>ATTACHMENT OPTIONS:<\/strong><\/p>\n<ul style=\"text-align: left;\">\n<li>With a Back pocket &#8211; slips over the headboard of your bed<\/li>\n<li>With Ties &#8211; along the top of the cushion (every 6&#8243;-8&#8243;)<\/li>\n<li>With Rod &#8211; hidden in the upper back edge (we provide the rod)<\/li>\n<\/ul>\n<p>&nbsp;<\/p>\n<p style=\"text-align: left;\"><strong>EDGE OPTIONS<\/strong>:<\/p>\n<ul style=\"text-align: left;\">\n<li>mini piped edges<\/li>\n<li>non-piped edges<\/li>\n<\/ul>\n<p>&nbsp;<\/p>\n<p style=\"text-align: left;\"><strong>INSTRUCTIONS D'ENTRETIEN<\/strong><\/p>\n<p style=\"text-align: left;\">Spot clean only.<\/p>\n<p>&nbsp;<\/p>\n<p style=\"text-align: left;\"><strong>IMPORTANT<\/strong><\/p>\n<p style=\"text-align: left;\">* Cette offre ne concerne qu'un seul coussin.<br \/>\n* Les articles en coton sont sujets \u00e0 un certain degr\u00e9 de compression.<br \/>\n* Handmade item, small deviation in dimensions is possible.<\/p>\n<p>&nbsp;<\/p>\n<p style=\"text-align: left;\">Thank you for your time!<\/p>\n\n\t\t<\/div>\n\t<\/div>\n\n\t<div class=\"wpb_raw_code wpb_raw_html wpb_content_element\" >\n\t\t<div class=\"wpb_wrapper\">\n\t\t\t<div class=\"klaviyo-form-SVRq2G\"><\/div>\n\t\t<\/div>\n\t<\/div>\n<\/div><\/div><\/div><\/div><\/div>\n<\/div>","protected":false},"excerpt":{"rendered":"<p style=\"text-align: left;\">Que vous lisiez un livre, regardiez votre \u00e9mission pr\u00e9f\u00e9r\u00e9e, consultiez votre agenda ou vous d\u00e9tendiez simplement apr\u00e8s une longue journ\u00e9e, nos\u00a0<strong>coussin de t\u00eate de lit en coton<\/strong>\u00a0offre un confort supr\u00eame et une douceur in\u00e9gal\u00e9e.<\/p>\n<p style=\"text-align: left;\">Fabriqu\u00e9 en\u00a0<strong>des mat\u00e9riaux durables et de haute qualit\u00e9<\/strong>\u00a0et\u00a0<strong>le plus pur des rembourrages en coton<\/strong>Les coussins de la t\u00eate de lit sont\u00a0<strong>hypoallerg\u00e9nique, extr\u00eamement respirant, \u00e9cologique<\/strong>et\u00a0<strong>sans toxicit\u00e9<\/strong>.<\/p>\n<p style=\"text-align: left;\">Choisissez parmi une\u00a0<strong>grande vari\u00e9t\u00e9 de tissus et de couleurs<\/strong>Les t\u00eates de lit peuvent \u00eatre de diff\u00e9rentes tailles, formes et finitions pour s'harmoniser avec la d\u00e9coration de votre maison et refl\u00e9ter votre go\u00fbt unique.<\/p>\n<ul>\n<li style=\"text-align: left;\">100%\u00a0<strong>coton biologique<\/strong>\u00a0remplissage \u00e0 l'int\u00e9rieur.<\/li>\n<li style=\"text-align: left;\"><strong>Sur commande<\/strong>\u00a0pour s'adapter \u00e0 vos pr\u00e9f\u00e9rences.<\/li>\n<li style=\"text-align: left;\"><strong>Alternative naturelle<\/strong>\u00a0aux coussins en mousse.<\/li>\n<li style=\"text-align: left;\"><strong>Limite<\/strong>\u00a0l'exposition \u00e0\u00a0<strong>les COV dangereux<\/strong>\u00a0dans votre maison.<\/li>\n<li style=\"text-align: left;\">Gratuit\u00a0<strong>kit de r\u00e9paration<\/strong>\u00a0inclus.<\/li>\n<li style=\"text-align: left;\">Tous\u00a0<strong>imp\u00f4ts<\/strong>\u00a0et\u00a0<strong>devoirs<\/strong>\u00a0sont\u00a0<strong>inclus<\/strong>.<\/li>\n<li><strong>Livraison gratuite<\/strong>\u00a0\u00e0 votre porte.<\/li>\n<\/ul>","protected":false},"featured_media":9992,"comment_status":"open","ping_status":"closed","template":"","meta":[],"product_brand":[],"product_cat":[402],"product_tag":[165,413,166,167,168,169,170,171],"class_list":{"0":"post-9991","1":"product","2":"type-product","3":"status-publish","4":"has-post-thumbnail","6":"product_cat-headboards","7":"product_tag-bed-headrest-pillow","8":"product_tag-buttoned-headboard","9":"product_tag-cushions-for-headboards","10":"product_tag-headboard-cover","11":"product_tag-headboard-cushion-design","12":"product_tag-headboard-cushion-wall-pillow","13":"product_tag-headboard-cushion-with-ties","14":"product_tag-tufted-headboard-cushion","16":"first","17":"instock","18":"shipping-taxable","19":"product-type-external"},"yoast_head":"<!-- This site is optimized with the Yoast SEO plugin v27.4 - https:\/\/yoast.com\/product\/yoast-seo-wordpress\/ -->\n<title>Custom Organic Cotton Tufted Headboard Cushion | Cottoned<\/title>\n<meta name=\"description\" content=\"Our tufted headboard cushion is handmade, hand-tufted and filled with organic cotton stuffing. Custom sizes available on request.\" \/>\n<meta name=\"robots\" content=\"index, follow, max-snippet:-1, max-image-preview:large, max-video-preview:-1\" \/>\n<link rel=\"canonical\" href=\"https:\/\/cottonedshop.com\/fr\/boutique\/coussin-tete-de-lit-tufte-petites-pattes\/\" \/>\n<meta property=\"og:locale\" content=\"fr_FR\" \/>\n<meta property=\"og:type\" content=\"article\" \/>\n<meta property=\"og:title\" content=\"Custom Organic Cotton Tufted Headboard Cushion | Cottoned\" \/>\n<meta property=\"og:description\" content=\"Our tufted headboard cushion is handmade, hand-tufted and filled with organic cotton stuffing. Custom sizes available on request.\" \/>\n<meta property=\"og:url\" content=\"https:\/\/cottonedshop.com\/fr\/boutique\/coussin-tete-de-lit-tufte-petites-pattes\/\" \/>\n<meta property=\"og:site_name\" content=\"Cottoned Shop\" \/>\n<meta property=\"article:modified_time\" content=\"2024-06-27T16:00:16+00:00\" \/>\n<meta property=\"og:image\" content=\"https:\/\/cottonedshop.com\/wp-content\/uploads\/2022\/03\/Cottoned-Tufted-Headboard-Cushion-with-small-tabs.jpg\" \/>\n\t<meta property=\"og:image:width\" content=\"1300\" \/>\n\t<meta property=\"og:image:height\" content=\"1040\" \/>\n\t<meta property=\"og:image:type\" content=\"image\/jpeg\" \/>\n<meta name=\"twitter:card\" content=\"summary_large_image\" \/>\n<meta name=\"twitter:label1\" content=\"Dur\u00e9e de lecture estim\u00e9e\" \/>\n\t<meta name=\"twitter:data1\" content=\"2 minutes\" \/>\n<script type=\"application\/ld+json\" class=\"yoast-schema-graph\">{\"@context\":\"https:\\\/\\\/schema.org\",\"@graph\":[{\"@type\":\"WebPage\",\"@id\":\"https:\\\/\\\/cottonedshop.com\\\/shop\\\/tufted-headboard-cushion-small-tabs\\\/\",\"url\":\"https:\\\/\\\/cottonedshop.com\\\/shop\\\/tufted-headboard-cushion-small-tabs\\\/\",\"name\":\"Custom Organic Cotton Tufted Headboard Cushion | Cottoned\",\"isPartOf\":{\"@id\":\"https:\\\/\\\/cottonedshop.com\\\/#website\"},\"primaryImageOfPage\":{\"@id\":\"https:\\\/\\\/cottonedshop.com\\\/shop\\\/tufted-headboard-cushion-small-tabs\\\/#primaryimage\"},\"image\":{\"@id\":\"https:\\\/\\\/cottonedshop.com\\\/shop\\\/tufted-headboard-cushion-small-tabs\\\/#primaryimage\"},\"thumbnailUrl\":\"https:\\\/\\\/cottonedshop.com\\\/wp-content\\\/uploads\\\/2022\\\/03\\\/Cottoned-Tufted-Headboard-Cushion-with-small-tabs.jpg\",\"datePublished\":\"2022-03-26T18:40:55+00:00\",\"dateModified\":\"2024-06-27T16:00:16+00:00\",\"description\":\"Our tufted headboard cushion is handmade, hand-tufted and filled with organic cotton stuffing. Custom sizes available on request.\",\"breadcrumb\":{\"@id\":\"https:\\\/\\\/cottonedshop.com\\\/shop\\\/tufted-headboard-cushion-small-tabs\\\/#breadcrumb\"},\"inLanguage\":\"fr-FR\",\"potentialAction\":[{\"@type\":\"ReadAction\",\"target\":[\"https:\\\/\\\/cottonedshop.com\\\/shop\\\/tufted-headboard-cushion-small-tabs\\\/\"]}]},{\"@type\":\"ImageObject\",\"inLanguage\":\"fr-FR\",\"@id\":\"https:\\\/\\\/cottonedshop.com\\\/shop\\\/tufted-headboard-cushion-small-tabs\\\/#primaryimage\",\"url\":\"https:\\\/\\\/cottonedshop.com\\\/wp-content\\\/uploads\\\/2022\\\/03\\\/Cottoned-Tufted-Headboard-Cushion-with-small-tabs.jpg\",\"contentUrl\":\"https:\\\/\\\/cottonedshop.com\\\/wp-content\\\/uploads\\\/2022\\\/03\\\/Cottoned-Tufted-Headboard-Cushion-with-small-tabs.jpg\",\"width\":1300,\"height\":1040},{\"@type\":\"BreadcrumbList\",\"@id\":\"https:\\\/\\\/cottonedshop.com\\\/shop\\\/tufted-headboard-cushion-small-tabs\\\/#breadcrumb\",\"itemListElement\":[{\"@type\":\"ListItem\",\"position\":1,\"name\":\"Home\",\"item\":\"https:\\\/\\\/cottonedshop.com\\\/\"},{\"@type\":\"ListItem\",\"position\":2,\"name\":\"Shop\",\"item\":\"https:\\\/\\\/cottonedshop.com\\\/shop\\\/\"},{\"@type\":\"ListItem\",\"position\":3,\"name\":\"Custom Organic Cotton Tufted Headboard Cushion\"}]},{\"@type\":\"WebSite\",\"@id\":\"https:\\\/\\\/cottonedshop.com\\\/#website\",\"url\":\"https:\\\/\\\/cottonedshop.com\\\/\",\"name\":\"Cottoned Shop\",\"description\":\"\",\"publisher\":{\"@id\":\"https:\\\/\\\/cottonedshop.com\\\/#organization\"},\"potentialAction\":[{\"@type\":\"SearchAction\",\"target\":{\"@type\":\"EntryPoint\",\"urlTemplate\":\"https:\\\/\\\/cottonedshop.com\\\/?s={search_term_string}\"},\"query-input\":{\"@type\":\"PropertyValueSpecification\",\"valueRequired\":true,\"valueName\":\"search_term_string\"}}],\"inLanguage\":\"fr-FR\"},{\"@type\":\"Organization\",\"@id\":\"https:\\\/\\\/cottonedshop.com\\\/#organization\",\"name\":\"Cottoned\",\"url\":\"https:\\\/\\\/cottonedshop.com\\\/\",\"logo\":{\"@type\":\"ImageObject\",\"inLanguage\":\"fr-FR\",\"@id\":\"https:\\\/\\\/cottonedshop.com\\\/#\\\/schema\\\/logo\\\/image\\\/\",\"url\":\"https:\\\/\\\/cottonedshop.com\\\/wp-content\\\/uploads\\\/2021\\\/02\\\/cottoned-logo-large.png\",\"contentUrl\":\"https:\\\/\\\/cottonedshop.com\\\/wp-content\\\/uploads\\\/2021\\\/02\\\/cottoned-logo-large.png\",\"width\":1548,\"height\":1548,\"caption\":\"Cottoned\"},\"image\":{\"@id\":\"https:\\\/\\\/cottonedshop.com\\\/#\\\/schema\\\/logo\\\/image\\\/\"}}]}<\/script>\n<!-- \/ Yoast SEO plugin. -->","yoast_head_json":{"title":"Custom Organic Cotton Tufted Headboard Cushion | Cottoned","description":"Our tufted headboard cushion is handmade, hand-tufted and filled with organic cotton stuffing. Custom sizes available on request.","robots":{"index":"index","follow":"follow","max-snippet":"max-snippet:-1","max-image-preview":"max-image-preview:large","max-video-preview":"max-video-preview:-1"},"canonical":"https:\/\/cottonedshop.com\/fr\/boutique\/coussin-tete-de-lit-tufte-petites-pattes\/","og_locale":"fr_FR","og_type":"article","og_title":"Custom Organic Cotton Tufted Headboard Cushion | Cottoned","og_description":"Our tufted headboard cushion is handmade, hand-tufted and filled with organic cotton stuffing. Custom sizes available on request.","og_url":"https:\/\/cottonedshop.com\/fr\/boutique\/coussin-tete-de-lit-tufte-petites-pattes\/","og_site_name":"Cottoned Shop","article_modified_time":"2024-06-27T16:00:16+00:00","og_image":[{"width":1300,"height":1040,"url":"https:\/\/cottonedshop.com\/wp-content\/uploads\/2022\/03\/Cottoned-Tufted-Headboard-Cushion-with-small-tabs.jpg","type":"image\/jpeg"}],"twitter_card":"summary_large_image","twitter_misc":{"Dur\u00e9e de lecture estim\u00e9e":"2 minutes"},"schema":{"@context":"https:\/\/schema.org","@graph":[{"@type":"WebPage","@id":"https:\/\/cottonedshop.com\/shop\/tufted-headboard-cushion-small-tabs\/","url":"https:\/\/cottonedshop.com\/shop\/tufted-headboard-cushion-small-tabs\/","name":"Custom Organic Cotton Tufted Headboard Cushion | Cottoned","isPartOf":{"@id":"https:\/\/cottonedshop.com\/#website"},"primaryImageOfPage":{"@id":"https:\/\/cottonedshop.com\/shop\/tufted-headboard-cushion-small-tabs\/#primaryimage"},"image":{"@id":"https:\/\/cottonedshop.com\/shop\/tufted-headboard-cushion-small-tabs\/#primaryimage"},"thumbnailUrl":"https:\/\/cottonedshop.com\/wp-content\/uploads\/2022\/03\/Cottoned-Tufted-Headboard-Cushion-with-small-tabs.jpg","datePublished":"2022-03-26T18:40:55+00:00","dateModified":"2024-06-27T16:00:16+00:00","description":"Our tufted headboard cushion is handmade, hand-tufted and filled with organic cotton stuffing. Custom sizes available on request.","breadcrumb":{"@id":"https:\/\/cottonedshop.com\/shop\/tufted-headboard-cushion-small-tabs\/#breadcrumb"},"inLanguage":"fr-FR","potentialAction":[{"@type":"ReadAction","target":["https:\/\/cottonedshop.com\/shop\/tufted-headboard-cushion-small-tabs\/"]}]},{"@type":"ImageObject","inLanguage":"fr-FR","@id":"https:\/\/cottonedshop.com\/shop\/tufted-headboard-cushion-small-tabs\/#primaryimage","url":"https:\/\/cottonedshop.com\/wp-content\/uploads\/2022\/03\/Cottoned-Tufted-Headboard-Cushion-with-small-tabs.jpg","contentUrl":"https:\/\/cottonedshop.com\/wp-content\/uploads\/2022\/03\/Cottoned-Tufted-Headboard-Cushion-with-small-tabs.jpg","width":1300,"height":1040},{"@type":"BreadcrumbList","@id":"https:\/\/cottonedshop.com\/shop\/tufted-headboard-cushion-small-tabs\/#breadcrumb","itemListElement":[{"@type":"ListItem","position":1,"name":"Home","item":"https:\/\/cottonedshop.com\/"},{"@type":"ListItem","position":2,"name":"Shop","item":"https:\/\/cottonedshop.com\/shop\/"},{"@type":"ListItem","position":3,"name":"Custom Organic Cotton Tufted Headboard Cushion"}]},{"@type":"WebSite","@id":"https:\/\/cottonedshop.com\/#website","url":"https:\/\/cottonedshop.com\/","name":"Boutique en coton","description":"","publisher":{"@id":"https:\/\/cottonedshop.com\/#organization"},"potentialAction":[{"@type":"SearchAction","target":{"@type":"EntryPoint","urlTemplate":"https:\/\/cottonedshop.com\/?s={search_term_string}"},"query-input":{"@type":"PropertyValueSpecification","valueRequired":true,"valueName":"search_term_string"}}],"inLanguage":"fr-FR"},{"@type":"Organization","@id":"https:\/\/cottonedshop.com\/#organization","name":"Coton\u00e9","url":"https:\/\/cottonedshop.com\/","logo":{"@type":"ImageObject","inLanguage":"fr-FR","@id":"https:\/\/cottonedshop.com\/#\/schema\/logo\/image\/","url":"https:\/\/cottonedshop.com\/wp-content\/uploads\/2021\/02\/cottoned-logo-large.png","contentUrl":"https:\/\/cottonedshop.com\/wp-content\/uploads\/2021\/02\/cottoned-logo-large.png","width":1548,"height":1548,"caption":"Cottoned"},"image":{"@id":"https:\/\/cottonedshop.com\/#\/schema\/logo\/image\/"}}]}},"_links":{"self":[{"href":"https:\/\/cottonedshop.com\/fr\/wp-json\/wp\/v2\/product\/9991","targetHints":{"allow":["GET"]}}],"collection":[{"href":"https:\/\/cottonedshop.com\/fr\/wp-json\/wp\/v2\/product"}],"about":[{"href":"https:\/\/cottonedshop.com\/fr\/wp-json\/wp\/v2\/types\/product"}],"replies":[{"embeddable":true,"href":"https:\/\/cottonedshop.com\/fr\/wp-json\/wp\/v2\/comments?post=9991"}],"wp:featuredmedia":[{"embeddable":true,"href":"https:\/\/cottonedshop.com\/fr\/wp-json\/wp\/v2\/media\/9992"}],"wp:attachment":[{"href":"https:\/\/cottonedshop.com\/fr\/wp-json\/wp\/v2\/media?parent=9991"}],"wp:term":[{"taxonomy":"product_brand","embeddable":true,"href":"https:\/\/cottonedshop.com\/fr\/wp-json\/wp\/v2\/product_brand?post=9991"},{"taxonomy":"product_cat","embeddable":true,"href":"https:\/\/cottonedshop.com\/fr\/wp-json\/wp\/v2\/product_cat?post=9991"},{"taxonomy":"product_tag","embeddable":true,"href":"https:\/\/cottonedshop.com\/fr\/wp-json\/wp\/v2\/product_tag?post=9991"}],"curies":[{"name":"wp","href":"https:\/\/api.w.org\/{rel}","templated":true}]}}