{"id":5581,"date":"2021-05-15T10:50:00","date_gmt":"2021-05-15T08:50:00","guid":{"rendered":"https:\/\/cottonedshop.com\/?post_type=product&#038;p=5581"},"modified":"2026-04-16T01:50:34","modified_gmt":"2026-04-15T22:50:34","slug":"carte-cadeau","status":"publish","type":"product","link":"https:\/\/cottonedshop.com\/fr\/shop\/gift-card\/","title":{"rendered":"Carte cadeau \/ Ch\u00e8que cadeau pour Cottoned Shop"},"content":{"rendered":"<div class=\"wpb-content-wrapper\"><div  class=\"sec_row container\"><div class=\"vc_row wpb_row vc_row-fluid\"><div class=\"wpb_column vc_column_container vc_col-sm-12 et-dark-column\"><div class=\"vc_column-inner\"><div class=\"wpb_wrapper\">\n\t<div class=\"wpb_text_column wpb_content_element\" >\n\t\t<div class=\"wpb_wrapper\">\n\t\t\t<p style=\"text-align: left;\">Vous pouvez acheter la carte-cadeau comme n'importe quel autre produit de notre boutique, il vous suffit de s\u00e9lectionner le montant que vous souhaitez et la mani\u00e8re pr\u00e9f\u00e9r\u00e9e d'envoyer le bon \u00e0 votre bien-aim\u00e9(e). Nous enverrons la carte-cadeau \u00e0 l'adresse de livraison indiqu\u00e9e (livraison sous 8-12 jours) ou si vous choisissez de l'envoyer par e-mail - il vous suffit de sp\u00e9cifier l'adresse e-mail et la date \u00e0 laquelle vous souhaitez que nous l'envoyions dans les notes suppl\u00e9mentaires de votre commande.<\/p>\n<p style=\"text-align: left;\">Si vous le souhaitez, nous pouvons ajouter un message sp\u00e9cial pour le cadeau. Il vous suffit de nous l'envoyer dans les notes additionnelles avec votre commande.<\/p>\n<p style=\"text-align: left;\">C'est aussi simple que cela !<\/p>\n<p>&nbsp;<\/p>\n<p style=\"text-align: left;\">*Chaque ch\u00e8que-cadeau est valable pendant un an \u00e0 compter de la date d'achat.<\/p>\n\n\t\t<\/div>\n\t<\/div>\n\n\t<div class=\"wpb_raw_code wpb_raw_html wpb_content_element\" >\n\t\t<div class=\"wpb_wrapper\">\n\t\t\t<div class=\"klaviyo-form-SVRq2G\"><\/div>\n\t\t<\/div>\n\t<\/div>\n<\/div><\/div><\/div><\/div><\/div>\n<\/div>","protected":false},"excerpt":{"rendered":"<p>Offrez \u00e0 ceux que vous aimez ce qu'ils veulent vraiment et laissez-les choisir eux-m\u00eames avec une carte-cadeau Cottoned Shop ! C'est le cadeau ultime que vous pouvez offrir en toute occasion - anniversaires, nouveau-n\u00e9s, \u00e9v\u00e9nements sp\u00e9ciaux ou vacances !<\/p>","protected":false},"featured_media":5590,"comment_status":"open","ping_status":"closed","template":"","meta":[],"product_brand":[],"product_cat":[383],"product_tag":[199,384,385,386,387,388,389,390,391,392],"class_list":{"0":"post-5581","1":"product","2":"type-product","3":"status-publish","4":"has-post-thumbnail","6":"product_cat-gift-card","7":"product_tag-baby-shower-gift","8":"product_tag-birthday-gift-idea","9":"product_tag-engagement-gift-idea","10":"product_tag-gift-card","11":"product_tag-gift-voucher","12":"product_tag-mothers-day-gift-idea","13":"product_tag-unique-gift-ideas","14":"product_tag-valentines-day-gift-idea","15":"product_tag-wedding-anniversary-gift-idea","16":"product_tag-wedding-gift-idea","18":"first","19":"instock","20":"shipping-taxable","21":"purchasable","22":"product-type-variable"},"yoast_head":"<!-- This site is optimized with the Yoast SEO plugin v27.4 - https:\/\/yoast.com\/product\/yoast-seo-wordpress\/ -->\n<title>Gift Card | Perfect for Any Occasion<\/title>\n<meta name=\"description\" content=\"Treat loved ones to the perfect gift with our gift card. Ideal for birthdays, anniversaries, and more. Let them choose their favorite home d\u00e9cor!\" \/>\n<meta name=\"robots\" content=\"index, follow, max-snippet:-1, max-image-preview:large, max-video-preview:-1\" \/>\n<link rel=\"canonical\" href=\"https:\/\/cottonedshop.com\/fr\/boutique\/carte-cadeau\/\" \/>\n<meta property=\"og:locale\" content=\"fr_FR\" \/>\n<meta property=\"og:type\" content=\"article\" \/>\n<meta property=\"og:title\" content=\"Gift Card | Perfect for Any Occasion\" \/>\n<meta property=\"og:description\" content=\"Treat loved ones to the perfect gift with our gift card. Ideal for birthdays, anniversaries, and more. Let them choose their favorite home d\u00e9cor!\" \/>\n<meta property=\"og:url\" content=\"https:\/\/cottonedshop.com\/fr\/boutique\/carte-cadeau\/\" \/>\n<meta property=\"og:site_name\" content=\"Cottoned Shop\" \/>\n<meta property=\"article:modified_time\" content=\"2026-04-15T22:50:34+00:00\" \/>\n<meta property=\"og:image\" content=\"https:\/\/cottonedshop.com\/wp-content\/uploads\/2021\/05\/Cottoned-gift-card-gift-voucher.jpg\" \/>\n\t<meta property=\"og:image:width\" content=\"1300\" \/>\n\t<meta property=\"og:image:height\" content=\"1037\" \/>\n\t<meta property=\"og:image:type\" content=\"image\/jpeg\" \/>\n<meta name=\"twitter:card\" content=\"summary_large_image\" \/>\n<meta name=\"twitter:label1\" content=\"Dur\u00e9e de lecture estim\u00e9e\" \/>\n\t<meta name=\"twitter:data1\" content=\"1 minute\" \/>\n<script type=\"application\/ld+json\" class=\"yoast-schema-graph\">{\"@context\":\"https:\\\/\\\/schema.org\",\"@graph\":[{\"@type\":\"WebPage\",\"@id\":\"https:\\\/\\\/cottonedshop.com\\\/shop\\\/gift-card\\\/\",\"url\":\"https:\\\/\\\/cottonedshop.com\\\/shop\\\/gift-card\\\/\",\"name\":\"Gift Card | Perfect for Any Occasion\",\"isPartOf\":{\"@id\":\"https:\\\/\\\/cottonedshop.com\\\/#website\"},\"primaryImageOfPage\":{\"@id\":\"https:\\\/\\\/cottonedshop.com\\\/shop\\\/gift-card\\\/#primaryimage\"},\"image\":{\"@id\":\"https:\\\/\\\/cottonedshop.com\\\/shop\\\/gift-card\\\/#primaryimage\"},\"thumbnailUrl\":\"https:\\\/\\\/cottonedshop.com\\\/wp-content\\\/uploads\\\/2021\\\/05\\\/Cottoned-gift-card-gift-voucher.jpg\",\"datePublished\":\"2021-05-15T08:50:00+00:00\",\"dateModified\":\"2026-04-15T22:50:34+00:00\",\"description\":\"Treat loved ones to the perfect gift with our gift card. Ideal for birthdays, anniversaries, and more. Let them choose their favorite home d\u00e9cor!\",\"breadcrumb\":{\"@id\":\"https:\\\/\\\/cottonedshop.com\\\/shop\\\/gift-card\\\/#breadcrumb\"},\"inLanguage\":\"fr-FR\",\"potentialAction\":[{\"@type\":\"ReadAction\",\"target\":[\"https:\\\/\\\/cottonedshop.com\\\/shop\\\/gift-card\\\/\"]}]},{\"@type\":\"ImageObject\",\"inLanguage\":\"fr-FR\",\"@id\":\"https:\\\/\\\/cottonedshop.com\\\/shop\\\/gift-card\\\/#primaryimage\",\"url\":\"https:\\\/\\\/cottonedshop.com\\\/wp-content\\\/uploads\\\/2021\\\/05\\\/Cottoned-gift-card-gift-voucher.jpg\",\"contentUrl\":\"https:\\\/\\\/cottonedshop.com\\\/wp-content\\\/uploads\\\/2021\\\/05\\\/Cottoned-gift-card-gift-voucher.jpg\",\"width\":1300,\"height\":1037,\"caption\":\"Cottoned gift card, gift voucher\"},{\"@type\":\"BreadcrumbList\",\"@id\":\"https:\\\/\\\/cottonedshop.com\\\/shop\\\/gift-card\\\/#breadcrumb\",\"itemListElement\":[{\"@type\":\"ListItem\",\"position\":1,\"name\":\"Home\",\"item\":\"https:\\\/\\\/cottonedshop.com\\\/\"},{\"@type\":\"ListItem\",\"position\":2,\"name\":\"Shop\",\"item\":\"https:\\\/\\\/cottonedshop.com\\\/shop\\\/\"},{\"@type\":\"ListItem\",\"position\":3,\"name\":\"Gift Card \\\/ Gift Voucher for Cottoned Shop\"}]},{\"@type\":\"WebSite\",\"@id\":\"https:\\\/\\\/cottonedshop.com\\\/#website\",\"url\":\"https:\\\/\\\/cottonedshop.com\\\/\",\"name\":\"Cottoned Shop\",\"description\":\"\",\"publisher\":{\"@id\":\"https:\\\/\\\/cottonedshop.com\\\/#organization\"},\"potentialAction\":[{\"@type\":\"SearchAction\",\"target\":{\"@type\":\"EntryPoint\",\"urlTemplate\":\"https:\\\/\\\/cottonedshop.com\\\/?s={search_term_string}\"},\"query-input\":{\"@type\":\"PropertyValueSpecification\",\"valueRequired\":true,\"valueName\":\"search_term_string\"}}],\"inLanguage\":\"fr-FR\"},{\"@type\":\"Organization\",\"@id\":\"https:\\\/\\\/cottonedshop.com\\\/#organization\",\"name\":\"Cottoned\",\"url\":\"https:\\\/\\\/cottonedshop.com\\\/\",\"logo\":{\"@type\":\"ImageObject\",\"inLanguage\":\"fr-FR\",\"@id\":\"https:\\\/\\\/cottonedshop.com\\\/#\\\/schema\\\/logo\\\/image\\\/\",\"url\":\"https:\\\/\\\/cottonedshop.com\\\/wp-content\\\/uploads\\\/2021\\\/02\\\/cottoned-logo-large.png\",\"contentUrl\":\"https:\\\/\\\/cottonedshop.com\\\/wp-content\\\/uploads\\\/2021\\\/02\\\/cottoned-logo-large.png\",\"width\":1548,\"height\":1548,\"caption\":\"Cottoned\"},\"image\":{\"@id\":\"https:\\\/\\\/cottonedshop.com\\\/#\\\/schema\\\/logo\\\/image\\\/\"}}]}<\/script>\n<!-- \/ Yoast SEO plugin. -->","yoast_head_json":{"title":"Gift Card | Perfect for Any Occasion","description":"Treat loved ones to the perfect gift with our gift card. Ideal for birthdays, anniversaries, and more. Let them choose their favorite home d\u00e9cor!","robots":{"index":"index","follow":"follow","max-snippet":"max-snippet:-1","max-image-preview":"max-image-preview:large","max-video-preview":"max-video-preview:-1"},"canonical":"https:\/\/cottonedshop.com\/fr\/boutique\/carte-cadeau\/","og_locale":"fr_FR","og_type":"article","og_title":"Gift Card | Perfect for Any Occasion","og_description":"Treat loved ones to the perfect gift with our gift card. Ideal for birthdays, anniversaries, and more. Let them choose their favorite home d\u00e9cor!","og_url":"https:\/\/cottonedshop.com\/fr\/boutique\/carte-cadeau\/","og_site_name":"Cottoned Shop","article_modified_time":"2026-04-15T22:50:34+00:00","og_image":[{"width":1300,"height":1037,"url":"https:\/\/cottonedshop.com\/wp-content\/uploads\/2021\/05\/Cottoned-gift-card-gift-voucher.jpg","type":"image\/jpeg"}],"twitter_card":"summary_large_image","twitter_misc":{"Dur\u00e9e de lecture estim\u00e9e":"1 minute"},"schema":{"@context":"https:\/\/schema.org","@graph":[{"@type":"WebPage","@id":"https:\/\/cottonedshop.com\/shop\/gift-card\/","url":"https:\/\/cottonedshop.com\/shop\/gift-card\/","name":"Gift Card | Perfect for Any Occasion","isPartOf":{"@id":"https:\/\/cottonedshop.com\/#website"},"primaryImageOfPage":{"@id":"https:\/\/cottonedshop.com\/shop\/gift-card\/#primaryimage"},"image":{"@id":"https:\/\/cottonedshop.com\/shop\/gift-card\/#primaryimage"},"thumbnailUrl":"https:\/\/cottonedshop.com\/wp-content\/uploads\/2021\/05\/Cottoned-gift-card-gift-voucher.jpg","datePublished":"2021-05-15T08:50:00+00:00","dateModified":"2026-04-15T22:50:34+00:00","description":"Treat loved ones to the perfect gift with our gift card. Ideal for birthdays, anniversaries, and more. Let them choose their favorite home d\u00e9cor!","breadcrumb":{"@id":"https:\/\/cottonedshop.com\/shop\/gift-card\/#breadcrumb"},"inLanguage":"fr-FR","potentialAction":[{"@type":"ReadAction","target":["https:\/\/cottonedshop.com\/shop\/gift-card\/"]}]},{"@type":"ImageObject","inLanguage":"fr-FR","@id":"https:\/\/cottonedshop.com\/shop\/gift-card\/#primaryimage","url":"https:\/\/cottonedshop.com\/wp-content\/uploads\/2021\/05\/Cottoned-gift-card-gift-voucher.jpg","contentUrl":"https:\/\/cottonedshop.com\/wp-content\/uploads\/2021\/05\/Cottoned-gift-card-gift-voucher.jpg","width":1300,"height":1037,"caption":"Cottoned gift card, gift voucher"},{"@type":"BreadcrumbList","@id":"https:\/\/cottonedshop.com\/shop\/gift-card\/#breadcrumb","itemListElement":[{"@type":"ListItem","position":1,"name":"Home","item":"https:\/\/cottonedshop.com\/"},{"@type":"ListItem","position":2,"name":"Shop","item":"https:\/\/cottonedshop.com\/shop\/"},{"@type":"ListItem","position":3,"name":"Gift Card \/ Gift Voucher for Cottoned Shop"}]},{"@type":"WebSite","@id":"https:\/\/cottonedshop.com\/#website","url":"https:\/\/cottonedshop.com\/","name":"Boutique en coton","description":"","publisher":{"@id":"https:\/\/cottonedshop.com\/#organization"},"potentialAction":[{"@type":"SearchAction","target":{"@type":"EntryPoint","urlTemplate":"https:\/\/cottonedshop.com\/?s={search_term_string}"},"query-input":{"@type":"PropertyValueSpecification","valueRequired":true,"valueName":"search_term_string"}}],"inLanguage":"fr-FR"},{"@type":"Organization","@id":"https:\/\/cottonedshop.com\/#organization","name":"Coton\u00e9","url":"https:\/\/cottonedshop.com\/","logo":{"@type":"ImageObject","inLanguage":"fr-FR","@id":"https:\/\/cottonedshop.com\/#\/schema\/logo\/image\/","url":"https:\/\/cottonedshop.com\/wp-content\/uploads\/2021\/02\/cottoned-logo-large.png","contentUrl":"https:\/\/cottonedshop.com\/wp-content\/uploads\/2021\/02\/cottoned-logo-large.png","width":1548,"height":1548,"caption":"Cottoned"},"image":{"@id":"https:\/\/cottonedshop.com\/#\/schema\/logo\/image\/"}}]}},"_links":{"self":[{"href":"https:\/\/cottonedshop.com\/fr\/wp-json\/wp\/v2\/product\/5581","targetHints":{"allow":["GET"]}}],"collection":[{"href":"https:\/\/cottonedshop.com\/fr\/wp-json\/wp\/v2\/product"}],"about":[{"href":"https:\/\/cottonedshop.com\/fr\/wp-json\/wp\/v2\/types\/product"}],"replies":[{"embeddable":true,"href":"https:\/\/cottonedshop.com\/fr\/wp-json\/wp\/v2\/comments?post=5581"}],"wp:featuredmedia":[{"embeddable":true,"href":"https:\/\/cottonedshop.com\/fr\/wp-json\/wp\/v2\/media\/5590"}],"wp:attachment":[{"href":"https:\/\/cottonedshop.com\/fr\/wp-json\/wp\/v2\/media?parent=5581"}],"wp:term":[{"taxonomy":"product_brand","embeddable":true,"href":"https:\/\/cottonedshop.com\/fr\/wp-json\/wp\/v2\/product_brand?post=5581"},{"taxonomy":"product_cat","embeddable":true,"href":"https:\/\/cottonedshop.com\/fr\/wp-json\/wp\/v2\/product_cat?post=5581"},{"taxonomy":"product_tag","embeddable":true,"href":"https:\/\/cottonedshop.com\/fr\/wp-json\/wp\/v2\/product_tag?post=5581"}],"curies":[{"name":"wp","href":"https:\/\/api.w.org\/{rel}","templated":true}]}}