{"id":485,"date":"2018-04-11T13:42:45","date_gmt":"2018-04-11T13:42:45","guid":{"rendered":"https:\/\/cottonedshop.com\/?post_type=product&#038;p=485"},"modified":"2026-04-16T12:07:06","modified_gmt":"2026-04-16T09:07:06","slug":"remplissage-en-coton","status":"publish","type":"product","link":"https:\/\/cottonedshop.com\/fr\/shop\/cotton-filling\/","title":{"rendered":"100% Rembourrage en coton biologique | Certifi\u00e9 GOTS"},"content":{"rendered":"<div class=\"wpb-content-wrapper\"><div  class=\"sec_row container\"><div class=\"vc_row wpb_row vc_row-fluid\"><div class=\"wpb_column vc_column_container vc_col-sm-12 et-dark-column\"><div class=\"vc_column-inner\"><div class=\"wpb_wrapper\">\n\t<div class=\"wpb_text_column wpb_content_element\" >\n\t\t<div class=\"wpb_wrapper\">\n\t\t\t<p style=\"text-align: left;\">Cultiv\u00e9 en Turquie.<\/p>\n<p style=\"text-align: left;\">Le coton est une fibre naturelle :<\/p>\n<ul style=\"text-align: left;\">\n<li>Durabilit\u00e9 environnementale<\/li>\n<li>Naturellement hypoallerg\u00e9nique<\/li>\n<li>Biod\u00e9gradable<\/li>\n<li>Respirant<\/li>\n<\/ul>\n<p style=\"text-align: left;\"><strong>CARE<\/strong><br \/>\n\u00c9viter le lavage. Le lavage du coton a pour effet de coller les fibres entre elles, de former des touffes et de n\u00e9cessiter un cardage. Si vous devez le laver, utilisez de l'eau ti\u00e8de et un d\u00e9tergent doux.<\/p>\n<p style=\"text-align: left;\"><strong>IMPORTANT<\/strong><br \/>\nContient quelques particules v\u00e9g\u00e9tales car les fibres n'ont pas \u00e9t\u00e9 blanchies.<\/p>\n\n\t\t<\/div>\n\t<\/div>\n\n\t<div class=\"wpb_raw_code wpb_raw_html wpb_content_element\" >\n\t\t<div class=\"wpb_wrapper\">\n\t\t\t<div class=\"klaviyo-form-SVRq2G\"><\/div>\n\t\t<\/div>\n\t<\/div>\n<\/div><\/div><\/div><\/div><\/div>\n<\/div>","protected":false},"excerpt":{"rendered":"<p>100% Coton biologique, non blanchi, sans chlore \/ Certifi\u00e9 GOTS<\/p>\n<p>Nous choisissons soigneusement notre coton, qui est aussi pur que possible, sans produits chimiques, teintures, polym\u00e8res ou toxines. Il devrait convenir aux personnes souffrant de sensibilit\u00e9 chimique multiple (MCS) ou d'allergies.<\/p>\n<p>Parfait pour rembourrer les oreillers, les coussins, les matelas, les poup\u00e9es, etc.<\/p>\n<p>Temps de pr\u00e9paration : 1-3 jours<br \/>\nD\u00e9lai d'exp\u00e9dition : 1-4 semaines<br \/>\nEnvoyez-nous un message pour demander un envoi express.<\/p>","protected":false},"featured_media":808,"comment_status":"open","ping_status":"closed","template":"","meta":[],"product_brand":[],"product_cat":[33],"product_tag":[237,233,234,236,235],"class_list":{"0":"post-485","1":"product","2":"type-product","3":"status-publish","4":"has-post-thumbnail","6":"product_cat-craft-supplies","7":"product_tag-all-natural-cotton","8":"product_tag-cotton-filling","9":"product_tag-cotton-stuffing","10":"product_tag-natural-cotton","11":"product_tag-organic-cotton","13":"first","14":"instock","15":"shipping-taxable","16":"purchasable","17":"product-type-variable"},"yoast_head":"<!-- This site is optimized with the Yoast SEO plugin v27.4 - https:\/\/yoast.com\/product\/yoast-seo-wordpress\/ -->\n<title>100% Organic Cotton Filling | GOTS Certified | Non-Toxic<\/title>\n<meta name=\"description\" content=\"Discover 100% organic cotton filling, GOTS certified for a non-toxic, sustainable home. Perfect for decor items, bedding, or toys.&quot;\" \/>\n<meta name=\"robots\" content=\"index, follow, max-snippet:-1, max-image-preview:large, max-video-preview:-1\" \/>\n<link rel=\"canonical\" href=\"https:\/\/cottonedshop.com\/fr\/boutique\/remplissage-en-coton\/\" \/>\n<meta property=\"og:locale\" content=\"fr_FR\" \/>\n<meta property=\"og:type\" content=\"article\" \/>\n<meta property=\"og:title\" content=\"100% Organic Cotton Filling | GOTS Certified | Non-Toxic\" \/>\n<meta property=\"og:description\" content=\"Discover 100% organic cotton filling, GOTS certified for a non-toxic, sustainable home. Perfect for decor items, bedding, or toys.&quot;\" \/>\n<meta property=\"og:url\" content=\"https:\/\/cottonedshop.com\/fr\/boutique\/remplissage-en-coton\/\" \/>\n<meta property=\"og:site_name\" content=\"Cottoned Shop\" \/>\n<meta property=\"article:modified_time\" content=\"2026-04-16T09:07:06+00:00\" \/>\n<meta property=\"og:image\" content=\"https:\/\/cottonedshop.com\/wp-content\/uploads\/2018\/04\/Cottoned-GOTS-certified-cotton-filling.jpg\" \/>\n\t<meta property=\"og:image:width\" content=\"1300\" \/>\n\t<meta property=\"og:image:height\" content=\"1040\" \/>\n\t<meta property=\"og:image:type\" content=\"image\/jpeg\" \/>\n<meta name=\"twitter:card\" content=\"summary_large_image\" \/>\n<meta name=\"twitter:label1\" content=\"Dur\u00e9e de lecture estim\u00e9e\" \/>\n\t<meta name=\"twitter:data1\" content=\"1 minute\" \/>\n<script type=\"application\/ld+json\" class=\"yoast-schema-graph\">{\"@context\":\"https:\\\/\\\/schema.org\",\"@graph\":[{\"@type\":\"WebPage\",\"@id\":\"https:\\\/\\\/cottonedshop.com\\\/shop\\\/cotton-filling\\\/\",\"url\":\"https:\\\/\\\/cottonedshop.com\\\/shop\\\/cotton-filling\\\/\",\"name\":\"100% Organic Cotton Filling | GOTS Certified | Non-Toxic\",\"isPartOf\":{\"@id\":\"https:\\\/\\\/cottonedshop.com\\\/#website\"},\"primaryImageOfPage\":{\"@id\":\"https:\\\/\\\/cottonedshop.com\\\/shop\\\/cotton-filling\\\/#primaryimage\"},\"image\":{\"@id\":\"https:\\\/\\\/cottonedshop.com\\\/shop\\\/cotton-filling\\\/#primaryimage\"},\"thumbnailUrl\":\"https:\\\/\\\/cottonedshop.com\\\/wp-content\\\/uploads\\\/2018\\\/04\\\/Cottoned-GOTS-certified-cotton-filling.jpg\",\"datePublished\":\"2018-04-11T13:42:45+00:00\",\"dateModified\":\"2026-04-16T09:07:06+00:00\",\"description\":\"Discover 100% organic cotton filling, GOTS certified for a non-toxic, sustainable home. Perfect for decor items, bedding, or toys.\\\"\",\"breadcrumb\":{\"@id\":\"https:\\\/\\\/cottonedshop.com\\\/shop\\\/cotton-filling\\\/#breadcrumb\"},\"inLanguage\":\"fr-FR\",\"potentialAction\":[{\"@type\":\"ReadAction\",\"target\":[\"https:\\\/\\\/cottonedshop.com\\\/shop\\\/cotton-filling\\\/\"]}]},{\"@type\":\"ImageObject\",\"inLanguage\":\"fr-FR\",\"@id\":\"https:\\\/\\\/cottonedshop.com\\\/shop\\\/cotton-filling\\\/#primaryimage\",\"url\":\"https:\\\/\\\/cottonedshop.com\\\/wp-content\\\/uploads\\\/2018\\\/04\\\/Cottoned-GOTS-certified-cotton-filling.jpg\",\"contentUrl\":\"https:\\\/\\\/cottonedshop.com\\\/wp-content\\\/uploads\\\/2018\\\/04\\\/Cottoned-GOTS-certified-cotton-filling.jpg\",\"width\":1300,\"height\":1040,\"caption\":\"Cottoned GOTS certified cotton filling\"},{\"@type\":\"BreadcrumbList\",\"@id\":\"https:\\\/\\\/cottonedshop.com\\\/shop\\\/cotton-filling\\\/#breadcrumb\",\"itemListElement\":[{\"@type\":\"ListItem\",\"position\":1,\"name\":\"Home\",\"item\":\"https:\\\/\\\/cottonedshop.com\\\/\"},{\"@type\":\"ListItem\",\"position\":2,\"name\":\"Shop\",\"item\":\"https:\\\/\\\/cottonedshop.com\\\/shop\\\/\"},{\"@type\":\"ListItem\",\"position\":3,\"name\":\"100% Organic Cotton Filling | GOTS Certified\"}]},{\"@type\":\"WebSite\",\"@id\":\"https:\\\/\\\/cottonedshop.com\\\/#website\",\"url\":\"https:\\\/\\\/cottonedshop.com\\\/\",\"name\":\"Cottoned Shop\",\"description\":\"\",\"publisher\":{\"@id\":\"https:\\\/\\\/cottonedshop.com\\\/#organization\"},\"potentialAction\":[{\"@type\":\"SearchAction\",\"target\":{\"@type\":\"EntryPoint\",\"urlTemplate\":\"https:\\\/\\\/cottonedshop.com\\\/?s={search_term_string}\"},\"query-input\":{\"@type\":\"PropertyValueSpecification\",\"valueRequired\":true,\"valueName\":\"search_term_string\"}}],\"inLanguage\":\"fr-FR\"},{\"@type\":\"Organization\",\"@id\":\"https:\\\/\\\/cottonedshop.com\\\/#organization\",\"name\":\"Cottoned\",\"url\":\"https:\\\/\\\/cottonedshop.com\\\/\",\"logo\":{\"@type\":\"ImageObject\",\"inLanguage\":\"fr-FR\",\"@id\":\"https:\\\/\\\/cottonedshop.com\\\/#\\\/schema\\\/logo\\\/image\\\/\",\"url\":\"https:\\\/\\\/cottonedshop.com\\\/wp-content\\\/uploads\\\/2021\\\/02\\\/cottoned-logo-large.png\",\"contentUrl\":\"https:\\\/\\\/cottonedshop.com\\\/wp-content\\\/uploads\\\/2021\\\/02\\\/cottoned-logo-large.png\",\"width\":1548,\"height\":1548,\"caption\":\"Cottoned\"},\"image\":{\"@id\":\"https:\\\/\\\/cottonedshop.com\\\/#\\\/schema\\\/logo\\\/image\\\/\"}}]}<\/script>\n<!-- \/ Yoast SEO plugin. -->","yoast_head_json":{"title":"100% Organic Cotton Filling | GOTS Certified | Non-Toxic","description":"Discover 100% organic cotton filling, GOTS certified for a non-toxic, sustainable home. Perfect for decor items, bedding, or toys.\"","robots":{"index":"index","follow":"follow","max-snippet":"max-snippet:-1","max-image-preview":"max-image-preview:large","max-video-preview":"max-video-preview:-1"},"canonical":"https:\/\/cottonedshop.com\/fr\/boutique\/remplissage-en-coton\/","og_locale":"fr_FR","og_type":"article","og_title":"100% Organic Cotton Filling | GOTS Certified | Non-Toxic","og_description":"Discover 100% organic cotton filling, GOTS certified for a non-toxic, sustainable home. Perfect for decor items, bedding, or toys.\"","og_url":"https:\/\/cottonedshop.com\/fr\/boutique\/remplissage-en-coton\/","og_site_name":"Cottoned Shop","article_modified_time":"2026-04-16T09:07:06+00:00","og_image":[{"width":1300,"height":1040,"url":"https:\/\/cottonedshop.com\/wp-content\/uploads\/2018\/04\/Cottoned-GOTS-certified-cotton-filling.jpg","type":"image\/jpeg"}],"twitter_card":"summary_large_image","twitter_misc":{"Dur\u00e9e de lecture estim\u00e9e":"1 minute"},"schema":{"@context":"https:\/\/schema.org","@graph":[{"@type":"WebPage","@id":"https:\/\/cottonedshop.com\/shop\/cotton-filling\/","url":"https:\/\/cottonedshop.com\/shop\/cotton-filling\/","name":"100% Organic Cotton Filling | GOTS Certified | Non-Toxic","isPartOf":{"@id":"https:\/\/cottonedshop.com\/#website"},"primaryImageOfPage":{"@id":"https:\/\/cottonedshop.com\/shop\/cotton-filling\/#primaryimage"},"image":{"@id":"https:\/\/cottonedshop.com\/shop\/cotton-filling\/#primaryimage"},"thumbnailUrl":"https:\/\/cottonedshop.com\/wp-content\/uploads\/2018\/04\/Cottoned-GOTS-certified-cotton-filling.jpg","datePublished":"2018-04-11T13:42:45+00:00","dateModified":"2026-04-16T09:07:06+00:00","description":"Discover 100% organic cotton filling, GOTS certified for a non-toxic, sustainable home. Perfect for decor items, bedding, or toys.\"","breadcrumb":{"@id":"https:\/\/cottonedshop.com\/shop\/cotton-filling\/#breadcrumb"},"inLanguage":"fr-FR","potentialAction":[{"@type":"ReadAction","target":["https:\/\/cottonedshop.com\/shop\/cotton-filling\/"]}]},{"@type":"ImageObject","inLanguage":"fr-FR","@id":"https:\/\/cottonedshop.com\/shop\/cotton-filling\/#primaryimage","url":"https:\/\/cottonedshop.com\/wp-content\/uploads\/2018\/04\/Cottoned-GOTS-certified-cotton-filling.jpg","contentUrl":"https:\/\/cottonedshop.com\/wp-content\/uploads\/2018\/04\/Cottoned-GOTS-certified-cotton-filling.jpg","width":1300,"height":1040,"caption":"Cottoned GOTS certified cotton filling"},{"@type":"BreadcrumbList","@id":"https:\/\/cottonedshop.com\/shop\/cotton-filling\/#breadcrumb","itemListElement":[{"@type":"ListItem","position":1,"name":"Home","item":"https:\/\/cottonedshop.com\/"},{"@type":"ListItem","position":2,"name":"Shop","item":"https:\/\/cottonedshop.com\/shop\/"},{"@type":"ListItem","position":3,"name":"100% Organic Cotton Filling | GOTS Certified"}]},{"@type":"WebSite","@id":"https:\/\/cottonedshop.com\/#website","url":"https:\/\/cottonedshop.com\/","name":"Boutique en coton","description":"","publisher":{"@id":"https:\/\/cottonedshop.com\/#organization"},"potentialAction":[{"@type":"SearchAction","target":{"@type":"EntryPoint","urlTemplate":"https:\/\/cottonedshop.com\/?s={search_term_string}"},"query-input":{"@type":"PropertyValueSpecification","valueRequired":true,"valueName":"search_term_string"}}],"inLanguage":"fr-FR"},{"@type":"Organization","@id":"https:\/\/cottonedshop.com\/#organization","name":"Coton\u00e9","url":"https:\/\/cottonedshop.com\/","logo":{"@type":"ImageObject","inLanguage":"fr-FR","@id":"https:\/\/cottonedshop.com\/#\/schema\/logo\/image\/","url":"https:\/\/cottonedshop.com\/wp-content\/uploads\/2021\/02\/cottoned-logo-large.png","contentUrl":"https:\/\/cottonedshop.com\/wp-content\/uploads\/2021\/02\/cottoned-logo-large.png","width":1548,"height":1548,"caption":"Cottoned"},"image":{"@id":"https:\/\/cottonedshop.com\/#\/schema\/logo\/image\/"}}]}},"_links":{"self":[{"href":"https:\/\/cottonedshop.com\/fr\/wp-json\/wp\/v2\/product\/485","targetHints":{"allow":["GET"]}}],"collection":[{"href":"https:\/\/cottonedshop.com\/fr\/wp-json\/wp\/v2\/product"}],"about":[{"href":"https:\/\/cottonedshop.com\/fr\/wp-json\/wp\/v2\/types\/product"}],"replies":[{"embeddable":true,"href":"https:\/\/cottonedshop.com\/fr\/wp-json\/wp\/v2\/comments?post=485"}],"wp:featuredmedia":[{"embeddable":true,"href":"https:\/\/cottonedshop.com\/fr\/wp-json\/wp\/v2\/media\/808"}],"wp:attachment":[{"href":"https:\/\/cottonedshop.com\/fr\/wp-json\/wp\/v2\/media?parent=485"}],"wp:term":[{"taxonomy":"product_brand","embeddable":true,"href":"https:\/\/cottonedshop.com\/fr\/wp-json\/wp\/v2\/product_brand?post=485"},{"taxonomy":"product_cat","embeddable":true,"href":"https:\/\/cottonedshop.com\/fr\/wp-json\/wp\/v2\/product_cat?post=485"},{"taxonomy":"product_tag","embeddable":true,"href":"https:\/\/cottonedshop.com\/fr\/wp-json\/wp\/v2\/product_tag?post=485"}],"curies":[{"name":"wp","href":"https:\/\/api.w.org\/{rel}","templated":true}]}}