{"id":410,"date":"2018-04-11T11:38:39","date_gmt":"2018-04-11T09:38:39","guid":{"rendered":"https:\/\/cottonedshop.com\/?post_type=product&#038;p=410"},"modified":"2026-03-04T11:29:35","modified_gmt":"2026-03-04T09:29:35","slug":"triangular-bean-bag","status":"publish","type":"product","link":"https:\/\/cottonedshop.com\/fr\/shop\/triangular-bean-bag\/","title":{"rendered":"Fauteuil sac \u00e0 haricots en coton bio personnalis\u00e9 avec housse lavable"},"content":{"rendered":"<div class=\"wpb-content-wrapper\"><div  class=\"sec_row container\"><div class=\"vc_row wpb_row vc_row-fluid\"><div class=\"wpb_column vc_column_container vc_col-sm-12 et-dark-column\"><div class=\"vc_column-inner\"><div class=\"wpb_wrapper\">\n\t<div class=\"wpb_text_column wpb_content_element\" >\n\t\t<div class=\"wpb_wrapper\">\n\t\t\t<p style=\"text-align: left;\"><strong>(A) SMALL<\/strong><br \/>\nFront width: 28&#8243; (70 cm)<br \/>\nHeight: 35&#8243; (90 cm)<br \/>\nLength: 51&#8243; (130 cm)<br \/>\nFILLING: 24.4 lbs (11 kg) of <a href=\"https:\/\/cottonedshop.com\/product\/cotton-filling\/\">100% Coton biologique certifi\u00e9 GOTS<\/a><\/p>\n<p style=\"text-align: left;\"><strong>(B) LARGE<\/strong><br \/>\nFront width: 31&#8243; (80 cm)<br \/>\nHeight: 43&#8243; (110 cm)<br \/>\nLength: 59&#8243; (150 cm)<br \/>\nFILLING: 32.7 lbs (15 kg) of <a href=\"https:\/\/cottonedshop.com\/product\/cotton-filling\/\">100% Coton biologique certifi\u00e9 GOTS<\/a><\/p>\n<p style=\"text-align: left;\"><strong>CARACT\u00c9RISTIQUES :<\/strong><\/p>\n<ul>\n<li>Housse amovible et lavable.<\/li>\n<li>Insert en tissu de coton biologique 100%.<\/li>\n<li>La fermeture \u00e0 glissi\u00e8re permet d'ajuster, d'ajouter ou de retirer la garniture si n\u00e9cessaire.<\/li>\n<\/ul>\n<p style=\"text-align: left;\"><strong>INSTRUCTIONS D'ENTRETIEN<\/strong><\/p>\n<p style=\"text-align: left;\">La housse amovible est lavable en machine \u00e0 cycle d\u00e9licat avec un d\u00e9tergent doux. Fermer la fermeture \u00e9clair pour le lavage.<\/p>\n<p style=\"text-align: left;\"><strong>IMPORTANT<\/strong><\/p>\n<p style=\"text-align: left;\">* This listing is for one bean bag chair only.<br \/>\n* Les articles en coton sont sujets \u00e0 un certain degr\u00e9 de compression.<br \/>\n* Article fait \u00e0 la main, un petit \u00e9cart dans les dimensions est possible.<\/p>\n<div aria-hidden=\"false\"><\/div>\n\n\t\t<\/div>\n\t<\/div>\n\n\t<div class=\"wpb_raw_code wpb_raw_html wpb_content_element\" >\n\t\t<div class=\"wpb_wrapper\">\n\t\t\t<div class=\"klaviyo-form-SVRq2G\"><\/div>\n\t\t<\/div>\n\t<\/div>\n<\/div><\/div><\/div><\/div><\/div>\n<\/div>","protected":false},"excerpt":{"rendered":"<p style=\"text-align: left;\"><strong>Poufs<\/strong> and <strong>bean bags<\/strong> can add an element of comfort and coziness to any home, and especially to a home with kids in it.<\/p>\n<p style=\"text-align: left;\">Crafted from <strong>high-quality, durable materials<\/strong> and <strong>the purest cotton filling<\/strong>, they are\u00a0<strong>hypoallergenic, extremely breathable, eco-friendly<\/strong>, and <strong>toxic-free<\/strong>.<\/p>\n<p style=\"text-align: left;\">Choose from a <strong>wide variety of fabrics, colors<\/strong>, <strong>sizes, shapes<\/strong>, and finishes to create the pouf that complements your home design and reflects your unique taste.<\/p>\n<ul>\n<li style=\"text-align: left;\">100% <strong>organic cotton<\/strong> filling inside.<\/li>\n<li style=\"text-align: left;\"><strong>Made-to-order<\/strong> to fit your preferences.<\/li>\n<li style=\"text-align: left;\"><strong>Natural alternative<\/strong> to foam and synthetics.<\/li>\n<li style=\"text-align: left;\"><strong>Limit<\/strong> exposure to <strong>dangerous VOCs<\/strong> in your home.<\/li>\n<li style=\"text-align: left;\"><strong>Removable cover<\/strong> for easy maintenance.<\/li>\n<li style=\"text-align: left;\">All <strong>taxes<\/strong> and <strong>duties<\/strong> are <strong>included<\/strong>.<\/li>\n<\/ul>\n<p style=\"text-align: left;\">[et_button title=\"REQUEST CUSTOMIZATION\" style=\"solid rounded\" color=\"custom\" align=\"center\" color_custom=\"#3bd4ae\" text_color_custom=\"#ffffff\" link=\"url:https%3A%2F%2Fcottonedshop.com%2Fcontact%2F\"]<\/p>\n","protected":false},"featured_media":10058,"comment_status":"open","ping_status":"closed","template":"","meta":[],"product_brand":[],"product_cat":[401],"product_tag":[263,264,265,266,267,268,269],"class_list":{"0":"post-410","1":"product","2":"type-product","3":"status-publish","4":"has-post-thumbnail","6":"product_cat-throw-pillows","7":"product_tag-adult-bean-bag","8":"product_tag-adult-lounger-pouf","9":"product_tag-bean-bag-chair","10":"product_tag-kids-room-chair","11":"product_tag-natural-pouf","12":"product_tag-organic-bean-bag","13":"product_tag-teen-bean-bag","15":"first","16":"instock","17":"shipping-taxable","18":"purchasable","19":"product-type-variable"},"yoast_head":"<!-- This site is optimized with the Yoast SEO plugin v27.3 - https:\/\/yoast.com\/product\/yoast-seo-wordpress\/ -->\n<title>Custom Organic Cotton Bean Bag Chair with Washable Cover | Cottoned Shop<\/title>\n<meta name=\"description\" content=\"Handmade bean bag chair for adults and children filled with 100% organic cotton. Custom sizes and shapes are available on request.\" \/>\n<meta name=\"robots\" content=\"index, follow, max-snippet:-1, max-image-preview:large, max-video-preview:-1\" \/>\n<link rel=\"canonical\" href=\"https:\/\/cottonedshop.com\/fr\/boutique\/triangular-bean-bag\/\" \/>\n<meta property=\"og:locale\" content=\"fr_FR\" \/>\n<meta property=\"og:type\" content=\"article\" \/>\n<meta property=\"og:title\" content=\"Custom Organic Cotton Bean Bag Chair with Washable Cover | Cottoned Shop\" \/>\n<meta property=\"og:description\" content=\"Handmade bean bag chair for adults and children filled with 100% organic cotton. Custom sizes and shapes are available on request.\" \/>\n<meta property=\"og:url\" content=\"https:\/\/cottonedshop.com\/fr\/boutique\/triangular-bean-bag\/\" \/>\n<meta property=\"og:site_name\" content=\"Cottoned Shop\" \/>\n<meta property=\"article:modified_time\" content=\"2026-03-04T09:29:35+00:00\" \/>\n<meta property=\"og:image\" content=\"https:\/\/cottonedshop.com\/wp-content\/uploads\/2018\/04\/Cottoned-bean-bag-chair-with-organic-cotton-filling.jpg\" \/>\n\t<meta property=\"og:image:width\" content=\"1300\" \/>\n\t<meta property=\"og:image:height\" content=\"1040\" \/>\n\t<meta property=\"og:image:type\" content=\"image\/jpeg\" \/>\n<meta name=\"twitter:card\" content=\"summary_large_image\" \/>\n<meta name=\"twitter:label1\" content=\"Dur\u00e9e de lecture estim\u00e9e\" \/>\n\t<meta name=\"twitter:data1\" content=\"1 minute\" \/>\n<script type=\"application\/ld+json\" class=\"yoast-schema-graph\">{\"@context\":\"https:\\\/\\\/schema.org\",\"@graph\":[{\"@type\":\"WebPage\",\"@id\":\"https:\\\/\\\/cottonedshop.com\\\/shop\\\/triangular-bean-bag\\\/\",\"url\":\"https:\\\/\\\/cottonedshop.com\\\/shop\\\/triangular-bean-bag\\\/\",\"name\":\"Custom Organic Cotton Bean Bag Chair with Washable Cover | Cottoned Shop\",\"isPartOf\":{\"@id\":\"https:\\\/\\\/cottonedshop.com\\\/#website\"},\"primaryImageOfPage\":{\"@id\":\"https:\\\/\\\/cottonedshop.com\\\/shop\\\/triangular-bean-bag\\\/#primaryimage\"},\"image\":{\"@id\":\"https:\\\/\\\/cottonedshop.com\\\/shop\\\/triangular-bean-bag\\\/#primaryimage\"},\"thumbnailUrl\":\"https:\\\/\\\/cottonedshop.com\\\/wp-content\\\/uploads\\\/2018\\\/04\\\/Cottoned-bean-bag-chair-with-organic-cotton-filling.jpg\",\"datePublished\":\"2018-04-11T09:38:39+00:00\",\"dateModified\":\"2026-03-04T09:29:35+00:00\",\"description\":\"Handmade bean bag chair for adults and children filled with 100% organic cotton. Custom sizes and shapes are available on request.\",\"breadcrumb\":{\"@id\":\"https:\\\/\\\/cottonedshop.com\\\/shop\\\/triangular-bean-bag\\\/#breadcrumb\"},\"inLanguage\":\"fr-FR\",\"potentialAction\":[{\"@type\":\"ReadAction\",\"target\":[\"https:\\\/\\\/cottonedshop.com\\\/shop\\\/triangular-bean-bag\\\/\"]}]},{\"@type\":\"ImageObject\",\"inLanguage\":\"fr-FR\",\"@id\":\"https:\\\/\\\/cottonedshop.com\\\/shop\\\/triangular-bean-bag\\\/#primaryimage\",\"url\":\"https:\\\/\\\/cottonedshop.com\\\/wp-content\\\/uploads\\\/2018\\\/04\\\/Cottoned-bean-bag-chair-with-organic-cotton-filling.jpg\",\"contentUrl\":\"https:\\\/\\\/cottonedshop.com\\\/wp-content\\\/uploads\\\/2018\\\/04\\\/Cottoned-bean-bag-chair-with-organic-cotton-filling.jpg\",\"width\":1300,\"height\":1040,\"caption\":\"Cottoned bean bag chair with organic cotton filling\"},{\"@type\":\"BreadcrumbList\",\"@id\":\"https:\\\/\\\/cottonedshop.com\\\/shop\\\/triangular-bean-bag\\\/#breadcrumb\",\"itemListElement\":[{\"@type\":\"ListItem\",\"position\":1,\"name\":\"Home\",\"item\":\"https:\\\/\\\/cottonedshop.com\\\/\"},{\"@type\":\"ListItem\",\"position\":2,\"name\":\"Shop\",\"item\":\"https:\\\/\\\/cottonedshop.com\\\/shop\\\/\"},{\"@type\":\"ListItem\",\"position\":3,\"name\":\"Custom Organic Cotton Bean Bag Chair with Washable Cover\"}]},{\"@type\":\"WebSite\",\"@id\":\"https:\\\/\\\/cottonedshop.com\\\/#website\",\"url\":\"https:\\\/\\\/cottonedshop.com\\\/\",\"name\":\"Cottoned Shop\",\"description\":\"\",\"publisher\":{\"@id\":\"https:\\\/\\\/cottonedshop.com\\\/#organization\"},\"potentialAction\":[{\"@type\":\"SearchAction\",\"target\":{\"@type\":\"EntryPoint\",\"urlTemplate\":\"https:\\\/\\\/cottonedshop.com\\\/?s={search_term_string}\"},\"query-input\":{\"@type\":\"PropertyValueSpecification\",\"valueRequired\":true,\"valueName\":\"search_term_string\"}}],\"inLanguage\":\"fr-FR\"},{\"@type\":\"Organization\",\"@id\":\"https:\\\/\\\/cottonedshop.com\\\/#organization\",\"name\":\"Cottoned\",\"url\":\"https:\\\/\\\/cottonedshop.com\\\/\",\"logo\":{\"@type\":\"ImageObject\",\"inLanguage\":\"fr-FR\",\"@id\":\"https:\\\/\\\/cottonedshop.com\\\/#\\\/schema\\\/logo\\\/image\\\/\",\"url\":\"https:\\\/\\\/cottonedshop.com\\\/wp-content\\\/uploads\\\/2021\\\/02\\\/cottoned-logo-large.png\",\"contentUrl\":\"https:\\\/\\\/cottonedshop.com\\\/wp-content\\\/uploads\\\/2021\\\/02\\\/cottoned-logo-large.png\",\"width\":1548,\"height\":1548,\"caption\":\"Cottoned\"},\"image\":{\"@id\":\"https:\\\/\\\/cottonedshop.com\\\/#\\\/schema\\\/logo\\\/image\\\/\"}}]}<\/script>\n<!-- \/ Yoast SEO plugin. -->","yoast_head_json":{"title":"Custom Organic Cotton Bean Bag Chair with Washable Cover | Cottoned Shop","description":"Handmade bean bag chair for adults and children filled with 100% organic cotton. Custom sizes and shapes are available on request.","robots":{"index":"index","follow":"follow","max-snippet":"max-snippet:-1","max-image-preview":"max-image-preview:large","max-video-preview":"max-video-preview:-1"},"canonical":"https:\/\/cottonedshop.com\/fr\/boutique\/triangular-bean-bag\/","og_locale":"fr_FR","og_type":"article","og_title":"Custom Organic Cotton Bean Bag Chair with Washable Cover | Cottoned Shop","og_description":"Handmade bean bag chair for adults and children filled with 100% organic cotton. Custom sizes and shapes are available on request.","og_url":"https:\/\/cottonedshop.com\/fr\/boutique\/triangular-bean-bag\/","og_site_name":"Cottoned Shop","article_modified_time":"2026-03-04T09:29:35+00:00","og_image":[{"width":1300,"height":1040,"url":"https:\/\/cottonedshop.com\/wp-content\/uploads\/2018\/04\/Cottoned-bean-bag-chair-with-organic-cotton-filling.jpg","type":"image\/jpeg"}],"twitter_card":"summary_large_image","twitter_misc":{"Dur\u00e9e de lecture estim\u00e9e":"1 minute"},"schema":{"@context":"https:\/\/schema.org","@graph":[{"@type":"WebPage","@id":"https:\/\/cottonedshop.com\/shop\/triangular-bean-bag\/","url":"https:\/\/cottonedshop.com\/shop\/triangular-bean-bag\/","name":"Custom Organic Cotton Bean Bag Chair with Washable Cover | Cottoned Shop","isPartOf":{"@id":"https:\/\/cottonedshop.com\/#website"},"primaryImageOfPage":{"@id":"https:\/\/cottonedshop.com\/shop\/triangular-bean-bag\/#primaryimage"},"image":{"@id":"https:\/\/cottonedshop.com\/shop\/triangular-bean-bag\/#primaryimage"},"thumbnailUrl":"https:\/\/cottonedshop.com\/wp-content\/uploads\/2018\/04\/Cottoned-bean-bag-chair-with-organic-cotton-filling.jpg","datePublished":"2018-04-11T09:38:39+00:00","dateModified":"2026-03-04T09:29:35+00:00","description":"Handmade bean bag chair for adults and children filled with 100% organic cotton. Custom sizes and shapes are available on request.","breadcrumb":{"@id":"https:\/\/cottonedshop.com\/shop\/triangular-bean-bag\/#breadcrumb"},"inLanguage":"fr-FR","potentialAction":[{"@type":"ReadAction","target":["https:\/\/cottonedshop.com\/shop\/triangular-bean-bag\/"]}]},{"@type":"ImageObject","inLanguage":"fr-FR","@id":"https:\/\/cottonedshop.com\/shop\/triangular-bean-bag\/#primaryimage","url":"https:\/\/cottonedshop.com\/wp-content\/uploads\/2018\/04\/Cottoned-bean-bag-chair-with-organic-cotton-filling.jpg","contentUrl":"https:\/\/cottonedshop.com\/wp-content\/uploads\/2018\/04\/Cottoned-bean-bag-chair-with-organic-cotton-filling.jpg","width":1300,"height":1040,"caption":"Cottoned bean bag chair with organic cotton filling"},{"@type":"BreadcrumbList","@id":"https:\/\/cottonedshop.com\/shop\/triangular-bean-bag\/#breadcrumb","itemListElement":[{"@type":"ListItem","position":1,"name":"Home","item":"https:\/\/cottonedshop.com\/"},{"@type":"ListItem","position":2,"name":"Shop","item":"https:\/\/cottonedshop.com\/shop\/"},{"@type":"ListItem","position":3,"name":"Custom Organic Cotton Bean Bag Chair with Washable Cover"}]},{"@type":"WebSite","@id":"https:\/\/cottonedshop.com\/#website","url":"https:\/\/cottonedshop.com\/","name":"Boutique en coton","description":"","publisher":{"@id":"https:\/\/cottonedshop.com\/#organization"},"potentialAction":[{"@type":"SearchAction","target":{"@type":"EntryPoint","urlTemplate":"https:\/\/cottonedshop.com\/?s={search_term_string}"},"query-input":{"@type":"PropertyValueSpecification","valueRequired":true,"valueName":"search_term_string"}}],"inLanguage":"fr-FR"},{"@type":"Organization","@id":"https:\/\/cottonedshop.com\/#organization","name":"Coton\u00e9","url":"https:\/\/cottonedshop.com\/","logo":{"@type":"ImageObject","inLanguage":"fr-FR","@id":"https:\/\/cottonedshop.com\/#\/schema\/logo\/image\/","url":"https:\/\/cottonedshop.com\/wp-content\/uploads\/2021\/02\/cottoned-logo-large.png","contentUrl":"https:\/\/cottonedshop.com\/wp-content\/uploads\/2021\/02\/cottoned-logo-large.png","width":1548,"height":1548,"caption":"Cottoned"},"image":{"@id":"https:\/\/cottonedshop.com\/#\/schema\/logo\/image\/"}}]}},"_links":{"self":[{"href":"https:\/\/cottonedshop.com\/fr\/wp-json\/wp\/v2\/product\/410","targetHints":{"allow":["GET"]}}],"collection":[{"href":"https:\/\/cottonedshop.com\/fr\/wp-json\/wp\/v2\/product"}],"about":[{"href":"https:\/\/cottonedshop.com\/fr\/wp-json\/wp\/v2\/types\/product"}],"replies":[{"embeddable":true,"href":"https:\/\/cottonedshop.com\/fr\/wp-json\/wp\/v2\/comments?post=410"}],"wp:featuredmedia":[{"embeddable":true,"href":"https:\/\/cottonedshop.com\/fr\/wp-json\/wp\/v2\/media\/10058"}],"wp:attachment":[{"href":"https:\/\/cottonedshop.com\/fr\/wp-json\/wp\/v2\/media?parent=410"}],"wp:term":[{"taxonomy":"product_brand","embeddable":true,"href":"https:\/\/cottonedshop.com\/fr\/wp-json\/wp\/v2\/product_brand?post=410"},{"taxonomy":"product_cat","embeddable":true,"href":"https:\/\/cottonedshop.com\/fr\/wp-json\/wp\/v2\/product_cat?post=410"},{"taxonomy":"product_tag","embeddable":true,"href":"https:\/\/cottonedshop.com\/fr\/wp-json\/wp\/v2\/product_tag?post=410"}],"curies":[{"name":"wp","href":"https:\/\/api.w.org\/{rel}","templated":true}]}}