{"id":2698,"date":"2020-04-30T16:38:32","date_gmt":"2020-04-30T14:38:32","guid":{"rendered":"https:\/\/cottonedshop.com\/?post_type=product&#038;p=2698"},"modified":"2025-04-18T11:19:38","modified_gmt":"2025-04-18T08:19:38","slug":"coussin-de-chaise-non-touffete","status":"publish","type":"product","link":"https:\/\/cottonedshop.com\/fr\/shop\/non-tufted-chair-cushion\/","title":{"rendered":"Coussin de chaise en coton biologique 3\u2033 personnalis\u00e9 avec housse lavable"},"content":{"rendered":"<div class=\"wpb-content-wrapper\"><div  class=\"sec_row container\"><div class=\"vc_row wpb_row vc_row-fluid\"><div class=\"wpb_column vc_column_container vc_col-sm-12 et-dark-column\"><div class=\"vc_column-inner\"><div class=\"wpb_wrapper\">\n\t<div class=\"wpb_text_column wpb_content_element\" >\n\t\t<div class=\"wpb_wrapper\">\n\t\t\t<p style=\"text-align: left;\"><strong>REMPLISSAGE<\/strong>:<a href=\"https:\/\/cottonedshop.com\/shop\/cotton-filling\/\">100% GOTS Certified Cotton<\/a><\/p>\n<p style=\"text-align: left;\"><strong>CARACT\u00c9RISTIQUES :<\/strong><\/p>\n<ul style=\"text-align: left;\">\n<li style=\"text-align: left;\">Zipper on the back.<\/li>\n<li style=\"text-align: left;\">Un kit de r\u00e9paration gratuit est inclus pour chaque article en coton.<\/li>\n<\/ul>\n<p style=\"text-align: left;\"><strong>CONCEPTION<\/strong>: Non-tufted with a tufted insert.<\/p>\n<p style=\"text-align: left;\"><strong>EDGES OPTIONS:<\/strong><\/p>\n<ul style=\"text-align: left;\">\n<li>non-piped edges<\/li>\n<li>mini-piped edges<\/li>\n<\/ul>\n<p style=\"text-align: left;\"><strong>ZIP-OFF COVER FABRIC OPTIONS:<\/strong><\/p>\n<ul style=\"text-align: left;\">\n<li>Max Cotton (100% Cotton), Oeko-Tex Certified<\/li>\n<li>Canal (60% cotton\/40% Polyester), Oeko-Tex Certified<\/li>\n<li>Mimos (50 % Cotton\/50% Polyester), Oeko-Tex Certified<\/li>\n<li>Bella (67% Cotton\/33% Linen), Oeko-Tex Certified<\/li>\n<li>Velvet (65% cotton\/35% Polyester), Oeko-Tex Certified<\/li>\n<li>Water\/Stain repellent fabric (60% Cotton\/40% Polyester)<\/li>\n<\/ul>\n<p style=\"text-align: left;\"><strong>INSERT COVER FABRIC:<\/strong><\/p>\n<p style=\"text-align: left;\">100% Organic Cotton, lightweight, unbleached (GOTS certified)<\/p>\n<p style=\"text-align: left;\"><strong>INSTRUCTIONS D'ENTRETIEN<\/strong><\/p>\n<p style=\"text-align: left;\">1. Au cours des deux premiers mois, retourner et faire pivoter l'enfant une fois par semaine pour le comprimer uniform\u00e9ment.<br \/>\n2. Spot clean the insert only.<br \/>\n3. Removable cover is machine washable at gentle cycle with a mild detergent. Close zipper for washing.<\/p>\n<p style=\"text-align: left;\"><strong>IMPORTANT<\/strong><\/p>\n<p style=\"text-align: left;\">* Cette offre ne concerne qu'un seul coussin.<br \/>\n* Les articles en coton sont sujets \u00e0 un certain degr\u00e9 de compression.<br \/>\n* Article fait \u00e0 la main, un petit \u00e9cart dans les dimensions est possible.<br \/>\n* Tufting goes through the entire item.<\/p>\n<p style=\"text-align: left;\">Thank you for your time!<\/p>\n\n\t\t<\/div>\n\t<\/div>\n\n\t<div class=\"wpb_raw_code wpb_raw_html wpb_content_element\" >\n\t\t<div class=\"wpb_wrapper\">\n\t\t\t<div class=\"klaviyo-form-SVRq2G\"><\/div>\n\t\t<\/div>\n\t<\/div>\n<\/div><\/div><\/div><\/div><\/div>\n<\/div>","protected":false},"excerpt":{"rendered":"<p style=\"text-align: left;\">Faites-vous remarquer avec un coussin de si\u00e8ge qui refl\u00e8te votre individualit\u00e9.\u00a0<strong>Sur mesure<\/strong>\u00a0avec\u00a0<strong>des mat\u00e9riaux durables et de haute qualit\u00e9<\/strong>\u00a0et\u00a0<strong>rembourrage en coton biologique le plus pur<\/strong> \u00e0 l'int\u00e9rieur, nos coussins de chaise sont <strong>hypoallerg\u00e9nique<\/strong>,\u00a0<strong>extr\u00eamement respirant<\/strong>,\u00a0<strong>\u00e9cologique<\/strong>et\u00a0<strong>sans toxicit\u00e9<\/strong>.<\/p>\n<p style=\"text-align: left;\">Choisissez parmi une\u00a0<strong>une grande vari\u00e9t\u00e9 de tissus<\/strong>,\u00a0<strong>couleurs<\/strong>,\u00a0<strong>tailles<\/strong>et <strong>formes <\/strong>pour cr\u00e9er le coussin de chaise dont vous avez besoin.<\/p>\n<ul>\n<li style=\"text-align: left;\">100%\u00a0<strong>coton biologique<\/strong>\u00a0remplissage \u00e0 l'int\u00e9rieur.<\/li>\n<li style=\"text-align: left;\"><strong>Sur commande<\/strong>\u00a0pour s'adapter \u00e0 vos pr\u00e9f\u00e9rences.<\/li>\n<li style=\"text-align: left;\"><strong>Couvercle amovible<\/strong>\u00a0pour faciliter l'entretien.<\/li>\n<li style=\"text-align: left;\"><strong>Alternative naturelle<\/strong>\u00a0aux coussins en mousse.<\/li>\n<li style=\"text-align: left;\"><strong>Limite<\/strong>\u00a0l'exposition \u00e0\u00a0<strong>les COV dangereux<\/strong>\u00a0dans votre maison.<\/li>\n<li style=\"text-align: left;\">Gratuit<strong>\u00a0kit de r\u00e9paration<\/strong>\u00a0inclus.<\/li>\n<li style=\"text-align: left;\">Tous\u00a0<strong>imp\u00f4ts<\/strong>\u00a0et\u00a0<strong>devoirs<\/strong>\u00a0sont\u00a0<strong>inclus<\/strong>.<\/li>\n<\/ul>","protected":false},"featured_media":2714,"comment_status":"open","ping_status":"closed","template":"","meta":[],"product_brand":[],"product_cat":[29],"product_tag":[270,148,271,272,120,273,274,140,141,275,152,276,153,304],"class_list":{"0":"post-2698","1":"product","2":"type-product","3":"status-publish","4":"has-post-thumbnail","6":"product_cat-cushions","7":"product_tag-banquette-cushion","8":"product_tag-bay-window-seat","9":"product_tag-bench-cushion","10":"product_tag-bohemian-couch","11":"product_tag-breakfast-nook","12":"product_tag-custom-bench-cushion","13":"product_tag-entryway-bench","14":"product_tag-french-mattress","15":"product_tag-hand-tufted-cushion","16":"product_tag-indoor-cushion","17":"product_tag-mudroom-seating-pad","18":"product_tag-nook-cushion","19":"product_tag-trapezoid-bay-window","20":"product_tag-velvet-cushion","22":"first","23":"instock","24":"shipping-taxable","25":"product-type-external"},"yoast_head":"<!-- This site is optimized with the Yoast SEO plugin v27.5 - https:\/\/yoast.com\/product\/yoast-seo-wordpress\/ -->\n<title>Custom Organic Cotton 3&quot; Chair Cushion with Washable Cover | Cottoned Shop<\/title>\n<meta name=\"description\" content=\"Handmade chair cushion with washable cover, filled with certified organic cotton. We can make any size or shape on request.\" \/>\n<meta name=\"robots\" content=\"index, follow, max-snippet:-1, max-image-preview:large, max-video-preview:-1\" \/>\n<link rel=\"canonical\" href=\"https:\/\/cottonedshop.com\/fr\/boutique\/coussin-de-chaise-non-touffete\/\" \/>\n<meta property=\"og:locale\" content=\"fr_FR\" \/>\n<meta property=\"og:type\" content=\"article\" \/>\n<meta property=\"og:title\" content=\"Custom Organic Cotton 3&quot; Chair Cushion with Washable Cover | Cottoned Shop\" \/>\n<meta property=\"og:description\" content=\"Handmade chair cushion with washable cover, filled with certified organic cotton. We can make any size or shape on request.\" \/>\n<meta property=\"og:url\" content=\"https:\/\/cottonedshop.com\/fr\/boutique\/coussin-de-chaise-non-touffete\/\" \/>\n<meta property=\"og:site_name\" content=\"Cottoned Shop\" \/>\n<meta property=\"article:modified_time\" content=\"2025-04-18T08:19:38+00:00\" \/>\n<meta property=\"og:image\" content=\"https:\/\/cottonedshop.com\/wp-content\/uploads\/2020\/04\/Cotton-non-tufted-chair-cushion.jpg\" \/>\n\t<meta property=\"og:image:width\" content=\"1300\" \/>\n\t<meta property=\"og:image:height\" content=\"1040\" \/>\n\t<meta property=\"og:image:type\" content=\"image\/jpeg\" \/>\n<meta name=\"twitter:card\" content=\"summary_large_image\" \/>\n<meta name=\"twitter:label1\" content=\"Dur\u00e9e de lecture estim\u00e9e\" \/>\n\t<meta name=\"twitter:data1\" content=\"1 minute\" \/>\n<script type=\"application\/ld+json\" class=\"yoast-schema-graph\">{\"@context\":\"https:\\\/\\\/schema.org\",\"@graph\":[{\"@type\":\"WebPage\",\"@id\":\"https:\\\/\\\/cottonedshop.com\\\/shop\\\/non-tufted-chair-cushion\\\/\",\"url\":\"https:\\\/\\\/cottonedshop.com\\\/shop\\\/non-tufted-chair-cushion\\\/\",\"name\":\"Custom Organic Cotton 3\\\" Chair Cushion with Washable Cover | Cottoned Shop\",\"isPartOf\":{\"@id\":\"https:\\\/\\\/cottonedshop.com\\\/#website\"},\"primaryImageOfPage\":{\"@id\":\"https:\\\/\\\/cottonedshop.com\\\/shop\\\/non-tufted-chair-cushion\\\/#primaryimage\"},\"image\":{\"@id\":\"https:\\\/\\\/cottonedshop.com\\\/shop\\\/non-tufted-chair-cushion\\\/#primaryimage\"},\"thumbnailUrl\":\"https:\\\/\\\/cottonedshop.com\\\/wp-content\\\/uploads\\\/2020\\\/04\\\/Cotton-non-tufted-chair-cushion.jpg\",\"datePublished\":\"2020-04-30T14:38:32+00:00\",\"dateModified\":\"2025-04-18T08:19:38+00:00\",\"description\":\"Handmade chair cushion with washable cover, filled with certified organic cotton. We can make any size or shape on request.\",\"breadcrumb\":{\"@id\":\"https:\\\/\\\/cottonedshop.com\\\/shop\\\/non-tufted-chair-cushion\\\/#breadcrumb\"},\"inLanguage\":\"fr-FR\",\"potentialAction\":[{\"@type\":\"ReadAction\",\"target\":[\"https:\\\/\\\/cottonedshop.com\\\/shop\\\/non-tufted-chair-cushion\\\/\"]}]},{\"@type\":\"ImageObject\",\"inLanguage\":\"fr-FR\",\"@id\":\"https:\\\/\\\/cottonedshop.com\\\/shop\\\/non-tufted-chair-cushion\\\/#primaryimage\",\"url\":\"https:\\\/\\\/cottonedshop.com\\\/wp-content\\\/uploads\\\/2020\\\/04\\\/Cotton-non-tufted-chair-cushion.jpg\",\"contentUrl\":\"https:\\\/\\\/cottonedshop.com\\\/wp-content\\\/uploads\\\/2020\\\/04\\\/Cotton-non-tufted-chair-cushion.jpg\",\"width\":1300,\"height\":1040,\"caption\":\"Cotton non-tufted chair cushion\"},{\"@type\":\"BreadcrumbList\",\"@id\":\"https:\\\/\\\/cottonedshop.com\\\/shop\\\/non-tufted-chair-cushion\\\/#breadcrumb\",\"itemListElement\":[{\"@type\":\"ListItem\",\"position\":1,\"name\":\"Home\",\"item\":\"https:\\\/\\\/cottonedshop.com\\\/\"},{\"@type\":\"ListItem\",\"position\":2,\"name\":\"Shop\",\"item\":\"https:\\\/\\\/cottonedshop.com\\\/shop\\\/\"},{\"@type\":\"ListItem\",\"position\":3,\"name\":\"Custom Organic Cotton 3&#8243; Chair Cushion with Washable Cover\"}]},{\"@type\":\"WebSite\",\"@id\":\"https:\\\/\\\/cottonedshop.com\\\/#website\",\"url\":\"https:\\\/\\\/cottonedshop.com\\\/\",\"name\":\"Cottoned Shop\",\"description\":\"\",\"publisher\":{\"@id\":\"https:\\\/\\\/cottonedshop.com\\\/#organization\"},\"potentialAction\":[{\"@type\":\"SearchAction\",\"target\":{\"@type\":\"EntryPoint\",\"urlTemplate\":\"https:\\\/\\\/cottonedshop.com\\\/?s={search_term_string}\"},\"query-input\":{\"@type\":\"PropertyValueSpecification\",\"valueRequired\":true,\"valueName\":\"search_term_string\"}}],\"inLanguage\":\"fr-FR\"},{\"@type\":\"Organization\",\"@id\":\"https:\\\/\\\/cottonedshop.com\\\/#organization\",\"name\":\"Cottoned\",\"url\":\"https:\\\/\\\/cottonedshop.com\\\/\",\"logo\":{\"@type\":\"ImageObject\",\"inLanguage\":\"fr-FR\",\"@id\":\"https:\\\/\\\/cottonedshop.com\\\/#\\\/schema\\\/logo\\\/image\\\/\",\"url\":\"https:\\\/\\\/cottonedshop.com\\\/wp-content\\\/uploads\\\/2021\\\/02\\\/cottoned-logo-large.png\",\"contentUrl\":\"https:\\\/\\\/cottonedshop.com\\\/wp-content\\\/uploads\\\/2021\\\/02\\\/cottoned-logo-large.png\",\"width\":1548,\"height\":1548,\"caption\":\"Cottoned\"},\"image\":{\"@id\":\"https:\\\/\\\/cottonedshop.com\\\/#\\\/schema\\\/logo\\\/image\\\/\"}}]}<\/script>\n<!-- \/ Yoast SEO plugin. -->","yoast_head_json":{"title":"Custom Organic Cotton 3\" Chair Cushion with Washable Cover | Cottoned Shop","description":"Handmade chair cushion with washable cover, filled with certified organic cotton. We can make any size or shape on request.","robots":{"index":"index","follow":"follow","max-snippet":"max-snippet:-1","max-image-preview":"max-image-preview:large","max-video-preview":"max-video-preview:-1"},"canonical":"https:\/\/cottonedshop.com\/fr\/boutique\/coussin-de-chaise-non-touffete\/","og_locale":"fr_FR","og_type":"article","og_title":"Custom Organic Cotton 3\" Chair Cushion with Washable Cover | Cottoned Shop","og_description":"Handmade chair cushion with washable cover, filled with certified organic cotton. We can make any size or shape on request.","og_url":"https:\/\/cottonedshop.com\/fr\/boutique\/coussin-de-chaise-non-touffete\/","og_site_name":"Cottoned Shop","article_modified_time":"2025-04-18T08:19:38+00:00","og_image":[{"width":1300,"height":1040,"url":"https:\/\/cottonedshop.com\/wp-content\/uploads\/2020\/04\/Cotton-non-tufted-chair-cushion.jpg","type":"image\/jpeg"}],"twitter_card":"summary_large_image","twitter_misc":{"Dur\u00e9e de lecture estim\u00e9e":"1 minute"},"schema":{"@context":"https:\/\/schema.org","@graph":[{"@type":"WebPage","@id":"https:\/\/cottonedshop.com\/shop\/non-tufted-chair-cushion\/","url":"https:\/\/cottonedshop.com\/shop\/non-tufted-chair-cushion\/","name":"Custom Organic Cotton 3\" Chair Cushion with Washable Cover | Cottoned Shop","isPartOf":{"@id":"https:\/\/cottonedshop.com\/#website"},"primaryImageOfPage":{"@id":"https:\/\/cottonedshop.com\/shop\/non-tufted-chair-cushion\/#primaryimage"},"image":{"@id":"https:\/\/cottonedshop.com\/shop\/non-tufted-chair-cushion\/#primaryimage"},"thumbnailUrl":"https:\/\/cottonedshop.com\/wp-content\/uploads\/2020\/04\/Cotton-non-tufted-chair-cushion.jpg","datePublished":"2020-04-30T14:38:32+00:00","dateModified":"2025-04-18T08:19:38+00:00","description":"Handmade chair cushion with washable cover, filled with certified organic cotton. We can make any size or shape on request.","breadcrumb":{"@id":"https:\/\/cottonedshop.com\/shop\/non-tufted-chair-cushion\/#breadcrumb"},"inLanguage":"fr-FR","potentialAction":[{"@type":"ReadAction","target":["https:\/\/cottonedshop.com\/shop\/non-tufted-chair-cushion\/"]}]},{"@type":"ImageObject","inLanguage":"fr-FR","@id":"https:\/\/cottonedshop.com\/shop\/non-tufted-chair-cushion\/#primaryimage","url":"https:\/\/cottonedshop.com\/wp-content\/uploads\/2020\/04\/Cotton-non-tufted-chair-cushion.jpg","contentUrl":"https:\/\/cottonedshop.com\/wp-content\/uploads\/2020\/04\/Cotton-non-tufted-chair-cushion.jpg","width":1300,"height":1040,"caption":"Cotton non-tufted chair cushion"},{"@type":"BreadcrumbList","@id":"https:\/\/cottonedshop.com\/shop\/non-tufted-chair-cushion\/#breadcrumb","itemListElement":[{"@type":"ListItem","position":1,"name":"Home","item":"https:\/\/cottonedshop.com\/"},{"@type":"ListItem","position":2,"name":"Shop","item":"https:\/\/cottonedshop.com\/shop\/"},{"@type":"ListItem","position":3,"name":"Custom Organic Cotton 3&#8243; Chair Cushion with Washable Cover"}]},{"@type":"WebSite","@id":"https:\/\/cottonedshop.com\/#website","url":"https:\/\/cottonedshop.com\/","name":"Boutique en coton","description":"","publisher":{"@id":"https:\/\/cottonedshop.com\/#organization"},"potentialAction":[{"@type":"SearchAction","target":{"@type":"EntryPoint","urlTemplate":"https:\/\/cottonedshop.com\/?s={search_term_string}"},"query-input":{"@type":"PropertyValueSpecification","valueRequired":true,"valueName":"search_term_string"}}],"inLanguage":"fr-FR"},{"@type":"Organization","@id":"https:\/\/cottonedshop.com\/#organization","name":"Coton\u00e9","url":"https:\/\/cottonedshop.com\/","logo":{"@type":"ImageObject","inLanguage":"fr-FR","@id":"https:\/\/cottonedshop.com\/#\/schema\/logo\/image\/","url":"https:\/\/cottonedshop.com\/wp-content\/uploads\/2021\/02\/cottoned-logo-large.png","contentUrl":"https:\/\/cottonedshop.com\/wp-content\/uploads\/2021\/02\/cottoned-logo-large.png","width":1548,"height":1548,"caption":"Cottoned"},"image":{"@id":"https:\/\/cottonedshop.com\/#\/schema\/logo\/image\/"}}]}},"_links":{"self":[{"href":"https:\/\/cottonedshop.com\/fr\/wp-json\/wp\/v2\/product\/2698","targetHints":{"allow":["GET"]}}],"collection":[{"href":"https:\/\/cottonedshop.com\/fr\/wp-json\/wp\/v2\/product"}],"about":[{"href":"https:\/\/cottonedshop.com\/fr\/wp-json\/wp\/v2\/types\/product"}],"replies":[{"embeddable":true,"href":"https:\/\/cottonedshop.com\/fr\/wp-json\/wp\/v2\/comments?post=2698"}],"wp:featuredmedia":[{"embeddable":true,"href":"https:\/\/cottonedshop.com\/fr\/wp-json\/wp\/v2\/media\/2714"}],"wp:attachment":[{"href":"https:\/\/cottonedshop.com\/fr\/wp-json\/wp\/v2\/media?parent=2698"}],"wp:term":[{"taxonomy":"product_brand","embeddable":true,"href":"https:\/\/cottonedshop.com\/fr\/wp-json\/wp\/v2\/product_brand?post=2698"},{"taxonomy":"product_cat","embeddable":true,"href":"https:\/\/cottonedshop.com\/fr\/wp-json\/wp\/v2\/product_cat?post=2698"},{"taxonomy":"product_tag","embeddable":true,"href":"https:\/\/cottonedshop.com\/fr\/wp-json\/wp\/v2\/product_tag?post=2698"}],"curies":[{"name":"wp","href":"https:\/\/api.w.org\/{rel}","templated":true}]}}