{"id":1446,"date":"2019-11-11T12:14:57","date_gmt":"2019-11-11T10:14:57","guid":{"rendered":"https:\/\/cottonedshop.com\/?post_type=product&#038;p=1446"},"modified":"2024-06-27T13:02:11","modified_gmt":"2024-06-27T10:02:11","slug":"coussin-rond","status":"publish","type":"product","link":"https:\/\/cottonedshop.com\/fr\/shop\/round-cushion\/","title":{"rendered":"Coussin rond touffet\u00e9 en coton biologique 3\u2033 sur mesure"},"content":{"rendered":"<div class=\"wpb-content-wrapper\"><div  class=\"sec_row container\"><div class=\"vc_row wpb_row vc_row-fluid\"><div class=\"wpb_column vc_column_container vc_col-sm-12 et-dark-column\"><div class=\"vc_column-inner\"><div class=\"wpb_wrapper\">\n\t<div class=\"wpb_text_column wpb_content_element\" >\n\t\t<div class=\"wpb_wrapper\">\n\t\t\t<p style=\"text-align: left;\"><strong>FILLING:<\/strong> <a href=\"https:\/\/cottonedshop.com\/product\/cotton-filling\/\">100% Coton biologique certifi\u00e9 GOTS<\/a><\/p>\n<p style=\"text-align: left;\"><strong>CARACT\u00c9RISTIQUES :<\/strong><\/p>\n<ul style=\"text-align: left;\">\n<li style=\"text-align: left;\">Zipper on the front and backside.<\/li>\n<li style=\"text-align: left;\">Basic mending kit included for each cotton-filled item.<\/li>\n<\/ul>\n<p style=\"text-align: left;\"><strong>COVER FABRIC:\u00a0<\/strong><\/p>\n<ul style=\"text-align: left;\">\n<li>Max Cotton (100% Cotton), Oeko-Tex Certified<\/li>\n<li>Canal (60% cotton\/40% Polyester), Oeko-Tex Certified<\/li>\n<li>Mimos (50 % Cotton\/50% Polyester), Oeko-Tex Certified<\/li>\n<li>Bella (67% Cotton\/33% Linen), Oeko-Tex Certified<\/li>\n<li>Velvet (65% cotton\/35% Polyester), Oeko-Tex Certified<\/li>\n<li>Water\/Stain repellent fabric (60% Cotton\/40% Polyester)<\/li>\n<li>Dyed Linen (100% Linen), Oeko-tex Certified<\/li>\n<li>100% Organic Cotton, heavyweight, unbleached (GOTS certified)<\/li>\n<\/ul>\n<p>\u00a0<\/p>\n<p style=\"text-align: left;\"><strong>INSTRUCTIONS D'ENTRETIEN<\/strong><\/p>\n<p style=\"text-align: left;\">1. Au cours des deux premiers mois, retourner et faire pivoter l'enfant une fois par semaine pour le comprimer uniform\u00e9ment.<\/p>\n<p style=\"text-align: left;\">2. Nettoyage ponctuel uniquement.<\/p>\n<p>\u00a0<\/p>\n<p style=\"text-align: left;\"><strong>IMPORTANT<\/strong><\/p>\n<p style=\"text-align: left;\">* Cette offre ne concerne qu'un seul coussin.<br \/>\n* Les articles en coton sont sujets \u00e0 un certain degr\u00e9 de compression.<br \/>\n* Article fait \u00e0 la main, un petit \u00e9cart dans les dimensions est possible.<\/p>\n<p style=\"text-align: left;\">Thank you for your time!<\/p>\n\n\t\t<\/div>\n\t<\/div>\n\n\t<div class=\"wpb_raw_code wpb_raw_html wpb_content_element\" >\n\t\t<div class=\"wpb_wrapper\">\n\t\t\t<div class=\"klaviyo-form-SVRq2G\"><\/div>\n\t\t<\/div>\n\t<\/div>\n<\/div><\/div><\/div><\/div><\/div>\n<\/div>","protected":false},"excerpt":{"rendered":"<p style=\"text-align: left;\">Faites une d\u00e9claration avec un <strong>coussin rond <\/strong>qui refl\u00e8te votre individualit\u00e9.<strong> Fabriqu\u00e9 \u00e0 la main avec soin et attention aux d\u00e9tails, <\/strong>notre coussin d'assise rembourr\u00e9 en coton \u00e9l\u00e8ve le concept de relaxation<strong> avec son <\/strong><strong>construction en pur coton biologique<\/strong><strong>, <\/strong><strong>des mat\u00e9riaux durables et de haute qualit\u00e9<\/strong><strong>, <\/strong>et<strong> conception personnalisable.<\/strong><\/p>\n<p style=\"text-align: left;\">Choisissez parmi une\u00a0<strong>une grande vari\u00e9t\u00e9 de tissus<\/strong>,\u00a0<strong>couleurs<\/strong>,\u00a0<strong>tailles<\/strong>,\u00a0<strong>formes<\/strong>,\u00a0<strong>la tuyauterie,<\/strong>\u00a0et\u00a0<strong>options de touffetage<\/strong> pour cr\u00e9er un coussin qui s'harmonise avec votre espace de d\u00e9tente et qui est pr\u00eat \u00e0 s'adapter \u00e0 votre espace, \u00e0 votre fa\u00e7on.<\/p>\n<ul>\n<li style=\"text-align: left;\">100%\u00a0<strong>coton biologique<\/strong>\u00a0remplissage \u00e0 l'int\u00e9rieur.<\/li>\n<li style=\"text-align: left;\"><strong>Sur commande<\/strong>\u00a0pour s'adapter \u00e0 vos pr\u00e9f\u00e9rences.<\/li>\n<li style=\"text-align: left;\"><strong>Alternative naturelle<\/strong>\u00a0aux coussins en mousse.<\/li>\n<li style=\"text-align: left;\"><strong>Limite<\/strong>\u00a0l'exposition \u00e0\u00a0<strong>les COV dangereux<\/strong>\u00a0dans votre maison.<\/li>\n<li style=\"text-align: left;\">Gratuit<strong>\u00a0kit de r\u00e9paration<\/strong>\u00a0inclus.<\/li>\n<li style=\"text-align: left;\">Tous\u00a0<strong>imp\u00f4ts<\/strong>\u00a0et\u00a0<strong>devoirs<\/strong>\u00a0sont\u00a0<strong>inclus<\/strong>.<\/li>\n<\/ul>","protected":false},"featured_media":1447,"comment_status":"open","ping_status":"closed","template":"","meta":[],"product_brand":[],"product_cat":[29],"product_tag":[414,97,98,99,100,101,102,103,104,105,106],"class_list":{"0":"post-1446","1":"product","2":"type-product","3":"status-publish","4":"has-post-thumbnail","6":"product_cat-cushions","7":"product_tag-buttoned-cushion","8":"product_tag-floor-cushion","9":"product_tag-floor-pillow-seat","10":"product_tag-floor-pillows","11":"product_tag-floor-pouf","12":"product_tag-floor-seating","13":"product_tag-nursery-floor-pillow","14":"product_tag-round-lounge-pillow","15":"product_tag-round-seat-cushion","16":"product_tag-seat-cushion","17":"product_tag-sitting-pad","19":"first","20":"instock","21":"shipping-taxable","22":"product-type-external"},"yoast_head":"<!-- This site is optimized with the Yoast SEO plugin v27.5 - https:\/\/yoast.com\/product\/yoast-seo-wordpress\/ -->\n<title>Custom Organic Cotton 3&quot; Tufted Round Cushion | Cottoned Shop | Handmade Natural Decor<\/title>\n<meta name=\"description\" content=\"Handmade and hand-tufted round floor cushion filled with organic cotton. We can create any custom size or shape on request.\" \/>\n<meta name=\"robots\" content=\"index, follow, max-snippet:-1, max-image-preview:large, max-video-preview:-1\" \/>\n<link rel=\"canonical\" href=\"https:\/\/cottonedshop.com\/fr\/boutique\/coussin-rond\/\" \/>\n<meta property=\"og:locale\" content=\"fr_FR\" \/>\n<meta property=\"og:type\" content=\"article\" \/>\n<meta property=\"og:title\" content=\"Custom Organic Cotton 3&quot; Tufted Round Cushion | Cottoned Shop | Handmade Natural Decor\" \/>\n<meta property=\"og:description\" content=\"Handmade and hand-tufted round floor cushion filled with organic cotton. We can create any custom size or shape on request.\" \/>\n<meta property=\"og:url\" content=\"https:\/\/cottonedshop.com\/fr\/boutique\/coussin-rond\/\" \/>\n<meta property=\"og:site_name\" content=\"Cottoned Shop\" \/>\n<meta property=\"article:modified_time\" content=\"2024-06-27T10:02:11+00:00\" \/>\n<meta property=\"og:image\" content=\"https:\/\/cottonedshop.com\/wp-content\/uploads\/2019\/11\/Cottoned-round-tufted-floor-cushion-with-organic-cotton-filling.jpg\" \/>\n\t<meta property=\"og:image:width\" content=\"1300\" \/>\n\t<meta property=\"og:image:height\" content=\"1040\" \/>\n\t<meta property=\"og:image:type\" content=\"image\/jpeg\" \/>\n<meta name=\"twitter:card\" content=\"summary_large_image\" \/>\n<meta name=\"twitter:label1\" content=\"Dur\u00e9e de lecture estim\u00e9e\" \/>\n\t<meta name=\"twitter:data1\" content=\"1 minute\" \/>\n<script type=\"application\/ld+json\" class=\"yoast-schema-graph\">{\"@context\":\"https:\\\/\\\/schema.org\",\"@graph\":[{\"@type\":\"WebPage\",\"@id\":\"https:\\\/\\\/cottonedshop.com\\\/shop\\\/round-cushion\\\/\",\"url\":\"https:\\\/\\\/cottonedshop.com\\\/shop\\\/round-cushion\\\/\",\"name\":\"Custom Organic Cotton 3\\\" Tufted Round Cushion | Cottoned Shop | Handmade Natural Decor\",\"isPartOf\":{\"@id\":\"https:\\\/\\\/cottonedshop.com\\\/#website\"},\"primaryImageOfPage\":{\"@id\":\"https:\\\/\\\/cottonedshop.com\\\/shop\\\/round-cushion\\\/#primaryimage\"},\"image\":{\"@id\":\"https:\\\/\\\/cottonedshop.com\\\/shop\\\/round-cushion\\\/#primaryimage\"},\"thumbnailUrl\":\"https:\\\/\\\/cottonedshop.com\\\/wp-content\\\/uploads\\\/2019\\\/11\\\/Cottoned-round-tufted-floor-cushion-with-organic-cotton-filling.jpg\",\"datePublished\":\"2019-11-11T10:14:57+00:00\",\"dateModified\":\"2024-06-27T10:02:11+00:00\",\"description\":\"Handmade and hand-tufted round floor cushion filled with organic cotton. We can create any custom size or shape on request.\",\"breadcrumb\":{\"@id\":\"https:\\\/\\\/cottonedshop.com\\\/shop\\\/round-cushion\\\/#breadcrumb\"},\"inLanguage\":\"fr-FR\",\"potentialAction\":[{\"@type\":\"ReadAction\",\"target\":[\"https:\\\/\\\/cottonedshop.com\\\/shop\\\/round-cushion\\\/\"]}]},{\"@type\":\"ImageObject\",\"inLanguage\":\"fr-FR\",\"@id\":\"https:\\\/\\\/cottonedshop.com\\\/shop\\\/round-cushion\\\/#primaryimage\",\"url\":\"https:\\\/\\\/cottonedshop.com\\\/wp-content\\\/uploads\\\/2019\\\/11\\\/Cottoned-round-tufted-floor-cushion-with-organic-cotton-filling.jpg\",\"contentUrl\":\"https:\\\/\\\/cottonedshop.com\\\/wp-content\\\/uploads\\\/2019\\\/11\\\/Cottoned-round-tufted-floor-cushion-with-organic-cotton-filling.jpg\",\"width\":1300,\"height\":1040,\"caption\":\"Cottoned round tufted floor cushion with organic cotton filling\"},{\"@type\":\"BreadcrumbList\",\"@id\":\"https:\\\/\\\/cottonedshop.com\\\/shop\\\/round-cushion\\\/#breadcrumb\",\"itemListElement\":[{\"@type\":\"ListItem\",\"position\":1,\"name\":\"Home\",\"item\":\"https:\\\/\\\/cottonedshop.com\\\/\"},{\"@type\":\"ListItem\",\"position\":2,\"name\":\"Shop\",\"item\":\"https:\\\/\\\/cottonedshop.com\\\/shop\\\/\"},{\"@type\":\"ListItem\",\"position\":3,\"name\":\"Custom Organic Cotton 3&#8243; Tufted Round Cushion\"}]},{\"@type\":\"WebSite\",\"@id\":\"https:\\\/\\\/cottonedshop.com\\\/#website\",\"url\":\"https:\\\/\\\/cottonedshop.com\\\/\",\"name\":\"Cottoned Shop\",\"description\":\"\",\"publisher\":{\"@id\":\"https:\\\/\\\/cottonedshop.com\\\/#organization\"},\"potentialAction\":[{\"@type\":\"SearchAction\",\"target\":{\"@type\":\"EntryPoint\",\"urlTemplate\":\"https:\\\/\\\/cottonedshop.com\\\/?s={search_term_string}\"},\"query-input\":{\"@type\":\"PropertyValueSpecification\",\"valueRequired\":true,\"valueName\":\"search_term_string\"}}],\"inLanguage\":\"fr-FR\"},{\"@type\":\"Organization\",\"@id\":\"https:\\\/\\\/cottonedshop.com\\\/#organization\",\"name\":\"Cottoned\",\"url\":\"https:\\\/\\\/cottonedshop.com\\\/\",\"logo\":{\"@type\":\"ImageObject\",\"inLanguage\":\"fr-FR\",\"@id\":\"https:\\\/\\\/cottonedshop.com\\\/#\\\/schema\\\/logo\\\/image\\\/\",\"url\":\"https:\\\/\\\/cottonedshop.com\\\/wp-content\\\/uploads\\\/2021\\\/02\\\/cottoned-logo-large.png\",\"contentUrl\":\"https:\\\/\\\/cottonedshop.com\\\/wp-content\\\/uploads\\\/2021\\\/02\\\/cottoned-logo-large.png\",\"width\":1548,\"height\":1548,\"caption\":\"Cottoned\"},\"image\":{\"@id\":\"https:\\\/\\\/cottonedshop.com\\\/#\\\/schema\\\/logo\\\/image\\\/\"}}]}<\/script>\n<!-- \/ Yoast SEO plugin. -->","yoast_head_json":{"title":"Custom Organic Cotton 3\" Tufted Round Cushion | Cottoned Shop | Handmade Natural Decor","description":"Handmade and hand-tufted round floor cushion filled with organic cotton. We can create any custom size or shape on request.","robots":{"index":"index","follow":"follow","max-snippet":"max-snippet:-1","max-image-preview":"max-image-preview:large","max-video-preview":"max-video-preview:-1"},"canonical":"https:\/\/cottonedshop.com\/fr\/boutique\/coussin-rond\/","og_locale":"fr_FR","og_type":"article","og_title":"Custom Organic Cotton 3\" Tufted Round Cushion | Cottoned Shop | Handmade Natural Decor","og_description":"Handmade and hand-tufted round floor cushion filled with organic cotton. We can create any custom size or shape on request.","og_url":"https:\/\/cottonedshop.com\/fr\/boutique\/coussin-rond\/","og_site_name":"Cottoned Shop","article_modified_time":"2024-06-27T10:02:11+00:00","og_image":[{"width":1300,"height":1040,"url":"https:\/\/cottonedshop.com\/wp-content\/uploads\/2019\/11\/Cottoned-round-tufted-floor-cushion-with-organic-cotton-filling.jpg","type":"image\/jpeg"}],"twitter_card":"summary_large_image","twitter_misc":{"Dur\u00e9e de lecture estim\u00e9e":"1 minute"},"schema":{"@context":"https:\/\/schema.org","@graph":[{"@type":"WebPage","@id":"https:\/\/cottonedshop.com\/shop\/round-cushion\/","url":"https:\/\/cottonedshop.com\/shop\/round-cushion\/","name":"Custom Organic Cotton 3\" Tufted Round Cushion | Cottoned Shop | Handmade Natural Decor","isPartOf":{"@id":"https:\/\/cottonedshop.com\/#website"},"primaryImageOfPage":{"@id":"https:\/\/cottonedshop.com\/shop\/round-cushion\/#primaryimage"},"image":{"@id":"https:\/\/cottonedshop.com\/shop\/round-cushion\/#primaryimage"},"thumbnailUrl":"https:\/\/cottonedshop.com\/wp-content\/uploads\/2019\/11\/Cottoned-round-tufted-floor-cushion-with-organic-cotton-filling.jpg","datePublished":"2019-11-11T10:14:57+00:00","dateModified":"2024-06-27T10:02:11+00:00","description":"Handmade and hand-tufted round floor cushion filled with organic cotton. We can create any custom size or shape on request.","breadcrumb":{"@id":"https:\/\/cottonedshop.com\/shop\/round-cushion\/#breadcrumb"},"inLanguage":"fr-FR","potentialAction":[{"@type":"ReadAction","target":["https:\/\/cottonedshop.com\/shop\/round-cushion\/"]}]},{"@type":"ImageObject","inLanguage":"fr-FR","@id":"https:\/\/cottonedshop.com\/shop\/round-cushion\/#primaryimage","url":"https:\/\/cottonedshop.com\/wp-content\/uploads\/2019\/11\/Cottoned-round-tufted-floor-cushion-with-organic-cotton-filling.jpg","contentUrl":"https:\/\/cottonedshop.com\/wp-content\/uploads\/2019\/11\/Cottoned-round-tufted-floor-cushion-with-organic-cotton-filling.jpg","width":1300,"height":1040,"caption":"Cottoned round tufted floor cushion with organic cotton filling"},{"@type":"BreadcrumbList","@id":"https:\/\/cottonedshop.com\/shop\/round-cushion\/#breadcrumb","itemListElement":[{"@type":"ListItem","position":1,"name":"Home","item":"https:\/\/cottonedshop.com\/"},{"@type":"ListItem","position":2,"name":"Shop","item":"https:\/\/cottonedshop.com\/shop\/"},{"@type":"ListItem","position":3,"name":"Custom Organic Cotton 3&#8243; Tufted Round Cushion"}]},{"@type":"WebSite","@id":"https:\/\/cottonedshop.com\/#website","url":"https:\/\/cottonedshop.com\/","name":"Boutique en coton","description":"","publisher":{"@id":"https:\/\/cottonedshop.com\/#organization"},"potentialAction":[{"@type":"SearchAction","target":{"@type":"EntryPoint","urlTemplate":"https:\/\/cottonedshop.com\/?s={search_term_string}"},"query-input":{"@type":"PropertyValueSpecification","valueRequired":true,"valueName":"search_term_string"}}],"inLanguage":"fr-FR"},{"@type":"Organization","@id":"https:\/\/cottonedshop.com\/#organization","name":"Coton\u00e9","url":"https:\/\/cottonedshop.com\/","logo":{"@type":"ImageObject","inLanguage":"fr-FR","@id":"https:\/\/cottonedshop.com\/#\/schema\/logo\/image\/","url":"https:\/\/cottonedshop.com\/wp-content\/uploads\/2021\/02\/cottoned-logo-large.png","contentUrl":"https:\/\/cottonedshop.com\/wp-content\/uploads\/2021\/02\/cottoned-logo-large.png","width":1548,"height":1548,"caption":"Cottoned"},"image":{"@id":"https:\/\/cottonedshop.com\/#\/schema\/logo\/image\/"}}]}},"_links":{"self":[{"href":"https:\/\/cottonedshop.com\/fr\/wp-json\/wp\/v2\/product\/1446","targetHints":{"allow":["GET"]}}],"collection":[{"href":"https:\/\/cottonedshop.com\/fr\/wp-json\/wp\/v2\/product"}],"about":[{"href":"https:\/\/cottonedshop.com\/fr\/wp-json\/wp\/v2\/types\/product"}],"replies":[{"embeddable":true,"href":"https:\/\/cottonedshop.com\/fr\/wp-json\/wp\/v2\/comments?post=1446"}],"wp:featuredmedia":[{"embeddable":true,"href":"https:\/\/cottonedshop.com\/fr\/wp-json\/wp\/v2\/media\/1447"}],"wp:attachment":[{"href":"https:\/\/cottonedshop.com\/fr\/wp-json\/wp\/v2\/media?parent=1446"}],"wp:term":[{"taxonomy":"product_brand","embeddable":true,"href":"https:\/\/cottonedshop.com\/fr\/wp-json\/wp\/v2\/product_brand?post=1446"},{"taxonomy":"product_cat","embeddable":true,"href":"https:\/\/cottonedshop.com\/fr\/wp-json\/wp\/v2\/product_cat?post=1446"},{"taxonomy":"product_tag","embeddable":true,"href":"https:\/\/cottonedshop.com\/fr\/wp-json\/wp\/v2\/product_tag?post=1446"}],"curies":[{"name":"wp","href":"https:\/\/api.w.org\/{rel}","templated":true}]}}