{"id":14100,"date":"2025-03-28T12:11:00","date_gmt":"2025-03-28T10:11:00","guid":{"rendered":"https:\/\/cottonedshop.com\/?post_type=product&#038;p=14100"},"modified":"2025-10-30T07:44:28","modified_gmt":"2025-10-30T05:44:28","slug":"toiletry-bag","status":"publish","type":"product","link":"https:\/\/cottonedshop.com\/fr\/shop\/toiletry-bag\/","title":{"rendered":"Toiletry Bag"},"content":{"rendered":"<div class=\"wpb-content-wrapper\"><div  class=\"sec_row container\"><div class=\"vc_row wpb_row vc_row-fluid\"><div class=\"wpb_column vc_column_container vc_col-sm-12 et-dark-column\"><div class=\"vc_column-inner\"><div class=\"wpb_wrapper\">\n\t<div class=\"wpb_text_column wpb_content_element\" >\n\t\t<div class=\"wpb_wrapper\">\n\t\t\t<p>FABRIC:\u00a0 \u2022 Velvet (65% Cotton\/35% Polyester), (Oeko-tex certified)<\/p>\n<p>MAKING &amp; SHIPPING:<\/p>\n<p>Standard make time: 7-8 business days<br \/>\nFree shipping time:\u00a0 1-4 weeks<br \/>\nExpress shipping time: 3-4 days<\/p>\n<p style=\"text-align: left;\"><strong>INSTRUCTIONS D'ENTRETIEN<\/strong><\/p>\n<p style=\"text-align: left;\">La housse amovible est lavable en machine \u00e0 cycle d\u00e9licat avec un d\u00e9tergent doux. Fermer la fermeture \u00e9clair pour le lavage.<\/p>\n<p style=\"text-align: left;\"><strong>IMPORTANT<\/strong><\/p>\n<p style=\"text-align: left;\">* This listing is for one toilet bag only.<br \/>\n* Article fait \u00e0 la main, un petit \u00e9cart dans les dimensions est possible.<\/p>\n\n\t\t<\/div>\n\t<\/div>\n\n\t<div class=\"wpb_raw_code wpb_raw_html wpb_content_element\" >\n\t\t<div class=\"wpb_wrapper\">\n\t\t\t<div class=\"klaviyo-form-SVRq2G\"><\/div>\n\t\t<\/div>\n\t<\/div>\n<\/div><\/div><\/div><\/div><\/div>\n<\/div>","protected":false},"excerpt":{"rendered":"<div class=\"ql-block\" data-block-id=\"block-3a62be9e-ea25-4035-b7a1-4e6a6b6388bc\">\n<div class=\"ql-block\" data-block-id=\"block-837ec768-7b2a-4c43-b692-4abd78f5bc25\">Created from a wide variety of fabrics, this toiletry bag is a practical, eco-friendly accessory. It&#8217;s our way of making sure nothing goes to waste in our studio, transforming larger fabric cuts into something useful and beautiful.<\/div>\n<div class=\"ql-block\" data-block-id=\"block-57ea1234-f38c-411d-8e3d-14069752894b\"><\/div>\n<div class=\"ql-block\" data-block-id=\"block-8e3a11c0-a218-457a-b544-67295a9014fc\">Perfect for organizing your toiletries or as a thoughtful, colorful gift, it brings both style and sustainability into everyday life.<b>\u00a0<\/b><\/div>\n<\/div>\n<p style=\"text-align: left;\"><strong>SIZE:<\/strong> 6.3 x 3&#8221; (16 x 7.6 cm)<\/p>\n<p style=\"text-align: left;\">[et_button title=\"REQUEST CUSTOMIZATION\" style=\"solid rounded\" color=\"custom\" align=\"center\" color_custom=\"#3bd4ae\" text_color_custom=\"#ffffff\" link=\"url:https%3A%2F%2Fcottonedshop.com%2Fcontact%2F\"]<\/p>\n","protected":false},"featured_media":14113,"comment_status":"open","ping_status":"closed","template":"","meta":[],"product_brand":[],"product_cat":[550],"product_tag":[553,551,552],"class_list":{"0":"post-14100","1":"product","2":"type-product","3":"status-publish","4":"has-post-thumbnail","6":"product_cat-zero-waste","7":"product_tag-travel-pouch","8":"product_tag-travel-toiletry-bag","9":"product_tag-wash-bag","11":"first","12":"instock","13":"shipping-taxable","14":"purchasable","15":"product-type-simple"},"yoast_head":"<!-- This site is optimized with the Yoast SEO plugin v27.4 - https:\/\/yoast.com\/product\/yoast-seo-wordpress\/ -->\n<title>Toiletry Bag | Cottoned Shop<\/title>\n<meta name=\"robots\" content=\"index, follow, max-snippet:-1, max-image-preview:large, max-video-preview:-1\" \/>\n<link rel=\"canonical\" href=\"https:\/\/cottonedshop.com\/fr\/boutique\/toiletry-bag\/\" \/>\n<meta property=\"og:locale\" content=\"fr_FR\" \/>\n<meta property=\"og:type\" content=\"article\" \/>\n<meta property=\"og:title\" content=\"Toiletry Bag | Cottoned Shop\" \/>\n<meta property=\"og:description\" content=\"Created from a wide variety of fabrics, this toiletry bag is a practical, eco-friendly accessory. It&#039;s our way of making sure nothing goes to waste in our studio, transforming larger fabric cuts into something useful and beautiful.  Perfect for organizing your toiletries or as a thoughtful, colorful gift, it brings both style and sustainability into everyday life.\u00a0  SIZE: 6.3 x 3&#039;&#039; (16 x 7.6 cm)\" \/>\n<meta property=\"og:url\" content=\"https:\/\/cottonedshop.com\/fr\/boutique\/toiletry-bag\/\" \/>\n<meta property=\"og:site_name\" content=\"Cottoned Shop\" \/>\n<meta property=\"article:modified_time\" content=\"2025-10-30T05:44:28+00:00\" \/>\n<meta property=\"og:image\" content=\"https:\/\/cottonedshop.com\/wp-content\/uploads\/2025\/03\/Cottoned-Shop-Toiletry-Bag-Main-scaled.jpg\" \/>\n\t<meta property=\"og:image:width\" content=\"2560\" \/>\n\t<meta property=\"og:image:height\" content=\"2048\" \/>\n\t<meta property=\"og:image:type\" content=\"image\/jpeg\" \/>\n<meta name=\"twitter:card\" content=\"summary_large_image\" \/>\n<meta name=\"twitter:label1\" content=\"Dur\u00e9e de lecture estim\u00e9e\" \/>\n\t<meta name=\"twitter:data1\" content=\"1 minute\" \/>\n<script type=\"application\/ld+json\" class=\"yoast-schema-graph\">{\"@context\":\"https:\\\/\\\/schema.org\",\"@graph\":[{\"@type\":\"WebPage\",\"@id\":\"https:\\\/\\\/cottonedshop.com\\\/shop\\\/toiletry-bag\\\/\",\"url\":\"https:\\\/\\\/cottonedshop.com\\\/shop\\\/toiletry-bag\\\/\",\"name\":\"Toiletry Bag | Cottoned Shop\",\"isPartOf\":{\"@id\":\"https:\\\/\\\/cottonedshop.com\\\/#website\"},\"primaryImageOfPage\":{\"@id\":\"https:\\\/\\\/cottonedshop.com\\\/shop\\\/toiletry-bag\\\/#primaryimage\"},\"image\":{\"@id\":\"https:\\\/\\\/cottonedshop.com\\\/shop\\\/toiletry-bag\\\/#primaryimage\"},\"thumbnailUrl\":\"https:\\\/\\\/cottonedshop.com\\\/wp-content\\\/uploads\\\/2025\\\/03\\\/Cottoned-Shop-Toiletry-Bag-Main-scaled.jpg\",\"datePublished\":\"2025-03-28T10:11:00+00:00\",\"dateModified\":\"2025-10-30T05:44:28+00:00\",\"breadcrumb\":{\"@id\":\"https:\\\/\\\/cottonedshop.com\\\/shop\\\/toiletry-bag\\\/#breadcrumb\"},\"inLanguage\":\"fr-FR\",\"potentialAction\":[{\"@type\":\"ReadAction\",\"target\":[\"https:\\\/\\\/cottonedshop.com\\\/shop\\\/toiletry-bag\\\/\"]}]},{\"@type\":\"ImageObject\",\"inLanguage\":\"fr-FR\",\"@id\":\"https:\\\/\\\/cottonedshop.com\\\/shop\\\/toiletry-bag\\\/#primaryimage\",\"url\":\"https:\\\/\\\/cottonedshop.com\\\/wp-content\\\/uploads\\\/2025\\\/03\\\/Cottoned-Shop-Toiletry-Bag-Main-scaled.jpg\",\"contentUrl\":\"https:\\\/\\\/cottonedshop.com\\\/wp-content\\\/uploads\\\/2025\\\/03\\\/Cottoned-Shop-Toiletry-Bag-Main-scaled.jpg\",\"width\":2560,\"height\":2048},{\"@type\":\"BreadcrumbList\",\"@id\":\"https:\\\/\\\/cottonedshop.com\\\/shop\\\/toiletry-bag\\\/#breadcrumb\",\"itemListElement\":[{\"@type\":\"ListItem\",\"position\":1,\"name\":\"Home\",\"item\":\"https:\\\/\\\/cottonedshop.com\\\/\"},{\"@type\":\"ListItem\",\"position\":2,\"name\":\"Shop\",\"item\":\"https:\\\/\\\/cottonedshop.com\\\/shop\\\/\"},{\"@type\":\"ListItem\",\"position\":3,\"name\":\"Toiletry Bag\"}]},{\"@type\":\"WebSite\",\"@id\":\"https:\\\/\\\/cottonedshop.com\\\/#website\",\"url\":\"https:\\\/\\\/cottonedshop.com\\\/\",\"name\":\"Cottoned Shop\",\"description\":\"\",\"publisher\":{\"@id\":\"https:\\\/\\\/cottonedshop.com\\\/#organization\"},\"potentialAction\":[{\"@type\":\"SearchAction\",\"target\":{\"@type\":\"EntryPoint\",\"urlTemplate\":\"https:\\\/\\\/cottonedshop.com\\\/?s={search_term_string}\"},\"query-input\":{\"@type\":\"PropertyValueSpecification\",\"valueRequired\":true,\"valueName\":\"search_term_string\"}}],\"inLanguage\":\"fr-FR\"},{\"@type\":\"Organization\",\"@id\":\"https:\\\/\\\/cottonedshop.com\\\/#organization\",\"name\":\"Cottoned\",\"url\":\"https:\\\/\\\/cottonedshop.com\\\/\",\"logo\":{\"@type\":\"ImageObject\",\"inLanguage\":\"fr-FR\",\"@id\":\"https:\\\/\\\/cottonedshop.com\\\/#\\\/schema\\\/logo\\\/image\\\/\",\"url\":\"https:\\\/\\\/cottonedshop.com\\\/wp-content\\\/uploads\\\/2021\\\/02\\\/cottoned-logo-large.png\",\"contentUrl\":\"https:\\\/\\\/cottonedshop.com\\\/wp-content\\\/uploads\\\/2021\\\/02\\\/cottoned-logo-large.png\",\"width\":1548,\"height\":1548,\"caption\":\"Cottoned\"},\"image\":{\"@id\":\"https:\\\/\\\/cottonedshop.com\\\/#\\\/schema\\\/logo\\\/image\\\/\"}}]}<\/script>\n<!-- \/ Yoast SEO plugin. -->","yoast_head_json":{"title":"Toiletry Bag | Cottoned Shop","robots":{"index":"index","follow":"follow","max-snippet":"max-snippet:-1","max-image-preview":"max-image-preview:large","max-video-preview":"max-video-preview:-1"},"canonical":"https:\/\/cottonedshop.com\/fr\/boutique\/toiletry-bag\/","og_locale":"fr_FR","og_type":"article","og_title":"Toiletry Bag | Cottoned Shop","og_description":"Created from a wide variety of fabrics, this toiletry bag is a practical, eco-friendly accessory. It's our way of making sure nothing goes to waste in our studio, transforming larger fabric cuts into something useful and beautiful.  Perfect for organizing your toiletries or as a thoughtful, colorful gift, it brings both style and sustainability into everyday life.\u00a0  SIZE: 6.3 x 3'' (16 x 7.6 cm)","og_url":"https:\/\/cottonedshop.com\/fr\/boutique\/toiletry-bag\/","og_site_name":"Cottoned Shop","article_modified_time":"2025-10-30T05:44:28+00:00","og_image":[{"width":2560,"height":2048,"url":"https:\/\/cottonedshop.com\/wp-content\/uploads\/2025\/03\/Cottoned-Shop-Toiletry-Bag-Main-scaled.jpg","type":"image\/jpeg"}],"twitter_card":"summary_large_image","twitter_misc":{"Dur\u00e9e de lecture estim\u00e9e":"1 minute"},"schema":{"@context":"https:\/\/schema.org","@graph":[{"@type":"WebPage","@id":"https:\/\/cottonedshop.com\/shop\/toiletry-bag\/","url":"https:\/\/cottonedshop.com\/shop\/toiletry-bag\/","name":"Toiletry Bag | Cottoned Shop","isPartOf":{"@id":"https:\/\/cottonedshop.com\/#website"},"primaryImageOfPage":{"@id":"https:\/\/cottonedshop.com\/shop\/toiletry-bag\/#primaryimage"},"image":{"@id":"https:\/\/cottonedshop.com\/shop\/toiletry-bag\/#primaryimage"},"thumbnailUrl":"https:\/\/cottonedshop.com\/wp-content\/uploads\/2025\/03\/Cottoned-Shop-Toiletry-Bag-Main-scaled.jpg","datePublished":"2025-03-28T10:11:00+00:00","dateModified":"2025-10-30T05:44:28+00:00","breadcrumb":{"@id":"https:\/\/cottonedshop.com\/shop\/toiletry-bag\/#breadcrumb"},"inLanguage":"fr-FR","potentialAction":[{"@type":"ReadAction","target":["https:\/\/cottonedshop.com\/shop\/toiletry-bag\/"]}]},{"@type":"ImageObject","inLanguage":"fr-FR","@id":"https:\/\/cottonedshop.com\/shop\/toiletry-bag\/#primaryimage","url":"https:\/\/cottonedshop.com\/wp-content\/uploads\/2025\/03\/Cottoned-Shop-Toiletry-Bag-Main-scaled.jpg","contentUrl":"https:\/\/cottonedshop.com\/wp-content\/uploads\/2025\/03\/Cottoned-Shop-Toiletry-Bag-Main-scaled.jpg","width":2560,"height":2048},{"@type":"BreadcrumbList","@id":"https:\/\/cottonedshop.com\/shop\/toiletry-bag\/#breadcrumb","itemListElement":[{"@type":"ListItem","position":1,"name":"Home","item":"https:\/\/cottonedshop.com\/"},{"@type":"ListItem","position":2,"name":"Shop","item":"https:\/\/cottonedshop.com\/shop\/"},{"@type":"ListItem","position":3,"name":"Toiletry Bag"}]},{"@type":"WebSite","@id":"https:\/\/cottonedshop.com\/#website","url":"https:\/\/cottonedshop.com\/","name":"Boutique en coton","description":"","publisher":{"@id":"https:\/\/cottonedshop.com\/#organization"},"potentialAction":[{"@type":"SearchAction","target":{"@type":"EntryPoint","urlTemplate":"https:\/\/cottonedshop.com\/?s={search_term_string}"},"query-input":{"@type":"PropertyValueSpecification","valueRequired":true,"valueName":"search_term_string"}}],"inLanguage":"fr-FR"},{"@type":"Organization","@id":"https:\/\/cottonedshop.com\/#organization","name":"Coton\u00e9","url":"https:\/\/cottonedshop.com\/","logo":{"@type":"ImageObject","inLanguage":"fr-FR","@id":"https:\/\/cottonedshop.com\/#\/schema\/logo\/image\/","url":"https:\/\/cottonedshop.com\/wp-content\/uploads\/2021\/02\/cottoned-logo-large.png","contentUrl":"https:\/\/cottonedshop.com\/wp-content\/uploads\/2021\/02\/cottoned-logo-large.png","width":1548,"height":1548,"caption":"Cottoned"},"image":{"@id":"https:\/\/cottonedshop.com\/#\/schema\/logo\/image\/"}}]}},"_links":{"self":[{"href":"https:\/\/cottonedshop.com\/fr\/wp-json\/wp\/v2\/product\/14100","targetHints":{"allow":["GET"]}}],"collection":[{"href":"https:\/\/cottonedshop.com\/fr\/wp-json\/wp\/v2\/product"}],"about":[{"href":"https:\/\/cottonedshop.com\/fr\/wp-json\/wp\/v2\/types\/product"}],"replies":[{"embeddable":true,"href":"https:\/\/cottonedshop.com\/fr\/wp-json\/wp\/v2\/comments?post=14100"}],"wp:featuredmedia":[{"embeddable":true,"href":"https:\/\/cottonedshop.com\/fr\/wp-json\/wp\/v2\/media\/14113"}],"wp:attachment":[{"href":"https:\/\/cottonedshop.com\/fr\/wp-json\/wp\/v2\/media?parent=14100"}],"wp:term":[{"taxonomy":"product_brand","embeddable":true,"href":"https:\/\/cottonedshop.com\/fr\/wp-json\/wp\/v2\/product_brand?post=14100"},{"taxonomy":"product_cat","embeddable":true,"href":"https:\/\/cottonedshop.com\/fr\/wp-json\/wp\/v2\/product_cat?post=14100"},{"taxonomy":"product_tag","embeddable":true,"href":"https:\/\/cottonedshop.com\/fr\/wp-json\/wp\/v2\/product_tag?post=14100"}],"curies":[{"name":"wp","href":"https:\/\/api.w.org\/{rel}","templated":true}]}}