{"id":9991,"date":"2022-03-26T20:40:55","date_gmt":"2022-03-26T18:40:55","guid":{"rendered":"https:\/\/cottonedshop.com\/?post_type=product&#038;p=9991"},"modified":"2024-06-27T19:00:16","modified_gmt":"2024-06-27T16:00:16","slug":"tuftattu-paaty-tyyny-pieni-valilehdet","status":"publish","type":"product","link":"https:\/\/cottonedshop.com\/fi\/shop\/tufted-headboard-cushion-small-tabs\/","title":{"rendered":"Mukautettu orgaaninen puuvilla Tufted s\u00e4ngynp\u00e4\u00e4dyn tyynyn"},"content":{"rendered":"<div class=\"wpb-content-wrapper\"><p>Olitpa sitten lukemassa kirjaa, katsomassa suosikkiohjelmaasi, k\u00e4ym\u00e4ss\u00e4 l\u00e4pi p\u00e4ivitt\u00e4ist\u00e4 suunnittelijaasi tai yksinkertaisesti rentoutumassa pitk\u00e4n p\u00e4iv\u00e4n j\u00e4lkeen, meid\u00e4n\u00a0<strong>puuvillat\u00e4ytteinen p\u00e4\u00e4ntyyny<\/strong>\u00a0tarjoaa \u00e4\u00e4rimm\u00e4ist\u00e4 mukavuutta ja vertaansa vailla olevaa kodikkuutta.<\/p>\n<p>Valmistettu\u00a0<strong>korkealaatuiset, kest\u00e4v\u00e4t materiaalit<\/strong>\u00a0ja\u00a0<strong>puhtain puuvillat\u00e4yte<\/strong>, s\u00e4ngynp\u00e4\u00e4dyn tyynyt ovat\u00a0<strong>hypoallergeeninen, eritt\u00e4in hengitt\u00e4v\u00e4, ymp\u00e4rist\u00f6yst\u00e4v\u00e4llinen.<\/strong>ja\u00a0<strong>myrkyt\u00f6n<\/strong>.<\/p>\n<p>Valitse seuraavista vaihtoehdoista\u00a0<strong>laaja valikoima kankaita, v\u00e4rej\u00e4<\/strong>, kokoja, muotoja ja pintak\u00e4sittelyj\u00e4, jotta voit luoda s\u00e4ngynp\u00e4\u00e4dyn, joka t\u00e4ydent\u00e4\u00e4 kotisi sisustusta ja kuvastaa ainutlaatuista makuasi.<\/p>\n<p>100%\u00a0<strong>luomupuuvilla<\/strong>\u00a0t\u00e4yte sis\u00e4ll\u00e4.<br \/>\n<strong>Tilausty\u00f6n\u00e4<\/strong>\u00a0mieltymyksiisi sopivaksi.<br \/>\n<strong>Luonnollinen vaihtoehto<\/strong>\u00a0vaahtomuovityynyihin.<br \/>\n<strong>Raja<\/strong>\u00a0altistuminen\u00a0<strong>vaaralliset VOC-yhdisteet<\/strong>\u00a0kotonasi.<br \/>\nIlmainen\u00a0<strong>korjaussarja<\/strong>\u00a0mukana.<br \/>\nKaikki\u00a0<strong>verot<\/strong>\u00a0ja\u00a0<strong>teht\u00e4v\u00e4t<\/strong>\u00a0ovat\u00a0<strong>mukana<\/strong>.<\/p>\n<div  class=\"sec_row container\"><div class=\"vc_row wpb_row vc_row-fluid\"><div class=\"wpb_column vc_column_container vc_col-sm-12 et-dark-column\"><div class=\"vc_column-inner\"><div class=\"wpb_wrapper\">\t\t<div id=\"et-button-69e5c5efc5a3d\" class=\"et_btn_align_center\">\n\t\t\t<a href=\"https:\/\/cottonedshop.com\/shop\/custom-tufted-headboard-cushion\/\" class=\"et_btn button et_btn_md solid rounded color-custom\"  role=\"button\" title=\"\" ><span>Customize It<\/span><\/a>\n\t\t<\/div>\n\t\t\n\t<div class=\"vc_empty_space\"   style=\"height: 20px\"><span class=\"vc_empty_space_inner\"><\/span><\/div>\n\t<div class=\"wpb_text_column wpb_content_element\" >\n\t\t<div class=\"wpb_wrapper\">\n\t\t\t<p style=\"text-align: left;\"><strong>OMINAISUUDET:<\/strong><\/p>\n<ul>\n<li style=\"text-align: left;\">Zipper on the bottom so you can easily adjust the cotton, add or remove cotton if necessary.<\/li>\n<li style=\"text-align: left;\">Jokaiseen puuvillat\u00e4ytteiseen tuotteeseen sis\u00e4ltyy ilmainen korjaussarja.<\/li>\n<\/ul>\n<p>&nbsp;<\/p>\n<p><strong>T\u00c4YTT\u00d6:<\/strong> <a href=\"https:\/\/cottonedshop.com\/product\/cotton-filling\/\">100% GOTS Certified Cotton<\/a><\/p>\n<p>&nbsp;<\/p>\n<p style=\"text-align: left;\"><strong>ZIP-OFF WASHABLE COVER OPTIONS:<\/strong><\/p>\n<ul style=\"text-align: left;\">\n<li>100% Luomupuuvilla, raskas, valkaisematon (GOTS-sertifioitu).<\/li>\n<li>Max Cotton (100% Cotton), \u00d6ko-Tex-sertifioitu.<\/li>\n<li>Kanava (60% puuvilla\/40% polyesteri), \u00d6ko-Tex sertifioitu.<\/li>\n<li>Mimos (50 % puuvilla\/50% polyesteri), \u00d6ko-Tex sertifioitu.<\/li>\n<li>Bella (67% puuvilla\/33% pellava), \u00d6ko-Tex sertifioitu.<\/li>\n<li>Sametti (65% puuvilla\/35% polyesteri), \u00d6ko-Tex sertifioitu.<\/li>\n<li>Water\/ Stain repellent fabric (60% Cotton\/40% Polyester)<\/li>\n<li>Dyed Linen (100% Linen), Oeko-Tex Certified<\/li>\n<\/ul>\n<p>&nbsp;<\/p>\n<p style=\"text-align: left;\"><strong>ATTACHMENT OPTIONS:<\/strong><\/p>\n<ul style=\"text-align: left;\">\n<li>With a Back pocket &#8211; slips over the headboard of your bed<\/li>\n<li>With Ties &#8211; along the top of the cushion (every 6&#8243;-8&#8243;)<\/li>\n<li>With Rod &#8211; hidden in the upper back edge (we provide the rod)<\/li>\n<\/ul>\n<p>&nbsp;<\/p>\n<p style=\"text-align: left;\"><strong>EDGE OPTIONS<\/strong>:<\/p>\n<ul style=\"text-align: left;\">\n<li>mini piped edges<\/li>\n<li>non-piped edges<\/li>\n<\/ul>\n<p>&nbsp;<\/p>\n<p style=\"text-align: left;\"><strong>HOITO-OHJEET<\/strong><\/p>\n<p style=\"text-align: left;\">Puhdistetaan vain paikan p\u00e4\u00e4ll\u00e4.<\/p>\n<p>&nbsp;<\/p>\n<p style=\"text-align: left;\"><strong>T\u00c4RKE\u00c4\u00c4<\/strong><\/p>\n<p style=\"text-align: left;\">* T\u00e4m\u00e4 listaus koskee vain yht\u00e4 tyyny\u00e4.<br \/>\n* Puuvillat\u00e4ytteiset tuotteet puristuvat jonkin verran.<br \/>\n* K\u00e4sintehty tuote, pienet poikkeamat mitoissa ovat mahdollisia.<\/p>\n<p>&nbsp;<\/p>\n<p style=\"text-align: left;\">Kiitos ajastanne!<\/p>\n\n\t\t<\/div>\n\t<\/div>\n\n\t<div class=\"wpb_raw_code wpb_raw_html wpb_content_element\" >\n\t\t<div class=\"wpb_wrapper\">\n\t\t\t<div class=\"klaviyo-form-SVRq2G\"><\/div>\n\t\t<\/div>\n\t<\/div>\n<\/div><\/div><\/div><\/div><\/div>\n<\/div>","protected":false},"excerpt":{"rendered":"<p style=\"text-align: left;\">Olitpa sitten lukemassa kirjaa, katsomassa suosikkiohjelmaasi, k\u00e4ym\u00e4ss\u00e4 l\u00e4pi p\u00e4ivitt\u00e4ist\u00e4 suunnittelijaasi tai yksinkertaisesti rentoutumassa pitk\u00e4n p\u00e4iv\u00e4n j\u00e4lkeen, meid\u00e4n\u00a0<strong>puuvillat\u00e4ytteinen p\u00e4\u00e4ntyyny<\/strong>\u00a0tarjoaa \u00e4\u00e4rimm\u00e4ist\u00e4 mukavuutta ja vertaansa vailla olevaa kodikkuutta.<\/p>\n<p style=\"text-align: left;\">Valmistettu\u00a0<strong>korkealaatuiset, kest\u00e4v\u00e4t materiaalit<\/strong>\u00a0ja\u00a0<strong>puhtain puuvillat\u00e4yte<\/strong>, s\u00e4ngynp\u00e4\u00e4dyn tyynyt ovat\u00a0<strong>hypoallergeeninen, eritt\u00e4in hengitt\u00e4v\u00e4, ymp\u00e4rist\u00f6yst\u00e4v\u00e4llinen.<\/strong>ja\u00a0<strong>myrkyt\u00f6n<\/strong>.<\/p>\n<p style=\"text-align: left;\">Valitse seuraavista vaihtoehdoista\u00a0<strong>laaja valikoima kankaita, v\u00e4rej\u00e4<\/strong>, kokoja, muotoja ja pintak\u00e4sittelyj\u00e4, jotta voit luoda s\u00e4ngynp\u00e4\u00e4dyn, joka t\u00e4ydent\u00e4\u00e4 kotisi sisustusta ja kuvastaa ainutlaatuista makuasi.<\/p>\n<ul>\n<li style=\"text-align: left;\">100%\u00a0<strong>luomupuuvilla<\/strong>\u00a0t\u00e4yte sis\u00e4ll\u00e4.<\/li>\n<li style=\"text-align: left;\"><strong>Tilausty\u00f6n\u00e4<\/strong>\u00a0mieltymyksiisi sopivaksi.<\/li>\n<li style=\"text-align: left;\"><strong>Luonnollinen vaihtoehto<\/strong>\u00a0vaahtomuovityynyihin.<\/li>\n<li style=\"text-align: left;\"><strong>Raja<\/strong>\u00a0altistuminen\u00a0<strong>vaaralliset VOC-yhdisteet<\/strong>\u00a0kotonasi.<\/li>\n<li style=\"text-align: left;\">Ilmainen\u00a0<strong>korjaussarja<\/strong>\u00a0mukana.<\/li>\n<li style=\"text-align: left;\">Kaikki\u00a0<strong>verot<\/strong>\u00a0ja\u00a0<strong>teht\u00e4v\u00e4t<\/strong>\u00a0ovat\u00a0<strong>mukana<\/strong>.<\/li>\n<li><strong>Ilmainen toimitus<\/strong>\u00a0ovellesi.<\/li>\n<\/ul>","protected":false},"featured_media":9992,"comment_status":"open","ping_status":"closed","template":"","meta":[],"product_brand":[],"product_cat":[402],"product_tag":[165,413,166,167,168,169,170,171],"class_list":{"0":"post-9991","1":"product","2":"type-product","3":"status-publish","4":"has-post-thumbnail","6":"product_cat-headboards","7":"product_tag-bed-headrest-pillow","8":"product_tag-buttoned-headboard","9":"product_tag-cushions-for-headboards","10":"product_tag-headboard-cover","11":"product_tag-headboard-cushion-design","12":"product_tag-headboard-cushion-wall-pillow","13":"product_tag-headboard-cushion-with-ties","14":"product_tag-tufted-headboard-cushion","16":"first","17":"instock","18":"shipping-taxable","19":"product-type-external"},"yoast_head":"<!-- This site is optimized with the Yoast SEO plugin v27.4 - https:\/\/yoast.com\/product\/yoast-seo-wordpress\/ -->\n<title>Custom Organic Cotton Tufted Headboard Cushion | Cottoned<\/title>\n<meta name=\"description\" content=\"Our tufted headboard cushion is handmade, hand-tufted and filled with organic cotton stuffing. Custom sizes available on request.\" \/>\n<meta name=\"robots\" content=\"index, follow, max-snippet:-1, max-image-preview:large, max-video-preview:-1\" \/>\n<link rel=\"canonical\" href=\"https:\/\/cottonedshop.com\/fi\/shop\/tuftattu-paaty-tyyny-pieni-valilehdet\/\" \/>\n<meta property=\"og:locale\" content=\"fi_FI\" \/>\n<meta property=\"og:type\" content=\"article\" \/>\n<meta property=\"og:title\" content=\"Custom Organic Cotton Tufted Headboard Cushion | Cottoned\" \/>\n<meta property=\"og:description\" content=\"Our tufted headboard cushion is handmade, hand-tufted and filled with organic cotton stuffing. Custom sizes available on request.\" \/>\n<meta property=\"og:url\" content=\"https:\/\/cottonedshop.com\/fi\/shop\/tuftattu-paaty-tyyny-pieni-valilehdet\/\" \/>\n<meta property=\"og:site_name\" content=\"Cottoned Shop\" \/>\n<meta property=\"article:modified_time\" content=\"2024-06-27T16:00:16+00:00\" \/>\n<meta property=\"og:image\" content=\"https:\/\/cottonedshop.com\/wp-content\/uploads\/2022\/03\/Cottoned-Tufted-Headboard-Cushion-with-small-tabs.jpg\" \/>\n\t<meta property=\"og:image:width\" content=\"1300\" \/>\n\t<meta property=\"og:image:height\" content=\"1040\" \/>\n\t<meta property=\"og:image:type\" content=\"image\/jpeg\" \/>\n<meta name=\"twitter:card\" content=\"summary_large_image\" \/>\n<meta name=\"twitter:label1\" content=\"Arvioitu lukuaika\" \/>\n\t<meta name=\"twitter:data1\" content=\"2 minuuttia\" \/>\n<script type=\"application\/ld+json\" class=\"yoast-schema-graph\">{\"@context\":\"https:\\\/\\\/schema.org\",\"@graph\":[{\"@type\":\"WebPage\",\"@id\":\"https:\\\/\\\/cottonedshop.com\\\/shop\\\/tufted-headboard-cushion-small-tabs\\\/\",\"url\":\"https:\\\/\\\/cottonedshop.com\\\/shop\\\/tufted-headboard-cushion-small-tabs\\\/\",\"name\":\"Custom Organic Cotton Tufted Headboard Cushion | Cottoned\",\"isPartOf\":{\"@id\":\"https:\\\/\\\/cottonedshop.com\\\/#website\"},\"primaryImageOfPage\":{\"@id\":\"https:\\\/\\\/cottonedshop.com\\\/shop\\\/tufted-headboard-cushion-small-tabs\\\/#primaryimage\"},\"image\":{\"@id\":\"https:\\\/\\\/cottonedshop.com\\\/shop\\\/tufted-headboard-cushion-small-tabs\\\/#primaryimage\"},\"thumbnailUrl\":\"https:\\\/\\\/cottonedshop.com\\\/wp-content\\\/uploads\\\/2022\\\/03\\\/Cottoned-Tufted-Headboard-Cushion-with-small-tabs.jpg\",\"datePublished\":\"2022-03-26T18:40:55+00:00\",\"dateModified\":\"2024-06-27T16:00:16+00:00\",\"description\":\"Our tufted headboard cushion is handmade, hand-tufted and filled with organic cotton stuffing. Custom sizes available on request.\",\"breadcrumb\":{\"@id\":\"https:\\\/\\\/cottonedshop.com\\\/shop\\\/tufted-headboard-cushion-small-tabs\\\/#breadcrumb\"},\"inLanguage\":\"fi\",\"potentialAction\":[{\"@type\":\"ReadAction\",\"target\":[\"https:\\\/\\\/cottonedshop.com\\\/shop\\\/tufted-headboard-cushion-small-tabs\\\/\"]}]},{\"@type\":\"ImageObject\",\"inLanguage\":\"fi\",\"@id\":\"https:\\\/\\\/cottonedshop.com\\\/shop\\\/tufted-headboard-cushion-small-tabs\\\/#primaryimage\",\"url\":\"https:\\\/\\\/cottonedshop.com\\\/wp-content\\\/uploads\\\/2022\\\/03\\\/Cottoned-Tufted-Headboard-Cushion-with-small-tabs.jpg\",\"contentUrl\":\"https:\\\/\\\/cottonedshop.com\\\/wp-content\\\/uploads\\\/2022\\\/03\\\/Cottoned-Tufted-Headboard-Cushion-with-small-tabs.jpg\",\"width\":1300,\"height\":1040},{\"@type\":\"BreadcrumbList\",\"@id\":\"https:\\\/\\\/cottonedshop.com\\\/shop\\\/tufted-headboard-cushion-small-tabs\\\/#breadcrumb\",\"itemListElement\":[{\"@type\":\"ListItem\",\"position\":1,\"name\":\"Home\",\"item\":\"https:\\\/\\\/cottonedshop.com\\\/\"},{\"@type\":\"ListItem\",\"position\":2,\"name\":\"Shop\",\"item\":\"https:\\\/\\\/cottonedshop.com\\\/shop\\\/\"},{\"@type\":\"ListItem\",\"position\":3,\"name\":\"Custom Organic Cotton Tufted Headboard Cushion\"}]},{\"@type\":\"WebSite\",\"@id\":\"https:\\\/\\\/cottonedshop.com\\\/#website\",\"url\":\"https:\\\/\\\/cottonedshop.com\\\/\",\"name\":\"Cottoned Shop\",\"description\":\"\",\"publisher\":{\"@id\":\"https:\\\/\\\/cottonedshop.com\\\/#organization\"},\"potentialAction\":[{\"@type\":\"SearchAction\",\"target\":{\"@type\":\"EntryPoint\",\"urlTemplate\":\"https:\\\/\\\/cottonedshop.com\\\/?s={search_term_string}\"},\"query-input\":{\"@type\":\"PropertyValueSpecification\",\"valueRequired\":true,\"valueName\":\"search_term_string\"}}],\"inLanguage\":\"fi\"},{\"@type\":\"Organization\",\"@id\":\"https:\\\/\\\/cottonedshop.com\\\/#organization\",\"name\":\"Cottoned\",\"url\":\"https:\\\/\\\/cottonedshop.com\\\/\",\"logo\":{\"@type\":\"ImageObject\",\"inLanguage\":\"fi\",\"@id\":\"https:\\\/\\\/cottonedshop.com\\\/#\\\/schema\\\/logo\\\/image\\\/\",\"url\":\"https:\\\/\\\/cottonedshop.com\\\/wp-content\\\/uploads\\\/2021\\\/02\\\/cottoned-logo-large.png\",\"contentUrl\":\"https:\\\/\\\/cottonedshop.com\\\/wp-content\\\/uploads\\\/2021\\\/02\\\/cottoned-logo-large.png\",\"width\":1548,\"height\":1548,\"caption\":\"Cottoned\"},\"image\":{\"@id\":\"https:\\\/\\\/cottonedshop.com\\\/#\\\/schema\\\/logo\\\/image\\\/\"}}]}<\/script>\n<!-- \/ Yoast SEO plugin. -->","yoast_head_json":{"title":"Custom Organic Cotton Tufted Headboard Cushion | Cottoned","description":"Our tufted headboard cushion is handmade, hand-tufted and filled with organic cotton stuffing. Custom sizes available on request.","robots":{"index":"index","follow":"follow","max-snippet":"max-snippet:-1","max-image-preview":"max-image-preview:large","max-video-preview":"max-video-preview:-1"},"canonical":"https:\/\/cottonedshop.com\/fi\/shop\/tuftattu-paaty-tyyny-pieni-valilehdet\/","og_locale":"fi_FI","og_type":"article","og_title":"Custom Organic Cotton Tufted Headboard Cushion | Cottoned","og_description":"Our tufted headboard cushion is handmade, hand-tufted and filled with organic cotton stuffing. Custom sizes available on request.","og_url":"https:\/\/cottonedshop.com\/fi\/shop\/tuftattu-paaty-tyyny-pieni-valilehdet\/","og_site_name":"Cottoned Shop","article_modified_time":"2024-06-27T16:00:16+00:00","og_image":[{"width":1300,"height":1040,"url":"https:\/\/cottonedshop.com\/wp-content\/uploads\/2022\/03\/Cottoned-Tufted-Headboard-Cushion-with-small-tabs.jpg","type":"image\/jpeg"}],"twitter_card":"summary_large_image","twitter_misc":{"Arvioitu lukuaika":"2 minuuttia"},"schema":{"@context":"https:\/\/schema.org","@graph":[{"@type":"WebPage","@id":"https:\/\/cottonedshop.com\/shop\/tufted-headboard-cushion-small-tabs\/","url":"https:\/\/cottonedshop.com\/shop\/tufted-headboard-cushion-small-tabs\/","name":"Custom Organic Cotton Tufted Headboard Cushion | Cottoned","isPartOf":{"@id":"https:\/\/cottonedshop.com\/#website"},"primaryImageOfPage":{"@id":"https:\/\/cottonedshop.com\/shop\/tufted-headboard-cushion-small-tabs\/#primaryimage"},"image":{"@id":"https:\/\/cottonedshop.com\/shop\/tufted-headboard-cushion-small-tabs\/#primaryimage"},"thumbnailUrl":"https:\/\/cottonedshop.com\/wp-content\/uploads\/2022\/03\/Cottoned-Tufted-Headboard-Cushion-with-small-tabs.jpg","datePublished":"2022-03-26T18:40:55+00:00","dateModified":"2024-06-27T16:00:16+00:00","description":"Our tufted headboard cushion is handmade, hand-tufted and filled with organic cotton stuffing. Custom sizes available on request.","breadcrumb":{"@id":"https:\/\/cottonedshop.com\/shop\/tufted-headboard-cushion-small-tabs\/#breadcrumb"},"inLanguage":"fi","potentialAction":[{"@type":"ReadAction","target":["https:\/\/cottonedshop.com\/shop\/tufted-headboard-cushion-small-tabs\/"]}]},{"@type":"ImageObject","inLanguage":"fi","@id":"https:\/\/cottonedshop.com\/shop\/tufted-headboard-cushion-small-tabs\/#primaryimage","url":"https:\/\/cottonedshop.com\/wp-content\/uploads\/2022\/03\/Cottoned-Tufted-Headboard-Cushion-with-small-tabs.jpg","contentUrl":"https:\/\/cottonedshop.com\/wp-content\/uploads\/2022\/03\/Cottoned-Tufted-Headboard-Cushion-with-small-tabs.jpg","width":1300,"height":1040},{"@type":"BreadcrumbList","@id":"https:\/\/cottonedshop.com\/shop\/tufted-headboard-cushion-small-tabs\/#breadcrumb","itemListElement":[{"@type":"ListItem","position":1,"name":"Home","item":"https:\/\/cottonedshop.com\/"},{"@type":"ListItem","position":2,"name":"Shop","item":"https:\/\/cottonedshop.com\/shop\/"},{"@type":"ListItem","position":3,"name":"Custom Organic Cotton Tufted Headboard Cushion"}]},{"@type":"WebSite","@id":"https:\/\/cottonedshop.com\/#website","url":"https:\/\/cottonedshop.com\/","name":"Puuvillainen kauppa","description":"","publisher":{"@id":"https:\/\/cottonedshop.com\/#organization"},"potentialAction":[{"@type":"SearchAction","target":{"@type":"EntryPoint","urlTemplate":"https:\/\/cottonedshop.com\/?s={search_term_string}"},"query-input":{"@type":"PropertyValueSpecification","valueRequired":true,"valueName":"search_term_string"}}],"inLanguage":"fi"},{"@type":"Organization","@id":"https:\/\/cottonedshop.com\/#organization","name":"Cottoned","url":"https:\/\/cottonedshop.com\/","logo":{"@type":"ImageObject","inLanguage":"fi","@id":"https:\/\/cottonedshop.com\/#\/schema\/logo\/image\/","url":"https:\/\/cottonedshop.com\/wp-content\/uploads\/2021\/02\/cottoned-logo-large.png","contentUrl":"https:\/\/cottonedshop.com\/wp-content\/uploads\/2021\/02\/cottoned-logo-large.png","width":1548,"height":1548,"caption":"Cottoned"},"image":{"@id":"https:\/\/cottonedshop.com\/#\/schema\/logo\/image\/"}}]}},"_links":{"self":[{"href":"https:\/\/cottonedshop.com\/fi\/wp-json\/wp\/v2\/product\/9991","targetHints":{"allow":["GET"]}}],"collection":[{"href":"https:\/\/cottonedshop.com\/fi\/wp-json\/wp\/v2\/product"}],"about":[{"href":"https:\/\/cottonedshop.com\/fi\/wp-json\/wp\/v2\/types\/product"}],"replies":[{"embeddable":true,"href":"https:\/\/cottonedshop.com\/fi\/wp-json\/wp\/v2\/comments?post=9991"}],"wp:featuredmedia":[{"embeddable":true,"href":"https:\/\/cottonedshop.com\/fi\/wp-json\/wp\/v2\/media\/9992"}],"wp:attachment":[{"href":"https:\/\/cottonedshop.com\/fi\/wp-json\/wp\/v2\/media?parent=9991"}],"wp:term":[{"taxonomy":"product_brand","embeddable":true,"href":"https:\/\/cottonedshop.com\/fi\/wp-json\/wp\/v2\/product_brand?post=9991"},{"taxonomy":"product_cat","embeddable":true,"href":"https:\/\/cottonedshop.com\/fi\/wp-json\/wp\/v2\/product_cat?post=9991"},{"taxonomy":"product_tag","embeddable":true,"href":"https:\/\/cottonedshop.com\/fi\/wp-json\/wp\/v2\/product_tag?post=9991"}],"curies":[{"name":"wp","href":"https:\/\/api.w.org\/{rel}","templated":true}]}}