{"id":9137,"date":"2022-02-23T18:27:59","date_gmt":"2022-02-23T16:27:59","guid":{"rendered":"https:\/\/cottonedshop.com\/?post_type=product&#038;p=9137"},"modified":"2024-06-27T21:47:23","modified_gmt":"2024-06-27T18:47:23","slug":"lemmikkielainten-sanky","status":"publish","type":"product","link":"https:\/\/cottonedshop.com\/fi\/shop\/pet-bed\/","title":{"rendered":"Custom Organic Cotton Pet Bed"},"content":{"rendered":"<div class=\"wpb-content-wrapper\"><div  class=\"sec_row container\"><div class=\"vc_row wpb_row vc_row-fluid\"><div class=\"wpb_column vc_column_container vc_col-sm-12 et-dark-column\"><div class=\"vc_column-inner\"><div class=\"wpb_wrapper\">\n\t<div class=\"wpb_text_column wpb_content_element\" >\n\t\t<div class=\"wpb_wrapper\">\n\t\t\t<p style=\"text-align: left;\"><strong>HOITO-OHJEET<\/strong><\/p>\n<p style=\"text-align: left;\">P\u00e4\u00e4llinen on konepest\u00e4v\u00e4 hell\u00e4varaisessa pesussa miedolla pesuaineella. Sulje vetoketju pesua varten.<\/p>\n<p style=\"text-align: left;\"><strong>T\u00c4RKE\u00c4\u00c4<\/strong><\/p>\n<p style=\"text-align: left;\">* T\u00e4m\u00e4 listaus koskee vain yht\u00e4 tyyny\u00e4.<br \/>\n* Puuvillat\u00e4ytteiset tuotteet puristuvat jonkin verran.<br \/>\n* K\u00e4sintehty tuote, pieni poikkeama mitoissa on mahdollinen.<\/p>\n<h3 style=\"text-align: center;\">Aiheeseen liittyv\u00e4t tuotteet<\/h3>\n<p style=\"text-align: left;\">\n\n\t\t<\/div>\n\t<\/div>\n<div class=\"vc_row wpb_row vc_inner vc_row-fluid max_width\"><div class=\"wpb_column vc_column_container vc_col-sm-4 et-dark-column\"><div class=\"vc_column-inner\"><div class=\"wpb_wrapper\">\n\t<div  class=\"wpb_single_image wpb_content_element vc_align_left wpb_content_element\">\n\t\t\n\t\t<figure class=\"wpb_wrapper vc_figure\">\n\t\t\t<a href=\"https:\/\/cottonedshop.com\/shop\/throw-pillow\/\" target=\"_self\" class=\"vc_single_image-wrapper   vc_box_border_grey\"><img decoding=\"async\" width=\"1024\" height=\"819\" data-src=\"https:\/\/cottonedshop.com\/wp-content\/uploads\/2018\/04\/Cottoned-throw-pillow-with-velvet-cover-and-organic-cotton-filling-1024x819.jpg\" class=\"vc_single_image-img attachment-large lazyload\" alt=\"Puuvillainen heittotyyny, jossa on samettip\u00e4\u00e4llinen ja luomupuuvillat\u00e4yte.\" title=\"Puuvillainen heittotyyny, jossa on samettip\u00e4\u00e4llinen ja luomupuuvillat\u00e4yte.\" data-srcset=\"https:\/\/cottonedshop.com\/wp-content\/uploads\/2018\/04\/Cottoned-throw-pillow-with-velvet-cover-and-organic-cotton-filling-1024x819.jpg 1024w, https:\/\/cottonedshop.com\/wp-content\/uploads\/2018\/04\/Cottoned-throw-pillow-with-velvet-cover-and-organic-cotton-filling-600x480.jpg 600w, https:\/\/cottonedshop.com\/wp-content\/uploads\/2018\/04\/Cottoned-throw-pillow-with-velvet-cover-and-organic-cotton-filling-900x720.jpg 900w, https:\/\/cottonedshop.com\/wp-content\/uploads\/2018\/04\/Cottoned-throw-pillow-with-velvet-cover-and-organic-cotton-filling-300x240.jpg 300w, https:\/\/cottonedshop.com\/wp-content\/uploads\/2018\/04\/Cottoned-throw-pillow-with-velvet-cover-and-organic-cotton-filling-768x614.jpg 768w, https:\/\/cottonedshop.com\/wp-content\/uploads\/2018\/04\/Cottoned-throw-pillow-with-velvet-cover-and-organic-cotton-filling-150x120.jpg 150w, https:\/\/cottonedshop.com\/wp-content\/uploads\/2018\/04\/Cottoned-throw-pillow-with-velvet-cover-and-organic-cotton-filling.jpg 1300w\" data-sizes=\"(max-width: 1024px) 100vw, 1024px\" src=\"data:image\/svg+xml;base64,PHN2ZyB3aWR0aD0iMSIgaGVpZ2h0PSIxIiB4bWxucz0iaHR0cDovL3d3dy53My5vcmcvMjAwMC9zdmciPjwvc3ZnPg==\" style=\"--smush-placeholder-width: 1024px; --smush-placeholder-aspect-ratio: 1024\/819;\" \/><\/a>\n\t\t<\/figure>\n\t<\/div>\n\n\t<div class=\"wpb_text_column wpb_content_element\" >\n\t\t<div class=\"wpb_wrapper\">\n\t\t\t<p style=\"text-align: center;\"><a href=\"https:\/\/cottonedshop.com\/shop\/throw-pillow\/\">Custom Organic Cotton heitt\u00e4\u00e4 tyyny<\/a><\/p>\n\n\t\t<\/div>\n\t<\/div>\n<\/div><\/div><\/div><div class=\"wpb_column vc_column_container vc_col-sm-4 et-dark-column\"><div class=\"vc_column-inner\"><div class=\"wpb_wrapper\">\n\t<div  class=\"wpb_single_image wpb_content_element vc_align_left wpb_content_element\">\n\t\t\n\t\t<figure class=\"wpb_wrapper vc_figure\">\n\t\t\t<a href=\"https:\/\/cottonedshop.com\/shop\/meditation-cushions\/\" target=\"_self\" class=\"vc_single_image-wrapper   vc_box_border_grey\"><img decoding=\"async\" width=\"1024\" height=\"819\" data-src=\"https:\/\/cottonedshop.com\/wp-content\/uploads\/2019\/01\/Cottoned-zafu-and-zabuton-meditation-cushions-with-organic-cotton-filling-1-1024x819.jpg\" class=\"vc_single_image-img attachment-large lazyload\" alt=\"Puuvillaiset zafu- ja zabuton-meditaatiotyynyt, joiden t\u00e4yte on luonnonmukaista puuvillaa.\" title=\"Puuvillaiset zafu- ja zabuton-meditaatiotyynyt, joiden t\u00e4yte on luonnonmukaista puuvillaa.\" data-srcset=\"https:\/\/cottonedshop.com\/wp-content\/uploads\/2019\/01\/Cottoned-zafu-and-zabuton-meditation-cushions-with-organic-cotton-filling-1-1024x819.jpg 1024w, https:\/\/cottonedshop.com\/wp-content\/uploads\/2019\/01\/Cottoned-zafu-and-zabuton-meditation-cushions-with-organic-cotton-filling-1-600x480.jpg 600w, https:\/\/cottonedshop.com\/wp-content\/uploads\/2019\/01\/Cottoned-zafu-and-zabuton-meditation-cushions-with-organic-cotton-filling-1-900x720.jpg 900w, https:\/\/cottonedshop.com\/wp-content\/uploads\/2019\/01\/Cottoned-zafu-and-zabuton-meditation-cushions-with-organic-cotton-filling-1-300x240.jpg 300w, https:\/\/cottonedshop.com\/wp-content\/uploads\/2019\/01\/Cottoned-zafu-and-zabuton-meditation-cushions-with-organic-cotton-filling-1-768x614.jpg 768w, https:\/\/cottonedshop.com\/wp-content\/uploads\/2019\/01\/Cottoned-zafu-and-zabuton-meditation-cushions-with-organic-cotton-filling-1-150x120.jpg 150w, https:\/\/cottonedshop.com\/wp-content\/uploads\/2019\/01\/Cottoned-zafu-and-zabuton-meditation-cushions-with-organic-cotton-filling-1.jpg 1300w\" data-sizes=\"(max-width: 1024px) 100vw, 1024px\" src=\"data:image\/svg+xml;base64,PHN2ZyB3aWR0aD0iMSIgaGVpZ2h0PSIxIiB4bWxucz0iaHR0cDovL3d3dy53My5vcmcvMjAwMC9zdmciPjwvc3ZnPg==\" style=\"--smush-placeholder-width: 1024px; --smush-placeholder-aspect-ratio: 1024\/819;\" \/><\/a>\n\t\t<\/figure>\n\t<\/div>\n\n\t<div class=\"wpb_text_column wpb_content_element\" >\n\t\t<div class=\"wpb_wrapper\">\n\t\t\t<p style=\"text-align: center;\"><a href=\"https:\/\/cottonedshop.com\/shop\/meditation-cushions\/\">Meditaatiotyynyt, joissa on pest\u00e4v\u00e4 kansi<\/a><\/p>\n<p style=\"text-align: left;\">\n\n\t\t<\/div>\n\t<\/div>\n<\/div><\/div><\/div><div class=\"wpb_column vc_column_container vc_col-sm-4 et-dark-column\"><div class=\"vc_column-inner\"><div class=\"wpb_wrapper\">\n\t<div  class=\"wpb_single_image wpb_content_element vc_align_center wpb_content_element\">\n\t\t\n\t\t<figure class=\"wpb_wrapper vc_figure\">\n\t\t\t<a href=\"https:\/\/cottonedshop.com\/shop\/tufted-round-pouf\/\" target=\"_self\" class=\"vc_single_image-wrapper   vc_box_border_grey\"><img decoding=\"async\" width=\"1024\" height=\"819\" data-src=\"https:\/\/cottonedshop.com\/wp-content\/uploads\/2021\/10\/Cottoned-Tufted-Round-Pouf-Table-1024x819.jpg\" class=\"vc_single_image-img attachment-large lazyload\" alt=\"Puuvillainen tuftattu py\u00f6re\u00e4 pouf-p\u00f6yt\u00e4\" title=\"Puuvillainen tuftattu py\u00f6re\u00e4 pouf-p\u00f6yt\u00e4\" data-srcset=\"https:\/\/cottonedshop.com\/wp-content\/uploads\/2021\/10\/Cottoned-Tufted-Round-Pouf-Table-1024x819.jpg 1024w, https:\/\/cottonedshop.com\/wp-content\/uploads\/2021\/10\/Cottoned-Tufted-Round-Pouf-Table-600x480.jpg 600w, https:\/\/cottonedshop.com\/wp-content\/uploads\/2021\/10\/Cottoned-Tufted-Round-Pouf-Table-900x720.jpg 900w, https:\/\/cottonedshop.com\/wp-content\/uploads\/2021\/10\/Cottoned-Tufted-Round-Pouf-Table-300x240.jpg 300w, https:\/\/cottonedshop.com\/wp-content\/uploads\/2021\/10\/Cottoned-Tufted-Round-Pouf-Table-768x614.jpg 768w, https:\/\/cottonedshop.com\/wp-content\/uploads\/2021\/10\/Cottoned-Tufted-Round-Pouf-Table-150x120.jpg 150w, https:\/\/cottonedshop.com\/wp-content\/uploads\/2021\/10\/Cottoned-Tufted-Round-Pouf-Table.jpg 1300w\" data-sizes=\"(max-width: 1024px) 100vw, 1024px\" src=\"data:image\/svg+xml;base64,PHN2ZyB3aWR0aD0iMSIgaGVpZ2h0PSIxIiB4bWxucz0iaHR0cDovL3d3dy53My5vcmcvMjAwMC9zdmciPjwvc3ZnPg==\" style=\"--smush-placeholder-width: 1024px; --smush-placeholder-aspect-ratio: 1024\/819;\" \/><\/a>\n\t\t<\/figure>\n\t<\/div>\n\n\t<div class=\"wpb_text_column wpb_content_element\" >\n\t\t<div class=\"wpb_wrapper\">\n\t\t\t<p style=\"text-align: center;\"><a href=\"https:\/\/cottonedshop.com\/shop\/tufted-round-pouf\/\">Custom Organic Cotton Tufted Round Pouf p\u00f6yt\u00e4<\/a><\/p>\n\n\t\t<\/div>\n\t<\/div>\n<\/div><\/div><\/div><\/div><\/div><\/div><\/div><\/div><\/div>\n<\/div>","protected":false},"excerpt":{"rendered":"<p style=\"text-align: left;\">[et_button title=\"Configure &amp; Buy\" style=\"solid rounded\" color=\"custom\" align=\"center\" color_custom=\"#F07D7D\" text_color_custom=\"#ffffff\" link=\"url:%23configurator\"]<\/p>\n<p style=\"text-align: left;\">\n<p style=\"text-align: left;\">Create a comfy and healthy environment for your furry friend to flourish in with this cotton-filled pet bed.\u00a0 Crafted from <strong>high-quality, durable materials,<\/strong> and <strong>the purest cotton filling<\/strong>, our <strong>pet beds<\/strong> are<strong> hypoallergenic, extremely breathable, eco-friendly<\/strong>, and <strong>toxic-free<\/strong>.<\/p>\n<ul>\n<li style=\"text-align: left;\">100% <strong>organic cotton<\/strong> filling inside.<\/li>\n<li style=\"text-align: left;\"><strong>Made-to-order<\/strong> to fit your preferences.<\/li>\n<li style=\"text-align: left;\"><strong>Natural alternative<\/strong> to foam pet beds.<\/li>\n<li style=\"text-align: left;\">Washable removable covers.<\/li>\n<li style=\"text-align: left;\"><strong>Limit<\/strong> exposure to <strong>dangerous VOCs<\/strong> in your home.<\/li>\n<li style=\"text-align: left;\">Complimentary <strong>m<\/strong><strong>ending kit<\/strong> included.<\/li>\n<li id=\"configurator\" style=\"text-align: left;\">All <strong>taxes<\/strong> and <strong>duties<\/strong> are <strong>included<\/strong>.<\/li>\n<\/ul>\n<p style=\"text-align: left;\">[vc_tta_accordion c_icon=\"chevron\" active_section=\"0\" collapsible_all=\"true\"][vc_tta_section title=\"FEATURES\" tab_id=\"1687358360875-d101a30a-375a\"][vc_column_text]<\/p>\n<ul style=\"text-align: left;\">\n<li>Zipper on the inside of the board throughout the length.<\/li>\n<li>Insert made of 100% Organic cotton (lightweight).<\/li>\n<li>Removable washable outer cover of both the board and cushion.<\/li>\n<li>Pillow in the middle is about 2&#8243; (5 cm) thick.<\/li>\n<\/ul>\n<p style=\"text-align: left;\">[\/vc_column_text][\/vc_tta_section][\/vc_tta_accordion]<\/p>\n","protected":false},"featured_media":7676,"comment_status":"open","ping_status":"closed","template":"","meta":[],"product_brand":[],"product_cat":[88],"product_tag":[175,176,177,178,179,180,181,182,183],"class_list":{"0":"post-9137","1":"product","2":"type-product","3":"status-publish","4":"has-post-thumbnail","6":"product_cat-pet-beds","7":"product_tag-cat-beds","8":"product_tag-custom-pet-bed","9":"product_tag-kitten-bed","10":"product_tag-large-dog-beds","11":"product_tag-luxury-dog-beds","12":"product_tag-organic-pet-bedding","13":"product_tag-puppy-mattress","14":"product_tag-small-dog-beds","15":"product_tag-xl-xxl-dog-bed","17":"first","18":"instock","19":"shipping-taxable","20":"purchasable","21":"product-type-simple"},"yoast_head":"<!-- This site is optimized with the Yoast SEO plugin v27.3 - https:\/\/yoast.com\/product\/yoast-seo-wordpress\/ -->\n<title>Custom Organic Cotton Pet Bed | Cottoned Shop<\/title>\n<meta name=\"description\" content=\"Cottoned&#039;s pet bed is the ultimate gift you can give your beloved pet. Filled with GOTs certified cotton. Fully customizable to your needs.\" \/>\n<meta name=\"robots\" content=\"index, follow, max-snippet:-1, max-image-preview:large, max-video-preview:-1\" \/>\n<link rel=\"canonical\" href=\"https:\/\/cottonedshop.com\/fi\/shop\/lemmikkielainten-sanky\/\" \/>\n<meta property=\"og:locale\" content=\"fi_FI\" \/>\n<meta property=\"og:type\" content=\"article\" \/>\n<meta property=\"og:title\" content=\"Custom Organic Cotton Pet Bed | Cottoned Shop\" \/>\n<meta property=\"og:description\" content=\"Cottoned&#039;s pet bed is the ultimate gift you can give your beloved pet. Filled with GOTs certified cotton. Fully customizable to your needs.\" \/>\n<meta property=\"og:url\" content=\"https:\/\/cottonedshop.com\/fi\/shop\/lemmikkielainten-sanky\/\" \/>\n<meta property=\"og:site_name\" content=\"Cottoned Shop\" \/>\n<meta property=\"article:modified_time\" content=\"2024-06-27T18:47:23+00:00\" \/>\n<meta property=\"og:image\" content=\"https:\/\/cottonedshop.com\/wp-content\/uploads\/2021\/07\/Cotttoned-Organic-Pet-Bed-with-Boards-Filled-with-GOTS-certified-cotton.jpg\" \/>\n\t<meta property=\"og:image:width\" content=\"1200\" \/>\n\t<meta property=\"og:image:height\" content=\"960\" \/>\n\t<meta property=\"og:image:type\" content=\"image\/jpeg\" \/>\n<meta name=\"twitter:card\" content=\"summary_large_image\" \/>\n<meta name=\"twitter:label1\" content=\"Arvioitu lukuaika\" \/>\n\t<meta name=\"twitter:data1\" content=\"2 minuuttia\" \/>\n<script type=\"application\/ld+json\" class=\"yoast-schema-graph\">{\"@context\":\"https:\\\/\\\/schema.org\",\"@graph\":[{\"@type\":\"WebPage\",\"@id\":\"https:\\\/\\\/cottonedshop.com\\\/shop\\\/pet-bed\\\/\",\"url\":\"https:\\\/\\\/cottonedshop.com\\\/shop\\\/pet-bed\\\/\",\"name\":\"Custom Organic Cotton Pet Bed | Cottoned Shop\",\"isPartOf\":{\"@id\":\"https:\\\/\\\/cottonedshop.com\\\/#website\"},\"primaryImageOfPage\":{\"@id\":\"https:\\\/\\\/cottonedshop.com\\\/shop\\\/pet-bed\\\/#primaryimage\"},\"image\":{\"@id\":\"https:\\\/\\\/cottonedshop.com\\\/shop\\\/pet-bed\\\/#primaryimage\"},\"thumbnailUrl\":\"https:\\\/\\\/cottonedshop.com\\\/wp-content\\\/uploads\\\/2021\\\/07\\\/Cotttoned-Organic-Pet-Bed-with-Boards-Filled-with-GOTS-certified-cotton.jpg\",\"datePublished\":\"2022-02-23T16:27:59+00:00\",\"dateModified\":\"2024-06-27T18:47:23+00:00\",\"description\":\"Cottoned's pet bed is the ultimate gift you can give your beloved pet. Filled with GOTs certified cotton. Fully customizable to your needs.\",\"breadcrumb\":{\"@id\":\"https:\\\/\\\/cottonedshop.com\\\/shop\\\/pet-bed\\\/#breadcrumb\"},\"inLanguage\":\"fi\",\"potentialAction\":[{\"@type\":\"ReadAction\",\"target\":[\"https:\\\/\\\/cottonedshop.com\\\/shop\\\/pet-bed\\\/\"]}]},{\"@type\":\"ImageObject\",\"inLanguage\":\"fi\",\"@id\":\"https:\\\/\\\/cottonedshop.com\\\/shop\\\/pet-bed\\\/#primaryimage\",\"url\":\"https:\\\/\\\/cottonedshop.com\\\/wp-content\\\/uploads\\\/2021\\\/07\\\/Cotttoned-Organic-Pet-Bed-with-Boards-Filled-with-GOTS-certified-cotton.jpg\",\"contentUrl\":\"https:\\\/\\\/cottonedshop.com\\\/wp-content\\\/uploads\\\/2021\\\/07\\\/Cotttoned-Organic-Pet-Bed-with-Boards-Filled-with-GOTS-certified-cotton.jpg\",\"width\":1200,\"height\":960,\"caption\":\"Cotttoned Organic Pet Bed with Boards Filled with GOTS certified cotton\"},{\"@type\":\"BreadcrumbList\",\"@id\":\"https:\\\/\\\/cottonedshop.com\\\/shop\\\/pet-bed\\\/#breadcrumb\",\"itemListElement\":[{\"@type\":\"ListItem\",\"position\":1,\"name\":\"Home\",\"item\":\"https:\\\/\\\/cottonedshop.com\\\/\"},{\"@type\":\"ListItem\",\"position\":2,\"name\":\"Shop\",\"item\":\"https:\\\/\\\/cottonedshop.com\\\/shop\\\/\"},{\"@type\":\"ListItem\",\"position\":3,\"name\":\"Custom Organic Cotton Pet Bed\"}]},{\"@type\":\"WebSite\",\"@id\":\"https:\\\/\\\/cottonedshop.com\\\/#website\",\"url\":\"https:\\\/\\\/cottonedshop.com\\\/\",\"name\":\"Cottoned Shop\",\"description\":\"\",\"publisher\":{\"@id\":\"https:\\\/\\\/cottonedshop.com\\\/#organization\"},\"potentialAction\":[{\"@type\":\"SearchAction\",\"target\":{\"@type\":\"EntryPoint\",\"urlTemplate\":\"https:\\\/\\\/cottonedshop.com\\\/?s={search_term_string}\"},\"query-input\":{\"@type\":\"PropertyValueSpecification\",\"valueRequired\":true,\"valueName\":\"search_term_string\"}}],\"inLanguage\":\"fi\"},{\"@type\":\"Organization\",\"@id\":\"https:\\\/\\\/cottonedshop.com\\\/#organization\",\"name\":\"Cottoned\",\"url\":\"https:\\\/\\\/cottonedshop.com\\\/\",\"logo\":{\"@type\":\"ImageObject\",\"inLanguage\":\"fi\",\"@id\":\"https:\\\/\\\/cottonedshop.com\\\/#\\\/schema\\\/logo\\\/image\\\/\",\"url\":\"https:\\\/\\\/cottonedshop.com\\\/wp-content\\\/uploads\\\/2021\\\/02\\\/cottoned-logo-large.png\",\"contentUrl\":\"https:\\\/\\\/cottonedshop.com\\\/wp-content\\\/uploads\\\/2021\\\/02\\\/cottoned-logo-large.png\",\"width\":1548,\"height\":1548,\"caption\":\"Cottoned\"},\"image\":{\"@id\":\"https:\\\/\\\/cottonedshop.com\\\/#\\\/schema\\\/logo\\\/image\\\/\"}}]}<\/script>\n<!-- \/ Yoast SEO plugin. -->","yoast_head_json":{"title":"Custom Organic Cotton Pet Bed | Cottoned Shop","description":"Cottonedin lemmikkis\u00e4nky on paras lahja, jonka voit antaa rakkaalle lemmikillesi. T\u00e4ytetty GOTs-sertifioidulla puuvillalla. T\u00e4ysin r\u00e4\u00e4t\u00e4l\u00f6it\u00e4viss\u00e4 tarpeidesi mukaan.","robots":{"index":"index","follow":"follow","max-snippet":"max-snippet:-1","max-image-preview":"max-image-preview:large","max-video-preview":"max-video-preview:-1"},"canonical":"https:\/\/cottonedshop.com\/fi\/shop\/lemmikkielainten-sanky\/","og_locale":"fi_FI","og_type":"article","og_title":"Custom Organic Cotton Pet Bed | Cottoned Shop","og_description":"Cottoned's pet bed is the ultimate gift you can give your beloved pet. Filled with GOTs certified cotton. Fully customizable to your needs.","og_url":"https:\/\/cottonedshop.com\/fi\/shop\/lemmikkielainten-sanky\/","og_site_name":"Cottoned Shop","article_modified_time":"2024-06-27T18:47:23+00:00","og_image":[{"width":1200,"height":960,"url":"https:\/\/cottonedshop.com\/wp-content\/uploads\/2021\/07\/Cotttoned-Organic-Pet-Bed-with-Boards-Filled-with-GOTS-certified-cotton.jpg","type":"image\/jpeg"}],"twitter_card":"summary_large_image","twitter_misc":{"Arvioitu lukuaika":"2 minuuttia"},"schema":{"@context":"https:\/\/schema.org","@graph":[{"@type":"WebPage","@id":"https:\/\/cottonedshop.com\/shop\/pet-bed\/","url":"https:\/\/cottonedshop.com\/shop\/pet-bed\/","name":"Custom Organic Cotton Pet Bed | Cottoned Shop","isPartOf":{"@id":"https:\/\/cottonedshop.com\/#website"},"primaryImageOfPage":{"@id":"https:\/\/cottonedshop.com\/shop\/pet-bed\/#primaryimage"},"image":{"@id":"https:\/\/cottonedshop.com\/shop\/pet-bed\/#primaryimage"},"thumbnailUrl":"https:\/\/cottonedshop.com\/wp-content\/uploads\/2021\/07\/Cotttoned-Organic-Pet-Bed-with-Boards-Filled-with-GOTS-certified-cotton.jpg","datePublished":"2022-02-23T16:27:59+00:00","dateModified":"2024-06-27T18:47:23+00:00","description":"Cottonedin lemmikkis\u00e4nky on paras lahja, jonka voit antaa rakkaalle lemmikillesi. T\u00e4ytetty GOTs-sertifioidulla puuvillalla. T\u00e4ysin r\u00e4\u00e4t\u00e4l\u00f6it\u00e4viss\u00e4 tarpeidesi mukaan.","breadcrumb":{"@id":"https:\/\/cottonedshop.com\/shop\/pet-bed\/#breadcrumb"},"inLanguage":"fi","potentialAction":[{"@type":"ReadAction","target":["https:\/\/cottonedshop.com\/shop\/pet-bed\/"]}]},{"@type":"ImageObject","inLanguage":"fi","@id":"https:\/\/cottonedshop.com\/shop\/pet-bed\/#primaryimage","url":"https:\/\/cottonedshop.com\/wp-content\/uploads\/2021\/07\/Cotttoned-Organic-Pet-Bed-with-Boards-Filled-with-GOTS-certified-cotton.jpg","contentUrl":"https:\/\/cottonedshop.com\/wp-content\/uploads\/2021\/07\/Cotttoned-Organic-Pet-Bed-with-Boards-Filled-with-GOTS-certified-cotton.jpg","width":1200,"height":960,"caption":"Cotttoned Organic Pet Bed with Boards Filled with GOTS certified cotton"},{"@type":"BreadcrumbList","@id":"https:\/\/cottonedshop.com\/shop\/pet-bed\/#breadcrumb","itemListElement":[{"@type":"ListItem","position":1,"name":"Home","item":"https:\/\/cottonedshop.com\/"},{"@type":"ListItem","position":2,"name":"Shop","item":"https:\/\/cottonedshop.com\/shop\/"},{"@type":"ListItem","position":3,"name":"Custom Organic Cotton Pet Bed"}]},{"@type":"WebSite","@id":"https:\/\/cottonedshop.com\/#website","url":"https:\/\/cottonedshop.com\/","name":"Puuvillainen kauppa","description":"","publisher":{"@id":"https:\/\/cottonedshop.com\/#organization"},"potentialAction":[{"@type":"SearchAction","target":{"@type":"EntryPoint","urlTemplate":"https:\/\/cottonedshop.com\/?s={search_term_string}"},"query-input":{"@type":"PropertyValueSpecification","valueRequired":true,"valueName":"search_term_string"}}],"inLanguage":"fi"},{"@type":"Organization","@id":"https:\/\/cottonedshop.com\/#organization","name":"Cottoned","url":"https:\/\/cottonedshop.com\/","logo":{"@type":"ImageObject","inLanguage":"fi","@id":"https:\/\/cottonedshop.com\/#\/schema\/logo\/image\/","url":"https:\/\/cottonedshop.com\/wp-content\/uploads\/2021\/02\/cottoned-logo-large.png","contentUrl":"https:\/\/cottonedshop.com\/wp-content\/uploads\/2021\/02\/cottoned-logo-large.png","width":1548,"height":1548,"caption":"Cottoned"},"image":{"@id":"https:\/\/cottonedshop.com\/#\/schema\/logo\/image\/"}}]}},"_links":{"self":[{"href":"https:\/\/cottonedshop.com\/fi\/wp-json\/wp\/v2\/product\/9137","targetHints":{"allow":["GET"]}}],"collection":[{"href":"https:\/\/cottonedshop.com\/fi\/wp-json\/wp\/v2\/product"}],"about":[{"href":"https:\/\/cottonedshop.com\/fi\/wp-json\/wp\/v2\/types\/product"}],"replies":[{"embeddable":true,"href":"https:\/\/cottonedshop.com\/fi\/wp-json\/wp\/v2\/comments?post=9137"}],"wp:featuredmedia":[{"embeddable":true,"href":"https:\/\/cottonedshop.com\/fi\/wp-json\/wp\/v2\/media\/7676"}],"wp:attachment":[{"href":"https:\/\/cottonedshop.com\/fi\/wp-json\/wp\/v2\/media?parent=9137"}],"wp:term":[{"taxonomy":"product_brand","embeddable":true,"href":"https:\/\/cottonedshop.com\/fi\/wp-json\/wp\/v2\/product_brand?post=9137"},{"taxonomy":"product_cat","embeddable":true,"href":"https:\/\/cottonedshop.com\/fi\/wp-json\/wp\/v2\/product_cat?post=9137"},{"taxonomy":"product_tag","embeddable":true,"href":"https:\/\/cottonedshop.com\/fi\/wp-json\/wp\/v2\/product_tag?post=9137"}],"curies":[{"name":"wp","href":"https:\/\/api.w.org\/{rel}","templated":true}]}}