{"id":1446,"date":"2019-11-11T12:14:57","date_gmt":"2019-11-11T10:14:57","guid":{"rendered":"https:\/\/cottonedshop.com\/?post_type=product&#038;p=1446"},"modified":"2024-06-27T13:02:11","modified_gmt":"2024-06-27T10:02:11","slug":"pyorea-tyyny","status":"publish","type":"product","link":"https:\/\/cottonedshop.com\/fi\/shop\/round-cushion\/","title":{"rendered":"Mukautettu orgaaninen puuvilla 3 \"Tufted py\u00f6re\u00e4 tyyny"},"content":{"rendered":"<div class=\"wpb-content-wrapper\"><div  class=\"sec_row container\"><div class=\"vc_row wpb_row vc_row-fluid\"><div class=\"wpb_column vc_column_container vc_col-sm-12 et-dark-column\"><div class=\"vc_column-inner\"><div class=\"wpb_wrapper\">\n\t<div class=\"wpb_text_column wpb_content_element\" >\n\t\t<div class=\"wpb_wrapper\">\n\t\t\t<p style=\"text-align: left;\"><strong>T\u00c4YTT\u00d6:<\/strong> <a href=\"https:\/\/cottonedshop.com\/product\/cotton-filling\/\">100% Orgaaninen GOTS-sertifioitu puuvillaa<\/a><\/p>\n<p style=\"text-align: left;\"><strong>OMINAISUUDET:<\/strong><\/p>\n<ul style=\"text-align: left;\">\n<li style=\"text-align: left;\">Vetoketju edess\u00e4 ja takana.<\/li>\n<li style=\"text-align: left;\">Mukana perusparannussarja jokaista puuvillat\u00e4ytteist\u00e4 esinett\u00e4 varten.<\/li>\n<\/ul>\n<p style=\"text-align: left;\"><strong>P\u00c4\u00c4LLYSKANGAS:\u00a0<\/strong><\/p>\n<ul style=\"text-align: left;\">\n<li>Max Cotton (100% Cotton), \u00d6ko-Tex-sertifioitu.<\/li>\n<li>Kanava (60% puuvilla\/40% polyesteri), \u00d6ko-Tex sertifioitu.<\/li>\n<li>Mimos (50 % puuvilla\/50% polyesteri), \u00d6ko-Tex sertifioitu.<\/li>\n<li>Bella (67% puuvilla\/33% pellava), \u00d6ko-Tex sertifioitu.<\/li>\n<li>Sametti (65% puuvilla\/35% polyesteri), \u00d6ko-Tex sertifioitu.<\/li>\n<li>Vett\u00e4 ja likaa hylkiv\u00e4 kangas (60% puuvilla\/40% polyesteri).<\/li>\n<li>V\u00e4rj\u00e4tty pellava (100% Linen), Oeko-tex-sertifioitu.<\/li>\n<li>100% Luomupuuvilla, raskas, valkaisematon (GOTS-sertifioitu).<\/li>\n<\/ul>\n<p>&nbsp;<\/p>\n<p style=\"text-align: left;\"><strong>HOITO-OHJEET<\/strong><\/p>\n<p style=\"text-align: left;\">1. K\u00e4\u00e4nn\u00e4 ja py\u00f6rit\u00e4 viikoittain kahden ensimm\u00e4isen kuukauden aikana, jotta se pakkautuu tasaisesti.<\/p>\n<p style=\"text-align: left;\">2. Puhdista vain paikalla.<\/p>\n<p>&nbsp;<\/p>\n<p style=\"text-align: left;\"><strong>T\u00c4RKE\u00c4\u00c4<\/strong><\/p>\n<p style=\"text-align: left;\">* T\u00e4m\u00e4 listaus koskee vain yht\u00e4 tyyny\u00e4.<br \/>\n* Puuvillat\u00e4ytteiset tuotteet puristuvat jonkin verran.<br \/>\n* K\u00e4sintehty tuote, pieni poikkeama mitoissa on mahdollinen.<\/p>\n<p style=\"text-align: left;\">Kiitos ajastanne!<\/p>\n\n\t\t<\/div>\n\t<\/div>\n\n\t<div class=\"wpb_raw_code wpb_raw_html wpb_content_element\" >\n\t\t<div class=\"wpb_wrapper\">\n\t\t\t<div class=\"klaviyo-form-SVRq2G\"><\/div>\n\t\t<\/div>\n\t<\/div>\n<\/div><\/div><\/div><\/div><\/div>\n<\/div>","protected":false},"excerpt":{"rendered":"<p style=\"text-align: left;\">Tee lausunto <strong>py\u00f6re\u00e4 tyyny <\/strong>joka kuvastaa yksil\u00f6llisyytt\u00e4si.<strong> K\u00e4sintehty huolella ja huomiota yksityiskohtiin kiinnitt\u00e4en, <\/strong>puuvillat\u00e4ytteinen istuintyyny nostaa rentoutumisen k\u00e4sitteen korkeammalle tasolle.<strong> ja sen <\/strong><strong>puhdasta orgaanista puuvillaa<\/strong><strong>, <\/strong><strong>korkealaatuiset, kest\u00e4v\u00e4t materiaalit<\/strong><strong>, <\/strong>ja<strong> muokattavissa oleva muotoilu.<\/strong><\/p>\n<p style=\"text-align: left;\">Valitse seuraavista vaihtoehdoista\u00a0<strong>laaja valikoima kankaita<\/strong>,\u00a0<strong>v\u00e4rit<\/strong>,\u00a0<strong>koot<\/strong>,\u00a0<strong>muodot<\/strong>,\u00a0<strong>putkisto,<\/strong>\u00a0ja\u00a0<strong>tufting vaihtoehdot<\/strong> jotta voit luoda tyynyn, joka t\u00e4ydent\u00e4\u00e4 oleskelualuettasi ja on valmis sopimaan tilaan omalla tavallasi.<\/p>\n<ul>\n<li style=\"text-align: left;\">100%\u00a0<strong>luomupuuvilla<\/strong>\u00a0t\u00e4yte sis\u00e4ll\u00e4.<\/li>\n<li style=\"text-align: left;\"><strong>Tilausty\u00f6n\u00e4<\/strong>\u00a0mieltymyksiisi sopivaksi.<\/li>\n<li style=\"text-align: left;\"><strong>Luonnollinen vaihtoehto<\/strong>\u00a0vaahtomuovityynyihin.<\/li>\n<li style=\"text-align: left;\"><strong>Raja<\/strong>\u00a0altistuminen\u00a0<strong>vaaralliset VOC-yhdisteet<\/strong>\u00a0kotonasi.<\/li>\n<li style=\"text-align: left;\">Ilmainen<strong>\u00a0korjaussarja<\/strong>\u00a0mukana.<\/li>\n<li style=\"text-align: left;\">Kaikki\u00a0<strong>verot<\/strong>\u00a0ja\u00a0<strong>teht\u00e4v\u00e4t<\/strong>\u00a0ovat\u00a0<strong>mukana<\/strong>.<\/li>\n<\/ul>","protected":false},"featured_media":1447,"comment_status":"open","ping_status":"closed","template":"","meta":[],"product_brand":[],"product_cat":[29],"product_tag":[414,97,98,99,100,101,102,103,104,105,106],"class_list":{"0":"post-1446","1":"product","2":"type-product","3":"status-publish","4":"has-post-thumbnail","6":"product_cat-cushions","7":"product_tag-buttoned-cushion","8":"product_tag-floor-cushion","9":"product_tag-floor-pillow-seat","10":"product_tag-floor-pillows","11":"product_tag-floor-pouf","12":"product_tag-floor-seating","13":"product_tag-nursery-floor-pillow","14":"product_tag-round-lounge-pillow","15":"product_tag-round-seat-cushion","16":"product_tag-seat-cushion","17":"product_tag-sitting-pad","19":"first","20":"instock","21":"shipping-taxable","22":"product-type-external"},"yoast_head":"<!-- This site is optimized with the Yoast SEO plugin v27.4 - https:\/\/yoast.com\/product\/yoast-seo-wordpress\/ -->\n<title>Custom Organic Cotton 3&quot; Tufted Round Cushion | Cottoned Shop | Handmade Natural Decor<\/title>\n<meta name=\"description\" content=\"Handmade and hand-tufted round floor cushion filled with organic cotton. We can create any custom size or shape on request.\" \/>\n<meta name=\"robots\" content=\"index, follow, max-snippet:-1, max-image-preview:large, max-video-preview:-1\" \/>\n<link rel=\"canonical\" href=\"https:\/\/cottonedshop.com\/fi\/shop\/pyorea-tyyny\/\" \/>\n<meta property=\"og:locale\" content=\"fi_FI\" \/>\n<meta property=\"og:type\" content=\"article\" \/>\n<meta property=\"og:title\" content=\"Custom Organic Cotton 3&quot; Tufted Round Cushion | Cottoned Shop | Handmade Natural Decor\" \/>\n<meta property=\"og:description\" content=\"Handmade and hand-tufted round floor cushion filled with organic cotton. We can create any custom size or shape on request.\" \/>\n<meta property=\"og:url\" content=\"https:\/\/cottonedshop.com\/fi\/shop\/pyorea-tyyny\/\" \/>\n<meta property=\"og:site_name\" content=\"Cottoned Shop\" \/>\n<meta property=\"article:modified_time\" content=\"2024-06-27T10:02:11+00:00\" \/>\n<meta property=\"og:image\" content=\"https:\/\/cottonedshop.com\/wp-content\/uploads\/2019\/11\/Cottoned-round-tufted-floor-cushion-with-organic-cotton-filling.jpg\" \/>\n\t<meta property=\"og:image:width\" content=\"1300\" \/>\n\t<meta property=\"og:image:height\" content=\"1040\" \/>\n\t<meta property=\"og:image:type\" content=\"image\/jpeg\" \/>\n<meta name=\"twitter:card\" content=\"summary_large_image\" \/>\n<meta name=\"twitter:label1\" content=\"Arvioitu lukuaika\" \/>\n\t<meta name=\"twitter:data1\" content=\"1 minuutti\" \/>\n<script type=\"application\/ld+json\" class=\"yoast-schema-graph\">{\"@context\":\"https:\\\/\\\/schema.org\",\"@graph\":[{\"@type\":\"WebPage\",\"@id\":\"https:\\\/\\\/cottonedshop.com\\\/shop\\\/round-cushion\\\/\",\"url\":\"https:\\\/\\\/cottonedshop.com\\\/shop\\\/round-cushion\\\/\",\"name\":\"Custom Organic Cotton 3\\\" Tufted Round Cushion | Cottoned Shop | Handmade Natural Decor\",\"isPartOf\":{\"@id\":\"https:\\\/\\\/cottonedshop.com\\\/#website\"},\"primaryImageOfPage\":{\"@id\":\"https:\\\/\\\/cottonedshop.com\\\/shop\\\/round-cushion\\\/#primaryimage\"},\"image\":{\"@id\":\"https:\\\/\\\/cottonedshop.com\\\/shop\\\/round-cushion\\\/#primaryimage\"},\"thumbnailUrl\":\"https:\\\/\\\/cottonedshop.com\\\/wp-content\\\/uploads\\\/2019\\\/11\\\/Cottoned-round-tufted-floor-cushion-with-organic-cotton-filling.jpg\",\"datePublished\":\"2019-11-11T10:14:57+00:00\",\"dateModified\":\"2024-06-27T10:02:11+00:00\",\"description\":\"Handmade and hand-tufted round floor cushion filled with organic cotton. We can create any custom size or shape on request.\",\"breadcrumb\":{\"@id\":\"https:\\\/\\\/cottonedshop.com\\\/shop\\\/round-cushion\\\/#breadcrumb\"},\"inLanguage\":\"fi\",\"potentialAction\":[{\"@type\":\"ReadAction\",\"target\":[\"https:\\\/\\\/cottonedshop.com\\\/shop\\\/round-cushion\\\/\"]}]},{\"@type\":\"ImageObject\",\"inLanguage\":\"fi\",\"@id\":\"https:\\\/\\\/cottonedshop.com\\\/shop\\\/round-cushion\\\/#primaryimage\",\"url\":\"https:\\\/\\\/cottonedshop.com\\\/wp-content\\\/uploads\\\/2019\\\/11\\\/Cottoned-round-tufted-floor-cushion-with-organic-cotton-filling.jpg\",\"contentUrl\":\"https:\\\/\\\/cottonedshop.com\\\/wp-content\\\/uploads\\\/2019\\\/11\\\/Cottoned-round-tufted-floor-cushion-with-organic-cotton-filling.jpg\",\"width\":1300,\"height\":1040,\"caption\":\"Cottoned round tufted floor cushion with organic cotton filling\"},{\"@type\":\"BreadcrumbList\",\"@id\":\"https:\\\/\\\/cottonedshop.com\\\/shop\\\/round-cushion\\\/#breadcrumb\",\"itemListElement\":[{\"@type\":\"ListItem\",\"position\":1,\"name\":\"Home\",\"item\":\"https:\\\/\\\/cottonedshop.com\\\/\"},{\"@type\":\"ListItem\",\"position\":2,\"name\":\"Shop\",\"item\":\"https:\\\/\\\/cottonedshop.com\\\/shop\\\/\"},{\"@type\":\"ListItem\",\"position\":3,\"name\":\"Custom Organic Cotton 3&#8243; Tufted Round Cushion\"}]},{\"@type\":\"WebSite\",\"@id\":\"https:\\\/\\\/cottonedshop.com\\\/#website\",\"url\":\"https:\\\/\\\/cottonedshop.com\\\/\",\"name\":\"Cottoned Shop\",\"description\":\"\",\"publisher\":{\"@id\":\"https:\\\/\\\/cottonedshop.com\\\/#organization\"},\"potentialAction\":[{\"@type\":\"SearchAction\",\"target\":{\"@type\":\"EntryPoint\",\"urlTemplate\":\"https:\\\/\\\/cottonedshop.com\\\/?s={search_term_string}\"},\"query-input\":{\"@type\":\"PropertyValueSpecification\",\"valueRequired\":true,\"valueName\":\"search_term_string\"}}],\"inLanguage\":\"fi\"},{\"@type\":\"Organization\",\"@id\":\"https:\\\/\\\/cottonedshop.com\\\/#organization\",\"name\":\"Cottoned\",\"url\":\"https:\\\/\\\/cottonedshop.com\\\/\",\"logo\":{\"@type\":\"ImageObject\",\"inLanguage\":\"fi\",\"@id\":\"https:\\\/\\\/cottonedshop.com\\\/#\\\/schema\\\/logo\\\/image\\\/\",\"url\":\"https:\\\/\\\/cottonedshop.com\\\/wp-content\\\/uploads\\\/2021\\\/02\\\/cottoned-logo-large.png\",\"contentUrl\":\"https:\\\/\\\/cottonedshop.com\\\/wp-content\\\/uploads\\\/2021\\\/02\\\/cottoned-logo-large.png\",\"width\":1548,\"height\":1548,\"caption\":\"Cottoned\"},\"image\":{\"@id\":\"https:\\\/\\\/cottonedshop.com\\\/#\\\/schema\\\/logo\\\/image\\\/\"}}]}<\/script>\n<!-- \/ Yoast SEO plugin. -->","yoast_head_json":{"title":"Custom Organic Cotton 3 \"Tufted Round Cushion | Cottoned Shop | K\u00e4sintehty luonnollinen sisustus","description":"K\u00e4sintehty ja k\u00e4sin tuftattu py\u00f6re\u00e4 lattiatyyny, joka on t\u00e4ytetty luomupuuvillalla. Voimme luoda mink\u00e4 tahansa mukautetun koon tai muodon pyynn\u00f6st\u00e4.","robots":{"index":"index","follow":"follow","max-snippet":"max-snippet:-1","max-image-preview":"max-image-preview:large","max-video-preview":"max-video-preview:-1"},"canonical":"https:\/\/cottonedshop.com\/fi\/shop\/pyorea-tyyny\/","og_locale":"fi_FI","og_type":"article","og_title":"Custom Organic Cotton 3\" Tufted Round Cushion | Cottoned Shop | Handmade Natural Decor","og_description":"Handmade and hand-tufted round floor cushion filled with organic cotton. We can create any custom size or shape on request.","og_url":"https:\/\/cottonedshop.com\/fi\/shop\/pyorea-tyyny\/","og_site_name":"Cottoned Shop","article_modified_time":"2024-06-27T10:02:11+00:00","og_image":[{"width":1300,"height":1040,"url":"https:\/\/cottonedshop.com\/wp-content\/uploads\/2019\/11\/Cottoned-round-tufted-floor-cushion-with-organic-cotton-filling.jpg","type":"image\/jpeg"}],"twitter_card":"summary_large_image","twitter_misc":{"Arvioitu lukuaika":"1 minuutti"},"schema":{"@context":"https:\/\/schema.org","@graph":[{"@type":"WebPage","@id":"https:\/\/cottonedshop.com\/shop\/round-cushion\/","url":"https:\/\/cottonedshop.com\/shop\/round-cushion\/","name":"Custom Organic Cotton 3 \"Tufted Round Cushion | Cottoned Shop | K\u00e4sintehty luonnollinen sisustus","isPartOf":{"@id":"https:\/\/cottonedshop.com\/#website"},"primaryImageOfPage":{"@id":"https:\/\/cottonedshop.com\/shop\/round-cushion\/#primaryimage"},"image":{"@id":"https:\/\/cottonedshop.com\/shop\/round-cushion\/#primaryimage"},"thumbnailUrl":"https:\/\/cottonedshop.com\/wp-content\/uploads\/2019\/11\/Cottoned-round-tufted-floor-cushion-with-organic-cotton-filling.jpg","datePublished":"2019-11-11T10:14:57+00:00","dateModified":"2024-06-27T10:02:11+00:00","description":"K\u00e4sintehty ja k\u00e4sin tuftattu py\u00f6re\u00e4 lattiatyyny, joka on t\u00e4ytetty luomupuuvillalla. Voimme luoda mink\u00e4 tahansa mukautetun koon tai muodon pyynn\u00f6st\u00e4.","breadcrumb":{"@id":"https:\/\/cottonedshop.com\/shop\/round-cushion\/#breadcrumb"},"inLanguage":"fi","potentialAction":[{"@type":"ReadAction","target":["https:\/\/cottonedshop.com\/shop\/round-cushion\/"]}]},{"@type":"ImageObject","inLanguage":"fi","@id":"https:\/\/cottonedshop.com\/shop\/round-cushion\/#primaryimage","url":"https:\/\/cottonedshop.com\/wp-content\/uploads\/2019\/11\/Cottoned-round-tufted-floor-cushion-with-organic-cotton-filling.jpg","contentUrl":"https:\/\/cottonedshop.com\/wp-content\/uploads\/2019\/11\/Cottoned-round-tufted-floor-cushion-with-organic-cotton-filling.jpg","width":1300,"height":1040,"caption":"Cottoned round tufted floor cushion with organic cotton filling"},{"@type":"BreadcrumbList","@id":"https:\/\/cottonedshop.com\/shop\/round-cushion\/#breadcrumb","itemListElement":[{"@type":"ListItem","position":1,"name":"Home","item":"https:\/\/cottonedshop.com\/"},{"@type":"ListItem","position":2,"name":"Shop","item":"https:\/\/cottonedshop.com\/shop\/"},{"@type":"ListItem","position":3,"name":"Custom Organic Cotton 3&#8243; Tufted Round Cushion"}]},{"@type":"WebSite","@id":"https:\/\/cottonedshop.com\/#website","url":"https:\/\/cottonedshop.com\/","name":"Puuvillainen kauppa","description":"","publisher":{"@id":"https:\/\/cottonedshop.com\/#organization"},"potentialAction":[{"@type":"SearchAction","target":{"@type":"EntryPoint","urlTemplate":"https:\/\/cottonedshop.com\/?s={search_term_string}"},"query-input":{"@type":"PropertyValueSpecification","valueRequired":true,"valueName":"search_term_string"}}],"inLanguage":"fi"},{"@type":"Organization","@id":"https:\/\/cottonedshop.com\/#organization","name":"Cottoned","url":"https:\/\/cottonedshop.com\/","logo":{"@type":"ImageObject","inLanguage":"fi","@id":"https:\/\/cottonedshop.com\/#\/schema\/logo\/image\/","url":"https:\/\/cottonedshop.com\/wp-content\/uploads\/2021\/02\/cottoned-logo-large.png","contentUrl":"https:\/\/cottonedshop.com\/wp-content\/uploads\/2021\/02\/cottoned-logo-large.png","width":1548,"height":1548,"caption":"Cottoned"},"image":{"@id":"https:\/\/cottonedshop.com\/#\/schema\/logo\/image\/"}}]}},"_links":{"self":[{"href":"https:\/\/cottonedshop.com\/fi\/wp-json\/wp\/v2\/product\/1446","targetHints":{"allow":["GET"]}}],"collection":[{"href":"https:\/\/cottonedshop.com\/fi\/wp-json\/wp\/v2\/product"}],"about":[{"href":"https:\/\/cottonedshop.com\/fi\/wp-json\/wp\/v2\/types\/product"}],"replies":[{"embeddable":true,"href":"https:\/\/cottonedshop.com\/fi\/wp-json\/wp\/v2\/comments?post=1446"}],"wp:featuredmedia":[{"embeddable":true,"href":"https:\/\/cottonedshop.com\/fi\/wp-json\/wp\/v2\/media\/1447"}],"wp:attachment":[{"href":"https:\/\/cottonedshop.com\/fi\/wp-json\/wp\/v2\/media?parent=1446"}],"wp:term":[{"taxonomy":"product_brand","embeddable":true,"href":"https:\/\/cottonedshop.com\/fi\/wp-json\/wp\/v2\/product_brand?post=1446"},{"taxonomy":"product_cat","embeddable":true,"href":"https:\/\/cottonedshop.com\/fi\/wp-json\/wp\/v2\/product_cat?post=1446"},{"taxonomy":"product_tag","embeddable":true,"href":"https:\/\/cottonedshop.com\/fi\/wp-json\/wp\/v2\/product_tag?post=1446"}],"curies":[{"name":"wp","href":"https:\/\/api.w.org\/{rel}","templated":true}]}}