{"id":13348,"date":"2024-06-11T16:11:51","date_gmt":"2024-06-11T13:11:51","guid":{"rendered":"https:\/\/cottonedshop.com\/?post_type=product&#038;p=13348"},"modified":"2024-06-12T00:35:41","modified_gmt":"2024-06-11T21:35:41","slug":"pyydetyt-muutokset-tilaukseen-13344-custom-colynille","status":"publish","type":"product","link":"https:\/\/cottonedshop.com\/fi\/shop\/requested-changes-to-order-13344-custom-for-colyn\/","title":{"rendered":"Pyydetyt muutokset tilaukseen #13344 \/ Custom for Colyn"},"content":{"rendered":"<p>T\u00e4m\u00e4 listaus on muuttaa kohteita j\u00e4rjestyksess\u00e4 #13344 tulla:<\/p>\n<div>(A) PUOLISUUNNIKKAAN MUOTOINEN TUFTATTU TYYNY<\/div>\n<div><\/div>\n<div>16 x 50 x 2\" (40,6 x 127 x 5 cm).<\/div>\n<div>T\u00e4yte: 1,7 kg (3,6 lbs) GOTS-sertifioitua luomupuuvillakuitua.<\/div>\n<div><\/div>\n<div>KOKO: puolisuunnikkaan muotoinen puolisuunnikkaan muotoinen.<\/div>\n<div>Edess\u00e4: 24\"<\/div>\n<div>Selk\u00e4: 50\"<\/div>\n<div>Syvyys: 16\"<\/div>\n<div>Paksuus: 2\"<\/div>\n<div><\/div>\n<div>(B) PUOLISUUNNIKKAAN MUOTOINEN TUFTATTU TYYNY.<\/div>\n<div><\/div>\n<div>16 x 84 x 2\" (40,6 x 213,4 x 5 cm).<\/div>\n<div>T\u00e4yte: 2,8 kg (6,1 lbs) GOTS-sertifioitua luomupuuvillakuitua.<\/div>\n<div><\/div>\n<div>KOKO: puolisuunnikkaan muotoinen puolisuunnikkaan muotoinen.<\/div>\n<div>Edess\u00e4: 59\"<\/div>\n<div>Selk\u00e4: 84\"<\/div>\n<div>Syvyys: 16\"<\/div>\n<div>Paksuus: 2\"<\/div>\n<div><\/div>\n<div>OMINAISUUDET:<\/div>\n<div>Vetoketju takapuolella.<\/div>\n<div>Koko tyynyn l\u00e4pi kulkeva tufting, joka est\u00e4\u00e4 puuvillat\u00e4ytett\u00e4 siirtym\u00e4st\u00e4.<\/div>\n<div><\/div>\n<div>REUNAT:- Ei putkistoa<\/div>\n<div><\/div>\n<div>Tuftien viimeistely:- Tufit lankamukilla (v\u00e4ri voi poiketa hieman kankaan v\u00e4rist\u00e4).<\/div>\n<div><\/div>\n<div>KUDONTAMALLI: - Timantti<\/div>\n<div><\/div>\n<div>KANGAS:- Vett\u00e4 ja likaa hylkiv\u00e4 kangas (60% puuvilla\/40% polyesteri), Bionic-viimeistely, (Oeko-tex-sertifioitu) - v\u00e4ri 3979.<\/div>\n<div><\/div>\n<div>SINUN TOIMITUSMENETELM\u00c4:- ILMAINEN ECONOMY, 1-4 viikon kuljetusaika.<\/div>\n<div>&#8212;&#8212;&#8212;&#8212;&#8212;&#8212;&#8212;-<\/div>","protected":false},"excerpt":{"rendered":"<p>This listing is to change the items in order #13344 to become: (A) TRAPEZOID TUFTED CUSHION 16 x 50 x 2&#8221; (40.6 x 127 x 5 cm) FILLING: 1.7 kg (3.6 lbs) of Organic GOTS Certified Cotton Fibers SIZE: trapezoid trapezoid Front: 24\u201d Back: 50\u201d Depth: 16\u201d Thickness: 2\u201d (B) [&hellip;]<\/p>\n","protected":false},"featured_media":4150,"comment_status":"open","ping_status":"closed","template":"","meta":[],"product_brand":[],"product_cat":[29],"product_tag":[],"class_list":{"0":"post-13348","1":"product","2":"type-product","3":"status-publish","4":"has-post-thumbnail","6":"product_cat-cushions","8":"first","9":"outofstock","10":"shipping-taxable","11":"purchasable","12":"product-type-simple"},"yoast_head":"<!-- This site is optimized with the Yoast SEO plugin v27.3 - https:\/\/yoast.com\/product\/yoast-seo-wordpress\/ -->\n<title>Requested Changes to order #13344 \/ Custom for Colyn | Cottoned Shop<\/title>\n<meta name=\"robots\" content=\"index, follow, max-snippet:-1, max-image-preview:large, max-video-preview:-1\" \/>\n<link rel=\"canonical\" href=\"https:\/\/cottonedshop.com\/fi\/shop\/pyydetyt-muutokset-tilaukseen-13344-custom-colynille\/\" \/>\n<meta property=\"og:locale\" content=\"fi_FI\" \/>\n<meta property=\"og:type\" content=\"article\" \/>\n<meta property=\"og:title\" content=\"Requested Changes to order #13344 \/ Custom for Colyn | Cottoned Shop\" \/>\n<meta property=\"og:description\" content=\"This listing is to change the items in order #13344 to become: (A) TRAPEZOID TUFTED CUSHION 16 x 50 x 2&#8221; (40.6 x 127 x 5 cm) FILLING: 1.7 kg (3.6 lbs) of Organic GOTS Certified Cotton Fibers SIZE: trapezoid trapezoid Front: 24\u201d Back: 50\u201d Depth: 16\u201d Thickness: 2\u201d (B) [&hellip;]\" \/>\n<meta property=\"og:url\" content=\"https:\/\/cottonedshop.com\/fi\/shop\/pyydetyt-muutokset-tilaukseen-13344-custom-colynille\/\" \/>\n<meta property=\"og:site_name\" content=\"Cottoned Shop\" \/>\n<meta property=\"article:modified_time\" content=\"2024-06-11T21:35:41+00:00\" \/>\n<meta property=\"og:image\" content=\"https:\/\/cottonedshop.com\/wp-content\/uploads\/2021\/02\/cottoned-logo-large.png\" \/>\n\t<meta property=\"og:image:width\" content=\"1548\" \/>\n\t<meta property=\"og:image:height\" content=\"1548\" \/>\n\t<meta property=\"og:image:type\" content=\"image\/png\" \/>\n<meta name=\"twitter:card\" content=\"summary_large_image\" \/>\n<meta name=\"twitter:label1\" content=\"Arvioitu lukuaika\" \/>\n\t<meta name=\"twitter:data1\" content=\"1 minuutti\" \/>\n<script type=\"application\/ld+json\" class=\"yoast-schema-graph\">{\"@context\":\"https:\\\/\\\/schema.org\",\"@graph\":[{\"@type\":\"WebPage\",\"@id\":\"https:\\\/\\\/cottonedshop.com\\\/shop\\\/requested-changes-to-order-13344-custom-for-colyn\\\/\",\"url\":\"https:\\\/\\\/cottonedshop.com\\\/shop\\\/requested-changes-to-order-13344-custom-for-colyn\\\/\",\"name\":\"Requested Changes to order #13344 \\\/ Custom for Colyn | Cottoned Shop\",\"isPartOf\":{\"@id\":\"https:\\\/\\\/cottonedshop.com\\\/#website\"},\"primaryImageOfPage\":{\"@id\":\"https:\\\/\\\/cottonedshop.com\\\/shop\\\/requested-changes-to-order-13344-custom-for-colyn\\\/#primaryimage\"},\"image\":{\"@id\":\"https:\\\/\\\/cottonedshop.com\\\/shop\\\/requested-changes-to-order-13344-custom-for-colyn\\\/#primaryimage\"},\"thumbnailUrl\":\"https:\\\/\\\/cottonedshop.com\\\/wp-content\\\/uploads\\\/2021\\\/02\\\/cottoned-logo-large.png\",\"datePublished\":\"2024-06-11T13:11:51+00:00\",\"dateModified\":\"2024-06-11T21:35:41+00:00\",\"breadcrumb\":{\"@id\":\"https:\\\/\\\/cottonedshop.com\\\/shop\\\/requested-changes-to-order-13344-custom-for-colyn\\\/#breadcrumb\"},\"inLanguage\":\"fi\",\"potentialAction\":[{\"@type\":\"ReadAction\",\"target\":[\"https:\\\/\\\/cottonedshop.com\\\/shop\\\/requested-changes-to-order-13344-custom-for-colyn\\\/\"]}]},{\"@type\":\"ImageObject\",\"inLanguage\":\"fi\",\"@id\":\"https:\\\/\\\/cottonedshop.com\\\/shop\\\/requested-changes-to-order-13344-custom-for-colyn\\\/#primaryimage\",\"url\":\"https:\\\/\\\/cottonedshop.com\\\/wp-content\\\/uploads\\\/2021\\\/02\\\/cottoned-logo-large.png\",\"contentUrl\":\"https:\\\/\\\/cottonedshop.com\\\/wp-content\\\/uploads\\\/2021\\\/02\\\/cottoned-logo-large.png\",\"width\":1548,\"height\":1548,\"caption\":\"cottoned logo\"},{\"@type\":\"BreadcrumbList\",\"@id\":\"https:\\\/\\\/cottonedshop.com\\\/shop\\\/requested-changes-to-order-13344-custom-for-colyn\\\/#breadcrumb\",\"itemListElement\":[{\"@type\":\"ListItem\",\"position\":1,\"name\":\"Home\",\"item\":\"https:\\\/\\\/cottonedshop.com\\\/\"},{\"@type\":\"ListItem\",\"position\":2,\"name\":\"Shop\",\"item\":\"https:\\\/\\\/cottonedshop.com\\\/shop\\\/\"},{\"@type\":\"ListItem\",\"position\":3,\"name\":\"Requested Changes to order #13344 \\\/ Custom for Colyn\"}]},{\"@type\":\"WebSite\",\"@id\":\"https:\\\/\\\/cottonedshop.com\\\/#website\",\"url\":\"https:\\\/\\\/cottonedshop.com\\\/\",\"name\":\"Cottoned Shop\",\"description\":\"\",\"publisher\":{\"@id\":\"https:\\\/\\\/cottonedshop.com\\\/#organization\"},\"potentialAction\":[{\"@type\":\"SearchAction\",\"target\":{\"@type\":\"EntryPoint\",\"urlTemplate\":\"https:\\\/\\\/cottonedshop.com\\\/?s={search_term_string}\"},\"query-input\":{\"@type\":\"PropertyValueSpecification\",\"valueRequired\":true,\"valueName\":\"search_term_string\"}}],\"inLanguage\":\"fi\"},{\"@type\":\"Organization\",\"@id\":\"https:\\\/\\\/cottonedshop.com\\\/#organization\",\"name\":\"Cottoned\",\"url\":\"https:\\\/\\\/cottonedshop.com\\\/\",\"logo\":{\"@type\":\"ImageObject\",\"inLanguage\":\"fi\",\"@id\":\"https:\\\/\\\/cottonedshop.com\\\/#\\\/schema\\\/logo\\\/image\\\/\",\"url\":\"https:\\\/\\\/cottonedshop.com\\\/wp-content\\\/uploads\\\/2021\\\/02\\\/cottoned-logo-large.png\",\"contentUrl\":\"https:\\\/\\\/cottonedshop.com\\\/wp-content\\\/uploads\\\/2021\\\/02\\\/cottoned-logo-large.png\",\"width\":1548,\"height\":1548,\"caption\":\"Cottoned\"},\"image\":{\"@id\":\"https:\\\/\\\/cottonedshop.com\\\/#\\\/schema\\\/logo\\\/image\\\/\"}}]}<\/script>\n<!-- \/ Yoast SEO plugin. -->","yoast_head_json":{"title":"Pyydetyt muutokset tilaukseen #13344 \/ Custom for Colyn | Cottoned Shop","robots":{"index":"index","follow":"follow","max-snippet":"max-snippet:-1","max-image-preview":"max-image-preview:large","max-video-preview":"max-video-preview:-1"},"canonical":"https:\/\/cottonedshop.com\/fi\/shop\/pyydetyt-muutokset-tilaukseen-13344-custom-colynille\/","og_locale":"fi_FI","og_type":"article","og_title":"Requested Changes to order #13344 \/ Custom for Colyn | Cottoned Shop","og_description":"This listing is to change the items in order #13344 to become: (A) TRAPEZOID TUFTED CUSHION 16 x 50 x 2&#8221; (40.6 x 127 x 5 cm) FILLING: 1.7 kg (3.6 lbs) of Organic GOTS Certified Cotton Fibers SIZE: trapezoid trapezoid Front: 24\u201d Back: 50\u201d Depth: 16\u201d Thickness: 2\u201d (B) [&hellip;]","og_url":"https:\/\/cottonedshop.com\/fi\/shop\/pyydetyt-muutokset-tilaukseen-13344-custom-colynille\/","og_site_name":"Cottoned Shop","article_modified_time":"2024-06-11T21:35:41+00:00","og_image":[{"width":1548,"height":1548,"url":"https:\/\/cottonedshop.com\/wp-content\/uploads\/2021\/02\/cottoned-logo-large.png","type":"image\/png"}],"twitter_card":"summary_large_image","twitter_misc":{"Arvioitu lukuaika":"1 minuutti"},"schema":{"@context":"https:\/\/schema.org","@graph":[{"@type":"WebPage","@id":"https:\/\/cottonedshop.com\/shop\/requested-changes-to-order-13344-custom-for-colyn\/","url":"https:\/\/cottonedshop.com\/shop\/requested-changes-to-order-13344-custom-for-colyn\/","name":"Pyydetyt muutokset tilaukseen #13344 \/ Custom for Colyn | Cottoned Shop","isPartOf":{"@id":"https:\/\/cottonedshop.com\/#website"},"primaryImageOfPage":{"@id":"https:\/\/cottonedshop.com\/shop\/requested-changes-to-order-13344-custom-for-colyn\/#primaryimage"},"image":{"@id":"https:\/\/cottonedshop.com\/shop\/requested-changes-to-order-13344-custom-for-colyn\/#primaryimage"},"thumbnailUrl":"https:\/\/cottonedshop.com\/wp-content\/uploads\/2021\/02\/cottoned-logo-large.png","datePublished":"2024-06-11T13:11:51+00:00","dateModified":"2024-06-11T21:35:41+00:00","breadcrumb":{"@id":"https:\/\/cottonedshop.com\/shop\/requested-changes-to-order-13344-custom-for-colyn\/#breadcrumb"},"inLanguage":"fi","potentialAction":[{"@type":"ReadAction","target":["https:\/\/cottonedshop.com\/shop\/requested-changes-to-order-13344-custom-for-colyn\/"]}]},{"@type":"ImageObject","inLanguage":"fi","@id":"https:\/\/cottonedshop.com\/shop\/requested-changes-to-order-13344-custom-for-colyn\/#primaryimage","url":"https:\/\/cottonedshop.com\/wp-content\/uploads\/2021\/02\/cottoned-logo-large.png","contentUrl":"https:\/\/cottonedshop.com\/wp-content\/uploads\/2021\/02\/cottoned-logo-large.png","width":1548,"height":1548,"caption":"cottoned logo"},{"@type":"BreadcrumbList","@id":"https:\/\/cottonedshop.com\/shop\/requested-changes-to-order-13344-custom-for-colyn\/#breadcrumb","itemListElement":[{"@type":"ListItem","position":1,"name":"Home","item":"https:\/\/cottonedshop.com\/"},{"@type":"ListItem","position":2,"name":"Shop","item":"https:\/\/cottonedshop.com\/shop\/"},{"@type":"ListItem","position":3,"name":"Requested Changes to order #13344 \/ Custom for Colyn"}]},{"@type":"WebSite","@id":"https:\/\/cottonedshop.com\/#website","url":"https:\/\/cottonedshop.com\/","name":"Puuvillainen kauppa","description":"","publisher":{"@id":"https:\/\/cottonedshop.com\/#organization"},"potentialAction":[{"@type":"SearchAction","target":{"@type":"EntryPoint","urlTemplate":"https:\/\/cottonedshop.com\/?s={search_term_string}"},"query-input":{"@type":"PropertyValueSpecification","valueRequired":true,"valueName":"search_term_string"}}],"inLanguage":"fi"},{"@type":"Organization","@id":"https:\/\/cottonedshop.com\/#organization","name":"Cottoned","url":"https:\/\/cottonedshop.com\/","logo":{"@type":"ImageObject","inLanguage":"fi","@id":"https:\/\/cottonedshop.com\/#\/schema\/logo\/image\/","url":"https:\/\/cottonedshop.com\/wp-content\/uploads\/2021\/02\/cottoned-logo-large.png","contentUrl":"https:\/\/cottonedshop.com\/wp-content\/uploads\/2021\/02\/cottoned-logo-large.png","width":1548,"height":1548,"caption":"Cottoned"},"image":{"@id":"https:\/\/cottonedshop.com\/#\/schema\/logo\/image\/"}}]}},"_links":{"self":[{"href":"https:\/\/cottonedshop.com\/fi\/wp-json\/wp\/v2\/product\/13348","targetHints":{"allow":["GET"]}}],"collection":[{"href":"https:\/\/cottonedshop.com\/fi\/wp-json\/wp\/v2\/product"}],"about":[{"href":"https:\/\/cottonedshop.com\/fi\/wp-json\/wp\/v2\/types\/product"}],"replies":[{"embeddable":true,"href":"https:\/\/cottonedshop.com\/fi\/wp-json\/wp\/v2\/comments?post=13348"}],"wp:featuredmedia":[{"embeddable":true,"href":"https:\/\/cottonedshop.com\/fi\/wp-json\/wp\/v2\/media\/4150"}],"wp:attachment":[{"href":"https:\/\/cottonedshop.com\/fi\/wp-json\/wp\/v2\/media?parent=13348"}],"wp:term":[{"taxonomy":"product_brand","embeddable":true,"href":"https:\/\/cottonedshop.com\/fi\/wp-json\/wp\/v2\/product_brand?post=13348"},{"taxonomy":"product_cat","embeddable":true,"href":"https:\/\/cottonedshop.com\/fi\/wp-json\/wp\/v2\/product_cat?post=13348"},{"taxonomy":"product_tag","embeddable":true,"href":"https:\/\/cottonedshop.com\/fi\/wp-json\/wp\/v2\/product_tag?post=13348"}],"curies":[{"name":"wp","href":"https:\/\/api.w.org\/{rel}","templated":true}]}}