{"id":65,"date":"2016-04-12T06:53:45","date_gmt":"2016-04-12T06:53:45","guid":{"rendered":"http:\/\/import.getbowtied.com\/merchandiser-v1.1\/?page_id=65"},"modified":"2023-12-12T12:45:16","modified_gmt":"2023-12-12T10:45:16","slug":"tietolahteet","status":"publish","type":"page","link":"https:\/\/cottonedshop.com\/fi\/faqs\/","title":{"rendered":"UKK"},"content":{"rendered":"<div class=\"wpb-content-wrapper\"><div  class=\"sec_row container\"><div class=\"vc_row wpb_row vc_row-fluid\"><div class=\"wpb_column vc_column_container vc_col-sm-12 et-dark-column\"><div class=\"vc_column-inner\"><div class=\"wpb_wrapper\">\n\t<div class=\"wpb_text_column wpb_content_element\" >\n\t\t<div class=\"wpb_wrapper\">\n\t\t\t<h4>Etk\u00f6 l\u00f6yt\u00e4nyt etsim\u00e4\u00e4si?<\/h4>\n<p>Message us at <a href=\"mailto:hello@cottonedshop.com\">hello@cottonedshop.com<\/a>.<\/p>\n<h4>Where is Cottoned based?<\/h4>\n<p>Sofia, Bulgaria<\/p>\n<h4>Ovatko kaikki tuotteet k\u00e4sintehtyj\u00e4?<\/h4>\n<p>Kyll\u00e4, kaikki tuotteet ovat k\u00e4sintehtyj\u00e4 ja tilauksesta valmistettuja.<\/p>\n<h4>Teetk\u00f6 kaikenmuotoisia ja -kokoisia tilaustuotteita?<\/h4>\n<p>Kyll\u00e4, voimme luoda mink\u00e4 kokoisia ja muotoisia tahansa!<\/p>\n<h4>How do you ship orders?<\/h4>\n<p>Kaikki tilaukset l\u00e4hetet\u00e4\u00e4n Bulgarian postipalvelun kautta (ellei toisin pyydet\u00e4) yhteisty\u00f6ss\u00e4 maasi kansallisen postin kanssa. K\u00e4yt\u00e4mme kirjattua postia ja paketit edellytt\u00e4v\u00e4t allekirjoitusta toimituksen yhteydess\u00e4.<\/p>\n<p>Kaikki maat l\u00e4hetet\u00e4\u00e4n DDP (delivery duty paid) -periaatteella, joten verot ja tullit sis\u00e4ltyv\u00e4t lopulliseen hintaan, ja saat paketin kotiovellesi, eik\u00e4 sinun tarvitse selvitt\u00e4\u00e4 sit\u00e4 tullista.<\/p>\n<h4>Mik\u00e4 on toimitusaika?<\/h4>\n<p>TOIMITUSAIKOJA EI OLE TAATTU. Jos tarvitset tuotteesi ennen tietty\u00e4 p\u00e4iv\u00e4m\u00e4\u00e4r\u00e4\u00e4, meid\u00e4n on laskutettava lis\u00e4maksu palveluista, kuten UPS, DHL, FedEx jne. Ole k\u00e4rsiv\u00e4llinen, viiv\u00e4stykset ovat mahdollisia, mutta National Posts on eritt\u00e4in luotettava, eik\u00e4 meill\u00e4 ole koskaan ollut kadonnutta pakettia tuhansista l\u00e4hett\u00e4mist\u00e4mme paketeista.<\/p>\n<p>Kansainv\u00e4listen pakettien vakiotoimitusaika on 2-4 viikkoa sijainnistasi riippuen. Priority-toimitus on saatavilla lis\u00e4maksusta.<br \/>\nJoitakin arvioituja toimitusaikoja:<br \/>\n- USA:n mantereella (kuljetusyhti\u00f6 on USPS) - 3 viikkoa.<br \/>\n- Yhdysvallat (Havaiji) - 4-5 viikkoa<br \/>\n- Kanada (Kanadan posti) - 3 viikkoa<br \/>\n- Australia (Australian posti) - 3 viikkoa<br \/>\n- Euroopan unioni - 2 viikkoa<br \/>\nHuonot s\u00e4\u00e4olosuhteet (erityisesti talvella) ja kansalliset juhlapyh\u00e4t voivat aiheuttaa viiv\u00e4styksi\u00e4.<\/p>\n<h4>Pakettisi seuranta<\/h4>\n<p>Voit seurata mit\u00e4 tahansa pakettia osoitteessa www.track-trace.com<\/p>\n<p>Ensimm\u00e4isten p\u00e4ivien tai viikon aikana n\u00e4et jonkin seuraavista p\u00e4ivityksist\u00e4 seurantatiedoissa: \"Tilauksen valmistelu l\u00e4hetyst\u00e4 varten\", \"Laitoksen kautta k\u00e4sitelty\", \"Aseta tuote pussiin\", \"Vastaanottaa tuotteen vaihtotoimistossa\".<\/p>\n<p>Kaikki n\u00e4m\u00e4 p\u00e4ivitykset merkitsev\u00e4t, ett\u00e4 pakettisi on LEFT Bulgaria n\u00e4ytettyn\u00e4 p\u00e4iv\u00e4n\u00e4.<\/p>\n<p>Seuraava p\u00e4ivitys tulee saataville vasta, kun paketti saapuu maahasi, sill\u00e4 v\u00e4lin ei ole p\u00e4ivityksi\u00e4 (5-15 p\u00e4iv\u00e4\u00e4, riippuen maastasi ja tilauksen koosta).<\/p>\n<p>Voit ottaa meihin yhteytt\u00e4, jos pakettisi ei ole saapunut maahasi 25-30 p\u00e4iv\u00e4\u00e4n. Emme voi nopeuttaa toimitusta, mutta voimme tehd\u00e4 virallisen kyselyn postille, jotta se yritt\u00e4isi paikallistaa paketin.<\/p>\n<p>Kadonneet paketit ovat eritt\u00e4in harvinaisia.<\/p>\n<h4>Returns and Exchanges<\/h4>\n<p>&#8211; If you are not completely satisfied with your purchase or wish to return an item, please, contact us. All returns must be pre-approved by Cottoned. Custom and used items are not returnable.<\/p>\n<p>&#8211; If your item arrived as described and without manufacturing defects or mistakes (Different fabric was used, Wrong design was implemented, More than 5% deviation in length or width), you may request a return for a non-custom item within the first 2 weeks after delivery. Items must be shipped back within 30 days of delivery. Refunds exclude platform and payment fees, and thus can be up to 82% of the order value.<\/p>\n<p>&#8211; If your item arrives with a manufacturing defect or mistake (listed above) we will make and send a new item or issue a full refund for that item.<\/p>\n<h4>Can I order as a gift?<\/h4>\n<p>Yes, you can but please send us a message before purchasing.<\/p>\n<h4>Can I return a product?<\/h4>\n<p>If your item is approved for return, please declare the value at under $15 otherwise customs taxes apply even though this is not a purchase but a return. If import fees are charged, they will be deducted from your refund amount. Returned items must be in their initial condition.<\/p>\n<p>European returns<br \/>\nEuropean customers can use courier company DPD to return packages, including mattresses, at a very low price, usually around 30-40 euro. Request pick up from your door, details at www.dpd.com<\/p>\n<p>&nbsp;<\/p>\n\n\t\t<\/div>\n\t<\/div>\n\n\t<div class=\"wpb_raw_code wpb_raw_html wpb_content_element\" >\n\t\t<div class=\"wpb_wrapper\">\n\t\t\t<div class=\"klaviyo-form-TCbWMS\"><\/div>\n\t\t<\/div>\n\t<\/div>\n<\/div><\/div><\/div><\/div><\/div>\n<\/div>","protected":false},"excerpt":{"rendered":"Couldn't find what you're looking for? Message us at hello@cottonedshop.com. Where is Cottoned based? Sofia, Bulgaria Are all items handmade? Yes, all items are handmade and made-to-order. Do you make custom products in all shapes and sizes? Yes, we can create any size and shape! How do you ship orders? [...]","protected":false},"author":1,"featured_media":0,"parent":0,"menu_order":0,"comment_status":"closed","ping_status":"closed","template":"","meta":{"footnotes":""},"class_list":["post-65","page","type-page","status-publish","hentry"],"yoast_head":"<!-- This site is optimized with the Yoast SEO plugin v27.4 - https:\/\/yoast.com\/product\/yoast-seo-wordpress\/ -->\n<title>FAQs | Cottoned Shop<\/title>\n<meta name=\"description\" content=\"Read the answers to our most frequently asked questions. If you don&#039;t find what you&#039;re looking for, don&#039;t hesitate to contact us.\" \/>\n<meta name=\"robots\" content=\"index, follow, max-snippet:-1, max-image-preview:large, max-video-preview:-1\" \/>\n<link rel=\"canonical\" href=\"https:\/\/cottonedshop.com\/fi\/tietolahteet\/\" \/>\n<meta property=\"og:locale\" content=\"fi_FI\" \/>\n<meta property=\"og:type\" content=\"article\" \/>\n<meta property=\"og:title\" content=\"FAQs | Cottoned Shop\" \/>\n<meta property=\"og:description\" content=\"Read the answers to our most frequently asked questions. If you don&#039;t find what you&#039;re looking for, don&#039;t hesitate to contact us.\" \/>\n<meta property=\"og:url\" content=\"https:\/\/cottonedshop.com\/fi\/tietolahteet\/\" \/>\n<meta property=\"og:site_name\" content=\"Cottoned Shop\" \/>\n<meta property=\"article:modified_time\" content=\"2023-12-12T10:45:16+00:00\" \/>\n<meta name=\"twitter:card\" content=\"summary_large_image\" \/>\n<meta name=\"twitter:label1\" content=\"Arvioitu lukuaika\" \/>\n\t<meta name=\"twitter:data1\" content=\"3 minuuttia\" \/>\n<script type=\"application\/ld+json\" class=\"yoast-schema-graph\">{\"@context\":\"https:\\\/\\\/schema.org\",\"@graph\":[{\"@type\":\"WebPage\",\"@id\":\"https:\\\/\\\/cottonedshop.com\\\/faqs\\\/\",\"url\":\"https:\\\/\\\/cottonedshop.com\\\/faqs\\\/\",\"name\":\"FAQs | Cottoned Shop\",\"isPartOf\":{\"@id\":\"https:\\\/\\\/cottonedshop.com\\\/#website\"},\"datePublished\":\"2016-04-12T06:53:45+00:00\",\"dateModified\":\"2023-12-12T10:45:16+00:00\",\"description\":\"Read the answers to our most frequently asked questions. If you don't find what you're looking for, don't hesitate to contact us.\",\"breadcrumb\":{\"@id\":\"https:\\\/\\\/cottonedshop.com\\\/faqs\\\/#breadcrumb\"},\"inLanguage\":\"fi\",\"potentialAction\":[{\"@type\":\"ReadAction\",\"target\":[\"https:\\\/\\\/cottonedshop.com\\\/faqs\\\/\"]}]},{\"@type\":\"BreadcrumbList\",\"@id\":\"https:\\\/\\\/cottonedshop.com\\\/faqs\\\/#breadcrumb\",\"itemListElement\":[{\"@type\":\"ListItem\",\"position\":1,\"name\":\"Home\",\"item\":\"https:\\\/\\\/cottonedshop.com\\\/\"},{\"@type\":\"ListItem\",\"position\":2,\"name\":\"FAQs\"}]},{\"@type\":\"WebSite\",\"@id\":\"https:\\\/\\\/cottonedshop.com\\\/#website\",\"url\":\"https:\\\/\\\/cottonedshop.com\\\/\",\"name\":\"Cottoned Shop\",\"description\":\"\",\"publisher\":{\"@id\":\"https:\\\/\\\/cottonedshop.com\\\/#organization\"},\"potentialAction\":[{\"@type\":\"SearchAction\",\"target\":{\"@type\":\"EntryPoint\",\"urlTemplate\":\"https:\\\/\\\/cottonedshop.com\\\/?s={search_term_string}\"},\"query-input\":{\"@type\":\"PropertyValueSpecification\",\"valueRequired\":true,\"valueName\":\"search_term_string\"}}],\"inLanguage\":\"fi\"},{\"@type\":\"Organization\",\"@id\":\"https:\\\/\\\/cottonedshop.com\\\/#organization\",\"name\":\"Cottoned\",\"url\":\"https:\\\/\\\/cottonedshop.com\\\/\",\"logo\":{\"@type\":\"ImageObject\",\"inLanguage\":\"fi\",\"@id\":\"https:\\\/\\\/cottonedshop.com\\\/#\\\/schema\\\/logo\\\/image\\\/\",\"url\":\"https:\\\/\\\/cottonedshop.com\\\/wp-content\\\/uploads\\\/2021\\\/02\\\/cottoned-logo-large.png\",\"contentUrl\":\"https:\\\/\\\/cottonedshop.com\\\/wp-content\\\/uploads\\\/2021\\\/02\\\/cottoned-logo-large.png\",\"width\":1548,\"height\":1548,\"caption\":\"Cottoned\"},\"image\":{\"@id\":\"https:\\\/\\\/cottonedshop.com\\\/#\\\/schema\\\/logo\\\/image\\\/\"}}]}<\/script>\n<!-- \/ Yoast SEO plugin. -->","yoast_head_json":{"title":"FAQs | Cottoned Shop","description":"Read the answers to our most frequently asked questions. If you don't find what you're looking for, don't hesitate to contact us.","robots":{"index":"index","follow":"follow","max-snippet":"max-snippet:-1","max-image-preview":"max-image-preview:large","max-video-preview":"max-video-preview:-1"},"canonical":"https:\/\/cottonedshop.com\/fi\/tietolahteet\/","og_locale":"fi_FI","og_type":"article","og_title":"FAQs | Cottoned Shop","og_description":"Read the answers to our most frequently asked questions. If you don't find what you're looking for, don't hesitate to contact us.","og_url":"https:\/\/cottonedshop.com\/fi\/tietolahteet\/","og_site_name":"Cottoned Shop","article_modified_time":"2023-12-12T10:45:16+00:00","twitter_card":"summary_large_image","twitter_misc":{"Arvioitu lukuaika":"3 minuuttia"},"schema":{"@context":"https:\/\/schema.org","@graph":[{"@type":"WebPage","@id":"https:\/\/cottonedshop.com\/faqs\/","url":"https:\/\/cottonedshop.com\/faqs\/","name":"FAQs | Cottoned Shop","isPartOf":{"@id":"https:\/\/cottonedshop.com\/#website"},"datePublished":"2016-04-12T06:53:45+00:00","dateModified":"2023-12-12T10:45:16+00:00","description":"Read the answers to our most frequently asked questions. If you don't find what you're looking for, don't hesitate to contact us.","breadcrumb":{"@id":"https:\/\/cottonedshop.com\/faqs\/#breadcrumb"},"inLanguage":"fi","potentialAction":[{"@type":"ReadAction","target":["https:\/\/cottonedshop.com\/faqs\/"]}]},{"@type":"BreadcrumbList","@id":"https:\/\/cottonedshop.com\/faqs\/#breadcrumb","itemListElement":[{"@type":"ListItem","position":1,"name":"Home","item":"https:\/\/cottonedshop.com\/"},{"@type":"ListItem","position":2,"name":"FAQs"}]},{"@type":"WebSite","@id":"https:\/\/cottonedshop.com\/#website","url":"https:\/\/cottonedshop.com\/","name":"Puuvillainen kauppa","description":"","publisher":{"@id":"https:\/\/cottonedshop.com\/#organization"},"potentialAction":[{"@type":"SearchAction","target":{"@type":"EntryPoint","urlTemplate":"https:\/\/cottonedshop.com\/?s={search_term_string}"},"query-input":{"@type":"PropertyValueSpecification","valueRequired":true,"valueName":"search_term_string"}}],"inLanguage":"fi"},{"@type":"Organization","@id":"https:\/\/cottonedshop.com\/#organization","name":"Cottoned","url":"https:\/\/cottonedshop.com\/","logo":{"@type":"ImageObject","inLanguage":"fi","@id":"https:\/\/cottonedshop.com\/#\/schema\/logo\/image\/","url":"https:\/\/cottonedshop.com\/wp-content\/uploads\/2021\/02\/cottoned-logo-large.png","contentUrl":"https:\/\/cottonedshop.com\/wp-content\/uploads\/2021\/02\/cottoned-logo-large.png","width":1548,"height":1548,"caption":"Cottoned"},"image":{"@id":"https:\/\/cottonedshop.com\/#\/schema\/logo\/image\/"}}]}},"_links":{"self":[{"href":"https:\/\/cottonedshop.com\/fi\/wp-json\/wp\/v2\/pages\/65","targetHints":{"allow":["GET"]}}],"collection":[{"href":"https:\/\/cottonedshop.com\/fi\/wp-json\/wp\/v2\/pages"}],"about":[{"href":"https:\/\/cottonedshop.com\/fi\/wp-json\/wp\/v2\/types\/page"}],"author":[{"embeddable":true,"href":"https:\/\/cottonedshop.com\/fi\/wp-json\/wp\/v2\/users\/1"}],"replies":[{"embeddable":true,"href":"https:\/\/cottonedshop.com\/fi\/wp-json\/wp\/v2\/comments?post=65"}],"version-history":[{"count":0,"href":"https:\/\/cottonedshop.com\/fi\/wp-json\/wp\/v2\/pages\/65\/revisions"}],"wp:attachment":[{"href":"https:\/\/cottonedshop.com\/fi\/wp-json\/wp\/v2\/media?parent=65"}],"curies":[{"name":"wp","href":"https:\/\/api.w.org\/{rel}","templated":true}]}}