{"id":531,"date":"2018-04-16T09:56:47","date_gmt":"2018-04-16T09:56:47","guid":{"rendered":"https:\/\/cottonedshop.com\/?page_id=531"},"modified":"2023-12-12T12:43:46","modified_gmt":"2023-12-12T10:43:46","slug":"toimitus","status":"publish","type":"page","link":"https:\/\/cottonedshop.com\/fi\/delivery\/","title":{"rendered":"Toimitus"},"content":{"rendered":"<h4>Toimitustapa<\/h4>\n<p>Kaikki tilaukset l\u00e4hetet\u00e4\u00e4n Bulgarian postipalvelun kautta (ellei toisin pyydet\u00e4) yhteisty\u00f6ss\u00e4 maasi kansallisen postin kanssa. K\u00e4yt\u00e4mme kirjattua postia ja paketit edellytt\u00e4v\u00e4t allekirjoitusta toimituksen yhteydess\u00e4.<br \/>\nKaikki maat l\u00e4hetet\u00e4\u00e4n DDP (delivery duty paid) -periaatteella, joten verot ja tullit sis\u00e4ltyv\u00e4t lopulliseen hintaan, ja saat paketin kotiovellesi, eik\u00e4 sinun tarvitse selvitt\u00e4\u00e4 sit\u00e4 tullista.<\/p>\n<h4>Toimitusaika<\/h4>\n<p>TOIMITUSAIKOJA EI OLE TAATTU. Jos tarvitset tuotteesi ennen tietty\u00e4 p\u00e4iv\u00e4m\u00e4\u00e4r\u00e4\u00e4, meid\u00e4n on laskutettava lis\u00e4maksu palveluista, kuten UPS, DHL, FedEx jne. Ole k\u00e4rsiv\u00e4llinen, viiv\u00e4stykset ovat mahdollisia, mutta National Posts on eritt\u00e4in luotettava, eik\u00e4 meill\u00e4 ole koskaan ollut kadonnutta pakettia tuhansista l\u00e4hett\u00e4mist\u00e4mme paketeista.<\/p>\n<p>Kansainv\u00e4listen pakettien vakiotoimitusaika on 2-4 viikkoa sijainnistasi riippuen. Priority-toimitus on saatavilla lis\u00e4maksusta.<\/p>\n<p>Joitakin arvioituja toimitusaikoja:<br \/>\n- USA:n mantereella (kuljetusyhti\u00f6 on USPS) - 3 viikkoa.<br \/>\n- Yhdysvallat (Havaiji) - 4-5 viikkoa<br \/>\n- Kanada (Kanadan posti) - 3 viikkoa<br \/>\n- Australia (Australian posti) - 3 viikkoa<br \/>\n- Euroopan unioni - 2 viikkoa<br \/>\nHuonot s\u00e4\u00e4olosuhteet (erityisesti talvella) ja kansalliset juhlapyh\u00e4t voivat aiheuttaa viiv\u00e4styksi\u00e4.<\/p>\n<h4>Pakettisi seuranta<\/h4>\n<p>Voit seurata mit\u00e4 tahansa pakettia osoitteessa www.track-trace.com<\/p>\n<p>Ensimm\u00e4isten p\u00e4ivien tai viikon aikana n\u00e4et jonkin seuraavista p\u00e4ivityksist\u00e4 seurantatiedoissa: \"Tilauksen valmistelu l\u00e4hetyst\u00e4 varten\", \"Laitoksen kautta k\u00e4sitelty\", \"Aseta tuote pussiin\", \"Vastaanottaa tuotteen vaihtotoimistossa\".<\/p>\n<p>Kaikki n\u00e4m\u00e4 p\u00e4ivitykset merkitsev\u00e4t, ett\u00e4 pakettisi on LEFT Bulgaria n\u00e4ytettyn\u00e4 p\u00e4iv\u00e4n\u00e4.<\/p>\n<p>Seuraava p\u00e4ivitys tulee saataville vasta, kun paketti saapuu maahasi, sill\u00e4 v\u00e4lin ei ole p\u00e4ivityksi\u00e4 (5-15 p\u00e4iv\u00e4\u00e4, riippuen maastasi ja tilauksen koosta).<\/p>\n<p>Voit ottaa meihin yhteytt\u00e4, jos pakettisi ei ole saapunut maahasi 25-30 p\u00e4iv\u00e4\u00e4n. Emme voi nopeuttaa toimitusta, mutta voimme tehd\u00e4 virallisen kyselyn postille, jotta se yritt\u00e4isi paikallistaa paketin.<\/p>\n<p>Kadonneet paketit ovat eritt\u00e4in harvinaisia.<\/p>\n<p>&nbsp;<\/p>","protected":false},"excerpt":{"rendered":"<p>Shipping method All orders will be shipped via the Bulgarian postal service (unless otherwise requested) in cooperation with the national posts in your country. We use registered mail and packages require a signature upon delivery. All countries are shipped on DDP (delivery duty paid) basis, so taxes and duties are [&hellip;]<\/p>\n","protected":false},"author":1,"featured_media":0,"parent":0,"menu_order":0,"comment_status":"closed","ping_status":"closed","template":"","meta":{"footnotes":""},"class_list":["post-531","page","type-page","status-publish","hentry"],"yoast_head":"<!-- This site is optimized with the Yoast SEO plugin v27.3 - https:\/\/yoast.com\/product\/yoast-seo-wordpress\/ -->\n<title>Delivery | Cottoned Shop<\/title>\n<meta name=\"description\" content=\"Find out more information about the delivery methods we offer at Cottoned - the shipping method, shipping times and tracking.\" \/>\n<meta name=\"robots\" content=\"index, follow, max-snippet:-1, max-image-preview:large, max-video-preview:-1\" \/>\n<link rel=\"canonical\" href=\"https:\/\/cottonedshop.com\/fi\/toimitus\/\" \/>\n<meta property=\"og:locale\" content=\"fi_FI\" \/>\n<meta property=\"og:type\" content=\"article\" \/>\n<meta property=\"og:title\" content=\"Delivery | Cottoned Shop\" \/>\n<meta property=\"og:description\" content=\"Find out more information about the delivery methods we offer at Cottoned - the shipping method, shipping times and tracking.\" \/>\n<meta property=\"og:url\" content=\"https:\/\/cottonedshop.com\/fi\/toimitus\/\" \/>\n<meta property=\"og:site_name\" content=\"Cottoned Shop\" \/>\n<meta property=\"article:modified_time\" content=\"2023-12-12T10:43:46+00:00\" \/>\n<meta name=\"twitter:card\" content=\"summary_large_image\" \/>\n<meta name=\"twitter:label1\" content=\"Arvioitu lukuaika\" \/>\n\t<meta name=\"twitter:data1\" content=\"2 minuuttia\" \/>\n<script type=\"application\/ld+json\" class=\"yoast-schema-graph\">{\"@context\":\"https:\\\/\\\/schema.org\",\"@graph\":[{\"@type\":\"WebPage\",\"@id\":\"https:\\\/\\\/cottonedshop.com\\\/delivery\\\/\",\"url\":\"https:\\\/\\\/cottonedshop.com\\\/delivery\\\/\",\"name\":\"Delivery | Cottoned Shop\",\"isPartOf\":{\"@id\":\"https:\\\/\\\/cottonedshop.com\\\/#website\"},\"datePublished\":\"2018-04-16T09:56:47+00:00\",\"dateModified\":\"2023-12-12T10:43:46+00:00\",\"description\":\"Find out more information about the delivery methods we offer at Cottoned - the shipping method, shipping times and tracking.\",\"breadcrumb\":{\"@id\":\"https:\\\/\\\/cottonedshop.com\\\/delivery\\\/#breadcrumb\"},\"inLanguage\":\"fi\",\"potentialAction\":[{\"@type\":\"ReadAction\",\"target\":[\"https:\\\/\\\/cottonedshop.com\\\/delivery\\\/\"]}]},{\"@type\":\"BreadcrumbList\",\"@id\":\"https:\\\/\\\/cottonedshop.com\\\/delivery\\\/#breadcrumb\",\"itemListElement\":[{\"@type\":\"ListItem\",\"position\":1,\"name\":\"Home\",\"item\":\"https:\\\/\\\/cottonedshop.com\\\/\"},{\"@type\":\"ListItem\",\"position\":2,\"name\":\"Delivery\"}]},{\"@type\":\"WebSite\",\"@id\":\"https:\\\/\\\/cottonedshop.com\\\/#website\",\"url\":\"https:\\\/\\\/cottonedshop.com\\\/\",\"name\":\"Cottoned Shop\",\"description\":\"\",\"publisher\":{\"@id\":\"https:\\\/\\\/cottonedshop.com\\\/#organization\"},\"potentialAction\":[{\"@type\":\"SearchAction\",\"target\":{\"@type\":\"EntryPoint\",\"urlTemplate\":\"https:\\\/\\\/cottonedshop.com\\\/?s={search_term_string}\"},\"query-input\":{\"@type\":\"PropertyValueSpecification\",\"valueRequired\":true,\"valueName\":\"search_term_string\"}}],\"inLanguage\":\"fi\"},{\"@type\":\"Organization\",\"@id\":\"https:\\\/\\\/cottonedshop.com\\\/#organization\",\"name\":\"Cottoned\",\"url\":\"https:\\\/\\\/cottonedshop.com\\\/\",\"logo\":{\"@type\":\"ImageObject\",\"inLanguage\":\"fi\",\"@id\":\"https:\\\/\\\/cottonedshop.com\\\/#\\\/schema\\\/logo\\\/image\\\/\",\"url\":\"https:\\\/\\\/cottonedshop.com\\\/wp-content\\\/uploads\\\/2021\\\/02\\\/cottoned-logo-large.png\",\"contentUrl\":\"https:\\\/\\\/cottonedshop.com\\\/wp-content\\\/uploads\\\/2021\\\/02\\\/cottoned-logo-large.png\",\"width\":1548,\"height\":1548,\"caption\":\"Cottoned\"},\"image\":{\"@id\":\"https:\\\/\\\/cottonedshop.com\\\/#\\\/schema\\\/logo\\\/image\\\/\"}}]}<\/script>\n<!-- \/ Yoast SEO plugin. -->","yoast_head_json":{"title":"Toimitus | Cottoned Shop","description":"Lue lis\u00e4tietoja Cottonedin tarjoamista toimitustavoista - toimitustapa, toimitusajat ja seuranta.","robots":{"index":"index","follow":"follow","max-snippet":"max-snippet:-1","max-image-preview":"max-image-preview:large","max-video-preview":"max-video-preview:-1"},"canonical":"https:\/\/cottonedshop.com\/fi\/toimitus\/","og_locale":"fi_FI","og_type":"article","og_title":"Delivery | Cottoned Shop","og_description":"Find out more information about the delivery methods we offer at Cottoned - the shipping method, shipping times and tracking.","og_url":"https:\/\/cottonedshop.com\/fi\/toimitus\/","og_site_name":"Cottoned Shop","article_modified_time":"2023-12-12T10:43:46+00:00","twitter_card":"summary_large_image","twitter_misc":{"Arvioitu lukuaika":"2 minuuttia"},"schema":{"@context":"https:\/\/schema.org","@graph":[{"@type":"WebPage","@id":"https:\/\/cottonedshop.com\/delivery\/","url":"https:\/\/cottonedshop.com\/delivery\/","name":"Toimitus | Cottoned Shop","isPartOf":{"@id":"https:\/\/cottonedshop.com\/#website"},"datePublished":"2018-04-16T09:56:47+00:00","dateModified":"2023-12-12T10:43:46+00:00","description":"Lue lis\u00e4tietoja Cottonedin tarjoamista toimitustavoista - toimitustapa, toimitusajat ja seuranta.","breadcrumb":{"@id":"https:\/\/cottonedshop.com\/delivery\/#breadcrumb"},"inLanguage":"fi","potentialAction":[{"@type":"ReadAction","target":["https:\/\/cottonedshop.com\/delivery\/"]}]},{"@type":"BreadcrumbList","@id":"https:\/\/cottonedshop.com\/delivery\/#breadcrumb","itemListElement":[{"@type":"ListItem","position":1,"name":"Home","item":"https:\/\/cottonedshop.com\/"},{"@type":"ListItem","position":2,"name":"Delivery"}]},{"@type":"WebSite","@id":"https:\/\/cottonedshop.com\/#website","url":"https:\/\/cottonedshop.com\/","name":"Puuvillainen kauppa","description":"","publisher":{"@id":"https:\/\/cottonedshop.com\/#organization"},"potentialAction":[{"@type":"SearchAction","target":{"@type":"EntryPoint","urlTemplate":"https:\/\/cottonedshop.com\/?s={search_term_string}"},"query-input":{"@type":"PropertyValueSpecification","valueRequired":true,"valueName":"search_term_string"}}],"inLanguage":"fi"},{"@type":"Organization","@id":"https:\/\/cottonedshop.com\/#organization","name":"Cottoned","url":"https:\/\/cottonedshop.com\/","logo":{"@type":"ImageObject","inLanguage":"fi","@id":"https:\/\/cottonedshop.com\/#\/schema\/logo\/image\/","url":"https:\/\/cottonedshop.com\/wp-content\/uploads\/2021\/02\/cottoned-logo-large.png","contentUrl":"https:\/\/cottonedshop.com\/wp-content\/uploads\/2021\/02\/cottoned-logo-large.png","width":1548,"height":1548,"caption":"Cottoned"},"image":{"@id":"https:\/\/cottonedshop.com\/#\/schema\/logo\/image\/"}}]}},"_links":{"self":[{"href":"https:\/\/cottonedshop.com\/fi\/wp-json\/wp\/v2\/pages\/531","targetHints":{"allow":["GET"]}}],"collection":[{"href":"https:\/\/cottonedshop.com\/fi\/wp-json\/wp\/v2\/pages"}],"about":[{"href":"https:\/\/cottonedshop.com\/fi\/wp-json\/wp\/v2\/types\/page"}],"author":[{"embeddable":true,"href":"https:\/\/cottonedshop.com\/fi\/wp-json\/wp\/v2\/users\/1"}],"replies":[{"embeddable":true,"href":"https:\/\/cottonedshop.com\/fi\/wp-json\/wp\/v2\/comments?post=531"}],"version-history":[{"count":0,"href":"https:\/\/cottonedshop.com\/fi\/wp-json\/wp\/v2\/pages\/531\/revisions"}],"wp:attachment":[{"href":"https:\/\/cottonedshop.com\/fi\/wp-json\/wp\/v2\/media?parent=531"}],"curies":[{"name":"wp","href":"https:\/\/api.w.org\/{rel}","templated":true}]}}