{"id":9699,"date":"2022-03-26T20:20:15","date_gmt":"2022-03-26T18:20:15","guid":{"rendered":"https:\/\/cottonedshop.com\/?post_type=product&#038;p=9699"},"modified":"2024-06-27T18:58:31","modified_gmt":"2024-06-27T15:58:31","slug":"cabecero-empenachado-pestanas-grandes","status":"publish","type":"product","link":"https:\/\/cottonedshop.com\/es\/shop\/tufted-headboard-large-tabs\/","title":{"rendered":"Coj\u00edn de cabecero de cama de algod\u00f3n org\u00e1nico personalizado"},"content":{"rendered":"<div class=\"wpb-content-wrapper\"><div  class=\"sec_row container\"><div class=\"vc_row wpb_row vc_row-fluid\"><div class=\"wpb_column vc_column_container vc_col-sm-12 et-dark-column\"><div class=\"vc_column-inner\"><div class=\"wpb_wrapper\">\t\t<div id=\"et-button-69e3941e6faf8\" class=\"et_btn_align_center\">\n\t\t\t<a href=\"https:\/\/cottonedshop.com\/shop\/custom-tufted-headboard-cushion\/\" class=\"et_btn button et_btn_md solid rounded color-custom\"  role=\"button\" title=\"\" ><span>Personal\u00edzalo<\/span><\/a>\n\t\t<\/div>\n\t\t\n\t<div class=\"vc_empty_space\"   style=\"height: 20px\"><span class=\"vc_empty_space_inner\"><\/span><\/div>\n\t<div class=\"wpb_text_column wpb_content_element\" >\n\t\t<div class=\"wpb_wrapper\">\n\t\t\t<p style=\"text-align: left;\"><strong>CARACTER\u00cdSTICAS:<\/strong><\/p>\n<ul>\n<li style=\"text-align: left;\">Cremallera en la parte inferior para que pueda ajustar f\u00e1cilmente el algod\u00f3n, a\u00f1adir o quitar algod\u00f3n si es necesario.<\/li>\n<li style=\"text-align: left;\">Se incluye un kit de reparaci\u00f3n gratuito por cada art\u00edculo relleno de algod\u00f3n.<\/li>\n<\/ul>\n<p>&nbsp;<\/p>\n<p><strong>RELLENO:<\/strong> <a href=\"https:\/\/cottonedshop.com\/product\/cotton-filling\/\">100% Algod\u00f3n certificado GOTS<\/a><\/p>\n<p>&nbsp;<\/p>\n<p style=\"text-align: left;\"><strong>OPCIONES DE FUNDA LAVABLE CON CREMALLERA:<\/strong><\/p>\n<ul style=\"text-align: left;\">\n<li>100% Algod\u00f3n org\u00e1nico, grueso, sin blanquear (certificado GOTS)<\/li>\n<li>Algod\u00f3n Max (100% Cotton), Certificado Oeko-Tex<\/li>\n<li>Canal (60% algod\u00f3n\/40% poli\u00e9ster), Certificado Oeko-Tex<\/li>\n<li>Mimos (50 % Algod\u00f3n\/50% Poli\u00e9ster), Certificado Oeko-Tex<\/li>\n<li>Bella (67% Algod\u00f3n\/33% Lino), Certificado Oeko-Tex<\/li>\n<li>Terciopelo (65% algod\u00f3n\/35% poli\u00e9ster), Certificado Oeko-Tex<\/li>\n<li>Tejido repelente al agua y las manchas (60% Algod\u00f3n\/40% Poli\u00e9ster)<\/li>\n<li>Lino te\u00f1ido (100% Lino), Certificado Oeko-Tex<\/li>\n<\/ul>\n<p>&nbsp;<\/p>\n<p style=\"text-align: left;\"><strong>OPCIONES DE FIJACI\u00d3N:<\/strong><\/p>\n<ul style=\"text-align: left;\">\n<li>Con bolsillo trasero - se desliza sobre el cabecero de la cama<\/li>\n<li>Con lazos - a lo largo de la parte superior del coj\u00edn (cada 6\u2033-8\u2033)<\/li>\n<li>Con varilla - oculta en el borde superior trasero (nosotros proporcionamos la varilla)<\/li>\n<\/ul>\n<p>&nbsp;<\/p>\n<p style=\"text-align: left;\"><strong>OPCIONES DE BORDE<\/strong>:<\/p>\n<ul style=\"text-align: left;\">\n<li>mini bordes ribeteados<\/li>\n<li>bordes no entubados<\/li>\n<\/ul>\n<p>&nbsp;<\/p>\n<p style=\"text-align: left;\"><strong>INSTRUCCIONES DE CUIDADO<\/strong><\/p>\n<p style=\"text-align: left;\">Limpiar s\u00f3lo con un pa\u00f1o.<\/p>\n<p>&nbsp;<\/p>\n<p style=\"text-align: left;\"><strong>IMPORTANTE<\/strong><\/p>\n<p style=\"text-align: left;\">* Este anuncio es s\u00f3lo para un coj\u00edn.<br \/>\n* Los art\u00edculos rellenos de algod\u00f3n est\u00e1n sujetos a cierto grado de compresi\u00f3n.<br \/>\n* Art\u00edculo hecho a mano, es posible una peque\u00f1a desviaci\u00f3n en las dimensiones.<\/p>\n<p>&nbsp;<\/p>\n<p style=\"text-align: left;\">Gracias por su tiempo.<\/p>\n\n\t\t<\/div>\n\t<\/div>\n\n\t<div class=\"wpb_raw_code wpb_raw_html wpb_content_element\" >\n\t\t<div class=\"wpb_wrapper\">\n\t\t\t<div class=\"klaviyo-form-SVRq2G\"><\/div>\n\t\t<\/div>\n\t<\/div>\n<\/div><\/div><\/div><\/div><\/div>\n<\/div>","protected":false},"excerpt":{"rendered":"<p style=\"text-align: left;\">Tanto si est\u00e1 leyendo un libro, viendo su serie favorita, repasando su agenda diaria o simplemente relaj\u00e1ndose despu\u00e9s de un largo d\u00eda, nuestro\u00a0<strong>coj\u00edn cabecero relleno de algod\u00f3n<\/strong>\u00a0ofrece un confort supremo y una comodidad inigualable.<\/p>\n<p style=\"text-align: left;\">Fabricado en\u00a0<strong>materiales duraderos de alta calidad<\/strong>\u00a0y\u00a0<strong>el relleno de algod\u00f3n m\u00e1s puro<\/strong>los cojines de la cabecera son\u00a0<strong>hipoalerg\u00e9nico, extremadamente transpirable, respetuoso con el medio ambiente<\/strong>y\u00a0<strong>sin t\u00f3xicos<\/strong>.<\/p>\n<p style=\"text-align: left;\">Elija entre\u00a0<strong>gran variedad de tejidos, colores<\/strong>En nuestra gama de cabeceros de cama, podr\u00e1 elegir entre diferentes tama\u00f1os, formas y acabados para crear el cabecero que mejor se adapte al dise\u00f1o de su hogar y refleje su gusto personal.<\/p>\n<ul>\n<li style=\"text-align: left;\">100%\u00a0<strong>algod\u00f3n org\u00e1nico<\/strong>\u00a0relleno interior.<\/li>\n<li style=\"text-align: left;\"><strong>A medida<\/strong>\u00a0para adaptarse a sus preferencias.<\/li>\n<li style=\"text-align: left;\"><strong>Alternativa natural<\/strong>\u00a0a cojines de espuma.<\/li>\n<li style=\"text-align: left;\"><strong>L\u00edmite<\/strong>\u00a0exposici\u00f3n a\u00a0<strong>COV peligrosos<\/strong>\u00a0en tu casa.<\/li>\n<li style=\"text-align: left;\">Cortes\u00eda\u00a0<strong>kit de reparaci\u00f3n<\/strong>\u00a0incluido.<\/li>\n<li style=\"text-align: left;\">Todos\u00a0<strong>impuestos<\/strong>\u00a0y\u00a0<strong>deberes<\/strong>\u00a0son\u00a0<strong>incluido<\/strong>.<\/li>\n<li><strong>Entrega gratuita<\/strong>\u00a0hasta su puerta.<\/li>\n<\/ul>","protected":false},"featured_media":9989,"comment_status":"open","ping_status":"closed","template":"","meta":[],"product_brand":[],"product_cat":[402],"product_tag":[165,413,166,167,168,169,170,171],"class_list":{"0":"post-9699","1":"product","2":"type-product","3":"status-publish","4":"has-post-thumbnail","6":"product_cat-headboards","7":"product_tag-bed-headrest-pillow","8":"product_tag-buttoned-headboard","9":"product_tag-cushions-for-headboards","10":"product_tag-headboard-cover","11":"product_tag-headboard-cushion-design","12":"product_tag-headboard-cushion-wall-pillow","13":"product_tag-headboard-cushion-with-ties","14":"product_tag-tufted-headboard-cushion","16":"first","17":"instock","18":"shipping-taxable","19":"product-type-external"},"yoast_head":"<!-- This site is optimized with the Yoast SEO plugin v27.4 - https:\/\/yoast.com\/product\/yoast-seo-wordpress\/ -->\n<title>Custom Organic Cotton Tufted Headboard Cushion | Cottoned<\/title>\n<meta name=\"description\" content=\"Our s tufted headboard cushion is handmade, hand-tufted and filled with organic cotton stuffing. Custom sizes available on request.\" \/>\n<meta name=\"robots\" content=\"index, follow, max-snippet:-1, max-image-preview:large, max-video-preview:-1\" \/>\n<link rel=\"canonical\" href=\"https:\/\/cottonedshop.com\/es\/tienda\/cabecero-empenachado-pestanas-grandes\/\" \/>\n<meta property=\"og:locale\" content=\"es_ES\" \/>\n<meta property=\"og:type\" content=\"article\" \/>\n<meta property=\"og:title\" content=\"Custom Organic Cotton Tufted Headboard Cushion | Cottoned\" \/>\n<meta property=\"og:description\" content=\"Our s tufted headboard cushion is handmade, hand-tufted and filled with organic cotton stuffing. Custom sizes available on request.\" \/>\n<meta property=\"og:url\" content=\"https:\/\/cottonedshop.com\/es\/tienda\/cabecero-empenachado-pestanas-grandes\/\" \/>\n<meta property=\"og:site_name\" content=\"Cottoned Shop\" \/>\n<meta property=\"article:modified_time\" content=\"2024-06-27T15:58:31+00:00\" \/>\n<meta property=\"og:image\" content=\"https:\/\/cottonedshop.com\/wp-content\/uploads\/2022\/03\/Cottoned-Tufted-Headboard-Cushion-with-large-tabs.jpg\" \/>\n\t<meta property=\"og:image:width\" content=\"1300\" \/>\n\t<meta property=\"og:image:height\" content=\"1040\" \/>\n\t<meta property=\"og:image:type\" content=\"image\/jpeg\" \/>\n<meta name=\"twitter:card\" content=\"summary_large_image\" \/>\n<meta name=\"twitter:label1\" content=\"Tiempo de lectura\" \/>\n\t<meta name=\"twitter:data1\" content=\"1 minuto\" \/>\n<script type=\"application\/ld+json\" class=\"yoast-schema-graph\">{\"@context\":\"https:\\\/\\\/schema.org\",\"@graph\":[{\"@type\":\"WebPage\",\"@id\":\"https:\\\/\\\/cottonedshop.com\\\/shop\\\/tufted-headboard-large-tabs\\\/\",\"url\":\"https:\\\/\\\/cottonedshop.com\\\/shop\\\/tufted-headboard-large-tabs\\\/\",\"name\":\"Custom Organic Cotton Tufted Headboard Cushion | Cottoned\",\"isPartOf\":{\"@id\":\"https:\\\/\\\/cottonedshop.com\\\/#website\"},\"primaryImageOfPage\":{\"@id\":\"https:\\\/\\\/cottonedshop.com\\\/shop\\\/tufted-headboard-large-tabs\\\/#primaryimage\"},\"image\":{\"@id\":\"https:\\\/\\\/cottonedshop.com\\\/shop\\\/tufted-headboard-large-tabs\\\/#primaryimage\"},\"thumbnailUrl\":\"https:\\\/\\\/cottonedshop.com\\\/wp-content\\\/uploads\\\/2022\\\/03\\\/Cottoned-Tufted-Headboard-Cushion-with-large-tabs.jpg\",\"datePublished\":\"2022-03-26T18:20:15+00:00\",\"dateModified\":\"2024-06-27T15:58:31+00:00\",\"description\":\"Our s tufted headboard cushion is handmade, hand-tufted and filled with organic cotton stuffing. Custom sizes available on request.\",\"breadcrumb\":{\"@id\":\"https:\\\/\\\/cottonedshop.com\\\/shop\\\/tufted-headboard-large-tabs\\\/#breadcrumb\"},\"inLanguage\":\"es\",\"potentialAction\":[{\"@type\":\"ReadAction\",\"target\":[\"https:\\\/\\\/cottonedshop.com\\\/shop\\\/tufted-headboard-large-tabs\\\/\"]}]},{\"@type\":\"ImageObject\",\"inLanguage\":\"es\",\"@id\":\"https:\\\/\\\/cottonedshop.com\\\/shop\\\/tufted-headboard-large-tabs\\\/#primaryimage\",\"url\":\"https:\\\/\\\/cottonedshop.com\\\/wp-content\\\/uploads\\\/2022\\\/03\\\/Cottoned-Tufted-Headboard-Cushion-with-large-tabs.jpg\",\"contentUrl\":\"https:\\\/\\\/cottonedshop.com\\\/wp-content\\\/uploads\\\/2022\\\/03\\\/Cottoned-Tufted-Headboard-Cushion-with-large-tabs.jpg\",\"width\":1300,\"height\":1040},{\"@type\":\"BreadcrumbList\",\"@id\":\"https:\\\/\\\/cottonedshop.com\\\/shop\\\/tufted-headboard-large-tabs\\\/#breadcrumb\",\"itemListElement\":[{\"@type\":\"ListItem\",\"position\":1,\"name\":\"Home\",\"item\":\"https:\\\/\\\/cottonedshop.com\\\/\"},{\"@type\":\"ListItem\",\"position\":2,\"name\":\"Shop\",\"item\":\"https:\\\/\\\/cottonedshop.com\\\/shop\\\/\"},{\"@type\":\"ListItem\",\"position\":3,\"name\":\"Custom Organic Cotton Tufted Headboard Cushion\"}]},{\"@type\":\"WebSite\",\"@id\":\"https:\\\/\\\/cottonedshop.com\\\/#website\",\"url\":\"https:\\\/\\\/cottonedshop.com\\\/\",\"name\":\"Cottoned Shop\",\"description\":\"\",\"publisher\":{\"@id\":\"https:\\\/\\\/cottonedshop.com\\\/#organization\"},\"potentialAction\":[{\"@type\":\"SearchAction\",\"target\":{\"@type\":\"EntryPoint\",\"urlTemplate\":\"https:\\\/\\\/cottonedshop.com\\\/?s={search_term_string}\"},\"query-input\":{\"@type\":\"PropertyValueSpecification\",\"valueRequired\":true,\"valueName\":\"search_term_string\"}}],\"inLanguage\":\"es\"},{\"@type\":\"Organization\",\"@id\":\"https:\\\/\\\/cottonedshop.com\\\/#organization\",\"name\":\"Cottoned\",\"url\":\"https:\\\/\\\/cottonedshop.com\\\/\",\"logo\":{\"@type\":\"ImageObject\",\"inLanguage\":\"es\",\"@id\":\"https:\\\/\\\/cottonedshop.com\\\/#\\\/schema\\\/logo\\\/image\\\/\",\"url\":\"https:\\\/\\\/cottonedshop.com\\\/wp-content\\\/uploads\\\/2021\\\/02\\\/cottoned-logo-large.png\",\"contentUrl\":\"https:\\\/\\\/cottonedshop.com\\\/wp-content\\\/uploads\\\/2021\\\/02\\\/cottoned-logo-large.png\",\"width\":1548,\"height\":1548,\"caption\":\"Cottoned\"},\"image\":{\"@id\":\"https:\\\/\\\/cottonedshop.com\\\/#\\\/schema\\\/logo\\\/image\\\/\"}}]}<\/script>\n<!-- \/ Yoast SEO plugin. -->","yoast_head_json":{"title":"Coj\u00edn de cabecero de cama de algod\u00f3n org\u00e1nico personalizado | Cottoned","description":"Nuestro coj\u00edn de cabecero s tufted est\u00e1 hecho a mano y relleno de algod\u00f3n org\u00e1nico. Tama\u00f1os personalizados disponibles bajo petici\u00f3n.","robots":{"index":"index","follow":"follow","max-snippet":"max-snippet:-1","max-image-preview":"max-image-preview:large","max-video-preview":"max-video-preview:-1"},"canonical":"https:\/\/cottonedshop.com\/es\/tienda\/cabecero-empenachado-pestanas-grandes\/","og_locale":"es_ES","og_type":"article","og_title":"Custom Organic Cotton Tufted Headboard Cushion | Cottoned","og_description":"Our s tufted headboard cushion is handmade, hand-tufted and filled with organic cotton stuffing. Custom sizes available on request.","og_url":"https:\/\/cottonedshop.com\/es\/tienda\/cabecero-empenachado-pestanas-grandes\/","og_site_name":"Cottoned Shop","article_modified_time":"2024-06-27T15:58:31+00:00","og_image":[{"width":1300,"height":1040,"url":"https:\/\/cottonedshop.com\/wp-content\/uploads\/2022\/03\/Cottoned-Tufted-Headboard-Cushion-with-large-tabs.jpg","type":"image\/jpeg"}],"twitter_card":"summary_large_image","twitter_misc":{"Tiempo de lectura":"1 minuto"},"schema":{"@context":"https:\/\/schema.org","@graph":[{"@type":"WebPage","@id":"https:\/\/cottonedshop.com\/shop\/tufted-headboard-large-tabs\/","url":"https:\/\/cottonedshop.com\/shop\/tufted-headboard-large-tabs\/","name":"Coj\u00edn de cabecero de cama de algod\u00f3n org\u00e1nico personalizado | Cottoned","isPartOf":{"@id":"https:\/\/cottonedshop.com\/#website"},"primaryImageOfPage":{"@id":"https:\/\/cottonedshop.com\/shop\/tufted-headboard-large-tabs\/#primaryimage"},"image":{"@id":"https:\/\/cottonedshop.com\/shop\/tufted-headboard-large-tabs\/#primaryimage"},"thumbnailUrl":"https:\/\/cottonedshop.com\/wp-content\/uploads\/2022\/03\/Cottoned-Tufted-Headboard-Cushion-with-large-tabs.jpg","datePublished":"2022-03-26T18:20:15+00:00","dateModified":"2024-06-27T15:58:31+00:00","description":"Nuestro coj\u00edn de cabecero s tufted est\u00e1 hecho a mano y relleno de algod\u00f3n org\u00e1nico. Tama\u00f1os personalizados disponibles bajo petici\u00f3n.","breadcrumb":{"@id":"https:\/\/cottonedshop.com\/shop\/tufted-headboard-large-tabs\/#breadcrumb"},"inLanguage":"es","potentialAction":[{"@type":"ReadAction","target":["https:\/\/cottonedshop.com\/shop\/tufted-headboard-large-tabs\/"]}]},{"@type":"ImageObject","inLanguage":"es","@id":"https:\/\/cottonedshop.com\/shop\/tufted-headboard-large-tabs\/#primaryimage","url":"https:\/\/cottonedshop.com\/wp-content\/uploads\/2022\/03\/Cottoned-Tufted-Headboard-Cushion-with-large-tabs.jpg","contentUrl":"https:\/\/cottonedshop.com\/wp-content\/uploads\/2022\/03\/Cottoned-Tufted-Headboard-Cushion-with-large-tabs.jpg","width":1300,"height":1040},{"@type":"BreadcrumbList","@id":"https:\/\/cottonedshop.com\/shop\/tufted-headboard-large-tabs\/#breadcrumb","itemListElement":[{"@type":"ListItem","position":1,"name":"Home","item":"https:\/\/cottonedshop.com\/"},{"@type":"ListItem","position":2,"name":"Shop","item":"https:\/\/cottonedshop.com\/shop\/"},{"@type":"ListItem","position":3,"name":"Custom Organic Cotton Tufted Headboard Cushion"}]},{"@type":"WebSite","@id":"https:\/\/cottonedshop.com\/#website","url":"https:\/\/cottonedshop.com\/","name":"Tienda Cottoned","description":"","publisher":{"@id":"https:\/\/cottonedshop.com\/#organization"},"potentialAction":[{"@type":"SearchAction","target":{"@type":"EntryPoint","urlTemplate":"https:\/\/cottonedshop.com\/?s={search_term_string}"},"query-input":{"@type":"PropertyValueSpecification","valueRequired":true,"valueName":"search_term_string"}}],"inLanguage":"es"},{"@type":"Organization","@id":"https:\/\/cottonedshop.com\/#organization","name":"Algod\u00f3n","url":"https:\/\/cottonedshop.com\/","logo":{"@type":"ImageObject","inLanguage":"es","@id":"https:\/\/cottonedshop.com\/#\/schema\/logo\/image\/","url":"https:\/\/cottonedshop.com\/wp-content\/uploads\/2021\/02\/cottoned-logo-large.png","contentUrl":"https:\/\/cottonedshop.com\/wp-content\/uploads\/2021\/02\/cottoned-logo-large.png","width":1548,"height":1548,"caption":"Cottoned"},"image":{"@id":"https:\/\/cottonedshop.com\/#\/schema\/logo\/image\/"}}]}},"_links":{"self":[{"href":"https:\/\/cottonedshop.com\/es\/wp-json\/wp\/v2\/product\/9699","targetHints":{"allow":["GET"]}}],"collection":[{"href":"https:\/\/cottonedshop.com\/es\/wp-json\/wp\/v2\/product"}],"about":[{"href":"https:\/\/cottonedshop.com\/es\/wp-json\/wp\/v2\/types\/product"}],"replies":[{"embeddable":true,"href":"https:\/\/cottonedshop.com\/es\/wp-json\/wp\/v2\/comments?post=9699"}],"wp:featuredmedia":[{"embeddable":true,"href":"https:\/\/cottonedshop.com\/es\/wp-json\/wp\/v2\/media\/9989"}],"wp:attachment":[{"href":"https:\/\/cottonedshop.com\/es\/wp-json\/wp\/v2\/media?parent=9699"}],"wp:term":[{"taxonomy":"product_brand","embeddable":true,"href":"https:\/\/cottonedshop.com\/es\/wp-json\/wp\/v2\/product_brand?post=9699"},{"taxonomy":"product_cat","embeddable":true,"href":"https:\/\/cottonedshop.com\/es\/wp-json\/wp\/v2\/product_cat?post=9699"},{"taxonomy":"product_tag","embeddable":true,"href":"https:\/\/cottonedshop.com\/es\/wp-json\/wp\/v2\/product_tag?post=9699"}],"curies":[{"name":"wp","href":"https:\/\/api.w.org\/{rel}","templated":true}]}}