{"id":9130,"date":"2022-02-23T22:04:20","date_gmt":"2022-02-23T20:04:20","guid":{"rendered":"https:\/\/cottonedshop.com\/?post_type=product&#038;p=9130"},"modified":"2025-02-24T16:10:50","modified_gmt":"2025-02-24T14:10:50","slug":"funda-personalizada-con-cremallera","status":"publish","type":"product","link":"https:\/\/cottonedshop.com\/es\/shop\/zip-off-cover\/","title":{"rendered":"Funda personalizada con cremallera"},"content":{"rendered":"<div class=\"wpb-content-wrapper\"><div  class=\"sec_row container\"><div class=\"vc_row wpb_row vc_row-fluid\"><div class=\"wpb_column vc_column_container vc_col-sm-12 et-dark-column\"><div class=\"vc_column-inner\"><div class=\"wpb_wrapper\"><div class=\"vc_tta-container\" data-vc-action=\"collapseAll\"><div class=\"vc_general vc_tta vc_tta-accordion vc_tta-o-shape-group vc_tta-controls-align-default vc_tta-o-all-clickable\"><div class=\"vc_tta-panels-container\"><div class=\"vc_tta-panels\"><div class=\"vc_tta-panel\" id=\"1686643049130-82ec4ae9-c397\" data-vc-content=\".vc_tta-panel-body\"><div class=\"vc_tta-panel-heading\"><h4 class=\"vc_tta-panel-title vc_tta-controls-icon-position-left\"><a href=\"#1686643049130-82ec4ae9-c397\" data-vc-accordion data-vc-container=\".vc_tta-container\"><span class=\"vc_tta-title-text\">INSTRUCCIONES DE CUIDADO<\/span><i class=\"vc_tta-controls-icon vc_tta-controls-icon-chevron\"><\/i><\/a><\/h4><\/div><div class=\"vc_tta-panel-body\">\n\t<div class=\"wpb_text_column wpb_content_element\" >\n\t\t<div class=\"wpb_wrapper\">\n\t\t\t<p>Lavable a m\u00e1quina en ciclo suave con un detergente suave. Cierre la cremallera para el lavado.<\/p>\n\n\t\t<\/div>\n\t<\/div>\n<\/div><\/div><\/div><\/div><\/div><\/div>\n\t<div class=\"wpb_text_column wpb_content_element\" >\n\t\t<div class=\"wpb_wrapper\">\n\t\t\t<p><strong>IMPORTANTE<\/strong><br \/>\n* Art\u00edculo hecho a mano, es posible una peque\u00f1a desviaci\u00f3n en las dimensiones.<\/p>\n<p>&nbsp;<\/p>\n<h3 style=\"text-align: center;\">Productos relacionados<\/h3>\n<p style=\"text-align: left;\">\n\n\t\t<\/div>\n\t<\/div>\n<div class=\"vc_row wpb_row vc_inner vc_row-fluid max_width\"><div class=\"wpb_column vc_column_container vc_col-sm-4 et-dark-column\"><div class=\"vc_column-inner\"><div class=\"wpb_wrapper\">\n\t<div  class=\"wpb_single_image wpb_content_element vc_align_left wpb_content_element\">\n\t\t\n\t\t<figure class=\"wpb_wrapper vc_figure\">\n\t\t\t<a href=\"https:\/\/cottonedshop.com\/shop\/throw-pillow\/\" target=\"_self\" class=\"vc_single_image-wrapper   vc_box_border_grey\"><img decoding=\"async\" width=\"1024\" height=\"819\" data-src=\"https:\/\/cottonedshop.com\/wp-content\/uploads\/2018\/04\/Cottoned-throw-pillow-with-velvet-cover-and-organic-cotton-filling-1024x819.jpg\" class=\"vc_single_image-img attachment-large lazyload\" alt=\"Almohada de algod\u00f3n con funda de terciopelo y relleno de algod\u00f3n org\u00e1nico\" title=\"Almohada de algod\u00f3n con funda de terciopelo y relleno de algod\u00f3n org\u00e1nico\" data-srcset=\"https:\/\/cottonedshop.com\/wp-content\/uploads\/2018\/04\/Cottoned-throw-pillow-with-velvet-cover-and-organic-cotton-filling-1024x819.jpg 1024w, https:\/\/cottonedshop.com\/wp-content\/uploads\/2018\/04\/Cottoned-throw-pillow-with-velvet-cover-and-organic-cotton-filling-600x480.jpg 600w, https:\/\/cottonedshop.com\/wp-content\/uploads\/2018\/04\/Cottoned-throw-pillow-with-velvet-cover-and-organic-cotton-filling-900x720.jpg 900w, https:\/\/cottonedshop.com\/wp-content\/uploads\/2018\/04\/Cottoned-throw-pillow-with-velvet-cover-and-organic-cotton-filling-300x240.jpg 300w, https:\/\/cottonedshop.com\/wp-content\/uploads\/2018\/04\/Cottoned-throw-pillow-with-velvet-cover-and-organic-cotton-filling-768x614.jpg 768w, https:\/\/cottonedshop.com\/wp-content\/uploads\/2018\/04\/Cottoned-throw-pillow-with-velvet-cover-and-organic-cotton-filling-150x120.jpg 150w, https:\/\/cottonedshop.com\/wp-content\/uploads\/2018\/04\/Cottoned-throw-pillow-with-velvet-cover-and-organic-cotton-filling.jpg 1300w\" data-sizes=\"(max-width: 1024px) 100vw, 1024px\" src=\"data:image\/svg+xml;base64,PHN2ZyB3aWR0aD0iMSIgaGVpZ2h0PSIxIiB4bWxucz0iaHR0cDovL3d3dy53My5vcmcvMjAwMC9zdmciPjwvc3ZnPg==\" style=\"--smush-placeholder-width: 1024px; --smush-placeholder-aspect-ratio: 1024\/819;\" \/><\/a>\n\t\t<\/figure>\n\t<\/div>\n\n\t<div class=\"wpb_text_column wpb_content_element\" >\n\t\t<div class=\"wpb_wrapper\">\n\t\t\t<p style=\"text-align: center;\"><a href=\"https:\/\/cottonedshop.com\/shop\/throw-pillow\/\">Almohada de algod\u00f3n ecol\u00f3gico personalizada<\/a><\/p>\n\n\t\t<\/div>\n\t<\/div>\n<\/div><\/div><\/div><div class=\"wpb_column vc_column_container vc_col-sm-4 et-dark-column\"><div class=\"vc_column-inner\"><div class=\"wpb_wrapper\">\n\t<div  class=\"wpb_single_image wpb_content_element vc_align_center wpb_content_element\">\n\t\t\n\t\t<figure class=\"wpb_wrapper vc_figure\">\n\t\t\t<a href=\"https:\/\/cottonedshop.com\/shop\/reading-pillow\/\" target=\"_self\" class=\"vc_single_image-wrapper   vc_box_border_grey\"><img decoding=\"async\" width=\"1200\" height=\"960\" data-src=\"https:\/\/cottonedshop.com\/wp-content\/uploads\/2023\/07\/Cottoned-Reading-Pillow.jpg\" class=\"vc_single_image-img attachment-large lazyload\" alt=\"Almohada de lectura\" title=\"Almohada de lectura de algod\u00f3n\" data-srcset=\"https:\/\/cottonedshop.com\/wp-content\/uploads\/2023\/07\/Cottoned-Reading-Pillow.jpg 1200w, https:\/\/cottonedshop.com\/wp-content\/uploads\/2023\/07\/Cottoned-Reading-Pillow-600x480.jpg 600w, https:\/\/cottonedshop.com\/wp-content\/uploads\/2023\/07\/Cottoned-Reading-Pillow-900x720.jpg 900w, https:\/\/cottonedshop.com\/wp-content\/uploads\/2023\/07\/Cottoned-Reading-Pillow-768x614.jpg 768w, https:\/\/cottonedshop.com\/wp-content\/uploads\/2023\/07\/Cottoned-Reading-Pillow-150x120.jpg 150w\" data-sizes=\"(max-width: 1200px) 100vw, 1200px\" src=\"data:image\/svg+xml;base64,PHN2ZyB3aWR0aD0iMSIgaGVpZ2h0PSIxIiB4bWxucz0iaHR0cDovL3d3dy53My5vcmcvMjAwMC9zdmciPjwvc3ZnPg==\" style=\"--smush-placeholder-width: 1200px; --smush-placeholder-aspect-ratio: 1200\/960;\" \/><\/a>\n\t\t<\/figure>\n\t<\/div>\n\n\t<div class=\"wpb_text_column wpb_content_element\" >\n\t\t<div class=\"wpb_wrapper\">\n\t\t\t<p style=\"text-align: center;\"><a href=\"https:\/\/cottonedshop.com\/shop\/reading-pillow\/\">Almohada de lectura de algod\u00f3n ecol\u00f3gico personalizada<\/a><\/p>\n<p style=\"text-align: left;\">\n\n\t\t<\/div>\n\t<\/div>\n<\/div><\/div><\/div><div class=\"wpb_column vc_column_container vc_col-sm-4 et-dark-column\"><div class=\"vc_column-inner\"><div class=\"wpb_wrapper\">\n\t<div  class=\"wpb_single_image wpb_content_element vc_align_center wpb_content_element\">\n\t\t\n\t\t<figure class=\"wpb_wrapper vc_figure\">\n\t\t\t<a href=\"https:\/\/cottonedshop.com\/shop\/tufted-round-pouf\/\" target=\"_self\" class=\"vc_single_image-wrapper   vc_box_border_grey\"><img decoding=\"async\" width=\"1024\" height=\"819\" data-src=\"https:\/\/cottonedshop.com\/wp-content\/uploads\/2021\/10\/Cottoned-Tufted-Round-Pouf-Table-1024x819.jpg\" class=\"vc_single_image-img attachment-large lazyload\" alt=\"Mesa Puf Redonda Algodonada\" title=\"Mesa Puf Redonda Algodonada\" data-srcset=\"https:\/\/cottonedshop.com\/wp-content\/uploads\/2021\/10\/Cottoned-Tufted-Round-Pouf-Table-1024x819.jpg 1024w, https:\/\/cottonedshop.com\/wp-content\/uploads\/2021\/10\/Cottoned-Tufted-Round-Pouf-Table-600x480.jpg 600w, https:\/\/cottonedshop.com\/wp-content\/uploads\/2021\/10\/Cottoned-Tufted-Round-Pouf-Table-900x720.jpg 900w, https:\/\/cottonedshop.com\/wp-content\/uploads\/2021\/10\/Cottoned-Tufted-Round-Pouf-Table-300x240.jpg 300w, https:\/\/cottonedshop.com\/wp-content\/uploads\/2021\/10\/Cottoned-Tufted-Round-Pouf-Table-768x614.jpg 768w, https:\/\/cottonedshop.com\/wp-content\/uploads\/2021\/10\/Cottoned-Tufted-Round-Pouf-Table-150x120.jpg 150w, https:\/\/cottonedshop.com\/wp-content\/uploads\/2021\/10\/Cottoned-Tufted-Round-Pouf-Table.jpg 1300w\" data-sizes=\"(max-width: 1024px) 100vw, 1024px\" src=\"data:image\/svg+xml;base64,PHN2ZyB3aWR0aD0iMSIgaGVpZ2h0PSIxIiB4bWxucz0iaHR0cDovL3d3dy53My5vcmcvMjAwMC9zdmciPjwvc3ZnPg==\" style=\"--smush-placeholder-width: 1024px; --smush-placeholder-aspect-ratio: 1024\/819;\" \/><\/a>\n\t\t<\/figure>\n\t<\/div>\n\n\t<div class=\"wpb_text_column wpb_content_element\" >\n\t\t<div class=\"wpb_wrapper\">\n\t\t\t<p style=\"text-align: center;\"><a href=\"https:\/\/cottonedshop.com\/shop\/tufted-round-pouf\/\">Puf redondo de algod\u00f3n org\u00e1nico personalizado<\/a><\/p>\n\n\t\t<\/div>\n\t<\/div>\n<\/div><\/div><\/div><\/div><\/div><\/div><\/div><\/div><\/div>\n<\/div>","protected":false},"excerpt":{"rendered":"<p style=\"text-align: left;\">[et_button title=\"Configure &amp; Buy\" style=\"solid rounded\" color=\"custom\" align=\"center\" color_custom=\"#F07D7D\" text_color_custom=\"#ffffff\" link=\"url:%23configurator\"]<\/p>\n<p style=\"text-align: left;\">\n<p style=\"text-align: left;\">Choose from a wide variety of <strong>high-quality fabrics<\/strong> and colors to create the custom zip-off cover you need for your cushions.<\/p>\n<p style=\"text-align: left;\">Add this cover to your mattresses or cushions to protect them from spills and dirt, or replace an old worn-out cover.<\/p>\n<ul>\n<li style=\"text-align: left;\"><strong>Made-to-order<\/strong> to fit your preferences.<\/li>\n<li style=\"text-align: left;\"><strong>3-sided zipper<\/strong> for easy insertion of the cushion.<\/li>\n<li id=\"configurator\" style=\"text-align: left;\">All <strong>taxes<\/strong>\u00a0and\u00a0<strong>duties<\/strong>\u00a0are\u00a0<strong>included<\/strong>.<\/li>\n<li style=\"text-align: left;\"><strong>Free delivery<\/strong>\u00a0to your door.<\/li>\n<\/ul>\n","protected":false},"featured_media":9131,"comment_status":"closed","ping_status":"closed","template":"","meta":[],"product_brand":[],"product_cat":[29],"product_tag":[],"class_list":{"0":"post-9130","1":"product","2":"type-product","3":"status-publish","4":"has-post-thumbnail","6":"product_cat-cushions","8":"first","9":"instock","10":"shipping-taxable","11":"purchasable","12":"product-type-simple"},"yoast_head":"<!-- This site is optimized with the Yoast SEO plugin v27.4 - https:\/\/yoast.com\/product\/yoast-seo-wordpress\/ -->\n<title>Zip-Off Cushion Cover | Custom, Washable &amp; Protective<\/title>\n<meta name=\"description\" content=\"Protect your cushions with a custom zip-off cover, washable for easy maintenance. Available in any custom size, shape, texture, and color.\" \/>\n<meta name=\"robots\" content=\"index, follow, max-snippet:-1, max-image-preview:large, max-video-preview:-1\" \/>\n<link rel=\"canonical\" href=\"https:\/\/cottonedshop.com\/es\/tienda\/funda-personalizada-con-cremallera\/\" \/>\n<meta property=\"og:locale\" content=\"es_ES\" \/>\n<meta property=\"og:type\" content=\"article\" \/>\n<meta property=\"og:title\" content=\"Zip-Off Cushion Cover | Custom, Washable &amp; Protective\" \/>\n<meta property=\"og:description\" content=\"Protect your cushions with a custom zip-off cover, washable for easy maintenance. Available in any custom size, shape, texture, and color.\" \/>\n<meta property=\"og:url\" content=\"https:\/\/cottonedshop.com\/es\/tienda\/funda-personalizada-con-cremallera\/\" \/>\n<meta property=\"og:site_name\" content=\"Cottoned Shop\" \/>\n<meta property=\"article:modified_time\" content=\"2025-02-24T14:10:50+00:00\" \/>\n<meta property=\"og:image\" content=\"https:\/\/cottonedshop.com\/wp-content\/uploads\/2022\/02\/Cottoned-Custom-zip-off-cover.jpg\" \/>\n\t<meta property=\"og:image:width\" content=\"500\" \/>\n\t<meta property=\"og:image:height\" content=\"400\" \/>\n\t<meta property=\"og:image:type\" content=\"image\/jpeg\" \/>\n<meta name=\"twitter:card\" content=\"summary_large_image\" \/>\n<meta name=\"twitter:label1\" content=\"Tiempo de lectura\" \/>\n\t<meta name=\"twitter:data1\" content=\"2 minutos\" \/>\n<script type=\"application\/ld+json\" class=\"yoast-schema-graph\">{\"@context\":\"https:\\\/\\\/schema.org\",\"@graph\":[{\"@type\":\"WebPage\",\"@id\":\"https:\\\/\\\/cottonedshop.com\\\/shop\\\/zip-off-cover\\\/\",\"url\":\"https:\\\/\\\/cottonedshop.com\\\/shop\\\/zip-off-cover\\\/\",\"name\":\"Zip-Off Cushion Cover | Custom, Washable & Protective\",\"isPartOf\":{\"@id\":\"https:\\\/\\\/cottonedshop.com\\\/#website\"},\"primaryImageOfPage\":{\"@id\":\"https:\\\/\\\/cottonedshop.com\\\/shop\\\/zip-off-cover\\\/#primaryimage\"},\"image\":{\"@id\":\"https:\\\/\\\/cottonedshop.com\\\/shop\\\/zip-off-cover\\\/#primaryimage\"},\"thumbnailUrl\":\"https:\\\/\\\/cottonedshop.com\\\/wp-content\\\/uploads\\\/2022\\\/02\\\/Cottoned-Custom-zip-off-cover.jpg\",\"datePublished\":\"2022-02-23T20:04:20+00:00\",\"dateModified\":\"2025-02-24T14:10:50+00:00\",\"description\":\"Protect your cushions with a custom zip-off cover, washable for easy maintenance. Available in any custom size, shape, texture, and color.\",\"breadcrumb\":{\"@id\":\"https:\\\/\\\/cottonedshop.com\\\/shop\\\/zip-off-cover\\\/#breadcrumb\"},\"inLanguage\":\"es\",\"potentialAction\":[{\"@type\":\"ReadAction\",\"target\":[\"https:\\\/\\\/cottonedshop.com\\\/shop\\\/zip-off-cover\\\/\"]}]},{\"@type\":\"ImageObject\",\"inLanguage\":\"es\",\"@id\":\"https:\\\/\\\/cottonedshop.com\\\/shop\\\/zip-off-cover\\\/#primaryimage\",\"url\":\"https:\\\/\\\/cottonedshop.com\\\/wp-content\\\/uploads\\\/2022\\\/02\\\/Cottoned-Custom-zip-off-cover.jpg\",\"contentUrl\":\"https:\\\/\\\/cottonedshop.com\\\/wp-content\\\/uploads\\\/2022\\\/02\\\/Cottoned-Custom-zip-off-cover.jpg\",\"width\":500,\"height\":400,\"caption\":\"Cottoned Custom zip off cover\"},{\"@type\":\"BreadcrumbList\",\"@id\":\"https:\\\/\\\/cottonedshop.com\\\/shop\\\/zip-off-cover\\\/#breadcrumb\",\"itemListElement\":[{\"@type\":\"ListItem\",\"position\":1,\"name\":\"Home\",\"item\":\"https:\\\/\\\/cottonedshop.com\\\/\"},{\"@type\":\"ListItem\",\"position\":2,\"name\":\"Shop\",\"item\":\"https:\\\/\\\/cottonedshop.com\\\/shop\\\/\"},{\"@type\":\"ListItem\",\"position\":3,\"name\":\"Custom Zip-off Cover\"}]},{\"@type\":\"WebSite\",\"@id\":\"https:\\\/\\\/cottonedshop.com\\\/#website\",\"url\":\"https:\\\/\\\/cottonedshop.com\\\/\",\"name\":\"Cottoned Shop\",\"description\":\"\",\"publisher\":{\"@id\":\"https:\\\/\\\/cottonedshop.com\\\/#organization\"},\"potentialAction\":[{\"@type\":\"SearchAction\",\"target\":{\"@type\":\"EntryPoint\",\"urlTemplate\":\"https:\\\/\\\/cottonedshop.com\\\/?s={search_term_string}\"},\"query-input\":{\"@type\":\"PropertyValueSpecification\",\"valueRequired\":true,\"valueName\":\"search_term_string\"}}],\"inLanguage\":\"es\"},{\"@type\":\"Organization\",\"@id\":\"https:\\\/\\\/cottonedshop.com\\\/#organization\",\"name\":\"Cottoned\",\"url\":\"https:\\\/\\\/cottonedshop.com\\\/\",\"logo\":{\"@type\":\"ImageObject\",\"inLanguage\":\"es\",\"@id\":\"https:\\\/\\\/cottonedshop.com\\\/#\\\/schema\\\/logo\\\/image\\\/\",\"url\":\"https:\\\/\\\/cottonedshop.com\\\/wp-content\\\/uploads\\\/2021\\\/02\\\/cottoned-logo-large.png\",\"contentUrl\":\"https:\\\/\\\/cottonedshop.com\\\/wp-content\\\/uploads\\\/2021\\\/02\\\/cottoned-logo-large.png\",\"width\":1548,\"height\":1548,\"caption\":\"Cottoned\"},\"image\":{\"@id\":\"https:\\\/\\\/cottonedshop.com\\\/#\\\/schema\\\/logo\\\/image\\\/\"}}]}<\/script>\n<!-- \/ Yoast SEO plugin. -->","yoast_head_json":{"title":"Zip-Off Cushion Cover | Custom, Washable & Protective","description":"Protect your cushions with a custom zip-off cover, washable for easy maintenance. Available in any custom size, shape, texture, and color.","robots":{"index":"index","follow":"follow","max-snippet":"max-snippet:-1","max-image-preview":"max-image-preview:large","max-video-preview":"max-video-preview:-1"},"canonical":"https:\/\/cottonedshop.com\/es\/tienda\/funda-personalizada-con-cremallera\/","og_locale":"es_ES","og_type":"article","og_title":"Zip-Off Cushion Cover | Custom, Washable & Protective","og_description":"Protect your cushions with a custom zip-off cover, washable for easy maintenance. Available in any custom size, shape, texture, and color.","og_url":"https:\/\/cottonedshop.com\/es\/tienda\/funda-personalizada-con-cremallera\/","og_site_name":"Cottoned Shop","article_modified_time":"2025-02-24T14:10:50+00:00","og_image":[{"width":500,"height":400,"url":"https:\/\/cottonedshop.com\/wp-content\/uploads\/2022\/02\/Cottoned-Custom-zip-off-cover.jpg","type":"image\/jpeg"}],"twitter_card":"summary_large_image","twitter_misc":{"Tiempo de lectura":"2 minutos"},"schema":{"@context":"https:\/\/schema.org","@graph":[{"@type":"WebPage","@id":"https:\/\/cottonedshop.com\/shop\/zip-off-cover\/","url":"https:\/\/cottonedshop.com\/shop\/zip-off-cover\/","name":"Zip-Off Cushion Cover | Custom, Washable & Protective","isPartOf":{"@id":"https:\/\/cottonedshop.com\/#website"},"primaryImageOfPage":{"@id":"https:\/\/cottonedshop.com\/shop\/zip-off-cover\/#primaryimage"},"image":{"@id":"https:\/\/cottonedshop.com\/shop\/zip-off-cover\/#primaryimage"},"thumbnailUrl":"https:\/\/cottonedshop.com\/wp-content\/uploads\/2022\/02\/Cottoned-Custom-zip-off-cover.jpg","datePublished":"2022-02-23T20:04:20+00:00","dateModified":"2025-02-24T14:10:50+00:00","description":"Protect your cushions with a custom zip-off cover, washable for easy maintenance. Available in any custom size, shape, texture, and color.","breadcrumb":{"@id":"https:\/\/cottonedshop.com\/shop\/zip-off-cover\/#breadcrumb"},"inLanguage":"es","potentialAction":[{"@type":"ReadAction","target":["https:\/\/cottonedshop.com\/shop\/zip-off-cover\/"]}]},{"@type":"ImageObject","inLanguage":"es","@id":"https:\/\/cottonedshop.com\/shop\/zip-off-cover\/#primaryimage","url":"https:\/\/cottonedshop.com\/wp-content\/uploads\/2022\/02\/Cottoned-Custom-zip-off-cover.jpg","contentUrl":"https:\/\/cottonedshop.com\/wp-content\/uploads\/2022\/02\/Cottoned-Custom-zip-off-cover.jpg","width":500,"height":400,"caption":"Cottoned Custom zip off cover"},{"@type":"BreadcrumbList","@id":"https:\/\/cottonedshop.com\/shop\/zip-off-cover\/#breadcrumb","itemListElement":[{"@type":"ListItem","position":1,"name":"Home","item":"https:\/\/cottonedshop.com\/"},{"@type":"ListItem","position":2,"name":"Shop","item":"https:\/\/cottonedshop.com\/shop\/"},{"@type":"ListItem","position":3,"name":"Custom Zip-off Cover"}]},{"@type":"WebSite","@id":"https:\/\/cottonedshop.com\/#website","url":"https:\/\/cottonedshop.com\/","name":"Tienda Cottoned","description":"","publisher":{"@id":"https:\/\/cottonedshop.com\/#organization"},"potentialAction":[{"@type":"SearchAction","target":{"@type":"EntryPoint","urlTemplate":"https:\/\/cottonedshop.com\/?s={search_term_string}"},"query-input":{"@type":"PropertyValueSpecification","valueRequired":true,"valueName":"search_term_string"}}],"inLanguage":"es"},{"@type":"Organization","@id":"https:\/\/cottonedshop.com\/#organization","name":"Algod\u00f3n","url":"https:\/\/cottonedshop.com\/","logo":{"@type":"ImageObject","inLanguage":"es","@id":"https:\/\/cottonedshop.com\/#\/schema\/logo\/image\/","url":"https:\/\/cottonedshop.com\/wp-content\/uploads\/2021\/02\/cottoned-logo-large.png","contentUrl":"https:\/\/cottonedshop.com\/wp-content\/uploads\/2021\/02\/cottoned-logo-large.png","width":1548,"height":1548,"caption":"Cottoned"},"image":{"@id":"https:\/\/cottonedshop.com\/#\/schema\/logo\/image\/"}}]}},"_links":{"self":[{"href":"https:\/\/cottonedshop.com\/es\/wp-json\/wp\/v2\/product\/9130","targetHints":{"allow":["GET"]}}],"collection":[{"href":"https:\/\/cottonedshop.com\/es\/wp-json\/wp\/v2\/product"}],"about":[{"href":"https:\/\/cottonedshop.com\/es\/wp-json\/wp\/v2\/types\/product"}],"replies":[{"embeddable":true,"href":"https:\/\/cottonedshop.com\/es\/wp-json\/wp\/v2\/comments?post=9130"}],"wp:featuredmedia":[{"embeddable":true,"href":"https:\/\/cottonedshop.com\/es\/wp-json\/wp\/v2\/media\/9131"}],"wp:attachment":[{"href":"https:\/\/cottonedshop.com\/es\/wp-json\/wp\/v2\/media?parent=9130"}],"wp:term":[{"taxonomy":"product_brand","embeddable":true,"href":"https:\/\/cottonedshop.com\/es\/wp-json\/wp\/v2\/product_brand?post=9130"},{"taxonomy":"product_cat","embeddable":true,"href":"https:\/\/cottonedshop.com\/es\/wp-json\/wp\/v2\/product_cat?post=9130"},{"taxonomy":"product_tag","embeddable":true,"href":"https:\/\/cottonedshop.com\/es\/wp-json\/wp\/v2\/product_tag?post=9130"}],"curies":[{"name":"wp","href":"https:\/\/api.w.org\/{rel}","templated":true}]}}