{"id":8587,"date":"2021-10-21T12:36:31","date_gmt":"2021-10-21T10:36:31","guid":{"rendered":"https:\/\/cottonedshop.com\/?post_type=product&#038;p=8587"},"modified":"2025-09-05T15:23:17","modified_gmt":"2025-09-05T12:23:17","slug":"bean-bag-redondo","status":"publish","type":"product","link":"https:\/\/cottonedshop.com\/es\/shop\/round-bean-bag\/","title":{"rendered":"Bean Bag redondo de algod\u00f3n org\u00e1nico personalizado con funda lavable"},"content":{"rendered":"<div class=\"wpb-content-wrapper\"><div  class=\"sec_row container\"><div class=\"vc_row wpb_row vc_row-fluid\"><div class=\"wpb_column vc_column_container vc_col-sm-12 et-dark-column\"><div class=\"vc_column-inner\"><div class=\"wpb_wrapper\">\n\t<div class=\"wpb_text_column wpb_content_element\" >\n\t\t<div class=\"wpb_wrapper\">\n\t\t\t<p style=\"text-align: left;\"><strong>CARACTER\u00cdSTICAS:<\/strong><\/p>\n<ul>\n<li>Funda extra\u00edble y lavable.<\/li>\n<li>Insert in 100% Organic cotton fabric.<\/li>\n<li>Cremallera para ajustar f\u00e1cilmente, a\u00f1adir o quitar relleno si es necesario.<\/li>\n<\/ul>\n<p style=\"text-align: left;\"><strong>INSTRUCCIONES DE CUIDADO<\/strong><\/p>\n<p style=\"text-align: left;\">La funda extra\u00edble se puede lavar a m\u00e1quina en ciclo delicado con un detergente suave. Cierre la cremallera para lavarla.<\/p>\n<p style=\"text-align: left;\"><strong>IMPORTANTE<\/strong><\/p>\n<p style=\"text-align: left;\">* This listing is for one bean bag only.<br \/>\n* Los art\u00edculos rellenos de algod\u00f3n est\u00e1n sujetos a cierto grado de compresi\u00f3n.<br \/>\n* Art\u00edculo hecho a mano, es posible una peque\u00f1a desviaci\u00f3n en las dimensiones.<\/p>\n\n\t\t<\/div>\n\t<\/div>\n\n\t<div class=\"wpb_raw_code wpb_raw_html wpb_content_element\" >\n\t\t<div class=\"wpb_wrapper\">\n\t\t\t<div class=\"klaviyo-form-SVRq2G\"><\/div>\n\t\t<\/div>\n\t<\/div>\n<\/div><\/div><\/div><\/div><\/div>\n<\/div>","protected":false},"excerpt":{"rendered":"<p style=\"text-align: left;\"><strong>Poufs<\/strong> and <strong>bean bags<\/strong> can add an element of comfort and coziness to any home, and especially to a home with kids in it.<\/p>\n<p style=\"text-align: left;\">Crafted from <strong>high-quality, durable materials<\/strong> and <strong>the purest cotton filling<\/strong>, they are\u00a0<strong>hypoallergenic, extremely breathable, eco-friendly<\/strong>, and <strong>toxic-free<\/strong>.<\/p>\n<p style=\"text-align: left;\">Choose from a <strong>wide variety of fabrics, colors<\/strong>, <strong>sizes, shapes<\/strong>, and finishes to create the pouf that complements your home design and reflects your unique taste.<\/p>\n<ul>\n<li style=\"text-align: left;\">100% <strong>organic cotton<\/strong> filling inside.<\/li>\n<li style=\"text-align: left;\"><strong>Made-to-order<\/strong> to fit your preferences.<\/li>\n<li style=\"text-align: left;\"><strong>Natural alternative<\/strong> to foam and synthetics.<\/li>\n<li style=\"text-align: left;\"><strong>Limit<\/strong> exposure to <strong>dangerous VOCs<\/strong> in your home.<\/li>\n<li style=\"text-align: left;\"><strong>Removable cover<\/strong> for easy maintenance.<\/li>\n<li style=\"text-align: left;\">All <strong>taxes<\/strong> and <strong>duties<\/strong> are <strong>included<\/strong>.<\/li>\n<\/ul>\n<p style=\"text-align: left;\"><strong>SIZE:<\/strong> 35 x 35 x 25&#8221; (89 x 89 x 63 cm)<\/p>\n<p style=\"text-align: left;\">[et_button title=\"REQUEST CUSTOMIZATION\" style=\"solid rounded\" color=\"custom\" align=\"center\" color_custom=\"#3bd4ae\" text_color_custom=\"#ffffff\" link=\"url:https%3A%2F%2Fcottonedshop.com%2Fcontact%2F\"]<\/p>\n","protected":false},"featured_media":8613,"comment_status":"open","ping_status":"closed","template":"","meta":[],"product_brand":[],"product_cat":[401],"product_tag":[121,122,123,124,125,126,127,128,129,130,131,524,132,133,134,135],"class_list":{"0":"post-8587","1":"product","2":"type-product","3":"status-publish","4":"has-post-thumbnail","6":"product_cat-throw-pillows","7":"product_tag-custom-pouf","8":"product_tag-floor-pillow","9":"product_tag-foot-stool","10":"product_tag-handmade-cushion","11":"product_tag-living-room-stool","12":"product_tag-morrocan-pouf","13":"product_tag-ottoman","14":"product_tag-ottoman-chair","15":"product_tag-ottoman-pouf","16":"product_tag-ottoman-seat","17":"product_tag-patio-chair-cushions","18":"product_tag-pouf-cover-round","19":"product_tag-pouf-ottoman","20":"product_tag-rectangular-seat-cushion","21":"product_tag-square-cushion-ottoman","22":"product_tag-square-pouf","24":"first","25":"instock","26":"shipping-taxable","27":"purchasable","28":"product-type-variable"},"yoast_head":"<!-- This site is optimized with the Yoast SEO plugin v27.4 - https:\/\/yoast.com\/product\/yoast-seo-wordpress\/ -->\n<title>Round Bean Bag with Organic Cotton Fill | Custom Sizes<\/title>\n<meta name=\"description\" content=\"Handmade round bean bag filled with 100% organic cotton. Fully customizable in size, shape, texture &amp; color to fit your space and style.\" \/>\n<meta name=\"robots\" content=\"index, follow, max-snippet:-1, max-image-preview:large, max-video-preview:-1\" \/>\n<link rel=\"canonical\" href=\"https:\/\/cottonedshop.com\/es\/tienda\/bean-bag-redondo\/\" \/>\n<meta property=\"og:locale\" content=\"es_ES\" \/>\n<meta property=\"og:type\" content=\"article\" \/>\n<meta property=\"og:title\" content=\"Round Bean Bag with Organic Cotton Fill | Custom Sizes\" \/>\n<meta property=\"og:description\" content=\"Handmade round bean bag filled with 100% organic cotton. Fully customizable in size, shape, texture &amp; color to fit your space and style.\" \/>\n<meta property=\"og:url\" content=\"https:\/\/cottonedshop.com\/es\/tienda\/bean-bag-redondo\/\" \/>\n<meta property=\"og:site_name\" content=\"Cottoned Shop\" \/>\n<meta property=\"article:modified_time\" content=\"2025-09-05T12:23:17+00:00\" \/>\n<meta property=\"og:image\" content=\"https:\/\/cottonedshop.com\/wp-content\/uploads\/2021\/10\/Cottoned-Round-Bean-Bag-with-100-Organic-GOTS-Certified-Cotton-Fill.jpg\" \/>\n\t<meta property=\"og:image:width\" content=\"1300\" \/>\n\t<meta property=\"og:image:height\" content=\"1040\" \/>\n\t<meta property=\"og:image:type\" content=\"image\/jpeg\" \/>\n<meta name=\"twitter:card\" content=\"summary_large_image\" \/>\n<meta name=\"twitter:label1\" content=\"Tiempo de lectura\" \/>\n\t<meta name=\"twitter:data1\" content=\"1 minuto\" \/>\n<script type=\"application\/ld+json\" class=\"yoast-schema-graph\">{\"@context\":\"https:\\\/\\\/schema.org\",\"@graph\":[{\"@type\":\"WebPage\",\"@id\":\"https:\\\/\\\/cottonedshop.com\\\/shop\\\/round-bean-bag\\\/\",\"url\":\"https:\\\/\\\/cottonedshop.com\\\/shop\\\/round-bean-bag\\\/\",\"name\":\"Round Bean Bag with Organic Cotton Fill | Custom Sizes\",\"isPartOf\":{\"@id\":\"https:\\\/\\\/cottonedshop.com\\\/#website\"},\"primaryImageOfPage\":{\"@id\":\"https:\\\/\\\/cottonedshop.com\\\/shop\\\/round-bean-bag\\\/#primaryimage\"},\"image\":{\"@id\":\"https:\\\/\\\/cottonedshop.com\\\/shop\\\/round-bean-bag\\\/#primaryimage\"},\"thumbnailUrl\":\"https:\\\/\\\/cottonedshop.com\\\/wp-content\\\/uploads\\\/2021\\\/10\\\/Cottoned-Round-Bean-Bag-with-100-Organic-GOTS-Certified-Cotton-Fill.jpg\",\"datePublished\":\"2021-10-21T10:36:31+00:00\",\"dateModified\":\"2025-09-05T12:23:17+00:00\",\"description\":\"Handmade round bean bag filled with 100% organic cotton. Fully customizable in size, shape, texture & color to fit your space and style.\",\"breadcrumb\":{\"@id\":\"https:\\\/\\\/cottonedshop.com\\\/shop\\\/round-bean-bag\\\/#breadcrumb\"},\"inLanguage\":\"es\",\"potentialAction\":[{\"@type\":\"ReadAction\",\"target\":[\"https:\\\/\\\/cottonedshop.com\\\/shop\\\/round-bean-bag\\\/\"]}]},{\"@type\":\"ImageObject\",\"inLanguage\":\"es\",\"@id\":\"https:\\\/\\\/cottonedshop.com\\\/shop\\\/round-bean-bag\\\/#primaryimage\",\"url\":\"https:\\\/\\\/cottonedshop.com\\\/wp-content\\\/uploads\\\/2021\\\/10\\\/Cottoned-Round-Bean-Bag-with-100-Organic-GOTS-Certified-Cotton-Fill.jpg\",\"contentUrl\":\"https:\\\/\\\/cottonedshop.com\\\/wp-content\\\/uploads\\\/2021\\\/10\\\/Cottoned-Round-Bean-Bag-with-100-Organic-GOTS-Certified-Cotton-Fill.jpg\",\"width\":1300,\"height\":1040,\"caption\":\"Cottoned Round Bean Bag with 100% Organic GOTS Certified Cotton Fill\"},{\"@type\":\"BreadcrumbList\",\"@id\":\"https:\\\/\\\/cottonedshop.com\\\/shop\\\/round-bean-bag\\\/#breadcrumb\",\"itemListElement\":[{\"@type\":\"ListItem\",\"position\":1,\"name\":\"Home\",\"item\":\"https:\\\/\\\/cottonedshop.com\\\/\"},{\"@type\":\"ListItem\",\"position\":2,\"name\":\"Shop\",\"item\":\"https:\\\/\\\/cottonedshop.com\\\/shop\\\/\"},{\"@type\":\"ListItem\",\"position\":3,\"name\":\"Custom Organic Cotton Round Bean Bag with Washable Cover\"}]},{\"@type\":\"WebSite\",\"@id\":\"https:\\\/\\\/cottonedshop.com\\\/#website\",\"url\":\"https:\\\/\\\/cottonedshop.com\\\/\",\"name\":\"Cottoned Shop\",\"description\":\"\",\"publisher\":{\"@id\":\"https:\\\/\\\/cottonedshop.com\\\/#organization\"},\"potentialAction\":[{\"@type\":\"SearchAction\",\"target\":{\"@type\":\"EntryPoint\",\"urlTemplate\":\"https:\\\/\\\/cottonedshop.com\\\/?s={search_term_string}\"},\"query-input\":{\"@type\":\"PropertyValueSpecification\",\"valueRequired\":true,\"valueName\":\"search_term_string\"}}],\"inLanguage\":\"es\"},{\"@type\":\"Organization\",\"@id\":\"https:\\\/\\\/cottonedshop.com\\\/#organization\",\"name\":\"Cottoned\",\"url\":\"https:\\\/\\\/cottonedshop.com\\\/\",\"logo\":{\"@type\":\"ImageObject\",\"inLanguage\":\"es\",\"@id\":\"https:\\\/\\\/cottonedshop.com\\\/#\\\/schema\\\/logo\\\/image\\\/\",\"url\":\"https:\\\/\\\/cottonedshop.com\\\/wp-content\\\/uploads\\\/2021\\\/02\\\/cottoned-logo-large.png\",\"contentUrl\":\"https:\\\/\\\/cottonedshop.com\\\/wp-content\\\/uploads\\\/2021\\\/02\\\/cottoned-logo-large.png\",\"width\":1548,\"height\":1548,\"caption\":\"Cottoned\"},\"image\":{\"@id\":\"https:\\\/\\\/cottonedshop.com\\\/#\\\/schema\\\/logo\\\/image\\\/\"}}]}<\/script>\n<!-- \/ Yoast SEO plugin. -->","yoast_head_json":{"title":"Round Bean Bag with Organic Cotton Fill | Custom Sizes","description":"Handmade round bean bag filled with 100% organic cotton. Fully customizable in size, shape, texture & color to fit your space and style.","robots":{"index":"index","follow":"follow","max-snippet":"max-snippet:-1","max-image-preview":"max-image-preview:large","max-video-preview":"max-video-preview:-1"},"canonical":"https:\/\/cottonedshop.com\/es\/tienda\/bean-bag-redondo\/","og_locale":"es_ES","og_type":"article","og_title":"Round Bean Bag with Organic Cotton Fill | Custom Sizes","og_description":"Handmade round bean bag filled with 100% organic cotton. Fully customizable in size, shape, texture & color to fit your space and style.","og_url":"https:\/\/cottonedshop.com\/es\/tienda\/bean-bag-redondo\/","og_site_name":"Cottoned Shop","article_modified_time":"2025-09-05T12:23:17+00:00","og_image":[{"width":1300,"height":1040,"url":"https:\/\/cottonedshop.com\/wp-content\/uploads\/2021\/10\/Cottoned-Round-Bean-Bag-with-100-Organic-GOTS-Certified-Cotton-Fill.jpg","type":"image\/jpeg"}],"twitter_card":"summary_large_image","twitter_misc":{"Tiempo de lectura":"1 minuto"},"schema":{"@context":"https:\/\/schema.org","@graph":[{"@type":"WebPage","@id":"https:\/\/cottonedshop.com\/shop\/round-bean-bag\/","url":"https:\/\/cottonedshop.com\/shop\/round-bean-bag\/","name":"Round Bean Bag with Organic Cotton Fill | Custom Sizes","isPartOf":{"@id":"https:\/\/cottonedshop.com\/#website"},"primaryImageOfPage":{"@id":"https:\/\/cottonedshop.com\/shop\/round-bean-bag\/#primaryimage"},"image":{"@id":"https:\/\/cottonedshop.com\/shop\/round-bean-bag\/#primaryimage"},"thumbnailUrl":"https:\/\/cottonedshop.com\/wp-content\/uploads\/2021\/10\/Cottoned-Round-Bean-Bag-with-100-Organic-GOTS-Certified-Cotton-Fill.jpg","datePublished":"2021-10-21T10:36:31+00:00","dateModified":"2025-09-05T12:23:17+00:00","description":"Handmade round bean bag filled with 100% organic cotton. Fully customizable in size, shape, texture & color to fit your space and style.","breadcrumb":{"@id":"https:\/\/cottonedshop.com\/shop\/round-bean-bag\/#breadcrumb"},"inLanguage":"es","potentialAction":[{"@type":"ReadAction","target":["https:\/\/cottonedshop.com\/shop\/round-bean-bag\/"]}]},{"@type":"ImageObject","inLanguage":"es","@id":"https:\/\/cottonedshop.com\/shop\/round-bean-bag\/#primaryimage","url":"https:\/\/cottonedshop.com\/wp-content\/uploads\/2021\/10\/Cottoned-Round-Bean-Bag-with-100-Organic-GOTS-Certified-Cotton-Fill.jpg","contentUrl":"https:\/\/cottonedshop.com\/wp-content\/uploads\/2021\/10\/Cottoned-Round-Bean-Bag-with-100-Organic-GOTS-Certified-Cotton-Fill.jpg","width":1300,"height":1040,"caption":"Cottoned Round Bean Bag with 100% Organic GOTS Certified Cotton Fill"},{"@type":"BreadcrumbList","@id":"https:\/\/cottonedshop.com\/shop\/round-bean-bag\/#breadcrumb","itemListElement":[{"@type":"ListItem","position":1,"name":"Home","item":"https:\/\/cottonedshop.com\/"},{"@type":"ListItem","position":2,"name":"Shop","item":"https:\/\/cottonedshop.com\/shop\/"},{"@type":"ListItem","position":3,"name":"Custom Organic Cotton Round Bean Bag with Washable Cover"}]},{"@type":"WebSite","@id":"https:\/\/cottonedshop.com\/#website","url":"https:\/\/cottonedshop.com\/","name":"Tienda Cottoned","description":"","publisher":{"@id":"https:\/\/cottonedshop.com\/#organization"},"potentialAction":[{"@type":"SearchAction","target":{"@type":"EntryPoint","urlTemplate":"https:\/\/cottonedshop.com\/?s={search_term_string}"},"query-input":{"@type":"PropertyValueSpecification","valueRequired":true,"valueName":"search_term_string"}}],"inLanguage":"es"},{"@type":"Organization","@id":"https:\/\/cottonedshop.com\/#organization","name":"Algod\u00f3n","url":"https:\/\/cottonedshop.com\/","logo":{"@type":"ImageObject","inLanguage":"es","@id":"https:\/\/cottonedshop.com\/#\/schema\/logo\/image\/","url":"https:\/\/cottonedshop.com\/wp-content\/uploads\/2021\/02\/cottoned-logo-large.png","contentUrl":"https:\/\/cottonedshop.com\/wp-content\/uploads\/2021\/02\/cottoned-logo-large.png","width":1548,"height":1548,"caption":"Cottoned"},"image":{"@id":"https:\/\/cottonedshop.com\/#\/schema\/logo\/image\/"}}]}},"_links":{"self":[{"href":"https:\/\/cottonedshop.com\/es\/wp-json\/wp\/v2\/product\/8587","targetHints":{"allow":["GET"]}}],"collection":[{"href":"https:\/\/cottonedshop.com\/es\/wp-json\/wp\/v2\/product"}],"about":[{"href":"https:\/\/cottonedshop.com\/es\/wp-json\/wp\/v2\/types\/product"}],"replies":[{"embeddable":true,"href":"https:\/\/cottonedshop.com\/es\/wp-json\/wp\/v2\/comments?post=8587"}],"wp:featuredmedia":[{"embeddable":true,"href":"https:\/\/cottonedshop.com\/es\/wp-json\/wp\/v2\/media\/8613"}],"wp:attachment":[{"href":"https:\/\/cottonedshop.com\/es\/wp-json\/wp\/v2\/media?parent=8587"}],"wp:term":[{"taxonomy":"product_brand","embeddable":true,"href":"https:\/\/cottonedshop.com\/es\/wp-json\/wp\/v2\/product_brand?post=8587"},{"taxonomy":"product_cat","embeddable":true,"href":"https:\/\/cottonedshop.com\/es\/wp-json\/wp\/v2\/product_cat?post=8587"},{"taxonomy":"product_tag","embeddable":true,"href":"https:\/\/cottonedshop.com\/es\/wp-json\/wp\/v2\/product_tag?post=8587"}],"curies":[{"name":"wp","href":"https:\/\/api.w.org\/{rel}","templated":true}]}}