{"id":8265,"date":"2021-09-15T13:34:01","date_gmt":"2021-09-15T11:34:01","guid":{"rendered":"https:\/\/cottonedshop.com\/?post_type=product&#038;p=8265"},"modified":"2025-11-20T18:01:55","modified_gmt":"2025-11-20T16:01:55","slug":"cueva-cama-para-mascotas","status":"publish","type":"product","link":"https:\/\/cottonedshop.com\/es\/shop\/cave-pet-bed\/","title":{"rendered":"Cama de algod\u00f3n org\u00e1nico para mascotas"},"content":{"rendered":"<div class=\"wpb-content-wrapper\"><div  class=\"sec_row container\"><div class=\"vc_row wpb_row vc_row-fluid\"><div class=\"wpb_column vc_column_container vc_col-sm-12 et-dark-column\"><div class=\"vc_column-inner\"><div class=\"wpb_wrapper\">\n\t<div class=\"wpb_text_column wpb_content_element\" >\n\t\t<div class=\"wpb_wrapper\">\n\t\t\t<p style=\"text-align: left;\"><strong>SIZE OPTIONS:<\/strong><\/p>\n<ul style=\"text-align: left;\">\n<li style=\"text-align: left;\">S &#8211; W 20&#8221; x L 20&#8221; (W 50 x L 50 cm )<\/li>\n<li style=\"text-align: left;\">M &#8211; W 29.5&#8221; x L 29.5&#8221; (W 75 x L 75 cm)<\/li>\n<li>L &#8211; W 39&#8221; x L 39&#8221; (W 100 x 100 cm)<\/li>\n<\/ul>\n<p style=\"text-align: left;\"><strong>CARACTER\u00cdSTICAS:<\/strong><\/p>\n<ul style=\"text-align: left;\">\n<li>Funda extra\u00edble y lavable.<\/li>\n<li>Insert in Water\/Stain repellent fabric (60% Cotton\/40% Polyester), Bionic finish, (Oeko-tex certified)<\/li>\n<li>Separate bottom pillow with tufts on the inside, not visible.<\/li>\n<li>Almohada en el medio es de aproximadamente 2\u2033 (5 cm) de espesor.<\/li>\n<li>Cozy detachable roof cover with metal string in the edge.<\/li>\n<\/ul>\n<p style=\"text-align: left;\"><strong>INSTRUCCIONES DE CUIDADO<\/strong><\/p>\n<p style=\"text-align: left;\">La funda exterior se puede lavar a m\u00e1quina en ciclo delicado con un detergente suave. Cierre la cremallera para lavarla.<\/p>\n<p style=\"text-align: left;\"><strong>IMPORTANTE<\/strong><\/p>\n<p style=\"text-align: left;\">* Este anuncio es s\u00f3lo para un coj\u00edn.<br \/>\n* Los art\u00edculos rellenos de algod\u00f3n est\u00e1n sujetos a cierto grado de compresi\u00f3n.<br \/>\n* Art\u00edculo hecho a mano, es posible una peque\u00f1a desviaci\u00f3n en las dimensiones.<\/p>\n\n\t\t<\/div>\n\t<\/div>\n\n\t<div class=\"wpb_raw_code wpb_raw_html wpb_content_element\" >\n\t\t<div class=\"wpb_wrapper\">\n\t\t\t<div class=\"klaviyo-form-SVRq2G\"><\/div>\n\t\t<\/div>\n\t<\/div>\n<\/div><\/div><\/div><\/div><\/div>\n<\/div>","protected":false},"excerpt":{"rendered":"<p style=\"text-align: left;\">Designed to meet your furry pal\u2019s instincts, this cave pet bed provides the perfect combo of comfort and security. Crafted from <strong>high-quality, durable materials,<\/strong> and <strong>the purest cotton filling<\/strong>, our <strong>pet beds<\/strong> are<strong> hypoallergenic, extremely breathable, eco-friendly<\/strong>, and <strong>toxic-free<\/strong>.<\/p>\n<ul>\n<li style=\"text-align: left;\">100% <strong>organic cotton<\/strong> filling inside.<\/li>\n<li style=\"text-align: left;\"><strong>Made-to-order<\/strong> to fit your preferences.<\/li>\n<li style=\"text-align: left;\"><strong>Natural alternative<\/strong> to foam pet beds.<\/li>\n<li style=\"text-align: left;\"><strong>Washable<\/strong> removable covers.<\/li>\n<li style=\"text-align: left;\"><strong>Limit<\/strong> exposure to <strong>dangerous VOCs<\/strong> in your home.<\/li>\n<li style=\"text-align: left;\">Complimentary <strong>m<\/strong><strong>ending kit<\/strong> included.<\/li>\n<li style=\"text-align: left;\">All <strong>taxes<\/strong> and <strong>duties<\/strong> are <strong>included<\/strong>.<\/li>\n<\/ul>\n<p style=\"text-align: left;\">[et_button title=\"REQUEST CUSTOMIZATION\" style=\"solid rounded\" color=\"custom\" align=\"center\" color_custom=\"#3bd4ae\" text_color_custom=\"#ffffff\" link=\"url:https%3A%2F%2Fcottonedshop.com%2Fcontact%2F\"]<\/p>\n","protected":false},"featured_media":14526,"comment_status":"open","ping_status":"closed","template":"","meta":[],"product_brand":[],"product_cat":[88],"product_tag":[175,184,176,185,412,177,178,186,180,187,181,182],"class_list":{"0":"post-8265","1":"product","2":"type-product","3":"status-publish","4":"has-post-thumbnail","6":"product_cat-pet-beds","7":"product_tag-cat-beds","8":"product_tag-cooling-puppy-bed","9":"product_tag-custom-pet-bed","10":"product_tag-dog-mat","11":"product_tag-donut-dog-bed","12":"product_tag-kitten-bed","13":"product_tag-large-dog-beds","14":"product_tag-organic-pet-bed","15":"product_tag-organic-pet-bedding","16":"product_tag-pet-mat","17":"product_tag-puppy-mattress","18":"product_tag-small-dog-beds","20":"first","21":"instock","22":"shipping-taxable","23":"purchasable","24":"product-type-variable"},"yoast_head":"<!-- This site is optimized with the Yoast SEO plugin v27.3 - https:\/\/yoast.com\/product\/yoast-seo-wordpress\/ -->\n<title>Custom Organic Cotton Cave Pet Bed | Safe &amp; Eco-Friendly<\/title>\n<meta name=\"description\" content=\"Give your pet the ultimate comfort with our custom cave pet bed, filled with organic cotton stuffing. Available in custom sizes to suit your pet&#039;s needs.\" \/>\n<meta name=\"robots\" content=\"index, follow, max-snippet:-1, max-image-preview:large, max-video-preview:-1\" \/>\n<link rel=\"canonical\" href=\"https:\/\/cottonedshop.com\/es\/tienda\/cueva-cama-para-mascotas\/\" \/>\n<meta property=\"og:locale\" content=\"es_ES\" \/>\n<meta property=\"og:type\" content=\"article\" \/>\n<meta property=\"og:title\" content=\"Custom Organic Cotton Cave Pet Bed | Safe &amp; Eco-Friendly\" \/>\n<meta property=\"og:description\" content=\"Give your pet the ultimate comfort with our custom cave pet bed, filled with organic cotton stuffing. Available in custom sizes to suit your pet&#039;s needs.\" \/>\n<meta property=\"og:url\" content=\"https:\/\/cottonedshop.com\/es\/tienda\/cueva-cama-para-mascotas\/\" \/>\n<meta property=\"og:site_name\" content=\"Cottoned Shop\" \/>\n<meta property=\"article:modified_time\" content=\"2025-11-20T16:01:55+00:00\" \/>\n<meta property=\"og:image\" content=\"https:\/\/cottonedshop.com\/wp-content\/uploads\/2021\/09\/Cottoned-Shop-Cave-dog-bed-Main.jpg\" \/>\n\t<meta property=\"og:image:width\" content=\"2000\" \/>\n\t<meta property=\"og:image:height\" content=\"1600\" \/>\n\t<meta property=\"og:image:type\" content=\"image\/jpeg\" \/>\n<meta name=\"twitter:card\" content=\"summary_large_image\" \/>\n<meta name=\"twitter:label1\" content=\"Tiempo de lectura\" \/>\n\t<meta name=\"twitter:data1\" content=\"1 minuto\" \/>\n<script type=\"application\/ld+json\" class=\"yoast-schema-graph\">{\"@context\":\"https:\\\/\\\/schema.org\",\"@graph\":[{\"@type\":\"WebPage\",\"@id\":\"https:\\\/\\\/cottonedshop.com\\\/shop\\\/cave-pet-bed\\\/\",\"url\":\"https:\\\/\\\/cottonedshop.com\\\/shop\\\/cave-pet-bed\\\/\",\"name\":\"Custom Organic Cotton Cave Pet Bed | Safe & Eco-Friendly\",\"isPartOf\":{\"@id\":\"https:\\\/\\\/cottonedshop.com\\\/#website\"},\"primaryImageOfPage\":{\"@id\":\"https:\\\/\\\/cottonedshop.com\\\/shop\\\/cave-pet-bed\\\/#primaryimage\"},\"image\":{\"@id\":\"https:\\\/\\\/cottonedshop.com\\\/shop\\\/cave-pet-bed\\\/#primaryimage\"},\"thumbnailUrl\":\"https:\\\/\\\/cottonedshop.com\\\/wp-content\\\/uploads\\\/2021\\\/09\\\/Cottoned-Shop-Cave-dog-bed-Main.jpg\",\"datePublished\":\"2021-09-15T11:34:01+00:00\",\"dateModified\":\"2025-11-20T16:01:55+00:00\",\"description\":\"Give your pet the ultimate comfort with our custom cave pet bed, filled with organic cotton stuffing. Available in custom sizes to suit your pet's needs.\",\"breadcrumb\":{\"@id\":\"https:\\\/\\\/cottonedshop.com\\\/shop\\\/cave-pet-bed\\\/#breadcrumb\"},\"inLanguage\":\"es\",\"potentialAction\":[{\"@type\":\"ReadAction\",\"target\":[\"https:\\\/\\\/cottonedshop.com\\\/shop\\\/cave-pet-bed\\\/\"]}]},{\"@type\":\"ImageObject\",\"inLanguage\":\"es\",\"@id\":\"https:\\\/\\\/cottonedshop.com\\\/shop\\\/cave-pet-bed\\\/#primaryimage\",\"url\":\"https:\\\/\\\/cottonedshop.com\\\/wp-content\\\/uploads\\\/2021\\\/09\\\/Cottoned-Shop-Cave-dog-bed-Main.jpg\",\"contentUrl\":\"https:\\\/\\\/cottonedshop.com\\\/wp-content\\\/uploads\\\/2021\\\/09\\\/Cottoned-Shop-Cave-dog-bed-Main.jpg\",\"width\":2000,\"height\":1600},{\"@type\":\"BreadcrumbList\",\"@id\":\"https:\\\/\\\/cottonedshop.com\\\/shop\\\/cave-pet-bed\\\/#breadcrumb\",\"itemListElement\":[{\"@type\":\"ListItem\",\"position\":1,\"name\":\"Home\",\"item\":\"https:\\\/\\\/cottonedshop.com\\\/\"},{\"@type\":\"ListItem\",\"position\":2,\"name\":\"Shop\",\"item\":\"https:\\\/\\\/cottonedshop.com\\\/shop\\\/\"},{\"@type\":\"ListItem\",\"position\":3,\"name\":\"Custom Organic Cotton Cave Pet Bed\"}]},{\"@type\":\"WebSite\",\"@id\":\"https:\\\/\\\/cottonedshop.com\\\/#website\",\"url\":\"https:\\\/\\\/cottonedshop.com\\\/\",\"name\":\"Cottoned Shop\",\"description\":\"\",\"publisher\":{\"@id\":\"https:\\\/\\\/cottonedshop.com\\\/#organization\"},\"potentialAction\":[{\"@type\":\"SearchAction\",\"target\":{\"@type\":\"EntryPoint\",\"urlTemplate\":\"https:\\\/\\\/cottonedshop.com\\\/?s={search_term_string}\"},\"query-input\":{\"@type\":\"PropertyValueSpecification\",\"valueRequired\":true,\"valueName\":\"search_term_string\"}}],\"inLanguage\":\"es\"},{\"@type\":\"Organization\",\"@id\":\"https:\\\/\\\/cottonedshop.com\\\/#organization\",\"name\":\"Cottoned\",\"url\":\"https:\\\/\\\/cottonedshop.com\\\/\",\"logo\":{\"@type\":\"ImageObject\",\"inLanguage\":\"es\",\"@id\":\"https:\\\/\\\/cottonedshop.com\\\/#\\\/schema\\\/logo\\\/image\\\/\",\"url\":\"https:\\\/\\\/cottonedshop.com\\\/wp-content\\\/uploads\\\/2021\\\/02\\\/cottoned-logo-large.png\",\"contentUrl\":\"https:\\\/\\\/cottonedshop.com\\\/wp-content\\\/uploads\\\/2021\\\/02\\\/cottoned-logo-large.png\",\"width\":1548,\"height\":1548,\"caption\":\"Cottoned\"},\"image\":{\"@id\":\"https:\\\/\\\/cottonedshop.com\\\/#\\\/schema\\\/logo\\\/image\\\/\"}}]}<\/script>\n<!-- \/ Yoast SEO plugin. -->","yoast_head_json":{"title":"Custom Organic Cotton Cave Pet Bed | Safe & Eco-Friendly","description":"Give your pet the ultimate comfort with our custom cave pet bed, filled with organic cotton stuffing. Available in custom sizes to suit your pet's needs.","robots":{"index":"index","follow":"follow","max-snippet":"max-snippet:-1","max-image-preview":"max-image-preview:large","max-video-preview":"max-video-preview:-1"},"canonical":"https:\/\/cottonedshop.com\/es\/tienda\/cueva-cama-para-mascotas\/","og_locale":"es_ES","og_type":"article","og_title":"Custom Organic Cotton Cave Pet Bed | Safe & Eco-Friendly","og_description":"Give your pet the ultimate comfort with our custom cave pet bed, filled with organic cotton stuffing. Available in custom sizes to suit your pet's needs.","og_url":"https:\/\/cottonedshop.com\/es\/tienda\/cueva-cama-para-mascotas\/","og_site_name":"Cottoned Shop","article_modified_time":"2025-11-20T16:01:55+00:00","og_image":[{"width":2000,"height":1600,"url":"https:\/\/cottonedshop.com\/wp-content\/uploads\/2021\/09\/Cottoned-Shop-Cave-dog-bed-Main.jpg","type":"image\/jpeg"}],"twitter_card":"summary_large_image","twitter_misc":{"Tiempo de lectura":"1 minuto"},"schema":{"@context":"https:\/\/schema.org","@graph":[{"@type":"WebPage","@id":"https:\/\/cottonedshop.com\/shop\/cave-pet-bed\/","url":"https:\/\/cottonedshop.com\/shop\/cave-pet-bed\/","name":"Custom Organic Cotton Cave Pet Bed | Safe & Eco-Friendly","isPartOf":{"@id":"https:\/\/cottonedshop.com\/#website"},"primaryImageOfPage":{"@id":"https:\/\/cottonedshop.com\/shop\/cave-pet-bed\/#primaryimage"},"image":{"@id":"https:\/\/cottonedshop.com\/shop\/cave-pet-bed\/#primaryimage"},"thumbnailUrl":"https:\/\/cottonedshop.com\/wp-content\/uploads\/2021\/09\/Cottoned-Shop-Cave-dog-bed-Main.jpg","datePublished":"2021-09-15T11:34:01+00:00","dateModified":"2025-11-20T16:01:55+00:00","description":"Give your pet the ultimate comfort with our custom cave pet bed, filled with organic cotton stuffing. Available in custom sizes to suit your pet's needs.","breadcrumb":{"@id":"https:\/\/cottonedshop.com\/shop\/cave-pet-bed\/#breadcrumb"},"inLanguage":"es","potentialAction":[{"@type":"ReadAction","target":["https:\/\/cottonedshop.com\/shop\/cave-pet-bed\/"]}]},{"@type":"ImageObject","inLanguage":"es","@id":"https:\/\/cottonedshop.com\/shop\/cave-pet-bed\/#primaryimage","url":"https:\/\/cottonedshop.com\/wp-content\/uploads\/2021\/09\/Cottoned-Shop-Cave-dog-bed-Main.jpg","contentUrl":"https:\/\/cottonedshop.com\/wp-content\/uploads\/2021\/09\/Cottoned-Shop-Cave-dog-bed-Main.jpg","width":2000,"height":1600},{"@type":"BreadcrumbList","@id":"https:\/\/cottonedshop.com\/shop\/cave-pet-bed\/#breadcrumb","itemListElement":[{"@type":"ListItem","position":1,"name":"Home","item":"https:\/\/cottonedshop.com\/"},{"@type":"ListItem","position":2,"name":"Shop","item":"https:\/\/cottonedshop.com\/shop\/"},{"@type":"ListItem","position":3,"name":"Custom Organic Cotton Cave Pet Bed"}]},{"@type":"WebSite","@id":"https:\/\/cottonedshop.com\/#website","url":"https:\/\/cottonedshop.com\/","name":"Tienda Cottoned","description":"","publisher":{"@id":"https:\/\/cottonedshop.com\/#organization"},"potentialAction":[{"@type":"SearchAction","target":{"@type":"EntryPoint","urlTemplate":"https:\/\/cottonedshop.com\/?s={search_term_string}"},"query-input":{"@type":"PropertyValueSpecification","valueRequired":true,"valueName":"search_term_string"}}],"inLanguage":"es"},{"@type":"Organization","@id":"https:\/\/cottonedshop.com\/#organization","name":"Algod\u00f3n","url":"https:\/\/cottonedshop.com\/","logo":{"@type":"ImageObject","inLanguage":"es","@id":"https:\/\/cottonedshop.com\/#\/schema\/logo\/image\/","url":"https:\/\/cottonedshop.com\/wp-content\/uploads\/2021\/02\/cottoned-logo-large.png","contentUrl":"https:\/\/cottonedshop.com\/wp-content\/uploads\/2021\/02\/cottoned-logo-large.png","width":1548,"height":1548,"caption":"Cottoned"},"image":{"@id":"https:\/\/cottonedshop.com\/#\/schema\/logo\/image\/"}}]}},"_links":{"self":[{"href":"https:\/\/cottonedshop.com\/es\/wp-json\/wp\/v2\/product\/8265","targetHints":{"allow":["GET"]}}],"collection":[{"href":"https:\/\/cottonedshop.com\/es\/wp-json\/wp\/v2\/product"}],"about":[{"href":"https:\/\/cottonedshop.com\/es\/wp-json\/wp\/v2\/types\/product"}],"replies":[{"embeddable":true,"href":"https:\/\/cottonedshop.com\/es\/wp-json\/wp\/v2\/comments?post=8265"}],"wp:featuredmedia":[{"embeddable":true,"href":"https:\/\/cottonedshop.com\/es\/wp-json\/wp\/v2\/media\/14526"}],"wp:attachment":[{"href":"https:\/\/cottonedshop.com\/es\/wp-json\/wp\/v2\/media?parent=8265"}],"wp:term":[{"taxonomy":"product_brand","embeddable":true,"href":"https:\/\/cottonedshop.com\/es\/wp-json\/wp\/v2\/product_brand?post=8265"},{"taxonomy":"product_cat","embeddable":true,"href":"https:\/\/cottonedshop.com\/es\/wp-json\/wp\/v2\/product_cat?post=8265"},{"taxonomy":"product_tag","embeddable":true,"href":"https:\/\/cottonedshop.com\/es\/wp-json\/wp\/v2\/product_tag?post=8265"}],"curies":[{"name":"wp","href":"https:\/\/api.w.org\/{rel}","templated":true}]}}