{"id":2698,"date":"2020-04-30T16:38:32","date_gmt":"2020-04-30T14:38:32","guid":{"rendered":"https:\/\/cottonedshop.com\/?post_type=product&#038;p=2698"},"modified":"2025-04-18T11:19:38","modified_gmt":"2025-04-18T08:19:38","slug":"cojin-para-silla-sin-mechon","status":"publish","type":"product","link":"https:\/\/cottonedshop.com\/es\/shop\/non-tufted-chair-cushion\/","title":{"rendered":"Coj\u00edn para silla de 3\u2033 de algod\u00f3n org\u00e1nico personalizado con funda lavable"},"content":{"rendered":"<div class=\"wpb-content-wrapper\"><div  class=\"sec_row container\"><div class=\"vc_row wpb_row vc_row-fluid\"><div class=\"wpb_column vc_column_container vc_col-sm-12 et-dark-column\"><div class=\"vc_column-inner\"><div class=\"wpb_wrapper\">\n\t<div class=\"wpb_text_column wpb_content_element\" >\n\t\t<div class=\"wpb_wrapper\">\n\t\t\t<p style=\"text-align: left;\"><strong>RELLENO<\/strong>:<a href=\"https:\/\/cottonedshop.com\/shop\/cotton-filling\/\">100% Algod\u00f3n certificado GOTS<\/a><\/p>\n<p style=\"text-align: left;\"><strong>CARACTER\u00cdSTICAS:<\/strong><\/p>\n<ul style=\"text-align: left;\">\n<li style=\"text-align: left;\">Cremallera en la espalda.<\/li>\n<li style=\"text-align: left;\">Se incluye un kit de reparaci\u00f3n gratuito por cada art\u00edculo relleno de algod\u00f3n.<\/li>\n<\/ul>\n<p style=\"text-align: left;\"><strong>DISE\u00d1O<\/strong>: Sin mech\u00f3n y con mech\u00f3n insertado.<\/p>\n<p style=\"text-align: left;\"><strong>OPCIONES DE BORDES:<\/strong><\/p>\n<ul style=\"text-align: left;\">\n<li>bordes no entubados<\/li>\n<li>bordes mini-piped<\/li>\n<\/ul>\n<p style=\"text-align: left;\"><strong>OPCIONES DE TEJIDO DE LA FUNDA CON CREMALLERA:<\/strong><\/p>\n<ul style=\"text-align: left;\">\n<li>Algod\u00f3n Max (100% Cotton), Certificado Oeko-Tex<\/li>\n<li>Canal (60% algod\u00f3n\/40% poli\u00e9ster), Certificado Oeko-Tex<\/li>\n<li>Mimos (50 % Algod\u00f3n\/50% Poli\u00e9ster), Certificado Oeko-Tex<\/li>\n<li>Bella (67% Algod\u00f3n\/33% Lino), Certificado Oeko-Tex<\/li>\n<li>Terciopelo (65% algod\u00f3n\/35% poli\u00e9ster), Certificado Oeko-Tex<\/li>\n<li>Tejido repelente al agua\/manchas (Algod\u00f3n 60%\/Poli\u00e9ster 40%)<\/li>\n<\/ul>\n<p style=\"text-align: left;\"><strong>TEJIDO DE LA FUNDA DE INSERCI\u00d3N:<\/strong><\/p>\n<p style=\"text-align: left;\">100% Algod\u00f3n org\u00e1nico, ligero, sin blanquear (certificado GOTS)<\/p>\n<p style=\"text-align: left;\"><strong>INSTRUCCIONES DE CUIDADO<\/strong><\/p>\n<p style=\"text-align: left;\">1. D\u00e9le la vuelta y g\u00edrelo semanalmente durante los dos primeros meses para comprimirlo uniformemente.<br \/>\n2. Limpie el inserto s\u00f3lo por puntos.<br \/>\n3. La funda extra\u00edble se puede lavar a m\u00e1quina en ciclo delicado con un detergente suave. Cierre la cremallera para lavarla.<\/p>\n<p style=\"text-align: left;\"><strong>IMPORTANTE<\/strong><\/p>\n<p style=\"text-align: left;\">* Este anuncio es s\u00f3lo para un coj\u00edn.<br \/>\n* Los art\u00edculos rellenos de algod\u00f3n est\u00e1n sujetos a cierto grado de compresi\u00f3n.<br \/>\n* Art\u00edculo hecho a mano, es posible una peque\u00f1a desviaci\u00f3n en las dimensiones.<br \/>\n* El mech\u00f3n atraviesa todo el art\u00edculo.<\/p>\n<p style=\"text-align: left;\">Gracias por su tiempo.<\/p>\n\n\t\t<\/div>\n\t<\/div>\n\n\t<div class=\"wpb_raw_code wpb_raw_html wpb_content_element\" >\n\t\t<div class=\"wpb_wrapper\">\n\t\t\t<div class=\"klaviyo-form-SVRq2G\"><\/div>\n\t\t<\/div>\n\t<\/div>\n<\/div><\/div><\/div><\/div><\/div>\n<\/div>","protected":false},"excerpt":{"rendered":"<p style=\"text-align: left;\">Marque la diferencia con un coj\u00edn de asiento que refleje su individualidad.\u00a0<strong>Hecho a medida<\/strong>\u00a0con\u00a0<strong>materiales duraderos de alta calidad<\/strong>\u00a0y\u00a0<strong>el m\u00e1s puro relleno de algod\u00f3n org\u00e1nico<\/strong> interior, nuestros cojines para sillas son <strong>hipoalerg\u00e9nico<\/strong>,\u00a0<strong>extremadamente transpirable<\/strong>,\u00a0<strong>ecol\u00f3gico<\/strong>y\u00a0<strong>sin t\u00f3xicos<\/strong>.<\/p>\n<p style=\"text-align: left;\">Elija entre\u00a0<strong>gran variedad de tejidos<\/strong>,\u00a0<strong>colores<\/strong>,\u00a0<strong>tallas<\/strong>y <strong>formas <\/strong>para crear el coj\u00edn de silla que necesita.<\/p>\n<ul>\n<li style=\"text-align: left;\">100%\u00a0<strong>algod\u00f3n org\u00e1nico<\/strong>\u00a0relleno interior.<\/li>\n<li style=\"text-align: left;\"><strong>A medida<\/strong>\u00a0para adaptarse a sus preferencias.<\/li>\n<li style=\"text-align: left;\"><strong>Cubierta desmontable<\/strong>\u00a0para facilitar el mantenimiento.<\/li>\n<li style=\"text-align: left;\"><strong>Alternativa natural<\/strong>\u00a0a cojines de espuma.<\/li>\n<li style=\"text-align: left;\"><strong>L\u00edmite<\/strong>\u00a0exposici\u00f3n a\u00a0<strong>COV peligrosos<\/strong>\u00a0en tu casa.<\/li>\n<li style=\"text-align: left;\">Cortes\u00eda<strong>\u00a0kit de reparaci\u00f3n<\/strong>\u00a0incluido.<\/li>\n<li style=\"text-align: left;\">Todos\u00a0<strong>impuestos<\/strong>\u00a0y\u00a0<strong>deberes<\/strong>\u00a0son\u00a0<strong>incluido<\/strong>.<\/li>\n<\/ul>","protected":false},"featured_media":2714,"comment_status":"open","ping_status":"closed","template":"","meta":[],"product_brand":[],"product_cat":[29],"product_tag":[270,148,271,272,120,273,274,140,141,275,152,276,153,304],"class_list":{"0":"post-2698","1":"product","2":"type-product","3":"status-publish","4":"has-post-thumbnail","6":"product_cat-cushions","7":"product_tag-banquette-cushion","8":"product_tag-bay-window-seat","9":"product_tag-bench-cushion","10":"product_tag-bohemian-couch","11":"product_tag-breakfast-nook","12":"product_tag-custom-bench-cushion","13":"product_tag-entryway-bench","14":"product_tag-french-mattress","15":"product_tag-hand-tufted-cushion","16":"product_tag-indoor-cushion","17":"product_tag-mudroom-seating-pad","18":"product_tag-nook-cushion","19":"product_tag-trapezoid-bay-window","20":"product_tag-velvet-cushion","22":"first","23":"instock","24":"shipping-taxable","25":"product-type-external"},"yoast_head":"<!-- This site is optimized with the Yoast SEO plugin v27.4 - https:\/\/yoast.com\/product\/yoast-seo-wordpress\/ -->\n<title>Custom Organic Cotton 3&quot; Chair Cushion with Washable Cover | Cottoned Shop<\/title>\n<meta name=\"description\" content=\"Handmade chair cushion with washable cover, filled with certified organic cotton. We can make any size or shape on request.\" \/>\n<meta name=\"robots\" content=\"index, follow, max-snippet:-1, max-image-preview:large, max-video-preview:-1\" \/>\n<link rel=\"canonical\" href=\"https:\/\/cottonedshop.com\/es\/tienda\/cojin-para-silla-sin-mechon\/\" \/>\n<meta property=\"og:locale\" content=\"es_ES\" \/>\n<meta property=\"og:type\" content=\"article\" \/>\n<meta property=\"og:title\" content=\"Custom Organic Cotton 3&quot; Chair Cushion with Washable Cover | Cottoned Shop\" \/>\n<meta property=\"og:description\" content=\"Handmade chair cushion with washable cover, filled with certified organic cotton. We can make any size or shape on request.\" \/>\n<meta property=\"og:url\" content=\"https:\/\/cottonedshop.com\/es\/tienda\/cojin-para-silla-sin-mechon\/\" \/>\n<meta property=\"og:site_name\" content=\"Cottoned Shop\" \/>\n<meta property=\"article:modified_time\" content=\"2025-04-18T08:19:38+00:00\" \/>\n<meta property=\"og:image\" content=\"https:\/\/cottonedshop.com\/wp-content\/uploads\/2020\/04\/Cotton-non-tufted-chair-cushion.jpg\" \/>\n\t<meta property=\"og:image:width\" content=\"1300\" \/>\n\t<meta property=\"og:image:height\" content=\"1040\" \/>\n\t<meta property=\"og:image:type\" content=\"image\/jpeg\" \/>\n<meta name=\"twitter:card\" content=\"summary_large_image\" \/>\n<meta name=\"twitter:label1\" content=\"Tiempo de lectura\" \/>\n\t<meta name=\"twitter:data1\" content=\"1 minuto\" \/>\n<script type=\"application\/ld+json\" class=\"yoast-schema-graph\">{\"@context\":\"https:\\\/\\\/schema.org\",\"@graph\":[{\"@type\":\"WebPage\",\"@id\":\"https:\\\/\\\/cottonedshop.com\\\/shop\\\/non-tufted-chair-cushion\\\/\",\"url\":\"https:\\\/\\\/cottonedshop.com\\\/shop\\\/non-tufted-chair-cushion\\\/\",\"name\":\"Custom Organic Cotton 3\\\" Chair Cushion with Washable Cover | Cottoned Shop\",\"isPartOf\":{\"@id\":\"https:\\\/\\\/cottonedshop.com\\\/#website\"},\"primaryImageOfPage\":{\"@id\":\"https:\\\/\\\/cottonedshop.com\\\/shop\\\/non-tufted-chair-cushion\\\/#primaryimage\"},\"image\":{\"@id\":\"https:\\\/\\\/cottonedshop.com\\\/shop\\\/non-tufted-chair-cushion\\\/#primaryimage\"},\"thumbnailUrl\":\"https:\\\/\\\/cottonedshop.com\\\/wp-content\\\/uploads\\\/2020\\\/04\\\/Cotton-non-tufted-chair-cushion.jpg\",\"datePublished\":\"2020-04-30T14:38:32+00:00\",\"dateModified\":\"2025-04-18T08:19:38+00:00\",\"description\":\"Handmade chair cushion with washable cover, filled with certified organic cotton. We can make any size or shape on request.\",\"breadcrumb\":{\"@id\":\"https:\\\/\\\/cottonedshop.com\\\/shop\\\/non-tufted-chair-cushion\\\/#breadcrumb\"},\"inLanguage\":\"es\",\"potentialAction\":[{\"@type\":\"ReadAction\",\"target\":[\"https:\\\/\\\/cottonedshop.com\\\/shop\\\/non-tufted-chair-cushion\\\/\"]}]},{\"@type\":\"ImageObject\",\"inLanguage\":\"es\",\"@id\":\"https:\\\/\\\/cottonedshop.com\\\/shop\\\/non-tufted-chair-cushion\\\/#primaryimage\",\"url\":\"https:\\\/\\\/cottonedshop.com\\\/wp-content\\\/uploads\\\/2020\\\/04\\\/Cotton-non-tufted-chair-cushion.jpg\",\"contentUrl\":\"https:\\\/\\\/cottonedshop.com\\\/wp-content\\\/uploads\\\/2020\\\/04\\\/Cotton-non-tufted-chair-cushion.jpg\",\"width\":1300,\"height\":1040,\"caption\":\"Cotton non-tufted chair cushion\"},{\"@type\":\"BreadcrumbList\",\"@id\":\"https:\\\/\\\/cottonedshop.com\\\/shop\\\/non-tufted-chair-cushion\\\/#breadcrumb\",\"itemListElement\":[{\"@type\":\"ListItem\",\"position\":1,\"name\":\"Home\",\"item\":\"https:\\\/\\\/cottonedshop.com\\\/\"},{\"@type\":\"ListItem\",\"position\":2,\"name\":\"Shop\",\"item\":\"https:\\\/\\\/cottonedshop.com\\\/shop\\\/\"},{\"@type\":\"ListItem\",\"position\":3,\"name\":\"Custom Organic Cotton 3&#8243; Chair Cushion with Washable Cover\"}]},{\"@type\":\"WebSite\",\"@id\":\"https:\\\/\\\/cottonedshop.com\\\/#website\",\"url\":\"https:\\\/\\\/cottonedshop.com\\\/\",\"name\":\"Cottoned Shop\",\"description\":\"\",\"publisher\":{\"@id\":\"https:\\\/\\\/cottonedshop.com\\\/#organization\"},\"potentialAction\":[{\"@type\":\"SearchAction\",\"target\":{\"@type\":\"EntryPoint\",\"urlTemplate\":\"https:\\\/\\\/cottonedshop.com\\\/?s={search_term_string}\"},\"query-input\":{\"@type\":\"PropertyValueSpecification\",\"valueRequired\":true,\"valueName\":\"search_term_string\"}}],\"inLanguage\":\"es\"},{\"@type\":\"Organization\",\"@id\":\"https:\\\/\\\/cottonedshop.com\\\/#organization\",\"name\":\"Cottoned\",\"url\":\"https:\\\/\\\/cottonedshop.com\\\/\",\"logo\":{\"@type\":\"ImageObject\",\"inLanguage\":\"es\",\"@id\":\"https:\\\/\\\/cottonedshop.com\\\/#\\\/schema\\\/logo\\\/image\\\/\",\"url\":\"https:\\\/\\\/cottonedshop.com\\\/wp-content\\\/uploads\\\/2021\\\/02\\\/cottoned-logo-large.png\",\"contentUrl\":\"https:\\\/\\\/cottonedshop.com\\\/wp-content\\\/uploads\\\/2021\\\/02\\\/cottoned-logo-large.png\",\"width\":1548,\"height\":1548,\"caption\":\"Cottoned\"},\"image\":{\"@id\":\"https:\\\/\\\/cottonedshop.com\\\/#\\\/schema\\\/logo\\\/image\\\/\"}}]}<\/script>\n<!-- \/ Yoast SEO plugin. -->","yoast_head_json":{"title":"Coj\u00edn para silla personalizado de algod\u00f3n org\u00e1nico de 3\" con funda lavable | Cottoned Shop","description":"Coj\u00edn para silla hecho a mano con funda lavable, relleno de algod\u00f3n org\u00e1nico certificado. Podemos hacer cualquier tama\u00f1o o forma a petici\u00f3n.","robots":{"index":"index","follow":"follow","max-snippet":"max-snippet:-1","max-image-preview":"max-image-preview:large","max-video-preview":"max-video-preview:-1"},"canonical":"https:\/\/cottonedshop.com\/es\/tienda\/cojin-para-silla-sin-mechon\/","og_locale":"es_ES","og_type":"article","og_title":"Custom Organic Cotton 3\" Chair Cushion with Washable Cover | Cottoned Shop","og_description":"Handmade chair cushion with washable cover, filled with certified organic cotton. We can make any size or shape on request.","og_url":"https:\/\/cottonedshop.com\/es\/tienda\/cojin-para-silla-sin-mechon\/","og_site_name":"Cottoned Shop","article_modified_time":"2025-04-18T08:19:38+00:00","og_image":[{"width":1300,"height":1040,"url":"https:\/\/cottonedshop.com\/wp-content\/uploads\/2020\/04\/Cotton-non-tufted-chair-cushion.jpg","type":"image\/jpeg"}],"twitter_card":"summary_large_image","twitter_misc":{"Tiempo de lectura":"1 minuto"},"schema":{"@context":"https:\/\/schema.org","@graph":[{"@type":"WebPage","@id":"https:\/\/cottonedshop.com\/shop\/non-tufted-chair-cushion\/","url":"https:\/\/cottonedshop.com\/shop\/non-tufted-chair-cushion\/","name":"Coj\u00edn para silla personalizado de algod\u00f3n org\u00e1nico de 3\" con funda lavable | Cottoned Shop","isPartOf":{"@id":"https:\/\/cottonedshop.com\/#website"},"primaryImageOfPage":{"@id":"https:\/\/cottonedshop.com\/shop\/non-tufted-chair-cushion\/#primaryimage"},"image":{"@id":"https:\/\/cottonedshop.com\/shop\/non-tufted-chair-cushion\/#primaryimage"},"thumbnailUrl":"https:\/\/cottonedshop.com\/wp-content\/uploads\/2020\/04\/Cotton-non-tufted-chair-cushion.jpg","datePublished":"2020-04-30T14:38:32+00:00","dateModified":"2025-04-18T08:19:38+00:00","description":"Coj\u00edn para silla hecho a mano con funda lavable, relleno de algod\u00f3n org\u00e1nico certificado. Podemos hacer cualquier tama\u00f1o o forma a petici\u00f3n.","breadcrumb":{"@id":"https:\/\/cottonedshop.com\/shop\/non-tufted-chair-cushion\/#breadcrumb"},"inLanguage":"es","potentialAction":[{"@type":"ReadAction","target":["https:\/\/cottonedshop.com\/shop\/non-tufted-chair-cushion\/"]}]},{"@type":"ImageObject","inLanguage":"es","@id":"https:\/\/cottonedshop.com\/shop\/non-tufted-chair-cushion\/#primaryimage","url":"https:\/\/cottonedshop.com\/wp-content\/uploads\/2020\/04\/Cotton-non-tufted-chair-cushion.jpg","contentUrl":"https:\/\/cottonedshop.com\/wp-content\/uploads\/2020\/04\/Cotton-non-tufted-chair-cushion.jpg","width":1300,"height":1040,"caption":"Cotton non-tufted chair cushion"},{"@type":"BreadcrumbList","@id":"https:\/\/cottonedshop.com\/shop\/non-tufted-chair-cushion\/#breadcrumb","itemListElement":[{"@type":"ListItem","position":1,"name":"Home","item":"https:\/\/cottonedshop.com\/"},{"@type":"ListItem","position":2,"name":"Shop","item":"https:\/\/cottonedshop.com\/shop\/"},{"@type":"ListItem","position":3,"name":"Custom Organic Cotton 3&#8243; Chair Cushion with Washable Cover"}]},{"@type":"WebSite","@id":"https:\/\/cottonedshop.com\/#website","url":"https:\/\/cottonedshop.com\/","name":"Tienda Cottoned","description":"","publisher":{"@id":"https:\/\/cottonedshop.com\/#organization"},"potentialAction":[{"@type":"SearchAction","target":{"@type":"EntryPoint","urlTemplate":"https:\/\/cottonedshop.com\/?s={search_term_string}"},"query-input":{"@type":"PropertyValueSpecification","valueRequired":true,"valueName":"search_term_string"}}],"inLanguage":"es"},{"@type":"Organization","@id":"https:\/\/cottonedshop.com\/#organization","name":"Algod\u00f3n","url":"https:\/\/cottonedshop.com\/","logo":{"@type":"ImageObject","inLanguage":"es","@id":"https:\/\/cottonedshop.com\/#\/schema\/logo\/image\/","url":"https:\/\/cottonedshop.com\/wp-content\/uploads\/2021\/02\/cottoned-logo-large.png","contentUrl":"https:\/\/cottonedshop.com\/wp-content\/uploads\/2021\/02\/cottoned-logo-large.png","width":1548,"height":1548,"caption":"Cottoned"},"image":{"@id":"https:\/\/cottonedshop.com\/#\/schema\/logo\/image\/"}}]}},"_links":{"self":[{"href":"https:\/\/cottonedshop.com\/es\/wp-json\/wp\/v2\/product\/2698","targetHints":{"allow":["GET"]}}],"collection":[{"href":"https:\/\/cottonedshop.com\/es\/wp-json\/wp\/v2\/product"}],"about":[{"href":"https:\/\/cottonedshop.com\/es\/wp-json\/wp\/v2\/types\/product"}],"replies":[{"embeddable":true,"href":"https:\/\/cottonedshop.com\/es\/wp-json\/wp\/v2\/comments?post=2698"}],"wp:featuredmedia":[{"embeddable":true,"href":"https:\/\/cottonedshop.com\/es\/wp-json\/wp\/v2\/media\/2714"}],"wp:attachment":[{"href":"https:\/\/cottonedshop.com\/es\/wp-json\/wp\/v2\/media?parent=2698"}],"wp:term":[{"taxonomy":"product_brand","embeddable":true,"href":"https:\/\/cottonedshop.com\/es\/wp-json\/wp\/v2\/product_brand?post=2698"},{"taxonomy":"product_cat","embeddable":true,"href":"https:\/\/cottonedshop.com\/es\/wp-json\/wp\/v2\/product_cat?post=2698"},{"taxonomy":"product_tag","embeddable":true,"href":"https:\/\/cottonedshop.com\/es\/wp-json\/wp\/v2\/product_tag?post=2698"}],"curies":[{"name":"wp","href":"https:\/\/api.w.org\/{rel}","templated":true}]}}