{"id":2427,"date":"2020-04-22T14:32:29","date_gmt":"2020-04-22T12:32:29","guid":{"rendered":"https:\/\/cottonedshop.com\/?post_type=product&#038;p=2427"},"modified":"2025-02-24T16:19:10","modified_gmt":"2025-02-24T14:19:10","slug":"retales-de-tela","status":"publish","type":"product","link":"https:\/\/cottonedshop.com\/es\/shop\/fabric-scraps\/","title":{"rendered":"Retales de tela"},"content":{"rendered":"<div class=\"wpb-content-wrapper\"><div  class=\"sec_row container\"><div class=\"vc_row wpb_row vc_row-fluid\"><div class=\"wpb_column vc_column_container vc_col-sm-12 et-dark-column\"><div class=\"vc_column-inner\"><div class=\"wpb_wrapper\">\n\t<div class=\"wpb_text_column wpb_content_element\" >\n\t\t<div class=\"wpb_wrapper\">\n\t\t\t<p style=\"text-align: left;\">A lo largo del proceso artesanal nos quedan muchos retales de distintos tama\u00f1os. No nos gusta desperdiciarlos, as\u00ed que queremos ofrec\u00e9rselos a otros artesanos que puedan encontrar \u00fatiles estos peque\u00f1os trozos de tela. Es una oferta fabulosa perfecta para cualquier amante de las manualidades.<\/p>\n<p style=\"text-align: left;\">Nuestra bolsa de retales sin clasificar variar\u00e1 en tama\u00f1o y forma. La Unsorted Bag se llenar\u00e1 con una mezcla desigual de telas s\u00f3lidas.<\/p>\n<p style=\"text-align: left;\">No podemos garantizar los colores, pero podemos prometer que contendr\u00e1 una buena variedad de telas. Por favor, env\u00edenos un mensaje si desea comprar diferentes cantidades o bolsa ordenada de telas.<\/p>\n<p style=\"text-align: left;\">Los restos pueden incluir piezas de:<\/p>\n<ul style=\"text-align: left;\">\n<li>Algod\u00f3n Max (100% Cotton), certificado Oeko-Tex<\/li>\n<li>Canal (60% algod\u00f3n \/ 40% poli\u00e9ster), certificado Oeko-Tex<\/li>\n<li>Mimos (50% Algod\u00f3n \/ 50% Poli\u00e9ster), certificado Oeko-Tex<\/li>\n<li>Bella (67% Algod\u00f3n \/ 33% Lino), certificado Oeko-Tex<\/li>\n<li>Terciopelo (65% algod\u00f3n \/ 35% poli\u00e9ster), certificado Oeko-Tex<\/li>\n<li>Tejido repelente al agua\/manchas (60% Algod\u00f3n \/ 40% Poli\u00e9ster)<\/li>\n<\/ul>\n<p style=\"text-align: left;\">Tejidos adecuados para una gran variedad de proyectos:<\/p>\n<ul style=\"text-align: left;\">\n<li>Scrap o String Quilts<\/li>\n<li>Mini edredones<\/li>\n<li>Alfombras<\/li>\n<li>Patchwork<\/li>\n<li>Yo-Yo's<\/li>\n<li>Hex\u00e1gonos<\/li>\n<li>\u00c1lbum de recortes<\/li>\n<li>Botones recubiertos de tela<\/li>\n<li>Pinzas de tela para el pelo<\/li>\n<li>Flores de tela<\/li>\n<li>Ropa para mu\u00f1ecas<\/li>\n<li>Apliques y mucho m\u00e1s<\/li>\n<\/ul>\n\n\t\t<\/div>\n\t<\/div>\n\n\t<div class=\"wpb_raw_code wpb_raw_html wpb_content_element\" >\n\t\t<div class=\"wpb_wrapper\">\n\t\t\t<div class=\"klaviyo-form-SVRq2G\"><\/div>\n\t\t<\/div>\n\t<\/div>\n<\/div><\/div><\/div><\/div><\/div>\n<\/div>","protected":false},"excerpt":{"rendered":"<p>Peso por bolsa*:<br \/>\n0,9 kg (2 libras)<\/p>\n<p>* Para pedidos personalizados, p\u00f3ngase en contacto con nosotros.<\/p>\n<p>Tiempo de elaboraci\u00f3n: 1-3 d\u00edas<br \/>\nPlazo de entrega: 1-4 semanas<br \/>\nEnv\u00edenos un mensaje para solicitar el env\u00edo urgente.<\/p>","protected":false},"featured_media":2428,"comment_status":"open","ping_status":"closed","template":"","meta":[],"product_brand":[],"product_cat":[33],"product_tag":[325,279,322,328,323,326,321,324,327],"class_list":{"0":"post-2427","1":"product","2":"type-product","3":"status-publish","4":"has-post-thumbnail","6":"product_cat-craft-supplies","7":"product_tag-bilk-fabric","8":"product_tag-craft-supplies","9":"product_tag-diy","10":"product_tag-fabric-remnants","11":"product_tag-fabric-scraps","12":"product_tag-patchwork","13":"product_tag-quilting","14":"product_tag-scrap-bundle","15":"product_tag-scrap-pack","17":"first","18":"instock","19":"shipping-taxable","20":"purchasable","21":"product-type-simple"},"yoast_head":"<!-- This site is optimized with the Yoast SEO plugin v27.4 - https:\/\/yoast.com\/product\/yoast-seo-wordpress\/ -->\n<title>Fabric Scraps | Perfect for DIY Projects<\/title>\n<meta name=\"description\" content=\"Discover eco-friendly fabric scraps, ideal for a variety of DIY projects. Each bag contains 2 lbs (0.9 kg) of high-quality material.\" \/>\n<meta name=\"robots\" content=\"index, follow, max-snippet:-1, max-image-preview:large, max-video-preview:-1\" \/>\n<link rel=\"canonical\" href=\"https:\/\/cottonedshop.com\/es\/tienda\/retales-de-tela\/\" \/>\n<meta property=\"og:locale\" content=\"es_ES\" \/>\n<meta property=\"og:type\" content=\"article\" \/>\n<meta property=\"og:title\" content=\"Fabric Scraps | Perfect for DIY Projects\" \/>\n<meta property=\"og:description\" content=\"Discover eco-friendly fabric scraps, ideal for a variety of DIY projects. Each bag contains 2 lbs (0.9 kg) of high-quality material.\" \/>\n<meta property=\"og:url\" content=\"https:\/\/cottonedshop.com\/es\/tienda\/retales-de-tela\/\" \/>\n<meta property=\"og:site_name\" content=\"Cottoned Shop\" \/>\n<meta property=\"article:modified_time\" content=\"2025-02-24T14:19:10+00:00\" \/>\n<meta property=\"og:image\" content=\"https:\/\/cottonedshop.com\/wp-content\/uploads\/2020\/04\/Cottoned-fabric-scraps-bag.jpg\" \/>\n\t<meta property=\"og:image:width\" content=\"1300\" \/>\n\t<meta property=\"og:image:height\" content=\"1040\" \/>\n\t<meta property=\"og:image:type\" content=\"image\/jpeg\" \/>\n<meta name=\"twitter:card\" content=\"summary_large_image\" \/>\n<meta name=\"twitter:label1\" content=\"Tiempo de lectura\" \/>\n\t<meta name=\"twitter:data1\" content=\"2 minutos\" \/>\n<script type=\"application\/ld+json\" class=\"yoast-schema-graph\">{\"@context\":\"https:\\\/\\\/schema.org\",\"@graph\":[{\"@type\":\"WebPage\",\"@id\":\"https:\\\/\\\/cottonedshop.com\\\/shop\\\/fabric-scraps\\\/\",\"url\":\"https:\\\/\\\/cottonedshop.com\\\/shop\\\/fabric-scraps\\\/\",\"name\":\"Fabric Scraps | Perfect for DIY Projects\",\"isPartOf\":{\"@id\":\"https:\\\/\\\/cottonedshop.com\\\/#website\"},\"primaryImageOfPage\":{\"@id\":\"https:\\\/\\\/cottonedshop.com\\\/shop\\\/fabric-scraps\\\/#primaryimage\"},\"image\":{\"@id\":\"https:\\\/\\\/cottonedshop.com\\\/shop\\\/fabric-scraps\\\/#primaryimage\"},\"thumbnailUrl\":\"https:\\\/\\\/cottonedshop.com\\\/wp-content\\\/uploads\\\/2020\\\/04\\\/Cottoned-fabric-scraps-bag.jpg\",\"datePublished\":\"2020-04-22T12:32:29+00:00\",\"dateModified\":\"2025-02-24T14:19:10+00:00\",\"description\":\"Discover eco-friendly fabric scraps, ideal for a variety of DIY projects. Each bag contains 2 lbs (0.9 kg) of high-quality material.\",\"breadcrumb\":{\"@id\":\"https:\\\/\\\/cottonedshop.com\\\/shop\\\/fabric-scraps\\\/#breadcrumb\"},\"inLanguage\":\"es\",\"potentialAction\":[{\"@type\":\"ReadAction\",\"target\":[\"https:\\\/\\\/cottonedshop.com\\\/shop\\\/fabric-scraps\\\/\"]}]},{\"@type\":\"ImageObject\",\"inLanguage\":\"es\",\"@id\":\"https:\\\/\\\/cottonedshop.com\\\/shop\\\/fabric-scraps\\\/#primaryimage\",\"url\":\"https:\\\/\\\/cottonedshop.com\\\/wp-content\\\/uploads\\\/2020\\\/04\\\/Cottoned-fabric-scraps-bag.jpg\",\"contentUrl\":\"https:\\\/\\\/cottonedshop.com\\\/wp-content\\\/uploads\\\/2020\\\/04\\\/Cottoned-fabric-scraps-bag.jpg\",\"width\":1300,\"height\":1040,\"caption\":\"Cottoned fabric scraps bag\"},{\"@type\":\"BreadcrumbList\",\"@id\":\"https:\\\/\\\/cottonedshop.com\\\/shop\\\/fabric-scraps\\\/#breadcrumb\",\"itemListElement\":[{\"@type\":\"ListItem\",\"position\":1,\"name\":\"Home\",\"item\":\"https:\\\/\\\/cottonedshop.com\\\/\"},{\"@type\":\"ListItem\",\"position\":2,\"name\":\"Shop\",\"item\":\"https:\\\/\\\/cottonedshop.com\\\/shop\\\/\"},{\"@type\":\"ListItem\",\"position\":3,\"name\":\"Fabric Scraps\"}]},{\"@type\":\"WebSite\",\"@id\":\"https:\\\/\\\/cottonedshop.com\\\/#website\",\"url\":\"https:\\\/\\\/cottonedshop.com\\\/\",\"name\":\"Cottoned Shop\",\"description\":\"\",\"publisher\":{\"@id\":\"https:\\\/\\\/cottonedshop.com\\\/#organization\"},\"potentialAction\":[{\"@type\":\"SearchAction\",\"target\":{\"@type\":\"EntryPoint\",\"urlTemplate\":\"https:\\\/\\\/cottonedshop.com\\\/?s={search_term_string}\"},\"query-input\":{\"@type\":\"PropertyValueSpecification\",\"valueRequired\":true,\"valueName\":\"search_term_string\"}}],\"inLanguage\":\"es\"},{\"@type\":\"Organization\",\"@id\":\"https:\\\/\\\/cottonedshop.com\\\/#organization\",\"name\":\"Cottoned\",\"url\":\"https:\\\/\\\/cottonedshop.com\\\/\",\"logo\":{\"@type\":\"ImageObject\",\"inLanguage\":\"es\",\"@id\":\"https:\\\/\\\/cottonedshop.com\\\/#\\\/schema\\\/logo\\\/image\\\/\",\"url\":\"https:\\\/\\\/cottonedshop.com\\\/wp-content\\\/uploads\\\/2021\\\/02\\\/cottoned-logo-large.png\",\"contentUrl\":\"https:\\\/\\\/cottonedshop.com\\\/wp-content\\\/uploads\\\/2021\\\/02\\\/cottoned-logo-large.png\",\"width\":1548,\"height\":1548,\"caption\":\"Cottoned\"},\"image\":{\"@id\":\"https:\\\/\\\/cottonedshop.com\\\/#\\\/schema\\\/logo\\\/image\\\/\"}}]}<\/script>\n<!-- \/ Yoast SEO plugin. -->","yoast_head_json":{"title":"Fabric Scraps | Perfect for DIY Projects","description":"Discover eco-friendly fabric scraps, ideal for a variety of DIY projects. Each bag contains 2 lbs (0.9 kg) of high-quality material.","robots":{"index":"index","follow":"follow","max-snippet":"max-snippet:-1","max-image-preview":"max-image-preview:large","max-video-preview":"max-video-preview:-1"},"canonical":"https:\/\/cottonedshop.com\/es\/tienda\/retales-de-tela\/","og_locale":"es_ES","og_type":"article","og_title":"Fabric Scraps | Perfect for DIY Projects","og_description":"Discover eco-friendly fabric scraps, ideal for a variety of DIY projects. Each bag contains 2 lbs (0.9 kg) of high-quality material.","og_url":"https:\/\/cottonedshop.com\/es\/tienda\/retales-de-tela\/","og_site_name":"Cottoned Shop","article_modified_time":"2025-02-24T14:19:10+00:00","og_image":[{"width":1300,"height":1040,"url":"https:\/\/cottonedshop.com\/wp-content\/uploads\/2020\/04\/Cottoned-fabric-scraps-bag.jpg","type":"image\/jpeg"}],"twitter_card":"summary_large_image","twitter_misc":{"Tiempo de lectura":"2 minutos"},"schema":{"@context":"https:\/\/schema.org","@graph":[{"@type":"WebPage","@id":"https:\/\/cottonedshop.com\/shop\/fabric-scraps\/","url":"https:\/\/cottonedshop.com\/shop\/fabric-scraps\/","name":"Fabric Scraps | Perfect for DIY Projects","isPartOf":{"@id":"https:\/\/cottonedshop.com\/#website"},"primaryImageOfPage":{"@id":"https:\/\/cottonedshop.com\/shop\/fabric-scraps\/#primaryimage"},"image":{"@id":"https:\/\/cottonedshop.com\/shop\/fabric-scraps\/#primaryimage"},"thumbnailUrl":"https:\/\/cottonedshop.com\/wp-content\/uploads\/2020\/04\/Cottoned-fabric-scraps-bag.jpg","datePublished":"2020-04-22T12:32:29+00:00","dateModified":"2025-02-24T14:19:10+00:00","description":"Discover eco-friendly fabric scraps, ideal for a variety of DIY projects. Each bag contains 2 lbs (0.9 kg) of high-quality material.","breadcrumb":{"@id":"https:\/\/cottonedshop.com\/shop\/fabric-scraps\/#breadcrumb"},"inLanguage":"es","potentialAction":[{"@type":"ReadAction","target":["https:\/\/cottonedshop.com\/shop\/fabric-scraps\/"]}]},{"@type":"ImageObject","inLanguage":"es","@id":"https:\/\/cottonedshop.com\/shop\/fabric-scraps\/#primaryimage","url":"https:\/\/cottonedshop.com\/wp-content\/uploads\/2020\/04\/Cottoned-fabric-scraps-bag.jpg","contentUrl":"https:\/\/cottonedshop.com\/wp-content\/uploads\/2020\/04\/Cottoned-fabric-scraps-bag.jpg","width":1300,"height":1040,"caption":"Cottoned fabric scraps bag"},{"@type":"BreadcrumbList","@id":"https:\/\/cottonedshop.com\/shop\/fabric-scraps\/#breadcrumb","itemListElement":[{"@type":"ListItem","position":1,"name":"Home","item":"https:\/\/cottonedshop.com\/"},{"@type":"ListItem","position":2,"name":"Shop","item":"https:\/\/cottonedshop.com\/shop\/"},{"@type":"ListItem","position":3,"name":"Fabric Scraps"}]},{"@type":"WebSite","@id":"https:\/\/cottonedshop.com\/#website","url":"https:\/\/cottonedshop.com\/","name":"Tienda Cottoned","description":"","publisher":{"@id":"https:\/\/cottonedshop.com\/#organization"},"potentialAction":[{"@type":"SearchAction","target":{"@type":"EntryPoint","urlTemplate":"https:\/\/cottonedshop.com\/?s={search_term_string}"},"query-input":{"@type":"PropertyValueSpecification","valueRequired":true,"valueName":"search_term_string"}}],"inLanguage":"es"},{"@type":"Organization","@id":"https:\/\/cottonedshop.com\/#organization","name":"Algod\u00f3n","url":"https:\/\/cottonedshop.com\/","logo":{"@type":"ImageObject","inLanguage":"es","@id":"https:\/\/cottonedshop.com\/#\/schema\/logo\/image\/","url":"https:\/\/cottonedshop.com\/wp-content\/uploads\/2021\/02\/cottoned-logo-large.png","contentUrl":"https:\/\/cottonedshop.com\/wp-content\/uploads\/2021\/02\/cottoned-logo-large.png","width":1548,"height":1548,"caption":"Cottoned"},"image":{"@id":"https:\/\/cottonedshop.com\/#\/schema\/logo\/image\/"}}]}},"_links":{"self":[{"href":"https:\/\/cottonedshop.com\/es\/wp-json\/wp\/v2\/product\/2427","targetHints":{"allow":["GET"]}}],"collection":[{"href":"https:\/\/cottonedshop.com\/es\/wp-json\/wp\/v2\/product"}],"about":[{"href":"https:\/\/cottonedshop.com\/es\/wp-json\/wp\/v2\/types\/product"}],"replies":[{"embeddable":true,"href":"https:\/\/cottonedshop.com\/es\/wp-json\/wp\/v2\/comments?post=2427"}],"wp:featuredmedia":[{"embeddable":true,"href":"https:\/\/cottonedshop.com\/es\/wp-json\/wp\/v2\/media\/2428"}],"wp:attachment":[{"href":"https:\/\/cottonedshop.com\/es\/wp-json\/wp\/v2\/media?parent=2427"}],"wp:term":[{"taxonomy":"product_brand","embeddable":true,"href":"https:\/\/cottonedshop.com\/es\/wp-json\/wp\/v2\/product_brand?post=2427"},{"taxonomy":"product_cat","embeddable":true,"href":"https:\/\/cottonedshop.com\/es\/wp-json\/wp\/v2\/product_cat?post=2427"},{"taxonomy":"product_tag","embeddable":true,"href":"https:\/\/cottonedshop.com\/es\/wp-json\/wp\/v2\/product_tag?post=2427"}],"curies":[{"name":"wp","href":"https:\/\/api.w.org\/{rel}","templated":true}]}}