{"id":2215,"date":"2020-03-06T13:25:25","date_gmt":"2020-03-06T11:25:25","guid":{"rendered":"https:\/\/cottonedshop.com\/?post_type=product&#038;p=2215"},"modified":"2026-04-06T16:02:08","modified_gmt":"2026-04-06T13:02:08","slug":"tejido-de-algodon-certificado-gots","status":"publish","type":"product","link":"https:\/\/cottonedshop.com\/es\/shop\/gots-certified-cotton-fabric\/","title":{"rendered":"Tejido de algod\u00f3n org\u00e1nico crudo 100% \/ certificado GOTS"},"content":{"rendered":"<div class=\"wpb-content-wrapper\"><div  class=\"sec_row container\"><div class=\"vc_row wpb_row vc_row-fluid\"><div class=\"wpb_column vc_column_container vc_col-sm-12 et-dark-column\"><div class=\"vc_column-inner\"><div class=\"wpb_wrapper\">\n\t<div class=\"wpb_text_column wpb_content_element\" >\n\t\t<div class=\"wpb_wrapper\">\n\t\t\t<p style=\"text-align: left;\"><strong>OPCIONES DE LONGITUD:<\/strong><\/p>\n<ul style=\"text-align: left;\">\n<li>40\u2033 (1 metro)<\/li>\n<li>80\u2033 (2 metros)<\/li>\n<li>Cortaremos cualquier cantidad que pida en una sola pieza larga<\/li>\n<\/ul>\n<p style=\"text-align: left;\"><strong>ARRUGAMIENTO (despu\u00e9s del lavado):<\/strong><\/p>\n<ul style=\"text-align: left;\">\n<li>Longitudinal: 13%<\/li>\n<li>Ancho: 0%<\/li>\n<\/ul>\n<p style=\"text-align: left;\">Lavar en programa delicado con un detergente suave, sin abrillantadores. Se trata de un tejido natural, por lo que se arrugar\u00e1 al lavarlo.<\/p>\n\n\t\t<\/div>\n\t<\/div>\n\n\t<div class=\"wpb_raw_code wpb_raw_html wpb_content_element\" >\n\t\t<div class=\"wpb_wrapper\">\n\t\t\t<div class=\"klaviyo-form-SVRq2G\"><\/div>\n\t\t<\/div>\n\t<\/div>\n<\/div><\/div><\/div><\/div><\/div>\n<\/div>","protected":false},"excerpt":{"rendered":"<p>El tejido cuenta con la certificaci\u00f3n GOTS. Es 100% org\u00e1nico, sin recubrimientos, sin tintes, sin acabados qu\u00edmicos y acabados.<\/p>\n<p><strong>PESO:<\/strong> 320 g\/m<\/p>\n<p><strong>ANCHO:<\/strong> 230 cm (90\u2033)<\/p>\n<p>Tiempo de elaboraci\u00f3n: 1-3 d\u00edas<br \/>\nPlazo de entrega: 1-4 semanas<br \/>\nEnv\u00edenos un mensaje para solicitar el env\u00edo urgente.<\/p>","protected":false},"featured_media":9695,"comment_status":"open","ping_status":"closed","template":"","meta":[],"product_brand":[],"product_cat":[33],"product_tag":[277,278,279,280,281,282,283],"class_list":{"0":"post-2215","1":"product","2":"type-product","3":"status-publish","4":"has-post-thumbnail","6":"product_cat-craft-supplies","7":"product_tag-cotton-fabric-by-the-yard","8":"product_tag-cotton-fabric-for-applique","9":"product_tag-craft-supplies","10":"product_tag-eco-friendly-textile","11":"product_tag-pure-cotton-fabric","12":"product_tag-sewing-supply","13":"product_tag-undyed-fibers","15":"first","16":"instock","17":"shipping-taxable","18":"purchasable","19":"product-type-variable"},"yoast_head":"<!-- This site is optimized with the Yoast SEO plugin v27.3 - https:\/\/yoast.com\/product\/yoast-seo-wordpress\/ -->\n<title>Organic Heavyweight Cotton Fabric | GOTS Certified<\/title>\n<meta name=\"description\" content=\"Pure heavyweight cotton fabric made from 100% organic fibers. Free from coatings, dyes, and chemical finishes. A durable, eco-friendly option DIY projects!\" \/>\n<meta name=\"robots\" content=\"index, follow, max-snippet:-1, max-image-preview:large, max-video-preview:-1\" \/>\n<link rel=\"canonical\" href=\"https:\/\/cottonedshop.com\/es\/tienda\/tejido-de-algodon-certificado-gots\/\" \/>\n<meta property=\"og:locale\" content=\"es_ES\" \/>\n<meta property=\"og:type\" content=\"article\" \/>\n<meta property=\"og:title\" content=\"Organic Heavyweight Cotton Fabric | GOTS Certified\" \/>\n<meta property=\"og:description\" content=\"Pure heavyweight cotton fabric made from 100% organic fibers. Free from coatings, dyes, and chemical finishes. A durable, eco-friendly option DIY projects!\" \/>\n<meta property=\"og:url\" content=\"https:\/\/cottonedshop.com\/es\/tienda\/tejido-de-algodon-certificado-gots\/\" \/>\n<meta property=\"og:site_name\" content=\"Cottoned Shop\" \/>\n<meta property=\"article:modified_time\" content=\"2026-04-06T13:02:08+00:00\" \/>\n<meta property=\"og:image\" content=\"https:\/\/cottonedshop.com\/wp-content\/uploads\/2020\/03\/Cottoned-Organic-GOTS-certified-heavyweight-cotton-fabric.jpg\" \/>\n\t<meta property=\"og:image:width\" content=\"2000\" \/>\n\t<meta property=\"og:image:height\" content=\"1600\" \/>\n\t<meta property=\"og:image:type\" content=\"image\/jpeg\" \/>\n<meta name=\"twitter:card\" content=\"summary_large_image\" \/>\n<meta name=\"twitter:label1\" content=\"Tiempo de lectura\" \/>\n\t<meta name=\"twitter:data1\" content=\"1 minuto\" \/>\n<script type=\"application\/ld+json\" class=\"yoast-schema-graph\">{\"@context\":\"https:\\\/\\\/schema.org\",\"@graph\":[{\"@type\":\"WebPage\",\"@id\":\"https:\\\/\\\/cottonedshop.com\\\/shop\\\/gots-certified-cotton-fabric\\\/\",\"url\":\"https:\\\/\\\/cottonedshop.com\\\/shop\\\/gots-certified-cotton-fabric\\\/\",\"name\":\"Organic Heavyweight Cotton Fabric | GOTS Certified\",\"isPartOf\":{\"@id\":\"https:\\\/\\\/cottonedshop.com\\\/#website\"},\"primaryImageOfPage\":{\"@id\":\"https:\\\/\\\/cottonedshop.com\\\/shop\\\/gots-certified-cotton-fabric\\\/#primaryimage\"},\"image\":{\"@id\":\"https:\\\/\\\/cottonedshop.com\\\/shop\\\/gots-certified-cotton-fabric\\\/#primaryimage\"},\"thumbnailUrl\":\"https:\\\/\\\/cottonedshop.com\\\/wp-content\\\/uploads\\\/2020\\\/03\\\/Cottoned-Organic-GOTS-certified-heavyweight-cotton-fabric.jpg\",\"datePublished\":\"2020-03-06T11:25:25+00:00\",\"dateModified\":\"2026-04-06T13:02:08+00:00\",\"description\":\"Pure heavyweight cotton fabric made from 100% organic fibers. Free from coatings, dyes, and chemical finishes. A durable, eco-friendly option DIY projects!\",\"breadcrumb\":{\"@id\":\"https:\\\/\\\/cottonedshop.com\\\/shop\\\/gots-certified-cotton-fabric\\\/#breadcrumb\"},\"inLanguage\":\"es\",\"potentialAction\":[{\"@type\":\"ReadAction\",\"target\":[\"https:\\\/\\\/cottonedshop.com\\\/shop\\\/gots-certified-cotton-fabric\\\/\"]}]},{\"@type\":\"ImageObject\",\"inLanguage\":\"es\",\"@id\":\"https:\\\/\\\/cottonedshop.com\\\/shop\\\/gots-certified-cotton-fabric\\\/#primaryimage\",\"url\":\"https:\\\/\\\/cottonedshop.com\\\/wp-content\\\/uploads\\\/2020\\\/03\\\/Cottoned-Organic-GOTS-certified-heavyweight-cotton-fabric.jpg\",\"contentUrl\":\"https:\\\/\\\/cottonedshop.com\\\/wp-content\\\/uploads\\\/2020\\\/03\\\/Cottoned-Organic-GOTS-certified-heavyweight-cotton-fabric.jpg\",\"width\":2000,\"height\":1600,\"caption\":\"Cottoned Organic GOTS certified heavyweight cotton fabric\"},{\"@type\":\"BreadcrumbList\",\"@id\":\"https:\\\/\\\/cottonedshop.com\\\/shop\\\/gots-certified-cotton-fabric\\\/#breadcrumb\",\"itemListElement\":[{\"@type\":\"ListItem\",\"position\":1,\"name\":\"Home\",\"item\":\"https:\\\/\\\/cottonedshop.com\\\/\"},{\"@type\":\"ListItem\",\"position\":2,\"name\":\"Shop\",\"item\":\"https:\\\/\\\/cottonedshop.com\\\/shop\\\/\"},{\"@type\":\"ListItem\",\"position\":3,\"name\":\"Organic Unbleached Heavyweight 100% Cotton Fabric \\\/ GOTS certified\"}]},{\"@type\":\"WebSite\",\"@id\":\"https:\\\/\\\/cottonedshop.com\\\/#website\",\"url\":\"https:\\\/\\\/cottonedshop.com\\\/\",\"name\":\"Cottoned Shop\",\"description\":\"\",\"publisher\":{\"@id\":\"https:\\\/\\\/cottonedshop.com\\\/#organization\"},\"potentialAction\":[{\"@type\":\"SearchAction\",\"target\":{\"@type\":\"EntryPoint\",\"urlTemplate\":\"https:\\\/\\\/cottonedshop.com\\\/?s={search_term_string}\"},\"query-input\":{\"@type\":\"PropertyValueSpecification\",\"valueRequired\":true,\"valueName\":\"search_term_string\"}}],\"inLanguage\":\"es\"},{\"@type\":\"Organization\",\"@id\":\"https:\\\/\\\/cottonedshop.com\\\/#organization\",\"name\":\"Cottoned\",\"url\":\"https:\\\/\\\/cottonedshop.com\\\/\",\"logo\":{\"@type\":\"ImageObject\",\"inLanguage\":\"es\",\"@id\":\"https:\\\/\\\/cottonedshop.com\\\/#\\\/schema\\\/logo\\\/image\\\/\",\"url\":\"https:\\\/\\\/cottonedshop.com\\\/wp-content\\\/uploads\\\/2021\\\/02\\\/cottoned-logo-large.png\",\"contentUrl\":\"https:\\\/\\\/cottonedshop.com\\\/wp-content\\\/uploads\\\/2021\\\/02\\\/cottoned-logo-large.png\",\"width\":1548,\"height\":1548,\"caption\":\"Cottoned\"},\"image\":{\"@id\":\"https:\\\/\\\/cottonedshop.com\\\/#\\\/schema\\\/logo\\\/image\\\/\"}}]}<\/script>\n<!-- \/ Yoast SEO plugin. -->","yoast_head_json":{"title":"Organic Heavyweight Cotton Fabric | GOTS Certified","description":"Pure heavyweight cotton fabric made from 100% organic fibers. Free from coatings, dyes, and chemical finishes. A durable, eco-friendly option DIY projects!","robots":{"index":"index","follow":"follow","max-snippet":"max-snippet:-1","max-image-preview":"max-image-preview:large","max-video-preview":"max-video-preview:-1"},"canonical":"https:\/\/cottonedshop.com\/es\/tienda\/tejido-de-algodon-certificado-gots\/","og_locale":"es_ES","og_type":"article","og_title":"Organic Heavyweight Cotton Fabric | GOTS Certified","og_description":"Pure heavyweight cotton fabric made from 100% organic fibers. Free from coatings, dyes, and chemical finishes. A durable, eco-friendly option DIY projects!","og_url":"https:\/\/cottonedshop.com\/es\/tienda\/tejido-de-algodon-certificado-gots\/","og_site_name":"Cottoned Shop","article_modified_time":"2026-04-06T13:02:08+00:00","og_image":[{"width":2000,"height":1600,"url":"https:\/\/cottonedshop.com\/wp-content\/uploads\/2020\/03\/Cottoned-Organic-GOTS-certified-heavyweight-cotton-fabric.jpg","type":"image\/jpeg"}],"twitter_card":"summary_large_image","twitter_misc":{"Tiempo de lectura":"1 minuto"},"schema":{"@context":"https:\/\/schema.org","@graph":[{"@type":"WebPage","@id":"https:\/\/cottonedshop.com\/shop\/gots-certified-cotton-fabric\/","url":"https:\/\/cottonedshop.com\/shop\/gots-certified-cotton-fabric\/","name":"Organic Heavyweight Cotton Fabric | GOTS Certified","isPartOf":{"@id":"https:\/\/cottonedshop.com\/#website"},"primaryImageOfPage":{"@id":"https:\/\/cottonedshop.com\/shop\/gots-certified-cotton-fabric\/#primaryimage"},"image":{"@id":"https:\/\/cottonedshop.com\/shop\/gots-certified-cotton-fabric\/#primaryimage"},"thumbnailUrl":"https:\/\/cottonedshop.com\/wp-content\/uploads\/2020\/03\/Cottoned-Organic-GOTS-certified-heavyweight-cotton-fabric.jpg","datePublished":"2020-03-06T11:25:25+00:00","dateModified":"2026-04-06T13:02:08+00:00","description":"Pure heavyweight cotton fabric made from 100% organic fibers. Free from coatings, dyes, and chemical finishes. A durable, eco-friendly option DIY projects!","breadcrumb":{"@id":"https:\/\/cottonedshop.com\/shop\/gots-certified-cotton-fabric\/#breadcrumb"},"inLanguage":"es","potentialAction":[{"@type":"ReadAction","target":["https:\/\/cottonedshop.com\/shop\/gots-certified-cotton-fabric\/"]}]},{"@type":"ImageObject","inLanguage":"es","@id":"https:\/\/cottonedshop.com\/shop\/gots-certified-cotton-fabric\/#primaryimage","url":"https:\/\/cottonedshop.com\/wp-content\/uploads\/2020\/03\/Cottoned-Organic-GOTS-certified-heavyweight-cotton-fabric.jpg","contentUrl":"https:\/\/cottonedshop.com\/wp-content\/uploads\/2020\/03\/Cottoned-Organic-GOTS-certified-heavyweight-cotton-fabric.jpg","width":2000,"height":1600,"caption":"Cottoned Organic GOTS certified heavyweight cotton fabric"},{"@type":"BreadcrumbList","@id":"https:\/\/cottonedshop.com\/shop\/gots-certified-cotton-fabric\/#breadcrumb","itemListElement":[{"@type":"ListItem","position":1,"name":"Home","item":"https:\/\/cottonedshop.com\/"},{"@type":"ListItem","position":2,"name":"Shop","item":"https:\/\/cottonedshop.com\/shop\/"},{"@type":"ListItem","position":3,"name":"Organic Unbleached Heavyweight 100% Cotton Fabric \/ GOTS certified"}]},{"@type":"WebSite","@id":"https:\/\/cottonedshop.com\/#website","url":"https:\/\/cottonedshop.com\/","name":"Tienda Cottoned","description":"","publisher":{"@id":"https:\/\/cottonedshop.com\/#organization"},"potentialAction":[{"@type":"SearchAction","target":{"@type":"EntryPoint","urlTemplate":"https:\/\/cottonedshop.com\/?s={search_term_string}"},"query-input":{"@type":"PropertyValueSpecification","valueRequired":true,"valueName":"search_term_string"}}],"inLanguage":"es"},{"@type":"Organization","@id":"https:\/\/cottonedshop.com\/#organization","name":"Algod\u00f3n","url":"https:\/\/cottonedshop.com\/","logo":{"@type":"ImageObject","inLanguage":"es","@id":"https:\/\/cottonedshop.com\/#\/schema\/logo\/image\/","url":"https:\/\/cottonedshop.com\/wp-content\/uploads\/2021\/02\/cottoned-logo-large.png","contentUrl":"https:\/\/cottonedshop.com\/wp-content\/uploads\/2021\/02\/cottoned-logo-large.png","width":1548,"height":1548,"caption":"Cottoned"},"image":{"@id":"https:\/\/cottonedshop.com\/#\/schema\/logo\/image\/"}}]}},"_links":{"self":[{"href":"https:\/\/cottonedshop.com\/es\/wp-json\/wp\/v2\/product\/2215","targetHints":{"allow":["GET"]}}],"collection":[{"href":"https:\/\/cottonedshop.com\/es\/wp-json\/wp\/v2\/product"}],"about":[{"href":"https:\/\/cottonedshop.com\/es\/wp-json\/wp\/v2\/types\/product"}],"replies":[{"embeddable":true,"href":"https:\/\/cottonedshop.com\/es\/wp-json\/wp\/v2\/comments?post=2215"}],"wp:featuredmedia":[{"embeddable":true,"href":"https:\/\/cottonedshop.com\/es\/wp-json\/wp\/v2\/media\/9695"}],"wp:attachment":[{"href":"https:\/\/cottonedshop.com\/es\/wp-json\/wp\/v2\/media?parent=2215"}],"wp:term":[{"taxonomy":"product_brand","embeddable":true,"href":"https:\/\/cottonedshop.com\/es\/wp-json\/wp\/v2\/product_brand?post=2215"},{"taxonomy":"product_cat","embeddable":true,"href":"https:\/\/cottonedshop.com\/es\/wp-json\/wp\/v2\/product_cat?post=2215"},{"taxonomy":"product_tag","embeddable":true,"href":"https:\/\/cottonedshop.com\/es\/wp-json\/wp\/v2\/product_tag?post=2215"}],"curies":[{"name":"wp","href":"https:\/\/api.w.org\/{rel}","templated":true}]}}