{"id":2180,"date":"2020-03-04T17:44:47","date_gmt":"2020-03-04T15:44:47","guid":{"rendered":"https:\/\/cottonedshop.com\/?post_type=product&#038;p=2180"},"modified":"2025-02-06T15:21:58","modified_gmt":"2025-02-06T13:21:58","slug":"cojin-de-mirador","status":"publish","type":"product","link":"https:\/\/cottonedshop.com\/es\/shop\/bay-window-cushion\/","title":{"rendered":"Coj\u00edn personalizado de algod\u00f3n org\u00e1nico para mirador"},"content":{"rendered":"<div class=\"wpb-content-wrapper\"><div  class=\"sec_row container\"><div class=\"vc_row wpb_row vc_row-fluid\"><div class=\"wpb_column vc_column_container vc_col-sm-12 et-dark-column\"><div class=\"vc_column-inner\"><div class=\"wpb_wrapper\">\n\t<div class=\"wpb_video_widget wpb_content_element vc_clearfix   vc_video-aspect-ratio-169 vc_video-el-width-100 vc_video-align-center\" >\n\t\t<div class=\"wpb_wrapper\">\n\t\t\t\n\t\t\t<div class=\"wpb_video_wrapper\"><iframe title=\"Coj\u00edn hecho a mano con relleno de algod\u00f3n org\u00e1nico | Algod\u00f3n\" width=\"500\" height=\"281\" data-src=\"https:\/\/www.youtube.com\/embed\/NYF9yme6H44?feature=oembed\" frameborder=\"0\" allow=\"accelerometer; autoplay; clipboard-write; encrypted-media; gyroscope; picture-in-picture; web-share\" allowfullscreen src=\"data:image\/svg+xml;base64,PHN2ZyB3aWR0aD0iMSIgaGVpZ2h0PSIxIiB4bWxucz0iaHR0cDovL3d3dy53My5vcmcvMjAwMC9zdmciPjwvc3ZnPg==\" class=\"lazyload\" data-load-mode=\"1\"><\/iframe><\/div>\n\t\t<\/div>\n\t<\/div>\n<div class=\"vc_empty_space\"   style=\"height: 20px\"><span class=\"vc_empty_space_inner\"><\/span><\/div>\n\t<div class=\"wpb_text_column wpb_content_element\" >\n\t\t<div class=\"wpb_wrapper\">\n\t\t\t<p style=\"text-align: left;\"><strong>RELLENO:<\/strong><\/p>\n<p style=\"text-align: left;\"><a href=\"https:\/\/cottonedshop.com\/product\/cotton-filling\/\">100% Algod\u00f3n org\u00e1nico certificado GOTS<\/a><\/p>\n<p style=\"text-align: left;\"><strong>CARACTER\u00cdSTICAS:<\/strong><\/p>\n<ul style=\"text-align: left;\">\n<li>Cremallera en uno de los lados largos.<\/li>\n<li>Funda interior: tejido ligero de algod\u00f3n 100%<\/li>\n<li>Se incluye un kit de reparaci\u00f3n gratuito por cada art\u00edculo relleno de algod\u00f3n.<\/li>\n<\/ul>\n<p style=\"text-align: left;\"><strong>OPCIONES DE BORDES:<\/strong><\/p>\n<ul style=\"text-align: left;\">\n<li>bordes ribeteados<\/li>\n<li>bordes no entubados<\/li>\n<li>bordes mini-piped<\/li>\n<\/ul>\n<p style=\"text-align: left;\"><strong>ACABADO DE MECHONES:<\/strong><\/p>\n<ul style=\"text-align: left;\">\n<li>\u00a0Lazos de lana<\/li>\n<\/ul>\n<p style=\"text-align: left;\"><strong>OPCIONES DE TEJIDO DE LA FUNDA CON CREMALLERA:<\/strong><\/p>\n<ul style=\"text-align: left;\">\n<li>Algod\u00f3n Max (100% Cotton), Certificado Oeko-Tex<\/li>\n<li>Canal (60% algod\u00f3n\/40% poli\u00e9ster), Certificado Oeko-Tex<\/li>\n<li>Mimos (50 % Algod\u00f3n\/50% Poli\u00e9ster), Certificado Oeko-Tex<\/li>\n<li>Bella (67% Algod\u00f3n\/33% Lino), Certificado Oeko-Tex<\/li>\n<li>Terciopelo (65% algod\u00f3n\/35% poli\u00e9ster), Certificado Oeko-Tex<\/li>\n<li>Tejido repelente al agua y las manchas (60% Algod\u00f3n\/40% Poli\u00e9ster)<\/li>\n<li>Lino te\u00f1ido (100% Lino), Certificado Oeko-Tex<\/li>\n<li>100% Algod\u00f3n org\u00e1nico, grueso, sin blanquear (certificado GOTS)<\/li>\n<\/ul>\n<p style=\"text-align: left;\"><strong>INSTRUCCIONES DE CUIDADO<\/strong><\/p>\n<p style=\"text-align: left;\">1. D\u00e9le la vuelta y g\u00edrelo semanalmente durante los dos primeros meses para comprimirlo uniformemente.<br \/>\n2. Limpiar s\u00f3lo con un trapo.<\/p>\n<p style=\"text-align: left;\">* Tenga en cuenta que el mech\u00f3n es lo que mantiene el relleno de algod\u00f3n en su lugar y por lo tanto va a trav\u00e9s de todo el art\u00edculo por lo que para quitar la cubierta para el lavado que necesita para cortar los mechones. La mayor\u00eda de las veces s\u00f3lo tendr\u00e1 que limpiar la funda. Para las raras ocasiones en que tenga que lavarla a m\u00e1quina, hemos a\u00f1adido un forro interior (de un ligero tejido de algod\u00f3n 100%) para sacar y volver a rellenar el algod\u00f3n de una sola vez.<\/p>\n<p style=\"text-align: left;\"><strong>IMPORTANTE<\/strong><\/p>\n<p style=\"text-align: left;\">* Este anuncio es s\u00f3lo para un coj\u00edn.<br \/>\n* Los art\u00edculos rellenos de algod\u00f3n est\u00e1n sujetos a cierto grado de compresi\u00f3n.<br \/>\n* Art\u00edculo hecho a mano, es posible una peque\u00f1a desviaci\u00f3n en las dimensiones.<br \/>\n* El mech\u00f3n atraviesa todo el art\u00edculo.<\/p>\n<p style=\"text-align: left;\">Gracias por su tiempo.<\/p>\n\n\t\t<\/div>\n\t<\/div>\n\n\t<div class=\"wpb_raw_code wpb_raw_html wpb_content_element\" >\n\t\t<div class=\"wpb_wrapper\">\n\t\t\t<div class=\"klaviyo-form-SVRq2G\"><\/div>\n\t\t<\/div>\n\t<\/div>\n<\/div><\/div><\/div><\/div><\/div>\n<\/div>","protected":false},"excerpt":{"rendered":"<p style=\"text-align: left;\">Marque la diferencia con un<strong> coj\u00edn de asiento para mirador <\/strong>que refleje su individualidad. Hecho a mano con cuidado y atenci\u00f3n al detalle, nuestro coj\u00edn de asiento relleno de algod\u00f3n eleva el concepto de relajaci\u00f3n con su <strong>Construcci\u00f3n de puro algod\u00f3n org\u00e1nico,<\/strong> <strong>alta calidad <\/strong>y<strong> materiales duraderos,<\/strong> y <strong>dise\u00f1o personalizable<\/strong><strong>.<\/strong><\/p>\n<p style=\"text-align: left;\"><strong>Hipoalerg\u00e9nico, extremadamente transpirable, respetuoso con el medio ambiente,<\/strong> y <strong>sin t\u00f3xicos<\/strong><strong>!<\/strong><\/p>\n<p style=\"text-align: left;\">Elija entre <strong>gran variedad de tejidos, colores<\/strong><strong>, <\/strong><strong>tama\u00f1os, formas, opciones de ribetes y mechones<\/strong> para crear un coj\u00edn de asiento que complemente su mirador y refleje su gusto personal.<\/p>\n<ul>\n<li style=\"text-align: left;\">100%\u00a0<strong>algod\u00f3n org\u00e1nico<\/strong>\u00a0relleno interior.<\/li>\n<li style=\"text-align: left;\"><strong>A medida <\/strong><strong>para adaptarse a sus preferencias.<\/strong><\/li>\n<li style=\"text-align: left;\"><strong>Alternativa natural<\/strong>\u00a0a cojines de espuma.<\/li>\n<li style=\"text-align: left;\"><strong>L\u00edmite<\/strong>\u00a0exposici\u00f3n a\u00a0<strong>COV peligrosos<\/strong>\u00a0en tu casa.<\/li>\n<li style=\"text-align: left;\">Cortes\u00eda\u00a0<strong>kit de reparaci\u00f3n<\/strong>\u00a0incluido.<\/li>\n<li style=\"text-align: left;\">Todos\u00a0<strong>impuestos<\/strong>\u00a0y\u00a0<strong>deberes<\/strong>\u00a0son\u00a0<strong>incluido<\/strong>.<\/li>\n<\/ul>","protected":false},"featured_media":10059,"comment_status":"open","ping_status":"closed","template":"","meta":[],"product_brand":[],"product_cat":[29],"product_tag":[270,148,271,272,120,414,273,274,140,141,275,152,276,153,304],"class_list":{"0":"post-2180","1":"product","2":"type-product","3":"status-publish","4":"has-post-thumbnail","6":"product_cat-cushions","7":"product_tag-banquette-cushion","8":"product_tag-bay-window-seat","9":"product_tag-bench-cushion","10":"product_tag-bohemian-couch","11":"product_tag-breakfast-nook","12":"product_tag-buttoned-cushion","13":"product_tag-custom-bench-cushion","14":"product_tag-entryway-bench","15":"product_tag-french-mattress","16":"product_tag-hand-tufted-cushion","17":"product_tag-indoor-cushion","18":"product_tag-mudroom-seating-pad","19":"product_tag-nook-cushion","20":"product_tag-trapezoid-bay-window","21":"product_tag-velvet-cushion","23":"first","24":"instock","25":"shipping-taxable","26":"product-type-external"},"yoast_head":"<!-- This site is optimized with the Yoast SEO plugin v27.3 - https:\/\/yoast.com\/product\/yoast-seo-wordpress\/ -->\n<title>Custom Organic Cotton Bay Window Cushion | Cottoned Shop | Handmade Bedding &amp; Decor<\/title>\n<meta name=\"description\" content=\"Handmade and hand-tufted bay window seat cushion filled with organic cotton stuffing. We can make any size or shape on request.\" \/>\n<meta name=\"robots\" content=\"index, follow, max-snippet:-1, max-image-preview:large, max-video-preview:-1\" \/>\n<link rel=\"canonical\" href=\"https:\/\/cottonedshop.com\/es\/tienda\/cojin-de-mirador\/\" \/>\n<meta property=\"og:locale\" content=\"es_ES\" \/>\n<meta property=\"og:type\" content=\"article\" \/>\n<meta property=\"og:title\" content=\"Custom Organic Cotton Bay Window Cushion | Cottoned Shop | Handmade Bedding &amp; Decor\" \/>\n<meta property=\"og:description\" content=\"Handmade and hand-tufted bay window seat cushion filled with organic cotton stuffing. We can make any size or shape on request.\" \/>\n<meta property=\"og:url\" content=\"https:\/\/cottonedshop.com\/es\/tienda\/cojin-de-mirador\/\" \/>\n<meta property=\"og:site_name\" content=\"Cottoned Shop\" \/>\n<meta property=\"article:modified_time\" content=\"2025-02-06T13:21:58+00:00\" \/>\n<meta property=\"og:image\" content=\"https:\/\/cottonedshop.com\/wp-content\/uploads\/2020\/03\/Cottoned-tufted-trapezoid-cushion.jpg\" \/>\n\t<meta property=\"og:image:width\" content=\"1300\" \/>\n\t<meta property=\"og:image:height\" content=\"1040\" \/>\n\t<meta property=\"og:image:type\" content=\"image\/jpeg\" \/>\n<meta name=\"twitter:card\" content=\"summary_large_image\" \/>\n<meta name=\"twitter:label1\" content=\"Tiempo de lectura\" \/>\n\t<meta name=\"twitter:data1\" content=\"2 minutos\" \/>\n<script type=\"application\/ld+json\" class=\"yoast-schema-graph\">{\"@context\":\"https:\\\/\\\/schema.org\",\"@graph\":[{\"@type\":\"WebPage\",\"@id\":\"https:\\\/\\\/cottonedshop.com\\\/shop\\\/bay-window-cushion\\\/\",\"url\":\"https:\\\/\\\/cottonedshop.com\\\/shop\\\/bay-window-cushion\\\/\",\"name\":\"Custom Organic Cotton Bay Window Cushion | Cottoned Shop | Handmade Bedding & Decor\",\"isPartOf\":{\"@id\":\"https:\\\/\\\/cottonedshop.com\\\/#website\"},\"primaryImageOfPage\":{\"@id\":\"https:\\\/\\\/cottonedshop.com\\\/shop\\\/bay-window-cushion\\\/#primaryimage\"},\"image\":{\"@id\":\"https:\\\/\\\/cottonedshop.com\\\/shop\\\/bay-window-cushion\\\/#primaryimage\"},\"thumbnailUrl\":\"https:\\\/\\\/cottonedshop.com\\\/wp-content\\\/uploads\\\/2020\\\/03\\\/Cottoned-tufted-trapezoid-cushion.jpg\",\"datePublished\":\"2020-03-04T15:44:47+00:00\",\"dateModified\":\"2025-02-06T13:21:58+00:00\",\"description\":\"Handmade and hand-tufted bay window seat cushion filled with organic cotton stuffing. We can make any size or shape on request.\",\"breadcrumb\":{\"@id\":\"https:\\\/\\\/cottonedshop.com\\\/shop\\\/bay-window-cushion\\\/#breadcrumb\"},\"inLanguage\":\"es\",\"potentialAction\":[{\"@type\":\"ReadAction\",\"target\":[\"https:\\\/\\\/cottonedshop.com\\\/shop\\\/bay-window-cushion\\\/\"]}]},{\"@type\":\"ImageObject\",\"inLanguage\":\"es\",\"@id\":\"https:\\\/\\\/cottonedshop.com\\\/shop\\\/bay-window-cushion\\\/#primaryimage\",\"url\":\"https:\\\/\\\/cottonedshop.com\\\/wp-content\\\/uploads\\\/2020\\\/03\\\/Cottoned-tufted-trapezoid-cushion.jpg\",\"contentUrl\":\"https:\\\/\\\/cottonedshop.com\\\/wp-content\\\/uploads\\\/2020\\\/03\\\/Cottoned-tufted-trapezoid-cushion.jpg\",\"width\":1300,\"height\":1040,\"caption\":\"Cottoned tufted trapezoid cushion\"},{\"@type\":\"BreadcrumbList\",\"@id\":\"https:\\\/\\\/cottonedshop.com\\\/shop\\\/bay-window-cushion\\\/#breadcrumb\",\"itemListElement\":[{\"@type\":\"ListItem\",\"position\":1,\"name\":\"Home\",\"item\":\"https:\\\/\\\/cottonedshop.com\\\/\"},{\"@type\":\"ListItem\",\"position\":2,\"name\":\"Shop\",\"item\":\"https:\\\/\\\/cottonedshop.com\\\/shop\\\/\"},{\"@type\":\"ListItem\",\"position\":3,\"name\":\"Custom Organic Cotton Bay Window Cushion\"}]},{\"@type\":\"WebSite\",\"@id\":\"https:\\\/\\\/cottonedshop.com\\\/#website\",\"url\":\"https:\\\/\\\/cottonedshop.com\\\/\",\"name\":\"Cottoned Shop\",\"description\":\"\",\"publisher\":{\"@id\":\"https:\\\/\\\/cottonedshop.com\\\/#organization\"},\"potentialAction\":[{\"@type\":\"SearchAction\",\"target\":{\"@type\":\"EntryPoint\",\"urlTemplate\":\"https:\\\/\\\/cottonedshop.com\\\/?s={search_term_string}\"},\"query-input\":{\"@type\":\"PropertyValueSpecification\",\"valueRequired\":true,\"valueName\":\"search_term_string\"}}],\"inLanguage\":\"es\"},{\"@type\":\"Organization\",\"@id\":\"https:\\\/\\\/cottonedshop.com\\\/#organization\",\"name\":\"Cottoned\",\"url\":\"https:\\\/\\\/cottonedshop.com\\\/\",\"logo\":{\"@type\":\"ImageObject\",\"inLanguage\":\"es\",\"@id\":\"https:\\\/\\\/cottonedshop.com\\\/#\\\/schema\\\/logo\\\/image\\\/\",\"url\":\"https:\\\/\\\/cottonedshop.com\\\/wp-content\\\/uploads\\\/2021\\\/02\\\/cottoned-logo-large.png\",\"contentUrl\":\"https:\\\/\\\/cottonedshop.com\\\/wp-content\\\/uploads\\\/2021\\\/02\\\/cottoned-logo-large.png\",\"width\":1548,\"height\":1548,\"caption\":\"Cottoned\"},\"image\":{\"@id\":\"https:\\\/\\\/cottonedshop.com\\\/#\\\/schema\\\/logo\\\/image\\\/\"}}]}<\/script>\n<!-- \/ Yoast SEO plugin. -->","yoast_head_json":{"title":"Coj\u00edn para mirador de algod\u00f3n org\u00e1nico personalizado | Cottoned Shop | Ropa de cama y decoraci\u00f3n hecha a mano","description":"Coj\u00edn de asiento para mirador hecho a mano y relleno de algod\u00f3n org\u00e1nico. Podemos hacer cualquier tama\u00f1o o forma a petici\u00f3n.","robots":{"index":"index","follow":"follow","max-snippet":"max-snippet:-1","max-image-preview":"max-image-preview:large","max-video-preview":"max-video-preview:-1"},"canonical":"https:\/\/cottonedshop.com\/es\/tienda\/cojin-de-mirador\/","og_locale":"es_ES","og_type":"article","og_title":"Custom Organic Cotton Bay Window Cushion | Cottoned Shop | Handmade Bedding & Decor","og_description":"Handmade and hand-tufted bay window seat cushion filled with organic cotton stuffing. We can make any size or shape on request.","og_url":"https:\/\/cottonedshop.com\/es\/tienda\/cojin-de-mirador\/","og_site_name":"Cottoned Shop","article_modified_time":"2025-02-06T13:21:58+00:00","og_image":[{"width":1300,"height":1040,"url":"https:\/\/cottonedshop.com\/wp-content\/uploads\/2020\/03\/Cottoned-tufted-trapezoid-cushion.jpg","type":"image\/jpeg"}],"twitter_card":"summary_large_image","twitter_misc":{"Tiempo de lectura":"2 minutos"},"schema":{"@context":"https:\/\/schema.org","@graph":[{"@type":"WebPage","@id":"https:\/\/cottonedshop.com\/shop\/bay-window-cushion\/","url":"https:\/\/cottonedshop.com\/shop\/bay-window-cushion\/","name":"Coj\u00edn para mirador de algod\u00f3n org\u00e1nico personalizado | Cottoned Shop | Ropa de cama y decoraci\u00f3n hecha a mano","isPartOf":{"@id":"https:\/\/cottonedshop.com\/#website"},"primaryImageOfPage":{"@id":"https:\/\/cottonedshop.com\/shop\/bay-window-cushion\/#primaryimage"},"image":{"@id":"https:\/\/cottonedshop.com\/shop\/bay-window-cushion\/#primaryimage"},"thumbnailUrl":"https:\/\/cottonedshop.com\/wp-content\/uploads\/2020\/03\/Cottoned-tufted-trapezoid-cushion.jpg","datePublished":"2020-03-04T15:44:47+00:00","dateModified":"2025-02-06T13:21:58+00:00","description":"Coj\u00edn de asiento para mirador hecho a mano y relleno de algod\u00f3n org\u00e1nico. Podemos hacer cualquier tama\u00f1o o forma a petici\u00f3n.","breadcrumb":{"@id":"https:\/\/cottonedshop.com\/shop\/bay-window-cushion\/#breadcrumb"},"inLanguage":"es","potentialAction":[{"@type":"ReadAction","target":["https:\/\/cottonedshop.com\/shop\/bay-window-cushion\/"]}]},{"@type":"ImageObject","inLanguage":"es","@id":"https:\/\/cottonedshop.com\/shop\/bay-window-cushion\/#primaryimage","url":"https:\/\/cottonedshop.com\/wp-content\/uploads\/2020\/03\/Cottoned-tufted-trapezoid-cushion.jpg","contentUrl":"https:\/\/cottonedshop.com\/wp-content\/uploads\/2020\/03\/Cottoned-tufted-trapezoid-cushion.jpg","width":1300,"height":1040,"caption":"Cottoned tufted trapezoid cushion"},{"@type":"BreadcrumbList","@id":"https:\/\/cottonedshop.com\/shop\/bay-window-cushion\/#breadcrumb","itemListElement":[{"@type":"ListItem","position":1,"name":"Home","item":"https:\/\/cottonedshop.com\/"},{"@type":"ListItem","position":2,"name":"Shop","item":"https:\/\/cottonedshop.com\/shop\/"},{"@type":"ListItem","position":3,"name":"Custom Organic Cotton Bay Window Cushion"}]},{"@type":"WebSite","@id":"https:\/\/cottonedshop.com\/#website","url":"https:\/\/cottonedshop.com\/","name":"Tienda Cottoned","description":"","publisher":{"@id":"https:\/\/cottonedshop.com\/#organization"},"potentialAction":[{"@type":"SearchAction","target":{"@type":"EntryPoint","urlTemplate":"https:\/\/cottonedshop.com\/?s={search_term_string}"},"query-input":{"@type":"PropertyValueSpecification","valueRequired":true,"valueName":"search_term_string"}}],"inLanguage":"es"},{"@type":"Organization","@id":"https:\/\/cottonedshop.com\/#organization","name":"Algod\u00f3n","url":"https:\/\/cottonedshop.com\/","logo":{"@type":"ImageObject","inLanguage":"es","@id":"https:\/\/cottonedshop.com\/#\/schema\/logo\/image\/","url":"https:\/\/cottonedshop.com\/wp-content\/uploads\/2021\/02\/cottoned-logo-large.png","contentUrl":"https:\/\/cottonedshop.com\/wp-content\/uploads\/2021\/02\/cottoned-logo-large.png","width":1548,"height":1548,"caption":"Cottoned"},"image":{"@id":"https:\/\/cottonedshop.com\/#\/schema\/logo\/image\/"}}]}},"_links":{"self":[{"href":"https:\/\/cottonedshop.com\/es\/wp-json\/wp\/v2\/product\/2180","targetHints":{"allow":["GET"]}}],"collection":[{"href":"https:\/\/cottonedshop.com\/es\/wp-json\/wp\/v2\/product"}],"about":[{"href":"https:\/\/cottonedshop.com\/es\/wp-json\/wp\/v2\/types\/product"}],"replies":[{"embeddable":true,"href":"https:\/\/cottonedshop.com\/es\/wp-json\/wp\/v2\/comments?post=2180"}],"wp:featuredmedia":[{"embeddable":true,"href":"https:\/\/cottonedshop.com\/es\/wp-json\/wp\/v2\/media\/10059"}],"wp:attachment":[{"href":"https:\/\/cottonedshop.com\/es\/wp-json\/wp\/v2\/media?parent=2180"}],"wp:term":[{"taxonomy":"product_brand","embeddable":true,"href":"https:\/\/cottonedshop.com\/es\/wp-json\/wp\/v2\/product_brand?post=2180"},{"taxonomy":"product_cat","embeddable":true,"href":"https:\/\/cottonedshop.com\/es\/wp-json\/wp\/v2\/product_cat?post=2180"},{"taxonomy":"product_tag","embeddable":true,"href":"https:\/\/cottonedshop.com\/es\/wp-json\/wp\/v2\/product_tag?post=2180"}],"curies":[{"name":"wp","href":"https:\/\/api.w.org\/{rel}","templated":true}]}}