{"id":14593,"date":"2025-07-21T17:45:11","date_gmt":"2025-07-21T14:45:11","guid":{"rendered":"https:\/\/cottonedshop.com\/?post_type=product&#038;p=14593"},"modified":"2025-07-22T05:07:38","modified_gmt":"2025-07-22T02:07:38","slug":"crib-mattress-custom-for-nicole","status":"publish","type":"product","link":"https:\/\/cottonedshop.com\/es\/shop\/crib-mattress-custom-for-nicole\/","title":{"rendered":"Crib Mattress \/ Custom for Nicole"},"content":{"rendered":"<p>CRIB MATTRESS<\/p>\n<p>18 x 36 x 3&#8221; (45.7 x 91.4 x 8 cm)<br \/>\nFILLING: 2.2 kg (4.9 lbs) of Organic GOTS Certified Cotton Fibers<\/p>\n<p>CARACTER\u00cdSTICAS:<br \/>\nCremalleras en los dos lados largos para ajustar f\u00e1cilmente el relleno.<br \/>\nSe incluye un kit de reparaci\u00f3n gratuito por cada art\u00edculo relleno de algod\u00f3n.<\/p>\n<p>EDGE OPTIONS: &#8211; non-piped<\/p>\n<p>FABRIC: \u25cf 100% Organic Cotton, midweight, unbleached (GOTS certified)<\/p>\n<p>YOUR SHIPPING METHOD:\u2022 FREE ECONOMY, 1-4 weeks transit time<br \/>\n&#8212;&#8212;&#8212;&#8212;&#8212;&#8212;&#8212;&#8212;-<\/p>","protected":false},"excerpt":{"rendered":"<p>CRIB MATTRESS 18 x 36 x 3&#8221; (45.7 x 91.4 x 8 cm) FILLING: 2.2 kg (4.9 lbs) of Organic GOTS Certified Cotton Fibers FEATURES: Zippers on the two long sides to easily adjust the filling. Complimentary mending kit included for each cotton-filled item. EDGE OPTIONS: &#8211; non-piped FABRIC: \u25cf [&hellip;]<\/p>\n","protected":false},"featured_media":4150,"comment_status":"open","ping_status":"closed","template":"","meta":[],"product_brand":[],"product_cat":[50],"product_tag":[],"class_list":{"0":"post-14593","1":"product","2":"type-product","3":"status-publish","4":"has-post-thumbnail","6":"product_cat-cottoned-kids","8":"first","9":"outofstock","10":"shipping-taxable","11":"purchasable","12":"product-type-simple"},"yoast_head":"<!-- This site is optimized with the Yoast SEO plugin v27.3 - https:\/\/yoast.com\/product\/yoast-seo-wordpress\/ -->\n<title>Crib Mattress \/ Custom for Nicole | Cottoned Shop<\/title>\n<meta name=\"robots\" content=\"index, follow, max-snippet:-1, max-image-preview:large, max-video-preview:-1\" \/>\n<link rel=\"canonical\" href=\"https:\/\/cottonedshop.com\/es\/tienda\/crib-mattress-custom-for-nicole\/\" \/>\n<meta property=\"og:locale\" content=\"es_ES\" \/>\n<meta property=\"og:type\" content=\"article\" \/>\n<meta property=\"og:title\" content=\"Crib Mattress \/ Custom for Nicole | Cottoned Shop\" \/>\n<meta property=\"og:description\" content=\"CRIB MATTRESS 18 x 36 x 3&#8221; (45.7 x 91.4 x 8 cm) FILLING: 2.2 kg (4.9 lbs) of Organic GOTS Certified Cotton Fibers FEATURES: Zippers on the two long sides to easily adjust the filling. Complimentary mending kit included for each cotton-filled item. EDGE OPTIONS: &#8211; non-piped FABRIC: \u25cf [&hellip;]\" \/>\n<meta property=\"og:url\" content=\"https:\/\/cottonedshop.com\/es\/tienda\/crib-mattress-custom-for-nicole\/\" \/>\n<meta property=\"og:site_name\" content=\"Cottoned Shop\" \/>\n<meta property=\"article:modified_time\" content=\"2025-07-22T02:07:38+00:00\" \/>\n<meta property=\"og:image\" content=\"https:\/\/cottonedshop.com\/wp-content\/uploads\/2021\/02\/cottoned-logo-large.png\" \/>\n\t<meta property=\"og:image:width\" content=\"1548\" \/>\n\t<meta property=\"og:image:height\" content=\"1548\" \/>\n\t<meta property=\"og:image:type\" content=\"image\/png\" \/>\n<meta name=\"twitter:card\" content=\"summary_large_image\" \/>\n<meta name=\"twitter:label1\" content=\"Tiempo de lectura\" \/>\n\t<meta name=\"twitter:data1\" content=\"1 minuto\" \/>\n<script type=\"application\/ld+json\" class=\"yoast-schema-graph\">{\"@context\":\"https:\\\/\\\/schema.org\",\"@graph\":[{\"@type\":\"WebPage\",\"@id\":\"https:\\\/\\\/cottonedshop.com\\\/shop\\\/crib-mattress-custom-for-nicole\\\/\",\"url\":\"https:\\\/\\\/cottonedshop.com\\\/shop\\\/crib-mattress-custom-for-nicole\\\/\",\"name\":\"Crib Mattress \\\/ Custom for Nicole | Cottoned Shop\",\"isPartOf\":{\"@id\":\"https:\\\/\\\/cottonedshop.com\\\/#website\"},\"primaryImageOfPage\":{\"@id\":\"https:\\\/\\\/cottonedshop.com\\\/shop\\\/crib-mattress-custom-for-nicole\\\/#primaryimage\"},\"image\":{\"@id\":\"https:\\\/\\\/cottonedshop.com\\\/shop\\\/crib-mattress-custom-for-nicole\\\/#primaryimage\"},\"thumbnailUrl\":\"https:\\\/\\\/cottonedshop.com\\\/wp-content\\\/uploads\\\/2021\\\/02\\\/cottoned-logo-large.png\",\"datePublished\":\"2025-07-21T14:45:11+00:00\",\"dateModified\":\"2025-07-22T02:07:38+00:00\",\"breadcrumb\":{\"@id\":\"https:\\\/\\\/cottonedshop.com\\\/shop\\\/crib-mattress-custom-for-nicole\\\/#breadcrumb\"},\"inLanguage\":\"es\",\"potentialAction\":[{\"@type\":\"ReadAction\",\"target\":[\"https:\\\/\\\/cottonedshop.com\\\/shop\\\/crib-mattress-custom-for-nicole\\\/\"]}]},{\"@type\":\"ImageObject\",\"inLanguage\":\"es\",\"@id\":\"https:\\\/\\\/cottonedshop.com\\\/shop\\\/crib-mattress-custom-for-nicole\\\/#primaryimage\",\"url\":\"https:\\\/\\\/cottonedshop.com\\\/wp-content\\\/uploads\\\/2021\\\/02\\\/cottoned-logo-large.png\",\"contentUrl\":\"https:\\\/\\\/cottonedshop.com\\\/wp-content\\\/uploads\\\/2021\\\/02\\\/cottoned-logo-large.png\",\"width\":1548,\"height\":1548,\"caption\":\"cottoned logo\"},{\"@type\":\"BreadcrumbList\",\"@id\":\"https:\\\/\\\/cottonedshop.com\\\/shop\\\/crib-mattress-custom-for-nicole\\\/#breadcrumb\",\"itemListElement\":[{\"@type\":\"ListItem\",\"position\":1,\"name\":\"Home\",\"item\":\"https:\\\/\\\/cottonedshop.com\\\/\"},{\"@type\":\"ListItem\",\"position\":2,\"name\":\"Shop\",\"item\":\"https:\\\/\\\/cottonedshop.com\\\/shop\\\/\"},{\"@type\":\"ListItem\",\"position\":3,\"name\":\"Crib Mattress \\\/ Custom for Nicole\"}]},{\"@type\":\"WebSite\",\"@id\":\"https:\\\/\\\/cottonedshop.com\\\/#website\",\"url\":\"https:\\\/\\\/cottonedshop.com\\\/\",\"name\":\"Cottoned Shop\",\"description\":\"\",\"publisher\":{\"@id\":\"https:\\\/\\\/cottonedshop.com\\\/#organization\"},\"potentialAction\":[{\"@type\":\"SearchAction\",\"target\":{\"@type\":\"EntryPoint\",\"urlTemplate\":\"https:\\\/\\\/cottonedshop.com\\\/?s={search_term_string}\"},\"query-input\":{\"@type\":\"PropertyValueSpecification\",\"valueRequired\":true,\"valueName\":\"search_term_string\"}}],\"inLanguage\":\"es\"},{\"@type\":\"Organization\",\"@id\":\"https:\\\/\\\/cottonedshop.com\\\/#organization\",\"name\":\"Cottoned\",\"url\":\"https:\\\/\\\/cottonedshop.com\\\/\",\"logo\":{\"@type\":\"ImageObject\",\"inLanguage\":\"es\",\"@id\":\"https:\\\/\\\/cottonedshop.com\\\/#\\\/schema\\\/logo\\\/image\\\/\",\"url\":\"https:\\\/\\\/cottonedshop.com\\\/wp-content\\\/uploads\\\/2021\\\/02\\\/cottoned-logo-large.png\",\"contentUrl\":\"https:\\\/\\\/cottonedshop.com\\\/wp-content\\\/uploads\\\/2021\\\/02\\\/cottoned-logo-large.png\",\"width\":1548,\"height\":1548,\"caption\":\"Cottoned\"},\"image\":{\"@id\":\"https:\\\/\\\/cottonedshop.com\\\/#\\\/schema\\\/logo\\\/image\\\/\"}}]}<\/script>\n<!-- \/ Yoast SEO plugin. -->","yoast_head_json":{"title":"Crib Mattress \/ Custom for Nicole | Cottoned Shop","robots":{"index":"index","follow":"follow","max-snippet":"max-snippet:-1","max-image-preview":"max-image-preview:large","max-video-preview":"max-video-preview:-1"},"canonical":"https:\/\/cottonedshop.com\/es\/tienda\/crib-mattress-custom-for-nicole\/","og_locale":"es_ES","og_type":"article","og_title":"Crib Mattress \/ Custom for Nicole | Cottoned Shop","og_description":"CRIB MATTRESS 18 x 36 x 3&#8221; (45.7 x 91.4 x 8 cm) FILLING: 2.2 kg (4.9 lbs) of Organic GOTS Certified Cotton Fibers FEATURES: Zippers on the two long sides to easily adjust the filling. Complimentary mending kit included for each cotton-filled item. EDGE OPTIONS: &#8211; non-piped FABRIC: \u25cf [&hellip;]","og_url":"https:\/\/cottonedshop.com\/es\/tienda\/crib-mattress-custom-for-nicole\/","og_site_name":"Cottoned Shop","article_modified_time":"2025-07-22T02:07:38+00:00","og_image":[{"width":1548,"height":1548,"url":"https:\/\/cottonedshop.com\/wp-content\/uploads\/2021\/02\/cottoned-logo-large.png","type":"image\/png"}],"twitter_card":"summary_large_image","twitter_misc":{"Tiempo de lectura":"1 minuto"},"schema":{"@context":"https:\/\/schema.org","@graph":[{"@type":"WebPage","@id":"https:\/\/cottonedshop.com\/shop\/crib-mattress-custom-for-nicole\/","url":"https:\/\/cottonedshop.com\/shop\/crib-mattress-custom-for-nicole\/","name":"Crib Mattress \/ Custom for Nicole | Cottoned Shop","isPartOf":{"@id":"https:\/\/cottonedshop.com\/#website"},"primaryImageOfPage":{"@id":"https:\/\/cottonedshop.com\/shop\/crib-mattress-custom-for-nicole\/#primaryimage"},"image":{"@id":"https:\/\/cottonedshop.com\/shop\/crib-mattress-custom-for-nicole\/#primaryimage"},"thumbnailUrl":"https:\/\/cottonedshop.com\/wp-content\/uploads\/2021\/02\/cottoned-logo-large.png","datePublished":"2025-07-21T14:45:11+00:00","dateModified":"2025-07-22T02:07:38+00:00","breadcrumb":{"@id":"https:\/\/cottonedshop.com\/shop\/crib-mattress-custom-for-nicole\/#breadcrumb"},"inLanguage":"es","potentialAction":[{"@type":"ReadAction","target":["https:\/\/cottonedshop.com\/shop\/crib-mattress-custom-for-nicole\/"]}]},{"@type":"ImageObject","inLanguage":"es","@id":"https:\/\/cottonedshop.com\/shop\/crib-mattress-custom-for-nicole\/#primaryimage","url":"https:\/\/cottonedshop.com\/wp-content\/uploads\/2021\/02\/cottoned-logo-large.png","contentUrl":"https:\/\/cottonedshop.com\/wp-content\/uploads\/2021\/02\/cottoned-logo-large.png","width":1548,"height":1548,"caption":"cottoned logo"},{"@type":"BreadcrumbList","@id":"https:\/\/cottonedshop.com\/shop\/crib-mattress-custom-for-nicole\/#breadcrumb","itemListElement":[{"@type":"ListItem","position":1,"name":"Home","item":"https:\/\/cottonedshop.com\/"},{"@type":"ListItem","position":2,"name":"Shop","item":"https:\/\/cottonedshop.com\/shop\/"},{"@type":"ListItem","position":3,"name":"Crib Mattress \/ Custom for Nicole"}]},{"@type":"WebSite","@id":"https:\/\/cottonedshop.com\/#website","url":"https:\/\/cottonedshop.com\/","name":"Tienda Cottoned","description":"","publisher":{"@id":"https:\/\/cottonedshop.com\/#organization"},"potentialAction":[{"@type":"SearchAction","target":{"@type":"EntryPoint","urlTemplate":"https:\/\/cottonedshop.com\/?s={search_term_string}"},"query-input":{"@type":"PropertyValueSpecification","valueRequired":true,"valueName":"search_term_string"}}],"inLanguage":"es"},{"@type":"Organization","@id":"https:\/\/cottonedshop.com\/#organization","name":"Algod\u00f3n","url":"https:\/\/cottonedshop.com\/","logo":{"@type":"ImageObject","inLanguage":"es","@id":"https:\/\/cottonedshop.com\/#\/schema\/logo\/image\/","url":"https:\/\/cottonedshop.com\/wp-content\/uploads\/2021\/02\/cottoned-logo-large.png","contentUrl":"https:\/\/cottonedshop.com\/wp-content\/uploads\/2021\/02\/cottoned-logo-large.png","width":1548,"height":1548,"caption":"Cottoned"},"image":{"@id":"https:\/\/cottonedshop.com\/#\/schema\/logo\/image\/"}}]}},"_links":{"self":[{"href":"https:\/\/cottonedshop.com\/es\/wp-json\/wp\/v2\/product\/14593","targetHints":{"allow":["GET"]}}],"collection":[{"href":"https:\/\/cottonedshop.com\/es\/wp-json\/wp\/v2\/product"}],"about":[{"href":"https:\/\/cottonedshop.com\/es\/wp-json\/wp\/v2\/types\/product"}],"replies":[{"embeddable":true,"href":"https:\/\/cottonedshop.com\/es\/wp-json\/wp\/v2\/comments?post=14593"}],"wp:featuredmedia":[{"embeddable":true,"href":"https:\/\/cottonedshop.com\/es\/wp-json\/wp\/v2\/media\/4150"}],"wp:attachment":[{"href":"https:\/\/cottonedshop.com\/es\/wp-json\/wp\/v2\/media?parent=14593"}],"wp:term":[{"taxonomy":"product_brand","embeddable":true,"href":"https:\/\/cottonedshop.com\/es\/wp-json\/wp\/v2\/product_brand?post=14593"},{"taxonomy":"product_cat","embeddable":true,"href":"https:\/\/cottonedshop.com\/es\/wp-json\/wp\/v2\/product_cat?post=14593"},{"taxonomy":"product_tag","embeddable":true,"href":"https:\/\/cottonedshop.com\/es\/wp-json\/wp\/v2\/product_tag?post=14593"}],"curies":[{"name":"wp","href":"https:\/\/api.w.org\/{rel}","templated":true}]}}