{"id":14574,"date":"2025-07-21T17:12:41","date_gmt":"2025-07-21T14:12:41","guid":{"rendered":"https:\/\/cottonedshop.com\/?post_type=product&#038;p=14574"},"modified":"2025-07-22T12:57:52","modified_gmt":"2025-07-22T09:57:52","slug":"seat-cushion-2","status":"publish","type":"product","link":"https:\/\/cottonedshop.com\/es\/shop\/seat-cushion-2\/","title":{"rendered":"Seat Cushion with Handle"},"content":{"rendered":"<div class=\"wpb-content-wrapper\"><div  class=\"sec_row container\"><div class=\"vc_row wpb_row vc_row-fluid\"><div class=\"wpb_column vc_column_container vc_col-sm-12 et-dark-column\"><div class=\"vc_column-inner\"><div class=\"wpb_wrapper\">\n\t<div class=\"wpb_text_column wpb_content_element\" >\n\t\t<div class=\"wpb_wrapper\">\n\t\t\t<p style=\"text-align: left;\"><strong>CARACTER\u00cdSTICAS:<\/strong><\/p>\n<ul>\n<li>Funda extra\u00edble y lavable.<\/li>\n<li>Insert in 100% Organic cotton fabric.<\/li>\n<li>Zipper to easily adjust, add, or remove filling if needed.<\/li>\n<\/ul>\n<p style=\"text-align: left;\"><strong>INSTRUCCIONES DE CUIDADO<\/strong><\/p>\n<p style=\"text-align: left;\">La funda extra\u00edble se puede lavar a m\u00e1quina en ciclo delicado con un detergente suave. Cierre la cremallera para lavarla.<\/p>\n<p style=\"text-align: left;\"><strong>IMPORTANTE<\/strong><\/p>\n<p style=\"text-align: left;\">* Este anuncio es s\u00f3lo para un coj\u00edn.<br \/>\n* Los art\u00edculos rellenos de algod\u00f3n est\u00e1n sujetos a cierto grado de compresi\u00f3n.<br \/>\n* Art\u00edculo hecho a mano, es posible una peque\u00f1a desviaci\u00f3n en las dimensiones.<\/p>\n\n\t\t<\/div>\n\t<\/div>\n\n\t<div class=\"wpb_raw_code wpb_raw_html wpb_content_element\" >\n\t\t<div class=\"wpb_wrapper\">\n\t\t\t<div class=\"klaviyo-form-SVRq2G\"><\/div>\n\t\t<\/div>\n\t<\/div>\n<\/div><\/div><\/div><\/div><\/div>\n<\/div>","protected":false},"excerpt":{"rendered":"<p class=\"ql-block\" data-block-id=\"block-032aec59-27d7-4652-aa74-16ec192bf4b0\">Made for daily use, this <strong>seat cushion <\/strong>offers natural comfort with its cotton filling. It provides firm yet soft feel and breathability, so that you stay cozy and cool.<\/p>\n<p class=\"ql-block\" data-block-id=\"block-e39e1f0d-6f63-4430-890f-d8253b0ed1bf\">We added a sturdy accent handle to make it easier to move around. Whether you&#8217;re carrying it from room to room or taking it along for a trip, using it as a <strong>travel seat cushion<\/strong>, the handle makes it simple.<\/p>\n<p class=\"ql-block\" data-block-id=\"block-b4864847-450f-4d2c-a68a-1621007dacbf\">It is ideal as an\u00a0<strong>outdoor seat cushion<\/strong>\u00a0or\u00a0<strong>patio seat cushion. <\/strong>What is even better is that you can design your own by choosing from a range of fabrics, textures, and colors.<\/p>\n<ul>\n<li style=\"text-align: left;\">\n<div class=\"ql-block\" data-block-id=\"block-2e131f0c-347a-4585-8139-16fe3bf36b4e\"><strong>GOTS-certified organic cotton<\/strong><\/div>\n<\/li>\n<li style=\"text-align: left;\">\n<div class=\"ql-block\" data-block-id=\"block-c25b0ce7-2e1e-42fe-815c-e51e49f25be2\"><strong>Premium certified fabrics<\/strong><\/div>\n<\/li>\n<li style=\"text-align: left;\">\n<div class=\"ql-block\" data-block-id=\"block-3d6f406e-b06a-4a98-b46f-654644c9ef87\"><strong>Customizable<\/strong><\/div>\n<\/li>\n<li style=\"text-align: left;\">\n<div class=\"ql-block\" data-block-id=\"block-4a768d10-9471-4d57-ae41-5b3040e8d359\"><strong>Non-toxic<\/strong><\/div>\n<\/li>\n<li style=\"text-align: left;\">\n<div class=\"ql-block\" data-block-id=\"block-e070a5d6-89db-494b-8e90-39b94b08e454\"><strong>Zero VOCs<\/strong><\/div>\n<\/li>\n<li style=\"text-align: left;\">\n<div class=\"ql-block\" data-block-id=\"block-4bc36a22-84ed-4180-86b3-111aadd9d9c4\">Includes a <strong>complimentary mending kit <\/strong>for easy repairs<\/div>\n<\/li>\n<li style=\"text-align: left;\">\n<div class=\"ql-block\" data-block-id=\"block-cebbc969-ad14-43db-97dc-2dc8e1e981df\">All <strong>taxes and duties included<\/strong><\/div>\n<\/li>\n<\/ul>\n<p style=\"text-align: left;\"><strong>SIZES:\u00a0 <\/strong>17.7 x 35.5 x 2&#8221; (45 x 90.2 x 5 cm)<\/p>\n<p><strong>FABRIC: \u2022 <\/strong>Velvet (65% Cotton\/35% Polyester), (Oeko-tex certified)<\/p>\n<p style=\"text-align: left;\">[et_button title=\"REQUEST CUSTOMIZATION\" style=\"solid rounded\" color=\"custom\" align=\"center\" color_custom=\"#3bd4ae\" text_color_custom=\"#ffffff\" link=\"url:https%3A%2F%2Fcottonedshop.com%2Fcontact%2F\"]<\/p>\n","protected":false},"featured_media":14591,"comment_status":"open","ping_status":"closed","template":"","meta":[],"product_brand":[],"product_cat":[29],"product_tag":[562,561,121,122,123,124,126,127,128,129,130,133,134,135],"class_list":{"0":"post-14574","1":"product","2":"type-product","3":"status-publish","4":"has-post-thumbnail","6":"product_cat-cushions","7":"product_tag-cushion-with-handle","8":"product_tag-cushion-with-removable-cover","9":"product_tag-custom-pouf","10":"product_tag-floor-pillow","11":"product_tag-foot-stool","12":"product_tag-handmade-cushion","13":"product_tag-morrocan-pouf","14":"product_tag-ottoman","15":"product_tag-ottoman-chair","16":"product_tag-ottoman-pouf","17":"product_tag-ottoman-seat","18":"product_tag-rectangular-seat-cushion","19":"product_tag-square-cushion-ottoman","20":"product_tag-square-pouf","22":"first","23":"instock","24":"shipping-taxable","25":"purchasable","26":"product-type-variable"},"yoast_head":"<!-- This site is optimized with the Yoast SEO plugin v27.4 - https:\/\/yoast.com\/product\/yoast-seo-wordpress\/ -->\n<title>Seat Cushion \u2013 w\/ Handle for Travel, Patio &amp; Outdoor | Cottoned Shop<\/title>\n<meta name=\"description\" content=\"Customizable GOTS-certified organic cotton seat cushion. Non-toxic, breathable, firm yet soft. Perfect for outdoor use with handle &amp; mending kit.\" \/>\n<meta name=\"robots\" content=\"index, follow, max-snippet:-1, max-image-preview:large, max-video-preview:-1\" \/>\n<link rel=\"canonical\" href=\"https:\/\/cottonedshop.com\/es\/tienda\/seat-cushion-2\/\" \/>\n<meta property=\"og:locale\" content=\"es_ES\" \/>\n<meta property=\"og:type\" content=\"article\" \/>\n<meta property=\"og:title\" content=\"Seat Cushion \u2013 w\/ Handle for Travel, Patio &amp; Outdoor | Cottoned Shop\" \/>\n<meta property=\"og:description\" content=\"Customizable GOTS-certified organic cotton seat cushion. Non-toxic, breathable, firm yet soft. Perfect for outdoor use with handle &amp; mending kit.\" \/>\n<meta property=\"og:url\" content=\"https:\/\/cottonedshop.com\/es\/tienda\/seat-cushion-2\/\" \/>\n<meta property=\"og:site_name\" content=\"Cottoned Shop\" \/>\n<meta property=\"article:modified_time\" content=\"2025-07-22T09:57:52+00:00\" \/>\n<meta property=\"og:image\" content=\"https:\/\/cottonedshop.com\/wp-content\/uploads\/2025\/07\/Cottoned-Shop-Cushion-with-handle-Main.jpg\" \/>\n\t<meta property=\"og:image:width\" content=\"2000\" \/>\n\t<meta property=\"og:image:height\" content=\"1600\" \/>\n\t<meta property=\"og:image:type\" content=\"image\/jpeg\" \/>\n<meta name=\"twitter:card\" content=\"summary_large_image\" \/>\n<meta name=\"twitter:label1\" content=\"Tiempo de lectura\" \/>\n\t<meta name=\"twitter:data1\" content=\"1 minuto\" \/>\n<script type=\"application\/ld+json\" class=\"yoast-schema-graph\">{\"@context\":\"https:\\\/\\\/schema.org\",\"@graph\":[{\"@type\":\"WebPage\",\"@id\":\"https:\\\/\\\/cottonedshop.com\\\/shop\\\/seat-cushion-2\\\/\",\"url\":\"https:\\\/\\\/cottonedshop.com\\\/shop\\\/seat-cushion-2\\\/\",\"name\":\"Seat Cushion \u2013 w\\\/ Handle for Travel, Patio & Outdoor | Cottoned Shop\",\"isPartOf\":{\"@id\":\"https:\\\/\\\/cottonedshop.com\\\/#website\"},\"primaryImageOfPage\":{\"@id\":\"https:\\\/\\\/cottonedshop.com\\\/shop\\\/seat-cushion-2\\\/#primaryimage\"},\"image\":{\"@id\":\"https:\\\/\\\/cottonedshop.com\\\/shop\\\/seat-cushion-2\\\/#primaryimage\"},\"thumbnailUrl\":\"https:\\\/\\\/cottonedshop.com\\\/wp-content\\\/uploads\\\/2025\\\/07\\\/Cottoned-Shop-Cushion-with-handle-Main.jpg\",\"datePublished\":\"2025-07-21T14:12:41+00:00\",\"dateModified\":\"2025-07-22T09:57:52+00:00\",\"description\":\"Customizable GOTS-certified organic cotton seat cushion. Non-toxic, breathable, firm yet soft. Perfect for outdoor use with handle & mending kit.\",\"breadcrumb\":{\"@id\":\"https:\\\/\\\/cottonedshop.com\\\/shop\\\/seat-cushion-2\\\/#breadcrumb\"},\"inLanguage\":\"es\",\"potentialAction\":[{\"@type\":\"ReadAction\",\"target\":[\"https:\\\/\\\/cottonedshop.com\\\/shop\\\/seat-cushion-2\\\/\"]}]},{\"@type\":\"ImageObject\",\"inLanguage\":\"es\",\"@id\":\"https:\\\/\\\/cottonedshop.com\\\/shop\\\/seat-cushion-2\\\/#primaryimage\",\"url\":\"https:\\\/\\\/cottonedshop.com\\\/wp-content\\\/uploads\\\/2025\\\/07\\\/Cottoned-Shop-Cushion-with-handle-Main.jpg\",\"contentUrl\":\"https:\\\/\\\/cottonedshop.com\\\/wp-content\\\/uploads\\\/2025\\\/07\\\/Cottoned-Shop-Cushion-with-handle-Main.jpg\",\"width\":2000,\"height\":1600},{\"@type\":\"BreadcrumbList\",\"@id\":\"https:\\\/\\\/cottonedshop.com\\\/shop\\\/seat-cushion-2\\\/#breadcrumb\",\"itemListElement\":[{\"@type\":\"ListItem\",\"position\":1,\"name\":\"Home\",\"item\":\"https:\\\/\\\/cottonedshop.com\\\/\"},{\"@type\":\"ListItem\",\"position\":2,\"name\":\"Shop\",\"item\":\"https:\\\/\\\/cottonedshop.com\\\/shop\\\/\"},{\"@type\":\"ListItem\",\"position\":3,\"name\":\"Seat Cushion with Handle\"}]},{\"@type\":\"WebSite\",\"@id\":\"https:\\\/\\\/cottonedshop.com\\\/#website\",\"url\":\"https:\\\/\\\/cottonedshop.com\\\/\",\"name\":\"Cottoned Shop\",\"description\":\"\",\"publisher\":{\"@id\":\"https:\\\/\\\/cottonedshop.com\\\/#organization\"},\"potentialAction\":[{\"@type\":\"SearchAction\",\"target\":{\"@type\":\"EntryPoint\",\"urlTemplate\":\"https:\\\/\\\/cottonedshop.com\\\/?s={search_term_string}\"},\"query-input\":{\"@type\":\"PropertyValueSpecification\",\"valueRequired\":true,\"valueName\":\"search_term_string\"}}],\"inLanguage\":\"es\"},{\"@type\":\"Organization\",\"@id\":\"https:\\\/\\\/cottonedshop.com\\\/#organization\",\"name\":\"Cottoned\",\"url\":\"https:\\\/\\\/cottonedshop.com\\\/\",\"logo\":{\"@type\":\"ImageObject\",\"inLanguage\":\"es\",\"@id\":\"https:\\\/\\\/cottonedshop.com\\\/#\\\/schema\\\/logo\\\/image\\\/\",\"url\":\"https:\\\/\\\/cottonedshop.com\\\/wp-content\\\/uploads\\\/2021\\\/02\\\/cottoned-logo-large.png\",\"contentUrl\":\"https:\\\/\\\/cottonedshop.com\\\/wp-content\\\/uploads\\\/2021\\\/02\\\/cottoned-logo-large.png\",\"width\":1548,\"height\":1548,\"caption\":\"Cottoned\"},\"image\":{\"@id\":\"https:\\\/\\\/cottonedshop.com\\\/#\\\/schema\\\/logo\\\/image\\\/\"}}]}<\/script>\n<!-- \/ Yoast SEO plugin. -->","yoast_head_json":{"title":"Seat Cushion \u2013 w\/ Handle for Travel, Patio & Outdoor | Cottoned Shop","description":"Customizable GOTS-certified organic cotton seat cushion. Non-toxic, breathable, firm yet soft. Perfect for outdoor use with handle & mending kit.","robots":{"index":"index","follow":"follow","max-snippet":"max-snippet:-1","max-image-preview":"max-image-preview:large","max-video-preview":"max-video-preview:-1"},"canonical":"https:\/\/cottonedshop.com\/es\/tienda\/seat-cushion-2\/","og_locale":"es_ES","og_type":"article","og_title":"Seat Cushion \u2013 w\/ Handle for Travel, Patio & Outdoor | Cottoned Shop","og_description":"Customizable GOTS-certified organic cotton seat cushion. Non-toxic, breathable, firm yet soft. Perfect for outdoor use with handle & mending kit.","og_url":"https:\/\/cottonedshop.com\/es\/tienda\/seat-cushion-2\/","og_site_name":"Cottoned Shop","article_modified_time":"2025-07-22T09:57:52+00:00","og_image":[{"width":2000,"height":1600,"url":"https:\/\/cottonedshop.com\/wp-content\/uploads\/2025\/07\/Cottoned-Shop-Cushion-with-handle-Main.jpg","type":"image\/jpeg"}],"twitter_card":"summary_large_image","twitter_misc":{"Tiempo de lectura":"1 minuto"},"schema":{"@context":"https:\/\/schema.org","@graph":[{"@type":"WebPage","@id":"https:\/\/cottonedshop.com\/shop\/seat-cushion-2\/","url":"https:\/\/cottonedshop.com\/shop\/seat-cushion-2\/","name":"Seat Cushion \u2013 w\/ Handle for Travel, Patio & Outdoor | Cottoned Shop","isPartOf":{"@id":"https:\/\/cottonedshop.com\/#website"},"primaryImageOfPage":{"@id":"https:\/\/cottonedshop.com\/shop\/seat-cushion-2\/#primaryimage"},"image":{"@id":"https:\/\/cottonedshop.com\/shop\/seat-cushion-2\/#primaryimage"},"thumbnailUrl":"https:\/\/cottonedshop.com\/wp-content\/uploads\/2025\/07\/Cottoned-Shop-Cushion-with-handle-Main.jpg","datePublished":"2025-07-21T14:12:41+00:00","dateModified":"2025-07-22T09:57:52+00:00","description":"Customizable GOTS-certified organic cotton seat cushion. Non-toxic, breathable, firm yet soft. Perfect for outdoor use with handle & mending kit.","breadcrumb":{"@id":"https:\/\/cottonedshop.com\/shop\/seat-cushion-2\/#breadcrumb"},"inLanguage":"es","potentialAction":[{"@type":"ReadAction","target":["https:\/\/cottonedshop.com\/shop\/seat-cushion-2\/"]}]},{"@type":"ImageObject","inLanguage":"es","@id":"https:\/\/cottonedshop.com\/shop\/seat-cushion-2\/#primaryimage","url":"https:\/\/cottonedshop.com\/wp-content\/uploads\/2025\/07\/Cottoned-Shop-Cushion-with-handle-Main.jpg","contentUrl":"https:\/\/cottonedshop.com\/wp-content\/uploads\/2025\/07\/Cottoned-Shop-Cushion-with-handle-Main.jpg","width":2000,"height":1600},{"@type":"BreadcrumbList","@id":"https:\/\/cottonedshop.com\/shop\/seat-cushion-2\/#breadcrumb","itemListElement":[{"@type":"ListItem","position":1,"name":"Home","item":"https:\/\/cottonedshop.com\/"},{"@type":"ListItem","position":2,"name":"Shop","item":"https:\/\/cottonedshop.com\/shop\/"},{"@type":"ListItem","position":3,"name":"Seat Cushion with Handle"}]},{"@type":"WebSite","@id":"https:\/\/cottonedshop.com\/#website","url":"https:\/\/cottonedshop.com\/","name":"Tienda Cottoned","description":"","publisher":{"@id":"https:\/\/cottonedshop.com\/#organization"},"potentialAction":[{"@type":"SearchAction","target":{"@type":"EntryPoint","urlTemplate":"https:\/\/cottonedshop.com\/?s={search_term_string}"},"query-input":{"@type":"PropertyValueSpecification","valueRequired":true,"valueName":"search_term_string"}}],"inLanguage":"es"},{"@type":"Organization","@id":"https:\/\/cottonedshop.com\/#organization","name":"Algod\u00f3n","url":"https:\/\/cottonedshop.com\/","logo":{"@type":"ImageObject","inLanguage":"es","@id":"https:\/\/cottonedshop.com\/#\/schema\/logo\/image\/","url":"https:\/\/cottonedshop.com\/wp-content\/uploads\/2021\/02\/cottoned-logo-large.png","contentUrl":"https:\/\/cottonedshop.com\/wp-content\/uploads\/2021\/02\/cottoned-logo-large.png","width":1548,"height":1548,"caption":"Cottoned"},"image":{"@id":"https:\/\/cottonedshop.com\/#\/schema\/logo\/image\/"}}]}},"_links":{"self":[{"href":"https:\/\/cottonedshop.com\/es\/wp-json\/wp\/v2\/product\/14574","targetHints":{"allow":["GET"]}}],"collection":[{"href":"https:\/\/cottonedshop.com\/es\/wp-json\/wp\/v2\/product"}],"about":[{"href":"https:\/\/cottonedshop.com\/es\/wp-json\/wp\/v2\/types\/product"}],"replies":[{"embeddable":true,"href":"https:\/\/cottonedshop.com\/es\/wp-json\/wp\/v2\/comments?post=14574"}],"wp:featuredmedia":[{"embeddable":true,"href":"https:\/\/cottonedshop.com\/es\/wp-json\/wp\/v2\/media\/14591"}],"wp:attachment":[{"href":"https:\/\/cottonedshop.com\/es\/wp-json\/wp\/v2\/media?parent=14574"}],"wp:term":[{"taxonomy":"product_brand","embeddable":true,"href":"https:\/\/cottonedshop.com\/es\/wp-json\/wp\/v2\/product_brand?post=14574"},{"taxonomy":"product_cat","embeddable":true,"href":"https:\/\/cottonedshop.com\/es\/wp-json\/wp\/v2\/product_cat?post=14574"},{"taxonomy":"product_tag","embeddable":true,"href":"https:\/\/cottonedshop.com\/es\/wp-json\/wp\/v2\/product_tag?post=14574"}],"curies":[{"name":"wp","href":"https:\/\/api.w.org\/{rel}","templated":true}]}}