{"id":13677,"date":"2024-11-21T19:43:08","date_gmt":"2024-11-21T17:43:08","guid":{"rendered":"https:\/\/cottonedshop.com\/?post_type=product&#038;p=13677"},"modified":"2024-11-21T20:00:00","modified_gmt":"2024-11-21T18:00:00","slug":"requested-changes-to-orders-13650-13651-express-shipping-express-make-time-custom-for-adelaide","status":"publish","type":"product","link":"https:\/\/cottonedshop.com\/es\/shop\/requested-changes-to-orders-13650-13651-express-shipping-express-make-time-custom-for-adelaide\/","title":{"rendered":"Requested Changes to orders  #13650 &#038; #13651 \/ Express Shipping &#038; Express Make Time \/ Custom for Adelaide"},"content":{"rendered":"<div>(A) CRIB MATTRESS<\/div>\n<div><\/div>\n<div>24 x 48 x 4&#8221; (61 x 121.9 x 10 cm)<\/div>\n<div>FILLING: 5 kg (11 lbs) of Organic GOTS Certified Cotton Fibers<\/div>\n<div><\/div>\n<div>CARACTER\u00cdSTICAS:<\/div>\n<div>Cremalleras en los dos lados largos para ajustar f\u00e1cilmente el relleno.<\/div>\n<div>Se incluye un kit de reparaci\u00f3n gratuito por cada art\u00edculo relleno de algod\u00f3n.<\/div>\n<div><\/div>\n<div>EDGES: &#8211; non-piped<\/div>\n<div><\/div>\n<div>FABRIC: \u25cf 100% Organic Cotton, midweight, unbleached (GOTS certified)<\/div>\n<div><\/div>\n<div>(B) BUMPER &#8211; to wrap fully a crib with size 24 x 48\u201c<\/div>\n<div><\/div>\n<div>11 x 144&#8221; (27.9 x 365.8 cm)<\/div>\n<div>FILLING:\u00a0 Organic GOTS Certified Cotton Fibers<\/div>\n<div><\/div>\n<div>CARACTER\u00cdSTICAS:<\/div>\n<div>Insert in unbleached 100% Organic cotton lightweight fabric.<\/div>\n<div>Fully wraps around the crib.<\/div>\n<div>Cremallera en la parte inferior.<\/div>\n<div>Ties in the corners.<\/div>\n<div><\/div>\n<div>FABRIC for the removable outer cover:\u25cf 100% Organic Cotton, midweight, unbleached (GOTS certified)<\/div>\n<div><\/div>\n<div>EXPRESS MAKE TIME INCLUDED (up to 3 days)<\/div>\n<div><\/div>\n<div>YOUR SHIPPING METHOD: \u2022 DHL EXPRESS , 3-4 days transit time<\/div>\n<div>&#8212;&#8212;&#8212;&#8212;&#8212;&#8212;&#8212;&#8212;-<\/div>","protected":false},"excerpt":{"rendered":"<p>(A) CRIB MATTRESS 24 x 48 x 4&#8221; (61 x 121.9 x 10 cm) FILLING: 5 kg (11 lbs) of Organic GOTS Certified Cotton Fibers FEATURES: Zippers on the two long sides to easily adjust the filling. Complimentary mending kit included for each cotton-filled item. EDGES: &#8211; non-piped FABRIC: \u25cf [&hellip;]<\/p>\n","protected":false},"featured_media":0,"comment_status":"open","ping_status":"closed","template":"","meta":[],"product_brand":[],"product_cat":[50],"product_tag":[],"class_list":{"0":"post-13677","1":"product","2":"type-product","3":"status-publish","5":"product_cat-cottoned-kids","7":"first","8":"outofstock","9":"shipping-taxable","10":"purchasable","11":"product-type-simple"},"yoast_head":"<!-- This site is optimized with the Yoast SEO plugin v27.3 - https:\/\/yoast.com\/product\/yoast-seo-wordpress\/ -->\n<title>Requested Changes to orders #13650 &amp; #13651 \/ Express Shipping &amp; Express Make Time \/ Custom for Adelaide | Cottoned Shop<\/title>\n<meta name=\"robots\" content=\"index, follow, max-snippet:-1, max-image-preview:large, max-video-preview:-1\" \/>\n<link rel=\"canonical\" href=\"https:\/\/cottonedshop.com\/es\/tienda\/requested-changes-to-orders-13650-13651-express-shipping-express-make-time-custom-for-adelaide\/\" \/>\n<meta property=\"og:locale\" content=\"es_ES\" \/>\n<meta property=\"og:type\" content=\"article\" \/>\n<meta property=\"og:title\" content=\"Requested Changes to orders #13650 &amp; #13651 \/ Express Shipping &amp; Express Make Time \/ Custom for Adelaide | Cottoned Shop\" \/>\n<meta property=\"og:description\" content=\"(A) CRIB MATTRESS 24 x 48 x 4&#8221; (61 x 121.9 x 10 cm) FILLING: 5 kg (11 lbs) of Organic GOTS Certified Cotton Fibers FEATURES: Zippers on the two long sides to easily adjust the filling. Complimentary mending kit included for each cotton-filled item. EDGES: &#8211; non-piped FABRIC: \u25cf [&hellip;]\" \/>\n<meta property=\"og:url\" content=\"https:\/\/cottonedshop.com\/es\/tienda\/requested-changes-to-orders-13650-13651-express-shipping-express-make-time-custom-for-adelaide\/\" \/>\n<meta property=\"og:site_name\" content=\"Cottoned Shop\" \/>\n<meta property=\"article:modified_time\" content=\"2024-11-21T18:00:00+00:00\" \/>\n<meta name=\"twitter:card\" content=\"summary_large_image\" \/>\n<meta name=\"twitter:label1\" content=\"Tiempo de lectura\" \/>\n\t<meta name=\"twitter:data1\" content=\"1 minuto\" \/>\n<script type=\"application\/ld+json\" class=\"yoast-schema-graph\">{\"@context\":\"https:\\\/\\\/schema.org\",\"@graph\":[{\"@type\":\"WebPage\",\"@id\":\"https:\\\/\\\/cottonedshop.com\\\/shop\\\/requested-changes-to-orders-13650-13651-express-shipping-express-make-time-custom-for-adelaide\\\/\",\"url\":\"https:\\\/\\\/cottonedshop.com\\\/shop\\\/requested-changes-to-orders-13650-13651-express-shipping-express-make-time-custom-for-adelaide\\\/\",\"name\":\"Requested Changes to orders #13650 & #13651 \\\/ Express Shipping & Express Make Time \\\/ Custom for Adelaide | Cottoned Shop\",\"isPartOf\":{\"@id\":\"https:\\\/\\\/cottonedshop.com\\\/#website\"},\"datePublished\":\"2024-11-21T17:43:08+00:00\",\"dateModified\":\"2024-11-21T18:00:00+00:00\",\"breadcrumb\":{\"@id\":\"https:\\\/\\\/cottonedshop.com\\\/shop\\\/requested-changes-to-orders-13650-13651-express-shipping-express-make-time-custom-for-adelaide\\\/#breadcrumb\"},\"inLanguage\":\"es\",\"potentialAction\":[{\"@type\":\"ReadAction\",\"target\":[\"https:\\\/\\\/cottonedshop.com\\\/shop\\\/requested-changes-to-orders-13650-13651-express-shipping-express-make-time-custom-for-adelaide\\\/\"]}]},{\"@type\":\"BreadcrumbList\",\"@id\":\"https:\\\/\\\/cottonedshop.com\\\/shop\\\/requested-changes-to-orders-13650-13651-express-shipping-express-make-time-custom-for-adelaide\\\/#breadcrumb\",\"itemListElement\":[{\"@type\":\"ListItem\",\"position\":1,\"name\":\"Home\",\"item\":\"https:\\\/\\\/cottonedshop.com\\\/\"},{\"@type\":\"ListItem\",\"position\":2,\"name\":\"Shop\",\"item\":\"https:\\\/\\\/cottonedshop.com\\\/shop\\\/\"},{\"@type\":\"ListItem\",\"position\":3,\"name\":\"Requested Changes to orders #13650 &#038; #13651 \\\/ Express Shipping &#038; Express Make Time \\\/ Custom for Adelaide\"}]},{\"@type\":\"WebSite\",\"@id\":\"https:\\\/\\\/cottonedshop.com\\\/#website\",\"url\":\"https:\\\/\\\/cottonedshop.com\\\/\",\"name\":\"Cottoned Shop\",\"description\":\"\",\"publisher\":{\"@id\":\"https:\\\/\\\/cottonedshop.com\\\/#organization\"},\"potentialAction\":[{\"@type\":\"SearchAction\",\"target\":{\"@type\":\"EntryPoint\",\"urlTemplate\":\"https:\\\/\\\/cottonedshop.com\\\/?s={search_term_string}\"},\"query-input\":{\"@type\":\"PropertyValueSpecification\",\"valueRequired\":true,\"valueName\":\"search_term_string\"}}],\"inLanguage\":\"es\"},{\"@type\":\"Organization\",\"@id\":\"https:\\\/\\\/cottonedshop.com\\\/#organization\",\"name\":\"Cottoned\",\"url\":\"https:\\\/\\\/cottonedshop.com\\\/\",\"logo\":{\"@type\":\"ImageObject\",\"inLanguage\":\"es\",\"@id\":\"https:\\\/\\\/cottonedshop.com\\\/#\\\/schema\\\/logo\\\/image\\\/\",\"url\":\"https:\\\/\\\/cottonedshop.com\\\/wp-content\\\/uploads\\\/2021\\\/02\\\/cottoned-logo-large.png\",\"contentUrl\":\"https:\\\/\\\/cottonedshop.com\\\/wp-content\\\/uploads\\\/2021\\\/02\\\/cottoned-logo-large.png\",\"width\":1548,\"height\":1548,\"caption\":\"Cottoned\"},\"image\":{\"@id\":\"https:\\\/\\\/cottonedshop.com\\\/#\\\/schema\\\/logo\\\/image\\\/\"}}]}<\/script>\n<!-- \/ Yoast SEO plugin. -->","yoast_head_json":{"title":"Requested Changes to orders #13650 & #13651 \/ Express Shipping & Express Make Time \/ Custom for Adelaide | Cottoned Shop","robots":{"index":"index","follow":"follow","max-snippet":"max-snippet:-1","max-image-preview":"max-image-preview:large","max-video-preview":"max-video-preview:-1"},"canonical":"https:\/\/cottonedshop.com\/es\/tienda\/requested-changes-to-orders-13650-13651-express-shipping-express-make-time-custom-for-adelaide\/","og_locale":"es_ES","og_type":"article","og_title":"Requested Changes to orders #13650 & #13651 \/ Express Shipping & Express Make Time \/ Custom for Adelaide | Cottoned Shop","og_description":"(A) CRIB MATTRESS 24 x 48 x 4&#8221; (61 x 121.9 x 10 cm) FILLING: 5 kg (11 lbs) of Organic GOTS Certified Cotton Fibers FEATURES: Zippers on the two long sides to easily adjust the filling. Complimentary mending kit included for each cotton-filled item. EDGES: &#8211; non-piped FABRIC: \u25cf [&hellip;]","og_url":"https:\/\/cottonedshop.com\/es\/tienda\/requested-changes-to-orders-13650-13651-express-shipping-express-make-time-custom-for-adelaide\/","og_site_name":"Cottoned Shop","article_modified_time":"2024-11-21T18:00:00+00:00","twitter_card":"summary_large_image","twitter_misc":{"Tiempo de lectura":"1 minuto"},"schema":{"@context":"https:\/\/schema.org","@graph":[{"@type":"WebPage","@id":"https:\/\/cottonedshop.com\/shop\/requested-changes-to-orders-13650-13651-express-shipping-express-make-time-custom-for-adelaide\/","url":"https:\/\/cottonedshop.com\/shop\/requested-changes-to-orders-13650-13651-express-shipping-express-make-time-custom-for-adelaide\/","name":"Requested Changes to orders #13650 & #13651 \/ Express Shipping & Express Make Time \/ Custom for Adelaide | Cottoned Shop","isPartOf":{"@id":"https:\/\/cottonedshop.com\/#website"},"datePublished":"2024-11-21T17:43:08+00:00","dateModified":"2024-11-21T18:00:00+00:00","breadcrumb":{"@id":"https:\/\/cottonedshop.com\/shop\/requested-changes-to-orders-13650-13651-express-shipping-express-make-time-custom-for-adelaide\/#breadcrumb"},"inLanguage":"es","potentialAction":[{"@type":"ReadAction","target":["https:\/\/cottonedshop.com\/shop\/requested-changes-to-orders-13650-13651-express-shipping-express-make-time-custom-for-adelaide\/"]}]},{"@type":"BreadcrumbList","@id":"https:\/\/cottonedshop.com\/shop\/requested-changes-to-orders-13650-13651-express-shipping-express-make-time-custom-for-adelaide\/#breadcrumb","itemListElement":[{"@type":"ListItem","position":1,"name":"Home","item":"https:\/\/cottonedshop.com\/"},{"@type":"ListItem","position":2,"name":"Shop","item":"https:\/\/cottonedshop.com\/shop\/"},{"@type":"ListItem","position":3,"name":"Requested Changes to orders #13650 &#038; #13651 \/ Express Shipping &#038; Express Make Time \/ Custom for Adelaide"}]},{"@type":"WebSite","@id":"https:\/\/cottonedshop.com\/#website","url":"https:\/\/cottonedshop.com\/","name":"Tienda Cottoned","description":"","publisher":{"@id":"https:\/\/cottonedshop.com\/#organization"},"potentialAction":[{"@type":"SearchAction","target":{"@type":"EntryPoint","urlTemplate":"https:\/\/cottonedshop.com\/?s={search_term_string}"},"query-input":{"@type":"PropertyValueSpecification","valueRequired":true,"valueName":"search_term_string"}}],"inLanguage":"es"},{"@type":"Organization","@id":"https:\/\/cottonedshop.com\/#organization","name":"Algod\u00f3n","url":"https:\/\/cottonedshop.com\/","logo":{"@type":"ImageObject","inLanguage":"es","@id":"https:\/\/cottonedshop.com\/#\/schema\/logo\/image\/","url":"https:\/\/cottonedshop.com\/wp-content\/uploads\/2021\/02\/cottoned-logo-large.png","contentUrl":"https:\/\/cottonedshop.com\/wp-content\/uploads\/2021\/02\/cottoned-logo-large.png","width":1548,"height":1548,"caption":"Cottoned"},"image":{"@id":"https:\/\/cottonedshop.com\/#\/schema\/logo\/image\/"}}]}},"_links":{"self":[{"href":"https:\/\/cottonedshop.com\/es\/wp-json\/wp\/v2\/product\/13677","targetHints":{"allow":["GET"]}}],"collection":[{"href":"https:\/\/cottonedshop.com\/es\/wp-json\/wp\/v2\/product"}],"about":[{"href":"https:\/\/cottonedshop.com\/es\/wp-json\/wp\/v2\/types\/product"}],"replies":[{"embeddable":true,"href":"https:\/\/cottonedshop.com\/es\/wp-json\/wp\/v2\/comments?post=13677"}],"wp:attachment":[{"href":"https:\/\/cottonedshop.com\/es\/wp-json\/wp\/v2\/media?parent=13677"}],"wp:term":[{"taxonomy":"product_brand","embeddable":true,"href":"https:\/\/cottonedshop.com\/es\/wp-json\/wp\/v2\/product_brand?post=13677"},{"taxonomy":"product_cat","embeddable":true,"href":"https:\/\/cottonedshop.com\/es\/wp-json\/wp\/v2\/product_cat?post=13677"},{"taxonomy":"product_tag","embeddable":true,"href":"https:\/\/cottonedshop.com\/es\/wp-json\/wp\/v2\/product_tag?post=13677"}],"curies":[{"name":"wp","href":"https:\/\/api.w.org\/{rel}","templated":true}]}}