{"id":13046,"date":"2023-11-24T16:46:19","date_gmt":"2023-11-24T14:46:19","guid":{"rendered":"https:\/\/cottonedshop.com\/?post_type=product&#038;p=13046"},"modified":"2024-06-27T21:19:01","modified_gmt":"2024-06-27T18:19:01","slug":"venta-de-almohadas-de-terciopelo-3","status":"publish","type":"product","link":"https:\/\/cottonedshop.com\/es\/shop\/velvet-pillow-sale\/","title":{"rendered":"Almohada 20 x 27.5\u2033 | OFERTA"},"content":{"rendered":"<p style=\"text-align: left;\"><strong>RELLENO<\/strong>: <a href=\"https:\/\/cottonedshop.com\/shop\/cotton-filling\/\">100% Algod\u00f3n certificado GOTS<\/a><\/p>\n<p style=\"text-align: left;\"><strong>INSERT COVER FABRIC<\/strong>: 100% Cotton, lightweight<\/p>\n<p>&nbsp;<\/p>\n<p style=\"text-align: left;\"><strong>INSTRUCCIONES DE CUIDADO<\/strong><br \/>\nRemovable cover is machine washable at a gentle cycle with a mild detergent. Close zipper for washing.<\/p>\n<p>&nbsp;<\/p>\n<p style=\"text-align: left;\"><strong>IMPORTANTE<\/strong><br \/>\n* Este anuncio es s\u00f3lo para una almohada.<br \/>\n* Los art\u00edculos rellenos de algod\u00f3n est\u00e1n sujetos a cierto grado de compresi\u00f3n.<br \/>\n* Art\u00edculo hecho a mano, es posible una peque\u00f1a desviaci\u00f3n en las dimensiones.<\/p>","protected":false},"excerpt":{"rendered":"<ul>\n<li style=\"text-align: left;\"><strong>Alternativa natural<\/strong> a cojines de espuma.<\/li>\n<li style=\"text-align: left;\"><strong>L\u00edmite<\/strong> exposici\u00f3n a <strong>COV peligrosos<\/strong> en tu casa.<\/li>\n<li style=\"text-align: left;\">100% <strong>algod\u00f3n org\u00e1nico<\/strong> relleno interior.<\/li>\n<li style=\"text-align: left;\">Cortes\u00eda <strong>m<\/strong><strong>kit final<\/strong> incluido.<\/li>\n<li style=\"text-align: left;\">Todos <strong>impuestos<\/strong> y <strong>deberes<\/strong> son <strong>incluido<\/strong>.<\/li>\n<li style=\"text-align: left;\"><strong>Entrega gratuita<\/strong> hasta su puerta.<\/li>\n<\/ul>\n<p style=\"text-align: left;\"><strong>TAMA\u00d1O: <\/strong>20 x 27,5\u2033 (50 x 70 cm)<\/p>\n<p style=\"text-align: left;\"><strong>FUNDA DE ALMOHADA CON CREMALLERA:<\/strong>\u00a0 Terciopelo 2349<\/p>","protected":false},"featured_media":13047,"comment_status":"open","ping_status":"closed","template":"","meta":[],"product_brand":[],"product_cat":[344,401],"product_tag":[256,257,258,111,259,260,261,262],"class_list":{"0":"post-13046","1":"product","2":"type-product","3":"status-publish","4":"has-post-thumbnail","6":"product_cat-sale","7":"product_cat-throw-pillows","8":"product_tag-20x20-pillow-insert","9":"product_tag-couch-pillows","10":"product_tag-cushion-inserts","11":"product_tag-decorative-pillows","12":"product_tag-euro-pillow-insert","13":"product_tag-pillow-filling","14":"product_tag-square-pillow-form","15":"product_tag-throw-pillow-inserts","17":"first","18":"instock","19":"sale","20":"shipping-taxable","21":"purchasable","22":"product-type-simple"},"yoast_head":"<!-- This site is optimized with the Yoast SEO plugin v27.3 - https:\/\/yoast.com\/product\/yoast-seo-wordpress\/ -->\n<title>Throw Pillow 20 x 27.5&quot; | SALE | Cottoned Shop<\/title>\n<meta name=\"description\" content=\"Handmade throw pillow filled with organic cotton. Match your style with more than 50 colors. Custom sizes and shapes are available on request.\" \/>\n<meta name=\"robots\" content=\"index, follow, max-snippet:-1, max-image-preview:large, max-video-preview:-1\" \/>\n<link rel=\"canonical\" href=\"https:\/\/cottonedshop.com\/es\/tienda\/venta-de-almohadas-de-terciopelo-3\/\" \/>\n<meta property=\"og:locale\" content=\"es_ES\" \/>\n<meta property=\"og:type\" content=\"article\" \/>\n<meta property=\"og:title\" content=\"Throw Pillow 20 x 27.5&quot; | SALE | Cottoned Shop\" \/>\n<meta property=\"og:description\" content=\"Handmade throw pillow filled with organic cotton. Match your style with more than 50 colors. Custom sizes and shapes are available on request.\" \/>\n<meta property=\"og:url\" content=\"https:\/\/cottonedshop.com\/es\/tienda\/venta-de-almohadas-de-terciopelo-3\/\" \/>\n<meta property=\"og:site_name\" content=\"Cottoned Shop\" \/>\n<meta property=\"article:modified_time\" content=\"2024-06-27T18:19:01+00:00\" \/>\n<meta property=\"og:image\" content=\"https:\/\/cottonedshop.com\/wp-content\/uploads\/2023\/11\/velvet-throw-pilows-sale.jpg\" \/>\n\t<meta property=\"og:image:width\" content=\"1200\" \/>\n\t<meta property=\"og:image:height\" content=\"960\" \/>\n\t<meta property=\"og:image:type\" content=\"image\/jpeg\" \/>\n<meta name=\"twitter:card\" content=\"summary_large_image\" \/>\n<meta name=\"twitter:label1\" content=\"Tiempo de lectura\" \/>\n\t<meta name=\"twitter:data1\" content=\"1 minuto\" \/>\n<script type=\"application\/ld+json\" class=\"yoast-schema-graph\">{\"@context\":\"https:\\\/\\\/schema.org\",\"@graph\":[{\"@type\":\"WebPage\",\"@id\":\"https:\\\/\\\/cottonedshop.com\\\/shop\\\/velvet-pillow-sale\\\/\",\"url\":\"https:\\\/\\\/cottonedshop.com\\\/shop\\\/velvet-pillow-sale\\\/\",\"name\":\"Throw Pillow 20 x 27.5\\\" | SALE | Cottoned Shop\",\"isPartOf\":{\"@id\":\"https:\\\/\\\/cottonedshop.com\\\/#website\"},\"primaryImageOfPage\":{\"@id\":\"https:\\\/\\\/cottonedshop.com\\\/shop\\\/velvet-pillow-sale\\\/#primaryimage\"},\"image\":{\"@id\":\"https:\\\/\\\/cottonedshop.com\\\/shop\\\/velvet-pillow-sale\\\/#primaryimage\"},\"thumbnailUrl\":\"https:\\\/\\\/cottonedshop.com\\\/wp-content\\\/uploads\\\/2023\\\/11\\\/velvet-throw-pilows-sale.jpg\",\"datePublished\":\"2023-11-24T14:46:19+00:00\",\"dateModified\":\"2024-06-27T18:19:01+00:00\",\"description\":\"Handmade throw pillow filled with organic cotton. Match your style with more than 50 colors. Custom sizes and shapes are available on request.\",\"breadcrumb\":{\"@id\":\"https:\\\/\\\/cottonedshop.com\\\/shop\\\/velvet-pillow-sale\\\/#breadcrumb\"},\"inLanguage\":\"es\",\"potentialAction\":[{\"@type\":\"ReadAction\",\"target\":[\"https:\\\/\\\/cottonedshop.com\\\/shop\\\/velvet-pillow-sale\\\/\"]}]},{\"@type\":\"ImageObject\",\"inLanguage\":\"es\",\"@id\":\"https:\\\/\\\/cottonedshop.com\\\/shop\\\/velvet-pillow-sale\\\/#primaryimage\",\"url\":\"https:\\\/\\\/cottonedshop.com\\\/wp-content\\\/uploads\\\/2023\\\/11\\\/velvet-throw-pilows-sale.jpg\",\"contentUrl\":\"https:\\\/\\\/cottonedshop.com\\\/wp-content\\\/uploads\\\/2023\\\/11\\\/velvet-throw-pilows-sale.jpg\",\"width\":1200,\"height\":960},{\"@type\":\"BreadcrumbList\",\"@id\":\"https:\\\/\\\/cottonedshop.com\\\/shop\\\/velvet-pillow-sale\\\/#breadcrumb\",\"itemListElement\":[{\"@type\":\"ListItem\",\"position\":1,\"name\":\"Home\",\"item\":\"https:\\\/\\\/cottonedshop.com\\\/\"},{\"@type\":\"ListItem\",\"position\":2,\"name\":\"Shop\",\"item\":\"https:\\\/\\\/cottonedshop.com\\\/shop\\\/\"},{\"@type\":\"ListItem\",\"position\":3,\"name\":\"Throw Pillow 20 x 27.5&#8243; | SALE\"}]},{\"@type\":\"WebSite\",\"@id\":\"https:\\\/\\\/cottonedshop.com\\\/#website\",\"url\":\"https:\\\/\\\/cottonedshop.com\\\/\",\"name\":\"Cottoned Shop\",\"description\":\"\",\"publisher\":{\"@id\":\"https:\\\/\\\/cottonedshop.com\\\/#organization\"},\"potentialAction\":[{\"@type\":\"SearchAction\",\"target\":{\"@type\":\"EntryPoint\",\"urlTemplate\":\"https:\\\/\\\/cottonedshop.com\\\/?s={search_term_string}\"},\"query-input\":{\"@type\":\"PropertyValueSpecification\",\"valueRequired\":true,\"valueName\":\"search_term_string\"}}],\"inLanguage\":\"es\"},{\"@type\":\"Organization\",\"@id\":\"https:\\\/\\\/cottonedshop.com\\\/#organization\",\"name\":\"Cottoned\",\"url\":\"https:\\\/\\\/cottonedshop.com\\\/\",\"logo\":{\"@type\":\"ImageObject\",\"inLanguage\":\"es\",\"@id\":\"https:\\\/\\\/cottonedshop.com\\\/#\\\/schema\\\/logo\\\/image\\\/\",\"url\":\"https:\\\/\\\/cottonedshop.com\\\/wp-content\\\/uploads\\\/2021\\\/02\\\/cottoned-logo-large.png\",\"contentUrl\":\"https:\\\/\\\/cottonedshop.com\\\/wp-content\\\/uploads\\\/2021\\\/02\\\/cottoned-logo-large.png\",\"width\":1548,\"height\":1548,\"caption\":\"Cottoned\"},\"image\":{\"@id\":\"https:\\\/\\\/cottonedshop.com\\\/#\\\/schema\\\/logo\\\/image\\\/\"}}]}<\/script>\n<!-- \/ Yoast SEO plugin. -->","yoast_head_json":{"title":"Throw Pillow 20 x 27.5\" | SALE | Cottoned Shop","description":"Handmade throw pillow filled with organic cotton. Match your style with more than 50 colors. Custom sizes and shapes are available on request.","robots":{"index":"index","follow":"follow","max-snippet":"max-snippet:-1","max-image-preview":"max-image-preview:large","max-video-preview":"max-video-preview:-1"},"canonical":"https:\/\/cottonedshop.com\/es\/tienda\/venta-de-almohadas-de-terciopelo-3\/","og_locale":"es_ES","og_type":"article","og_title":"Throw Pillow 20 x 27.5\" | SALE | Cottoned Shop","og_description":"Handmade throw pillow filled with organic cotton. Match your style with more than 50 colors. Custom sizes and shapes are available on request.","og_url":"https:\/\/cottonedshop.com\/es\/tienda\/venta-de-almohadas-de-terciopelo-3\/","og_site_name":"Cottoned Shop","article_modified_time":"2024-06-27T18:19:01+00:00","og_image":[{"width":1200,"height":960,"url":"https:\/\/cottonedshop.com\/wp-content\/uploads\/2023\/11\/velvet-throw-pilows-sale.jpg","type":"image\/jpeg"}],"twitter_card":"summary_large_image","twitter_misc":{"Tiempo de lectura":"1 minuto"},"schema":{"@context":"https:\/\/schema.org","@graph":[{"@type":"WebPage","@id":"https:\/\/cottonedshop.com\/shop\/velvet-pillow-sale\/","url":"https:\/\/cottonedshop.com\/shop\/velvet-pillow-sale\/","name":"Throw Pillow 20 x 27.5\" | SALE | Cottoned Shop","isPartOf":{"@id":"https:\/\/cottonedshop.com\/#website"},"primaryImageOfPage":{"@id":"https:\/\/cottonedshop.com\/shop\/velvet-pillow-sale\/#primaryimage"},"image":{"@id":"https:\/\/cottonedshop.com\/shop\/velvet-pillow-sale\/#primaryimage"},"thumbnailUrl":"https:\/\/cottonedshop.com\/wp-content\/uploads\/2023\/11\/velvet-throw-pilows-sale.jpg","datePublished":"2023-11-24T14:46:19+00:00","dateModified":"2024-06-27T18:19:01+00:00","description":"Handmade throw pillow filled with organic cotton. Match your style with more than 50 colors. Custom sizes and shapes are available on request.","breadcrumb":{"@id":"https:\/\/cottonedshop.com\/shop\/velvet-pillow-sale\/#breadcrumb"},"inLanguage":"es","potentialAction":[{"@type":"ReadAction","target":["https:\/\/cottonedshop.com\/shop\/velvet-pillow-sale\/"]}]},{"@type":"ImageObject","inLanguage":"es","@id":"https:\/\/cottonedshop.com\/shop\/velvet-pillow-sale\/#primaryimage","url":"https:\/\/cottonedshop.com\/wp-content\/uploads\/2023\/11\/velvet-throw-pilows-sale.jpg","contentUrl":"https:\/\/cottonedshop.com\/wp-content\/uploads\/2023\/11\/velvet-throw-pilows-sale.jpg","width":1200,"height":960},{"@type":"BreadcrumbList","@id":"https:\/\/cottonedshop.com\/shop\/velvet-pillow-sale\/#breadcrumb","itemListElement":[{"@type":"ListItem","position":1,"name":"Home","item":"https:\/\/cottonedshop.com\/"},{"@type":"ListItem","position":2,"name":"Shop","item":"https:\/\/cottonedshop.com\/shop\/"},{"@type":"ListItem","position":3,"name":"Throw Pillow 20 x 27.5&#8243; | SALE"}]},{"@type":"WebSite","@id":"https:\/\/cottonedshop.com\/#website","url":"https:\/\/cottonedshop.com\/","name":"Tienda Cottoned","description":"","publisher":{"@id":"https:\/\/cottonedshop.com\/#organization"},"potentialAction":[{"@type":"SearchAction","target":{"@type":"EntryPoint","urlTemplate":"https:\/\/cottonedshop.com\/?s={search_term_string}"},"query-input":{"@type":"PropertyValueSpecification","valueRequired":true,"valueName":"search_term_string"}}],"inLanguage":"es"},{"@type":"Organization","@id":"https:\/\/cottonedshop.com\/#organization","name":"Algod\u00f3n","url":"https:\/\/cottonedshop.com\/","logo":{"@type":"ImageObject","inLanguage":"es","@id":"https:\/\/cottonedshop.com\/#\/schema\/logo\/image\/","url":"https:\/\/cottonedshop.com\/wp-content\/uploads\/2021\/02\/cottoned-logo-large.png","contentUrl":"https:\/\/cottonedshop.com\/wp-content\/uploads\/2021\/02\/cottoned-logo-large.png","width":1548,"height":1548,"caption":"Cottoned"},"image":{"@id":"https:\/\/cottonedshop.com\/#\/schema\/logo\/image\/"}}]}},"_links":{"self":[{"href":"https:\/\/cottonedshop.com\/es\/wp-json\/wp\/v2\/product\/13046","targetHints":{"allow":["GET"]}}],"collection":[{"href":"https:\/\/cottonedshop.com\/es\/wp-json\/wp\/v2\/product"}],"about":[{"href":"https:\/\/cottonedshop.com\/es\/wp-json\/wp\/v2\/types\/product"}],"replies":[{"embeddable":true,"href":"https:\/\/cottonedshop.com\/es\/wp-json\/wp\/v2\/comments?post=13046"}],"wp:featuredmedia":[{"embeddable":true,"href":"https:\/\/cottonedshop.com\/es\/wp-json\/wp\/v2\/media\/13047"}],"wp:attachment":[{"href":"https:\/\/cottonedshop.com\/es\/wp-json\/wp\/v2\/media?parent=13046"}],"wp:term":[{"taxonomy":"product_brand","embeddable":true,"href":"https:\/\/cottonedshop.com\/es\/wp-json\/wp\/v2\/product_brand?post=13046"},{"taxonomy":"product_cat","embeddable":true,"href":"https:\/\/cottonedshop.com\/es\/wp-json\/wp\/v2\/product_cat?post=13046"},{"taxonomy":"product_tag","embeddable":true,"href":"https:\/\/cottonedshop.com\/es\/wp-json\/wp\/v2\/product_tag?post=13046"}],"curies":[{"name":"wp","href":"https:\/\/api.w.org\/{rel}","templated":true}]}}